{"id":10272,"date":"2015-01-13T11:11:51","date_gmt":"2015-01-13T16:11:51","guid":{"rendered":"http:\/\/publication-evangelique.com\/?page_id=10272"},"modified":"2017-08-08T13:32:50","modified_gmt":"2017-08-08T18:32:50","slug":"les-sept-lois-spirituelles","status":"publish","type":"page","link":"https:\/\/publication-evangelique.com\/?page_id=10272","title":{"rendered":"Les sept lois spirituelles"},"content":{"rendered":"<p>Les sept lois spirituelles sont sept v\u00e9rit\u00e9s fondamentales qui sont la base de notre chemin pour entrer dans le paradis.<\/p>\n<p>L&rsquo;approfondissement de la connaissance de la parole de Dieu, nous am\u00e8nent \u00e0 comprendre les sept base biblique pour une conversion et une marche en J\u00e9sus-Christ authentique.<\/p>\n<h3>Les 7 lois spirituelles<\/h3>\n<p>Vous pouvez aussi les \u00e9couter en MP3.<\/p>\n<p><a href= \" https:\/\/publication-evangelique.com\/?p=10276 \" >1\u00e8re v\u00e9rit\u00e9 \u2013 Dieu vous aime et il a un plan merveilleux pour votre vie.<\/a> <\/p>\n<p><a href= \" https:\/\/publication-evangelique.com\/?p=10304 \" >2e v\u00e9rit\u00e9 \u2013 L\u2019homme est p\u00e9cheur et s\u00e9par\u00e9 de Dieu<\/a> <\/p>\n<p><a href= \" https:\/\/publication-evangelique.com\/?p=10328 \" >3e v\u00e9rit\u00e9 \u2013 J\u00e9sus-Christ est la seule solution de Dieu pour le p\u00e9ch\u00e9 de l\u2019homme.<\/a> <\/p>\n<p><a href= \" https:\/\/publication-evangelique.com\/?p=10367 \" >4e v\u00e9rit\u00e9 \u2013 Nous devons recevoir individuellement J\u00e9sus-Christ<\/a> <\/p>\n<p><a href= \" https:\/\/publication-evangelique.com\/?p=10381 \" >5e v\u00e9rit\u00e9 \u2013 La marche par la foi en la parole de Dieu \u2013 1e partie<\/a> <\/p>\n<p><a href= \" https:\/\/publication-evangelique.com\/?p=10392 \" >5e v\u00e9rit\u00e9 \u2013 La marche par la foi en la parole de Dieu \u2013 2e partie<\/a> <\/p>\n<p><a href= \" https:\/\/publication-evangelique.com\/?p=10407 \" >6e v\u00e9rit\u00e9 \u2013 La marche par l\u2019Esprit, pour la croissance spirituelle \u2013 1er partie<\/a> <\/p>\n<p><a href= \" https:\/\/publication-evangelique.com\/?p=10421 \" >6e v\u00e9rit\u00e9 \u2013 La marche par l\u2019Esprit, pour la croissance spirituelle \u2013 2e partie<\/a> <\/p>\n<p><a href= \" https:\/\/publication-evangelique.com\/?p=10438 \" >7e v\u00e9rit\u00e9 \u2013 La pers\u00e9v\u00e9rance dans la foi jusqu\u2019\u00e0 la fin<\/a> <\/p>\n<p>&#8212;&#8212;&#8212;&#8212;&#8212;&#8212;&#8212;&#8212;&#8212;<\/p>\n<p>Produit par: Daniel Poulin<br \/>\n\u00c9dit\u00e9 par: <a title= \" https:\/\/publication-evangelique.com \" href= \" https:\/\/publication-evangelique.com \" target= \" _blank \" >https:\/\/publication-evangelique.com<\/a><\/p>\n<p><strong>Adresse de cette page :<\/strong> <a href= \" https:\/\/publication-evangelique.com\/?page_id=10272 \" > https:\/\/publication-evangelique.com\/?page_id=10272<\/a><\/p>\n","protected":false},"excerpt":{"rendered":"<p>Les sept lois spirituelles sont sept v\u00e9rit\u00e9s fondamentales qui sont la base de notre chemin pour entrer dans le paradis. L&rsquo;approfondissement de la connaissance de la parole de Dieu, nous am\u00e8nent \u00e0 comprendre les sept base biblique pour une conversion <span class=\"excerpt-dots\">&hellip;<\/span> <a class=\"more-link\" href=\"https:\/\/publication-evangelique.com\/?page_id=10272\"><span class=\"more-msg\">Lire la suite &rarr;<\/span><\/a><\/p>\n","protected":false},"author":1,"featured_media":13137,"parent":0,"menu_order":0,"comment_status":"open","ping_status":"open","template":"","meta":{"footnotes":""},"class_list":["post-10272","page","type-page","status-publish","has-post-thumbnail","hentry"],"yoast_head":"<!-- This site is optimized with the Yoast SEO plugin v27.5 - https:\/\/yoast.com\/product\/yoast-seo-wordpress\/ -->\n<title>Les sept lois spirituelles - Publication \u00c9vang\u00e9lique<\/title>\n<meta name=\"description\" content=\"Les sept lois spirituelles sont sept v\u00e9rit\u00e9s fondamentales qui sont la base de notre chemin pour entrer dans le paradis.\" \/>\n<meta name=\"robots\" content=\"index, follow, max-snippet:-1, max-image-preview:large, max-video-preview:-1\" \/>\n<link rel=\"canonical\" href=\"https:\/\/publication-evangelique.com\/?page_id=10272\" \/>\n<meta property=\"og:locale\" content=\"fr_FR\" \/>\n<meta property=\"og:type\" content=\"article\" \/>\n<meta property=\"og:title\" content=\"Les sept lois spirituelles - Publication \u00c9vang\u00e9lique\" \/>\n<meta property=\"og:description\" content=\"Les sept lois spirituelles sont sept v\u00e9rit\u00e9s fondamentales qui sont la base de notre chemin pour entrer dans le paradis.\" \/>\n<meta property=\"og:url\" content=\"https:\/\/publication-evangelique.com\/?page_id=10272\" \/>\n<meta property=\"og:site_name\" content=\"Publication \u00c9vang\u00e9lique\" \/>\n<meta property=\"article:publisher\" content=\"https:\/\/www.facebook.com\/danielpoulin75\" \/>\n<meta property=\"article:modified_time\" content=\"2017-08-08T18:32:50+00:00\" \/>\n<meta property=\"og:image\" content=\"https:\/\/publication-evangelique.com\/wp-content\/uploads\/1341.jpg\" \/>\n\t<meta property=\"og:image:width\" content=\"1280\" \/>\n\t<meta property=\"og:image:height\" content=\"1024\" \/>\n\t<meta property=\"og:image:type\" content=\"image\/jpeg\" \/>\n<meta name=\"twitter:label1\" content=\"Dur\u00e9e de lecture estim\u00e9e\" \/>\n\t<meta name=\"twitter:data1\" content=\"1 minute\" \/>\n<script type=\"application\/ld+json\" class=\"yoast-schema-graph\">{\"@context\":\"https:\\\/\\\/schema.org\",\"@graph\":[{\"@type\":\"WebPage\",\"@id\":\"https:\\\/\\\/publication-evangelique.com\\\/?page_id=10272\",\"url\":\"https:\\\/\\\/publication-evangelique.com\\\/?page_id=10272\",\"name\":\"Les sept lois spirituelles - Publication \u00c9vang\u00e9lique\",\"isPartOf\":{\"@id\":\"https:\\\/\\\/publication-evangelique.com\\\/#website\"},\"primaryImageOfPage\":{\"@id\":\"https:\\\/\\\/publication-evangelique.com\\\/?page_id=10272#primaryimage\"},\"image\":{\"@id\":\"https:\\\/\\\/publication-evangelique.com\\\/?page_id=10272#primaryimage\"},\"thumbnailUrl\":\"https:\\\/\\\/publication-evangelique.com\\\/wp-content\\\/uploads\\\/1341.jpg\",\"datePublished\":\"2015-01-13T16:11:51+00:00\",\"dateModified\":\"2017-08-08T18:32:50+00:00\",\"description\":\"Les sept lois spirituelles sont sept v\u00e9rit\u00e9s fondamentales qui sont la base de notre chemin pour entrer dans le paradis.\",\"breadcrumb\":{\"@id\":\"https:\\\/\\\/publication-evangelique.com\\\/?page_id=10272#breadcrumb\"},\"inLanguage\":\"fr-FR\",\"potentialAction\":[{\"@type\":\"ReadAction\",\"target\":[\"https:\\\/\\\/publication-evangelique.com\\\/?page_id=10272\"]}]},{\"@type\":\"ImageObject\",\"inLanguage\":\"fr-FR\",\"@id\":\"https:\\\/\\\/publication-evangelique.com\\\/?page_id=10272#primaryimage\",\"url\":\"https:\\\/\\\/publication-evangelique.com\\\/wp-content\\\/uploads\\\/1341.jpg\",\"contentUrl\":\"https:\\\/\\\/publication-evangelique.com\\\/wp-content\\\/uploads\\\/1341.jpg\",\"width\":1280,\"height\":1024},{\"@type\":\"BreadcrumbList\",\"@id\":\"https:\\\/\\\/publication-evangelique.com\\\/?page_id=10272#breadcrumb\",\"itemListElement\":[{\"@type\":\"ListItem\",\"position\":1,\"name\":\"Accueil\",\"item\":\"https:\\\/\\\/publication-evangelique.com\\\/\"},{\"@type\":\"ListItem\",\"position\":2,\"name\":\"Les sept lois spirituelles\"}]},{\"@type\":\"WebSite\",\"@id\":\"https:\\\/\\\/publication-evangelique.com\\\/#website\",\"url\":\"https:\\\/\\\/publication-evangelique.com\\\/\",\"name\":\"Daniel Poulin - publication-evangelique.com\",\"description\":\"Daniel Poulin\",\"publisher\":{\"@id\":\"https:\\\/\\\/publication-evangelique.com\\\/#\\\/schema\\\/person\\\/a7aa86223ca614c8c1a737d18c95460c\"},\"potentialAction\":[{\"@type\":\"SearchAction\",\"target\":{\"@type\":\"EntryPoint\",\"urlTemplate\":\"https:\\\/\\\/publication-evangelique.com\\\/?s={search_term_string}\"},\"query-input\":{\"@type\":\"PropertyValueSpecification\",\"valueRequired\":true,\"valueName\":\"search_term_string\"}}],\"inLanguage\":\"fr-FR\"},{\"@type\":[\"Person\",\"Organization\"],\"@id\":\"https:\\\/\\\/publication-evangelique.com\\\/#\\\/schema\\\/person\\\/a7aa86223ca614c8c1a737d18c95460c\",\"name\":\"Daniel Poulin\",\"image\":{\"@type\":\"ImageObject\",\"inLanguage\":\"fr-FR\",\"@id\":\"https:\\\/\\\/publication-evangelique.com\\\/wp-content\\\/uploads\\\/daniel5-1.jpg\",\"url\":\"https:\\\/\\\/publication-evangelique.com\\\/wp-content\\\/uploads\\\/daniel5-1.jpg\",\"contentUrl\":\"https:\\\/\\\/publication-evangelique.com\\\/wp-content\\\/uploads\\\/daniel5-1.jpg\",\"width\":833,\"height\":969,\"caption\":\"Daniel Poulin\"},\"logo\":{\"@id\":\"https:\\\/\\\/publication-evangelique.com\\\/wp-content\\\/uploads\\\/daniel5-1.jpg\"},\"description\":\"Bonjour, ici Daniel Poulin! Je suis un chr\u00e9tien n\u00e9 de nouveau depuis 1980, ayant parcouru un cheminement avec le Seigneur J\u00e9sus-Christ, j'ai construit ce site afin de partager mes connaissances de la parole de Dieu \\\" La Bible \\\" Je travaille aussi au d\u00e9veloppement de la station de radio chr\u00e9tienne fran\u00e7aise \u00e0 Montr\u00e9al, \\\" La Radio Gospel \\\" que vous pouvez voir ici http:\\\/\\\/laradiogospel.ca Je fr\u00e9quente aussi une \u00e9glise, dont je pr\u00eache et j\u2019enseigne la parole de Dieu. La communaut\u00e9 \u00c9vang\u00e9lique de l'Agneau \\\" , voici l'adresse, http:\\\/\\\/communauteevangelique.ca\\\/\",\"sameAs\":[\"https:\\\/\\\/publication-evangelique.com\",\"https:\\\/\\\/www.facebook.com\\\/danielpoulin75\",\"https:\\\/\\\/www.linkedin.com\\\/in\\\/daniel-poulin-64614745\\\/\",\"https:\\\/\\\/x.com\\\/https:\\\/\\\/twitter.com\\\/Daniel_Poulin\",\"https:\\\/\\\/www.youtube.com\\\/user\\\/danielpoulin75\\\/videos\"]}]}<\/script>\n<!-- \/ Yoast SEO plugin. -->","yoast_head_json":{"title":"Les sept lois spirituelles - Publication \u00c9vang\u00e9lique","description":"Les sept lois spirituelles sont sept v\u00e9rit\u00e9s fondamentales qui sont la base de notre chemin pour entrer dans le paradis.","robots":{"index":"index","follow":"follow","max-snippet":"max-snippet:-1","max-image-preview":"max-image-preview:large","max-video-preview":"max-video-preview:-1"},"canonical":"https:\/\/publication-evangelique.com\/?page_id=10272","og_locale":"fr_FR","og_type":"article","og_title":"Les sept lois spirituelles - Publication \u00c9vang\u00e9lique","og_description":"Les sept lois spirituelles sont sept v\u00e9rit\u00e9s fondamentales qui sont la base de notre chemin pour entrer dans le paradis.","og_url":"https:\/\/publication-evangelique.com\/?page_id=10272","og_site_name":"Publication \u00c9vang\u00e9lique","article_publisher":"https:\/\/www.facebook.com\/danielpoulin75","article_modified_time":"2017-08-08T18:32:50+00:00","og_image":[{"width":1280,"height":1024,"url":"https:\/\/publication-evangelique.com\/wp-content\/uploads\/1341.jpg","type":"image\/jpeg"}],"twitter_misc":{"Dur\u00e9e de lecture estim\u00e9e":"1 minute"},"schema":{"@context":"https:\/\/schema.org","@graph":[{"@type":"WebPage","@id":"https:\/\/publication-evangelique.com\/?page_id=10272","url":"https:\/\/publication-evangelique.com\/?page_id=10272","name":"Les sept lois spirituelles - Publication \u00c9vang\u00e9lique","isPartOf":{"@id":"https:\/\/publication-evangelique.com\/#website"},"primaryImageOfPage":{"@id":"https:\/\/publication-evangelique.com\/?page_id=10272#primaryimage"},"image":{"@id":"https:\/\/publication-evangelique.com\/?page_id=10272#primaryimage"},"thumbnailUrl":"https:\/\/publication-evangelique.com\/wp-content\/uploads\/1341.jpg","datePublished":"2015-01-13T16:11:51+00:00","dateModified":"2017-08-08T18:32:50+00:00","description":"Les sept lois spirituelles sont sept v\u00e9rit\u00e9s fondamentales qui sont la base de notre chemin pour entrer dans le paradis.","breadcrumb":{"@id":"https:\/\/publication-evangelique.com\/?page_id=10272#breadcrumb"},"inLanguage":"fr-FR","potentialAction":[{"@type":"ReadAction","target":["https:\/\/publication-evangelique.com\/?page_id=10272"]}]},{"@type":"ImageObject","inLanguage":"fr-FR","@id":"https:\/\/publication-evangelique.com\/?page_id=10272#primaryimage","url":"https:\/\/publication-evangelique.com\/wp-content\/uploads\/1341.jpg","contentUrl":"https:\/\/publication-evangelique.com\/wp-content\/uploads\/1341.jpg","width":1280,"height":1024},{"@type":"BreadcrumbList","@id":"https:\/\/publication-evangelique.com\/?page_id=10272#breadcrumb","itemListElement":[{"@type":"ListItem","position":1,"name":"Accueil","item":"https:\/\/publication-evangelique.com\/"},{"@type":"ListItem","position":2,"name":"Les sept lois spirituelles"}]},{"@type":"WebSite","@id":"https:\/\/publication-evangelique.com\/#website","url":"https:\/\/publication-evangelique.com\/","name":"Daniel Poulin - publication-evangelique.com","description":"Daniel Poulin","publisher":{"@id":"https:\/\/publication-evangelique.com\/#\/schema\/person\/a7aa86223ca614c8c1a737d18c95460c"},"potentialAction":[{"@type":"SearchAction","target":{"@type":"EntryPoint","urlTemplate":"https:\/\/publication-evangelique.com\/?s={search_term_string}"},"query-input":{"@type":"PropertyValueSpecification","valueRequired":true,"valueName":"search_term_string"}}],"inLanguage":"fr-FR"},{"@type":["Person","Organization"],"@id":"https:\/\/publication-evangelique.com\/#\/schema\/person\/a7aa86223ca614c8c1a737d18c95460c","name":"Daniel Poulin","image":{"@type":"ImageObject","inLanguage":"fr-FR","@id":"https:\/\/publication-evangelique.com\/wp-content\/uploads\/daniel5-1.jpg","url":"https:\/\/publication-evangelique.com\/wp-content\/uploads\/daniel5-1.jpg","contentUrl":"https:\/\/publication-evangelique.com\/wp-content\/uploads\/daniel5-1.jpg","width":833,"height":969,"caption":"Daniel Poulin"},"logo":{"@id":"https:\/\/publication-evangelique.com\/wp-content\/uploads\/daniel5-1.jpg"},"description":"Bonjour, ici Daniel Poulin! Je suis un chr\u00e9tien n\u00e9 de nouveau depuis 1980, ayant parcouru un cheminement avec le Seigneur J\u00e9sus-Christ, j'ai construit ce site afin de partager mes connaissances de la parole de Dieu \" La Bible \" Je travaille aussi au d\u00e9veloppement de la station de radio chr\u00e9tienne fran\u00e7aise \u00e0 Montr\u00e9al, \" La Radio Gospel \" que vous pouvez voir ici http:\/\/laradiogospel.ca Je fr\u00e9quente aussi une \u00e9glise, dont je pr\u00eache et j\u2019enseigne la parole de Dieu. La communaut\u00e9 \u00c9vang\u00e9lique de l'Agneau \" , voici l'adresse, http:\/\/communauteevangelique.ca\/","sameAs":["https:\/\/publication-evangelique.com","https:\/\/www.facebook.com\/danielpoulin75","https:\/\/www.linkedin.com\/in\/daniel-poulin-64614745\/","https:\/\/x.com\/https:\/\/twitter.com\/Daniel_Poulin","https:\/\/www.youtube.com\/user\/danielpoulin75\/videos"]}]}},"_links":{"self":[{"href":"https:\/\/publication-evangelique.com\/index.php?rest_route=\/wp\/v2\/pages\/10272","targetHints":{"allow":["GET"]}}],"collection":[{"href":"https:\/\/publication-evangelique.com\/index.php?rest_route=\/wp\/v2\/pages"}],"about":[{"href":"https:\/\/publication-evangelique.com\/index.php?rest_route=\/wp\/v2\/types\/page"}],"author":[{"embeddable":true,"href":"https:\/\/publication-evangelique.com\/index.php?rest_route=\/wp\/v2\/users\/1"}],"replies":[{"embeddable":true,"href":"https:\/\/publication-evangelique.com\/index.php?rest_route=%2Fwp%2Fv2%2Fcomments&post=10272"}],"version-history":[{"count":0,"href":"https:\/\/publication-evangelique.com\/index.php?rest_route=\/wp\/v2\/pages\/10272\/revisions"}],"wp:featuredmedia":[{"embeddable":true,"href":"https:\/\/publication-evangelique.com\/index.php?rest_route=\/wp\/v2\/media\/13137"}],"wp:attachment":[{"href":"https:\/\/publication-evangelique.com\/index.php?rest_route=%2Fwp%2Fv2%2Fmedia&parent=10272"}],"curies":[{"name":"wp","href":"https:\/\/api.w.org\/{rel}","templated":true}]}}