{"id":10335,"date":"2015-01-30T17:45:34","date_gmt":"2015-01-30T22:45:34","guid":{"rendered":"http:\/\/publication-evangelique.com\/?page_id=10335"},"modified":"2017-12-12T19:07:26","modified_gmt":"2017-12-13T00:07:26","slug":"lepitre-de-jacques","status":"publish","type":"page","link":"https:\/\/publication-evangelique.com\/?page_id=10335","title":{"rendered":"L&rsquo;\u00e9p\u00eetre de Jacques"},"content":{"rendered":"<p><strong>L&rsquo;\u00e9p\u00eetre de Jacques<\/strong><br \/>\nNous allons faire un survol de l&rsquo;\u00e9p\u00eetre de Jacques. <\/p>\n<p>Nous allons d\u00e9couvrir les enseignements qui ont permis le redressement de la foi des premiers chr\u00e9tiens.<\/p>\n<p>Vous pouvez lire ou t\u00e9l\u00e9charger le document complet en PDF <a href= \" https:\/\/publication-evangelique.com\/pdf\/jacques-complet.pdf \" target= \" _blank \" ><img src= \" https:\/\/publication-evangelique.com\/wp-content\/uploads\/pdf-302x300.jpg \" alt= \" \" width= \" 50 \" height= \" 50 \" class= \" alignright size-medium wp-image-14184 \" \/><\/a><\/p>\n<p>Vous pouvez \u00e9couter les messages en format MP3.<\/p>\n<p><strong>Chapitre 1<\/strong><br \/>\n1 &#8211; <a href= \" https:\/\/publication-evangelique.com\/?p=10334 \" > Introduction de l&rsquo;\u00e9p\u00eetre de Jacques<\/a><br \/>\n2 &#8211; <a href= \" https:\/\/publication-evangelique.com\/?p=10397 \" > Jacques 1:1-2 La pr\u00e9sentation de l\u2019auteur<\/a><br \/>\n3 &#8211; <a href= \" https:\/\/publication-evangelique.com\/?p=10426 \" > Jacques 1:2-4 le but des \u00e9preuves dans la vie d\u2019un chr\u00e9tien<\/a><br \/>\n4 &#8211; <a href= \" https:\/\/publication-evangelique.com\/?p=10460 \" > Jacques 1:4-5 marcher sans tr\u00e9bucher<\/a><br \/>\n5 &#8211; <a href= \" https:\/\/publication-evangelique.com\/?p=10488 \" > Jacques 1:5 croire qu\u2019on peut demander \u00e0 Dieu<\/a><br \/>\n6 &#8211; <a href= \" https:\/\/publication-evangelique.com\/?p=10525 \" > Jacques 1:6-8 Demander \u00e0 Dieu sans douter<\/a><br \/>\n7 &#8211; <a href= \" https:\/\/publication-evangelique.com\/?p=10572 \" > Jacques 1:9-11 Ne pas se d\u00e9courager pendant les \u00e9preuves<\/a><br \/>\n8 &#8211; <a href= \" https:\/\/publication-evangelique.com\/?p=10605 \" > Jacques 1:12 discerner et r\u00e9sister aux tentations<\/a><br \/>\n9 &#8211; <a href= \" https:\/\/publication-evangelique.com\/?p=10648 \" > Jacques 1:12 Les gens approuv\u00e9s de Dieu re\u00e7oivent les r\u00e9compenses \u2013 2e partie<\/a><br \/>\n10 &#8211; <a href= \" https:\/\/publication-evangelique.com\/?p=10674 \" > Jacques 1:13-15 D\u2019o\u00f9 proviennent nos d\u00e9sirs de p\u00e9ch\u00e9?<\/a><br \/>\n11 &#8211; <a href= \" https:\/\/publication-evangelique.com\/?p=10735 \" > Jacques 1:16-18 Dieu n\u2019a qu\u2019un plan de b\u00e9n\u00e9diction pour ses \u00e9lus<\/a><br \/>\n12 &#8211; <a href= \" https:\/\/publication-evangelique.com\/?p=10768 \" > Jacques 1:19-21 apprendre \u00e0 \u00e9couter plut\u00f4t que s\u2019ext\u00e9rioriser<\/a><br \/>\n13 &#8211; <a href= \" https:\/\/publication-evangelique.com\/?p=10795 \" > Jacques 1:22-24 un chr\u00e9tien doit mettre en pratique la parole<\/a><br \/>\n14 &#8211; <a href= \" https:\/\/publication-evangelique.com\/?p=10818 \" > Jacques 1:23-25 le chr\u00e9tien rebelle est sans identit\u00e9 r\u00e9elle et sans joie<\/a><br \/>\n15 &#8211; <a href= \" https:\/\/publication-evangelique.com\/?p=10850 \" > Jacques 1:26 la mise en pratique de notre foi exige le contr\u00f4le de notre langue<\/a><br \/>\n16 &#8211; <a href= \" https:\/\/publication-evangelique.com\/?p=10888 \" > Jacques 1:27 Servir Dieu, dans les bonnes \u0153uvres et la sanctification<\/a><\/p>\n<p><strong>Chapitre 2<\/strong><br \/>\n17 &#8211; <a href= \" https:\/\/publication-evangelique.com\/?p=10915 \" > Jacques 2:1-4 une vie de foi sans exclusion de personne<\/a><br \/>\n18 &#8211; <a href= \" https:\/\/publication-evangelique.com\/?p=10949 \" > Jacques 2:5-7 Dieu aime les gens pauvres et il nous demande de les respecter<\/a><br \/>\n19 &#8211; <a href= \" https:\/\/publication-evangelique.com\/?p=11013 \" > Jacques 2:8-13 les chr\u00e9tiens doivent-ils \u00eatre des observateurs de tous les commandements<\/a><br \/>\n20 &#8211; <a href= \" https:\/\/publication-evangelique.com\/?p=11038 \" > Jacques 2:14-18 les 2 sortes de foi sont r\u00e9v\u00e9l\u00e9es dans la Bible<\/a><\/p>\n<p><strong>Chapitre 3<\/strong><br \/>\n21 &#8211; <a href= \" https:\/\/publication-evangelique.com\/?p=11084 \" > Jacques 3:1 le jugement sur ceux qui enseignent des fausset\u00e9s<\/a><br \/>\n22 &#8211; <a href= \" https:\/\/publication-evangelique.com\/?p=11122 \" > Jacques 3:2-5 la langue, le membre qui rend imparfait<\/a><br \/>\n23 &#8211; <a href= \" https:\/\/publication-evangelique.com\/?p=11158 \" > Jacques 3:6-7 le plus petit des membres qui met un feu destructeur dans la vie<\/a><br \/>\n24 &#8211; <a href= \" https:\/\/publication-evangelique.com\/?p=11209 \" > Jacques 3:9-12 la b\u00e9n\u00e9diction et la mal\u00e9diction sur nos l\u00e8vres?<\/a><br \/>\n25 &#8211; <a href= \" https:\/\/publication-evangelique.com\/?p=11249 \" > Jacques 3:13-16 la langue et les \u0153uvres exprim\u00e9s par la douceur<\/a><br \/>\n26 &#8211; <a href= \" https:\/\/publication-evangelique.com\/?p=11275 \" > Jacques 3:17-18 la sagesse d\u2019en haut se d\u00e9fini par une vie pleine de bons fruits<\/a><\/p>\n<p><strong>Chapitre 4<\/strong><br \/>\n27 &#8211; <a href= \" https:\/\/publication-evangelique.com\/?p=11354 \" > Jacques 4:1-3 le pouvoir destructif de la chair<\/a><br \/>\n28 &#8211; <a href= \" https:\/\/publication-evangelique.com\/?p=11641 \" > Jacques 4:4-5 Le pouvoir destructif de l\u2019amour du monde<\/a><br \/>\n29 &#8211; <a href= \" https:\/\/publication-evangelique.com\/?p=11911 \" > Jacques 4:6-10 la gr\u00e2ce de Dieu, sup\u00e9rieur de tout ce qui existe<\/a><br \/>\n30 &#8211; <a href= \" https:\/\/publication-evangelique.com\/?p=11946 \" > Jacques 4:11-12 le jugement des autres par les critiques<\/a><br \/>\n31 &#8211; <a href= \" https:\/\/publication-evangelique.com\/?p=12004 \" > Jacques 5:1-6 le jugement annonc\u00e9 sur ceux qui poursuivent la richesse<\/a><\/p>\n<p><strong>Chapitre 5<\/strong><br \/>\n32 &#8211; <a href= \" https:\/\/publication-evangelique.com\/?p=12004 \" > Jacques\u00a05:1-6 le jugement annonc\u00e9 sur ceux qui poursuivent la richesse<\/a><br \/>\n33 &#8211; <a href= \" https:\/\/publication-evangelique.com\/?p=12020 \" > Jacques 5:7-8 Affermissons nous dans l\u2019attente du retour du Seigneur J\u00e9sus-Christ<\/a><br \/>\n34 &#8211; <a href= \" https:\/\/publication-evangelique.com\/?p=12060 \" > Jacques 5:9-11 supportez, pardonnez et rel\u00e2chez, pour vous lib\u00e9rer<\/a><br \/>\n35 &#8211; <a href= \" https:\/\/publication-evangelique.com\/?p=12084 \" > Jacques 5:12 les engagements par les serments, les engagements passibles d\u2019un jugement<\/a><br \/>\n36 &#8211; <a href= \" https:\/\/publication-evangelique.com\/?p=12117 \" > Jacques 5:13 comment r\u00e9agir dans la souffrance<\/a><br \/>\n37 &#8211; <a href= \" https:\/\/publication-evangelique.com\/?p=12146 \" > Jacques 5:13 comment r\u00e9agir dans la joie<\/a><br \/>\n38 &#8211; <a href= \" https:\/\/publication-evangelique.com\/?p=12180 \" > Jacques 5:14-16 comment r\u00e9agir dans la maladie?<\/a><br \/>\n39 &#8211; <a href= \" https:\/\/publication-evangelique.com\/?p=12210 \" > Jacques 5:16-18 la pri\u00e8re fervente est tr\u00e8s efficace.<\/a><br \/>\n40 &#8211; <a href= \" https:\/\/publication-evangelique.com\/?p=12241 \" > Jacques 5:19-20 priez et cherchez \u00e0 ramener ceux qui s\u2019\u00e9loignent.<\/a><\/p>\n<p>&#8212;&#8212;&#8212;&#8212;&#8212;&#8212;&#8212;&#8212;&#8212;<\/p>\n<p>Note: A part d&rsquo;une mention sp\u00e9ciale, toutes les citations bibliques<br \/>\nsont tir\u00e9es du texte de la traduction; Louis Segond 1910.<br \/>\n\u00a9 Tout droit r\u00e9serv\u00e9<\/p>\n<p>Produit par : Daniel Poulin<br \/>\n\u00c9dit\u00e9 par : <a href= \" https:\/\/publication-evangelique.com \" >https:\/\/publication-evangelique.com<\/a><\/p>\n<p>Adresse de ce blogue : <a href= \" https:\/\/publication-evangelique.com\/?page_id=10335 \" >https:\/\/publication-evangelique.com\/?page_id=10335<\/a><\/p>\n","protected":false},"excerpt":{"rendered":"<p>L&rsquo;\u00e9p\u00eetre de Jacques Nous allons faire un survol de l&rsquo;\u00e9p\u00eetre de Jacques. Nous allons d\u00e9couvrir les enseignements qui ont permis le redressement de la foi des premiers chr\u00e9tiens. Vous pouvez lire ou t\u00e9l\u00e9charger le document complet en PDF Vous pouvez <span class=\"excerpt-dots\">&hellip;<\/span> <a class=\"more-link\" href=\"https:\/\/publication-evangelique.com\/?page_id=10335\"><span class=\"more-msg\">Lire la suite &rarr;<\/span><\/a><\/p>\n","protected":false},"author":1,"featured_media":13080,"parent":0,"menu_order":0,"comment_status":"open","ping_status":"open","template":"","meta":{"footnotes":""},"class_list":["post-10335","page","type-page","status-publish","has-post-thumbnail","hentry"],"yoast_head":"<!-- This site is optimized with the Yoast SEO plugin v27.5 - https:\/\/yoast.com\/product\/yoast-seo-wordpress\/ -->\n<title>L&#039;\u00e9p\u00eetre de Jacques - Publication \u00c9vang\u00e9lique<\/title>\n<meta name=\"robots\" content=\"index, follow, max-snippet:-1, max-image-preview:large, max-video-preview:-1\" \/>\n<link rel=\"canonical\" href=\"https:\/\/publication-evangelique.com\/?page_id=10335\" \/>\n<meta property=\"og:locale\" content=\"fr_FR\" \/>\n<meta property=\"og:type\" content=\"article\" \/>\n<meta property=\"og:title\" content=\"L&#039;\u00e9p\u00eetre de Jacques - Publication \u00c9vang\u00e9lique\" \/>\n<meta property=\"og:description\" content=\"L&rsquo;\u00e9p\u00eetre de Jacques Nous allons faire un survol de l&rsquo;\u00e9p\u00eetre de Jacques. Nous allons d\u00e9couvrir les enseignements qui ont permis le redressement de la foi des premiers chr\u00e9tiens. Vous pouvez lire ou t\u00e9l\u00e9charger le document complet en PDF Vous pouvez &hellip; Lire la suite &rarr;\" \/>\n<meta property=\"og:url\" content=\"https:\/\/publication-evangelique.com\/?page_id=10335\" \/>\n<meta property=\"og:site_name\" content=\"Publication \u00c9vang\u00e9lique\" \/>\n<meta property=\"article:publisher\" content=\"https:\/\/www.facebook.com\/danielpoulin75\" \/>\n<meta property=\"article:modified_time\" content=\"2017-12-13T00:07:26+00:00\" \/>\n<meta property=\"og:image\" content=\"https:\/\/publication-evangelique.com\/wp-content\/uploads\/1283.jpg\" \/>\n\t<meta property=\"og:image:width\" content=\"1280\" \/>\n\t<meta property=\"og:image:height\" content=\"853\" \/>\n\t<meta property=\"og:image:type\" content=\"image\/jpeg\" \/>\n<meta name=\"twitter:label1\" content=\"Dur\u00e9e de lecture estim\u00e9e\" \/>\n\t<meta name=\"twitter:data1\" content=\"3 minutes\" \/>\n<script type=\"application\/ld+json\" class=\"yoast-schema-graph\">{\"@context\":\"https:\\\/\\\/schema.org\",\"@graph\":[{\"@type\":\"WebPage\",\"@id\":\"https:\\\/\\\/publication-evangelique.com\\\/?page_id=10335\",\"url\":\"https:\\\/\\\/publication-evangelique.com\\\/?page_id=10335\",\"name\":\"L'\u00e9p\u00eetre de Jacques - Publication \u00c9vang\u00e9lique\",\"isPartOf\":{\"@id\":\"https:\\\/\\\/publication-evangelique.com\\\/#website\"},\"primaryImageOfPage\":{\"@id\":\"https:\\\/\\\/publication-evangelique.com\\\/?page_id=10335#primaryimage\"},\"image\":{\"@id\":\"https:\\\/\\\/publication-evangelique.com\\\/?page_id=10335#primaryimage\"},\"thumbnailUrl\":\"https:\\\/\\\/publication-evangelique.com\\\/wp-content\\\/uploads\\\/1283.jpg\",\"datePublished\":\"2015-01-30T22:45:34+00:00\",\"dateModified\":\"2017-12-13T00:07:26+00:00\",\"breadcrumb\":{\"@id\":\"https:\\\/\\\/publication-evangelique.com\\\/?page_id=10335#breadcrumb\"},\"inLanguage\":\"fr-FR\",\"potentialAction\":[{\"@type\":\"ReadAction\",\"target\":[\"https:\\\/\\\/publication-evangelique.com\\\/?page_id=10335\"]}]},{\"@type\":\"ImageObject\",\"inLanguage\":\"fr-FR\",\"@id\":\"https:\\\/\\\/publication-evangelique.com\\\/?page_id=10335#primaryimage\",\"url\":\"https:\\\/\\\/publication-evangelique.com\\\/wp-content\\\/uploads\\\/1283.jpg\",\"contentUrl\":\"https:\\\/\\\/publication-evangelique.com\\\/wp-content\\\/uploads\\\/1283.jpg\",\"width\":1280,\"height\":853},{\"@type\":\"BreadcrumbList\",\"@id\":\"https:\\\/\\\/publication-evangelique.com\\\/?page_id=10335#breadcrumb\",\"itemListElement\":[{\"@type\":\"ListItem\",\"position\":1,\"name\":\"Accueil\",\"item\":\"https:\\\/\\\/publication-evangelique.com\\\/\"},{\"@type\":\"ListItem\",\"position\":2,\"name\":\"L&rsquo;\u00e9p\u00eetre de Jacques\"}]},{\"@type\":\"WebSite\",\"@id\":\"https:\\\/\\\/publication-evangelique.com\\\/#website\",\"url\":\"https:\\\/\\\/publication-evangelique.com\\\/\",\"name\":\"Daniel Poulin - publication-evangelique.com\",\"description\":\"Daniel Poulin\",\"publisher\":{\"@id\":\"https:\\\/\\\/publication-evangelique.com\\\/#\\\/schema\\\/person\\\/a7aa86223ca614c8c1a737d18c95460c\"},\"potentialAction\":[{\"@type\":\"SearchAction\",\"target\":{\"@type\":\"EntryPoint\",\"urlTemplate\":\"https:\\\/\\\/publication-evangelique.com\\\/?s={search_term_string}\"},\"query-input\":{\"@type\":\"PropertyValueSpecification\",\"valueRequired\":true,\"valueName\":\"search_term_string\"}}],\"inLanguage\":\"fr-FR\"},{\"@type\":[\"Person\",\"Organization\"],\"@id\":\"https:\\\/\\\/publication-evangelique.com\\\/#\\\/schema\\\/person\\\/a7aa86223ca614c8c1a737d18c95460c\",\"name\":\"Daniel Poulin\",\"image\":{\"@type\":\"ImageObject\",\"inLanguage\":\"fr-FR\",\"@id\":\"https:\\\/\\\/publication-evangelique.com\\\/wp-content\\\/uploads\\\/daniel5-1.jpg\",\"url\":\"https:\\\/\\\/publication-evangelique.com\\\/wp-content\\\/uploads\\\/daniel5-1.jpg\",\"contentUrl\":\"https:\\\/\\\/publication-evangelique.com\\\/wp-content\\\/uploads\\\/daniel5-1.jpg\",\"width\":833,\"height\":969,\"caption\":\"Daniel Poulin\"},\"logo\":{\"@id\":\"https:\\\/\\\/publication-evangelique.com\\\/wp-content\\\/uploads\\\/daniel5-1.jpg\"},\"description\":\"Bonjour, ici Daniel Poulin! Je suis un chr\u00e9tien n\u00e9 de nouveau depuis 1980, ayant parcouru un cheminement avec le Seigneur J\u00e9sus-Christ, j'ai construit ce site afin de partager mes connaissances de la parole de Dieu \\\" La Bible \\\" Je travaille aussi au d\u00e9veloppement de la station de radio chr\u00e9tienne fran\u00e7aise \u00e0 Montr\u00e9al, \\\" La Radio Gospel \\\" que vous pouvez voir ici http:\\\/\\\/laradiogospel.ca Je fr\u00e9quente aussi une \u00e9glise, dont je pr\u00eache et j\u2019enseigne la parole de Dieu. La communaut\u00e9 \u00c9vang\u00e9lique de l'Agneau \\\" , voici l'adresse, http:\\\/\\\/communauteevangelique.ca\\\/\",\"sameAs\":[\"https:\\\/\\\/publication-evangelique.com\",\"https:\\\/\\\/www.facebook.com\\\/danielpoulin75\",\"https:\\\/\\\/www.linkedin.com\\\/in\\\/daniel-poulin-64614745\\\/\",\"https:\\\/\\\/x.com\\\/https:\\\/\\\/twitter.com\\\/Daniel_Poulin\",\"https:\\\/\\\/www.youtube.com\\\/user\\\/danielpoulin75\\\/videos\"]}]}<\/script>\n<!-- \/ Yoast SEO plugin. -->","yoast_head_json":{"title":"L'\u00e9p\u00eetre de Jacques - Publication \u00c9vang\u00e9lique","robots":{"index":"index","follow":"follow","max-snippet":"max-snippet:-1","max-image-preview":"max-image-preview:large","max-video-preview":"max-video-preview:-1"},"canonical":"https:\/\/publication-evangelique.com\/?page_id=10335","og_locale":"fr_FR","og_type":"article","og_title":"L'\u00e9p\u00eetre de Jacques - Publication \u00c9vang\u00e9lique","og_description":"L&rsquo;\u00e9p\u00eetre de Jacques Nous allons faire un survol de l&rsquo;\u00e9p\u00eetre de Jacques. Nous allons d\u00e9couvrir les enseignements qui ont permis le redressement de la foi des premiers chr\u00e9tiens. Vous pouvez lire ou t\u00e9l\u00e9charger le document complet en PDF Vous pouvez &hellip; Lire la suite &rarr;","og_url":"https:\/\/publication-evangelique.com\/?page_id=10335","og_site_name":"Publication \u00c9vang\u00e9lique","article_publisher":"https:\/\/www.facebook.com\/danielpoulin75","article_modified_time":"2017-12-13T00:07:26+00:00","og_image":[{"width":1280,"height":853,"url":"https:\/\/publication-evangelique.com\/wp-content\/uploads\/1283.jpg","type":"image\/jpeg"}],"twitter_misc":{"Dur\u00e9e de lecture estim\u00e9e":"3 minutes"},"schema":{"@context":"https:\/\/schema.org","@graph":[{"@type":"WebPage","@id":"https:\/\/publication-evangelique.com\/?page_id=10335","url":"https:\/\/publication-evangelique.com\/?page_id=10335","name":"L'\u00e9p\u00eetre de Jacques - Publication \u00c9vang\u00e9lique","isPartOf":{"@id":"https:\/\/publication-evangelique.com\/#website"},"primaryImageOfPage":{"@id":"https:\/\/publication-evangelique.com\/?page_id=10335#primaryimage"},"image":{"@id":"https:\/\/publication-evangelique.com\/?page_id=10335#primaryimage"},"thumbnailUrl":"https:\/\/publication-evangelique.com\/wp-content\/uploads\/1283.jpg","datePublished":"2015-01-30T22:45:34+00:00","dateModified":"2017-12-13T00:07:26+00:00","breadcrumb":{"@id":"https:\/\/publication-evangelique.com\/?page_id=10335#breadcrumb"},"inLanguage":"fr-FR","potentialAction":[{"@type":"ReadAction","target":["https:\/\/publication-evangelique.com\/?page_id=10335"]}]},{"@type":"ImageObject","inLanguage":"fr-FR","@id":"https:\/\/publication-evangelique.com\/?page_id=10335#primaryimage","url":"https:\/\/publication-evangelique.com\/wp-content\/uploads\/1283.jpg","contentUrl":"https:\/\/publication-evangelique.com\/wp-content\/uploads\/1283.jpg","width":1280,"height":853},{"@type":"BreadcrumbList","@id":"https:\/\/publication-evangelique.com\/?page_id=10335#breadcrumb","itemListElement":[{"@type":"ListItem","position":1,"name":"Accueil","item":"https:\/\/publication-evangelique.com\/"},{"@type":"ListItem","position":2,"name":"L&rsquo;\u00e9p\u00eetre de Jacques"}]},{"@type":"WebSite","@id":"https:\/\/publication-evangelique.com\/#website","url":"https:\/\/publication-evangelique.com\/","name":"Daniel Poulin - publication-evangelique.com","description":"Daniel Poulin","publisher":{"@id":"https:\/\/publication-evangelique.com\/#\/schema\/person\/a7aa86223ca614c8c1a737d18c95460c"},"potentialAction":[{"@type":"SearchAction","target":{"@type":"EntryPoint","urlTemplate":"https:\/\/publication-evangelique.com\/?s={search_term_string}"},"query-input":{"@type":"PropertyValueSpecification","valueRequired":true,"valueName":"search_term_string"}}],"inLanguage":"fr-FR"},{"@type":["Person","Organization"],"@id":"https:\/\/publication-evangelique.com\/#\/schema\/person\/a7aa86223ca614c8c1a737d18c95460c","name":"Daniel Poulin","image":{"@type":"ImageObject","inLanguage":"fr-FR","@id":"https:\/\/publication-evangelique.com\/wp-content\/uploads\/daniel5-1.jpg","url":"https:\/\/publication-evangelique.com\/wp-content\/uploads\/daniel5-1.jpg","contentUrl":"https:\/\/publication-evangelique.com\/wp-content\/uploads\/daniel5-1.jpg","width":833,"height":969,"caption":"Daniel Poulin"},"logo":{"@id":"https:\/\/publication-evangelique.com\/wp-content\/uploads\/daniel5-1.jpg"},"description":"Bonjour, ici Daniel Poulin! Je suis un chr\u00e9tien n\u00e9 de nouveau depuis 1980, ayant parcouru un cheminement avec le Seigneur J\u00e9sus-Christ, j'ai construit ce site afin de partager mes connaissances de la parole de Dieu \" La Bible \" Je travaille aussi au d\u00e9veloppement de la station de radio chr\u00e9tienne fran\u00e7aise \u00e0 Montr\u00e9al, \" La Radio Gospel \" que vous pouvez voir ici http:\/\/laradiogospel.ca Je fr\u00e9quente aussi une \u00e9glise, dont je pr\u00eache et j\u2019enseigne la parole de Dieu. La communaut\u00e9 \u00c9vang\u00e9lique de l'Agneau \" , voici l'adresse, http:\/\/communauteevangelique.ca\/","sameAs":["https:\/\/publication-evangelique.com","https:\/\/www.facebook.com\/danielpoulin75","https:\/\/www.linkedin.com\/in\/daniel-poulin-64614745\/","https:\/\/x.com\/https:\/\/twitter.com\/Daniel_Poulin","https:\/\/www.youtube.com\/user\/danielpoulin75\/videos"]}]}},"_links":{"self":[{"href":"https:\/\/publication-evangelique.com\/index.php?rest_route=\/wp\/v2\/pages\/10335","targetHints":{"allow":["GET"]}}],"collection":[{"href":"https:\/\/publication-evangelique.com\/index.php?rest_route=\/wp\/v2\/pages"}],"about":[{"href":"https:\/\/publication-evangelique.com\/index.php?rest_route=\/wp\/v2\/types\/page"}],"author":[{"embeddable":true,"href":"https:\/\/publication-evangelique.com\/index.php?rest_route=\/wp\/v2\/users\/1"}],"replies":[{"embeddable":true,"href":"https:\/\/publication-evangelique.com\/index.php?rest_route=%2Fwp%2Fv2%2Fcomments&post=10335"}],"version-history":[{"count":0,"href":"https:\/\/publication-evangelique.com\/index.php?rest_route=\/wp\/v2\/pages\/10335\/revisions"}],"wp:featuredmedia":[{"embeddable":true,"href":"https:\/\/publication-evangelique.com\/index.php?rest_route=\/wp\/v2\/media\/13080"}],"wp:attachment":[{"href":"https:\/\/publication-evangelique.com\/index.php?rest_route=%2Fwp%2Fv2%2Fmedia&parent=10335"}],"curies":[{"name":"wp","href":"https:\/\/api.w.org\/{rel}","templated":true}]}}