{"id":10686,"date":"2015-06-25T05:47:11","date_gmt":"2015-06-25T10:47:11","guid":{"rendered":"http:\/\/publication-evangelique.com\/?page_id=10686"},"modified":"2017-08-08T13:17:29","modified_gmt":"2017-08-08T18:17:29","slug":"chercher-la-face-de-dieu","status":"publish","type":"page","link":"https:\/\/publication-evangelique.com\/?page_id=10686","title":{"rendered":"Chercher la face de Dieu"},"content":{"rendered":"<p><strong>Pourquoi devrions-nous chercher la face de Dieu?<\/strong><\/p>\n<p><strong>Quels sont les avantages de chercher Dieu?<\/strong><\/p>\n<p><strong>Comment dois-je chercher Dieu?<\/strong><\/p>\n<p>\u00c9coutez cette s\u00e9rie de message pour vous fortifier dans votre recherche de Dieu dans votre vie.<\/p>\n<p>Vous pouvez \u00e9couter les messages en format MP3.<\/p>\n<p>1 &#8211; <a href= \" https:\/\/publication-evangelique.com\/?p=10668 \" > Cherchez-vous la face de Dieu?<\/a><br \/>\n2 &#8211; <a href= \" https:\/\/publication-evangelique.com\/?p=10696 \" > Que veut dire \u00eatre \u00e0 la recherche de Dieu?<\/a><br \/>\n3 &#8211; <a href= \" https:\/\/publication-evangelique.com\/?p=10706 \" > Quels sont les avantages de rechercher la face de Dieu?<\/a><br \/>\n4 &#8211; <a href= \" https:\/\/publication-evangelique.com\/?p=10718 \" > La n\u00e9gligence de la recherche Dieu nous \u00e9loigne de Dieu!<\/a><br \/>\n5 &#8211; <a href= \" https:\/\/publication-evangelique.com\/?p=10730 \" > La recherche de Dieu nous am\u00e8ne \u00e0 pers\u00e9v\u00e9rer dans la pri\u00e8re<\/a><br \/>\n6 &#8211; <a href= \" https:\/\/publication-evangelique.com\/?p=10759 \" > La recherche de Dieu nous am\u00e8ne \u00e0 pers\u00e9v\u00e9rer dans la louange<\/a><br \/>\n7 &#8211; <a href= \" https:\/\/publication-evangelique.com\/?p=10778 \" > La recherche de Dieu nous am\u00e8ne \u00e0 pers\u00e9v\u00e9rer dans la mise en pratique de sa parole<\/a><br \/>\n8 &#8211; <a href= \" https:\/\/publication-evangelique.com\/?p=10787 \" > Recherchez Dieu pour votre croissance dans le Seigneur<\/a><br \/>\n9 &#8211; <a href= \" https:\/\/publication-evangelique.com\/?p=10802 \" > Recherchez Dieu pour recevoir vos gu\u00e9risons<\/a><br \/>\n10 &#8211; <a href= \" https:\/\/publication-evangelique.com\/?p=10812 \" > Rechercher Dieu afin qu\u2019il nous d\u00e9livre de notre ennemi, le diable<\/a><br \/>\n11 &#8211; <a href= \" https:\/\/publication-evangelique.com\/?p=10827 \" > Rechercher Dieu afin qu\u2019il nous d\u00e9livre de notre ennemi, le monde<\/a><br \/>\n12 &#8211; <a href= \" https:\/\/publication-evangelique.com\/?p=10845 \" > Rechercher Dieu afin qu\u2019il nous d\u00e9livre de notre ennemi, notre chair<\/a><br \/>\n13 &#8211; <a href= \" https:\/\/publication-evangelique.com\/?p=10872 \" > Rechercher Dieu afin de saisir nos victoires et de pers\u00e9v\u00e9rer dans le chemin resserr\u00e9<\/a><br \/>\n14 &#8211; <a href= \" https:\/\/publication-evangelique.com\/?p=10883 \" > Rechercher Dieu afin d\u2019\u00eatre relev\u00e9 dans l\u2019abattement et dans nos afflictions<\/a><br \/>\n14 &#8211; <a href= \" https:\/\/publication-evangelique.com\/?p=10899 \" > Rechercher Dieu afin de d\u00e9velopper l\u2019\u00e9coute de sa voix<\/a><br \/>\n15 &#8211; <a href= \" https:\/\/publication-evangelique.com\/?p=10908 \" > Rechercher Dieu afin qu\u2019il manifeste les dons spirituels<\/a><\/p>\n<p>&#8212;&#8212;&#8212;&#8212;&#8212;&#8212;&#8212;&#8212;&#8212;<\/p>\n<p>Note: A part d&rsquo;une mention sp\u00e9ciale, toutes les citations bibliques<br \/>\nsont tir\u00e9es du texte de la traduction; Louis Segond 1910.<br \/>\n\u00a9 Tout droit r\u00e9serv\u00e9<\/p>\n<p>Produit par : Daniel Poulin<br \/>\n\u00c9dit\u00e9 par : <a href= \" https:\/\/publication-evangelique.com \" >https:\/\/publication-evangelique.com<\/a><\/p>\n<p>Adresse de ce blogue : <a href= \" https:\/\/publication-evangelique.com\/?page_id=10686 \" >https:\/\/publication-evangelique.com\/?page_id=10686<\/a><\/p>\n","protected":false},"excerpt":{"rendered":"<p>Pourquoi devrions-nous chercher la face de Dieu? Quels sont les avantages de chercher Dieu? Comment dois-je chercher Dieu? \u00c9coutez cette s\u00e9rie de message pour vous fortifier dans votre recherche de Dieu dans votre vie. Vous pouvez \u00e9couter les messages en <span class=\"excerpt-dots\">&hellip;<\/span> <a class=\"more-link\" href=\"https:\/\/publication-evangelique.com\/?page_id=10686\"><span class=\"more-msg\">Lire la suite &rarr;<\/span><\/a><\/p>\n","protected":false},"author":1,"featured_media":12802,"parent":0,"menu_order":0,"comment_status":"closed","ping_status":"closed","template":"","meta":{"footnotes":""},"class_list":["post-10686","page","type-page","status-publish","has-post-thumbnail","hentry"],"yoast_head":"<!-- This site is optimized with the Yoast SEO plugin v27.5 - https:\/\/yoast.com\/product\/yoast-seo-wordpress\/ -->\n<title>Chercher la face de Dieu - Publication \u00c9vang\u00e9lique<\/title>\n<meta name=\"description\" content=\"\u00c9coutez cette s\u00e9rie de message pour vous fortifier dans votre recherche de Dieu dans votre vie.\" \/>\n<meta name=\"robots\" content=\"index, follow, max-snippet:-1, max-image-preview:large, max-video-preview:-1\" \/>\n<link rel=\"canonical\" href=\"https:\/\/publication-evangelique.com\/?page_id=10686\" \/>\n<meta property=\"og:locale\" content=\"fr_FR\" \/>\n<meta property=\"og:type\" content=\"article\" \/>\n<meta property=\"og:title\" content=\"Chercher la face de Dieu - Publication \u00c9vang\u00e9lique\" \/>\n<meta property=\"og:description\" content=\"\u00c9coutez cette s\u00e9rie de message pour vous fortifier dans votre recherche de Dieu dans votre vie.\" \/>\n<meta property=\"og:url\" content=\"https:\/\/publication-evangelique.com\/?page_id=10686\" \/>\n<meta property=\"og:site_name\" content=\"Publication \u00c9vang\u00e9lique\" \/>\n<meta property=\"article:publisher\" content=\"https:\/\/www.facebook.com\/danielpoulin75\" \/>\n<meta property=\"article:modified_time\" content=\"2017-08-08T18:17:29+00:00\" \/>\n<meta property=\"og:image\" content=\"https:\/\/publication-evangelique.com\/wp-content\/uploads\/1005.jpg\" \/>\n\t<meta property=\"og:image:width\" content=\"1280\" \/>\n\t<meta property=\"og:image:height\" content=\"960\" \/>\n\t<meta property=\"og:image:type\" content=\"image\/jpeg\" \/>\n<meta name=\"twitter:label1\" content=\"Dur\u00e9e de lecture estim\u00e9e\" \/>\n\t<meta name=\"twitter:data1\" content=\"1 minute\" \/>\n<script type=\"application\/ld+json\" class=\"yoast-schema-graph\">{\"@context\":\"https:\\\/\\\/schema.org\",\"@graph\":[{\"@type\":\"WebPage\",\"@id\":\"https:\\\/\\\/publication-evangelique.com\\\/?page_id=10686\",\"url\":\"https:\\\/\\\/publication-evangelique.com\\\/?page_id=10686\",\"name\":\"Chercher la face de Dieu - Publication \u00c9vang\u00e9lique\",\"isPartOf\":{\"@id\":\"https:\\\/\\\/publication-evangelique.com\\\/#website\"},\"primaryImageOfPage\":{\"@id\":\"https:\\\/\\\/publication-evangelique.com\\\/?page_id=10686#primaryimage\"},\"image\":{\"@id\":\"https:\\\/\\\/publication-evangelique.com\\\/?page_id=10686#primaryimage\"},\"thumbnailUrl\":\"https:\\\/\\\/publication-evangelique.com\\\/wp-content\\\/uploads\\\/1005.jpg\",\"datePublished\":\"2015-06-25T10:47:11+00:00\",\"dateModified\":\"2017-08-08T18:17:29+00:00\",\"description\":\"\u00c9coutez cette s\u00e9rie de message pour vous fortifier dans votre recherche de Dieu dans votre vie.\",\"breadcrumb\":{\"@id\":\"https:\\\/\\\/publication-evangelique.com\\\/?page_id=10686#breadcrumb\"},\"inLanguage\":\"fr-FR\",\"potentialAction\":[{\"@type\":\"ReadAction\",\"target\":[\"https:\\\/\\\/publication-evangelique.com\\\/?page_id=10686\"]}]},{\"@type\":\"ImageObject\",\"inLanguage\":\"fr-FR\",\"@id\":\"https:\\\/\\\/publication-evangelique.com\\\/?page_id=10686#primaryimage\",\"url\":\"https:\\\/\\\/publication-evangelique.com\\\/wp-content\\\/uploads\\\/1005.jpg\",\"contentUrl\":\"https:\\\/\\\/publication-evangelique.com\\\/wp-content\\\/uploads\\\/1005.jpg\",\"width\":1280,\"height\":960},{\"@type\":\"BreadcrumbList\",\"@id\":\"https:\\\/\\\/publication-evangelique.com\\\/?page_id=10686#breadcrumb\",\"itemListElement\":[{\"@type\":\"ListItem\",\"position\":1,\"name\":\"Accueil\",\"item\":\"https:\\\/\\\/publication-evangelique.com\\\/\"},{\"@type\":\"ListItem\",\"position\":2,\"name\":\"Chercher la face de Dieu\"}]},{\"@type\":\"WebSite\",\"@id\":\"https:\\\/\\\/publication-evangelique.com\\\/#website\",\"url\":\"https:\\\/\\\/publication-evangelique.com\\\/\",\"name\":\"Daniel Poulin - publication-evangelique.com\",\"description\":\"Daniel Poulin\",\"publisher\":{\"@id\":\"https:\\\/\\\/publication-evangelique.com\\\/#\\\/schema\\\/person\\\/a7aa86223ca614c8c1a737d18c95460c\"},\"potentialAction\":[{\"@type\":\"SearchAction\",\"target\":{\"@type\":\"EntryPoint\",\"urlTemplate\":\"https:\\\/\\\/publication-evangelique.com\\\/?s={search_term_string}\"},\"query-input\":{\"@type\":\"PropertyValueSpecification\",\"valueRequired\":true,\"valueName\":\"search_term_string\"}}],\"inLanguage\":\"fr-FR\"},{\"@type\":[\"Person\",\"Organization\"],\"@id\":\"https:\\\/\\\/publication-evangelique.com\\\/#\\\/schema\\\/person\\\/a7aa86223ca614c8c1a737d18c95460c\",\"name\":\"Daniel Poulin\",\"image\":{\"@type\":\"ImageObject\",\"inLanguage\":\"fr-FR\",\"@id\":\"https:\\\/\\\/publication-evangelique.com\\\/wp-content\\\/uploads\\\/daniel5-1.jpg\",\"url\":\"https:\\\/\\\/publication-evangelique.com\\\/wp-content\\\/uploads\\\/daniel5-1.jpg\",\"contentUrl\":\"https:\\\/\\\/publication-evangelique.com\\\/wp-content\\\/uploads\\\/daniel5-1.jpg\",\"width\":833,\"height\":969,\"caption\":\"Daniel Poulin\"},\"logo\":{\"@id\":\"https:\\\/\\\/publication-evangelique.com\\\/wp-content\\\/uploads\\\/daniel5-1.jpg\"},\"description\":\"Bonjour, ici Daniel Poulin! Je suis un chr\u00e9tien n\u00e9 de nouveau depuis 1980, ayant parcouru un cheminement avec le Seigneur J\u00e9sus-Christ, j'ai construit ce site afin de partager mes connaissances de la parole de Dieu \\\" La Bible \\\" Je travaille aussi au d\u00e9veloppement de la station de radio chr\u00e9tienne fran\u00e7aise \u00e0 Montr\u00e9al, \\\" La Radio Gospel \\\" que vous pouvez voir ici http:\\\/\\\/laradiogospel.ca Je fr\u00e9quente aussi une \u00e9glise, dont je pr\u00eache et j\u2019enseigne la parole de Dieu. La communaut\u00e9 \u00c9vang\u00e9lique de l'Agneau \\\" , voici l'adresse, http:\\\/\\\/communauteevangelique.ca\\\/\",\"sameAs\":[\"https:\\\/\\\/publication-evangelique.com\",\"https:\\\/\\\/www.facebook.com\\\/danielpoulin75\",\"https:\\\/\\\/www.linkedin.com\\\/in\\\/daniel-poulin-64614745\\\/\",\"https:\\\/\\\/x.com\\\/https:\\\/\\\/twitter.com\\\/Daniel_Poulin\",\"https:\\\/\\\/www.youtube.com\\\/user\\\/danielpoulin75\\\/videos\"]}]}<\/script>\n<!-- \/ Yoast SEO plugin. -->","yoast_head_json":{"title":"Chercher la face de Dieu - Publication \u00c9vang\u00e9lique","description":"\u00c9coutez cette s\u00e9rie de message pour vous fortifier dans votre recherche de Dieu dans votre vie.","robots":{"index":"index","follow":"follow","max-snippet":"max-snippet:-1","max-image-preview":"max-image-preview:large","max-video-preview":"max-video-preview:-1"},"canonical":"https:\/\/publication-evangelique.com\/?page_id=10686","og_locale":"fr_FR","og_type":"article","og_title":"Chercher la face de Dieu - Publication \u00c9vang\u00e9lique","og_description":"\u00c9coutez cette s\u00e9rie de message pour vous fortifier dans votre recherche de Dieu dans votre vie.","og_url":"https:\/\/publication-evangelique.com\/?page_id=10686","og_site_name":"Publication \u00c9vang\u00e9lique","article_publisher":"https:\/\/www.facebook.com\/danielpoulin75","article_modified_time":"2017-08-08T18:17:29+00:00","og_image":[{"width":1280,"height":960,"url":"https:\/\/publication-evangelique.com\/wp-content\/uploads\/1005.jpg","type":"image\/jpeg"}],"twitter_misc":{"Dur\u00e9e de lecture estim\u00e9e":"1 minute"},"schema":{"@context":"https:\/\/schema.org","@graph":[{"@type":"WebPage","@id":"https:\/\/publication-evangelique.com\/?page_id=10686","url":"https:\/\/publication-evangelique.com\/?page_id=10686","name":"Chercher la face de Dieu - Publication \u00c9vang\u00e9lique","isPartOf":{"@id":"https:\/\/publication-evangelique.com\/#website"},"primaryImageOfPage":{"@id":"https:\/\/publication-evangelique.com\/?page_id=10686#primaryimage"},"image":{"@id":"https:\/\/publication-evangelique.com\/?page_id=10686#primaryimage"},"thumbnailUrl":"https:\/\/publication-evangelique.com\/wp-content\/uploads\/1005.jpg","datePublished":"2015-06-25T10:47:11+00:00","dateModified":"2017-08-08T18:17:29+00:00","description":"\u00c9coutez cette s\u00e9rie de message pour vous fortifier dans votre recherche de Dieu dans votre vie.","breadcrumb":{"@id":"https:\/\/publication-evangelique.com\/?page_id=10686#breadcrumb"},"inLanguage":"fr-FR","potentialAction":[{"@type":"ReadAction","target":["https:\/\/publication-evangelique.com\/?page_id=10686"]}]},{"@type":"ImageObject","inLanguage":"fr-FR","@id":"https:\/\/publication-evangelique.com\/?page_id=10686#primaryimage","url":"https:\/\/publication-evangelique.com\/wp-content\/uploads\/1005.jpg","contentUrl":"https:\/\/publication-evangelique.com\/wp-content\/uploads\/1005.jpg","width":1280,"height":960},{"@type":"BreadcrumbList","@id":"https:\/\/publication-evangelique.com\/?page_id=10686#breadcrumb","itemListElement":[{"@type":"ListItem","position":1,"name":"Accueil","item":"https:\/\/publication-evangelique.com\/"},{"@type":"ListItem","position":2,"name":"Chercher la face de Dieu"}]},{"@type":"WebSite","@id":"https:\/\/publication-evangelique.com\/#website","url":"https:\/\/publication-evangelique.com\/","name":"Daniel Poulin - publication-evangelique.com","description":"Daniel Poulin","publisher":{"@id":"https:\/\/publication-evangelique.com\/#\/schema\/person\/a7aa86223ca614c8c1a737d18c95460c"},"potentialAction":[{"@type":"SearchAction","target":{"@type":"EntryPoint","urlTemplate":"https:\/\/publication-evangelique.com\/?s={search_term_string}"},"query-input":{"@type":"PropertyValueSpecification","valueRequired":true,"valueName":"search_term_string"}}],"inLanguage":"fr-FR"},{"@type":["Person","Organization"],"@id":"https:\/\/publication-evangelique.com\/#\/schema\/person\/a7aa86223ca614c8c1a737d18c95460c","name":"Daniel Poulin","image":{"@type":"ImageObject","inLanguage":"fr-FR","@id":"https:\/\/publication-evangelique.com\/wp-content\/uploads\/daniel5-1.jpg","url":"https:\/\/publication-evangelique.com\/wp-content\/uploads\/daniel5-1.jpg","contentUrl":"https:\/\/publication-evangelique.com\/wp-content\/uploads\/daniel5-1.jpg","width":833,"height":969,"caption":"Daniel Poulin"},"logo":{"@id":"https:\/\/publication-evangelique.com\/wp-content\/uploads\/daniel5-1.jpg"},"description":"Bonjour, ici Daniel Poulin! Je suis un chr\u00e9tien n\u00e9 de nouveau depuis 1980, ayant parcouru un cheminement avec le Seigneur J\u00e9sus-Christ, j'ai construit ce site afin de partager mes connaissances de la parole de Dieu \" La Bible \" Je travaille aussi au d\u00e9veloppement de la station de radio chr\u00e9tienne fran\u00e7aise \u00e0 Montr\u00e9al, \" La Radio Gospel \" que vous pouvez voir ici http:\/\/laradiogospel.ca Je fr\u00e9quente aussi une \u00e9glise, dont je pr\u00eache et j\u2019enseigne la parole de Dieu. La communaut\u00e9 \u00c9vang\u00e9lique de l'Agneau \" , voici l'adresse, http:\/\/communauteevangelique.ca\/","sameAs":["https:\/\/publication-evangelique.com","https:\/\/www.facebook.com\/danielpoulin75","https:\/\/www.linkedin.com\/in\/daniel-poulin-64614745\/","https:\/\/x.com\/https:\/\/twitter.com\/Daniel_Poulin","https:\/\/www.youtube.com\/user\/danielpoulin75\/videos"]}]}},"_links":{"self":[{"href":"https:\/\/publication-evangelique.com\/index.php?rest_route=\/wp\/v2\/pages\/10686","targetHints":{"allow":["GET"]}}],"collection":[{"href":"https:\/\/publication-evangelique.com\/index.php?rest_route=\/wp\/v2\/pages"}],"about":[{"href":"https:\/\/publication-evangelique.com\/index.php?rest_route=\/wp\/v2\/types\/page"}],"author":[{"embeddable":true,"href":"https:\/\/publication-evangelique.com\/index.php?rest_route=\/wp\/v2\/users\/1"}],"replies":[{"embeddable":true,"href":"https:\/\/publication-evangelique.com\/index.php?rest_route=%2Fwp%2Fv2%2Fcomments&post=10686"}],"version-history":[{"count":0,"href":"https:\/\/publication-evangelique.com\/index.php?rest_route=\/wp\/v2\/pages\/10686\/revisions"}],"wp:featuredmedia":[{"embeddable":true,"href":"https:\/\/publication-evangelique.com\/index.php?rest_route=\/wp\/v2\/media\/12802"}],"wp:attachment":[{"href":"https:\/\/publication-evangelique.com\/index.php?rest_route=%2Fwp%2Fv2%2Fmedia&parent=10686"}],"curies":[{"name":"wp","href":"https:\/\/api.w.org\/{rel}","templated":true}]}}