{"id":1084,"date":"2009-12-04T13:22:34","date_gmt":"2009-12-04T18:22:34","guid":{"rendered":"http:\/\/publication-evangelique.com\/?page_id=1084"},"modified":"2024-03-14T17:00:17","modified_gmt":"2024-03-14T22:00:17","slug":"qui-est-daniel-poulin","status":"publish","type":"page","link":"https:\/\/publication-evangelique.com\/?page_id=1084","title":{"rendered":"Qui est Daniel Poulin?"},"content":{"rendered":"<p>Bonjour, ici <strong>Daniel Poulin<\/strong>!<\/p>\n<p>Je suis un chr\u00e9tien n\u00e9 de nouveau depuis 1980, ayant parcouru un cheminement avec le <strong>Seigneur J\u00e9sus-Christ<\/strong>, j&rsquo;ai construit ce site afin de partager mes connaissances de la parole de Dieu \u00a0\u00bb <strong>La Bible<\/strong> \u00a0\u00bb <\/p>\n<p>Je travaille aussi au d\u00e9veloppement de la station de <strong>radio chr\u00e9tienne<\/strong> fran\u00e7aise \u00e0 Montr\u00e9al, \u00a0\u00bb <strong><a title= \" https:\/\/laradiogospel \" href= \" https:\/\/laradiogospel.ca \" target= \" _blank \" rel= \" noopener noreferrer \" >La Radio Gospel<\/a><\/strong> \u00a0\u00bb .<\/p>\n<p>Je fr\u00e9quente aussi <strong>une \u00e9glise<\/strong>, dont j\u2019enseigne la parole de Dieu. \u00a0\u00bb La <strong><a title= \" https:\/\/communauteevangelique.ca \" href= \" https:\/\/communauteevangelique.ca \" target= \" _blank \" rel= \" noopener noreferrer \" >Communaut\u00e9 \u00c9vang\u00e9lique de l&rsquo;Agneau<\/a><\/strong> \u00a0\u00bb .<\/p>\n<p>Voici quelques sites que j&rsquo;ai construit pour la lecture de la Bible:<br \/>\n*<a title= \" https:\/\/bible.publication-evangelique.com \" href= \" https:\/\/bible.publication-evangelique.com \" target= \" _blank \" rel= \" noopener noreferrer \" >https:\/\/bible.publication-evangelique.com<\/a><\/p>\n<p><strong>Vous pouvez aussi me suivre ici!<\/strong><\/p>\n<div style= \" float:left; width: 50% \" >\n<strong>Daniel Poulin sur FaceBook<\/strong><br \/>\n<a href= \" https:\/\/www.facebook.com\/danielpoulin75 \" ><img src= \" https:\/\/publication-evangelique.com\/wp-content\/uploads\/facebook-300x300.jpg \" alt= \" \" width= \" 100 \" height= \" 100 \" class= \" alignleft size-medium wp-image-14174 \" \/><\/a><br \/>\n&nbsp;<\/br>&nbsp;<\/br><\/br>\n<\/div>\n<div style= \" float:left; width: 50% \" >\n<strong>Daniel Poulin sur Youtube<\/strong><br \/>\n<a href= \" https:\/\/www.youtube.com\/user\/danielpoulin75 \" ><img src= \" https:\/\/publication-evangelique.com\/wp-content\/uploads\/youtube-350x244.png \" alt= \" \" width= \" 100 \" height= \" 100 \" class= \" alignleft size-medium wp-image-19080 \" \/><\/a><\/br><\/br><br \/>\n&nbsp;<\/br>&nbsp;<\/br><\/br><\/p>\n<\/div>\n<div style= \" clear:both \" ><\/div>\n<div style= \" float:left; width: 50% \" >\n<strong>Daniel Poulin sur Twitter<\/strong><br \/>\n<a href= \" https:\/\/twitter.com\/Daniel_Poulin \" ><img src= \" https:\/\/publication-evangelique.com\/wp-content\/uploads\/twitter-250x200.png \" alt= \" \" width= \" 100 \" height= \" 100 \" class= \" alignleft size-thumbnail wp-image-19083 \" \/><\/a><br \/>\n&nbsp;<\/br>&nbsp;<\/br><\/br>\n<\/div>\n<div style= \" float:left; width: 50% \" >\n<\/div>\n<div style= \" clear:both \" ><\/div>\n<p>&nbsp;<\/p>\n<p>Adresse de ce blogue : <a href= \" https:\/\/publication-evangelique.com\/?page_id=1084 \" >https:\/\/publication-evangelique.com\/?page_id=1084<\/a><\/p>\n","protected":false},"excerpt":{"rendered":"<p>Bonjour, ici Daniel Poulin! Je suis un chr\u00e9tien n\u00e9 de nouveau depuis 1980, ayant parcouru un cheminement avec le Seigneur J\u00e9sus-Christ, j&rsquo;ai construit ce site afin de partager mes connaissances de la parole de Dieu \u00a0\u00bb La Bible \u00a0\u00bb Je <span class=\"excerpt-dots\">&hellip;<\/span> <a class=\"more-link\" href=\"https:\/\/publication-evangelique.com\/?page_id=1084\"><span class=\"more-msg\">Lire la suite &rarr;<\/span><\/a><\/p>\n","protected":false},"author":1,"featured_media":14169,"parent":0,"menu_order":2,"comment_status":"closed","ping_status":"closed","template":"","meta":{"footnotes":""},"class_list":["post-1084","page","type-page","status-publish","has-post-thumbnail","hentry"],"yoast_head":"<!-- This site is optimized with the Yoast SEO plugin v27.4 - https:\/\/yoast.com\/product\/yoast-seo-wordpress\/ -->\n<title>Qui est Daniel Poulin?<\/title>\n<meta name=\"description\" content=\"Daniel Poulin est un pr\u00e9dicateur d&#039;enseignements bibliques, musicien, investi dans la diffusion de la parole de Dieu.\" \/>\n<meta name=\"robots\" content=\"index, follow, max-snippet:-1, max-image-preview:large, max-video-preview:-1\" \/>\n<link rel=\"canonical\" href=\"https:\/\/publication-evangelique.com\/?page_id=1084\" \/>\n<meta property=\"og:locale\" content=\"fr_FR\" \/>\n<meta property=\"og:type\" content=\"article\" \/>\n<meta property=\"og:title\" content=\"Qui est Daniel Poulin?\" \/>\n<meta property=\"og:description\" content=\"Daniel Poulin est un pr\u00e9dicateur d&#039;enseignements bibliques, musicien, investi dans la diffusion de la parole de Dieu.\" \/>\n<meta property=\"og:url\" content=\"https:\/\/publication-evangelique.com\/?page_id=1084\" \/>\n<meta property=\"og:site_name\" content=\"Publication \u00c9vang\u00e9lique\" \/>\n<meta property=\"article:publisher\" content=\"https:\/\/www.facebook.com\/danielpoulin75\" \/>\n<meta property=\"article:modified_time\" content=\"2024-03-14T22:00:17+00:00\" \/>\n<meta property=\"og:image\" content=\"https:\/\/publication-evangelique.com\/wp-content\/uploads\/daniel5-1.jpg\" \/>\n\t<meta property=\"og:image:width\" content=\"833\" \/>\n\t<meta property=\"og:image:height\" content=\"969\" \/>\n\t<meta property=\"og:image:type\" content=\"image\/jpeg\" \/>\n<meta name=\"twitter:label1\" content=\"Dur\u00e9e de lecture estim\u00e9e\" \/>\n\t<meta name=\"twitter:data1\" content=\"2 minutes\" \/>\n<script type=\"application\/ld+json\" class=\"yoast-schema-graph\">{\"@context\":\"https:\\\/\\\/schema.org\",\"@graph\":[{\"@type\":\"WebPage\",\"@id\":\"https:\\\/\\\/publication-evangelique.com\\\/?page_id=1084\",\"url\":\"https:\\\/\\\/publication-evangelique.com\\\/?page_id=1084\",\"name\":\"Qui est Daniel Poulin?\",\"isPartOf\":{\"@id\":\"https:\\\/\\\/publication-evangelique.com\\\/#website\"},\"primaryImageOfPage\":{\"@id\":\"https:\\\/\\\/publication-evangelique.com\\\/?page_id=1084#primaryimage\"},\"image\":{\"@id\":\"https:\\\/\\\/publication-evangelique.com\\\/?page_id=1084#primaryimage\"},\"thumbnailUrl\":\"https:\\\/\\\/publication-evangelique.com\\\/wp-content\\\/uploads\\\/daniel5-1.jpg\",\"datePublished\":\"2009-12-04T18:22:34+00:00\",\"dateModified\":\"2024-03-14T22:00:17+00:00\",\"description\":\"Daniel Poulin est un pr\u00e9dicateur d'enseignements bibliques, musicien, investi dans la diffusion de la parole de Dieu.\",\"breadcrumb\":{\"@id\":\"https:\\\/\\\/publication-evangelique.com\\\/?page_id=1084#breadcrumb\"},\"inLanguage\":\"fr-FR\",\"potentialAction\":[{\"@type\":\"ReadAction\",\"target\":[\"https:\\\/\\\/publication-evangelique.com\\\/?page_id=1084\"]}]},{\"@type\":\"ImageObject\",\"inLanguage\":\"fr-FR\",\"@id\":\"https:\\\/\\\/publication-evangelique.com\\\/?page_id=1084#primaryimage\",\"url\":\"https:\\\/\\\/publication-evangelique.com\\\/wp-content\\\/uploads\\\/daniel5-1.jpg\",\"contentUrl\":\"https:\\\/\\\/publication-evangelique.com\\\/wp-content\\\/uploads\\\/daniel5-1.jpg\",\"width\":833,\"height\":969},{\"@type\":\"BreadcrumbList\",\"@id\":\"https:\\\/\\\/publication-evangelique.com\\\/?page_id=1084#breadcrumb\",\"itemListElement\":[{\"@type\":\"ListItem\",\"position\":1,\"name\":\"Accueil\",\"item\":\"https:\\\/\\\/publication-evangelique.com\\\/\"},{\"@type\":\"ListItem\",\"position\":2,\"name\":\"Qui est Daniel Poulin?\"}]},{\"@type\":\"WebSite\",\"@id\":\"https:\\\/\\\/publication-evangelique.com\\\/#website\",\"url\":\"https:\\\/\\\/publication-evangelique.com\\\/\",\"name\":\"Daniel Poulin - publication-evangelique.com\",\"description\":\"Daniel Poulin\",\"publisher\":{\"@id\":\"https:\\\/\\\/publication-evangelique.com\\\/#\\\/schema\\\/person\\\/a7aa86223ca614c8c1a737d18c95460c\"},\"potentialAction\":[{\"@type\":\"SearchAction\",\"target\":{\"@type\":\"EntryPoint\",\"urlTemplate\":\"https:\\\/\\\/publication-evangelique.com\\\/?s={search_term_string}\"},\"query-input\":{\"@type\":\"PropertyValueSpecification\",\"valueRequired\":true,\"valueName\":\"search_term_string\"}}],\"inLanguage\":\"fr-FR\"},{\"@type\":[\"Person\",\"Organization\"],\"@id\":\"https:\\\/\\\/publication-evangelique.com\\\/#\\\/schema\\\/person\\\/a7aa86223ca614c8c1a737d18c95460c\",\"name\":\"Daniel Poulin\",\"image\":{\"@type\":\"ImageObject\",\"inLanguage\":\"fr-FR\",\"@id\":\"https:\\\/\\\/publication-evangelique.com\\\/wp-content\\\/uploads\\\/daniel5-1.jpg\",\"url\":\"https:\\\/\\\/publication-evangelique.com\\\/wp-content\\\/uploads\\\/daniel5-1.jpg\",\"contentUrl\":\"https:\\\/\\\/publication-evangelique.com\\\/wp-content\\\/uploads\\\/daniel5-1.jpg\",\"width\":833,\"height\":969,\"caption\":\"Daniel Poulin\"},\"logo\":{\"@id\":\"https:\\\/\\\/publication-evangelique.com\\\/wp-content\\\/uploads\\\/daniel5-1.jpg\"},\"description\":\"Bonjour, ici Daniel Poulin! Je suis un chr\u00e9tien n\u00e9 de nouveau depuis 1980, ayant parcouru un cheminement avec le Seigneur J\u00e9sus-Christ, j'ai construit ce site afin de partager mes connaissances de la parole de Dieu \\\" La Bible \\\" Je travaille aussi au d\u00e9veloppement de la station de radio chr\u00e9tienne fran\u00e7aise \u00e0 Montr\u00e9al, \\\" La Radio Gospel \\\" que vous pouvez voir ici http:\\\/\\\/laradiogospel.ca Je fr\u00e9quente aussi une \u00e9glise, dont je pr\u00eache et j\u2019enseigne la parole de Dieu. La communaut\u00e9 \u00c9vang\u00e9lique de l'Agneau \\\" , voici l'adresse, http:\\\/\\\/communauteevangelique.ca\\\/\",\"sameAs\":[\"https:\\\/\\\/publication-evangelique.com\",\"https:\\\/\\\/www.facebook.com\\\/danielpoulin75\",\"https:\\\/\\\/www.linkedin.com\\\/in\\\/daniel-poulin-64614745\\\/\",\"https:\\\/\\\/x.com\\\/https:\\\/\\\/twitter.com\\\/Daniel_Poulin\",\"https:\\\/\\\/www.youtube.com\\\/user\\\/danielpoulin75\\\/videos\"]}]}<\/script>\n<!-- \/ Yoast SEO plugin. -->","yoast_head_json":{"title":"Qui est Daniel Poulin?","description":"Daniel Poulin est un pr\u00e9dicateur d'enseignements bibliques, musicien, investi dans la diffusion de la parole de Dieu.","robots":{"index":"index","follow":"follow","max-snippet":"max-snippet:-1","max-image-preview":"max-image-preview:large","max-video-preview":"max-video-preview:-1"},"canonical":"https:\/\/publication-evangelique.com\/?page_id=1084","og_locale":"fr_FR","og_type":"article","og_title":"Qui est Daniel Poulin?","og_description":"Daniel Poulin est un pr\u00e9dicateur d'enseignements bibliques, musicien, investi dans la diffusion de la parole de Dieu.","og_url":"https:\/\/publication-evangelique.com\/?page_id=1084","og_site_name":"Publication \u00c9vang\u00e9lique","article_publisher":"https:\/\/www.facebook.com\/danielpoulin75","article_modified_time":"2024-03-14T22:00:17+00:00","og_image":[{"width":833,"height":969,"url":"https:\/\/publication-evangelique.com\/wp-content\/uploads\/daniel5-1.jpg","type":"image\/jpeg"}],"twitter_misc":{"Dur\u00e9e de lecture estim\u00e9e":"2 minutes"},"schema":{"@context":"https:\/\/schema.org","@graph":[{"@type":"WebPage","@id":"https:\/\/publication-evangelique.com\/?page_id=1084","url":"https:\/\/publication-evangelique.com\/?page_id=1084","name":"Qui est Daniel Poulin?","isPartOf":{"@id":"https:\/\/publication-evangelique.com\/#website"},"primaryImageOfPage":{"@id":"https:\/\/publication-evangelique.com\/?page_id=1084#primaryimage"},"image":{"@id":"https:\/\/publication-evangelique.com\/?page_id=1084#primaryimage"},"thumbnailUrl":"https:\/\/publication-evangelique.com\/wp-content\/uploads\/daniel5-1.jpg","datePublished":"2009-12-04T18:22:34+00:00","dateModified":"2024-03-14T22:00:17+00:00","description":"Daniel Poulin est un pr\u00e9dicateur d'enseignements bibliques, musicien, investi dans la diffusion de la parole de Dieu.","breadcrumb":{"@id":"https:\/\/publication-evangelique.com\/?page_id=1084#breadcrumb"},"inLanguage":"fr-FR","potentialAction":[{"@type":"ReadAction","target":["https:\/\/publication-evangelique.com\/?page_id=1084"]}]},{"@type":"ImageObject","inLanguage":"fr-FR","@id":"https:\/\/publication-evangelique.com\/?page_id=1084#primaryimage","url":"https:\/\/publication-evangelique.com\/wp-content\/uploads\/daniel5-1.jpg","contentUrl":"https:\/\/publication-evangelique.com\/wp-content\/uploads\/daniel5-1.jpg","width":833,"height":969},{"@type":"BreadcrumbList","@id":"https:\/\/publication-evangelique.com\/?page_id=1084#breadcrumb","itemListElement":[{"@type":"ListItem","position":1,"name":"Accueil","item":"https:\/\/publication-evangelique.com\/"},{"@type":"ListItem","position":2,"name":"Qui est Daniel Poulin?"}]},{"@type":"WebSite","@id":"https:\/\/publication-evangelique.com\/#website","url":"https:\/\/publication-evangelique.com\/","name":"Daniel Poulin - publication-evangelique.com","description":"Daniel Poulin","publisher":{"@id":"https:\/\/publication-evangelique.com\/#\/schema\/person\/a7aa86223ca614c8c1a737d18c95460c"},"potentialAction":[{"@type":"SearchAction","target":{"@type":"EntryPoint","urlTemplate":"https:\/\/publication-evangelique.com\/?s={search_term_string}"},"query-input":{"@type":"PropertyValueSpecification","valueRequired":true,"valueName":"search_term_string"}}],"inLanguage":"fr-FR"},{"@type":["Person","Organization"],"@id":"https:\/\/publication-evangelique.com\/#\/schema\/person\/a7aa86223ca614c8c1a737d18c95460c","name":"Daniel Poulin","image":{"@type":"ImageObject","inLanguage":"fr-FR","@id":"https:\/\/publication-evangelique.com\/wp-content\/uploads\/daniel5-1.jpg","url":"https:\/\/publication-evangelique.com\/wp-content\/uploads\/daniel5-1.jpg","contentUrl":"https:\/\/publication-evangelique.com\/wp-content\/uploads\/daniel5-1.jpg","width":833,"height":969,"caption":"Daniel Poulin"},"logo":{"@id":"https:\/\/publication-evangelique.com\/wp-content\/uploads\/daniel5-1.jpg"},"description":"Bonjour, ici Daniel Poulin! Je suis un chr\u00e9tien n\u00e9 de nouveau depuis 1980, ayant parcouru un cheminement avec le Seigneur J\u00e9sus-Christ, j'ai construit ce site afin de partager mes connaissances de la parole de Dieu \" La Bible \" Je travaille aussi au d\u00e9veloppement de la station de radio chr\u00e9tienne fran\u00e7aise \u00e0 Montr\u00e9al, \" La Radio Gospel \" que vous pouvez voir ici http:\/\/laradiogospel.ca Je fr\u00e9quente aussi une \u00e9glise, dont je pr\u00eache et j\u2019enseigne la parole de Dieu. La communaut\u00e9 \u00c9vang\u00e9lique de l'Agneau \" , voici l'adresse, http:\/\/communauteevangelique.ca\/","sameAs":["https:\/\/publication-evangelique.com","https:\/\/www.facebook.com\/danielpoulin75","https:\/\/www.linkedin.com\/in\/daniel-poulin-64614745\/","https:\/\/x.com\/https:\/\/twitter.com\/Daniel_Poulin","https:\/\/www.youtube.com\/user\/danielpoulin75\/videos"]}]}},"_links":{"self":[{"href":"https:\/\/publication-evangelique.com\/index.php?rest_route=\/wp\/v2\/pages\/1084","targetHints":{"allow":["GET"]}}],"collection":[{"href":"https:\/\/publication-evangelique.com\/index.php?rest_route=\/wp\/v2\/pages"}],"about":[{"href":"https:\/\/publication-evangelique.com\/index.php?rest_route=\/wp\/v2\/types\/page"}],"author":[{"embeddable":true,"href":"https:\/\/publication-evangelique.com\/index.php?rest_route=\/wp\/v2\/users\/1"}],"replies":[{"embeddable":true,"href":"https:\/\/publication-evangelique.com\/index.php?rest_route=%2Fwp%2Fv2%2Fcomments&post=1084"}],"version-history":[{"count":0,"href":"https:\/\/publication-evangelique.com\/index.php?rest_route=\/wp\/v2\/pages\/1084\/revisions"}],"wp:featuredmedia":[{"embeddable":true,"href":"https:\/\/publication-evangelique.com\/index.php?rest_route=\/wp\/v2\/media\/14169"}],"wp:attachment":[{"href":"https:\/\/publication-evangelique.com\/index.php?rest_route=%2Fwp%2Fv2%2Fmedia&parent=1084"}],"curies":[{"name":"wp","href":"https:\/\/api.w.org\/{rel}","templated":true}]}}