{"id":11073,"date":"2016-01-04T09:19:03","date_gmt":"2016-01-04T14:19:03","guid":{"rendered":"http:\/\/publication-evangelique.com\/?page_id=11073"},"modified":"2017-08-07T06:15:15","modified_gmt":"2017-08-07T11:15:15","slug":"emission-de-radio-radio-evangelique-2016","status":"publish","type":"page","link":"https:\/\/publication-evangelique.com\/?page_id=11073","title":{"rendered":"\u00c9mission de radio \u00a0\u00bb Radio \u00c9vang\u00e9lique \u00a0\u00bb 2016"},"content":{"rendered":"<p>Vous pourrez \u00e9couter <strong>Daniel Poulin<\/strong> sur les ondes<br \/>\nde la station<strong> La Radio Gospel 1650 AM<\/strong> \u00e0 Montr\u00e9al ou sur internet sur <a title= \" laradiogospel.ca \" href= \" http:\/\/laradiogospel.ca \" target= \" _blank \" >http:\/\/laradiogospel.ca<\/a>.<\/p>\n<p>Tous les <strong>vendredi soir 22:30<\/strong><br \/>\net en rediffusion le <strong>samedi \u00e0 12:30<\/strong>.<\/p>\n<p>&nbsp;<\/p>\n<p><strong>Toutes les <strong>archives<\/strong> des \u00e9missions 2016 sont gard\u00e9s dans cette page.<\/strong><\/p>\n<table border= \" 0 \" align= \" center \" >\n<tbody>\n<tr valign= \" top \" >\n<td>&nbsp;<br \/>\n<a title= \" 23 d\u00e9cembre \" href= \" https:\/\/publication-evangelique.com\/?p=12395 \" target= \" _blank \" >23 d\u00e9cembre 2016<\/a><br \/>\n<a title= \" 16 d\u00e9cembre \" href= \" https:\/\/publication-evangelique.com\/?p=12378 \" target= \" _blank \" >16 d\u00e9cembre 2016<\/a><br \/>\n<a title= \" 9 d\u00e9cembre \" href= \" https:\/\/publication-evangelique.com\/?p=12357 \" target= \" _blank \" >9 d\u00e9cembre 2016<\/a><br \/>\n<a title= \" 2 d\u00e9cembre \" href= \" https:\/\/publication-evangelique.com\/?p=12346 \" target= \" _blank \" >2 d\u00e9cembre 2016<\/a><\/p>\n<p><a title= \" 25 novembre \" href= \" https:\/\/publication-evangelique.com\/?p=12330 \" target= \" _blank \" >25 novembre 2016<\/a><br \/>\n<a title= \" 11 novembre \" href= \" https:\/\/publication-evangelique.com\/?p=12304 \" target= \" _blank \" >11 novembre 2016<\/a><br \/>\n<a title= \" 4 novembre \" href= \" https:\/\/publication-evangelique.com\/?p=12292 \" target= \" _blank \" >4 novembre 2016<\/a><\/p>\n<p><a title= \" 28 octobre \" href= \" https:\/\/publication-evangelique.com\/?p=12260 \" target= \" _blank \" >28 octobre 2016<\/a><br \/>\n<a title= \" 21 octobre \" href= \" https:\/\/publication-evangelique.com\/?p=12245 \" target= \" _blank \" >21 octobre 2016<\/a><br \/>\n<a title= \" 14 octobre \" href= \" https:\/\/publication-evangelique.com\/?p=12229 \" target= \" _blank \" >14 octobre 2016<\/a><br \/>\n<a title= \" 7 octobre \" href= \" https:\/\/publication-evangelique.com\/?p=12215 \" target= \" _blank \" >7 octobre 2016<\/a><\/p>\n<p><a title= \" 30 septembre \" href= \" https:\/\/publication-evangelique.com\/?p=12197 \" target= \" _blank \" >30 septembre 2016<\/a><br \/>\n<a title= \" 23 septembre \" href= \" https:\/\/publication-evangelique.com\/?p=12184 \" target= \" _blank \" >23 septembre 2016<\/a><br \/>\n<a title= \" 16 septembre \" href= \" https:\/\/publication-evangelique.com\/?p=12170 \" target= \" _blank \" >16 septembre 2016<\/a><br \/>\n<a title= \" 9 septembre \" href= \" https:\/\/publication-evangelique.com\/?p=12150 \" target= \" _blank \" >9 septembre 2016<\/a><br \/>\n<a title= \" 2 septembre \" href= \" https:\/\/publication-evangelique.com\/?p=12133 \" target= \" _blank \" >2 septembre 2016<\/a><\/p>\n<p><a title= \" 26 ao\u00fbt \" href= \" https:\/\/publication-evangelique.com\/?p=12122 \" target= \" _blank \" >26 ao\u00fbt 2016<\/a><br \/>\n<a title= \" 19 ao\u00fbt \" href= \" https:\/\/publication-evangelique.com\/?p=12106 \" target= \" _blank \" >19 ao\u00fbt 2016<\/a><br \/>\n<a title= \" 12 ao\u00fbt \" href= \" https:\/\/publication-evangelique.com\/?p=12089 \" target= \" _blank \" >12 ao\u00fbt 2016<\/a><br \/>\n<a title= \" 5 ao\u00fbt \" href= \" https:\/\/publication-evangelique.com\/?p=12074 \" target= \" _blank \" >5 ao\u00fbt 2016<\/a><\/p>\n<p><a title= \" 29 juillet \" href= \" https:\/\/publication-evangelique.com\/?p=12064 \" target= \" _blank \" >29 juillet 2016<\/a><br \/>\n<a title= \" 22 juillet \" href= \" https:\/\/publication-evangelique.com\/?p=12050 \" target= \" _blank \" >22 juillet 2016<\/a><br \/>\n<a title= \" 15 juillet \" href= \" https:\/\/publication-evangelique.com\/?p=12036 \" target= \" _blank \" >15 juillet 2016<\/a><br \/>\n<a title= \" 8 juillet \" href= \" https:\/\/publication-evangelique.com\/?p=12026 \" target= \" _blank \" >8 juillet 2016<\/a><br \/>\n<a title= \" 1 juillet \" href= \" https:\/\/publication-evangelique.com\/?p=12010 \" target= \" _blank \" >1 juillet 2016<\/a><br \/>\n<img src= \" images\/spacer.gif \" border= \" 0 \" width= \" 200 \" height= \" 1 \" alt= \" \" ><br \/>\n&nbsp;<\/td>\n<td>&nbsp;<br \/>\n<a title= \" 24 juin \" href= \" https:\/\/publication-evangelique.com\/?p=11995 \" target= \" _blank \" >24 juin 2016<\/a><br \/>\n<a title= \" 17 juin \" href= \" https:\/\/publication-evangelique.com\/?p=11983 \" target= \" _blank \" >17 juin 2016<\/a><br \/>\n<a title= \" 10 juin \" href= \" https:\/\/publication-evangelique.com\/?p=11966 \" target= \" _blank \" >10 juin 2016<\/a><br \/>\n<a title= \" 3 juin \" href= \" https:\/\/publication-evangelique.com\/?p=11954 \" target= \" _blank \" >3 juin 2016<\/a><\/p>\n<p><a title= \" 20 mai \" href= \" https:\/\/publication-evangelique.com\/?p=11927 \" target= \" _blank \" >20 mai 2016<\/a><br \/>\n<a title= \" 13 mai \" href= \" https:\/\/publication-evangelique.com\/?p=11917 \" target= \" _blank \" >13 mai 2016<\/a><br \/>\n<a title= \" 6 mai \" href= \" https:\/\/publication-evangelique.com\/?p=11897 \" target= \" _blank \" >6 mai 2016<\/a><\/p>\n<p><a title= \" 29 avril \" href= \" https:\/\/publication-evangelique.com\/?p=11653 \" target= \" _blank \" >29 avril 2016<\/a><br \/>\n<a title= \" 22 avril \" href= \" https:\/\/publication-evangelique.com\/?p=11376 \" target= \" _blank \" >22 avril 2016<\/a><br \/>\n<a title= \" 15 avril \" href= \" https:\/\/publication-evangelique.com\/?p=11366 \" target= \" _blank \" >15 avril 2016<\/a><br \/>\n<a title= \" 8 avril \" href= \" https:\/\/publication-evangelique.com\/?p=11304 \" target= \" _blank \" >8 avril 2016<\/a><br \/>\n<a title= \" 1 avril \" href= \" https:\/\/publication-evangelique.com\/?p=11281 \" target= \" _blank \" >1 avril 2016<\/a><\/p>\n<p><a title= \" 25 mars \" href= \" https:\/\/publication-evangelique.com\/?p=11265 \" target= \" _blank \" >25 mars 2016<\/a><br \/>\n<a title= \" 18 mars \" href= \" https:\/\/publication-evangelique.com\/?p=11253 \" target= \" _blank \" >18 mars 2016<\/a><br \/>\n<a title= \" 11 mars \" href= \" https:\/\/publication-evangelique.com\/?p=11235 \" target= \" _blank \" >11 mars 2016<\/a><br \/>\n<a title= \" 4 mars \" href= \" https:\/\/publication-evangelique.com\/?p=11214 \" target= \" _blank \" >4 mars 2016<\/a><\/p>\n<p><a title= \" 26 f\u00e9vrier \" href= \" https:\/\/publication-evangelique.com\/?p=11196 \" target= \" _blank \" >26 f\u00e9vrier 2016<\/a><br \/>\n<a title= \" 19 f\u00e9vrier \" href= \" https:\/\/publication-evangelique.com\/?p=11187 \" target= \" _blank \" >19 f\u00e9vrier 2016<\/a><br \/>\n<a title= \" 12 f\u00e9vrier \" href= \" https:\/\/publication-evangelique.com\/?p=11162 \" target= \" _blank \" >12 f\u00e9vrier 2016<\/a><br \/>\n<a title= \" 5 f\u00e9vrier \" href= \" https:\/\/publication-evangelique.com\/?p=11162 \" target= \" _blank \" >5 f\u00e9vrier 2016<\/a><\/p>\n<p><a title= \" 29 janvier \" href= \" https:\/\/publication-evangelique.com\/?p=11172 \" target= \" _blank \" >29 janvier 2016<\/a><br \/>\n<a title= \" 22 janvier \" href= \" https:\/\/publication-evangelique.com\/?p=11127 \" target= \" _blank \" >22 janvier 2016<\/a><br \/>\n<a title= \" 15 janvier \" href= \" https:\/\/publication-evangelique.com\/?p=11108 \" target= \" _blank \" >15 janvier 2016<\/a><br \/>\n<a title= \" 8 janvier \" href= \" https:\/\/publication-evangelique.com\/?p=11093 \" target= \" _blank \" >8 janvier 2016<\/a><br \/>\n<a title= \" 1 janvier \" href= \" https:\/\/publication-evangelique.com\/?p=11069 \" target= \" _blank \" >1 janvier 2016<\/a><\/p>\n<p><img src= \" images\/spacer.gif \" border= \" 0 \" width= \" 200 \" height= \" 1 \" alt= \" \" ><\/p>\n<p>&nbsp;<\/td>\n<\/tr>\n<\/tbody>\n<\/table>\n<p><\/br><\/br><\/p>\n<p>Daniel Poulin<br \/>\n<a title= \" Publication \u00c9vang\u00e9lique \" href= \" https:\/\/publication-evangelique.com \" target= \" _blank \" >https:\/\/publication-evangelique.com<\/a><\/p>\n","protected":false},"excerpt":{"rendered":"<p>Vous pourrez \u00e9couter Daniel Poulin sur les ondes de la station La Radio Gospel 1650 AM \u00e0 Montr\u00e9al ou sur internet sur http:\/\/laradiogospel.ca. Tous les vendredi soir 22:30 et en rediffusion le samedi \u00e0 12:30. &nbsp; Toutes les archives des <span class=\"excerpt-dots\">&hellip;<\/span> <a class=\"more-link\" href=\"https:\/\/publication-evangelique.com\/?page_id=11073\"><span class=\"more-msg\">Lire la suite &rarr;<\/span><\/a><\/p>\n","protected":false},"author":1,"featured_media":13199,"parent":0,"menu_order":0,"comment_status":"closed","ping_status":"closed","template":"","meta":{"footnotes":""},"class_list":["post-11073","page","type-page","status-publish","has-post-thumbnail","hentry"],"yoast_head":"<!-- This site is optimized with the Yoast SEO plugin v27.5 - https:\/\/yoast.com\/product\/yoast-seo-wordpress\/ -->\n<title>\u00c9mission de radio &quot; Radio \u00c9vang\u00e9lique &quot; 2016 - Publication \u00c9vang\u00e9lique<\/title>\n<meta name=\"robots\" content=\"index, follow, max-snippet:-1, max-image-preview:large, max-video-preview:-1\" \/>\n<link rel=\"canonical\" href=\"https:\/\/publication-evangelique.com\/?page_id=11073\" \/>\n<meta property=\"og:locale\" content=\"fr_FR\" \/>\n<meta property=\"og:type\" content=\"article\" \/>\n<meta property=\"og:title\" content=\"\u00c9mission de radio &quot; Radio \u00c9vang\u00e9lique &quot; 2016 - Publication \u00c9vang\u00e9lique\" \/>\n<meta property=\"og:description\" content=\"Vous pourrez \u00e9couter Daniel Poulin sur les ondes de la station La Radio Gospel 1650 AM \u00e0 Montr\u00e9al ou sur internet sur http:\/\/laradiogospel.ca. Tous les vendredi soir 22:30 et en rediffusion le samedi \u00e0 12:30. &nbsp; Toutes les archives des &hellip; Lire la suite &rarr;\" \/>\n<meta property=\"og:url\" content=\"https:\/\/publication-evangelique.com\/?page_id=11073\" \/>\n<meta property=\"og:site_name\" content=\"Publication \u00c9vang\u00e9lique\" \/>\n<meta property=\"article:publisher\" content=\"https:\/\/www.facebook.com\/danielpoulin75\" \/>\n<meta property=\"article:modified_time\" content=\"2017-08-07T11:15:15+00:00\" \/>\n<meta property=\"og:image\" content=\"https:\/\/publication-evangelique.com\/wp-content\/uploads\/radioevangelique.jpg\" \/>\n\t<meta property=\"og:image:width\" content=\"1280\" \/>\n\t<meta property=\"og:image:height\" content=\"960\" \/>\n\t<meta property=\"og:image:type\" content=\"image\/jpeg\" \/>\n<meta name=\"twitter:label1\" content=\"Dur\u00e9e de lecture estim\u00e9e\" \/>\n\t<meta name=\"twitter:data1\" content=\"1 minute\" \/>\n<script type=\"application\/ld+json\" class=\"yoast-schema-graph\">{\"@context\":\"https:\\\/\\\/schema.org\",\"@graph\":[{\"@type\":\"WebPage\",\"@id\":\"https:\\\/\\\/publication-evangelique.com\\\/?page_id=11073\",\"url\":\"https:\\\/\\\/publication-evangelique.com\\\/?page_id=11073\",\"name\":\"\u00c9mission de radio \\\" Radio \u00c9vang\u00e9lique \\\" 2016 - Publication \u00c9vang\u00e9lique\",\"isPartOf\":{\"@id\":\"https:\\\/\\\/publication-evangelique.com\\\/#website\"},\"primaryImageOfPage\":{\"@id\":\"https:\\\/\\\/publication-evangelique.com\\\/?page_id=11073#primaryimage\"},\"image\":{\"@id\":\"https:\\\/\\\/publication-evangelique.com\\\/?page_id=11073#primaryimage\"},\"thumbnailUrl\":\"https:\\\/\\\/publication-evangelique.com\\\/wp-content\\\/uploads\\\/radioevangelique.jpg\",\"datePublished\":\"2016-01-04T14:19:03+00:00\",\"dateModified\":\"2017-08-07T11:15:15+00:00\",\"breadcrumb\":{\"@id\":\"https:\\\/\\\/publication-evangelique.com\\\/?page_id=11073#breadcrumb\"},\"inLanguage\":\"fr-FR\",\"potentialAction\":[{\"@type\":\"ReadAction\",\"target\":[\"https:\\\/\\\/publication-evangelique.com\\\/?page_id=11073\"]}]},{\"@type\":\"ImageObject\",\"inLanguage\":\"fr-FR\",\"@id\":\"https:\\\/\\\/publication-evangelique.com\\\/?page_id=11073#primaryimage\",\"url\":\"https:\\\/\\\/publication-evangelique.com\\\/wp-content\\\/uploads\\\/radioevangelique.jpg\",\"contentUrl\":\"https:\\\/\\\/publication-evangelique.com\\\/wp-content\\\/uploads\\\/radioevangelique.jpg\",\"width\":1280,\"height\":960},{\"@type\":\"BreadcrumbList\",\"@id\":\"https:\\\/\\\/publication-evangelique.com\\\/?page_id=11073#breadcrumb\",\"itemListElement\":[{\"@type\":\"ListItem\",\"position\":1,\"name\":\"Accueil\",\"item\":\"https:\\\/\\\/publication-evangelique.com\\\/\"},{\"@type\":\"ListItem\",\"position\":2,\"name\":\"\u00c9mission de radio \u00ab\u00a0Radio \u00c9vang\u00e9lique\u00a0\u00bb 2016\"}]},{\"@type\":\"WebSite\",\"@id\":\"https:\\\/\\\/publication-evangelique.com\\\/#website\",\"url\":\"https:\\\/\\\/publication-evangelique.com\\\/\",\"name\":\"Daniel Poulin - publication-evangelique.com\",\"description\":\"Daniel Poulin\",\"publisher\":{\"@id\":\"https:\\\/\\\/publication-evangelique.com\\\/#\\\/schema\\\/person\\\/a7aa86223ca614c8c1a737d18c95460c\"},\"potentialAction\":[{\"@type\":\"SearchAction\",\"target\":{\"@type\":\"EntryPoint\",\"urlTemplate\":\"https:\\\/\\\/publication-evangelique.com\\\/?s={search_term_string}\"},\"query-input\":{\"@type\":\"PropertyValueSpecification\",\"valueRequired\":true,\"valueName\":\"search_term_string\"}}],\"inLanguage\":\"fr-FR\"},{\"@type\":[\"Person\",\"Organization\"],\"@id\":\"https:\\\/\\\/publication-evangelique.com\\\/#\\\/schema\\\/person\\\/a7aa86223ca614c8c1a737d18c95460c\",\"name\":\"Daniel Poulin\",\"image\":{\"@type\":\"ImageObject\",\"inLanguage\":\"fr-FR\",\"@id\":\"https:\\\/\\\/publication-evangelique.com\\\/wp-content\\\/uploads\\\/daniel5-1.jpg\",\"url\":\"https:\\\/\\\/publication-evangelique.com\\\/wp-content\\\/uploads\\\/daniel5-1.jpg\",\"contentUrl\":\"https:\\\/\\\/publication-evangelique.com\\\/wp-content\\\/uploads\\\/daniel5-1.jpg\",\"width\":833,\"height\":969,\"caption\":\"Daniel Poulin\"},\"logo\":{\"@id\":\"https:\\\/\\\/publication-evangelique.com\\\/wp-content\\\/uploads\\\/daniel5-1.jpg\"},\"description\":\"Bonjour, ici Daniel Poulin! Je suis un chr\u00e9tien n\u00e9 de nouveau depuis 1980, ayant parcouru un cheminement avec le Seigneur J\u00e9sus-Christ, j'ai construit ce site afin de partager mes connaissances de la parole de Dieu \\\" La Bible \\\" Je travaille aussi au d\u00e9veloppement de la station de radio chr\u00e9tienne fran\u00e7aise \u00e0 Montr\u00e9al, \\\" La Radio Gospel \\\" que vous pouvez voir ici http:\\\/\\\/laradiogospel.ca Je fr\u00e9quente aussi une \u00e9glise, dont je pr\u00eache et j\u2019enseigne la parole de Dieu. La communaut\u00e9 \u00c9vang\u00e9lique de l'Agneau \\\" , voici l'adresse, http:\\\/\\\/communauteevangelique.ca\\\/\",\"sameAs\":[\"https:\\\/\\\/publication-evangelique.com\",\"https:\\\/\\\/www.facebook.com\\\/danielpoulin75\",\"https:\\\/\\\/www.linkedin.com\\\/in\\\/daniel-poulin-64614745\\\/\",\"https:\\\/\\\/x.com\\\/https:\\\/\\\/twitter.com\\\/Daniel_Poulin\",\"https:\\\/\\\/www.youtube.com\\\/user\\\/danielpoulin75\\\/videos\"]}]}<\/script>\n<!-- \/ Yoast SEO plugin. -->","yoast_head_json":{"title":"\u00c9mission de radio \" Radio \u00c9vang\u00e9lique \" 2016 - Publication \u00c9vang\u00e9lique","robots":{"index":"index","follow":"follow","max-snippet":"max-snippet:-1","max-image-preview":"max-image-preview:large","max-video-preview":"max-video-preview:-1"},"canonical":"https:\/\/publication-evangelique.com\/?page_id=11073","og_locale":"fr_FR","og_type":"article","og_title":"\u00c9mission de radio \" Radio \u00c9vang\u00e9lique \" 2016 - Publication \u00c9vang\u00e9lique","og_description":"Vous pourrez \u00e9couter Daniel Poulin sur les ondes de la station La Radio Gospel 1650 AM \u00e0 Montr\u00e9al ou sur internet sur http:\/\/laradiogospel.ca. Tous les vendredi soir 22:30 et en rediffusion le samedi \u00e0 12:30. &nbsp; Toutes les archives des &hellip; Lire la suite &rarr;","og_url":"https:\/\/publication-evangelique.com\/?page_id=11073","og_site_name":"Publication \u00c9vang\u00e9lique","article_publisher":"https:\/\/www.facebook.com\/danielpoulin75","article_modified_time":"2017-08-07T11:15:15+00:00","og_image":[{"width":1280,"height":960,"url":"https:\/\/publication-evangelique.com\/wp-content\/uploads\/radioevangelique.jpg","type":"image\/jpeg"}],"twitter_misc":{"Dur\u00e9e de lecture estim\u00e9e":"1 minute"},"schema":{"@context":"https:\/\/schema.org","@graph":[{"@type":"WebPage","@id":"https:\/\/publication-evangelique.com\/?page_id=11073","url":"https:\/\/publication-evangelique.com\/?page_id=11073","name":"\u00c9mission de radio \" Radio \u00c9vang\u00e9lique \" 2016 - Publication \u00c9vang\u00e9lique","isPartOf":{"@id":"https:\/\/publication-evangelique.com\/#website"},"primaryImageOfPage":{"@id":"https:\/\/publication-evangelique.com\/?page_id=11073#primaryimage"},"image":{"@id":"https:\/\/publication-evangelique.com\/?page_id=11073#primaryimage"},"thumbnailUrl":"https:\/\/publication-evangelique.com\/wp-content\/uploads\/radioevangelique.jpg","datePublished":"2016-01-04T14:19:03+00:00","dateModified":"2017-08-07T11:15:15+00:00","breadcrumb":{"@id":"https:\/\/publication-evangelique.com\/?page_id=11073#breadcrumb"},"inLanguage":"fr-FR","potentialAction":[{"@type":"ReadAction","target":["https:\/\/publication-evangelique.com\/?page_id=11073"]}]},{"@type":"ImageObject","inLanguage":"fr-FR","@id":"https:\/\/publication-evangelique.com\/?page_id=11073#primaryimage","url":"https:\/\/publication-evangelique.com\/wp-content\/uploads\/radioevangelique.jpg","contentUrl":"https:\/\/publication-evangelique.com\/wp-content\/uploads\/radioevangelique.jpg","width":1280,"height":960},{"@type":"BreadcrumbList","@id":"https:\/\/publication-evangelique.com\/?page_id=11073#breadcrumb","itemListElement":[{"@type":"ListItem","position":1,"name":"Accueil","item":"https:\/\/publication-evangelique.com\/"},{"@type":"ListItem","position":2,"name":"\u00c9mission de radio \u00ab\u00a0Radio \u00c9vang\u00e9lique\u00a0\u00bb 2016"}]},{"@type":"WebSite","@id":"https:\/\/publication-evangelique.com\/#website","url":"https:\/\/publication-evangelique.com\/","name":"Daniel Poulin - publication-evangelique.com","description":"Daniel Poulin","publisher":{"@id":"https:\/\/publication-evangelique.com\/#\/schema\/person\/a7aa86223ca614c8c1a737d18c95460c"},"potentialAction":[{"@type":"SearchAction","target":{"@type":"EntryPoint","urlTemplate":"https:\/\/publication-evangelique.com\/?s={search_term_string}"},"query-input":{"@type":"PropertyValueSpecification","valueRequired":true,"valueName":"search_term_string"}}],"inLanguage":"fr-FR"},{"@type":["Person","Organization"],"@id":"https:\/\/publication-evangelique.com\/#\/schema\/person\/a7aa86223ca614c8c1a737d18c95460c","name":"Daniel Poulin","image":{"@type":"ImageObject","inLanguage":"fr-FR","@id":"https:\/\/publication-evangelique.com\/wp-content\/uploads\/daniel5-1.jpg","url":"https:\/\/publication-evangelique.com\/wp-content\/uploads\/daniel5-1.jpg","contentUrl":"https:\/\/publication-evangelique.com\/wp-content\/uploads\/daniel5-1.jpg","width":833,"height":969,"caption":"Daniel Poulin"},"logo":{"@id":"https:\/\/publication-evangelique.com\/wp-content\/uploads\/daniel5-1.jpg"},"description":"Bonjour, ici Daniel Poulin! Je suis un chr\u00e9tien n\u00e9 de nouveau depuis 1980, ayant parcouru un cheminement avec le Seigneur J\u00e9sus-Christ, j'ai construit ce site afin de partager mes connaissances de la parole de Dieu \" La Bible \" Je travaille aussi au d\u00e9veloppement de la station de radio chr\u00e9tienne fran\u00e7aise \u00e0 Montr\u00e9al, \" La Radio Gospel \" que vous pouvez voir ici http:\/\/laradiogospel.ca Je fr\u00e9quente aussi une \u00e9glise, dont je pr\u00eache et j\u2019enseigne la parole de Dieu. La communaut\u00e9 \u00c9vang\u00e9lique de l'Agneau \" , voici l'adresse, http:\/\/communauteevangelique.ca\/","sameAs":["https:\/\/publication-evangelique.com","https:\/\/www.facebook.com\/danielpoulin75","https:\/\/www.linkedin.com\/in\/daniel-poulin-64614745\/","https:\/\/x.com\/https:\/\/twitter.com\/Daniel_Poulin","https:\/\/www.youtube.com\/user\/danielpoulin75\/videos"]}]}},"_links":{"self":[{"href":"https:\/\/publication-evangelique.com\/index.php?rest_route=\/wp\/v2\/pages\/11073","targetHints":{"allow":["GET"]}}],"collection":[{"href":"https:\/\/publication-evangelique.com\/index.php?rest_route=\/wp\/v2\/pages"}],"about":[{"href":"https:\/\/publication-evangelique.com\/index.php?rest_route=\/wp\/v2\/types\/page"}],"author":[{"embeddable":true,"href":"https:\/\/publication-evangelique.com\/index.php?rest_route=\/wp\/v2\/users\/1"}],"replies":[{"embeddable":true,"href":"https:\/\/publication-evangelique.com\/index.php?rest_route=%2Fwp%2Fv2%2Fcomments&post=11073"}],"version-history":[{"count":0,"href":"https:\/\/publication-evangelique.com\/index.php?rest_route=\/wp\/v2\/pages\/11073\/revisions"}],"wp:featuredmedia":[{"embeddable":true,"href":"https:\/\/publication-evangelique.com\/index.php?rest_route=\/wp\/v2\/media\/13199"}],"wp:attachment":[{"href":"https:\/\/publication-evangelique.com\/index.php?rest_route=%2Fwp%2Fv2%2Fmedia&parent=11073"}],"curies":[{"name":"wp","href":"https:\/\/api.w.org\/{rel}","templated":true}]}}