{"id":11341,"date":"2016-04-12T07:50:58","date_gmt":"2016-04-12T12:50:58","guid":{"rendered":"http:\/\/publication-evangelique.com\/?page_id=11341"},"modified":"2017-08-08T13:30:45","modified_gmt":"2017-08-08T18:30:45","slug":"la-foi","status":"publish","type":"page","link":"https:\/\/publication-evangelique.com\/?page_id=11341","title":{"rendered":"La foi"},"content":{"rendered":"<p><strong>Le Seigneur veut nous parler sur la seule chose qui pour lui, a de la valeur dans ce monde.<\/strong><\/p>\n<p><strong>La foi!<\/strong><\/p>\n<p><strong>Qu\u2019est-ce que la foi qui pla\u00eet \u00e0 Dieu? <\/strong><\/p>\n<p><strong>Comment un individu p\u00e9cheur, peut-il lorsqu\u2019il r\u00e9alise son \u00e9tat, s\u2019approcher et plaire \u00e0 Dieu? <\/strong><\/p>\n<p>Vous pouvez \u00e9couter les messages en format MP3.<\/p>\n<p>1 &#8211; <a href= \" https:\/\/publication-evangelique.com\/?p=11338 \" > La foi qui pla\u00eet \u00e0 Dieu<\/a><br \/>\n2 &#8211; <a href= \" https:\/\/publication-evangelique.com\/?p=11370 \" > De quoi est compos\u00e9e la foi recherch\u00e9e par Dieu?<\/a><br \/>\n3 &#8211; <a href= \" https:\/\/publication-evangelique.com\/?p=11630 \" > Comment na\u00eet la foi qui sauve?<\/a><br \/>\n4 &#8211; <a href= \" https:\/\/publication-evangelique.com\/?p=11701 \" > Pour une croissance dans la foi\u2026 <\/a><br \/>\n5 &#8211; <a href= \" https:\/\/publication-evangelique.com\/?p=11904 \" > Vivre sa foi selon la parole de Dieu <\/a><br \/>\n6 &#8211; <a href= \" https:\/\/publication-evangelique.com\/?p=11922 \" > Marcher par la foi nous am\u00e8ne \u00e0 faire des pas par la foi <\/a><br \/>\n7 &#8211; <a href= \" https:\/\/publication-evangelique.com\/?p=11933 \" > Marcher par la foi nous am\u00e8ne \u00e0 r\u00e9pondre \u00e0 l\u2019appel de Dieu <\/a><br \/>\n8 &#8211; <a href= \" https:\/\/publication-evangelique.com\/?p=11942 \" > Ce que la foi n\u2019est pas et ce qu\u2019un disciple confessera <\/a><br \/>\n9 &#8211; <a href= \" https:\/\/publication-evangelique.com\/?p=11960 \" > L\u2019incr\u00e9dulit\u00e9 est le contraire de la marche par la foi <\/a><br \/>\n10 &#8211; <a href= \" https:\/\/publication-evangelique.com\/?p=11972 \" > Les cons\u00e9quences du manque de foi ou de l\u2019incr\u00e9dulit\u00e9 <\/a><br \/>\n11 &#8211; <a href= \" https:\/\/publication-evangelique.com\/?p=11988 \" > Est-il possible de passer de l\u2019incr\u00e9dulit\u00e9 \u00e0 la foi? <\/a><br \/>\n12 &#8211; <a href= \" https:\/\/publication-evangelique.com\/?p=11999 \" > Quels sont quelques avantages de la marche par la foi? <\/a><br \/>\n13 &#8211; <a href= \" https:\/\/publication-evangelique.com\/?p=12015 \" > Le raffinement et l\u2019\u00e9puration de notre foi par les \u00e9preuves <\/a><br \/>\n14 &#8211; <a href= \" https:\/\/publication-evangelique.com\/?p=12031 \" > Notre foi, le plus grand tr\u00e9sor, qui doit \u00eatre d\u00e9fendue <\/a><br \/>\n15 &#8211; <a href= \" https:\/\/publication-evangelique.com\/?p=12043 \" > Quel est le message central qui doit \u00eatre cru et gard\u00e9 par la foi? <\/a><br \/>\n16 &#8211; <a href= \" https:\/\/publication-evangelique.com\/?p=12056 \" > C\u2019est par la foi que nous reconnaissons qu\u2019il y a un Dieu cr\u00e9ateur <\/a><br \/>\n17 &#8211; <a href= \" https:\/\/publication-evangelique.com\/?p=12069 \" > C\u2019est par la foi que nous reconnaissons que les paroles dans la Bible sont les vraies paroles de Dieu! <\/a><br \/>\n18 &#8211; <a href= \" https:\/\/publication-evangelique.com\/?p=12080 \" > C\u2019est par la foi que nous saisissons le salut <\/a><br \/>\n19 &#8211; <a href= \" https:\/\/publication-evangelique.com\/?p=12097 \" > C\u2019est par la foi que nous saisissons ses promesses <\/a><br \/>\n20 &#8211; <a href= \" https:\/\/publication-evangelique.com\/?p=12111 \" > C\u2019est par la foi que nous nous encouragerons \u00e0 pers\u00e9v\u00e9rer dans la foi jusqu\u2019\u00e0 la fin <\/a><br \/>\n21 &#8211; <a href= \" https:\/\/publication-evangelique.com\/?p=12128 \" > C\u2019est par la foi que nous marchons vers la cit\u00e9 c\u00e9leste<\/a><br \/>\n22 &#8211; <a href= \" https:\/\/publication-evangelique.com\/?p=12142 \" > C\u2019est par la foi que nous combattons les ennemis de Dieu<\/a><br \/>\n23 &#8211; <a href= \" https:\/\/publication-evangelique.com\/?p=12157 \" > C\u2019est par la foi que nous consacrons notre vie \u00e0 servir le Seigneur<\/a><br \/>\n24 &#8211; <a href= \" https:\/\/publication-evangelique.com\/?p=12174 \" > Confessons les paroles de foi de la parole de Dieu.<\/a><\/p>\n<p>&#8212;&#8212;&#8212;&#8212;&#8212;&#8212;&#8212;&#8212;&#8212;<\/p>\n<p>Note: A part d&rsquo;une mention sp\u00e9ciale, toutes les citations bibliques<br \/>\nsont tir\u00e9es du texte de la traduction; Louis Segond 1910.<br \/>\n\u00a9 Tout droit r\u00e9serv\u00e9<\/p>\n<p>Produit par : Daniel Poulin<br \/>\n\u00c9dit\u00e9 par : <a href= \" https:\/\/publication-evangelique.com \" >https:\/\/publication-evangelique.com<\/a><\/p>\n<p>Adresse de ce blogue : <a href= \" https:\/\/publication-evangelique.com\/?page_id=10686 \" >https:\/\/publication-evangelique.com\/?page_id=10686<\/a><\/p>\n","protected":false},"excerpt":{"rendered":"<p>Le Seigneur veut nous parler sur la seule chose qui pour lui, a de la valeur dans ce monde. La foi! Qu\u2019est-ce que la foi qui pla\u00eet \u00e0 Dieu? Comment un individu p\u00e9cheur, peut-il lorsqu\u2019il r\u00e9alise son \u00e9tat, s\u2019approcher et <span class=\"excerpt-dots\">&hellip;<\/span> <a class=\"more-link\" href=\"https:\/\/publication-evangelique.com\/?page_id=11341\"><span class=\"more-msg\">Lire la suite &rarr;<\/span><\/a><\/p>\n","protected":false},"author":1,"featured_media":13139,"parent":0,"menu_order":0,"comment_status":"open","ping_status":"open","template":"","meta":{"footnotes":""},"class_list":["post-11341","page","type-page","status-publish","has-post-thumbnail","hentry"],"yoast_head":"<!-- This site is optimized with the Yoast SEO plugin v27.5 - https:\/\/yoast.com\/product\/yoast-seo-wordpress\/ -->\n<title>La foi - Publication \u00c9vang\u00e9lique<\/title>\n<meta name=\"robots\" content=\"index, follow, max-snippet:-1, max-image-preview:large, max-video-preview:-1\" \/>\n<link rel=\"canonical\" href=\"https:\/\/publication-evangelique.com\/?page_id=11341\" \/>\n<meta property=\"og:locale\" content=\"fr_FR\" \/>\n<meta property=\"og:type\" content=\"article\" \/>\n<meta property=\"og:title\" content=\"La foi - Publication \u00c9vang\u00e9lique\" \/>\n<meta property=\"og:description\" content=\"Le Seigneur veut nous parler sur la seule chose qui pour lui, a de la valeur dans ce monde. La foi! Qu\u2019est-ce que la foi qui pla\u00eet \u00e0 Dieu? Comment un individu p\u00e9cheur, peut-il lorsqu\u2019il r\u00e9alise son \u00e9tat, s\u2019approcher et &hellip; Lire la suite &rarr;\" \/>\n<meta property=\"og:url\" content=\"https:\/\/publication-evangelique.com\/?page_id=11341\" \/>\n<meta property=\"og:site_name\" content=\"Publication \u00c9vang\u00e9lique\" \/>\n<meta property=\"article:publisher\" content=\"https:\/\/www.facebook.com\/danielpoulin75\" \/>\n<meta property=\"article:modified_time\" content=\"2017-08-08T18:30:45+00:00\" \/>\n<meta property=\"og:image\" content=\"https:\/\/publication-evangelique.com\/wp-content\/uploads\/1343.jpg\" \/>\n\t<meta property=\"og:image:width\" content=\"1280\" \/>\n\t<meta property=\"og:image:height\" content=\"852\" \/>\n\t<meta property=\"og:image:type\" content=\"image\/jpeg\" \/>\n<meta name=\"twitter:label1\" content=\"Dur\u00e9e de lecture estim\u00e9e\" \/>\n\t<meta name=\"twitter:data1\" content=\"2 minutes\" \/>\n<script type=\"application\/ld+json\" class=\"yoast-schema-graph\">{\"@context\":\"https:\\\/\\\/schema.org\",\"@graph\":[{\"@type\":\"WebPage\",\"@id\":\"https:\\\/\\\/publication-evangelique.com\\\/?page_id=11341\",\"url\":\"https:\\\/\\\/publication-evangelique.com\\\/?page_id=11341\",\"name\":\"La foi - Publication \u00c9vang\u00e9lique\",\"isPartOf\":{\"@id\":\"https:\\\/\\\/publication-evangelique.com\\\/#website\"},\"primaryImageOfPage\":{\"@id\":\"https:\\\/\\\/publication-evangelique.com\\\/?page_id=11341#primaryimage\"},\"image\":{\"@id\":\"https:\\\/\\\/publication-evangelique.com\\\/?page_id=11341#primaryimage\"},\"thumbnailUrl\":\"https:\\\/\\\/publication-evangelique.com\\\/wp-content\\\/uploads\\\/1343.jpg\",\"datePublished\":\"2016-04-12T12:50:58+00:00\",\"dateModified\":\"2017-08-08T18:30:45+00:00\",\"breadcrumb\":{\"@id\":\"https:\\\/\\\/publication-evangelique.com\\\/?page_id=11341#breadcrumb\"},\"inLanguage\":\"fr-FR\",\"potentialAction\":[{\"@type\":\"ReadAction\",\"target\":[\"https:\\\/\\\/publication-evangelique.com\\\/?page_id=11341\"]}]},{\"@type\":\"ImageObject\",\"inLanguage\":\"fr-FR\",\"@id\":\"https:\\\/\\\/publication-evangelique.com\\\/?page_id=11341#primaryimage\",\"url\":\"https:\\\/\\\/publication-evangelique.com\\\/wp-content\\\/uploads\\\/1343.jpg\",\"contentUrl\":\"https:\\\/\\\/publication-evangelique.com\\\/wp-content\\\/uploads\\\/1343.jpg\",\"width\":1280,\"height\":852},{\"@type\":\"BreadcrumbList\",\"@id\":\"https:\\\/\\\/publication-evangelique.com\\\/?page_id=11341#breadcrumb\",\"itemListElement\":[{\"@type\":\"ListItem\",\"position\":1,\"name\":\"Accueil\",\"item\":\"https:\\\/\\\/publication-evangelique.com\\\/\"},{\"@type\":\"ListItem\",\"position\":2,\"name\":\"La foi\"}]},{\"@type\":\"WebSite\",\"@id\":\"https:\\\/\\\/publication-evangelique.com\\\/#website\",\"url\":\"https:\\\/\\\/publication-evangelique.com\\\/\",\"name\":\"Daniel Poulin - publication-evangelique.com\",\"description\":\"Daniel Poulin\",\"publisher\":{\"@id\":\"https:\\\/\\\/publication-evangelique.com\\\/#\\\/schema\\\/person\\\/a7aa86223ca614c8c1a737d18c95460c\"},\"potentialAction\":[{\"@type\":\"SearchAction\",\"target\":{\"@type\":\"EntryPoint\",\"urlTemplate\":\"https:\\\/\\\/publication-evangelique.com\\\/?s={search_term_string}\"},\"query-input\":{\"@type\":\"PropertyValueSpecification\",\"valueRequired\":true,\"valueName\":\"search_term_string\"}}],\"inLanguage\":\"fr-FR\"},{\"@type\":[\"Person\",\"Organization\"],\"@id\":\"https:\\\/\\\/publication-evangelique.com\\\/#\\\/schema\\\/person\\\/a7aa86223ca614c8c1a737d18c95460c\",\"name\":\"Daniel Poulin\",\"image\":{\"@type\":\"ImageObject\",\"inLanguage\":\"fr-FR\",\"@id\":\"https:\\\/\\\/publication-evangelique.com\\\/wp-content\\\/uploads\\\/daniel5-1.jpg\",\"url\":\"https:\\\/\\\/publication-evangelique.com\\\/wp-content\\\/uploads\\\/daniel5-1.jpg\",\"contentUrl\":\"https:\\\/\\\/publication-evangelique.com\\\/wp-content\\\/uploads\\\/daniel5-1.jpg\",\"width\":833,\"height\":969,\"caption\":\"Daniel Poulin\"},\"logo\":{\"@id\":\"https:\\\/\\\/publication-evangelique.com\\\/wp-content\\\/uploads\\\/daniel5-1.jpg\"},\"description\":\"Bonjour, ici Daniel Poulin! Je suis un chr\u00e9tien n\u00e9 de nouveau depuis 1980, ayant parcouru un cheminement avec le Seigneur J\u00e9sus-Christ, j'ai construit ce site afin de partager mes connaissances de la parole de Dieu \\\" La Bible \\\" Je travaille aussi au d\u00e9veloppement de la station de radio chr\u00e9tienne fran\u00e7aise \u00e0 Montr\u00e9al, \\\" La Radio Gospel \\\" que vous pouvez voir ici http:\\\/\\\/laradiogospel.ca Je fr\u00e9quente aussi une \u00e9glise, dont je pr\u00eache et j\u2019enseigne la parole de Dieu. La communaut\u00e9 \u00c9vang\u00e9lique de l'Agneau \\\" , voici l'adresse, http:\\\/\\\/communauteevangelique.ca\\\/\",\"sameAs\":[\"https:\\\/\\\/publication-evangelique.com\",\"https:\\\/\\\/www.facebook.com\\\/danielpoulin75\",\"https:\\\/\\\/www.linkedin.com\\\/in\\\/daniel-poulin-64614745\\\/\",\"https:\\\/\\\/x.com\\\/https:\\\/\\\/twitter.com\\\/Daniel_Poulin\",\"https:\\\/\\\/www.youtube.com\\\/user\\\/danielpoulin75\\\/videos\"]}]}<\/script>\n<!-- \/ Yoast SEO plugin. -->","yoast_head_json":{"title":"La foi - Publication \u00c9vang\u00e9lique","robots":{"index":"index","follow":"follow","max-snippet":"max-snippet:-1","max-image-preview":"max-image-preview:large","max-video-preview":"max-video-preview:-1"},"canonical":"https:\/\/publication-evangelique.com\/?page_id=11341","og_locale":"fr_FR","og_type":"article","og_title":"La foi - Publication \u00c9vang\u00e9lique","og_description":"Le Seigneur veut nous parler sur la seule chose qui pour lui, a de la valeur dans ce monde. La foi! Qu\u2019est-ce que la foi qui pla\u00eet \u00e0 Dieu? Comment un individu p\u00e9cheur, peut-il lorsqu\u2019il r\u00e9alise son \u00e9tat, s\u2019approcher et &hellip; Lire la suite &rarr;","og_url":"https:\/\/publication-evangelique.com\/?page_id=11341","og_site_name":"Publication \u00c9vang\u00e9lique","article_publisher":"https:\/\/www.facebook.com\/danielpoulin75","article_modified_time":"2017-08-08T18:30:45+00:00","og_image":[{"width":1280,"height":852,"url":"https:\/\/publication-evangelique.com\/wp-content\/uploads\/1343.jpg","type":"image\/jpeg"}],"twitter_misc":{"Dur\u00e9e de lecture estim\u00e9e":"2 minutes"},"schema":{"@context":"https:\/\/schema.org","@graph":[{"@type":"WebPage","@id":"https:\/\/publication-evangelique.com\/?page_id=11341","url":"https:\/\/publication-evangelique.com\/?page_id=11341","name":"La foi - Publication \u00c9vang\u00e9lique","isPartOf":{"@id":"https:\/\/publication-evangelique.com\/#website"},"primaryImageOfPage":{"@id":"https:\/\/publication-evangelique.com\/?page_id=11341#primaryimage"},"image":{"@id":"https:\/\/publication-evangelique.com\/?page_id=11341#primaryimage"},"thumbnailUrl":"https:\/\/publication-evangelique.com\/wp-content\/uploads\/1343.jpg","datePublished":"2016-04-12T12:50:58+00:00","dateModified":"2017-08-08T18:30:45+00:00","breadcrumb":{"@id":"https:\/\/publication-evangelique.com\/?page_id=11341#breadcrumb"},"inLanguage":"fr-FR","potentialAction":[{"@type":"ReadAction","target":["https:\/\/publication-evangelique.com\/?page_id=11341"]}]},{"@type":"ImageObject","inLanguage":"fr-FR","@id":"https:\/\/publication-evangelique.com\/?page_id=11341#primaryimage","url":"https:\/\/publication-evangelique.com\/wp-content\/uploads\/1343.jpg","contentUrl":"https:\/\/publication-evangelique.com\/wp-content\/uploads\/1343.jpg","width":1280,"height":852},{"@type":"BreadcrumbList","@id":"https:\/\/publication-evangelique.com\/?page_id=11341#breadcrumb","itemListElement":[{"@type":"ListItem","position":1,"name":"Accueil","item":"https:\/\/publication-evangelique.com\/"},{"@type":"ListItem","position":2,"name":"La foi"}]},{"@type":"WebSite","@id":"https:\/\/publication-evangelique.com\/#website","url":"https:\/\/publication-evangelique.com\/","name":"Daniel Poulin - publication-evangelique.com","description":"Daniel Poulin","publisher":{"@id":"https:\/\/publication-evangelique.com\/#\/schema\/person\/a7aa86223ca614c8c1a737d18c95460c"},"potentialAction":[{"@type":"SearchAction","target":{"@type":"EntryPoint","urlTemplate":"https:\/\/publication-evangelique.com\/?s={search_term_string}"},"query-input":{"@type":"PropertyValueSpecification","valueRequired":true,"valueName":"search_term_string"}}],"inLanguage":"fr-FR"},{"@type":["Person","Organization"],"@id":"https:\/\/publication-evangelique.com\/#\/schema\/person\/a7aa86223ca614c8c1a737d18c95460c","name":"Daniel Poulin","image":{"@type":"ImageObject","inLanguage":"fr-FR","@id":"https:\/\/publication-evangelique.com\/wp-content\/uploads\/daniel5-1.jpg","url":"https:\/\/publication-evangelique.com\/wp-content\/uploads\/daniel5-1.jpg","contentUrl":"https:\/\/publication-evangelique.com\/wp-content\/uploads\/daniel5-1.jpg","width":833,"height":969,"caption":"Daniel Poulin"},"logo":{"@id":"https:\/\/publication-evangelique.com\/wp-content\/uploads\/daniel5-1.jpg"},"description":"Bonjour, ici Daniel Poulin! Je suis un chr\u00e9tien n\u00e9 de nouveau depuis 1980, ayant parcouru un cheminement avec le Seigneur J\u00e9sus-Christ, j'ai construit ce site afin de partager mes connaissances de la parole de Dieu \" La Bible \" Je travaille aussi au d\u00e9veloppement de la station de radio chr\u00e9tienne fran\u00e7aise \u00e0 Montr\u00e9al, \" La Radio Gospel \" que vous pouvez voir ici http:\/\/laradiogospel.ca Je fr\u00e9quente aussi une \u00e9glise, dont je pr\u00eache et j\u2019enseigne la parole de Dieu. La communaut\u00e9 \u00c9vang\u00e9lique de l'Agneau \" , voici l'adresse, http:\/\/communauteevangelique.ca\/","sameAs":["https:\/\/publication-evangelique.com","https:\/\/www.facebook.com\/danielpoulin75","https:\/\/www.linkedin.com\/in\/daniel-poulin-64614745\/","https:\/\/x.com\/https:\/\/twitter.com\/Daniel_Poulin","https:\/\/www.youtube.com\/user\/danielpoulin75\/videos"]}]}},"_links":{"self":[{"href":"https:\/\/publication-evangelique.com\/index.php?rest_route=\/wp\/v2\/pages\/11341","targetHints":{"allow":["GET"]}}],"collection":[{"href":"https:\/\/publication-evangelique.com\/index.php?rest_route=\/wp\/v2\/pages"}],"about":[{"href":"https:\/\/publication-evangelique.com\/index.php?rest_route=\/wp\/v2\/types\/page"}],"author":[{"embeddable":true,"href":"https:\/\/publication-evangelique.com\/index.php?rest_route=\/wp\/v2\/users\/1"}],"replies":[{"embeddable":true,"href":"https:\/\/publication-evangelique.com\/index.php?rest_route=%2Fwp%2Fv2%2Fcomments&post=11341"}],"version-history":[{"count":0,"href":"https:\/\/publication-evangelique.com\/index.php?rest_route=\/wp\/v2\/pages\/11341\/revisions"}],"wp:featuredmedia":[{"embeddable":true,"href":"https:\/\/publication-evangelique.com\/index.php?rest_route=\/wp\/v2\/media\/13139"}],"wp:attachment":[{"href":"https:\/\/publication-evangelique.com\/index.php?rest_route=%2Fwp%2Fv2%2Fmedia&parent=11341"}],"curies":[{"name":"wp","href":"https:\/\/api.w.org\/{rel}","templated":true}]}}