{"id":1147,"date":"2010-01-02T21:07:02","date_gmt":"2010-01-03T02:07:02","guid":{"rendered":"http:\/\/publication-evangelique.com\/?page_id=1147"},"modified":"2024-03-17T15:57:43","modified_gmt":"2024-03-17T20:57:43","slug":"liste-des-cours-bibliques","status":"publish","type":"page","link":"https:\/\/publication-evangelique.com\/?page_id=1147","title":{"rendered":"Liste des cours bibliques."},"content":{"rendered":"<p>Vous trouverez ici des \u00e9tudes sur diff\u00e9rents th\u00e8mes ayant servi et que vous pouvez vous servir dans des pr\u00e9dications.<\/p>\n<p>Vous pouvez aussi les \u00e9couter en MP3.<\/p>\n<p>&#8212;&#8212;&#8212;&#8212;&#8212;&#8212;<\/p>\n<p><a href= \" https:\/\/publication-evangelique.com\/?page_id=1893 \" >Premier pas<\/a><br \/>\n15 enseignements sur le sujet \u00a0\u00bb Introduction \u00e0 la vie chr\u00e9tienne \u00a0\u00bb . <\/p>\n<p><a href= \" https:\/\/publication-evangelique.com\/?page_id=2022 \" >Enseignements sur la pri\u00e8re.<\/a><br \/>\n19 enseignements sur la pri\u00e8re.<\/p>\n<p><a href= \" https:\/\/publication-evangelique.com\/?page_id=1801 \" >Le combat spirituel<\/a><br \/>\n11 enseignements qui nous am\u00e8nent \u00e0 comprendre le combat spirituel. (Combattre l&rsquo;ennemi des chr\u00e9tiens)<\/p>\n<p><a href= \" https:\/\/publication-evangelique.com\/?p=298 \" >La grande commission.<\/a><br \/>\n18 enseignements sur l&rsquo;\u00e9vang\u00e9lisation, qui permet de saisir la vision de J\u00e9sus pour chacun des membres de son \u00e9glise. <\/p>\n<p><a href= \" https:\/\/publication-evangelique.com\/?p=625 \" >Garde le d\u00e9p\u00f4t.<\/a><br \/>\n9 enseignements qui r\u00e9v\u00e8lent quel est le d\u00e9p\u00f4t mis en nous par le Saint-Esprit. <\/p>\n<p><a href= \" https:\/\/publication-evangelique.com\/?p=820 \" >La doctrine des bapt\u00eames.<\/a><br \/>\nEnseignements sur les 4 sens que le nouveau testament emploie le mot \u00a0\u00bb bapt\u00eame \u00a0\u00bb . <\/p>\n<p><a href= \" https:\/\/publication-evangelique.com\/?p=2841 \" >Le plan de Dieu pour nous.<\/a><br \/>\n10 le\u00e7ons qui peuvent \u00eatre utilis\u00e9es pour enseigner et conduire une personne \u00e0 J\u00e9sus-Christ.<\/p>\n<p><a href= \" https:\/\/publication-evangelique.com\/?page_id=1161 \" >Messages vari\u00e9s.<\/a><br \/>\nPlus de 30 enseignements de sujets diff\u00e9rents.<br \/>\n<\/br><\/br><br \/>\n<a href= \" https:\/\/publication-evangelique.com\/?page_id=2422 \" >Trait\u00e9s d&rsquo;\u00e9vang\u00e9lisation<\/a><br \/>\nTrait\u00e9s \u00e0 imprimer pour s&rsquo;en servir pour \u00e9vang\u00e9liser. <\/p>\n<p>&#8212;&#8212;&#8212;&#8212;&#8212;&#8212;&#8212;&#8212;&#8212;<\/p>\n<p>Produit par: Daniel Poulin<br \/>\n\u00c9dit\u00e9 par: <a title= \" https:\/\/publication-evangelique.com \" href= \" https:\/\/publication-evangelique.com \" target= \" _blank \" rel= \" noopener \" >https:\/\/publication-evangelique.com<\/a><br \/>\nAdresse de ce blogue : <a href= \" https:\/\/publication-evangelique.com\/?page_id=1147 \" >https:\/\/publication-evangelique.com\/?page_id=1147<\/a><\/p>\n","protected":false},"excerpt":{"rendered":"<p>Vous trouverez ici des \u00e9tudes sur diff\u00e9rents th\u00e8mes ayant servi et que vous pouvez vous servir dans des pr\u00e9dications. Vous pouvez aussi les \u00e9couter en MP3. &#8212;&#8212;&#8212;&#8212;&#8212;&#8212; Premier pas 15 enseignements sur le sujet \u00a0\u00bb Introduction \u00e0 la vie chr\u00e9tienne <span class=\"excerpt-dots\">&hellip;<\/span> <a class=\"more-link\" href=\"https:\/\/publication-evangelique.com\/?page_id=1147\"><span class=\"more-msg\">Lire la suite &rarr;<\/span><\/a><\/p>\n","protected":false},"author":1,"featured_media":12803,"parent":0,"menu_order":1,"comment_status":"closed","ping_status":"closed","template":"","meta":{"footnotes":""},"class_list":["post-1147","page","type-page","status-publish","has-post-thumbnail","hentry"],"yoast_head":"<!-- This site is optimized with the Yoast SEO plugin v27.3 - https:\/\/yoast.com\/product\/yoast-seo-wordpress\/ -->\n<title>Liste des cours bibliques.<\/title>\n<meta name=\"description\" content=\"Vous trouverez dans cette page la liste de tous les cours donn\u00e9 par Daniel Poulin chez Publication \u00c9vang\u00e9lique\" \/>\n<meta name=\"robots\" content=\"index, follow, max-snippet:-1, max-image-preview:large, max-video-preview:-1\" \/>\n<link rel=\"canonical\" href=\"https:\/\/publication-evangelique.com\/?page_id=1147\" \/>\n<meta property=\"og:locale\" content=\"fr_FR\" \/>\n<meta property=\"og:type\" content=\"article\" \/>\n<meta property=\"og:title\" content=\"Liste des cours bibliques.\" \/>\n<meta property=\"og:description\" content=\"Vous trouverez dans cette page la liste de tous les cours donn\u00e9 par Daniel Poulin chez Publication \u00c9vang\u00e9lique\" \/>\n<meta property=\"og:url\" content=\"https:\/\/publication-evangelique.com\/?page_id=1147\" \/>\n<meta property=\"og:site_name\" content=\"Publication \u00c9vang\u00e9lique\" \/>\n<meta property=\"article:publisher\" content=\"https:\/\/www.facebook.com\/danielpoulin75\" \/>\n<meta property=\"article:modified_time\" content=\"2024-03-17T20:57:43+00:00\" \/>\n<meta property=\"og:image\" content=\"https:\/\/publication-evangelique.com\/wp-content\/uploads\/1006.jpg\" \/>\n\t<meta property=\"og:image:width\" content=\"1280\" \/>\n\t<meta property=\"og:image:height\" content=\"853\" \/>\n\t<meta property=\"og:image:type\" content=\"image\/jpeg\" \/>\n<meta name=\"twitter:label1\" content=\"Dur\u00e9e de lecture estim\u00e9e\" \/>\n\t<meta name=\"twitter:data1\" content=\"1 minute\" \/>\n<script type=\"application\/ld+json\" class=\"yoast-schema-graph\">{\"@context\":\"https:\\\/\\\/schema.org\",\"@graph\":[{\"@type\":\"WebPage\",\"@id\":\"https:\\\/\\\/publication-evangelique.com\\\/?page_id=1147\",\"url\":\"https:\\\/\\\/publication-evangelique.com\\\/?page_id=1147\",\"name\":\"Liste des cours bibliques.\",\"isPartOf\":{\"@id\":\"https:\\\/\\\/publication-evangelique.com\\\/#website\"},\"primaryImageOfPage\":{\"@id\":\"https:\\\/\\\/publication-evangelique.com\\\/?page_id=1147#primaryimage\"},\"image\":{\"@id\":\"https:\\\/\\\/publication-evangelique.com\\\/?page_id=1147#primaryimage\"},\"thumbnailUrl\":\"https:\\\/\\\/publication-evangelique.com\\\/wp-content\\\/uploads\\\/1006.jpg\",\"datePublished\":\"2010-01-03T02:07:02+00:00\",\"dateModified\":\"2024-03-17T20:57:43+00:00\",\"description\":\"Vous trouverez dans cette page la liste de tous les cours donn\u00e9 par Daniel Poulin chez Publication \u00c9vang\u00e9lique\",\"breadcrumb\":{\"@id\":\"https:\\\/\\\/publication-evangelique.com\\\/?page_id=1147#breadcrumb\"},\"inLanguage\":\"fr-FR\",\"potentialAction\":[{\"@type\":\"ReadAction\",\"target\":[\"https:\\\/\\\/publication-evangelique.com\\\/?page_id=1147\"]}]},{\"@type\":\"ImageObject\",\"inLanguage\":\"fr-FR\",\"@id\":\"https:\\\/\\\/publication-evangelique.com\\\/?page_id=1147#primaryimage\",\"url\":\"https:\\\/\\\/publication-evangelique.com\\\/wp-content\\\/uploads\\\/1006.jpg\",\"contentUrl\":\"https:\\\/\\\/publication-evangelique.com\\\/wp-content\\\/uploads\\\/1006.jpg\",\"width\":1280,\"height\":853},{\"@type\":\"BreadcrumbList\",\"@id\":\"https:\\\/\\\/publication-evangelique.com\\\/?page_id=1147#breadcrumb\",\"itemListElement\":[{\"@type\":\"ListItem\",\"position\":1,\"name\":\"Accueil\",\"item\":\"https:\\\/\\\/publication-evangelique.com\\\/\"},{\"@type\":\"ListItem\",\"position\":2,\"name\":\"Liste des cours bibliques.\"}]},{\"@type\":\"WebSite\",\"@id\":\"https:\\\/\\\/publication-evangelique.com\\\/#website\",\"url\":\"https:\\\/\\\/publication-evangelique.com\\\/\",\"name\":\"Daniel Poulin - publication-evangelique.com\",\"description\":\"Daniel Poulin\",\"publisher\":{\"@id\":\"https:\\\/\\\/publication-evangelique.com\\\/#\\\/schema\\\/person\\\/a7aa86223ca614c8c1a737d18c95460c\"},\"potentialAction\":[{\"@type\":\"SearchAction\",\"target\":{\"@type\":\"EntryPoint\",\"urlTemplate\":\"https:\\\/\\\/publication-evangelique.com\\\/?s={search_term_string}\"},\"query-input\":{\"@type\":\"PropertyValueSpecification\",\"valueRequired\":true,\"valueName\":\"search_term_string\"}}],\"inLanguage\":\"fr-FR\"},{\"@type\":[\"Person\",\"Organization\"],\"@id\":\"https:\\\/\\\/publication-evangelique.com\\\/#\\\/schema\\\/person\\\/a7aa86223ca614c8c1a737d18c95460c\",\"name\":\"Daniel Poulin\",\"image\":{\"@type\":\"ImageObject\",\"inLanguage\":\"fr-FR\",\"@id\":\"https:\\\/\\\/publication-evangelique.com\\\/wp-content\\\/uploads\\\/daniel5-1.jpg\",\"url\":\"https:\\\/\\\/publication-evangelique.com\\\/wp-content\\\/uploads\\\/daniel5-1.jpg\",\"contentUrl\":\"https:\\\/\\\/publication-evangelique.com\\\/wp-content\\\/uploads\\\/daniel5-1.jpg\",\"width\":833,\"height\":969,\"caption\":\"Daniel Poulin\"},\"logo\":{\"@id\":\"https:\\\/\\\/publication-evangelique.com\\\/wp-content\\\/uploads\\\/daniel5-1.jpg\"},\"description\":\"Bonjour, ici Daniel Poulin! Je suis un chr\u00e9tien n\u00e9 de nouveau depuis 1980, ayant parcouru un cheminement avec le Seigneur J\u00e9sus-Christ, j'ai construit ce site afin de partager mes connaissances de la parole de Dieu \\\" La Bible \\\" Je travaille aussi au d\u00e9veloppement de la station de radio chr\u00e9tienne fran\u00e7aise \u00e0 Montr\u00e9al, \\\" La Radio Gospel \\\" que vous pouvez voir ici http:\\\/\\\/laradiogospel.ca Je fr\u00e9quente aussi une \u00e9glise, dont je pr\u00eache et j\u2019enseigne la parole de Dieu. La communaut\u00e9 \u00c9vang\u00e9lique de l'Agneau \\\" , voici l'adresse, http:\\\/\\\/communauteevangelique.ca\\\/\",\"sameAs\":[\"https:\\\/\\\/publication-evangelique.com\",\"https:\\\/\\\/www.facebook.com\\\/danielpoulin75\",\"https:\\\/\\\/www.linkedin.com\\\/in\\\/daniel-poulin-64614745\\\/\",\"https:\\\/\\\/x.com\\\/https:\\\/\\\/twitter.com\\\/Daniel_Poulin\",\"https:\\\/\\\/www.youtube.com\\\/user\\\/danielpoulin75\\\/videos\"]}]}<\/script>\n<!-- \/ Yoast SEO plugin. -->","yoast_head_json":{"title":"Liste des cours bibliques.","description":"Vous trouverez dans cette page la liste de tous les cours donn\u00e9 par Daniel Poulin chez Publication \u00c9vang\u00e9lique","robots":{"index":"index","follow":"follow","max-snippet":"max-snippet:-1","max-image-preview":"max-image-preview:large","max-video-preview":"max-video-preview:-1"},"canonical":"https:\/\/publication-evangelique.com\/?page_id=1147","og_locale":"fr_FR","og_type":"article","og_title":"Liste des cours bibliques.","og_description":"Vous trouverez dans cette page la liste de tous les cours donn\u00e9 par Daniel Poulin chez Publication \u00c9vang\u00e9lique","og_url":"https:\/\/publication-evangelique.com\/?page_id=1147","og_site_name":"Publication \u00c9vang\u00e9lique","article_publisher":"https:\/\/www.facebook.com\/danielpoulin75","article_modified_time":"2024-03-17T20:57:43+00:00","og_image":[{"width":1280,"height":853,"url":"https:\/\/publication-evangelique.com\/wp-content\/uploads\/1006.jpg","type":"image\/jpeg"}],"twitter_misc":{"Dur\u00e9e de lecture estim\u00e9e":"1 minute"},"schema":{"@context":"https:\/\/schema.org","@graph":[{"@type":"WebPage","@id":"https:\/\/publication-evangelique.com\/?page_id=1147","url":"https:\/\/publication-evangelique.com\/?page_id=1147","name":"Liste des cours bibliques.","isPartOf":{"@id":"https:\/\/publication-evangelique.com\/#website"},"primaryImageOfPage":{"@id":"https:\/\/publication-evangelique.com\/?page_id=1147#primaryimage"},"image":{"@id":"https:\/\/publication-evangelique.com\/?page_id=1147#primaryimage"},"thumbnailUrl":"https:\/\/publication-evangelique.com\/wp-content\/uploads\/1006.jpg","datePublished":"2010-01-03T02:07:02+00:00","dateModified":"2024-03-17T20:57:43+00:00","description":"Vous trouverez dans cette page la liste de tous les cours donn\u00e9 par Daniel Poulin chez Publication \u00c9vang\u00e9lique","breadcrumb":{"@id":"https:\/\/publication-evangelique.com\/?page_id=1147#breadcrumb"},"inLanguage":"fr-FR","potentialAction":[{"@type":"ReadAction","target":["https:\/\/publication-evangelique.com\/?page_id=1147"]}]},{"@type":"ImageObject","inLanguage":"fr-FR","@id":"https:\/\/publication-evangelique.com\/?page_id=1147#primaryimage","url":"https:\/\/publication-evangelique.com\/wp-content\/uploads\/1006.jpg","contentUrl":"https:\/\/publication-evangelique.com\/wp-content\/uploads\/1006.jpg","width":1280,"height":853},{"@type":"BreadcrumbList","@id":"https:\/\/publication-evangelique.com\/?page_id=1147#breadcrumb","itemListElement":[{"@type":"ListItem","position":1,"name":"Accueil","item":"https:\/\/publication-evangelique.com\/"},{"@type":"ListItem","position":2,"name":"Liste des cours bibliques."}]},{"@type":"WebSite","@id":"https:\/\/publication-evangelique.com\/#website","url":"https:\/\/publication-evangelique.com\/","name":"Daniel Poulin - publication-evangelique.com","description":"Daniel Poulin","publisher":{"@id":"https:\/\/publication-evangelique.com\/#\/schema\/person\/a7aa86223ca614c8c1a737d18c95460c"},"potentialAction":[{"@type":"SearchAction","target":{"@type":"EntryPoint","urlTemplate":"https:\/\/publication-evangelique.com\/?s={search_term_string}"},"query-input":{"@type":"PropertyValueSpecification","valueRequired":true,"valueName":"search_term_string"}}],"inLanguage":"fr-FR"},{"@type":["Person","Organization"],"@id":"https:\/\/publication-evangelique.com\/#\/schema\/person\/a7aa86223ca614c8c1a737d18c95460c","name":"Daniel Poulin","image":{"@type":"ImageObject","inLanguage":"fr-FR","@id":"https:\/\/publication-evangelique.com\/wp-content\/uploads\/daniel5-1.jpg","url":"https:\/\/publication-evangelique.com\/wp-content\/uploads\/daniel5-1.jpg","contentUrl":"https:\/\/publication-evangelique.com\/wp-content\/uploads\/daniel5-1.jpg","width":833,"height":969,"caption":"Daniel Poulin"},"logo":{"@id":"https:\/\/publication-evangelique.com\/wp-content\/uploads\/daniel5-1.jpg"},"description":"Bonjour, ici Daniel Poulin! Je suis un chr\u00e9tien n\u00e9 de nouveau depuis 1980, ayant parcouru un cheminement avec le Seigneur J\u00e9sus-Christ, j'ai construit ce site afin de partager mes connaissances de la parole de Dieu \" La Bible \" Je travaille aussi au d\u00e9veloppement de la station de radio chr\u00e9tienne fran\u00e7aise \u00e0 Montr\u00e9al, \" La Radio Gospel \" que vous pouvez voir ici http:\/\/laradiogospel.ca Je fr\u00e9quente aussi une \u00e9glise, dont je pr\u00eache et j\u2019enseigne la parole de Dieu. La communaut\u00e9 \u00c9vang\u00e9lique de l'Agneau \" , voici l'adresse, http:\/\/communauteevangelique.ca\/","sameAs":["https:\/\/publication-evangelique.com","https:\/\/www.facebook.com\/danielpoulin75","https:\/\/www.linkedin.com\/in\/daniel-poulin-64614745\/","https:\/\/x.com\/https:\/\/twitter.com\/Daniel_Poulin","https:\/\/www.youtube.com\/user\/danielpoulin75\/videos"]}]}},"_links":{"self":[{"href":"https:\/\/publication-evangelique.com\/index.php?rest_route=\/wp\/v2\/pages\/1147","targetHints":{"allow":["GET"]}}],"collection":[{"href":"https:\/\/publication-evangelique.com\/index.php?rest_route=\/wp\/v2\/pages"}],"about":[{"href":"https:\/\/publication-evangelique.com\/index.php?rest_route=\/wp\/v2\/types\/page"}],"author":[{"embeddable":true,"href":"https:\/\/publication-evangelique.com\/index.php?rest_route=\/wp\/v2\/users\/1"}],"replies":[{"embeddable":true,"href":"https:\/\/publication-evangelique.com\/index.php?rest_route=%2Fwp%2Fv2%2Fcomments&post=1147"}],"version-history":[{"count":0,"href":"https:\/\/publication-evangelique.com\/index.php?rest_route=\/wp\/v2\/pages\/1147\/revisions"}],"wp:featuredmedia":[{"embeddable":true,"href":"https:\/\/publication-evangelique.com\/index.php?rest_route=\/wp\/v2\/media\/12803"}],"wp:attachment":[{"href":"https:\/\/publication-evangelique.com\/index.php?rest_route=%2Fwp%2Fv2%2Fmedia&parent=1147"}],"curies":[{"name":"wp","href":"https:\/\/api.w.org\/{rel}","templated":true}]}}