{"id":12188,"date":"2016-09-29T04:56:59","date_gmt":"2016-09-29T09:56:59","guid":{"rendered":"http:\/\/publication-evangelique.com\/?page_id=12188"},"modified":"2017-09-06T12:43:08","modified_gmt":"2017-09-06T17:43:08","slug":"nos-nouvelles-positions-jesus-christ","status":"publish","type":"page","link":"https:\/\/publication-evangelique.com\/?page_id=12188","title":{"rendered":"Nos nouvelles positions en J\u00e9sus-Christ"},"content":{"rendered":"<p><strong>Nous allons voir par cette \u00e9tude nos nouveaux statuts en J\u00e9sus-Christ<\/strong><\/p>\n<p><strong>Quel est la port\u00e9 d&rsquo;\u00eatre \u00a0\u00bb une nouvelle cr\u00e9ature \u00a0\u00bb <\/strong><\/p>\n<p><strong>Qu&rsquo;avons nous re\u00e7u dans cette nouvelle nature en Christ? <\/strong><\/p>\n<p><strong>Comment Dieu nous voit-il maintenant, apr\u00e8s qu&rsquo;on ait \u00e9t\u00e9 sauv\u00e9? <\/strong><\/p>\n<p>Vous pouvez \u00e9couter les messages en format MP3.<\/p>\n<p>1 &#8211; <a href= \" https:\/\/publication-evangelique.com\/?p=12191 \" > Nous sommes gr\u00e2ce au Christ, une nouvelle cr\u00e9ature.<\/a><br \/>\n2 &#8211; <a href= \" https:\/\/publication-evangelique.com\/?p=12201 \" > Nous sommes gr\u00e2ce au Christ, devenu des enfants de Dieu.<\/a><br \/>\n3 &#8211; <a href= \" https:\/\/publication-evangelique.com\/?p=12221 \" > Nous sommes gr\u00e2ce au Christ, devenu le temple de Dieu.<\/a><br \/>\n4 &#8211; <a href= \" https:\/\/publication-evangelique.com\/?p=12235 \" > Nous sommes gr\u00e2ce au Christ, devenus justifi\u00e9s.<\/a><br \/>\n5 &#8211; <a href= \" https:\/\/publication-evangelique.com\/?p=12250 \" > Nous sommes gr\u00e2ce au Christ, devenus citoyens du royaume de Dieu.<\/a><br \/>\n6 &#8211; <a href= \" https:\/\/publication-evangelique.com\/?p=12264 \" > Nous sommes gr\u00e2ce au Christ, devenus saints.<\/a><br \/>\n7 &#8211; <a href= \" https:\/\/publication-evangelique.com\/?p=12299 \" > Nous sommes gr\u00e2ce au Christ, devenus membres de son \u00c9glise.<\/a><br \/>\n8 &#8211; <a href= \" https:\/\/publication-evangelique.com\/?p=12312 \" > Nous sommes gr\u00e2ce au Christ, devenus membres de son corps.<\/a><br \/>\n9 &#8211; <a href= \" https:\/\/publication-evangelique.com\/?p=12325 \" > Nous sommes gr\u00e2ce au Christ, devenus des fianc\u00e9s du Seigneur.<\/a><br \/>\n10 &#8211; <a href= \" https:\/\/publication-evangelique.com\/?p=12334 \" > Nous sommes gr\u00e2ce au Christ, devenus des h\u00e9ritiers de Dieu.<\/a><br \/>\n11 &#8211; <a href= \" https:\/\/publication-evangelique.com\/?p=12350 \" > Nous sommes gr\u00e2ce au Christ, destin\u00e9es \u00e0 la gloire.<\/a><br \/>\n12 &#8211; <a href= \" https:\/\/publication-evangelique.com\/?p=12362 \" > Nous sommes gr\u00e2ce au Christ, devenus des soldats de l\u2019arm\u00e9e de Dieu.<\/a><br \/>\n13 &#8211; <a href= \" https:\/\/publication-evangelique.com\/?p=12419 \" > Nous sommes gr\u00e2ce au Christ, devenus des brebis du Seigneur.<\/a><br \/>\n14 &#8211; <a href= \" https:\/\/publication-evangelique.com\/?p=12433 \" > Nous sommes gr\u00e2ce au Christ, devenus des lumi\u00e8res dans ce monde.<\/a><br \/>\n15 &#8211; <a href= \" https:\/\/publication-evangelique.com\/?p=12450 \" > Nous sommes gr\u00e2ce au Christ, devenus des flammes de feu.<\/a><br \/>\n16 &#8211; <a href= \" https:\/\/publication-evangelique.com\/?p=12459 \" > Nous sommes gr\u00e2ce au Christ, devenus des sacrificateurs.<\/a><br \/>\n17 &#8211; <a href= \" https:\/\/publication-evangelique.com\/?p=12473 \" > Nous sommes gr\u00e2ce au Christ, devenus des adorateurs.<\/a><br \/>\n18 &#8211; <a href= \" https:\/\/publication-evangelique.com\/?p=12484 \" > Nous sommes gr\u00e2ce au Christ, devenus des serviteurs de Dieu.<\/a><br \/>\n19 &#8211; <a href= \" https:\/\/publication-evangelique.com\/?p=12492 \" > Nous sommes gr\u00e2ce au Christ, devenus des amis de J\u00e9sus.<\/a><br \/>\n20 &#8211; <a href= \" https:\/\/publication-evangelique.com\/?p=12506 \" > Nous sommes gr\u00e2ce au Christ, devenus des arbres fruitiers.<\/a><br \/>\n21 &#8211; <a href= \" https:\/\/publication-evangelique.com\/?p=12516 \" > Nous sommes gr\u00e2ce au Christ, devenus des ouvriers du Seigneur.<\/a><br \/>\n22 &#8211; <a href= \" https:\/\/publication-evangelique.com\/?p=12524 \" > Nous sommes gr\u00e2ce au Christ, devenus des administrateurs pour le Seigneur.<\/a><br \/>\n23 &#8211; <a href= \" https:\/\/publication-evangelique.com\/?p=12541 \" > Nous sommes gr\u00e2ce au Christ, devenus des pourvoyeurs pour le Seigneur.<\/a><br \/>\n24 &#8211; <a href= \" https:\/\/publication-evangelique.com\/?p=12571 \" > Nous sommes gr\u00e2ce au Christ, devenus des ambassadeurs.<\/a><br \/>\n25 &#8211; <a href= \" https:\/\/publication-evangelique.com\/?p=12584 \" > Nous sommes gr\u00e2ce au Christ, maintenant assis dans l\u2019autorit\u00e9 de J\u00e9sus<\/a><br \/>\n26 &#8211; <a href= \" https:\/\/publication-evangelique.com\/?p=12617 \" > Nous sommes gr\u00e2ce au Christ, devenus des sources de b\u00e9n\u00e9diction de Dieu.<\/a><br \/>\n27 &#8211; <a href= \" https:\/\/publication-evangelique.com\/?p=12627 \" > Nous sommes gr\u00e2ce au Christ, devenus le sel de la terre<\/a><br \/>\n28 &#8211; <a href= \" https:\/\/publication-evangelique.com\/?p=12649 \" > Nous sommes gr\u00e2ce au Christ, devenus des \u00eatres ressuscit\u00e9s.<\/a><br \/>\n29 &#8211; <a href= \" https:\/\/publication-evangelique.com\/?p=12662 \" > Nous sommes gr\u00e2ce au Christ, devenus des morts au p\u00e9ch\u00e9.<\/a><br \/>\n30 &#8211; <a href= \" https:\/\/publication-evangelique.com\/?p=12679 \" > Nous sommes gr\u00e2ce au Christ, plus assujetti \u00e0 la loi de Mo\u00efse.<\/a><br \/>\n31 &#8211; <a href= \" https:\/\/publication-evangelique.com\/?p=12702 \" > Nous sommes gr\u00e2ce au Christ, maintenant sous la gr\u00e2ce de Dieu.<\/a><br \/>\n32 &#8211; <a href= \" https:\/\/publication-evangelique.com\/?p=12713 \" > Nous sommes gr\u00e2ce au Christ, sous la loi de Christ.<\/a><br \/>\n33 &#8211; <a href= \" https:\/\/publication-evangelique.com\/?p=12733 \" > Nous sommes gr\u00e2ce au Christ, devenus ses bien-aim\u00e9s.<\/a><br \/>\n34 &#8211; <a href= \" https:\/\/publication-evangelique.com\/?p=12743 \" > Nous sommes gr\u00e2ce au Christ, tenus dans la puissante main de Dieu<\/a><br \/>\n35 &#8211; <a href= \" https:\/\/publication-evangelique.com\/?p=12753 \" > Nous sommes gr\u00e2ce au Christ, devenu des \u00e9lus de Dieu<\/a><br \/>\n36 &#8211; <a href= \" https:\/\/publication-evangelique.com\/?p=12763 \" > Nous sommes gr\u00e2ce au Christ, devenu des d\u00e9livr\u00e9s<\/a><br \/>\n37 &#8211; <a href= \" https:\/\/publication-evangelique.com\/?p=12793 \" > Nous sommes gr\u00e2ce au Christ, devenu \u00ab forts \u00bb dans le Seigneur<\/a><br \/>\n38 &#8211; <a href= \" https:\/\/publication-evangelique.com\/?p=14428 \" > Nous sommes gr\u00e2ce au Christ, devenu parfait devant Dieu.<\/a><br \/>\n39 &#8211; <a href= \" https:\/\/publication-evangelique.com\/?p=14446 \" > Nous sommes gr\u00e2ce au Christ, inscrit dans le livre de vie.<\/a><br \/>\n40 &#8211; <a href= \" https:\/\/publication-evangelique.com\/?p=14451 \" > Nous sommes gr\u00e2ce au Christ, autoris\u00e9s \u00e0 manger de l\u2019arbre de vie.<\/a><\/p>\n<p>&#8212;&#8212;&#8212;&#8212;&#8212;&#8212;&#8212;&#8212;&#8212;<\/p>\n<p>Note: A part d&rsquo;une mention sp\u00e9ciale, toutes les citations bibliques<br \/>\nsont tir\u00e9es du texte de la traduction; Louis Segond 1910.<br \/>\n\u00a9 Tout droit r\u00e9serv\u00e9<\/p>\n<p>Produit par : Daniel Poulin<br \/>\n\u00c9dit\u00e9 par : <a href= \" https:\/\/publication-evangelique.com \" >https:\/\/publication-evangelique.com<\/a><\/p>\n<p>Adresse de ce blogue : <a href= \" https:\/\/publication-evangelique.com\/?page_id=12188 \" >https:\/\/publication-evangelique.com\/?page_id=12188<\/a><\/p>\n","protected":false},"excerpt":{"rendered":"<p>Nous allons voir par cette \u00e9tude nos nouveaux statuts en J\u00e9sus-Christ Quel est la port\u00e9 d&rsquo;\u00eatre \u00a0\u00bb une nouvelle cr\u00e9ature \u00a0\u00bb Qu&rsquo;avons nous re\u00e7u dans cette nouvelle nature en Christ? Comment Dieu nous voit-il maintenant, apr\u00e8s qu&rsquo;on ait \u00e9t\u00e9 sauv\u00e9? <span class=\"excerpt-dots\">&hellip;<\/span> <a class=\"more-link\" href=\"https:\/\/publication-evangelique.com\/?page_id=12188\"><span class=\"more-msg\">Lire la suite &rarr;<\/span><\/a><\/p>\n","protected":false},"author":1,"featured_media":13101,"parent":0,"menu_order":0,"comment_status":"closed","ping_status":"closed","template":"","meta":{"footnotes":""},"class_list":["post-12188","page","type-page","status-publish","has-post-thumbnail","hentry"],"yoast_head":"<!-- This site is optimized with the Yoast SEO plugin v27.4 - https:\/\/yoast.com\/product\/yoast-seo-wordpress\/ -->\n<title>Nos nouvelles positions en J\u00e9sus-Christ - Publication \u00c9vang\u00e9lique<\/title>\n<meta name=\"robots\" content=\"index, follow, max-snippet:-1, max-image-preview:large, max-video-preview:-1\" \/>\n<link rel=\"canonical\" href=\"https:\/\/publication-evangelique.com\/?page_id=12188\" \/>\n<meta property=\"og:locale\" content=\"fr_FR\" \/>\n<meta property=\"og:type\" content=\"article\" \/>\n<meta property=\"og:title\" content=\"Nos nouvelles positions en J\u00e9sus-Christ - Publication \u00c9vang\u00e9lique\" \/>\n<meta property=\"og:description\" content=\"Nous allons voir par cette \u00e9tude nos nouveaux statuts en J\u00e9sus-Christ Quel est la port\u00e9 d&rsquo;\u00eatre \u00a0\u00bb une nouvelle cr\u00e9ature \u00a0\u00bb Qu&rsquo;avons nous re\u00e7u dans cette nouvelle nature en Christ? Comment Dieu nous voit-il maintenant, apr\u00e8s qu&rsquo;on ait \u00e9t\u00e9 sauv\u00e9? &hellip; Lire la suite &rarr;\" \/>\n<meta property=\"og:url\" content=\"https:\/\/publication-evangelique.com\/?page_id=12188\" \/>\n<meta property=\"og:site_name\" content=\"Publication \u00c9vang\u00e9lique\" \/>\n<meta property=\"article:publisher\" content=\"https:\/\/www.facebook.com\/danielpoulin75\" \/>\n<meta property=\"article:modified_time\" content=\"2017-09-06T17:43:08+00:00\" \/>\n<meta property=\"og:image\" content=\"https:\/\/publication-evangelique.com\/wp-content\/uploads\/1304.jpg\" \/>\n\t<meta property=\"og:image:width\" content=\"1280\" \/>\n\t<meta property=\"og:image:height\" content=\"966\" \/>\n\t<meta property=\"og:image:type\" content=\"image\/jpeg\" \/>\n<meta name=\"twitter:label1\" content=\"Dur\u00e9e de lecture estim\u00e9e\" \/>\n\t<meta name=\"twitter:data1\" content=\"3 minutes\" \/>\n<script type=\"application\/ld+json\" class=\"yoast-schema-graph\">{\"@context\":\"https:\\\/\\\/schema.org\",\"@graph\":[{\"@type\":\"WebPage\",\"@id\":\"https:\\\/\\\/publication-evangelique.com\\\/?page_id=12188\",\"url\":\"https:\\\/\\\/publication-evangelique.com\\\/?page_id=12188\",\"name\":\"Nos nouvelles positions en J\u00e9sus-Christ - Publication \u00c9vang\u00e9lique\",\"isPartOf\":{\"@id\":\"https:\\\/\\\/publication-evangelique.com\\\/#website\"},\"primaryImageOfPage\":{\"@id\":\"https:\\\/\\\/publication-evangelique.com\\\/?page_id=12188#primaryimage\"},\"image\":{\"@id\":\"https:\\\/\\\/publication-evangelique.com\\\/?page_id=12188#primaryimage\"},\"thumbnailUrl\":\"https:\\\/\\\/publication-evangelique.com\\\/wp-content\\\/uploads\\\/1304.jpg\",\"datePublished\":\"2016-09-29T09:56:59+00:00\",\"dateModified\":\"2017-09-06T17:43:08+00:00\",\"breadcrumb\":{\"@id\":\"https:\\\/\\\/publication-evangelique.com\\\/?page_id=12188#breadcrumb\"},\"inLanguage\":\"fr-FR\",\"potentialAction\":[{\"@type\":\"ReadAction\",\"target\":[\"https:\\\/\\\/publication-evangelique.com\\\/?page_id=12188\"]}]},{\"@type\":\"ImageObject\",\"inLanguage\":\"fr-FR\",\"@id\":\"https:\\\/\\\/publication-evangelique.com\\\/?page_id=12188#primaryimage\",\"url\":\"https:\\\/\\\/publication-evangelique.com\\\/wp-content\\\/uploads\\\/1304.jpg\",\"contentUrl\":\"https:\\\/\\\/publication-evangelique.com\\\/wp-content\\\/uploads\\\/1304.jpg\",\"width\":1280,\"height\":966},{\"@type\":\"BreadcrumbList\",\"@id\":\"https:\\\/\\\/publication-evangelique.com\\\/?page_id=12188#breadcrumb\",\"itemListElement\":[{\"@type\":\"ListItem\",\"position\":1,\"name\":\"Accueil\",\"item\":\"https:\\\/\\\/publication-evangelique.com\\\/\"},{\"@type\":\"ListItem\",\"position\":2,\"name\":\"Nos nouvelles positions en J\u00e9sus-Christ\"}]},{\"@type\":\"WebSite\",\"@id\":\"https:\\\/\\\/publication-evangelique.com\\\/#website\",\"url\":\"https:\\\/\\\/publication-evangelique.com\\\/\",\"name\":\"Daniel Poulin - publication-evangelique.com\",\"description\":\"Daniel Poulin\",\"publisher\":{\"@id\":\"https:\\\/\\\/publication-evangelique.com\\\/#\\\/schema\\\/person\\\/a7aa86223ca614c8c1a737d18c95460c\"},\"potentialAction\":[{\"@type\":\"SearchAction\",\"target\":{\"@type\":\"EntryPoint\",\"urlTemplate\":\"https:\\\/\\\/publication-evangelique.com\\\/?s={search_term_string}\"},\"query-input\":{\"@type\":\"PropertyValueSpecification\",\"valueRequired\":true,\"valueName\":\"search_term_string\"}}],\"inLanguage\":\"fr-FR\"},{\"@type\":[\"Person\",\"Organization\"],\"@id\":\"https:\\\/\\\/publication-evangelique.com\\\/#\\\/schema\\\/person\\\/a7aa86223ca614c8c1a737d18c95460c\",\"name\":\"Daniel Poulin\",\"image\":{\"@type\":\"ImageObject\",\"inLanguage\":\"fr-FR\",\"@id\":\"https:\\\/\\\/publication-evangelique.com\\\/wp-content\\\/uploads\\\/daniel5-1.jpg\",\"url\":\"https:\\\/\\\/publication-evangelique.com\\\/wp-content\\\/uploads\\\/daniel5-1.jpg\",\"contentUrl\":\"https:\\\/\\\/publication-evangelique.com\\\/wp-content\\\/uploads\\\/daniel5-1.jpg\",\"width\":833,\"height\":969,\"caption\":\"Daniel Poulin\"},\"logo\":{\"@id\":\"https:\\\/\\\/publication-evangelique.com\\\/wp-content\\\/uploads\\\/daniel5-1.jpg\"},\"description\":\"Bonjour, ici Daniel Poulin! Je suis un chr\u00e9tien n\u00e9 de nouveau depuis 1980, ayant parcouru un cheminement avec le Seigneur J\u00e9sus-Christ, j'ai construit ce site afin de partager mes connaissances de la parole de Dieu \\\" La Bible \\\" Je travaille aussi au d\u00e9veloppement de la station de radio chr\u00e9tienne fran\u00e7aise \u00e0 Montr\u00e9al, \\\" La Radio Gospel \\\" que vous pouvez voir ici http:\\\/\\\/laradiogospel.ca Je fr\u00e9quente aussi une \u00e9glise, dont je pr\u00eache et j\u2019enseigne la parole de Dieu. La communaut\u00e9 \u00c9vang\u00e9lique de l'Agneau \\\" , voici l'adresse, http:\\\/\\\/communauteevangelique.ca\\\/\",\"sameAs\":[\"https:\\\/\\\/publication-evangelique.com\",\"https:\\\/\\\/www.facebook.com\\\/danielpoulin75\",\"https:\\\/\\\/www.linkedin.com\\\/in\\\/daniel-poulin-64614745\\\/\",\"https:\\\/\\\/x.com\\\/https:\\\/\\\/twitter.com\\\/Daniel_Poulin\",\"https:\\\/\\\/www.youtube.com\\\/user\\\/danielpoulin75\\\/videos\"]}]}<\/script>\n<!-- \/ Yoast SEO plugin. -->","yoast_head_json":{"title":"Nos nouvelles positions en J\u00e9sus-Christ - Publication \u00c9vang\u00e9lique","robots":{"index":"index","follow":"follow","max-snippet":"max-snippet:-1","max-image-preview":"max-image-preview:large","max-video-preview":"max-video-preview:-1"},"canonical":"https:\/\/publication-evangelique.com\/?page_id=12188","og_locale":"fr_FR","og_type":"article","og_title":"Nos nouvelles positions en J\u00e9sus-Christ - Publication \u00c9vang\u00e9lique","og_description":"Nous allons voir par cette \u00e9tude nos nouveaux statuts en J\u00e9sus-Christ Quel est la port\u00e9 d&rsquo;\u00eatre \u00a0\u00bb une nouvelle cr\u00e9ature \u00a0\u00bb Qu&rsquo;avons nous re\u00e7u dans cette nouvelle nature en Christ? Comment Dieu nous voit-il maintenant, apr\u00e8s qu&rsquo;on ait \u00e9t\u00e9 sauv\u00e9? &hellip; Lire la suite &rarr;","og_url":"https:\/\/publication-evangelique.com\/?page_id=12188","og_site_name":"Publication \u00c9vang\u00e9lique","article_publisher":"https:\/\/www.facebook.com\/danielpoulin75","article_modified_time":"2017-09-06T17:43:08+00:00","og_image":[{"width":1280,"height":966,"url":"https:\/\/publication-evangelique.com\/wp-content\/uploads\/1304.jpg","type":"image\/jpeg"}],"twitter_misc":{"Dur\u00e9e de lecture estim\u00e9e":"3 minutes"},"schema":{"@context":"https:\/\/schema.org","@graph":[{"@type":"WebPage","@id":"https:\/\/publication-evangelique.com\/?page_id=12188","url":"https:\/\/publication-evangelique.com\/?page_id=12188","name":"Nos nouvelles positions en J\u00e9sus-Christ - Publication \u00c9vang\u00e9lique","isPartOf":{"@id":"https:\/\/publication-evangelique.com\/#website"},"primaryImageOfPage":{"@id":"https:\/\/publication-evangelique.com\/?page_id=12188#primaryimage"},"image":{"@id":"https:\/\/publication-evangelique.com\/?page_id=12188#primaryimage"},"thumbnailUrl":"https:\/\/publication-evangelique.com\/wp-content\/uploads\/1304.jpg","datePublished":"2016-09-29T09:56:59+00:00","dateModified":"2017-09-06T17:43:08+00:00","breadcrumb":{"@id":"https:\/\/publication-evangelique.com\/?page_id=12188#breadcrumb"},"inLanguage":"fr-FR","potentialAction":[{"@type":"ReadAction","target":["https:\/\/publication-evangelique.com\/?page_id=12188"]}]},{"@type":"ImageObject","inLanguage":"fr-FR","@id":"https:\/\/publication-evangelique.com\/?page_id=12188#primaryimage","url":"https:\/\/publication-evangelique.com\/wp-content\/uploads\/1304.jpg","contentUrl":"https:\/\/publication-evangelique.com\/wp-content\/uploads\/1304.jpg","width":1280,"height":966},{"@type":"BreadcrumbList","@id":"https:\/\/publication-evangelique.com\/?page_id=12188#breadcrumb","itemListElement":[{"@type":"ListItem","position":1,"name":"Accueil","item":"https:\/\/publication-evangelique.com\/"},{"@type":"ListItem","position":2,"name":"Nos nouvelles positions en J\u00e9sus-Christ"}]},{"@type":"WebSite","@id":"https:\/\/publication-evangelique.com\/#website","url":"https:\/\/publication-evangelique.com\/","name":"Daniel Poulin - publication-evangelique.com","description":"Daniel Poulin","publisher":{"@id":"https:\/\/publication-evangelique.com\/#\/schema\/person\/a7aa86223ca614c8c1a737d18c95460c"},"potentialAction":[{"@type":"SearchAction","target":{"@type":"EntryPoint","urlTemplate":"https:\/\/publication-evangelique.com\/?s={search_term_string}"},"query-input":{"@type":"PropertyValueSpecification","valueRequired":true,"valueName":"search_term_string"}}],"inLanguage":"fr-FR"},{"@type":["Person","Organization"],"@id":"https:\/\/publication-evangelique.com\/#\/schema\/person\/a7aa86223ca614c8c1a737d18c95460c","name":"Daniel Poulin","image":{"@type":"ImageObject","inLanguage":"fr-FR","@id":"https:\/\/publication-evangelique.com\/wp-content\/uploads\/daniel5-1.jpg","url":"https:\/\/publication-evangelique.com\/wp-content\/uploads\/daniel5-1.jpg","contentUrl":"https:\/\/publication-evangelique.com\/wp-content\/uploads\/daniel5-1.jpg","width":833,"height":969,"caption":"Daniel Poulin"},"logo":{"@id":"https:\/\/publication-evangelique.com\/wp-content\/uploads\/daniel5-1.jpg"},"description":"Bonjour, ici Daniel Poulin! Je suis un chr\u00e9tien n\u00e9 de nouveau depuis 1980, ayant parcouru un cheminement avec le Seigneur J\u00e9sus-Christ, j'ai construit ce site afin de partager mes connaissances de la parole de Dieu \" La Bible \" Je travaille aussi au d\u00e9veloppement de la station de radio chr\u00e9tienne fran\u00e7aise \u00e0 Montr\u00e9al, \" La Radio Gospel \" que vous pouvez voir ici http:\/\/laradiogospel.ca Je fr\u00e9quente aussi une \u00e9glise, dont je pr\u00eache et j\u2019enseigne la parole de Dieu. La communaut\u00e9 \u00c9vang\u00e9lique de l'Agneau \" , voici l'adresse, http:\/\/communauteevangelique.ca\/","sameAs":["https:\/\/publication-evangelique.com","https:\/\/www.facebook.com\/danielpoulin75","https:\/\/www.linkedin.com\/in\/daniel-poulin-64614745\/","https:\/\/x.com\/https:\/\/twitter.com\/Daniel_Poulin","https:\/\/www.youtube.com\/user\/danielpoulin75\/videos"]}]}},"_links":{"self":[{"href":"https:\/\/publication-evangelique.com\/index.php?rest_route=\/wp\/v2\/pages\/12188","targetHints":{"allow":["GET"]}}],"collection":[{"href":"https:\/\/publication-evangelique.com\/index.php?rest_route=\/wp\/v2\/pages"}],"about":[{"href":"https:\/\/publication-evangelique.com\/index.php?rest_route=\/wp\/v2\/types\/page"}],"author":[{"embeddable":true,"href":"https:\/\/publication-evangelique.com\/index.php?rest_route=\/wp\/v2\/users\/1"}],"replies":[{"embeddable":true,"href":"https:\/\/publication-evangelique.com\/index.php?rest_route=%2Fwp%2Fv2%2Fcomments&post=12188"}],"version-history":[{"count":0,"href":"https:\/\/publication-evangelique.com\/index.php?rest_route=\/wp\/v2\/pages\/12188\/revisions"}],"wp:featuredmedia":[{"embeddable":true,"href":"https:\/\/publication-evangelique.com\/index.php?rest_route=\/wp\/v2\/media\/13101"}],"wp:attachment":[{"href":"https:\/\/publication-evangelique.com\/index.php?rest_route=%2Fwp%2Fv2%2Fmedia&parent=12188"}],"curies":[{"name":"wp","href":"https:\/\/api.w.org\/{rel}","templated":true}]}}