{"id":12403,"date":"2017-01-10T13:38:33","date_gmt":"2017-01-10T18:38:33","guid":{"rendered":"http:\/\/publication-evangelique.com\/?page_id=12403"},"modified":"2017-12-17T10:06:00","modified_gmt":"2017-12-17T15:06:00","slug":"emission-de-radio-radio-evangelique-2017","status":"publish","type":"page","link":"https:\/\/publication-evangelique.com\/?page_id=12403","title":{"rendered":"\u00c9mission de radio \u00a0\u00bb Radio \u00c9vang\u00e9lique \u00a0\u00bb 2017"},"content":{"rendered":"<p>Vous pourrez \u00e9couter <strong>Daniel Poulin<\/strong> sur les ondes<br \/>\nde la station<strong> La Radio Gospel 1650 AM<\/strong> \u00e0 Montr\u00e9al<br \/>\nou sur internet sur <a title= \" laradiogospel.ca \" href= \" http:\/\/laradiogospel.ca \" target= \" _blank \" >http:\/\/laradiogospel.ca<\/a>.<\/p>\n<p>&nbsp;<\/p>\n<p>&nbsp;<\/p>\n<p>&nbsp;<\/p>\n<p>&nbsp;<\/p>\n<p>&nbsp;<\/p>\n<p><strong>Toutes les <strong>archives<\/strong> des \u00e9missions 2017 sont gard\u00e9s dans cette page.<\/strong><\/p>\n<table border= \" 0 \" align= \" center \" >\n<tbody>\n<tr valign= \" top \" >\n<td>&nbsp;<br \/>\n<a title= \" 15 d\u00e9cembre \" href= \" https:\/\/publication-evangelique.com\/?p=14635 \" target= \" _blank \" >15 d\u00e9cembre 2017<\/a><br \/>\n<a title= \" 8 d\u00e9cembre \" href= \" https:\/\/publication-evangelique.com\/?p=14630 \" target= \" _blank \" >8 d\u00e9cembre 2017<\/a><br \/>\n<a title= \" 1 d\u00e9cembre \" href= \" https:\/\/publication-evangelique.com\/?p=14602 \" target= \" _blank \" >1 d\u00e9cembre 2017<\/a><\/p>\n<p><a title= \" 24 novembre \" href= \" https:\/\/publication-evangelique.com\/?p=14593 \" target= \" _blank \" >24 novembre 2017<\/a><br \/>\n<a title= \" 17 novembre \" href= \" https:\/\/publication-evangelique.com\/?p=14576 \" target= \" _blank \" >17 novembre 2017<\/a><br \/>\n<a title= \" 10 novembre \" href= \" https:\/\/publication-evangelique.com\/?p=14567 \" target= \" _blank \" >10 novembre 2017<\/a><br \/>\n<a title= \" 3 novembre \" href= \" https:\/\/publication-evangelique.com\/?p=14549 \" target= \" _blank \" >3 novembre 2017<\/a><\/p>\n<p><a title= \" 27 octobre \" href= \" https:\/\/publication-evangelique.com\/?p=14535 \" target= \" _blank \" >27 octobre 2017<\/a><br \/>\n<a title= \" 20 octobre \" href= \" https:\/\/publication-evangelique.com\/?p=14526 \" target= \" _blank \" >20 octobre 2017<\/a><br \/>\n<a title= \" 13 octobre \" href= \" https:\/\/publication-evangelique.com\/?p=14516 \" target= \" _blank \" >13 octobre 2017<\/a><\/p>\n<p><a title= \" 29 septembre \" href= \" https:\/\/publication-evangelique.com\/?p=14502 \" target= \" _blank \" >29 septembre 2017<\/a><br \/>\n<a title= \" 22 septembre \" href= \" https:\/\/publication-evangelique.com\/?p=14485 \" target= \" _blank \" >22 septembre 2017<\/a><br \/>\n<a title= \" 8 septembre \" href= \" https:\/\/publication-evangelique.com\/?p=14460 \" target= \" _blank \" >8 septembre 2017<\/a><\/p>\n<p><a title= \" 25 aout \" href= \" https:\/\/publication-evangelique.com\/?p=14442 \" target= \" _blank \" >25 aout 2017<\/a><br \/>\n<a title= \" 18 aout \" href= \" https:\/\/publication-evangelique.com\/?p=14424 \" target= \" _blank \" >18 aout 2017<\/a><br \/>\n<a title= \" 11 aout \" href= \" https:\/\/publication-evangelique.com\/?p=14415 \" target= \" _blank \" >11 aout 2017<\/a><br \/>\n<a title= \" 4 aout \" href= \" https:\/\/publication-evangelique.com\/?p=13496 \" target= \" _blank \" >4 aout 2017<\/a><\/p>\n<p><a title= \" 28 juillet \" href= \" https:\/\/publication-evangelique.com\/?p=12778 \" target= \" _blank \" >28 juillet 2017<\/a><br \/>\n<a title= \" 21 juillet \" href= \" https:\/\/publication-evangelique.com\/?p=12758 \" target= \" _blank \" >21 juillet 2017<\/a><br \/>\n<a title= \" 14 juillet \" href= \" https:\/\/publication-evangelique.com\/?p=12749 \" target= \" _blank \" >14 juillet 2017<\/a><\/p>\n<p><a title= \" 16 juin \" href= \" https:\/\/publication-evangelique.com\/?p=12726 \" target= \" _blank \" >16 juin 2017<\/a><br \/>\n<a title= \" 9 juin \" href= \" https:\/\/publication-evangelique.com\/?p=12709 \" target= \" _blank \" >9 juin 2017<\/a><br \/>\n<a title= \" 2 juin \" href= \" https:\/\/publication-evangelique.com\/?p=12696 \" target= \" _blank \" >2 juin 2017<\/a><br \/>\n<img src= \" images\/spacer.gif \" border= \" 0 \" width= \" 200 \" height= \" 1 \" alt= \" \" ><br \/>\n&nbsp;<\/td>\n<td>&nbsp;<br \/>\n<a title= \" 26 mai \" href= \" https:\/\/publication-evangelique.com\/?p=12675 \" target= \" _blank \" >26 mai 2017<\/a><br \/>\n<a title= \" 19 mai \" href= \" https:\/\/publication-evangelique.com\/?p=12658 \" target= \" _blank \" >19 mai 2017<\/a><br \/>\n<a title= \" 12 mai \" href= \" https:\/\/publication-evangelique.com\/?p=12643 \" target= \" _blank \" >12 mai 2017<\/a><br \/>\n<a title= \" 5 mai \" href= \" https:\/\/publication-evangelique.com\/?p=12623 \" target= \" _blank \" >5 mai 2017<\/a><\/p>\n<p><a title= \" 28 avril \" href= \" https:\/\/publication-evangelique.com\/?p=12637 \" target= \" _blank \" >28 avril 2017<\/a><br \/>\n<a title= \" 21 avril \" href= \" https:\/\/publication-evangelique.com\/?p=12613 \" target= \" _blank \" >21 avril 2017<\/a><br \/>\n<a title= \" 14 avril \" href= \" https:\/\/publication-evangelique.com\/?p=12588 \" target= \" _blank \" >14 avril 2017<\/a><br \/>\n<a title= \" 7 avril \" href= \" https:\/\/publication-evangelique.com\/?p=12580 \" target= \" _blank \" >7 avril 2017<\/a><\/p>\n<p><a title= \" 31 mars \" href= \" https:\/\/publication-evangelique.com\/?p=12565 \" target= \" _blank \" >31 mars 2017<\/a><br \/>\n<a title= \" 24 mars \" href= \" https:\/\/publication-evangelique.com\/?p=12538 \" target= \" _blank \" >24 mars 2017<\/a><br \/>\n<a title= \" 17 mars \" href= \" https:\/\/publication-evangelique.com\/?p=12520 \" target= \" _blank \" >17 mars 2017<\/a><br \/>\n<a title= \" 10 mars \" href= \" https:\/\/publication-evangelique.com\/?p=12510 \" target= \" _blank \" >10 mars 2017<\/a><br \/>\n<a title= \" 3 mars \" href= \" https:\/\/publication-evangelique.com\/?p=12502 \" target= \" _blank \" >3 mars 2017<\/a><\/p>\n<p><a title= \" 24 f\u00e9vrier \" href= \" https:\/\/publication-evangelique.com\/?p=12488 \" target= \" _blank \" >24 f\u00e9vrier 2017<\/a><br \/>\n<a title= \" 17 f\u00e9vrier \" href= \" https:\/\/publication-evangelique.com\/?p=12478 \" target= \" _blank \" >17 f\u00e9vrier 2017<\/a><br \/>\n<a title= \" 10 f\u00e9vrier \" href= \" https:\/\/publication-evangelique.com\/?p=12469 \" target= \" _blank \" >10 f\u00e9vrier 2017<\/a><br \/>\n<a title= \" 3 f\u00e9vrier \" href= \" https:\/\/publication-evangelique.com\/?p=12454 \" target= \" _blank \" >3 f\u00e9vrier 2017<\/a><\/p>\n<p><a title= \" 27 janvier \" href= \" https:\/\/publication-evangelique.com\/?p=12445 \" target= \" _blank \" >27 janvier 2017<\/a><br \/>\n<a title= \" 20 janvier \" href= \" https:\/\/publication-evangelique.com\/?p=12428 \" target= \" _blank \" >20 janvier 2017<\/a><br \/>\n<a title= \" 13 janvier \" href= \" https:\/\/publication-evangelique.com\/?p=12413 \" target= \" _blank \" >13 janvier 2017<\/a><br \/>\n<a title= \" 6 janvier \" href= \" https:\/\/publication-evangelique.com\/?p=12400 \" target= \" _blank \" >6 janvier 2017<\/a><\/p>\n<p><img src= \" images\/spacer.gif \" border= \" 0 \" width= \" 200 \" height= \" 1 \" alt= \" \" ><\/p>\n<p>&nbsp;<\/td>\n<\/tr>\n<\/tbody>\n<\/table>\n<p><\/br><\/br><\/p>\n<p>Daniel Poulin<br \/>\n<a title= \" Publication \u00c9vang\u00e9lique \" href= \" https:\/\/publication-evangelique.com \" target= \" _blank \" >https:\/\/publication-evangelique.com<\/a><\/p>\n","protected":false},"excerpt":{"rendered":"<p>Vous pourrez \u00e9couter Daniel Poulin sur les ondes de la station La Radio Gospel 1650 AM \u00e0 Montr\u00e9al ou sur internet sur http:\/\/laradiogospel.ca. &nbsp; &nbsp; &nbsp; &nbsp; &nbsp; Toutes les archives des \u00e9missions 2017 sont gard\u00e9s dans cette page. &nbsp; <span class=\"excerpt-dots\">&hellip;<\/span> <a class=\"more-link\" href=\"https:\/\/publication-evangelique.com\/?page_id=12403\"><span class=\"more-msg\">Lire la suite &rarr;<\/span><\/a><\/p>\n","protected":false},"author":1,"featured_media":13199,"parent":0,"menu_order":0,"comment_status":"closed","ping_status":"closed","template":"","meta":{"footnotes":""},"class_list":["post-12403","page","type-page","status-publish","has-post-thumbnail","hentry"],"yoast_head":"<!-- This site is optimized with the Yoast SEO plugin v27.5 - https:\/\/yoast.com\/product\/yoast-seo-wordpress\/ -->\n<title>\u00c9mission de radio &quot; Radio \u00c9vang\u00e9lique &quot; 2017 - Publication \u00c9vang\u00e9lique<\/title>\n<meta name=\"robots\" content=\"index, follow, max-snippet:-1, max-image-preview:large, max-video-preview:-1\" \/>\n<link rel=\"canonical\" href=\"https:\/\/publication-evangelique.com\/?page_id=12403\" \/>\n<meta property=\"og:locale\" content=\"fr_FR\" \/>\n<meta property=\"og:type\" content=\"article\" \/>\n<meta property=\"og:title\" content=\"\u00c9mission de radio &quot; Radio \u00c9vang\u00e9lique &quot; 2017 - Publication \u00c9vang\u00e9lique\" \/>\n<meta property=\"og:description\" content=\"Vous pourrez \u00e9couter Daniel Poulin sur les ondes de la station La Radio Gospel 1650 AM \u00e0 Montr\u00e9al ou sur internet sur http:\/\/laradiogospel.ca. &nbsp; &nbsp; &nbsp; &nbsp; &nbsp; Toutes les archives des \u00e9missions 2017 sont gard\u00e9s dans cette page. &nbsp; &hellip; Lire la suite &rarr;\" \/>\n<meta property=\"og:url\" content=\"https:\/\/publication-evangelique.com\/?page_id=12403\" \/>\n<meta property=\"og:site_name\" content=\"Publication \u00c9vang\u00e9lique\" \/>\n<meta property=\"article:publisher\" content=\"https:\/\/www.facebook.com\/danielpoulin75\" \/>\n<meta property=\"article:modified_time\" content=\"2017-12-17T15:06:00+00:00\" \/>\n<meta property=\"og:image\" content=\"https:\/\/publication-evangelique.com\/wp-content\/uploads\/radioevangelique.jpg\" \/>\n\t<meta property=\"og:image:width\" content=\"1280\" \/>\n\t<meta property=\"og:image:height\" content=\"960\" \/>\n\t<meta property=\"og:image:type\" content=\"image\/jpeg\" \/>\n<meta name=\"twitter:label1\" content=\"Dur\u00e9e de lecture estim\u00e9e\" \/>\n\t<meta name=\"twitter:data1\" content=\"1 minute\" \/>\n<script type=\"application\/ld+json\" class=\"yoast-schema-graph\">{\"@context\":\"https:\\\/\\\/schema.org\",\"@graph\":[{\"@type\":\"WebPage\",\"@id\":\"https:\\\/\\\/publication-evangelique.com\\\/?page_id=12403\",\"url\":\"https:\\\/\\\/publication-evangelique.com\\\/?page_id=12403\",\"name\":\"\u00c9mission de radio \\\" Radio \u00c9vang\u00e9lique \\\" 2017 - Publication \u00c9vang\u00e9lique\",\"isPartOf\":{\"@id\":\"https:\\\/\\\/publication-evangelique.com\\\/#website\"},\"primaryImageOfPage\":{\"@id\":\"https:\\\/\\\/publication-evangelique.com\\\/?page_id=12403#primaryimage\"},\"image\":{\"@id\":\"https:\\\/\\\/publication-evangelique.com\\\/?page_id=12403#primaryimage\"},\"thumbnailUrl\":\"https:\\\/\\\/publication-evangelique.com\\\/wp-content\\\/uploads\\\/radioevangelique.jpg\",\"datePublished\":\"2017-01-10T18:38:33+00:00\",\"dateModified\":\"2017-12-17T15:06:00+00:00\",\"breadcrumb\":{\"@id\":\"https:\\\/\\\/publication-evangelique.com\\\/?page_id=12403#breadcrumb\"},\"inLanguage\":\"fr-FR\",\"potentialAction\":[{\"@type\":\"ReadAction\",\"target\":[\"https:\\\/\\\/publication-evangelique.com\\\/?page_id=12403\"]}]},{\"@type\":\"ImageObject\",\"inLanguage\":\"fr-FR\",\"@id\":\"https:\\\/\\\/publication-evangelique.com\\\/?page_id=12403#primaryimage\",\"url\":\"https:\\\/\\\/publication-evangelique.com\\\/wp-content\\\/uploads\\\/radioevangelique.jpg\",\"contentUrl\":\"https:\\\/\\\/publication-evangelique.com\\\/wp-content\\\/uploads\\\/radioevangelique.jpg\",\"width\":1280,\"height\":960},{\"@type\":\"BreadcrumbList\",\"@id\":\"https:\\\/\\\/publication-evangelique.com\\\/?page_id=12403#breadcrumb\",\"itemListElement\":[{\"@type\":\"ListItem\",\"position\":1,\"name\":\"Accueil\",\"item\":\"https:\\\/\\\/publication-evangelique.com\\\/\"},{\"@type\":\"ListItem\",\"position\":2,\"name\":\"\u00c9mission de radio \u00ab\u00a0Radio \u00c9vang\u00e9lique\u00a0\u00bb 2017\"}]},{\"@type\":\"WebSite\",\"@id\":\"https:\\\/\\\/publication-evangelique.com\\\/#website\",\"url\":\"https:\\\/\\\/publication-evangelique.com\\\/\",\"name\":\"Daniel Poulin - publication-evangelique.com\",\"description\":\"Daniel Poulin\",\"publisher\":{\"@id\":\"https:\\\/\\\/publication-evangelique.com\\\/#\\\/schema\\\/person\\\/a7aa86223ca614c8c1a737d18c95460c\"},\"potentialAction\":[{\"@type\":\"SearchAction\",\"target\":{\"@type\":\"EntryPoint\",\"urlTemplate\":\"https:\\\/\\\/publication-evangelique.com\\\/?s={search_term_string}\"},\"query-input\":{\"@type\":\"PropertyValueSpecification\",\"valueRequired\":true,\"valueName\":\"search_term_string\"}}],\"inLanguage\":\"fr-FR\"},{\"@type\":[\"Person\",\"Organization\"],\"@id\":\"https:\\\/\\\/publication-evangelique.com\\\/#\\\/schema\\\/person\\\/a7aa86223ca614c8c1a737d18c95460c\",\"name\":\"Daniel Poulin\",\"image\":{\"@type\":\"ImageObject\",\"inLanguage\":\"fr-FR\",\"@id\":\"https:\\\/\\\/publication-evangelique.com\\\/wp-content\\\/uploads\\\/daniel5-1.jpg\",\"url\":\"https:\\\/\\\/publication-evangelique.com\\\/wp-content\\\/uploads\\\/daniel5-1.jpg\",\"contentUrl\":\"https:\\\/\\\/publication-evangelique.com\\\/wp-content\\\/uploads\\\/daniel5-1.jpg\",\"width\":833,\"height\":969,\"caption\":\"Daniel Poulin\"},\"logo\":{\"@id\":\"https:\\\/\\\/publication-evangelique.com\\\/wp-content\\\/uploads\\\/daniel5-1.jpg\"},\"description\":\"Bonjour, ici Daniel Poulin! Je suis un chr\u00e9tien n\u00e9 de nouveau depuis 1980, ayant parcouru un cheminement avec le Seigneur J\u00e9sus-Christ, j'ai construit ce site afin de partager mes connaissances de la parole de Dieu \\\" La Bible \\\" Je travaille aussi au d\u00e9veloppement de la station de radio chr\u00e9tienne fran\u00e7aise \u00e0 Montr\u00e9al, \\\" La Radio Gospel \\\" que vous pouvez voir ici http:\\\/\\\/laradiogospel.ca Je fr\u00e9quente aussi une \u00e9glise, dont je pr\u00eache et j\u2019enseigne la parole de Dieu. La communaut\u00e9 \u00c9vang\u00e9lique de l'Agneau \\\" , voici l'adresse, http:\\\/\\\/communauteevangelique.ca\\\/\",\"sameAs\":[\"https:\\\/\\\/publication-evangelique.com\",\"https:\\\/\\\/www.facebook.com\\\/danielpoulin75\",\"https:\\\/\\\/www.linkedin.com\\\/in\\\/daniel-poulin-64614745\\\/\",\"https:\\\/\\\/x.com\\\/https:\\\/\\\/twitter.com\\\/Daniel_Poulin\",\"https:\\\/\\\/www.youtube.com\\\/user\\\/danielpoulin75\\\/videos\"]}]}<\/script>\n<!-- \/ Yoast SEO plugin. -->","yoast_head_json":{"title":"\u00c9mission de radio \" Radio \u00c9vang\u00e9lique \" 2017 - Publication \u00c9vang\u00e9lique","robots":{"index":"index","follow":"follow","max-snippet":"max-snippet:-1","max-image-preview":"max-image-preview:large","max-video-preview":"max-video-preview:-1"},"canonical":"https:\/\/publication-evangelique.com\/?page_id=12403","og_locale":"fr_FR","og_type":"article","og_title":"\u00c9mission de radio \" Radio \u00c9vang\u00e9lique \" 2017 - Publication \u00c9vang\u00e9lique","og_description":"Vous pourrez \u00e9couter Daniel Poulin sur les ondes de la station La Radio Gospel 1650 AM \u00e0 Montr\u00e9al ou sur internet sur http:\/\/laradiogospel.ca. &nbsp; &nbsp; &nbsp; &nbsp; &nbsp; Toutes les archives des \u00e9missions 2017 sont gard\u00e9s dans cette page. &nbsp; &hellip; Lire la suite &rarr;","og_url":"https:\/\/publication-evangelique.com\/?page_id=12403","og_site_name":"Publication \u00c9vang\u00e9lique","article_publisher":"https:\/\/www.facebook.com\/danielpoulin75","article_modified_time":"2017-12-17T15:06:00+00:00","og_image":[{"width":1280,"height":960,"url":"https:\/\/publication-evangelique.com\/wp-content\/uploads\/radioevangelique.jpg","type":"image\/jpeg"}],"twitter_misc":{"Dur\u00e9e de lecture estim\u00e9e":"1 minute"},"schema":{"@context":"https:\/\/schema.org","@graph":[{"@type":"WebPage","@id":"https:\/\/publication-evangelique.com\/?page_id=12403","url":"https:\/\/publication-evangelique.com\/?page_id=12403","name":"\u00c9mission de radio \" Radio \u00c9vang\u00e9lique \" 2017 - Publication \u00c9vang\u00e9lique","isPartOf":{"@id":"https:\/\/publication-evangelique.com\/#website"},"primaryImageOfPage":{"@id":"https:\/\/publication-evangelique.com\/?page_id=12403#primaryimage"},"image":{"@id":"https:\/\/publication-evangelique.com\/?page_id=12403#primaryimage"},"thumbnailUrl":"https:\/\/publication-evangelique.com\/wp-content\/uploads\/radioevangelique.jpg","datePublished":"2017-01-10T18:38:33+00:00","dateModified":"2017-12-17T15:06:00+00:00","breadcrumb":{"@id":"https:\/\/publication-evangelique.com\/?page_id=12403#breadcrumb"},"inLanguage":"fr-FR","potentialAction":[{"@type":"ReadAction","target":["https:\/\/publication-evangelique.com\/?page_id=12403"]}]},{"@type":"ImageObject","inLanguage":"fr-FR","@id":"https:\/\/publication-evangelique.com\/?page_id=12403#primaryimage","url":"https:\/\/publication-evangelique.com\/wp-content\/uploads\/radioevangelique.jpg","contentUrl":"https:\/\/publication-evangelique.com\/wp-content\/uploads\/radioevangelique.jpg","width":1280,"height":960},{"@type":"BreadcrumbList","@id":"https:\/\/publication-evangelique.com\/?page_id=12403#breadcrumb","itemListElement":[{"@type":"ListItem","position":1,"name":"Accueil","item":"https:\/\/publication-evangelique.com\/"},{"@type":"ListItem","position":2,"name":"\u00c9mission de radio \u00ab\u00a0Radio \u00c9vang\u00e9lique\u00a0\u00bb 2017"}]},{"@type":"WebSite","@id":"https:\/\/publication-evangelique.com\/#website","url":"https:\/\/publication-evangelique.com\/","name":"Daniel Poulin - publication-evangelique.com","description":"Daniel Poulin","publisher":{"@id":"https:\/\/publication-evangelique.com\/#\/schema\/person\/a7aa86223ca614c8c1a737d18c95460c"},"potentialAction":[{"@type":"SearchAction","target":{"@type":"EntryPoint","urlTemplate":"https:\/\/publication-evangelique.com\/?s={search_term_string}"},"query-input":{"@type":"PropertyValueSpecification","valueRequired":true,"valueName":"search_term_string"}}],"inLanguage":"fr-FR"},{"@type":["Person","Organization"],"@id":"https:\/\/publication-evangelique.com\/#\/schema\/person\/a7aa86223ca614c8c1a737d18c95460c","name":"Daniel Poulin","image":{"@type":"ImageObject","inLanguage":"fr-FR","@id":"https:\/\/publication-evangelique.com\/wp-content\/uploads\/daniel5-1.jpg","url":"https:\/\/publication-evangelique.com\/wp-content\/uploads\/daniel5-1.jpg","contentUrl":"https:\/\/publication-evangelique.com\/wp-content\/uploads\/daniel5-1.jpg","width":833,"height":969,"caption":"Daniel Poulin"},"logo":{"@id":"https:\/\/publication-evangelique.com\/wp-content\/uploads\/daniel5-1.jpg"},"description":"Bonjour, ici Daniel Poulin! Je suis un chr\u00e9tien n\u00e9 de nouveau depuis 1980, ayant parcouru un cheminement avec le Seigneur J\u00e9sus-Christ, j'ai construit ce site afin de partager mes connaissances de la parole de Dieu \" La Bible \" Je travaille aussi au d\u00e9veloppement de la station de radio chr\u00e9tienne fran\u00e7aise \u00e0 Montr\u00e9al, \" La Radio Gospel \" que vous pouvez voir ici http:\/\/laradiogospel.ca Je fr\u00e9quente aussi une \u00e9glise, dont je pr\u00eache et j\u2019enseigne la parole de Dieu. La communaut\u00e9 \u00c9vang\u00e9lique de l'Agneau \" , voici l'adresse, http:\/\/communauteevangelique.ca\/","sameAs":["https:\/\/publication-evangelique.com","https:\/\/www.facebook.com\/danielpoulin75","https:\/\/www.linkedin.com\/in\/daniel-poulin-64614745\/","https:\/\/x.com\/https:\/\/twitter.com\/Daniel_Poulin","https:\/\/www.youtube.com\/user\/danielpoulin75\/videos"]}]}},"_links":{"self":[{"href":"https:\/\/publication-evangelique.com\/index.php?rest_route=\/wp\/v2\/pages\/12403","targetHints":{"allow":["GET"]}}],"collection":[{"href":"https:\/\/publication-evangelique.com\/index.php?rest_route=\/wp\/v2\/pages"}],"about":[{"href":"https:\/\/publication-evangelique.com\/index.php?rest_route=\/wp\/v2\/types\/page"}],"author":[{"embeddable":true,"href":"https:\/\/publication-evangelique.com\/index.php?rest_route=\/wp\/v2\/users\/1"}],"replies":[{"embeddable":true,"href":"https:\/\/publication-evangelique.com\/index.php?rest_route=%2Fwp%2Fv2%2Fcomments&post=12403"}],"version-history":[{"count":0,"href":"https:\/\/publication-evangelique.com\/index.php?rest_route=\/wp\/v2\/pages\/12403\/revisions"}],"wp:featuredmedia":[{"embeddable":true,"href":"https:\/\/publication-evangelique.com\/index.php?rest_route=\/wp\/v2\/media\/13199"}],"wp:attachment":[{"href":"https:\/\/publication-evangelique.com\/index.php?rest_route=%2Fwp%2Fv2%2Fmedia&parent=12403"}],"curies":[{"name":"wp","href":"https:\/\/api.w.org\/{rel}","templated":true}]}}