{"id":14747,"date":"2018-02-21T05:10:54","date_gmt":"2018-02-21T10:10:54","guid":{"rendered":"http:\/\/publication-evangelique.com\/?page_id=14747"},"modified":"2020-07-22T12:28:13","modified_gmt":"2020-07-22T17:28:13","slug":"etre-nouvelle-creature-jesus-christ","status":"publish","type":"page","link":"https:\/\/publication-evangelique.com\/?page_id=14747","title":{"rendered":"\u00catre une nouvelle cr\u00e9ature par J\u00e9sus-Christ"},"content":{"rendered":"<p>Dans ces quelques \u00e9tudes, nous ferons un survol de ce que la Bible dit sur le sujet de <strong> \u00a0\u00bb la nouvelle naissance \u00a0\u00bb <\/strong>.<\/p>\n<p>Nous examinerons ce qu\u2019est la nouvelle naissance.<\/p>\n<p>Nous regarderons aussi comment cheminer dans cette nouvelle vie en J\u00e9sus.<\/p>\n<p><strong>Matthieu 7:14<\/strong> mais \u00e9troite est la porte, resserr\u00e9 le chemin qui m\u00e8nent \u00e0 la vie, et il y en a peu qui les trouvent.<\/p>\n<p>Vous pouvez aussi les \u00e9couter en MP3.<\/p>\n<p>&nbsp;<\/p>\n<p>1 &#8211; <a href= \" https:\/\/publication-evangelique.com\/?p=14746 \" >Que veut dire la Bible \u00e0 propos d\u2019\u00eatre une n\u00e9e de nouveau?<\/a><br \/>\n2 &#8211; <a href= \" https:\/\/publication-evangelique.com\/?p=14773 \" >L\u2019importance d\u2019exp\u00e9rimenter la nouvelle naissance.<\/a><br \/>\n3 &#8211; <a href= \" https:\/\/publication-evangelique.com\/?p=14785 \" >Quelle est l\u2019action de Dieu pour la nouvelle naissance?<\/a><br \/>\n4 &#8211; <a href= \" https:\/\/publication-evangelique.com\/?p=14807 \" >Quelles sont les actions de l\u2019homme pour na\u00eetre de nouveau?<\/a><br \/>\n5 &#8211; <a href= \" https:\/\/publication-evangelique.com\/?p=14815 \" >Que se passe-t-il apr\u00e8s avoir re\u00e7u la nouvelle naissance?<\/a><br \/>\n6 &#8211; <a href= \" https:\/\/publication-evangelique.com\/?p=14857 \" >Demeurons anim\u00e9s par la nouvelle vie!<\/a><br \/>\n7 &#8211; <a href= \" https:\/\/publication-evangelique.com\/?p=14877 \" >Comprendre la fragilit\u00e9 de notre relation avec l\u2019Esprit-Saint.<\/a><br \/>\n8 &#8211; <a href= \" https:\/\/publication-evangelique.com\/?p=14888 \" >La contrefa\u00e7on de la nouvelle vie en J\u00e9sus.<\/a><br \/>\n9 &#8211; <a href= \" https:\/\/publication-evangelique.com\/?p=14902 \" >La nouvelle vie en J\u00e9sus-Christ nous am\u00e8ne \u00e0 \u00eatre chang\u00e9s.<\/a><br \/>\n10 &#8211; <a href= \" https:\/\/publication-evangelique.com\/?p=14906 \" >Les b\u00e9n\u00e9dictions d\u2019\u00eatre n\u00e9 de nouveau.<\/a><br \/>\n11 &#8211; <a href= \" https:\/\/publication-evangelique.com\/?p=14923 \" >Pour \u00eatre sous le contr\u00f4le de la nouvelle nature.<\/a><br \/>\n12 &#8211; <a href= \" https:\/\/publication-evangelique.com\/?p=14961 \" >Les 3 cl\u00e9s pour demeurer en lui.<\/a><br \/>\n13 &#8211; <a href= \" https:\/\/publication-evangelique.com\/?p=14977 \" >\u00catre \u00e0 la recherche de Dieu, \u00ab co\u00fbte que co\u00fbte \u00bb!<\/a><br \/>\n14 &#8211; <a href= \" https:\/\/publication-evangelique.com\/?p=14995 \" >Devenir des hommes et des femmes de pri\u00e8re.<\/a><br \/>\n15 &#8211; <a href= \" https:\/\/publication-evangelique.com\/?p=15040 \" >Devenir mature, demeurer en amour avec la parole de Dieu.<\/a><br \/>\n16 &#8211; <a href= \" https:\/\/publication-evangelique.com\/?p=15050 \" >Devenir mature, c\u2019est de devenir un adorateur de Dieu<\/a><br \/>\n17 &#8211; <a href= \" https:\/\/publication-evangelique.com\/?p=15066 \" >Devenir mature, c\u2019est de devenir saint.<\/a><br \/>\n18 &#8211; <a href= \" https:\/\/publication-evangelique.com\/?p=15082 \" >Devenir mature, c\u2019est se responsabiliser face \u00e0 l\u2019\u00e9glise.<\/a><br \/>\n19 &#8211; <a href= \" https:\/\/publication-evangelique.com\/?p=15101 \" >Devenir mature, c\u2019est se responsabiliser face \u00e0 l\u2019\u00e9vang\u00e9lisation.<\/a><br \/>\n20 &#8211; <a href= \" https:\/\/publication-evangelique.com\/?p=15112 \" >Devenir mature, c\u2019est se responsabiliser face au service.<\/a><br \/>\n21 &#8211; <a href= \" https:\/\/publication-evangelique.com\/?p=15126 \" >Devenir mature, c\u2019est participer au soutien financier de l\u2019\u0153uvre de Dieu.<\/a><br \/>\n22 &#8211; <a href= \" https:\/\/publication-evangelique.com\/?p=15144 \" >Les \u00e9tats qui nous emp\u00eache d\u2019atteindre la maturit\u00e9 spirituelle.<\/a><br \/>\n23 &#8211; <a href= \" https:\/\/publication-evangelique.com\/?p=15159 \" >Une autre nuisance \u00e0 la croissance; l\u2019amour des richesses.<\/a><br \/>\n24 &#8211; <a href= \" https:\/\/publication-evangelique.com\/?p=15194 \" >Une nuisance \u00e0 la croissance; rechercher les plaisirs de cette vie.<\/a><\/p>\n<p>&#8212;&#8212;&#8212;&#8212;&#8212;&#8212;&#8212;&#8212;&#8212;<\/p>\n<p>Produit par: Daniel Poulin<br \/>\n\u00c9dit\u00e9 par: <a title= \" https:\/\/publication-evangelique.com \" href= \" https:\/\/publication-evangelique.com \" target= \" _blank \" rel= \" noopener noreferrer \" >https:\/\/publication-evangelique.com<\/a><\/p>\n<p><strong>Adresse de cette page :<\/strong> <a href= \" https:\/\/publication-evangelique.com\/?page_id=14747 \" > https:\/\/publication-evangelique.com\/?page_id=14747<\/a><\/p>\n","protected":false},"excerpt":{"rendered":"<p>Dans ces quelques \u00e9tudes, nous ferons un survol de ce que la Bible dit sur le sujet de \u00a0\u00bb la nouvelle naissance \u00a0\u00bb . Nous examinerons ce qu\u2019est la nouvelle naissance. Nous regarderons aussi comment cheminer dans cette nouvelle vie <span class=\"excerpt-dots\">&hellip;<\/span> <a class=\"more-link\" href=\"https:\/\/publication-evangelique.com\/?page_id=14747\"><span class=\"more-msg\">Lire la suite &rarr;<\/span><\/a><\/p>\n","protected":false},"author":1,"featured_media":13106,"parent":0,"menu_order":0,"comment_status":"open","ping_status":"open","template":"","meta":{"footnotes":""},"class_list":["post-14747","page","type-page","status-publish","has-post-thumbnail","hentry"],"yoast_head":"<!-- This site is optimized with the Yoast SEO plugin v27.5 - https:\/\/yoast.com\/product\/yoast-seo-wordpress\/ -->\n<title>\u00catre une nouvelle cr\u00e9ature par J\u00e9sus-Christ - Publication \u00c9vang\u00e9lique<\/title>\n<meta name=\"robots\" content=\"index, follow, max-snippet:-1, max-image-preview:large, max-video-preview:-1\" \/>\n<link rel=\"canonical\" href=\"https:\/\/publication-evangelique.com\/?page_id=14747\" \/>\n<meta property=\"og:locale\" content=\"fr_FR\" \/>\n<meta property=\"og:type\" content=\"article\" \/>\n<meta property=\"og:title\" content=\"\u00catre une nouvelle cr\u00e9ature par J\u00e9sus-Christ - Publication \u00c9vang\u00e9lique\" \/>\n<meta property=\"og:description\" content=\"Dans ces quelques \u00e9tudes, nous ferons un survol de ce que la Bible dit sur le sujet de \u00a0\u00bb la nouvelle naissance \u00a0\u00bb . Nous examinerons ce qu\u2019est la nouvelle naissance. Nous regarderons aussi comment cheminer dans cette nouvelle vie &hellip; Lire la suite &rarr;\" \/>\n<meta property=\"og:url\" content=\"https:\/\/publication-evangelique.com\/?page_id=14747\" \/>\n<meta property=\"og:site_name\" content=\"Publication \u00c9vang\u00e9lique\" \/>\n<meta property=\"article:publisher\" content=\"https:\/\/www.facebook.com\/danielpoulin75\" \/>\n<meta property=\"article:modified_time\" content=\"2020-07-22T17:28:13+00:00\" \/>\n<meta property=\"og:image\" content=\"https:\/\/publication-evangelique.com\/wp-content\/uploads\/1309.jpg\" \/>\n\t<meta property=\"og:image:width\" content=\"1280\" \/>\n\t<meta property=\"og:image:height\" content=\"960\" \/>\n\t<meta property=\"og:image:type\" content=\"image\/jpeg\" \/>\n<meta name=\"twitter:label1\" content=\"Dur\u00e9e de lecture estim\u00e9e\" \/>\n\t<meta name=\"twitter:data1\" content=\"2 minutes\" \/>\n<script type=\"application\/ld+json\" class=\"yoast-schema-graph\">{\"@context\":\"https:\\\/\\\/schema.org\",\"@graph\":[{\"@type\":\"WebPage\",\"@id\":\"https:\\\/\\\/publication-evangelique.com\\\/?page_id=14747\",\"url\":\"https:\\\/\\\/publication-evangelique.com\\\/?page_id=14747\",\"name\":\"\u00catre une nouvelle cr\u00e9ature par J\u00e9sus-Christ - Publication \u00c9vang\u00e9lique\",\"isPartOf\":{\"@id\":\"https:\\\/\\\/publication-evangelique.com\\\/#website\"},\"primaryImageOfPage\":{\"@id\":\"https:\\\/\\\/publication-evangelique.com\\\/?page_id=14747#primaryimage\"},\"image\":{\"@id\":\"https:\\\/\\\/publication-evangelique.com\\\/?page_id=14747#primaryimage\"},\"thumbnailUrl\":\"https:\\\/\\\/publication-evangelique.com\\\/wp-content\\\/uploads\\\/1309.jpg\",\"datePublished\":\"2018-02-21T10:10:54+00:00\",\"dateModified\":\"2020-07-22T17:28:13+00:00\",\"breadcrumb\":{\"@id\":\"https:\\\/\\\/publication-evangelique.com\\\/?page_id=14747#breadcrumb\"},\"inLanguage\":\"fr-FR\",\"potentialAction\":[{\"@type\":\"ReadAction\",\"target\":[\"https:\\\/\\\/publication-evangelique.com\\\/?page_id=14747\"]}]},{\"@type\":\"ImageObject\",\"inLanguage\":\"fr-FR\",\"@id\":\"https:\\\/\\\/publication-evangelique.com\\\/?page_id=14747#primaryimage\",\"url\":\"https:\\\/\\\/publication-evangelique.com\\\/wp-content\\\/uploads\\\/1309.jpg\",\"contentUrl\":\"https:\\\/\\\/publication-evangelique.com\\\/wp-content\\\/uploads\\\/1309.jpg\",\"width\":1280,\"height\":960},{\"@type\":\"BreadcrumbList\",\"@id\":\"https:\\\/\\\/publication-evangelique.com\\\/?page_id=14747#breadcrumb\",\"itemListElement\":[{\"@type\":\"ListItem\",\"position\":1,\"name\":\"Accueil\",\"item\":\"https:\\\/\\\/publication-evangelique.com\\\/\"},{\"@type\":\"ListItem\",\"position\":2,\"name\":\"\u00catre une nouvelle cr\u00e9ature par J\u00e9sus-Christ\"}]},{\"@type\":\"WebSite\",\"@id\":\"https:\\\/\\\/publication-evangelique.com\\\/#website\",\"url\":\"https:\\\/\\\/publication-evangelique.com\\\/\",\"name\":\"Daniel Poulin - publication-evangelique.com\",\"description\":\"Daniel Poulin\",\"publisher\":{\"@id\":\"https:\\\/\\\/publication-evangelique.com\\\/#\\\/schema\\\/person\\\/a7aa86223ca614c8c1a737d18c95460c\"},\"potentialAction\":[{\"@type\":\"SearchAction\",\"target\":{\"@type\":\"EntryPoint\",\"urlTemplate\":\"https:\\\/\\\/publication-evangelique.com\\\/?s={search_term_string}\"},\"query-input\":{\"@type\":\"PropertyValueSpecification\",\"valueRequired\":true,\"valueName\":\"search_term_string\"}}],\"inLanguage\":\"fr-FR\"},{\"@type\":[\"Person\",\"Organization\"],\"@id\":\"https:\\\/\\\/publication-evangelique.com\\\/#\\\/schema\\\/person\\\/a7aa86223ca614c8c1a737d18c95460c\",\"name\":\"Daniel Poulin\",\"image\":{\"@type\":\"ImageObject\",\"inLanguage\":\"fr-FR\",\"@id\":\"https:\\\/\\\/publication-evangelique.com\\\/wp-content\\\/uploads\\\/daniel5-1.jpg\",\"url\":\"https:\\\/\\\/publication-evangelique.com\\\/wp-content\\\/uploads\\\/daniel5-1.jpg\",\"contentUrl\":\"https:\\\/\\\/publication-evangelique.com\\\/wp-content\\\/uploads\\\/daniel5-1.jpg\",\"width\":833,\"height\":969,\"caption\":\"Daniel Poulin\"},\"logo\":{\"@id\":\"https:\\\/\\\/publication-evangelique.com\\\/wp-content\\\/uploads\\\/daniel5-1.jpg\"},\"description\":\"Bonjour, ici Daniel Poulin! Je suis un chr\u00e9tien n\u00e9 de nouveau depuis 1980, ayant parcouru un cheminement avec le Seigneur J\u00e9sus-Christ, j'ai construit ce site afin de partager mes connaissances de la parole de Dieu \\\" La Bible \\\" Je travaille aussi au d\u00e9veloppement de la station de radio chr\u00e9tienne fran\u00e7aise \u00e0 Montr\u00e9al, \\\" La Radio Gospel \\\" que vous pouvez voir ici http:\\\/\\\/laradiogospel.ca Je fr\u00e9quente aussi une \u00e9glise, dont je pr\u00eache et j\u2019enseigne la parole de Dieu. La communaut\u00e9 \u00c9vang\u00e9lique de l'Agneau \\\" , voici l'adresse, http:\\\/\\\/communauteevangelique.ca\\\/\",\"sameAs\":[\"https:\\\/\\\/publication-evangelique.com\",\"https:\\\/\\\/www.facebook.com\\\/danielpoulin75\",\"https:\\\/\\\/www.linkedin.com\\\/in\\\/daniel-poulin-64614745\\\/\",\"https:\\\/\\\/x.com\\\/https:\\\/\\\/twitter.com\\\/Daniel_Poulin\",\"https:\\\/\\\/www.youtube.com\\\/user\\\/danielpoulin75\\\/videos\"]}]}<\/script>\n<!-- \/ Yoast SEO plugin. -->","yoast_head_json":{"title":"\u00catre une nouvelle cr\u00e9ature par J\u00e9sus-Christ - Publication \u00c9vang\u00e9lique","robots":{"index":"index","follow":"follow","max-snippet":"max-snippet:-1","max-image-preview":"max-image-preview:large","max-video-preview":"max-video-preview:-1"},"canonical":"https:\/\/publication-evangelique.com\/?page_id=14747","og_locale":"fr_FR","og_type":"article","og_title":"\u00catre une nouvelle cr\u00e9ature par J\u00e9sus-Christ - Publication \u00c9vang\u00e9lique","og_description":"Dans ces quelques \u00e9tudes, nous ferons un survol de ce que la Bible dit sur le sujet de \u00a0\u00bb la nouvelle naissance \u00a0\u00bb . Nous examinerons ce qu\u2019est la nouvelle naissance. Nous regarderons aussi comment cheminer dans cette nouvelle vie &hellip; Lire la suite &rarr;","og_url":"https:\/\/publication-evangelique.com\/?page_id=14747","og_site_name":"Publication \u00c9vang\u00e9lique","article_publisher":"https:\/\/www.facebook.com\/danielpoulin75","article_modified_time":"2020-07-22T17:28:13+00:00","og_image":[{"width":1280,"height":960,"url":"https:\/\/publication-evangelique.com\/wp-content\/uploads\/1309.jpg","type":"image\/jpeg"}],"twitter_misc":{"Dur\u00e9e de lecture estim\u00e9e":"2 minutes"},"schema":{"@context":"https:\/\/schema.org","@graph":[{"@type":"WebPage","@id":"https:\/\/publication-evangelique.com\/?page_id=14747","url":"https:\/\/publication-evangelique.com\/?page_id=14747","name":"\u00catre une nouvelle cr\u00e9ature par J\u00e9sus-Christ - Publication \u00c9vang\u00e9lique","isPartOf":{"@id":"https:\/\/publication-evangelique.com\/#website"},"primaryImageOfPage":{"@id":"https:\/\/publication-evangelique.com\/?page_id=14747#primaryimage"},"image":{"@id":"https:\/\/publication-evangelique.com\/?page_id=14747#primaryimage"},"thumbnailUrl":"https:\/\/publication-evangelique.com\/wp-content\/uploads\/1309.jpg","datePublished":"2018-02-21T10:10:54+00:00","dateModified":"2020-07-22T17:28:13+00:00","breadcrumb":{"@id":"https:\/\/publication-evangelique.com\/?page_id=14747#breadcrumb"},"inLanguage":"fr-FR","potentialAction":[{"@type":"ReadAction","target":["https:\/\/publication-evangelique.com\/?page_id=14747"]}]},{"@type":"ImageObject","inLanguage":"fr-FR","@id":"https:\/\/publication-evangelique.com\/?page_id=14747#primaryimage","url":"https:\/\/publication-evangelique.com\/wp-content\/uploads\/1309.jpg","contentUrl":"https:\/\/publication-evangelique.com\/wp-content\/uploads\/1309.jpg","width":1280,"height":960},{"@type":"BreadcrumbList","@id":"https:\/\/publication-evangelique.com\/?page_id=14747#breadcrumb","itemListElement":[{"@type":"ListItem","position":1,"name":"Accueil","item":"https:\/\/publication-evangelique.com\/"},{"@type":"ListItem","position":2,"name":"\u00catre une nouvelle cr\u00e9ature par J\u00e9sus-Christ"}]},{"@type":"WebSite","@id":"https:\/\/publication-evangelique.com\/#website","url":"https:\/\/publication-evangelique.com\/","name":"Daniel Poulin - publication-evangelique.com","description":"Daniel Poulin","publisher":{"@id":"https:\/\/publication-evangelique.com\/#\/schema\/person\/a7aa86223ca614c8c1a737d18c95460c"},"potentialAction":[{"@type":"SearchAction","target":{"@type":"EntryPoint","urlTemplate":"https:\/\/publication-evangelique.com\/?s={search_term_string}"},"query-input":{"@type":"PropertyValueSpecification","valueRequired":true,"valueName":"search_term_string"}}],"inLanguage":"fr-FR"},{"@type":["Person","Organization"],"@id":"https:\/\/publication-evangelique.com\/#\/schema\/person\/a7aa86223ca614c8c1a737d18c95460c","name":"Daniel Poulin","image":{"@type":"ImageObject","inLanguage":"fr-FR","@id":"https:\/\/publication-evangelique.com\/wp-content\/uploads\/daniel5-1.jpg","url":"https:\/\/publication-evangelique.com\/wp-content\/uploads\/daniel5-1.jpg","contentUrl":"https:\/\/publication-evangelique.com\/wp-content\/uploads\/daniel5-1.jpg","width":833,"height":969,"caption":"Daniel Poulin"},"logo":{"@id":"https:\/\/publication-evangelique.com\/wp-content\/uploads\/daniel5-1.jpg"},"description":"Bonjour, ici Daniel Poulin! Je suis un chr\u00e9tien n\u00e9 de nouveau depuis 1980, ayant parcouru un cheminement avec le Seigneur J\u00e9sus-Christ, j'ai construit ce site afin de partager mes connaissances de la parole de Dieu \" La Bible \" Je travaille aussi au d\u00e9veloppement de la station de radio chr\u00e9tienne fran\u00e7aise \u00e0 Montr\u00e9al, \" La Radio Gospel \" que vous pouvez voir ici http:\/\/laradiogospel.ca Je fr\u00e9quente aussi une \u00e9glise, dont je pr\u00eache et j\u2019enseigne la parole de Dieu. La communaut\u00e9 \u00c9vang\u00e9lique de l'Agneau \" , voici l'adresse, http:\/\/communauteevangelique.ca\/","sameAs":["https:\/\/publication-evangelique.com","https:\/\/www.facebook.com\/danielpoulin75","https:\/\/www.linkedin.com\/in\/daniel-poulin-64614745\/","https:\/\/x.com\/https:\/\/twitter.com\/Daniel_Poulin","https:\/\/www.youtube.com\/user\/danielpoulin75\/videos"]}]}},"_links":{"self":[{"href":"https:\/\/publication-evangelique.com\/index.php?rest_route=\/wp\/v2\/pages\/14747","targetHints":{"allow":["GET"]}}],"collection":[{"href":"https:\/\/publication-evangelique.com\/index.php?rest_route=\/wp\/v2\/pages"}],"about":[{"href":"https:\/\/publication-evangelique.com\/index.php?rest_route=\/wp\/v2\/types\/page"}],"author":[{"embeddable":true,"href":"https:\/\/publication-evangelique.com\/index.php?rest_route=\/wp\/v2\/users\/1"}],"replies":[{"embeddable":true,"href":"https:\/\/publication-evangelique.com\/index.php?rest_route=%2Fwp%2Fv2%2Fcomments&post=14747"}],"version-history":[{"count":0,"href":"https:\/\/publication-evangelique.com\/index.php?rest_route=\/wp\/v2\/pages\/14747\/revisions"}],"wp:featuredmedia":[{"embeddable":true,"href":"https:\/\/publication-evangelique.com\/index.php?rest_route=\/wp\/v2\/media\/13106"}],"wp:attachment":[{"href":"https:\/\/publication-evangelique.com\/index.php?rest_route=%2Fwp%2Fv2%2Fmedia&parent=14747"}],"curies":[{"name":"wp","href":"https:\/\/api.w.org\/{rel}","templated":true}]}}