{"id":15221,"date":"2018-09-13T17:14:06","date_gmt":"2018-09-13T22:14:06","guid":{"rendered":"http:\/\/publication-evangelique.com\/?page_id=15221"},"modified":"2018-12-18T05:48:53","modified_gmt":"2018-12-18T10:48:53","slug":"comment-grandir-dans-le-seigneur","status":"publish","type":"page","link":"https:\/\/publication-evangelique.com\/?page_id=15221","title":{"rendered":"Comment grandir dans le Seigneur?"},"content":{"rendered":"<p><strong>Nous allons regarder quel est le si\u00e8ge de nos combats, le c\u0153ur. <\/strong><\/p>\n<p><strong>R\u00e9pondre aux questions \u00a0\u00bb Pourquoi le statu quo dans ma vie?<\/strong><\/p>\n<p><strong>Quels sont les efforts qu&rsquo;un chr\u00e9tien doit faire pour marcher avec le Saint-Esprit.<\/strong><\/p>\n<p>\u00c9coutez cette s\u00e9rie de message pour vous fortifier dans votre recherche de Dieu dans votre vie.<\/p>\n<p>Vous pouvez \u00e9couter les messages en format MP3.<\/p>\n<p>1 &#8211; <a href= \" https:\/\/publication-evangelique.com\/?p=15225 \" >Comment grandir dans le Seigneur?<\/a><br \/>\n2 &#8211; <a href= \" https:\/\/publication-evangelique.com\/?p=15240 \" >D\u00e9frichez-vous un champ nouveau!<\/a><br \/>\n3 &#8211; <a href= \" https:\/\/publication-evangelique.com\/?p=15257 \" >Les c\u0153urs partag\u00e9s.<\/a><br \/>\n4 &#8211; <a href= \" https:\/\/publication-evangelique.com\/?p=15267 \" >Les c\u0153urs m\u00e9chants.<\/a><br \/>\n5 &#8211; <a href= \" https:\/\/publication-evangelique.com\/?p=15286 \" >Les c\u0153urs paresseux<\/a><br \/>\n6 &#8211; <a href= \" https:\/\/publication-evangelique.com\/?p=15302 \" >Les c\u0153urs endurcis<\/a><br \/>\n7 &#8211; <a href= \" https:\/\/publication-evangelique.com\/?p=15313 \" >Les c\u0153urs qui oublis Dieu.<\/a><br \/>\n8 &#8211; <a href= \" https:\/\/publication-evangelique.com\/?p=15324 \" >Les c\u0153urs hypocrites.<\/a><br \/>\n9 &#8211; <a href= \" https:\/\/publication-evangelique.com\/?p=15333 \" >Les c\u0153urs orgueilleux<\/a><br \/>\n10 &#8211; <a href= \" https:\/\/publication-evangelique.com\/?p=15347 \" >Les c\u0153urs aveugles.<\/a><br \/>\n11 &#8211; <a href= \" https:\/\/publication-evangelique.com\/?p=15359 \" >Les c\u0153urs impurs<\/a><br \/>\n12 &#8211; <a href= \" https:\/\/publication-evangelique.com\/?p=15370 \" >Les c\u0153urs bloqu\u00e9s par la peur ou la honte<\/a><\/p>\n<p>&#8212;&#8212;&#8212;&#8212;&#8212;&#8212;&#8212;&#8212;&#8212;<\/p>\n<p>Note: A part d&rsquo;une mention sp\u00e9ciale, toutes les citations bibliques<br \/>\nsont tir\u00e9es du texte de la traduction; Louis Segond 1910.<br \/>\n\u00a9 Tout droit r\u00e9serv\u00e9<\/p>\n<p>Produit par : Daniel Poulin<br \/>\n\u00c9dit\u00e9 par : <a href= \" https:\/\/publication-evangelique.com \" >https:\/\/publication-evangelique.com<\/a><\/p>\n<p>Adresse de ce blogue : <a href= \" https:\/\/publication-evangelique.com\/?page_id=15221 \" >https:\/\/publication-evangelique.com\/?page_id=15221<\/a><\/p>\n","protected":false},"excerpt":{"rendered":"<p>Nous allons regarder quel est le si\u00e8ge de nos combats, le c\u0153ur. R\u00e9pondre aux questions \u00a0\u00bb Pourquoi le statu quo dans ma vie? Quels sont les efforts qu&rsquo;un chr\u00e9tien doit faire pour marcher avec le Saint-Esprit. \u00c9coutez cette s\u00e9rie de <span class=\"excerpt-dots\">&hellip;<\/span> <a class=\"more-link\" href=\"https:\/\/publication-evangelique.com\/?page_id=15221\"><span class=\"more-msg\">Lire la suite &rarr;<\/span><\/a><\/p>\n","protected":false},"author":1,"featured_media":13101,"parent":0,"menu_order":0,"comment_status":"closed","ping_status":"closed","template":"","meta":{"footnotes":""},"class_list":["post-15221","page","type-page","status-publish","has-post-thumbnail","hentry"],"yoast_head":"<!-- This site is optimized with the Yoast SEO plugin v27.5 - https:\/\/yoast.com\/product\/yoast-seo-wordpress\/ -->\n<title>Comment grandir dans le Seigneur? - Publication \u00c9vang\u00e9lique<\/title>\n<meta name=\"robots\" content=\"index, follow, max-snippet:-1, max-image-preview:large, max-video-preview:-1\" \/>\n<link rel=\"canonical\" href=\"https:\/\/publication-evangelique.com\/?page_id=15221\" \/>\n<meta property=\"og:locale\" content=\"fr_FR\" \/>\n<meta property=\"og:type\" content=\"article\" \/>\n<meta property=\"og:title\" content=\"Comment grandir dans le Seigneur? - Publication \u00c9vang\u00e9lique\" \/>\n<meta property=\"og:description\" content=\"Nous allons regarder quel est le si\u00e8ge de nos combats, le c\u0153ur. R\u00e9pondre aux questions \u00a0\u00bb Pourquoi le statu quo dans ma vie? Quels sont les efforts qu&rsquo;un chr\u00e9tien doit faire pour marcher avec le Saint-Esprit. \u00c9coutez cette s\u00e9rie de &hellip; Lire la suite &rarr;\" \/>\n<meta property=\"og:url\" content=\"https:\/\/publication-evangelique.com\/?page_id=15221\" \/>\n<meta property=\"og:site_name\" content=\"Publication \u00c9vang\u00e9lique\" \/>\n<meta property=\"article:publisher\" content=\"https:\/\/www.facebook.com\/danielpoulin75\" \/>\n<meta property=\"article:modified_time\" content=\"2018-12-18T10:48:53+00:00\" \/>\n<meta property=\"og:image\" content=\"https:\/\/publication-evangelique.com\/wp-content\/uploads\/1304.jpg\" \/>\n\t<meta property=\"og:image:width\" content=\"1280\" \/>\n\t<meta property=\"og:image:height\" content=\"966\" \/>\n\t<meta property=\"og:image:type\" content=\"image\/jpeg\" \/>\n<meta name=\"twitter:label1\" content=\"Dur\u00e9e de lecture estim\u00e9e\" \/>\n\t<meta name=\"twitter:data1\" content=\"1 minute\" \/>\n<script type=\"application\/ld+json\" class=\"yoast-schema-graph\">{\"@context\":\"https:\\\/\\\/schema.org\",\"@graph\":[{\"@type\":\"WebPage\",\"@id\":\"https:\\\/\\\/publication-evangelique.com\\\/?page_id=15221\",\"url\":\"https:\\\/\\\/publication-evangelique.com\\\/?page_id=15221\",\"name\":\"Comment grandir dans le Seigneur? - Publication \u00c9vang\u00e9lique\",\"isPartOf\":{\"@id\":\"https:\\\/\\\/publication-evangelique.com\\\/#website\"},\"primaryImageOfPage\":{\"@id\":\"https:\\\/\\\/publication-evangelique.com\\\/?page_id=15221#primaryimage\"},\"image\":{\"@id\":\"https:\\\/\\\/publication-evangelique.com\\\/?page_id=15221#primaryimage\"},\"thumbnailUrl\":\"https:\\\/\\\/publication-evangelique.com\\\/wp-content\\\/uploads\\\/1304.jpg\",\"datePublished\":\"2018-09-13T22:14:06+00:00\",\"dateModified\":\"2018-12-18T10:48:53+00:00\",\"breadcrumb\":{\"@id\":\"https:\\\/\\\/publication-evangelique.com\\\/?page_id=15221#breadcrumb\"},\"inLanguage\":\"fr-FR\",\"potentialAction\":[{\"@type\":\"ReadAction\",\"target\":[\"https:\\\/\\\/publication-evangelique.com\\\/?page_id=15221\"]}]},{\"@type\":\"ImageObject\",\"inLanguage\":\"fr-FR\",\"@id\":\"https:\\\/\\\/publication-evangelique.com\\\/?page_id=15221#primaryimage\",\"url\":\"https:\\\/\\\/publication-evangelique.com\\\/wp-content\\\/uploads\\\/1304.jpg\",\"contentUrl\":\"https:\\\/\\\/publication-evangelique.com\\\/wp-content\\\/uploads\\\/1304.jpg\",\"width\":1280,\"height\":966},{\"@type\":\"BreadcrumbList\",\"@id\":\"https:\\\/\\\/publication-evangelique.com\\\/?page_id=15221#breadcrumb\",\"itemListElement\":[{\"@type\":\"ListItem\",\"position\":1,\"name\":\"Accueil\",\"item\":\"https:\\\/\\\/publication-evangelique.com\\\/\"},{\"@type\":\"ListItem\",\"position\":2,\"name\":\"Comment grandir dans le Seigneur?\"}]},{\"@type\":\"WebSite\",\"@id\":\"https:\\\/\\\/publication-evangelique.com\\\/#website\",\"url\":\"https:\\\/\\\/publication-evangelique.com\\\/\",\"name\":\"Daniel Poulin - publication-evangelique.com\",\"description\":\"Daniel Poulin\",\"publisher\":{\"@id\":\"https:\\\/\\\/publication-evangelique.com\\\/#\\\/schema\\\/person\\\/a7aa86223ca614c8c1a737d18c95460c\"},\"potentialAction\":[{\"@type\":\"SearchAction\",\"target\":{\"@type\":\"EntryPoint\",\"urlTemplate\":\"https:\\\/\\\/publication-evangelique.com\\\/?s={search_term_string}\"},\"query-input\":{\"@type\":\"PropertyValueSpecification\",\"valueRequired\":true,\"valueName\":\"search_term_string\"}}],\"inLanguage\":\"fr-FR\"},{\"@type\":[\"Person\",\"Organization\"],\"@id\":\"https:\\\/\\\/publication-evangelique.com\\\/#\\\/schema\\\/person\\\/a7aa86223ca614c8c1a737d18c95460c\",\"name\":\"Daniel Poulin\",\"image\":{\"@type\":\"ImageObject\",\"inLanguage\":\"fr-FR\",\"@id\":\"https:\\\/\\\/publication-evangelique.com\\\/wp-content\\\/uploads\\\/daniel5-1.jpg\",\"url\":\"https:\\\/\\\/publication-evangelique.com\\\/wp-content\\\/uploads\\\/daniel5-1.jpg\",\"contentUrl\":\"https:\\\/\\\/publication-evangelique.com\\\/wp-content\\\/uploads\\\/daniel5-1.jpg\",\"width\":833,\"height\":969,\"caption\":\"Daniel Poulin\"},\"logo\":{\"@id\":\"https:\\\/\\\/publication-evangelique.com\\\/wp-content\\\/uploads\\\/daniel5-1.jpg\"},\"description\":\"Bonjour, ici Daniel Poulin! Je suis un chr\u00e9tien n\u00e9 de nouveau depuis 1980, ayant parcouru un cheminement avec le Seigneur J\u00e9sus-Christ, j'ai construit ce site afin de partager mes connaissances de la parole de Dieu \\\" La Bible \\\" Je travaille aussi au d\u00e9veloppement de la station de radio chr\u00e9tienne fran\u00e7aise \u00e0 Montr\u00e9al, \\\" La Radio Gospel \\\" que vous pouvez voir ici http:\\\/\\\/laradiogospel.ca Je fr\u00e9quente aussi une \u00e9glise, dont je pr\u00eache et j\u2019enseigne la parole de Dieu. La communaut\u00e9 \u00c9vang\u00e9lique de l'Agneau \\\" , voici l'adresse, http:\\\/\\\/communauteevangelique.ca\\\/\",\"sameAs\":[\"https:\\\/\\\/publication-evangelique.com\",\"https:\\\/\\\/www.facebook.com\\\/danielpoulin75\",\"https:\\\/\\\/www.linkedin.com\\\/in\\\/daniel-poulin-64614745\\\/\",\"https:\\\/\\\/x.com\\\/https:\\\/\\\/twitter.com\\\/Daniel_Poulin\",\"https:\\\/\\\/www.youtube.com\\\/user\\\/danielpoulin75\\\/videos\"]}]}<\/script>\n<!-- \/ Yoast SEO plugin. -->","yoast_head_json":{"title":"Comment grandir dans le Seigneur? - Publication \u00c9vang\u00e9lique","robots":{"index":"index","follow":"follow","max-snippet":"max-snippet:-1","max-image-preview":"max-image-preview:large","max-video-preview":"max-video-preview:-1"},"canonical":"https:\/\/publication-evangelique.com\/?page_id=15221","og_locale":"fr_FR","og_type":"article","og_title":"Comment grandir dans le Seigneur? - Publication \u00c9vang\u00e9lique","og_description":"Nous allons regarder quel est le si\u00e8ge de nos combats, le c\u0153ur. R\u00e9pondre aux questions \u00a0\u00bb Pourquoi le statu quo dans ma vie? Quels sont les efforts qu&rsquo;un chr\u00e9tien doit faire pour marcher avec le Saint-Esprit. \u00c9coutez cette s\u00e9rie de &hellip; Lire la suite &rarr;","og_url":"https:\/\/publication-evangelique.com\/?page_id=15221","og_site_name":"Publication \u00c9vang\u00e9lique","article_publisher":"https:\/\/www.facebook.com\/danielpoulin75","article_modified_time":"2018-12-18T10:48:53+00:00","og_image":[{"width":1280,"height":966,"url":"https:\/\/publication-evangelique.com\/wp-content\/uploads\/1304.jpg","type":"image\/jpeg"}],"twitter_misc":{"Dur\u00e9e de lecture estim\u00e9e":"1 minute"},"schema":{"@context":"https:\/\/schema.org","@graph":[{"@type":"WebPage","@id":"https:\/\/publication-evangelique.com\/?page_id=15221","url":"https:\/\/publication-evangelique.com\/?page_id=15221","name":"Comment grandir dans le Seigneur? - Publication \u00c9vang\u00e9lique","isPartOf":{"@id":"https:\/\/publication-evangelique.com\/#website"},"primaryImageOfPage":{"@id":"https:\/\/publication-evangelique.com\/?page_id=15221#primaryimage"},"image":{"@id":"https:\/\/publication-evangelique.com\/?page_id=15221#primaryimage"},"thumbnailUrl":"https:\/\/publication-evangelique.com\/wp-content\/uploads\/1304.jpg","datePublished":"2018-09-13T22:14:06+00:00","dateModified":"2018-12-18T10:48:53+00:00","breadcrumb":{"@id":"https:\/\/publication-evangelique.com\/?page_id=15221#breadcrumb"},"inLanguage":"fr-FR","potentialAction":[{"@type":"ReadAction","target":["https:\/\/publication-evangelique.com\/?page_id=15221"]}]},{"@type":"ImageObject","inLanguage":"fr-FR","@id":"https:\/\/publication-evangelique.com\/?page_id=15221#primaryimage","url":"https:\/\/publication-evangelique.com\/wp-content\/uploads\/1304.jpg","contentUrl":"https:\/\/publication-evangelique.com\/wp-content\/uploads\/1304.jpg","width":1280,"height":966},{"@type":"BreadcrumbList","@id":"https:\/\/publication-evangelique.com\/?page_id=15221#breadcrumb","itemListElement":[{"@type":"ListItem","position":1,"name":"Accueil","item":"https:\/\/publication-evangelique.com\/"},{"@type":"ListItem","position":2,"name":"Comment grandir dans le Seigneur?"}]},{"@type":"WebSite","@id":"https:\/\/publication-evangelique.com\/#website","url":"https:\/\/publication-evangelique.com\/","name":"Daniel Poulin - publication-evangelique.com","description":"Daniel Poulin","publisher":{"@id":"https:\/\/publication-evangelique.com\/#\/schema\/person\/a7aa86223ca614c8c1a737d18c95460c"},"potentialAction":[{"@type":"SearchAction","target":{"@type":"EntryPoint","urlTemplate":"https:\/\/publication-evangelique.com\/?s={search_term_string}"},"query-input":{"@type":"PropertyValueSpecification","valueRequired":true,"valueName":"search_term_string"}}],"inLanguage":"fr-FR"},{"@type":["Person","Organization"],"@id":"https:\/\/publication-evangelique.com\/#\/schema\/person\/a7aa86223ca614c8c1a737d18c95460c","name":"Daniel Poulin","image":{"@type":"ImageObject","inLanguage":"fr-FR","@id":"https:\/\/publication-evangelique.com\/wp-content\/uploads\/daniel5-1.jpg","url":"https:\/\/publication-evangelique.com\/wp-content\/uploads\/daniel5-1.jpg","contentUrl":"https:\/\/publication-evangelique.com\/wp-content\/uploads\/daniel5-1.jpg","width":833,"height":969,"caption":"Daniel Poulin"},"logo":{"@id":"https:\/\/publication-evangelique.com\/wp-content\/uploads\/daniel5-1.jpg"},"description":"Bonjour, ici Daniel Poulin! Je suis un chr\u00e9tien n\u00e9 de nouveau depuis 1980, ayant parcouru un cheminement avec le Seigneur J\u00e9sus-Christ, j'ai construit ce site afin de partager mes connaissances de la parole de Dieu \" La Bible \" Je travaille aussi au d\u00e9veloppement de la station de radio chr\u00e9tienne fran\u00e7aise \u00e0 Montr\u00e9al, \" La Radio Gospel \" que vous pouvez voir ici http:\/\/laradiogospel.ca Je fr\u00e9quente aussi une \u00e9glise, dont je pr\u00eache et j\u2019enseigne la parole de Dieu. La communaut\u00e9 \u00c9vang\u00e9lique de l'Agneau \" , voici l'adresse, http:\/\/communauteevangelique.ca\/","sameAs":["https:\/\/publication-evangelique.com","https:\/\/www.facebook.com\/danielpoulin75","https:\/\/www.linkedin.com\/in\/daniel-poulin-64614745\/","https:\/\/x.com\/https:\/\/twitter.com\/Daniel_Poulin","https:\/\/www.youtube.com\/user\/danielpoulin75\/videos"]}]}},"_links":{"self":[{"href":"https:\/\/publication-evangelique.com\/index.php?rest_route=\/wp\/v2\/pages\/15221","targetHints":{"allow":["GET"]}}],"collection":[{"href":"https:\/\/publication-evangelique.com\/index.php?rest_route=\/wp\/v2\/pages"}],"about":[{"href":"https:\/\/publication-evangelique.com\/index.php?rest_route=\/wp\/v2\/types\/page"}],"author":[{"embeddable":true,"href":"https:\/\/publication-evangelique.com\/index.php?rest_route=\/wp\/v2\/users\/1"}],"replies":[{"embeddable":true,"href":"https:\/\/publication-evangelique.com\/index.php?rest_route=%2Fwp%2Fv2%2Fcomments&post=15221"}],"version-history":[{"count":0,"href":"https:\/\/publication-evangelique.com\/index.php?rest_route=\/wp\/v2\/pages\/15221\/revisions"}],"wp:featuredmedia":[{"embeddable":true,"href":"https:\/\/publication-evangelique.com\/index.php?rest_route=\/wp\/v2\/media\/13101"}],"wp:attachment":[{"href":"https:\/\/publication-evangelique.com\/index.php?rest_route=%2Fwp%2Fv2%2Fmedia&parent=15221"}],"curies":[{"name":"wp","href":"https:\/\/api.w.org\/{rel}","templated":true}]}}