{"id":15565,"date":"2019-04-12T16:44:32","date_gmt":"2019-04-12T21:44:32","guid":{"rendered":"http:\/\/publication-evangelique.com\/?page_id=15565"},"modified":"2021-02-05T07:54:54","modified_gmt":"2021-02-05T12:54:54","slug":"lepitre-aux-galates","status":"publish","type":"page","link":"https:\/\/publication-evangelique.com\/?page_id=15565","title":{"rendered":"L&rsquo;\u00e9p\u00eetre aux Galates"},"content":{"rendered":"<p><strong>L&rsquo;\u00e9p\u00eetre aux Galates<\/strong><br \/>\nNous allons faire un survol de l&rsquo;\u00e9p\u00eetre aux Galates. <\/p>\n<p>Nous allons d\u00e9couvrir les enseignements de l&rsquo;ap\u00f4tre Paul pour ramener les gens \u00e0 la foi dans le sacrifice de J\u00e9sus pour leur salut.<\/p>\n<p>Vous pouvez \u00e9couter les messages en format MP3.<\/p>\n<p><strong>Chapitre 1<\/strong><br \/>\n1 &#8211; <a href= \" https:\/\/publication-evangelique.com\/?p=15563 \" > Introduction de l&rsquo;\u00c9p\u00eetre aux Galates<\/a><br \/>\n2 &#8211; <a href= \" https:\/\/publication-evangelique.com\/?p=15583 \" > Galates 1:3-5<\/a><br \/>\n3 &#8211; <a href= \" https:\/\/publication-evangelique.com\/?p=15614 \" > Galates 1:6-7<\/a><br \/>\n4 &#8211; <a href= \" https:\/\/publication-evangelique.com\/?p=15634 \" > Galates 1:8-9<\/a><br \/>\n5 &#8211; <a href= \" https:\/\/publication-evangelique.com\/?p=15643 \" > Galates 1:10<\/a><br \/>\n6 &#8211; <a href= \" https:\/\/publication-evangelique.com\/?p=15657 \" > Galates 1:11-12<\/a><br \/>\n7 &#8211; <a href= \" https:\/\/publication-evangelique.com\/?p=15671 \" > Galates 1:13-16<\/a><br \/>\n8 &#8211; <a href= \" https:\/\/publication-evangelique.com\/?p=15744 \" > Galates 1:16-24<\/a><\/p>\n<p><strong>Chapitre 2<\/strong><br \/>\n9 &#8211; <a href= \" https:\/\/publication-evangelique.com\/?p=15702 \" > Galates 2:1-6<\/a><br \/>\n10 &#8211; <a href= \" https:\/\/publication-evangelique.com\/?p=15778 \" > Galates 2:7-10<\/a><br \/>\n11 &#8211; <a href= \" https:\/\/publication-evangelique.com\/?p=15815 \" > Galates 2:11-14<\/a><br \/>\n12 &#8211; <a href= \" https:\/\/publication-evangelique.com\/?p=15868 \" > Galates 2:15-16<\/a><br \/>\n13 &#8211; <a href= \" https:\/\/publication-evangelique.com\/?p=15893 \" > Galates 2:17-21<\/a><\/p>\n<p><strong>Chapitre 3<\/strong><br \/>\n14 &#8211; <a href= \" https:\/\/publication-evangelique.com\/?p=15917 \" > Galates 3:1-2<\/a><br \/>\n15 &#8211; <a href= \" https:\/\/publication-evangelique.com\/?p=15952 \" > Galates 3:3-8<\/a><br \/>\n16 &#8211; <a href= \" https:\/\/publication-evangelique.com\/?p=15982 \" > Galates 3:10-14<\/a><br \/>\n17 &#8211; <a href= \" https:\/\/publication-evangelique.com\/?p=15991 \" > Galates 3:14-18<\/a><br \/>\n18 &#8211; <a href= \" https:\/\/publication-evangelique.com\/?p=15991 \" > Galates 3:19-25<\/a><br \/>\n19 &#8211; <a href= \" https:\/\/publication-evangelique.com\/?p=16080 \" > Galates 3:26-29<\/a><\/p>\n<p><strong>Chapitre 4<\/strong><br \/>\n20 &#8211; <a href= \" https:\/\/publication-evangelique.com\/?p=16119 \" > Galates 4:1-7<\/a><br \/>\n21 &#8211; <a href= \" https:\/\/publication-evangelique.com\/?p=16173 \" > Galates 4:8-11<\/a><br \/>\n22 &#8211; <a href= \" https:\/\/publication-evangelique.com\/?p=16192 \" > Galates 4:12-20<\/a><br \/>\n23 &#8211; <a href= \" https:\/\/publication-evangelique.com\/?p=16365 \" > Galates 4:21-31<\/a><\/p>\n<p><strong>Chapitre 5<\/strong><br \/>\n24 &#8211; <a href= \" https:\/\/publication-evangelique.com\/?p=16415 \" > Galates 5:1<\/a><br \/>\n25 &#8211; <a href= \" https:\/\/publication-evangelique.com\/?p=16449 \" > Galates 5:2-6<\/a><br \/>\n26 &#8211; <a href= \" https:\/\/publication-evangelique.com\/?p=16479 \" > Galates 5:7-12<\/a><br \/>\n27 &#8211; <a href= \" https:\/\/publication-evangelique.com\/?p=16541 \" > Galates 5:13-15<\/a><br \/>\n28 &#8211; <a href= \" https:\/\/publication-evangelique.com\/?p=16589 \" > Galates 5:16-18<\/a><br \/>\n29 &#8211; <a href= \" https:\/\/publication-evangelique.com\/?p=16628 \" > Galates 5:19-21<\/a><br \/>\n29 &#8211; <a href= \" https:\/\/publication-evangelique.com\/?p=16657 \" > Galates 5:22-26<\/a><\/p>\n<p><strong>Chapitre 6<\/strong><br \/>\n30 &#8211; <a href= \" https:\/\/publication-evangelique.com\/?p=16682 \" > Galates 6:1-4<\/a><br \/>\n31 &#8211; <a href= \" https:\/\/publication-evangelique.com\/?p=16726 \" > Galates 6:6-10<\/a><br \/>\n32 &#8211; <a href= \" https:\/\/publication-evangelique.com\/?p=16795 \" > Galates 6:11-18<\/a><\/p>\n<p>&#8212;&#8212;&#8212;&#8212;&#8212;&#8212;&#8212;&#8212;&#8212;<\/p>\n<p>Note: A part d&rsquo;une mention sp\u00e9ciale, toutes les citations bibliques<br \/>\nsont tir\u00e9es du texte de la traduction; Louis Segond 1910.<br \/>\n\u00a9 Tout droit r\u00e9serv\u00e9<\/p>\n<p>Produit par : Daniel Poulin<br \/>\n\u00c9dit\u00e9 par : <a href= \" https:\/\/publication-evangelique.com \" >https:\/\/publication-evangelique.com<\/a><\/p>\n<p>Adresse de ce blogue : <a href= \" https:\/\/publication-evangelique.com\/?page_id=15565 \" >https:\/\/publication-evangelique.com\/?page_id=15565<\/a><\/p>\n","protected":false},"excerpt":{"rendered":"<p>L&rsquo;\u00e9p\u00eetre aux Galates Nous allons faire un survol de l&rsquo;\u00e9p\u00eetre aux Galates. Nous allons d\u00e9couvrir les enseignements de l&rsquo;ap\u00f4tre Paul pour ramener les gens \u00e0 la foi dans le sacrifice de J\u00e9sus pour leur salut. Vous pouvez \u00e9couter les messages <span class=\"excerpt-dots\">&hellip;<\/span> <a class=\"more-link\" href=\"https:\/\/publication-evangelique.com\/?page_id=15565\"><span class=\"more-msg\">Lire la suite &rarr;<\/span><\/a><\/p>\n","protected":false},"author":1,"featured_media":12800,"parent":0,"menu_order":0,"comment_status":"closed","ping_status":"closed","template":"","meta":{"footnotes":""},"class_list":["post-15565","page","type-page","status-publish","has-post-thumbnail","hentry"],"yoast_head":"<!-- This site is optimized with the Yoast SEO plugin v27.5 - https:\/\/yoast.com\/product\/yoast-seo-wordpress\/ -->\n<title>L&#039;\u00e9p\u00eetre aux Galates - Publication \u00c9vang\u00e9lique<\/title>\n<meta name=\"robots\" content=\"index, follow, max-snippet:-1, max-image-preview:large, max-video-preview:-1\" \/>\n<link rel=\"canonical\" href=\"https:\/\/publication-evangelique.com\/?page_id=15565\" \/>\n<meta property=\"og:locale\" content=\"fr_FR\" \/>\n<meta property=\"og:type\" content=\"article\" \/>\n<meta property=\"og:title\" content=\"L&#039;\u00e9p\u00eetre aux Galates - Publication \u00c9vang\u00e9lique\" \/>\n<meta property=\"og:description\" content=\"L&rsquo;\u00e9p\u00eetre aux Galates Nous allons faire un survol de l&rsquo;\u00e9p\u00eetre aux Galates. Nous allons d\u00e9couvrir les enseignements de l&rsquo;ap\u00f4tre Paul pour ramener les gens \u00e0 la foi dans le sacrifice de J\u00e9sus pour leur salut. Vous pouvez \u00e9couter les messages &hellip; Lire la suite &rarr;\" \/>\n<meta property=\"og:url\" content=\"https:\/\/publication-evangelique.com\/?page_id=15565\" \/>\n<meta property=\"og:site_name\" content=\"Publication \u00c9vang\u00e9lique\" \/>\n<meta property=\"article:publisher\" content=\"https:\/\/www.facebook.com\/danielpoulin75\" \/>\n<meta property=\"article:modified_time\" content=\"2021-02-05T12:54:54+00:00\" \/>\n<meta property=\"og:image\" content=\"https:\/\/publication-evangelique.com\/wp-content\/uploads\/1003.jpg\" \/>\n\t<meta property=\"og:image:width\" content=\"1280\" \/>\n\t<meta property=\"og:image:height\" content=\"853\" \/>\n\t<meta property=\"og:image:type\" content=\"image\/jpeg\" \/>\n<meta name=\"twitter:label1\" content=\"Dur\u00e9e de lecture estim\u00e9e\" \/>\n\t<meta name=\"twitter:data1\" content=\"1 minute\" \/>\n<script type=\"application\/ld+json\" class=\"yoast-schema-graph\">{\"@context\":\"https:\\\/\\\/schema.org\",\"@graph\":[{\"@type\":\"WebPage\",\"@id\":\"https:\\\/\\\/publication-evangelique.com\\\/?page_id=15565\",\"url\":\"https:\\\/\\\/publication-evangelique.com\\\/?page_id=15565\",\"name\":\"L'\u00e9p\u00eetre aux Galates - Publication \u00c9vang\u00e9lique\",\"isPartOf\":{\"@id\":\"https:\\\/\\\/publication-evangelique.com\\\/#website\"},\"primaryImageOfPage\":{\"@id\":\"https:\\\/\\\/publication-evangelique.com\\\/?page_id=15565#primaryimage\"},\"image\":{\"@id\":\"https:\\\/\\\/publication-evangelique.com\\\/?page_id=15565#primaryimage\"},\"thumbnailUrl\":\"https:\\\/\\\/publication-evangelique.com\\\/wp-content\\\/uploads\\\/1003.jpg\",\"datePublished\":\"2019-04-12T21:44:32+00:00\",\"dateModified\":\"2021-02-05T12:54:54+00:00\",\"breadcrumb\":{\"@id\":\"https:\\\/\\\/publication-evangelique.com\\\/?page_id=15565#breadcrumb\"},\"inLanguage\":\"fr-FR\",\"potentialAction\":[{\"@type\":\"ReadAction\",\"target\":[\"https:\\\/\\\/publication-evangelique.com\\\/?page_id=15565\"]}]},{\"@type\":\"ImageObject\",\"inLanguage\":\"fr-FR\",\"@id\":\"https:\\\/\\\/publication-evangelique.com\\\/?page_id=15565#primaryimage\",\"url\":\"https:\\\/\\\/publication-evangelique.com\\\/wp-content\\\/uploads\\\/1003.jpg\",\"contentUrl\":\"https:\\\/\\\/publication-evangelique.com\\\/wp-content\\\/uploads\\\/1003.jpg\",\"width\":1280,\"height\":853},{\"@type\":\"BreadcrumbList\",\"@id\":\"https:\\\/\\\/publication-evangelique.com\\\/?page_id=15565#breadcrumb\",\"itemListElement\":[{\"@type\":\"ListItem\",\"position\":1,\"name\":\"Accueil\",\"item\":\"https:\\\/\\\/publication-evangelique.com\\\/\"},{\"@type\":\"ListItem\",\"position\":2,\"name\":\"L&rsquo;\u00e9p\u00eetre aux Galates\"}]},{\"@type\":\"WebSite\",\"@id\":\"https:\\\/\\\/publication-evangelique.com\\\/#website\",\"url\":\"https:\\\/\\\/publication-evangelique.com\\\/\",\"name\":\"Daniel Poulin - publication-evangelique.com\",\"description\":\"Daniel Poulin\",\"publisher\":{\"@id\":\"https:\\\/\\\/publication-evangelique.com\\\/#\\\/schema\\\/person\\\/a7aa86223ca614c8c1a737d18c95460c\"},\"potentialAction\":[{\"@type\":\"SearchAction\",\"target\":{\"@type\":\"EntryPoint\",\"urlTemplate\":\"https:\\\/\\\/publication-evangelique.com\\\/?s={search_term_string}\"},\"query-input\":{\"@type\":\"PropertyValueSpecification\",\"valueRequired\":true,\"valueName\":\"search_term_string\"}}],\"inLanguage\":\"fr-FR\"},{\"@type\":[\"Person\",\"Organization\"],\"@id\":\"https:\\\/\\\/publication-evangelique.com\\\/#\\\/schema\\\/person\\\/a7aa86223ca614c8c1a737d18c95460c\",\"name\":\"Daniel Poulin\",\"image\":{\"@type\":\"ImageObject\",\"inLanguage\":\"fr-FR\",\"@id\":\"https:\\\/\\\/publication-evangelique.com\\\/wp-content\\\/uploads\\\/daniel5-1.jpg\",\"url\":\"https:\\\/\\\/publication-evangelique.com\\\/wp-content\\\/uploads\\\/daniel5-1.jpg\",\"contentUrl\":\"https:\\\/\\\/publication-evangelique.com\\\/wp-content\\\/uploads\\\/daniel5-1.jpg\",\"width\":833,\"height\":969,\"caption\":\"Daniel Poulin\"},\"logo\":{\"@id\":\"https:\\\/\\\/publication-evangelique.com\\\/wp-content\\\/uploads\\\/daniel5-1.jpg\"},\"description\":\"Bonjour, ici Daniel Poulin! Je suis un chr\u00e9tien n\u00e9 de nouveau depuis 1980, ayant parcouru un cheminement avec le Seigneur J\u00e9sus-Christ, j'ai construit ce site afin de partager mes connaissances de la parole de Dieu \\\" La Bible \\\" Je travaille aussi au d\u00e9veloppement de la station de radio chr\u00e9tienne fran\u00e7aise \u00e0 Montr\u00e9al, \\\" La Radio Gospel \\\" que vous pouvez voir ici http:\\\/\\\/laradiogospel.ca Je fr\u00e9quente aussi une \u00e9glise, dont je pr\u00eache et j\u2019enseigne la parole de Dieu. La communaut\u00e9 \u00c9vang\u00e9lique de l'Agneau \\\" , voici l'adresse, http:\\\/\\\/communauteevangelique.ca\\\/\",\"sameAs\":[\"https:\\\/\\\/publication-evangelique.com\",\"https:\\\/\\\/www.facebook.com\\\/danielpoulin75\",\"https:\\\/\\\/www.linkedin.com\\\/in\\\/daniel-poulin-64614745\\\/\",\"https:\\\/\\\/x.com\\\/https:\\\/\\\/twitter.com\\\/Daniel_Poulin\",\"https:\\\/\\\/www.youtube.com\\\/user\\\/danielpoulin75\\\/videos\"]}]}<\/script>\n<!-- \/ Yoast SEO plugin. -->","yoast_head_json":{"title":"L'\u00e9p\u00eetre aux Galates - Publication \u00c9vang\u00e9lique","robots":{"index":"index","follow":"follow","max-snippet":"max-snippet:-1","max-image-preview":"max-image-preview:large","max-video-preview":"max-video-preview:-1"},"canonical":"https:\/\/publication-evangelique.com\/?page_id=15565","og_locale":"fr_FR","og_type":"article","og_title":"L'\u00e9p\u00eetre aux Galates - Publication \u00c9vang\u00e9lique","og_description":"L&rsquo;\u00e9p\u00eetre aux Galates Nous allons faire un survol de l&rsquo;\u00e9p\u00eetre aux Galates. Nous allons d\u00e9couvrir les enseignements de l&rsquo;ap\u00f4tre Paul pour ramener les gens \u00e0 la foi dans le sacrifice de J\u00e9sus pour leur salut. Vous pouvez \u00e9couter les messages &hellip; Lire la suite &rarr;","og_url":"https:\/\/publication-evangelique.com\/?page_id=15565","og_site_name":"Publication \u00c9vang\u00e9lique","article_publisher":"https:\/\/www.facebook.com\/danielpoulin75","article_modified_time":"2021-02-05T12:54:54+00:00","og_image":[{"width":1280,"height":853,"url":"https:\/\/publication-evangelique.com\/wp-content\/uploads\/1003.jpg","type":"image\/jpeg"}],"twitter_misc":{"Dur\u00e9e de lecture estim\u00e9e":"1 minute"},"schema":{"@context":"https:\/\/schema.org","@graph":[{"@type":"WebPage","@id":"https:\/\/publication-evangelique.com\/?page_id=15565","url":"https:\/\/publication-evangelique.com\/?page_id=15565","name":"L'\u00e9p\u00eetre aux Galates - Publication \u00c9vang\u00e9lique","isPartOf":{"@id":"https:\/\/publication-evangelique.com\/#website"},"primaryImageOfPage":{"@id":"https:\/\/publication-evangelique.com\/?page_id=15565#primaryimage"},"image":{"@id":"https:\/\/publication-evangelique.com\/?page_id=15565#primaryimage"},"thumbnailUrl":"https:\/\/publication-evangelique.com\/wp-content\/uploads\/1003.jpg","datePublished":"2019-04-12T21:44:32+00:00","dateModified":"2021-02-05T12:54:54+00:00","breadcrumb":{"@id":"https:\/\/publication-evangelique.com\/?page_id=15565#breadcrumb"},"inLanguage":"fr-FR","potentialAction":[{"@type":"ReadAction","target":["https:\/\/publication-evangelique.com\/?page_id=15565"]}]},{"@type":"ImageObject","inLanguage":"fr-FR","@id":"https:\/\/publication-evangelique.com\/?page_id=15565#primaryimage","url":"https:\/\/publication-evangelique.com\/wp-content\/uploads\/1003.jpg","contentUrl":"https:\/\/publication-evangelique.com\/wp-content\/uploads\/1003.jpg","width":1280,"height":853},{"@type":"BreadcrumbList","@id":"https:\/\/publication-evangelique.com\/?page_id=15565#breadcrumb","itemListElement":[{"@type":"ListItem","position":1,"name":"Accueil","item":"https:\/\/publication-evangelique.com\/"},{"@type":"ListItem","position":2,"name":"L&rsquo;\u00e9p\u00eetre aux Galates"}]},{"@type":"WebSite","@id":"https:\/\/publication-evangelique.com\/#website","url":"https:\/\/publication-evangelique.com\/","name":"Daniel Poulin - publication-evangelique.com","description":"Daniel Poulin","publisher":{"@id":"https:\/\/publication-evangelique.com\/#\/schema\/person\/a7aa86223ca614c8c1a737d18c95460c"},"potentialAction":[{"@type":"SearchAction","target":{"@type":"EntryPoint","urlTemplate":"https:\/\/publication-evangelique.com\/?s={search_term_string}"},"query-input":{"@type":"PropertyValueSpecification","valueRequired":true,"valueName":"search_term_string"}}],"inLanguage":"fr-FR"},{"@type":["Person","Organization"],"@id":"https:\/\/publication-evangelique.com\/#\/schema\/person\/a7aa86223ca614c8c1a737d18c95460c","name":"Daniel Poulin","image":{"@type":"ImageObject","inLanguage":"fr-FR","@id":"https:\/\/publication-evangelique.com\/wp-content\/uploads\/daniel5-1.jpg","url":"https:\/\/publication-evangelique.com\/wp-content\/uploads\/daniel5-1.jpg","contentUrl":"https:\/\/publication-evangelique.com\/wp-content\/uploads\/daniel5-1.jpg","width":833,"height":969,"caption":"Daniel Poulin"},"logo":{"@id":"https:\/\/publication-evangelique.com\/wp-content\/uploads\/daniel5-1.jpg"},"description":"Bonjour, ici Daniel Poulin! Je suis un chr\u00e9tien n\u00e9 de nouveau depuis 1980, ayant parcouru un cheminement avec le Seigneur J\u00e9sus-Christ, j'ai construit ce site afin de partager mes connaissances de la parole de Dieu \" La Bible \" Je travaille aussi au d\u00e9veloppement de la station de radio chr\u00e9tienne fran\u00e7aise \u00e0 Montr\u00e9al, \" La Radio Gospel \" que vous pouvez voir ici http:\/\/laradiogospel.ca Je fr\u00e9quente aussi une \u00e9glise, dont je pr\u00eache et j\u2019enseigne la parole de Dieu. La communaut\u00e9 \u00c9vang\u00e9lique de l'Agneau \" , voici l'adresse, http:\/\/communauteevangelique.ca\/","sameAs":["https:\/\/publication-evangelique.com","https:\/\/www.facebook.com\/danielpoulin75","https:\/\/www.linkedin.com\/in\/daniel-poulin-64614745\/","https:\/\/x.com\/https:\/\/twitter.com\/Daniel_Poulin","https:\/\/www.youtube.com\/user\/danielpoulin75\/videos"]}]}},"_links":{"self":[{"href":"https:\/\/publication-evangelique.com\/index.php?rest_route=\/wp\/v2\/pages\/15565","targetHints":{"allow":["GET"]}}],"collection":[{"href":"https:\/\/publication-evangelique.com\/index.php?rest_route=\/wp\/v2\/pages"}],"about":[{"href":"https:\/\/publication-evangelique.com\/index.php?rest_route=\/wp\/v2\/types\/page"}],"author":[{"embeddable":true,"href":"https:\/\/publication-evangelique.com\/index.php?rest_route=\/wp\/v2\/users\/1"}],"replies":[{"embeddable":true,"href":"https:\/\/publication-evangelique.com\/index.php?rest_route=%2Fwp%2Fv2%2Fcomments&post=15565"}],"version-history":[{"count":0,"href":"https:\/\/publication-evangelique.com\/index.php?rest_route=\/wp\/v2\/pages\/15565\/revisions"}],"wp:featuredmedia":[{"embeddable":true,"href":"https:\/\/publication-evangelique.com\/index.php?rest_route=\/wp\/v2\/media\/12800"}],"wp:attachment":[{"href":"https:\/\/publication-evangelique.com\/index.php?rest_route=%2Fwp%2Fv2%2Fmedia&parent=15565"}],"curies":[{"name":"wp","href":"https:\/\/api.w.org\/{rel}","templated":true}]}}