{"id":16070,"date":"2020-01-06T10:19:38","date_gmt":"2020-01-06T15:19:38","guid":{"rendered":"http:\/\/publication-evangelique.com\/?page_id=16070"},"modified":"2020-12-28T15:25:18","modified_gmt":"2020-12-28T20:25:18","slug":"emission-de-radio-radio-evangelique-2020","status":"publish","type":"page","link":"https:\/\/publication-evangelique.com\/?page_id=16070","title":{"rendered":"\u00c9mission de radio \u00a0\u00bb Radio \u00c9vang\u00e9lique \u00a0\u00bb 2020"},"content":{"rendered":"<p>Vous pourrez \u00e9couter <strong>Daniel Poulin<\/strong> sur les ondes<br \/>\nde la station<strong> La Radio Gospel 1650 AM<\/strong> \u00e0 Montr\u00e9al<br \/>\nou sur internet sur <a title= \" laradiogospel.ca \" href= \" http:\/\/laradiogospel.ca \" target= \" _blank \" rel= \" noopener noreferrer \" >http:\/\/laradiogospel.ca<\/a>.<\/p>\n<p>&nbsp;<\/p>\n<p>&nbsp;<\/p>\n<p>&nbsp;<\/p>\n<p>&nbsp;<br \/>\n<strong>Toutes les <strong>archives<\/strong> des \u00e9missions 2020 sont gard\u00e9s dans cette page.<\/strong><\/p>\n<table border= \" 0 \" align= \" center \" >\n<tbody>\n<tr valign= \" top \" >\n<td>&nbsp;<br \/>\n<a title= \" 18 d\u00e9cembre \" href= \" https:\/\/publication-evangelique.com\/?p=16750 \" target= \" _blank \" juillet rel= \" noopener noreferrer \" >18 d\u00e9cembre 2020<\/a><br \/>\n<a title= \" 11 d\u00e9cembre \" href= \" https:\/\/publication-evangelique.com\/?p=16741 \" target= \" _blank \" juillet rel= \" noopener noreferrer \" >11 d\u00e9cembre 2020<\/a><br \/>\n<a title= \" 4 d\u00e9cembre \" href= \" https:\/\/publication-evangelique.com\/?p=16730 \" target= \" _blank \" juillet rel= \" noopener noreferrer \" >4 d\u00e9cembre 2020<\/a><\/p>\n<p><a title= \" 27 novembre \" href= \" https:\/\/publication-evangelique.com\/?p=16709 \" target= \" _blank \" juillet rel= \" noopener noreferrer \" >27 novembre 2020<\/a><br \/>\n<a title= \" 20 novembre \" href= \" https:\/\/publication-evangelique.com\/?p=16698 \" target= \" _blank \" juillet rel= \" noopener noreferrer \" >20 novembre 2020<\/a><br \/>\n<a title= \" 13 novembre \" href= \" https:\/\/publication-evangelique.com\/?p=16686 \" target= \" _blank \" juillet rel= \" noopener noreferrer \" >13 novembre 2020<\/a><br \/>\n<a title= \" 6 novembre \" href= \" https:\/\/publication-evangelique.com\/?p=16672 \" target= \" _blank \" juillet rel= \" noopener noreferrer \" >6 novembre 2020<\/a><\/p>\n<p><a title= \" 30 octobre \" href= \" https:\/\/publication-evangelique.com\/?p=16663 \" target= \" _blank \" juillet rel= \" noopener noreferrer \" >30 octobre 2020<\/a><br \/>\n<a title= \" 23 octobre \" href= \" https:\/\/publication-evangelique.com\/?p=16647 \" target= \" _blank \" juillet rel= \" noopener noreferrer \" >23 octobre 2020<\/a><br \/>\n<a title= \" 16 octobre \" href= \" https:\/\/publication-evangelique.com\/?p=16635 \" target= \" _blank \" juillet rel= \" noopener noreferrer \" >16 octobre 2020<\/a><br \/>\n<a title= \" 9 octobre \" href= \" https:\/\/publication-evangelique.com\/?p=16608 \" target= \" _blank \" juillet rel= \" noopener noreferrer \" >9 octobre 2020<\/a><br \/>\n<a title= \" 2 octobre \" href= \" https:\/\/publication-evangelique.com\/?p=16576 \" target= \" _blank \" juillet rel= \" noopener noreferrer \" >2 octobre 2020<\/a><\/p>\n<p><a title= \" 25 septembre \" href= \" https:\/\/publication-evangelique.com\/?p=16576 \" target= \" _blank \" juillet rel= \" noopener noreferrer \" >25 septembre 2020<\/a><br \/>\n<a title= \" 18 septembre \" href= \" https:\/\/publication-evangelique.com\/?p=16567 \" target= \" _blank \" juillet rel= \" noopener noreferrer \" >18 septembre 2020<\/a><br \/>\n<a title= \" 11 septembre \" href= \" https:\/\/publication-evangelique.com\/?p=16545 \" target= \" _blank \" juillet rel= \" noopener noreferrer \" >11 septembre 2020<\/a><br \/>\n<a title= \" 4 septembre \" href= \" https:\/\/publication-evangelique.com\/?p=16525 \" target= \" _blank \" juillet rel= \" noopener noreferrer \" >4 septembre 2020<\/a><\/p>\n<p><a title= \" 28 aout \" href= \" https:\/\/publication-evangelique.com\/?p=16512 \" target= \" _blank \" juillet rel= \" noopener noreferrer \" >28 aout 2020<\/a><br \/>\n<a title= \" 21 aout \" href= \" https:\/\/publication-evangelique.com\/?p=16501 \" target= \" _blank \" juillet rel= \" noopener noreferrer \" >21 aout 2020<\/a><br \/>\n<a title= \" 14 aout \" href= \" https:\/\/publication-evangelique.com\/?p=16485 \" target= \" _blank \" juillet rel= \" noopener noreferrer \" >14 aout 2020<\/a><br \/>\n<a title= \" 7 aout \" href= \" https:\/\/publication-evangelique.com\/?p=16455 \" target= \" _blank \" juillet rel= \" noopener noreferrer \" >7 aout 2020<\/a><\/p>\n<p><a title= \" 31 juillet \" href= \" https:\/\/publication-evangelique.com\/?p=16468 \" target= \" _blank \" juillet rel= \" noopener noreferrer \" >31 juillet 2020<\/a><br \/>\n<a title= \" 24 juillet \" href= \" https:\/\/publication-evangelique.com\/?p=16441 \" target= \" _blank \" juillet rel= \" noopener noreferrer \" >24 juillet 2020<\/a><br \/>\n<a title= \" 17 juillet \" href= \" https:\/\/publication-evangelique.com\/?p=16428 \" target= \" _blank \" juillet rel= \" noopener noreferrer \" >17 juillet 2020<\/a><br \/>\n<a title= \" 10 juillet \" href= \" https:\/\/publication-evangelique.com\/?p=16419 \" target= \" _blank \" juillet rel= \" noopener noreferrer \" >10 juillet 2020<\/a><br \/>\n<a title= \" 3 juillet \" href= \" https:\/\/publication-evangelique.com\/?p=16388 \" target= \" _blank \" rel= \" noopener noreferrer \" >3 juillet 2020<\/a><\/p>\n<p><img src= \" images\/spacer.gif \" border= \" 0 \" width= \" 200 \" height= \" 1 \" alt= \" \" ><br \/>\n&nbsp;<\/td>\n<td>&nbsp;<\/p>\n<p><a title= \" 26 juin \" href= \" https:\/\/publication-evangelique.com\/?p=16379 \" target= \" _blank \" rel= \" noopener noreferrer \" >26 juin 2020<\/a><br \/>\n<a title= \" 20 juin \" href= \" https:\/\/publication-evangelique.com\/?p=16369 \" target= \" _blank \" rel= \" noopener noreferrer \" >20 juin 2020<\/a><br \/>\n<a title= \" 13 juin \" href= \" https:\/\/publication-evangelique.com\/?p=16353 \" target= \" _blank \" rel= \" noopener noreferrer \" >13 juin 2020<\/a><br \/>\n<a title= \" 5 juin \" href= \" https:\/\/publication-evangelique.com\/?p=16345 \" target= \" _blank \" rel= \" noopener noreferrer \" >5 juin 2020<\/a><\/p>\n<p><a title= \" 29 mai \" href= \" https:\/\/publication-evangelique.com\/?p=16335 \" target= \" _blank \" rel= \" noopener noreferrer \" >29 mai 2020<\/a><br \/>\n<a title= \" 22 mai \" href= \" https:\/\/publication-evangelique.com\/?p=16323 \" target= \" _blank \" rel= \" noopener noreferrer \" >22 mai 2020<\/a><br \/>\n<a title= \" 15 mai \" href= \" https:\/\/publication-evangelique.com\/?p=16314 \" target= \" _blank \" rel= \" noopener noreferrer \" >15 mai 2020<\/a><br \/>\n<a title= \" 8 mai \" href= \" https:\/\/publication-evangelique.com\/?p=16301 \" target= \" _blank \" rel= \" noopener noreferrer \" >8 mai 2020<\/a><br \/>\n<a title= \" 1 mai \" href= \" https:\/\/publication-evangelique.com\/?p=16274 \" target= \" _blank \" rel= \" noopener noreferrer \" >1 mai 2020<\/a><\/p>\n<p><a title= \" 24 avril \" href= \" https:\/\/publication-evangelique.com\/?p=16286 \" target= \" _blank \" rel= \" noopener noreferrer \" >24 avril 2020<\/a><br \/>\n<a title= \" 17 avril \" href= \" https:\/\/publication-evangelique.com\/?p=16267 \" target= \" _blank \" rel= \" noopener noreferrer \" >17 avril 2020<\/a><br \/>\n<a title= \" 10 avril \" href= \" https:\/\/publication-evangelique.com\/?p=16255 \" target= \" _blank \" rel= \" noopener noreferrer \" >10 avril 2020<\/a><br \/>\n<a title= \" 3 avril \" href= \" https:\/\/publication-evangelique.com\/?p=16245 \" target= \" _blank \" rel= \" noopener noreferrer \" >3 avril 2020<\/a><\/p>\n<p><a title= \" 27 mars \" href= \" https:\/\/publication-evangelique.com\/?p=16235 \" target= \" _blank \" rel= \" noopener noreferrer \" >27 mars 2020<\/a><br \/>\n<a title= \" 20 mars \" href= \" https:\/\/publication-evangelique.com\/?p=16226 \" target= \" _blank \" rel= \" noopener noreferrer \" >20 mars 2020<\/a><br \/>\n<a title= \" 13 mars \" href= \" https:\/\/publication-evangelique.com\/?p=16216 \" target= \" _blank \" rel= \" noopener noreferrer \" >13 mars 2020<\/a><br \/>\n<a title= \" 6 mars \" href= \" https:\/\/publication-evangelique.com\/?p=16206 \" target= \" _blank \" rel= \" noopener noreferrer \" >6 mars 2020<\/a><\/p>\n<p><a title= \" 28 f\u00e9vrier \" href= \" https:\/\/publication-evangelique.com\/?p=16197 \" target= \" _blank \" rel= \" noopener noreferrer \" >28 f\u00e9vrier 2020<\/a><br \/>\n<a title= \" 14 f\u00e9vrier \" href= \" https:\/\/publication-evangelique.com\/?p=16180 \" target= \" _blank \" rel= \" noopener noreferrer \" >14 f\u00e9vrier 2020<\/a><br \/>\n<a title= \" 7 f\u00e9vrier \" href= \" https:\/\/publication-evangelique.com\/?p=16168 \" target= \" _blank \" rel= \" noopener noreferrer \" >7 f\u00e9vrier 2020<\/a><\/p>\n<p><a title= \" 31 janvier \" href= \" https:\/\/publication-evangelique.com\/?p=16156 \" target= \" _blank \" rel= \" noopener noreferrer \" >31 janvier 2020<\/a><br \/>\n<a title= \" 24 janvier \" href= \" https:\/\/publication-evangelique.com\/?p=16126 \" target= \" _blank \" rel= \" noopener noreferrer \" >24 janvier 2020<\/a><br \/>\n<a title= \" 17 janvier \" href= \" https:\/\/publication-evangelique.com\/?p=16099 \" target= \" _blank \" rel= \" noopener noreferrer \" >17 janvier 2020<\/a><br \/>\n<a title= \" 10 janvier \" href= \" https:\/\/publication-evangelique.com\/?p=16086 \" target= \" _blank \" rel= \" noopener noreferrer \" >10 janvier 2020<\/a><br \/>\n<a title= \" 4 janvier \" href= \" https:\/\/publication-evangelique.com\/?p=16067 \" target= \" _blank \" rel= \" noopener noreferrer \" >4 janvier 2020<\/a><\/p>\n<p><img src= \" images\/spacer.gif \" border= \" 0 \" width= \" 200 \" height= \" 1 \" alt= \" \" ><\/p>\n<p>&nbsp;<\/td>\n<\/tr>\n<\/tbody>\n<\/table>\n<p><\/br><\/br><\/p>\n<p>Daniel Poulin<br \/>\n<a title= \" Publication \u00c9vang\u00e9lique \" href= \" https:\/\/publication-evangelique.com \" target= \" _blank \" rel= \" noopener noreferrer \" >https:\/\/publication-evangelique.com<\/a><\/p>\n","protected":false},"excerpt":{"rendered":"<p>Vous pourrez \u00e9couter Daniel Poulin sur les ondes de la station La Radio Gospel 1650 AM \u00e0 Montr\u00e9al ou sur internet sur http:\/\/laradiogospel.ca. &nbsp; &nbsp; &nbsp; &nbsp; Toutes les archives des \u00e9missions 2020 sont gard\u00e9s dans cette page. &nbsp; 18 <span class=\"excerpt-dots\">&hellip;<\/span> <a class=\"more-link\" href=\"https:\/\/publication-evangelique.com\/?page_id=16070\"><span class=\"more-msg\">Lire la suite &rarr;<\/span><\/a><\/p>\n","protected":false},"author":1,"featured_media":13199,"parent":0,"menu_order":0,"comment_status":"closed","ping_status":"closed","template":"","meta":{"footnotes":""},"class_list":["post-16070","page","type-page","status-publish","has-post-thumbnail","hentry"],"yoast_head":"<!-- This site is optimized with the Yoast SEO plugin v27.4 - https:\/\/yoast.com\/product\/yoast-seo-wordpress\/ -->\n<title>\u00c9mission de radio &quot; Radio \u00c9vang\u00e9lique &quot; 2020 - Publication \u00c9vang\u00e9lique<\/title>\n<meta name=\"robots\" content=\"index, follow, max-snippet:-1, max-image-preview:large, max-video-preview:-1\" \/>\n<link rel=\"canonical\" href=\"https:\/\/publication-evangelique.com\/?page_id=16070\" \/>\n<meta property=\"og:locale\" content=\"fr_FR\" \/>\n<meta property=\"og:type\" content=\"article\" \/>\n<meta property=\"og:title\" content=\"\u00c9mission de radio &quot; Radio \u00c9vang\u00e9lique &quot; 2020 - Publication \u00c9vang\u00e9lique\" \/>\n<meta property=\"og:description\" content=\"Vous pourrez \u00e9couter Daniel Poulin sur les ondes de la station La Radio Gospel 1650 AM \u00e0 Montr\u00e9al ou sur internet sur http:\/\/laradiogospel.ca. &nbsp; &nbsp; &nbsp; &nbsp; Toutes les archives des \u00e9missions 2020 sont gard\u00e9s dans cette page. &nbsp; 18 &hellip; Lire la suite &rarr;\" \/>\n<meta property=\"og:url\" content=\"https:\/\/publication-evangelique.com\/?page_id=16070\" \/>\n<meta property=\"og:site_name\" content=\"Publication \u00c9vang\u00e9lique\" \/>\n<meta property=\"article:publisher\" content=\"https:\/\/www.facebook.com\/danielpoulin75\" \/>\n<meta property=\"article:modified_time\" content=\"2020-12-28T20:25:18+00:00\" \/>\n<meta property=\"og:image\" content=\"https:\/\/publication-evangelique.com\/wp-content\/uploads\/radioevangelique.jpg\" \/>\n\t<meta property=\"og:image:width\" content=\"1280\" \/>\n\t<meta property=\"og:image:height\" content=\"960\" \/>\n\t<meta property=\"og:image:type\" content=\"image\/jpeg\" \/>\n<meta name=\"twitter:label1\" content=\"Dur\u00e9e de lecture estim\u00e9e\" \/>\n\t<meta name=\"twitter:data1\" content=\"1 minute\" \/>\n<script type=\"application\/ld+json\" class=\"yoast-schema-graph\">{\"@context\":\"https:\\\/\\\/schema.org\",\"@graph\":[{\"@type\":\"WebPage\",\"@id\":\"https:\\\/\\\/publication-evangelique.com\\\/?page_id=16070\",\"url\":\"https:\\\/\\\/publication-evangelique.com\\\/?page_id=16070\",\"name\":\"\u00c9mission de radio \\\" Radio \u00c9vang\u00e9lique \\\" 2020 - Publication \u00c9vang\u00e9lique\",\"isPartOf\":{\"@id\":\"https:\\\/\\\/publication-evangelique.com\\\/#website\"},\"primaryImageOfPage\":{\"@id\":\"https:\\\/\\\/publication-evangelique.com\\\/?page_id=16070#primaryimage\"},\"image\":{\"@id\":\"https:\\\/\\\/publication-evangelique.com\\\/?page_id=16070#primaryimage\"},\"thumbnailUrl\":\"https:\\\/\\\/publication-evangelique.com\\\/wp-content\\\/uploads\\\/radioevangelique.jpg\",\"datePublished\":\"2020-01-06T15:19:38+00:00\",\"dateModified\":\"2020-12-28T20:25:18+00:00\",\"breadcrumb\":{\"@id\":\"https:\\\/\\\/publication-evangelique.com\\\/?page_id=16070#breadcrumb\"},\"inLanguage\":\"fr-FR\",\"potentialAction\":[{\"@type\":\"ReadAction\",\"target\":[\"https:\\\/\\\/publication-evangelique.com\\\/?page_id=16070\"]}]},{\"@type\":\"ImageObject\",\"inLanguage\":\"fr-FR\",\"@id\":\"https:\\\/\\\/publication-evangelique.com\\\/?page_id=16070#primaryimage\",\"url\":\"https:\\\/\\\/publication-evangelique.com\\\/wp-content\\\/uploads\\\/radioevangelique.jpg\",\"contentUrl\":\"https:\\\/\\\/publication-evangelique.com\\\/wp-content\\\/uploads\\\/radioevangelique.jpg\",\"width\":1280,\"height\":960},{\"@type\":\"BreadcrumbList\",\"@id\":\"https:\\\/\\\/publication-evangelique.com\\\/?page_id=16070#breadcrumb\",\"itemListElement\":[{\"@type\":\"ListItem\",\"position\":1,\"name\":\"Accueil\",\"item\":\"https:\\\/\\\/publication-evangelique.com\\\/\"},{\"@type\":\"ListItem\",\"position\":2,\"name\":\"\u00c9mission de radio \u00ab\u00a0Radio \u00c9vang\u00e9lique\u00a0\u00bb 2020\"}]},{\"@type\":\"WebSite\",\"@id\":\"https:\\\/\\\/publication-evangelique.com\\\/#website\",\"url\":\"https:\\\/\\\/publication-evangelique.com\\\/\",\"name\":\"Daniel Poulin - publication-evangelique.com\",\"description\":\"Daniel Poulin\",\"publisher\":{\"@id\":\"https:\\\/\\\/publication-evangelique.com\\\/#\\\/schema\\\/person\\\/a7aa86223ca614c8c1a737d18c95460c\"},\"potentialAction\":[{\"@type\":\"SearchAction\",\"target\":{\"@type\":\"EntryPoint\",\"urlTemplate\":\"https:\\\/\\\/publication-evangelique.com\\\/?s={search_term_string}\"},\"query-input\":{\"@type\":\"PropertyValueSpecification\",\"valueRequired\":true,\"valueName\":\"search_term_string\"}}],\"inLanguage\":\"fr-FR\"},{\"@type\":[\"Person\",\"Organization\"],\"@id\":\"https:\\\/\\\/publication-evangelique.com\\\/#\\\/schema\\\/person\\\/a7aa86223ca614c8c1a737d18c95460c\",\"name\":\"Daniel Poulin\",\"image\":{\"@type\":\"ImageObject\",\"inLanguage\":\"fr-FR\",\"@id\":\"https:\\\/\\\/publication-evangelique.com\\\/wp-content\\\/uploads\\\/daniel5-1.jpg\",\"url\":\"https:\\\/\\\/publication-evangelique.com\\\/wp-content\\\/uploads\\\/daniel5-1.jpg\",\"contentUrl\":\"https:\\\/\\\/publication-evangelique.com\\\/wp-content\\\/uploads\\\/daniel5-1.jpg\",\"width\":833,\"height\":969,\"caption\":\"Daniel Poulin\"},\"logo\":{\"@id\":\"https:\\\/\\\/publication-evangelique.com\\\/wp-content\\\/uploads\\\/daniel5-1.jpg\"},\"description\":\"Bonjour, ici Daniel Poulin! Je suis un chr\u00e9tien n\u00e9 de nouveau depuis 1980, ayant parcouru un cheminement avec le Seigneur J\u00e9sus-Christ, j'ai construit ce site afin de partager mes connaissances de la parole de Dieu \\\" La Bible \\\" Je travaille aussi au d\u00e9veloppement de la station de radio chr\u00e9tienne fran\u00e7aise \u00e0 Montr\u00e9al, \\\" La Radio Gospel \\\" que vous pouvez voir ici http:\\\/\\\/laradiogospel.ca Je fr\u00e9quente aussi une \u00e9glise, dont je pr\u00eache et j\u2019enseigne la parole de Dieu. La communaut\u00e9 \u00c9vang\u00e9lique de l'Agneau \\\" , voici l'adresse, http:\\\/\\\/communauteevangelique.ca\\\/\",\"sameAs\":[\"https:\\\/\\\/publication-evangelique.com\",\"https:\\\/\\\/www.facebook.com\\\/danielpoulin75\",\"https:\\\/\\\/www.linkedin.com\\\/in\\\/daniel-poulin-64614745\\\/\",\"https:\\\/\\\/x.com\\\/https:\\\/\\\/twitter.com\\\/Daniel_Poulin\",\"https:\\\/\\\/www.youtube.com\\\/user\\\/danielpoulin75\\\/videos\"]}]}<\/script>\n<!-- \/ Yoast SEO plugin. -->","yoast_head_json":{"title":"\u00c9mission de radio \" Radio \u00c9vang\u00e9lique \" 2020 - Publication \u00c9vang\u00e9lique","robots":{"index":"index","follow":"follow","max-snippet":"max-snippet:-1","max-image-preview":"max-image-preview:large","max-video-preview":"max-video-preview:-1"},"canonical":"https:\/\/publication-evangelique.com\/?page_id=16070","og_locale":"fr_FR","og_type":"article","og_title":"\u00c9mission de radio \" Radio \u00c9vang\u00e9lique \" 2020 - Publication \u00c9vang\u00e9lique","og_description":"Vous pourrez \u00e9couter Daniel Poulin sur les ondes de la station La Radio Gospel 1650 AM \u00e0 Montr\u00e9al ou sur internet sur http:\/\/laradiogospel.ca. &nbsp; &nbsp; &nbsp; &nbsp; Toutes les archives des \u00e9missions 2020 sont gard\u00e9s dans cette page. &nbsp; 18 &hellip; Lire la suite &rarr;","og_url":"https:\/\/publication-evangelique.com\/?page_id=16070","og_site_name":"Publication \u00c9vang\u00e9lique","article_publisher":"https:\/\/www.facebook.com\/danielpoulin75","article_modified_time":"2020-12-28T20:25:18+00:00","og_image":[{"width":1280,"height":960,"url":"https:\/\/publication-evangelique.com\/wp-content\/uploads\/radioevangelique.jpg","type":"image\/jpeg"}],"twitter_misc":{"Dur\u00e9e de lecture estim\u00e9e":"1 minute"},"schema":{"@context":"https:\/\/schema.org","@graph":[{"@type":"WebPage","@id":"https:\/\/publication-evangelique.com\/?page_id=16070","url":"https:\/\/publication-evangelique.com\/?page_id=16070","name":"\u00c9mission de radio \" Radio \u00c9vang\u00e9lique \" 2020 - Publication \u00c9vang\u00e9lique","isPartOf":{"@id":"https:\/\/publication-evangelique.com\/#website"},"primaryImageOfPage":{"@id":"https:\/\/publication-evangelique.com\/?page_id=16070#primaryimage"},"image":{"@id":"https:\/\/publication-evangelique.com\/?page_id=16070#primaryimage"},"thumbnailUrl":"https:\/\/publication-evangelique.com\/wp-content\/uploads\/radioevangelique.jpg","datePublished":"2020-01-06T15:19:38+00:00","dateModified":"2020-12-28T20:25:18+00:00","breadcrumb":{"@id":"https:\/\/publication-evangelique.com\/?page_id=16070#breadcrumb"},"inLanguage":"fr-FR","potentialAction":[{"@type":"ReadAction","target":["https:\/\/publication-evangelique.com\/?page_id=16070"]}]},{"@type":"ImageObject","inLanguage":"fr-FR","@id":"https:\/\/publication-evangelique.com\/?page_id=16070#primaryimage","url":"https:\/\/publication-evangelique.com\/wp-content\/uploads\/radioevangelique.jpg","contentUrl":"https:\/\/publication-evangelique.com\/wp-content\/uploads\/radioevangelique.jpg","width":1280,"height":960},{"@type":"BreadcrumbList","@id":"https:\/\/publication-evangelique.com\/?page_id=16070#breadcrumb","itemListElement":[{"@type":"ListItem","position":1,"name":"Accueil","item":"https:\/\/publication-evangelique.com\/"},{"@type":"ListItem","position":2,"name":"\u00c9mission de radio \u00ab\u00a0Radio \u00c9vang\u00e9lique\u00a0\u00bb 2020"}]},{"@type":"WebSite","@id":"https:\/\/publication-evangelique.com\/#website","url":"https:\/\/publication-evangelique.com\/","name":"Daniel Poulin - publication-evangelique.com","description":"Daniel Poulin","publisher":{"@id":"https:\/\/publication-evangelique.com\/#\/schema\/person\/a7aa86223ca614c8c1a737d18c95460c"},"potentialAction":[{"@type":"SearchAction","target":{"@type":"EntryPoint","urlTemplate":"https:\/\/publication-evangelique.com\/?s={search_term_string}"},"query-input":{"@type":"PropertyValueSpecification","valueRequired":true,"valueName":"search_term_string"}}],"inLanguage":"fr-FR"},{"@type":["Person","Organization"],"@id":"https:\/\/publication-evangelique.com\/#\/schema\/person\/a7aa86223ca614c8c1a737d18c95460c","name":"Daniel Poulin","image":{"@type":"ImageObject","inLanguage":"fr-FR","@id":"https:\/\/publication-evangelique.com\/wp-content\/uploads\/daniel5-1.jpg","url":"https:\/\/publication-evangelique.com\/wp-content\/uploads\/daniel5-1.jpg","contentUrl":"https:\/\/publication-evangelique.com\/wp-content\/uploads\/daniel5-1.jpg","width":833,"height":969,"caption":"Daniel Poulin"},"logo":{"@id":"https:\/\/publication-evangelique.com\/wp-content\/uploads\/daniel5-1.jpg"},"description":"Bonjour, ici Daniel Poulin! Je suis un chr\u00e9tien n\u00e9 de nouveau depuis 1980, ayant parcouru un cheminement avec le Seigneur J\u00e9sus-Christ, j'ai construit ce site afin de partager mes connaissances de la parole de Dieu \" La Bible \" Je travaille aussi au d\u00e9veloppement de la station de radio chr\u00e9tienne fran\u00e7aise \u00e0 Montr\u00e9al, \" La Radio Gospel \" que vous pouvez voir ici http:\/\/laradiogospel.ca Je fr\u00e9quente aussi une \u00e9glise, dont je pr\u00eache et j\u2019enseigne la parole de Dieu. La communaut\u00e9 \u00c9vang\u00e9lique de l'Agneau \" , voici l'adresse, http:\/\/communauteevangelique.ca\/","sameAs":["https:\/\/publication-evangelique.com","https:\/\/www.facebook.com\/danielpoulin75","https:\/\/www.linkedin.com\/in\/daniel-poulin-64614745\/","https:\/\/x.com\/https:\/\/twitter.com\/Daniel_Poulin","https:\/\/www.youtube.com\/user\/danielpoulin75\/videos"]}]}},"_links":{"self":[{"href":"https:\/\/publication-evangelique.com\/index.php?rest_route=\/wp\/v2\/pages\/16070","targetHints":{"allow":["GET"]}}],"collection":[{"href":"https:\/\/publication-evangelique.com\/index.php?rest_route=\/wp\/v2\/pages"}],"about":[{"href":"https:\/\/publication-evangelique.com\/index.php?rest_route=\/wp\/v2\/types\/page"}],"author":[{"embeddable":true,"href":"https:\/\/publication-evangelique.com\/index.php?rest_route=\/wp\/v2\/users\/1"}],"replies":[{"embeddable":true,"href":"https:\/\/publication-evangelique.com\/index.php?rest_route=%2Fwp%2Fv2%2Fcomments&post=16070"}],"version-history":[{"count":0,"href":"https:\/\/publication-evangelique.com\/index.php?rest_route=\/wp\/v2\/pages\/16070\/revisions"}],"wp:featuredmedia":[{"embeddable":true,"href":"https:\/\/publication-evangelique.com\/index.php?rest_route=\/wp\/v2\/media\/13199"}],"wp:attachment":[{"href":"https:\/\/publication-evangelique.com\/index.php?rest_route=%2Fwp%2Fv2%2Fmedia&parent=16070"}],"curies":[{"name":"wp","href":"https:\/\/api.w.org\/{rel}","templated":true}]}}