{"id":16294,"date":"2020-05-09T06:50:26","date_gmt":"2020-05-09T11:50:26","guid":{"rendered":"http:\/\/publication-evangelique.com\/?page_id=16294"},"modified":"2021-01-14T13:03:30","modified_gmt":"2021-01-14T18:03:30","slug":"le-retour-du-seigneur-jesus-christ","status":"publish","type":"page","link":"https:\/\/publication-evangelique.com\/?page_id=16294","title":{"rendered":"Le retour du Seigneur J\u00e9sus-Christ"},"content":{"rendered":"<p><strong>Nous allons regarder pourquoi Dieu nous a laiss\u00e9 des proph\u00e9ties<\/strong><\/p>\n<p><strong>R\u00e9pondre aux questions \u00a0\u00bb Quel sont les signes qui annonces le retour du Seigneur J\u00e9sus-Christ. <\/strong><\/p>\n<p><strong>Que se passera t-il \u00e0 son retour?<\/strong><\/p>\n<p>\u00c9coutez cette s\u00e9rie de message pour vous fortifier dans votre connaissance des proph\u00e9ties de Dieu.<\/p>\n<p>Vous pouvez \u00e9couter les messages en format MP3.<\/p>\n<p>1 &#8211; <a href= \" https:\/\/publication-evangelique.com\/?p=16291 \" >Pourquoi devons-nous \u00eatre vigilants sur les enseignements proph\u00e9tiques?<\/a><br \/>\n2 &#8211; <a href= \" https:\/\/publication-evangelique.com\/?p=16308 \" >Les proph\u00e9ties sont des avertissements du Seigneur.<\/a><br \/>\n3 &#8211; <a href= \" https:\/\/publication-evangelique.com\/?p=16318 \" >L\u2019\u00e9glise doit se pr\u00e9parer pour le jour du retour du Seigneur.<\/a><br \/>\n4 &#8211; <a href= \" https:\/\/publication-evangelique.com\/?p=16327 \" >L\u2019\u00e9glise doit h\u00e2ter le jour du retour du Seigneur<\/a><br \/>\n5 &#8211; <a href= \" https:\/\/publication-evangelique.com\/?p=16340 \" >Les signes pr\u00e9c\u00e8dent l\u2019enl\u00e8vement de l\u2019\u00e9glise.<\/a><br \/>\n6 &#8211; <a href= \" https:\/\/publication-evangelique.com\/?p=16349 \" >Survol de quelques signes avant-coureurs du retour de J\u00e9sus.<\/a><br \/>\n7 &#8211; <a href= \" https:\/\/publication-evangelique.com\/?p=16359 \" >Quelques signes avant-coureurs du retour de J\u00e9sus &#8211; 2e partie<\/a><br \/>\n8 &#8211; <a href= \" https:\/\/publication-evangelique.com\/?p=16384 \" >Quelques signes avant-coureurs du retour de J\u00e9sus \u2013 3e partie<\/a><br \/>\n9 &#8211; <a href= \" https:\/\/publication-evangelique.com\/?p=16373 \" >Quelques signes avant-coureurs du retour de J\u00e9sus \u2013 4e partie<\/a><br \/>\n10 &#8211; <a href= \" https:\/\/publication-evangelique.com\/?p=16406 \" >Quelques signes avant-coureurs du retour de J\u00e9sus \u2013 5e partie<\/a><br \/>\n11 &#8211; <a href= \" https:\/\/publication-evangelique.com\/?p=16424 \" >Sept sceaux seront d\u00e9vers\u00e9s sur la terre avant son retour<\/a><br \/>\n12 &#8211; <a href= \" https:\/\/publication-evangelique.com\/?p=16436 \" >Sept trompettes seront d\u00e9vers\u00e9es sur la terre avant le retour de J\u00e9sus.<\/a><br \/>\n13 &#8211; <a href= \" https:\/\/publication-evangelique.com\/?p=16461 \" >Dans quel contexte les chr\u00e9tiens vivront dans les derniers temps?<\/a><br \/>\n14 &#8211; <a href= \" https:\/\/publication-evangelique.com\/?p=16474 \" >L\u2019apostasie dans l\u2019\u00e9glise et l\u2019arriv\u00e9e de l\u2019ant\u00e9christ avant le retour de J\u00e9sus.<\/a><br \/>\n15 &#8211; <a href= \" https:\/\/publication-evangelique.com\/?p=16491 \" >L\u2019ant\u00e9christ et la b\u00eate qui deviendra le gouvernement mondial.<\/a><br \/>\n16 &#8211; <a href= \" https:\/\/publication-evangelique.com\/?p=16506 \" >Le faux proph\u00e8te, l\u2019associ\u00e9 de la b\u00eate.<\/a><br \/>\n17 &#8211; <a href= \" https:\/\/publication-evangelique.com\/?p=16516 \" >La femme prostitu\u00e9e appel\u00e9e Babylone la grande.<\/a><br \/>\n18 &#8211; <a href= \" https:\/\/publication-evangelique.com\/?p=16530 \" >Les 2 t\u00e9moins et l\u2019\u00c9glise<\/a><br \/>\n19 &#8211; <a href= \" https:\/\/publication-evangelique.com\/?p=16550 \" >La conversion des 144000.<\/a><br \/>\n20 &#8211; <a href= \" https:\/\/publication-evangelique.com\/?p=16572 \" >Sept coupes seront d\u00e9vers\u00e9es sur le tr\u00f4ne de l\u2019ant\u00e9christ.<\/a><br \/>\n21 &#8211; <a href= \" https:\/\/publication-evangelique.com\/?p=16580 \" >La bataille d\u2019Harmagu\u00e9don.<\/a><br \/>\n22 &#8211; <a href= \" https:\/\/publication-evangelique.com\/?p=16598 \" >J\u00e9sus investit de l\u2019autorit\u00e9 divine pour r\u00e9gner sur la terre.<\/a><br \/>\n23 &#8211; <a href= \" https:\/\/publication-evangelique.com\/?p=16622 \" >Retour de J\u00e9sus et l\u2019enl\u00e8vement de l\u2019\u00e9glise.<\/a><br \/>\n24 &#8211; <a href= \" https:\/\/publication-evangelique.com\/?p=16643 \" >La premi\u00e8re r\u00e9surrection des morts lors du retour du Seigneur.<\/a><br \/>\n25 &#8211; <a href= \" https:\/\/publication-evangelique.com\/?p=16651 \" >Le retour de J\u00e9sus et le jugement des nations.<\/a><br \/>\n26 &#8211; <a href= \" https:\/\/publication-evangelique.com\/?p=16667 \" >R\u00e8gne de Christ et de l\u2019\u00e9glise pour des milliers ann\u00e9es<\/a><br \/>\n27 &#8211; <a href= \" https:\/\/publication-evangelique.com\/?p=16691 \" >J\u00e9rusalem sera la ville du Roi de paix!<\/a><br \/>\n28 &#8211; <a href= \" https:\/\/publication-evangelique.com\/?p=16720 \" >Les noces de l\u2019Agneau et les f\u00eates de l\u2019\u00c9ternel.<\/a><br \/>\n29 &#8211; <a href= \" https:\/\/publication-evangelique.com\/?p=16705 \" >La fin des mille ans, ce sera la fin du monde pr\u00e9sent.<\/a><br \/>\n30 &#8211; <a href= \" https:\/\/publication-evangelique.com\/?p=16734 \" >La nouvelle cr\u00e9ation et la vie \u00e9ternelle dans la nouvelle J\u00e9rusalem.<\/a><br \/>\n31 &#8211; <a href= \" https:\/\/publication-evangelique.com\/?p=16746 \" >Survol des proph\u00e9ties et encouragements du Seigneur.<\/a><\/p>\n<p>&#8212;&#8212;&#8212;&#8212;&#8212;&#8212;&#8212;&#8212;&#8212;<\/p>\n<p>Note: A part d&rsquo;une mention sp\u00e9ciale, toutes les citations bibliques<br \/>\nsont tir\u00e9es du texte de la traduction; Louis Segond 1910.<br \/>\n\u00a9 Tout droit r\u00e9serv\u00e9<\/p>\n<p>Produit par : Daniel Poulin<br \/>\n\u00c9dit\u00e9 par : <a href= \" https:\/\/publication-evangelique.com \" >https:\/\/publication-evangelique.com<\/a><\/p>\n<p>Adresse de ce blogue : <a href= \" https:\/\/publication-evangelique.com\/?page_id=16294 \" >https:\/\/publication-evangelique.com\/?page_id=16294<\/a><\/p>\n","protected":false},"excerpt":{"rendered":"<p>Nous allons regarder pourquoi Dieu nous a laiss\u00e9 des proph\u00e9ties R\u00e9pondre aux questions \u00a0\u00bb Quel sont les signes qui annonces le retour du Seigneur J\u00e9sus-Christ. Que se passera t-il \u00e0 son retour? \u00c9coutez cette s\u00e9rie de message pour vous fortifier <span class=\"excerpt-dots\">&hellip;<\/span> <a class=\"more-link\" href=\"https:\/\/publication-evangelique.com\/?page_id=16294\"><span class=\"more-msg\">Lire la suite &rarr;<\/span><\/a><\/p>\n","protected":false},"author":1,"featured_media":12956,"parent":0,"menu_order":0,"comment_status":"closed","ping_status":"closed","template":"","meta":{"footnotes":""},"class_list":["post-16294","page","type-page","status-publish","has-post-thumbnail","hentry"],"yoast_head":"<!-- This site is optimized with the Yoast SEO plugin v27.4 - https:\/\/yoast.com\/product\/yoast-seo-wordpress\/ -->\n<title>Le retour du Seigneur J\u00e9sus-Christ - Publication \u00c9vang\u00e9lique<\/title>\n<meta name=\"robots\" content=\"index, follow, max-snippet:-1, max-image-preview:large, max-video-preview:-1\" \/>\n<link rel=\"canonical\" href=\"https:\/\/publication-evangelique.com\/?page_id=16294\" \/>\n<meta property=\"og:locale\" content=\"fr_FR\" \/>\n<meta property=\"og:type\" content=\"article\" \/>\n<meta property=\"og:title\" content=\"Le retour du Seigneur J\u00e9sus-Christ - Publication \u00c9vang\u00e9lique\" \/>\n<meta property=\"og:description\" content=\"Nous allons regarder pourquoi Dieu nous a laiss\u00e9 des proph\u00e9ties R\u00e9pondre aux questions \u00a0\u00bb Quel sont les signes qui annonces le retour du Seigneur J\u00e9sus-Christ. Que se passera t-il \u00e0 son retour? \u00c9coutez cette s\u00e9rie de message pour vous fortifier &hellip; Lire la suite &rarr;\" \/>\n<meta property=\"og:url\" content=\"https:\/\/publication-evangelique.com\/?page_id=16294\" \/>\n<meta property=\"og:site_name\" content=\"Publication \u00c9vang\u00e9lique\" \/>\n<meta property=\"article:publisher\" content=\"https:\/\/www.facebook.com\/danielpoulin75\" \/>\n<meta property=\"article:modified_time\" content=\"2021-01-14T18:03:30+00:00\" \/>\n<meta property=\"og:image\" content=\"https:\/\/publication-evangelique.com\/wp-content\/uploads\/1159.jpg\" \/>\n\t<meta property=\"og:image:width\" content=\"1280\" \/>\n\t<meta property=\"og:image:height\" content=\"959\" \/>\n\t<meta property=\"og:image:type\" content=\"image\/jpeg\" \/>\n<meta name=\"twitter:label1\" content=\"Dur\u00e9e de lecture estim\u00e9e\" \/>\n\t<meta name=\"twitter:data1\" content=\"2 minutes\" \/>\n<script type=\"application\/ld+json\" class=\"yoast-schema-graph\">{\"@context\":\"https:\\\/\\\/schema.org\",\"@graph\":[{\"@type\":\"WebPage\",\"@id\":\"https:\\\/\\\/publication-evangelique.com\\\/?page_id=16294\",\"url\":\"https:\\\/\\\/publication-evangelique.com\\\/?page_id=16294\",\"name\":\"Le retour du Seigneur J\u00e9sus-Christ - Publication \u00c9vang\u00e9lique\",\"isPartOf\":{\"@id\":\"https:\\\/\\\/publication-evangelique.com\\\/#website\"},\"primaryImageOfPage\":{\"@id\":\"https:\\\/\\\/publication-evangelique.com\\\/?page_id=16294#primaryimage\"},\"image\":{\"@id\":\"https:\\\/\\\/publication-evangelique.com\\\/?page_id=16294#primaryimage\"},\"thumbnailUrl\":\"https:\\\/\\\/publication-evangelique.com\\\/wp-content\\\/uploads\\\/1159.jpg\",\"datePublished\":\"2020-05-09T11:50:26+00:00\",\"dateModified\":\"2021-01-14T18:03:30+00:00\",\"breadcrumb\":{\"@id\":\"https:\\\/\\\/publication-evangelique.com\\\/?page_id=16294#breadcrumb\"},\"inLanguage\":\"fr-FR\",\"potentialAction\":[{\"@type\":\"ReadAction\",\"target\":[\"https:\\\/\\\/publication-evangelique.com\\\/?page_id=16294\"]}]},{\"@type\":\"ImageObject\",\"inLanguage\":\"fr-FR\",\"@id\":\"https:\\\/\\\/publication-evangelique.com\\\/?page_id=16294#primaryimage\",\"url\":\"https:\\\/\\\/publication-evangelique.com\\\/wp-content\\\/uploads\\\/1159.jpg\",\"contentUrl\":\"https:\\\/\\\/publication-evangelique.com\\\/wp-content\\\/uploads\\\/1159.jpg\",\"width\":1280,\"height\":959},{\"@type\":\"BreadcrumbList\",\"@id\":\"https:\\\/\\\/publication-evangelique.com\\\/?page_id=16294#breadcrumb\",\"itemListElement\":[{\"@type\":\"ListItem\",\"position\":1,\"name\":\"Accueil\",\"item\":\"https:\\\/\\\/publication-evangelique.com\\\/\"},{\"@type\":\"ListItem\",\"position\":2,\"name\":\"Le retour du Seigneur J\u00e9sus-Christ\"}]},{\"@type\":\"WebSite\",\"@id\":\"https:\\\/\\\/publication-evangelique.com\\\/#website\",\"url\":\"https:\\\/\\\/publication-evangelique.com\\\/\",\"name\":\"Daniel Poulin - publication-evangelique.com\",\"description\":\"Daniel Poulin\",\"publisher\":{\"@id\":\"https:\\\/\\\/publication-evangelique.com\\\/#\\\/schema\\\/person\\\/a7aa86223ca614c8c1a737d18c95460c\"},\"potentialAction\":[{\"@type\":\"SearchAction\",\"target\":{\"@type\":\"EntryPoint\",\"urlTemplate\":\"https:\\\/\\\/publication-evangelique.com\\\/?s={search_term_string}\"},\"query-input\":{\"@type\":\"PropertyValueSpecification\",\"valueRequired\":true,\"valueName\":\"search_term_string\"}}],\"inLanguage\":\"fr-FR\"},{\"@type\":[\"Person\",\"Organization\"],\"@id\":\"https:\\\/\\\/publication-evangelique.com\\\/#\\\/schema\\\/person\\\/a7aa86223ca614c8c1a737d18c95460c\",\"name\":\"Daniel Poulin\",\"image\":{\"@type\":\"ImageObject\",\"inLanguage\":\"fr-FR\",\"@id\":\"https:\\\/\\\/publication-evangelique.com\\\/wp-content\\\/uploads\\\/daniel5-1.jpg\",\"url\":\"https:\\\/\\\/publication-evangelique.com\\\/wp-content\\\/uploads\\\/daniel5-1.jpg\",\"contentUrl\":\"https:\\\/\\\/publication-evangelique.com\\\/wp-content\\\/uploads\\\/daniel5-1.jpg\",\"width\":833,\"height\":969,\"caption\":\"Daniel Poulin\"},\"logo\":{\"@id\":\"https:\\\/\\\/publication-evangelique.com\\\/wp-content\\\/uploads\\\/daniel5-1.jpg\"},\"description\":\"Bonjour, ici Daniel Poulin! Je suis un chr\u00e9tien n\u00e9 de nouveau depuis 1980, ayant parcouru un cheminement avec le Seigneur J\u00e9sus-Christ, j'ai construit ce site afin de partager mes connaissances de la parole de Dieu \\\" La Bible \\\" Je travaille aussi au d\u00e9veloppement de la station de radio chr\u00e9tienne fran\u00e7aise \u00e0 Montr\u00e9al, \\\" La Radio Gospel \\\" que vous pouvez voir ici http:\\\/\\\/laradiogospel.ca Je fr\u00e9quente aussi une \u00e9glise, dont je pr\u00eache et j\u2019enseigne la parole de Dieu. La communaut\u00e9 \u00c9vang\u00e9lique de l'Agneau \\\" , voici l'adresse, http:\\\/\\\/communauteevangelique.ca\\\/\",\"sameAs\":[\"https:\\\/\\\/publication-evangelique.com\",\"https:\\\/\\\/www.facebook.com\\\/danielpoulin75\",\"https:\\\/\\\/www.linkedin.com\\\/in\\\/daniel-poulin-64614745\\\/\",\"https:\\\/\\\/x.com\\\/https:\\\/\\\/twitter.com\\\/Daniel_Poulin\",\"https:\\\/\\\/www.youtube.com\\\/user\\\/danielpoulin75\\\/videos\"]}]}<\/script>\n<!-- \/ Yoast SEO plugin. -->","yoast_head_json":{"title":"Le retour du Seigneur J\u00e9sus-Christ - Publication \u00c9vang\u00e9lique","robots":{"index":"index","follow":"follow","max-snippet":"max-snippet:-1","max-image-preview":"max-image-preview:large","max-video-preview":"max-video-preview:-1"},"canonical":"https:\/\/publication-evangelique.com\/?page_id=16294","og_locale":"fr_FR","og_type":"article","og_title":"Le retour du Seigneur J\u00e9sus-Christ - Publication \u00c9vang\u00e9lique","og_description":"Nous allons regarder pourquoi Dieu nous a laiss\u00e9 des proph\u00e9ties R\u00e9pondre aux questions \u00a0\u00bb Quel sont les signes qui annonces le retour du Seigneur J\u00e9sus-Christ. Que se passera t-il \u00e0 son retour? \u00c9coutez cette s\u00e9rie de message pour vous fortifier &hellip; Lire la suite &rarr;","og_url":"https:\/\/publication-evangelique.com\/?page_id=16294","og_site_name":"Publication \u00c9vang\u00e9lique","article_publisher":"https:\/\/www.facebook.com\/danielpoulin75","article_modified_time":"2021-01-14T18:03:30+00:00","og_image":[{"width":1280,"height":959,"url":"https:\/\/publication-evangelique.com\/wp-content\/uploads\/1159.jpg","type":"image\/jpeg"}],"twitter_misc":{"Dur\u00e9e de lecture estim\u00e9e":"2 minutes"},"schema":{"@context":"https:\/\/schema.org","@graph":[{"@type":"WebPage","@id":"https:\/\/publication-evangelique.com\/?page_id=16294","url":"https:\/\/publication-evangelique.com\/?page_id=16294","name":"Le retour du Seigneur J\u00e9sus-Christ - Publication \u00c9vang\u00e9lique","isPartOf":{"@id":"https:\/\/publication-evangelique.com\/#website"},"primaryImageOfPage":{"@id":"https:\/\/publication-evangelique.com\/?page_id=16294#primaryimage"},"image":{"@id":"https:\/\/publication-evangelique.com\/?page_id=16294#primaryimage"},"thumbnailUrl":"https:\/\/publication-evangelique.com\/wp-content\/uploads\/1159.jpg","datePublished":"2020-05-09T11:50:26+00:00","dateModified":"2021-01-14T18:03:30+00:00","breadcrumb":{"@id":"https:\/\/publication-evangelique.com\/?page_id=16294#breadcrumb"},"inLanguage":"fr-FR","potentialAction":[{"@type":"ReadAction","target":["https:\/\/publication-evangelique.com\/?page_id=16294"]}]},{"@type":"ImageObject","inLanguage":"fr-FR","@id":"https:\/\/publication-evangelique.com\/?page_id=16294#primaryimage","url":"https:\/\/publication-evangelique.com\/wp-content\/uploads\/1159.jpg","contentUrl":"https:\/\/publication-evangelique.com\/wp-content\/uploads\/1159.jpg","width":1280,"height":959},{"@type":"BreadcrumbList","@id":"https:\/\/publication-evangelique.com\/?page_id=16294#breadcrumb","itemListElement":[{"@type":"ListItem","position":1,"name":"Accueil","item":"https:\/\/publication-evangelique.com\/"},{"@type":"ListItem","position":2,"name":"Le retour du Seigneur J\u00e9sus-Christ"}]},{"@type":"WebSite","@id":"https:\/\/publication-evangelique.com\/#website","url":"https:\/\/publication-evangelique.com\/","name":"Daniel Poulin - publication-evangelique.com","description":"Daniel Poulin","publisher":{"@id":"https:\/\/publication-evangelique.com\/#\/schema\/person\/a7aa86223ca614c8c1a737d18c95460c"},"potentialAction":[{"@type":"SearchAction","target":{"@type":"EntryPoint","urlTemplate":"https:\/\/publication-evangelique.com\/?s={search_term_string}"},"query-input":{"@type":"PropertyValueSpecification","valueRequired":true,"valueName":"search_term_string"}}],"inLanguage":"fr-FR"},{"@type":["Person","Organization"],"@id":"https:\/\/publication-evangelique.com\/#\/schema\/person\/a7aa86223ca614c8c1a737d18c95460c","name":"Daniel Poulin","image":{"@type":"ImageObject","inLanguage":"fr-FR","@id":"https:\/\/publication-evangelique.com\/wp-content\/uploads\/daniel5-1.jpg","url":"https:\/\/publication-evangelique.com\/wp-content\/uploads\/daniel5-1.jpg","contentUrl":"https:\/\/publication-evangelique.com\/wp-content\/uploads\/daniel5-1.jpg","width":833,"height":969,"caption":"Daniel Poulin"},"logo":{"@id":"https:\/\/publication-evangelique.com\/wp-content\/uploads\/daniel5-1.jpg"},"description":"Bonjour, ici Daniel Poulin! Je suis un chr\u00e9tien n\u00e9 de nouveau depuis 1980, ayant parcouru un cheminement avec le Seigneur J\u00e9sus-Christ, j'ai construit ce site afin de partager mes connaissances de la parole de Dieu \" La Bible \" Je travaille aussi au d\u00e9veloppement de la station de radio chr\u00e9tienne fran\u00e7aise \u00e0 Montr\u00e9al, \" La Radio Gospel \" que vous pouvez voir ici http:\/\/laradiogospel.ca Je fr\u00e9quente aussi une \u00e9glise, dont je pr\u00eache et j\u2019enseigne la parole de Dieu. La communaut\u00e9 \u00c9vang\u00e9lique de l'Agneau \" , voici l'adresse, http:\/\/communauteevangelique.ca\/","sameAs":["https:\/\/publication-evangelique.com","https:\/\/www.facebook.com\/danielpoulin75","https:\/\/www.linkedin.com\/in\/daniel-poulin-64614745\/","https:\/\/x.com\/https:\/\/twitter.com\/Daniel_Poulin","https:\/\/www.youtube.com\/user\/danielpoulin75\/videos"]}]}},"_links":{"self":[{"href":"https:\/\/publication-evangelique.com\/index.php?rest_route=\/wp\/v2\/pages\/16294","targetHints":{"allow":["GET"]}}],"collection":[{"href":"https:\/\/publication-evangelique.com\/index.php?rest_route=\/wp\/v2\/pages"}],"about":[{"href":"https:\/\/publication-evangelique.com\/index.php?rest_route=\/wp\/v2\/types\/page"}],"author":[{"embeddable":true,"href":"https:\/\/publication-evangelique.com\/index.php?rest_route=\/wp\/v2\/users\/1"}],"replies":[{"embeddable":true,"href":"https:\/\/publication-evangelique.com\/index.php?rest_route=%2Fwp%2Fv2%2Fcomments&post=16294"}],"version-history":[{"count":0,"href":"https:\/\/publication-evangelique.com\/index.php?rest_route=\/wp\/v2\/pages\/16294\/revisions"}],"wp:featuredmedia":[{"embeddable":true,"href":"https:\/\/publication-evangelique.com\/index.php?rest_route=\/wp\/v2\/media\/12956"}],"wp:attachment":[{"href":"https:\/\/publication-evangelique.com\/index.php?rest_route=%2Fwp%2Fv2%2Fmedia&parent=16294"}],"curies":[{"name":"wp","href":"https:\/\/api.w.org\/{rel}","templated":true}]}}