{"id":16770,"date":"2021-01-10T10:32:10","date_gmt":"2021-01-10T15:32:10","guid":{"rendered":"http:\/\/publication-evangelique.com\/?page_id=16770"},"modified":"2022-01-10T10:45:08","modified_gmt":"2022-01-10T15:45:08","slug":"emission-de-radio-radio-evangelique-2021","status":"publish","type":"page","link":"https:\/\/publication-evangelique.com\/?page_id=16770","title":{"rendered":"\u00c9mission de radio \u00a0\u00bb Radio \u00c9vang\u00e9lique \u00a0\u00bb 2021"},"content":{"rendered":"<p>Vous pourrez \u00e9couter <strong>Daniel Poulin<\/strong> sur les ondes<br \/>\nde la station<strong> La Radio Gospel 1650 AM<\/strong> \u00e0 Montr\u00e9al<br \/>\nou sur internet sur <a title= \" laradiogospel.ca \" href= \" http:\/\/laradiogospel.ca \" target= \" _blank \" rel= \" noopener noreferrer \" >http:\/\/laradiogospel.ca<\/a>.<\/p>\n<p>&nbsp;<\/p>\n<p>&nbsp;<\/p>\n<p>&nbsp;<\/p>\n<p>&nbsp;<br \/>\n<strong>Toutes les <strong>archives<\/strong> des \u00e9missions 2021 sont gard\u00e9s dans cette page.<\/strong><\/p>\n<table border= \" 0 \" align= \" center \" >\n<tbody>\n<tr valign= \" top \" >\n<td>\n<a title= \" 17 d\u00e9cembre \" href= \" https:\/\/publication-evangelique.com\/?p=17503 \" target= \" _blank \" juillet rel= \" noopener noreferrer \" >17 d\u00e9cembre<\/a><br \/>\n<a title= \" 10 d\u00e9cembre \" href= \" https:\/\/publication-evangelique.com\/?p=17476 \" target= \" _blank \" juillet rel= \" noopener noreferrer \" >10 d\u00e9cembre<\/a><br \/>\n<a title= \" 3 d\u00e9cembre \" href= \" https:\/\/publication-evangelique.com\/?p=17466 \" target= \" _blank \" juillet rel= \" noopener noreferrer \" >3 d\u00e9cembre<\/a><\/p>\n<p><a title= \" 26 novembre \" href= \" https:\/\/publication-evangelique.com\/?p=17454 \" target= \" _blank \" juillet rel= \" noopener noreferrer \" >26 novembre<\/a><br \/>\n<a title= \" 12 novembre \" href= \" https:\/\/publication-evangelique.com\/?p=17439 \" target= \" _blank \" juillet rel= \" noopener noreferrer \" >12 novembre<\/a><br \/>\n<a title= \" 5 novembre \" href= \" https:\/\/publication-evangelique.com\/?p=17406 \" target= \" _blank \" juillet rel= \" noopener noreferrer \" >5 novembre<\/a><br \/>\n<a title= \" 29 octobre \" href= \" https:\/\/publication-evangelique.com\/?p=17397 \" target= \" _blank \" juillet rel= \" noopener noreferrer \" >29 octobre<\/a><\/p>\n<p><a title= \" 22 octobre \" href= \" https:\/\/publication-evangelique.com\/?p=17374 \" target= \" _blank \" juillet rel= \" noopener noreferrer \" >22 octobre<\/a><br \/>\n<a title= \" 15 octobre \" href= \" https:\/\/publication-evangelique.com\/?p=17365 \" target= \" _blank \" juillet rel= \" noopener noreferrer \" >15 octobre<\/a><br \/>\n<a title= \" 8 octobre \" href= \" https:\/\/publication-evangelique.com\/?p=17349 \" target= \" _blank \" juillet rel= \" noopener noreferrer \" >8 octobre<\/a><br \/>\n<a title= \" 1 octobre \" href= \" https:\/\/publication-evangelique.com\/?p=17337 \" target= \" _blank \" juillet rel= \" noopener noreferrer \" >1 octobre<\/a><\/p>\n<p><a title= \" 24 septembre \" href= \" https:\/\/publication-evangelique.com\/?p=17324 \" target= \" _blank \" juillet rel= \" noopener noreferrer \" >24 septembre2021<\/a><br \/>\n<a title= \" 17 septembre \" href= \" https:\/\/publication-evangelique.com\/?p=17314 \" target= \" _blank \" juillet rel= \" noopener noreferrer \" >17 septembre2021<\/a><br \/>\n<a title= \" 10 septembre \" href= \" https:\/\/publication-evangelique.com\/?p=17297 \" target= \" _blank \" juillet rel= \" noopener noreferrer \" >10 septembre2021<\/a><br \/>\n<a title= \" 3 septembre \" href= \" https:\/\/publication-evangelique.com\/?p=17284 \" target= \" _blank \" juillet rel= \" noopener noreferrer \" >3 septembre2021<\/a><\/p>\n<p><a title= \" 28 aout \" href= \" https:\/\/publication-evangelique.com\/?p=17270 \" target= \" _blank \" juillet rel= \" noopener noreferrer \" >28 aout 2021<\/a><br \/>\n<a title= \" 20 aout \" href= \" https:\/\/publication-evangelique.com\/?p=17259 \" target= \" _blank \" juillet rel= \" noopener noreferrer \" >20 aout 2021<\/a><br \/>\n<a title= \" 13 aout \" href= \" https:\/\/publication-evangelique.com\/?p=17246 \" target= \" _blank \" juillet rel= \" noopener noreferrer \" >13 aout 2021<\/a><br \/>\n<a title= \" 6 aout \" href= \" https:\/\/publication-evangelique.com\/?p=17222 \" target= \" _blank \" juillet rel= \" noopener noreferrer \" >6 aout 2021<\/a><\/p>\n<p><a title= \" 30 juillet \" href= \" https:\/\/publication-evangelique.com\/?p=17222 \" target= \" _blank \" juillet rel= \" noopener noreferrer \" >30 juillet 2021<\/a><br \/>\n<a title= \" 2 juillet \" href= \" https:\/\/publication-evangelique.com\/?p=17174 \" target= \" _blank \" juillet rel= \" noopener noreferrer \" >2 juillet 2021<\/a><\/p>\n<p><a title= \" 25 juin \" href= \" https:\/\/publication-evangelique.com\/?p=17152 \" target= \" _blank \" juillet rel= \" noopener noreferrer \" >25 juin 2021<\/a><br \/>\n<a title= \" 18 juin \" href= \" https:\/\/publication-evangelique.com\/?p=17140 \" target= \" _blank \" juillet rel= \" noopener noreferrer \" >18 juin 2021<\/a><br \/>\n<a title= \" 11 juin \" href= \" https:\/\/publication-evangelique.com\/?p=17121 \" target= \" _blank \" juillet rel= \" noopener noreferrer \" >11 juin 2021<\/a><br \/>\n<a title= \" 4 juin \" href= \" https:\/\/publication-evangelique.com\/?p=17113 \" target= \" _blank \" juillet rel= \" noopener noreferrer \" >4 juin 2021<\/a><br \/>\n<img src= \" images\/spacer.gif \" border= \" 0 \" width= \" 200 \" height= \" 1 \" alt= \" \" ><br \/>\n&nbsp;<\/td>\n<td>&nbsp;<br \/>\n<a title= \" 28 mai \" href= \" https:\/\/publication-evangelique.com\/?p=17089 \" target= \" _blank \" juillet rel= \" noopener noreferrer \" >28 mai 2021<\/a><br \/>\n<a title= \" 21 mai \" href= \" https:\/\/publication-evangelique.com\/?p=17081 \" target= \" _blank \" juillet rel= \" noopener noreferrer \" >21 mai 2021<\/a><br \/>\n<a title= \" 14 mai \" href= \" https:\/\/publication-evangelique.com\/?p=17068 \" target= \" _blank \" juillet rel= \" noopener noreferrer \" >14 mai 2021<\/a><br \/>\n<a title= \" 7 mai \" href= \" https:\/\/publication-evangelique.com\/?p=17057 \" target= \" _blank \" juillet rel= \" noopener noreferrer \" >7 mai 2021<\/a><\/p>\n<p><a title= \" 30 avril \" href= \" https:\/\/publication-evangelique.com\/?p=17037 \" target= \" _blank \" juillet rel= \" noopener noreferrer \" >30 avril 2021<\/a><br \/>\n<a title= \" 23 avril \" href= \" https:\/\/publication-evangelique.com\/?p=17026 \" target= \" _blank \" juillet rel= \" noopener noreferrer \" >23 avril 2021<\/a><br \/>\n<a title= \" 16 avril \" href= \" https:\/\/publication-evangelique.com\/?p=17004 \" target= \" _blank \" juillet rel= \" noopener noreferrer \" >16 avril 2021<\/a><br \/>\n<a title= \" 9 avril \" href= \" https:\/\/publication-evangelique.com\/?p=16992 \" target= \" _blank \" juillet rel= \" noopener noreferrer \" >9 avril 2021<\/a><br \/>\n<a title= \" 2 avril \" href= \" https:\/\/publication-evangelique.com\/?p=16975 \" target= \" _blank \" juillet rel= \" noopener noreferrer \" >2 avril 2021<\/a><\/p>\n<p><a title= \" 26 mars \" href= \" https:\/\/publication-evangelique.com\/?p=16957 \" target= \" _blank \" juillet rel= \" noopener noreferrer \" >26 mars 2021<\/a><br \/>\n<a title= \" 19 mars \" href= \" https:\/\/publication-evangelique.com\/?p=16926 \" target= \" _blank \" juillet rel= \" noopener noreferrer \" >19 mars 2021<\/a><br \/>\n<a title= \" 12 mars \" href= \" https:\/\/publication-evangelique.com\/?p=16908 \" target= \" _blank \" juillet rel= \" noopener noreferrer \" >12 mars 2021<\/a><br \/>\n<a title= \" 5 mars \" href= \" https:\/\/publication-evangelique.com\/?p=16897 \" target= \" _blank \" juillet rel= \" noopener noreferrer \" >5 mars 2021<\/a><\/p>\n<p><a title= \" 26 f\u00e9vrier \" href= \" https:\/\/publication-evangelique.com\/?p=16875 \" target= \" _blank \" juillet rel= \" noopener noreferrer \" >26 f\u00e9vrier 2021<\/a><br \/>\n<a title= \" 19 f\u00e9vrier \" href= \" https:\/\/publication-evangelique.com\/?p=16863 \" target= \" _blank \" juillet rel= \" noopener noreferrer \" >19 f\u00e9vrier 2021<\/a><br \/>\n<a title= \" 12 f\u00e9vrier \" href= \" https:\/\/publication-evangelique.com\/?p=16839 \" target= \" _blank \" juillet rel= \" noopener noreferrer \" >12 f\u00e9vrier 2021<\/a><br \/>\n<a title= \" 5 f\u00e9vrier \" href= \" https:\/\/publication-evangelique.com\/?p=16766 \" target= \" _blank \" juillet rel= \" noopener noreferrer \" >5 f\u00e9vrier 2021<\/a><\/p>\n<p><a title= \" 22 janvier \" href= \" https:\/\/publication-evangelique.com\/?p=16813 \" target= \" _blank \" juillet rel= \" noopener noreferrer \" >22 janvier 2021<\/a><br \/>\n<a title= \" 15 janvier \" href= \" https:\/\/publication-evangelique.com\/?p=16800 \" target= \" _blank \" juillet rel= \" noopener noreferrer \" >15 janvier 2021<\/a><br \/>\n<a title= \" 8 janvier \" href= \" https:\/\/publication-evangelique.com\/?p=16766 \" target= \" _blank \" juillet rel= \" noopener noreferrer \" >8 janvier 2021<\/a><\/p>\n<p><img src= \" images\/spacer.gif \" border= \" 0 \" width= \" 200 \" height= \" 1 \" alt= \" \" ><\/p>\n<p>&nbsp;<\/td>\n<\/tr>\n<\/tbody>\n<\/table>\n<p><\/br><\/br><\/p>\n<p>Daniel Poulin<br \/>\n<a title= \" Publication \u00c9vang\u00e9lique \" href= \" https:\/\/publication-evangelique.com \" target= \" _blank \" rel= \" noopener noreferrer \" >https:\/\/publication-evangelique.com<\/a><\/p>\n","protected":false},"excerpt":{"rendered":"<p>Vous pourrez \u00e9couter Daniel Poulin sur les ondes de la station La Radio Gospel 1650 AM \u00e0 Montr\u00e9al ou sur internet sur http:\/\/laradiogospel.ca. &nbsp; &nbsp; &nbsp; &nbsp; Toutes les archives des \u00e9missions 2021 sont gard\u00e9s dans cette page. 17 d\u00e9cembre <span class=\"excerpt-dots\">&hellip;<\/span> <a class=\"more-link\" href=\"https:\/\/publication-evangelique.com\/?page_id=16770\"><span class=\"more-msg\">Lire la suite &rarr;<\/span><\/a><\/p>\n","protected":false},"author":1,"featured_media":13199,"parent":0,"menu_order":0,"comment_status":"closed","ping_status":"closed","template":"","meta":{"footnotes":""},"class_list":["post-16770","page","type-page","status-publish","has-post-thumbnail","hentry"],"yoast_head":"<!-- This site is optimized with the Yoast SEO plugin v27.3 - https:\/\/yoast.com\/product\/yoast-seo-wordpress\/ -->\n<title>\u00c9mission de radio &quot; Radio \u00c9vang\u00e9lique &quot; 2021 - Publication \u00c9vang\u00e9lique<\/title>\n<meta name=\"robots\" content=\"index, follow, max-snippet:-1, max-image-preview:large, max-video-preview:-1\" \/>\n<link rel=\"canonical\" href=\"https:\/\/publication-evangelique.com\/?page_id=16770\" \/>\n<meta property=\"og:locale\" content=\"fr_FR\" \/>\n<meta property=\"og:type\" content=\"article\" \/>\n<meta property=\"og:title\" content=\"\u00c9mission de radio &quot; Radio \u00c9vang\u00e9lique &quot; 2021 - Publication \u00c9vang\u00e9lique\" \/>\n<meta property=\"og:description\" content=\"Vous pourrez \u00e9couter Daniel Poulin sur les ondes de la station La Radio Gospel 1650 AM \u00e0 Montr\u00e9al ou sur internet sur http:\/\/laradiogospel.ca. &nbsp; &nbsp; &nbsp; &nbsp; Toutes les archives des \u00e9missions 2021 sont gard\u00e9s dans cette page. 17 d\u00e9cembre &hellip; Lire la suite &rarr;\" \/>\n<meta property=\"og:url\" content=\"https:\/\/publication-evangelique.com\/?page_id=16770\" \/>\n<meta property=\"og:site_name\" content=\"Publication \u00c9vang\u00e9lique\" \/>\n<meta property=\"article:publisher\" content=\"https:\/\/www.facebook.com\/danielpoulin75\" \/>\n<meta property=\"article:modified_time\" content=\"2022-01-10T15:45:08+00:00\" \/>\n<meta property=\"og:image\" content=\"https:\/\/publication-evangelique.com\/wp-content\/uploads\/radioevangelique.jpg\" \/>\n\t<meta property=\"og:image:width\" content=\"1280\" \/>\n\t<meta property=\"og:image:height\" content=\"960\" \/>\n\t<meta property=\"og:image:type\" content=\"image\/jpeg\" \/>\n<script type=\"application\/ld+json\" class=\"yoast-schema-graph\">{\"@context\":\"https:\\\/\\\/schema.org\",\"@graph\":[{\"@type\":\"WebPage\",\"@id\":\"https:\\\/\\\/publication-evangelique.com\\\/?page_id=16770\",\"url\":\"https:\\\/\\\/publication-evangelique.com\\\/?page_id=16770\",\"name\":\"\u00c9mission de radio \\\" Radio \u00c9vang\u00e9lique \\\" 2021 - Publication \u00c9vang\u00e9lique\",\"isPartOf\":{\"@id\":\"https:\\\/\\\/publication-evangelique.com\\\/#website\"},\"primaryImageOfPage\":{\"@id\":\"https:\\\/\\\/publication-evangelique.com\\\/?page_id=16770#primaryimage\"},\"image\":{\"@id\":\"https:\\\/\\\/publication-evangelique.com\\\/?page_id=16770#primaryimage\"},\"thumbnailUrl\":\"https:\\\/\\\/publication-evangelique.com\\\/wp-content\\\/uploads\\\/radioevangelique.jpg\",\"datePublished\":\"2021-01-10T15:32:10+00:00\",\"dateModified\":\"2022-01-10T15:45:08+00:00\",\"breadcrumb\":{\"@id\":\"https:\\\/\\\/publication-evangelique.com\\\/?page_id=16770#breadcrumb\"},\"inLanguage\":\"fr-FR\",\"potentialAction\":[{\"@type\":\"ReadAction\",\"target\":[\"https:\\\/\\\/publication-evangelique.com\\\/?page_id=16770\"]}]},{\"@type\":\"ImageObject\",\"inLanguage\":\"fr-FR\",\"@id\":\"https:\\\/\\\/publication-evangelique.com\\\/?page_id=16770#primaryimage\",\"url\":\"https:\\\/\\\/publication-evangelique.com\\\/wp-content\\\/uploads\\\/radioevangelique.jpg\",\"contentUrl\":\"https:\\\/\\\/publication-evangelique.com\\\/wp-content\\\/uploads\\\/radioevangelique.jpg\",\"width\":1280,\"height\":960},{\"@type\":\"BreadcrumbList\",\"@id\":\"https:\\\/\\\/publication-evangelique.com\\\/?page_id=16770#breadcrumb\",\"itemListElement\":[{\"@type\":\"ListItem\",\"position\":1,\"name\":\"Accueil\",\"item\":\"https:\\\/\\\/publication-evangelique.com\\\/\"},{\"@type\":\"ListItem\",\"position\":2,\"name\":\"\u00c9mission de radio \u00ab\u00a0Radio \u00c9vang\u00e9lique\u00a0\u00bb 2021\"}]},{\"@type\":\"WebSite\",\"@id\":\"https:\\\/\\\/publication-evangelique.com\\\/#website\",\"url\":\"https:\\\/\\\/publication-evangelique.com\\\/\",\"name\":\"Daniel Poulin - publication-evangelique.com\",\"description\":\"Daniel Poulin\",\"publisher\":{\"@id\":\"https:\\\/\\\/publication-evangelique.com\\\/#\\\/schema\\\/person\\\/a7aa86223ca614c8c1a737d18c95460c\"},\"potentialAction\":[{\"@type\":\"SearchAction\",\"target\":{\"@type\":\"EntryPoint\",\"urlTemplate\":\"https:\\\/\\\/publication-evangelique.com\\\/?s={search_term_string}\"},\"query-input\":{\"@type\":\"PropertyValueSpecification\",\"valueRequired\":true,\"valueName\":\"search_term_string\"}}],\"inLanguage\":\"fr-FR\"},{\"@type\":[\"Person\",\"Organization\"],\"@id\":\"https:\\\/\\\/publication-evangelique.com\\\/#\\\/schema\\\/person\\\/a7aa86223ca614c8c1a737d18c95460c\",\"name\":\"Daniel Poulin\",\"image\":{\"@type\":\"ImageObject\",\"inLanguage\":\"fr-FR\",\"@id\":\"https:\\\/\\\/publication-evangelique.com\\\/wp-content\\\/uploads\\\/daniel5-1.jpg\",\"url\":\"https:\\\/\\\/publication-evangelique.com\\\/wp-content\\\/uploads\\\/daniel5-1.jpg\",\"contentUrl\":\"https:\\\/\\\/publication-evangelique.com\\\/wp-content\\\/uploads\\\/daniel5-1.jpg\",\"width\":833,\"height\":969,\"caption\":\"Daniel Poulin\"},\"logo\":{\"@id\":\"https:\\\/\\\/publication-evangelique.com\\\/wp-content\\\/uploads\\\/daniel5-1.jpg\"},\"description\":\"Bonjour, ici Daniel Poulin! Je suis un chr\u00e9tien n\u00e9 de nouveau depuis 1980, ayant parcouru un cheminement avec le Seigneur J\u00e9sus-Christ, j'ai construit ce site afin de partager mes connaissances de la parole de Dieu \\\" La Bible \\\" Je travaille aussi au d\u00e9veloppement de la station de radio chr\u00e9tienne fran\u00e7aise \u00e0 Montr\u00e9al, \\\" La Radio Gospel \\\" que vous pouvez voir ici http:\\\/\\\/laradiogospel.ca Je fr\u00e9quente aussi une \u00e9glise, dont je pr\u00eache et j\u2019enseigne la parole de Dieu. La communaut\u00e9 \u00c9vang\u00e9lique de l'Agneau \\\" , voici l'adresse, http:\\\/\\\/communauteevangelique.ca\\\/\",\"sameAs\":[\"https:\\\/\\\/publication-evangelique.com\",\"https:\\\/\\\/www.facebook.com\\\/danielpoulin75\",\"https:\\\/\\\/www.linkedin.com\\\/in\\\/daniel-poulin-64614745\\\/\",\"https:\\\/\\\/x.com\\\/https:\\\/\\\/twitter.com\\\/Daniel_Poulin\",\"https:\\\/\\\/www.youtube.com\\\/user\\\/danielpoulin75\\\/videos\"]}]}<\/script>\n<!-- \/ Yoast SEO plugin. -->","yoast_head_json":{"title":"\u00c9mission de radio \" Radio \u00c9vang\u00e9lique \" 2021 - Publication \u00c9vang\u00e9lique","robots":{"index":"index","follow":"follow","max-snippet":"max-snippet:-1","max-image-preview":"max-image-preview:large","max-video-preview":"max-video-preview:-1"},"canonical":"https:\/\/publication-evangelique.com\/?page_id=16770","og_locale":"fr_FR","og_type":"article","og_title":"\u00c9mission de radio \" Radio \u00c9vang\u00e9lique \" 2021 - Publication \u00c9vang\u00e9lique","og_description":"Vous pourrez \u00e9couter Daniel Poulin sur les ondes de la station La Radio Gospel 1650 AM \u00e0 Montr\u00e9al ou sur internet sur http:\/\/laradiogospel.ca. &nbsp; &nbsp; &nbsp; &nbsp; Toutes les archives des \u00e9missions 2021 sont gard\u00e9s dans cette page. 17 d\u00e9cembre &hellip; Lire la suite &rarr;","og_url":"https:\/\/publication-evangelique.com\/?page_id=16770","og_site_name":"Publication \u00c9vang\u00e9lique","article_publisher":"https:\/\/www.facebook.com\/danielpoulin75","article_modified_time":"2022-01-10T15:45:08+00:00","og_image":[{"width":1280,"height":960,"url":"https:\/\/publication-evangelique.com\/wp-content\/uploads\/radioevangelique.jpg","type":"image\/jpeg"}],"schema":{"@context":"https:\/\/schema.org","@graph":[{"@type":"WebPage","@id":"https:\/\/publication-evangelique.com\/?page_id=16770","url":"https:\/\/publication-evangelique.com\/?page_id=16770","name":"\u00c9mission de radio \" Radio \u00c9vang\u00e9lique \" 2021 - Publication \u00c9vang\u00e9lique","isPartOf":{"@id":"https:\/\/publication-evangelique.com\/#website"},"primaryImageOfPage":{"@id":"https:\/\/publication-evangelique.com\/?page_id=16770#primaryimage"},"image":{"@id":"https:\/\/publication-evangelique.com\/?page_id=16770#primaryimage"},"thumbnailUrl":"https:\/\/publication-evangelique.com\/wp-content\/uploads\/radioevangelique.jpg","datePublished":"2021-01-10T15:32:10+00:00","dateModified":"2022-01-10T15:45:08+00:00","breadcrumb":{"@id":"https:\/\/publication-evangelique.com\/?page_id=16770#breadcrumb"},"inLanguage":"fr-FR","potentialAction":[{"@type":"ReadAction","target":["https:\/\/publication-evangelique.com\/?page_id=16770"]}]},{"@type":"ImageObject","inLanguage":"fr-FR","@id":"https:\/\/publication-evangelique.com\/?page_id=16770#primaryimage","url":"https:\/\/publication-evangelique.com\/wp-content\/uploads\/radioevangelique.jpg","contentUrl":"https:\/\/publication-evangelique.com\/wp-content\/uploads\/radioevangelique.jpg","width":1280,"height":960},{"@type":"BreadcrumbList","@id":"https:\/\/publication-evangelique.com\/?page_id=16770#breadcrumb","itemListElement":[{"@type":"ListItem","position":1,"name":"Accueil","item":"https:\/\/publication-evangelique.com\/"},{"@type":"ListItem","position":2,"name":"\u00c9mission de radio \u00ab\u00a0Radio \u00c9vang\u00e9lique\u00a0\u00bb 2021"}]},{"@type":"WebSite","@id":"https:\/\/publication-evangelique.com\/#website","url":"https:\/\/publication-evangelique.com\/","name":"Daniel Poulin - publication-evangelique.com","description":"Daniel Poulin","publisher":{"@id":"https:\/\/publication-evangelique.com\/#\/schema\/person\/a7aa86223ca614c8c1a737d18c95460c"},"potentialAction":[{"@type":"SearchAction","target":{"@type":"EntryPoint","urlTemplate":"https:\/\/publication-evangelique.com\/?s={search_term_string}"},"query-input":{"@type":"PropertyValueSpecification","valueRequired":true,"valueName":"search_term_string"}}],"inLanguage":"fr-FR"},{"@type":["Person","Organization"],"@id":"https:\/\/publication-evangelique.com\/#\/schema\/person\/a7aa86223ca614c8c1a737d18c95460c","name":"Daniel Poulin","image":{"@type":"ImageObject","inLanguage":"fr-FR","@id":"https:\/\/publication-evangelique.com\/wp-content\/uploads\/daniel5-1.jpg","url":"https:\/\/publication-evangelique.com\/wp-content\/uploads\/daniel5-1.jpg","contentUrl":"https:\/\/publication-evangelique.com\/wp-content\/uploads\/daniel5-1.jpg","width":833,"height":969,"caption":"Daniel Poulin"},"logo":{"@id":"https:\/\/publication-evangelique.com\/wp-content\/uploads\/daniel5-1.jpg"},"description":"Bonjour, ici Daniel Poulin! Je suis un chr\u00e9tien n\u00e9 de nouveau depuis 1980, ayant parcouru un cheminement avec le Seigneur J\u00e9sus-Christ, j'ai construit ce site afin de partager mes connaissances de la parole de Dieu \" La Bible \" Je travaille aussi au d\u00e9veloppement de la station de radio chr\u00e9tienne fran\u00e7aise \u00e0 Montr\u00e9al, \" La Radio Gospel \" que vous pouvez voir ici http:\/\/laradiogospel.ca Je fr\u00e9quente aussi une \u00e9glise, dont je pr\u00eache et j\u2019enseigne la parole de Dieu. La communaut\u00e9 \u00c9vang\u00e9lique de l'Agneau \" , voici l'adresse, http:\/\/communauteevangelique.ca\/","sameAs":["https:\/\/publication-evangelique.com","https:\/\/www.facebook.com\/danielpoulin75","https:\/\/www.linkedin.com\/in\/daniel-poulin-64614745\/","https:\/\/x.com\/https:\/\/twitter.com\/Daniel_Poulin","https:\/\/www.youtube.com\/user\/danielpoulin75\/videos"]}]}},"_links":{"self":[{"href":"https:\/\/publication-evangelique.com\/index.php?rest_route=\/wp\/v2\/pages\/16770","targetHints":{"allow":["GET"]}}],"collection":[{"href":"https:\/\/publication-evangelique.com\/index.php?rest_route=\/wp\/v2\/pages"}],"about":[{"href":"https:\/\/publication-evangelique.com\/index.php?rest_route=\/wp\/v2\/types\/page"}],"author":[{"embeddable":true,"href":"https:\/\/publication-evangelique.com\/index.php?rest_route=\/wp\/v2\/users\/1"}],"replies":[{"embeddable":true,"href":"https:\/\/publication-evangelique.com\/index.php?rest_route=%2Fwp%2Fv2%2Fcomments&post=16770"}],"version-history":[{"count":0,"href":"https:\/\/publication-evangelique.com\/index.php?rest_route=\/wp\/v2\/pages\/16770\/revisions"}],"wp:featuredmedia":[{"embeddable":true,"href":"https:\/\/publication-evangelique.com\/index.php?rest_route=\/wp\/v2\/media\/13199"}],"wp:attachment":[{"href":"https:\/\/publication-evangelique.com\/index.php?rest_route=%2Fwp%2Fv2%2Fmedia&parent=16770"}],"curies":[{"name":"wp","href":"https:\/\/api.w.org\/{rel}","templated":true}]}}