{"id":17160,"date":"2021-06-30T13:24:46","date_gmt":"2021-06-30T18:24:46","guid":{"rendered":"http:\/\/publication-evangelique.com\/?page_id=17160"},"modified":"2024-03-29T06:19:34","modified_gmt":"2024-03-29T11:19:34","slug":"le-royaume-de-dieu","status":"publish","type":"page","link":"https:\/\/publication-evangelique.com\/?page_id=17160","title":{"rendered":"Le royaume de Dieu"},"content":{"rendered":"<p><strong>Nous allons regarder ensemble certaines versets qui nous parlent d&rsquo;un royaume cach\u00e9<\/strong><\/p>\n<p>Un royaume que Dieu a pr\u00e9par\u00e9 pour ceux qui l&rsquo;aime.<\/p>\n<p>Le Seigneur nous pr\u00e9pare \u00e0 entrer dans son royaume <\/p>\n<p>Nous pouvons y entrer par Yeshoua son Fils.<\/p>\n<p>Vous pouvez \u00e9couter les messages en format MP3.<br \/>\n <\/br> <\/br><br \/>\n<strong>Le royaume de Dieu.<\/strong><br \/>\n1 &#8211; <a href= \" https:\/\/publication-evangelique.com\/?p=17159 \" >Le royaume de Dieu<\/a><br \/>\n2 &#8211; <a href= \" https:\/\/publication-evangelique.com\/?p=17180 \" >L\u2019\u00e9tablissement du r\u00e8gne de Yeshoua le Fils de Dieu.<\/a><br \/>\n3 &#8211; <a href= \" https:\/\/publication-evangelique.com\/?p=17188 \" >Le myst\u00e8re du royaume de Dieu r\u00e9v\u00e9l\u00e9 aux hommes.<\/a><br \/>\n4 &#8211; <a href= \" https:\/\/publication-evangelique.com\/?p=17572 \" >Le royaume de Dieu proph\u00e9tis\u00e9 dans l\u2019Ancien Testament<\/a><br \/>\n5 &#8211; <a href= \" https:\/\/publication-evangelique.com\/?p=17227 \" >Le royaume qui vient du ciel.<\/a><br \/>\n6 &#8211; <a href= \" https:\/\/publication-evangelique.com\/?p=17242 \" >Les paraboles du royaume des cieux. 1re partie<\/a><br \/>\n7 &#8211; <a href= \" https:\/\/publication-evangelique.com\/?p=17251 \" >Les paraboles du royaume des cieux. 2e partie<\/a><br \/>\n8 &#8211; <a href= \" https:\/\/publication-evangelique.com\/?p=17266 \" >Les paraboles du royaume des cieux. 3e partie<\/a><br \/>\n9 &#8211; <a href= \" https:\/\/publication-evangelique.com\/?p=17274 \" >Que devons-nous faire pour entrer dans le royaume de Dieu?<\/a><br \/>\n10 &#8211; <a href= \" https:\/\/publication-evangelique.com\/?p=17289 \" >Qui n\u2019entrera pas dans le royaume de Dieu?<\/a><br \/>\n11 &#8211; <a href= \" https:\/\/publication-evangelique.com\/?p=17319 \" >Qui entrera dans le royaume de Dieu?<\/a><\/p>\n<p><strong>Quelques caract\u00e9ristiques du royaume de Dieu.<\/strong><br \/>\n12 &#8211; <a href= \" https:\/\/publication-evangelique.com\/?p=17329 \" >Le royaume de la lumi\u00e8re.<\/a><br \/>\n13 &#8211; <a href= \" https:\/\/publication-evangelique.com\/?p=17344 \" >Le royaume de justice.<\/a><br \/>\n14 &#8211; <a href= \" https:\/\/publication-evangelique.com\/?p=17355 \" >Le royaume saint<\/a><br \/>\n15 &#8211; <a href= \" https:\/\/publication-evangelique.com\/?p=17369 \" >Le royaume d\u2019amour de paix, de joie.<\/a><br \/>\n16 &#8211; <a href= \" https:\/\/publication-evangelique.com\/?p=17378 \" >Un royaume puissant par le Dieu puissant.<\/a><br \/>\n17 &#8211; <a href= \" https:\/\/publication-evangelique.com\/?p=17402 \" >Le royaume de v\u00e9rit\u00e9.<\/a><br \/>\n18 &#8211; <a href= \" https:\/\/publication-evangelique.com\/?p=17445 \" >Le royaume de Dieu, ses arm\u00e9es et leurs autorit\u00e9s.<\/a><\/p>\n<p><strong>Quelques nouvelles caract\u00e9ristique des sujets du royaume de Dieu.<\/strong><br \/>\n19 &#8211; <a href= \" https:\/\/publication-evangelique.com\/?p=17459 \" >Nouvelles caract\u00e9ristiques des habitants du royaume de Dieu.<\/a><br \/>\n20 &#8211; <a href= \" https:\/\/publication-evangelique.com\/?p=17471 \" >Nouvelles caract\u00e9ristiques des habitants du royaume \u2014 2e partie<\/a><br \/>\n21 &#8211; <a href= \" https:\/\/publication-evangelique.com\/?p=17483 \" >Nouvelles caract\u00e9ristiques des habitants du royaume \u2014 3e partie<\/a><br \/>\n22 &#8211; <a href= \" https:\/\/publication-evangelique.com\/?p=17483 \" >Nouvelles caract\u00e9ristiques des habitants du royaume \u2014 4e partie<\/a><br \/>\n23 &#8211; <a href= \" https:\/\/publication-evangelique.com\/?p=17553 \" >Nouvelles caract\u00e9ristiques des habitants du royaume \u2014 5e partie<\/a><\/p>\n<p><strong>La marche par l&rsquo;Esprit de Dieu pour les sujets du royaume de Dieu.<\/strong><br \/>\n24 &#8211; <a href= \" https:\/\/publication-evangelique.com\/?p=17568 \" >Marcher dans le caract\u00e8re donn\u00e9 par l\u2019Esprit du Royaume de Dieu.<\/a><br \/>\n25 &#8211; <a href= \" https:\/\/publication-evangelique.com\/?p=17589 \" >Le Saint-Esprit nous conduit dans une connaissance approfondie de la parole de Dieu.<\/a><br \/>\n26 &#8211; <a href= \" https:\/\/publication-evangelique.com\/?p=17601 \" >Le Saint-Esprit veut d\u00e9velopper en nous une vie de pri\u00e8re.<\/a><br \/>\n27 &#8211; <a href= \" https:\/\/publication-evangelique.com\/?p=17608 \" >Le Saint-Esprit veut d\u00e9velopper en nous une vie d\u2019adorateur.<\/a><br \/>\n28 &#8211; <a href= \" https:\/\/publication-evangelique.com\/?p=17626 \" >Le Saint-Esprit veut d\u00e9velopper en nous une vie de saintet\u00e9.<\/a><br \/>\n29 &#8211; <a href= \" https:\/\/publication-evangelique.com\/?p=17635 \" >Le Saint-Esprit veut d\u00e9velopper en nous une vie d\u2019unit\u00e9 avec les autres.<\/a><br \/>\n30 &#8211; <a href= \" https:\/\/publication-evangelique.com\/?p=17655 \" >Le Saint-Esprit veut d\u00e9velopper en nous une vie au service des autres.<\/a><br \/>\n21 &#8211; <a href= \" https:\/\/publication-evangelique.com\/?p=17664 \" >Le Saint-Esprit veut d\u00e9velopper en nous une vie enrichie.<\/a><br \/>\n32 &#8211; <a href= \" https:\/\/publication-evangelique.com\/?p=17673 \" >Le Saint-Esprit veut d\u00e9velopper en nous la fid\u00e9lit\u00e9 et la loyaut\u00e9.<\/a><br \/>\n33 &#8211; <a href= \" https:\/\/publication-evangelique.com\/?p=17689 \" >Le Saint-Esprit veut d\u00e9velopper en nous une marche sous la puissante main de Dieu. \u2026 dans l\u2019humilit\u00e9.<\/a><br \/>\n34 &#8211; <a href= \" https:\/\/publication-evangelique.com\/?p=17708 \" >Le Saint-Esprit veut d\u00e9velopper en nous une marche dans la sagesse d\u2019en haut.<\/a><br \/>\n35 &#8211; <a href= \" https:\/\/publication-evangelique.com\/?p=17723 \" >Le Saint-Esprit veut d\u00e9velopper en nous une marche dans la justice.<\/a><br \/>\n36 &#8211; <a href= \" https:\/\/publication-evangelique.com\/?p=17739 \" >Le Saint-Esprit veut d\u00e9velopper en nous une marche dans la pi\u00e9t\u00e9.<\/a><br \/>\n37 &#8211; <a href= \" https:\/\/publication-evangelique.com\/?p=17752 \" >Le Saint-Esprit veut nous faire marcher dans le chemin du brisement.<\/a><br \/>\n38 &#8211; <a href= \" https:\/\/publication-evangelique.com\/?p=17766 \" >Le Saint-Esprit veut d\u00e9velopper en nous une marche dans le pardon<\/a><br \/>\n39 &#8211; <a href= \" https:\/\/publication-evangelique.com\/?p=17774 \" >Le Saint-Esprit veut d\u00e9velopper en nous une marche dans la lumi\u00e8re.<\/a><br \/>\n40 &#8211; <a href= \" https:\/\/publication-evangelique.com\/?p=17814 \" >Le Saint-Esprit veut d\u00e9velopper en nous la puret\u00e9 sexuelle et la fid\u00e9lit\u00e9 conjugale<\/a><br \/>\n41 &#8211; <a href= \" https:\/\/publication-evangelique.com\/?p=17827 \" >Le Saint-Esprit veut d\u00e9velopper en nous une marche avec des discours purs.<\/a><br \/>\n42 &#8211; <a href= \" https:\/\/publication-evangelique.com\/?p=17842 \" >Le Saint-Esprit veut nous apprendre \u00e0 laisser Dieu diriger notre vie, toute notre vie.<\/a><br \/>\n43 &#8211; <a href= \" https:\/\/publication-evangelique.com\/?p=17852 \" >Le Saint-Esprit veut d\u00e9velopper en nous une marche dans l\u2019amour<\/a><\/p>\n<p><strong>Les devoirs des sujets du royaume de Dieu<\/strong><br \/>\n44 &#8211; <a href= \" https:\/\/publication-evangelique.com\/?p=17874 \" >Le devoir d\u2019adorer Dieu seul.<\/a><br \/>\n45 &#8211; <a href= \" https:\/\/publication-evangelique.com\/?p=17887 \" >Le devoir de servir Dieu seul.<\/a><br \/>\n46 &#8211; <a href= \" https:\/\/publication-evangelique.com\/?p=17918 \" >Le devoir de la sanctification.<\/a><br \/>\n47 &#8211; <a href= \" https:\/\/publication-evangelique.com\/?p=17928 \" >Le devoir de garder une bonne communication avec Dieu.<\/a><br \/>\n48 &#8211; <a href= \" https:\/\/publication-evangelique.com\/?p=17944 \" >Le devoir d\u2019apprendre, de croire et de marcher selon la parole de Dieu.<\/a><br \/>\n49 &#8211; <a href= \" https:\/\/publication-evangelique.com\/?p=17978 \" >Le devoir de d\u00e9tester Satan, le monde et les p\u00e9ch\u00e9s de notre corps.<\/a><br \/>\n50 &#8211; <a href= \" https:\/\/publication-evangelique.com\/?p=18000 \" >Le devoir d\u2019\u00eatre toujours pr\u00eat et d\u2019attendre le retour de J\u00e9sus.<\/a><\/p>\n<p><strong>Les combats spirituels du royaume de Dieu.<\/strong><br \/>\n51 &#8211; <a href= \" https:\/\/publication-evangelique.com\/?p=18013 \" >Les combats spirituels du royaume de Dieu.<\/a><br \/>\n52 &#8211; <a href= \" https:\/\/publication-evangelique.com\/?p=18037 \" >Les combats spirituels et la victoire dans la vie de J\u00e9sus.<\/a><br \/>\n53 &#8211; <a href= \" https:\/\/publication-evangelique.com\/?p=18047 \" >Les combats spirituels dans la vie de tous.<\/a><br \/>\n54 &#8211; <a href= \" https:\/\/publication-evangelique.com\/?p=18055 \" >J\u00e9sus-Christ a vaincu la puissance des t\u00e9n\u00e8bres \u00e0 la croix.<\/a><br \/>\n55 &#8211; <a href= \" https:\/\/publication-evangelique.com\/?p=18076 \" >L\u2019autorit\u00e9 spirituelle et la puissance de Dieu qui accompagne les sujets du royaume.<\/a><br \/>\n55 &#8211; <a href= \" https:\/\/publication-evangelique.com\/?p=18084 \" >Quelques r\u00e9v\u00e9lations de la Bible sur les combats spirituels.<\/a><br \/>\n56 &#8211; <a href= \" https:\/\/publication-evangelique.com\/?p=18105 \" >Le pouvoir de gu\u00e9rir et de d\u00e9livrer donn\u00e9 \u00e0 l\u2019\u00e9glise.<\/a><br \/>\n57 &#8211; <a href= \" https:\/\/publication-evangelique.com\/?p=18126 \" >La foi dans le secours de Dieu.<\/a><br \/>\n58 &#8211; <a href= \" https:\/\/publication-evangelique.com\/?p=18142 \" >La pers\u00e9v\u00e9rance \u00e0 prier malgr\u00e9 les circonstances contraires.<\/a><br \/>\n59 &#8211; <a href= \" https:\/\/publication-evangelique.com\/?p=18151 \" >La pri\u00e8re d\u2019intercession par la foi, un combat spirituel efficace.<\/a><br \/>\n60 &#8211; <a href= \" https:\/\/publication-evangelique.com\/?p=18176 \" >La parole de Dieu, une arme efficace pour le combat spirituel.<\/a><br \/>\n61 &#8211; <a href= \" https:\/\/publication-evangelique.com\/?p=18185 \" >Le Saint-Esprit, l\u2019alli\u00e9 qui permet les victoires dans le combat spirituel.<\/a><br \/>\n62 &#8211; <a href= \" https:\/\/publication-evangelique.com\/?p=18210 \" >La puissance du sang de J\u00e9sus pour la victoire dans le combat spirituel.<\/a><br \/>\n63 &#8211; <a href= \" https:\/\/publication-evangelique.com\/?p=18229 \" >L\u2019armure de Dieu, donn\u00e9 pour la victoire dans le combat spirituel.<\/a><br \/>\n64 &#8211; <a href= \" https:\/\/publication-evangelique.com\/?p=18261 \" >Comment pr\u00e9venir et se pr\u00e9parer \u00e0 affronter le diable et les p\u00e9ch\u00e9s.<\/a><br \/>\n65 &#8211; <a href= \" https:\/\/publication-evangelique.com\/?p=18287 \" >Le combat spirituel pour la mise \u00e0 mort de notre chair.<\/a><br \/>\n66 &#8211; <a href= \" https:\/\/publication-evangelique.com\/?p=18324 \" >Le combat spirituel contre les sciences occultes.<\/a><br \/>\n67 &#8211; <a href= \" https:\/\/publication-evangelique.com\/?p=18337 \" >Le combat spirituel pour la foi qui a \u00e9t\u00e9 transmise aux saints.<\/a><br \/>\n68 &#8211; <a href= \" https:\/\/publication-evangelique.com\/?p=18345 \" >Le combat spirituel contre les faux J\u00e9sus<\/a><br \/>\n69 &#8211; <a href= \" https:\/\/publication-evangelique.com\/?p=18365 \" >Le combat spirituel contre les faux \u00e9vangiles.<\/a><br \/>\n70 &#8211; <a href= \" https:\/\/publication-evangelique.com\/?p=18376 \" >Le combat spirituel contre les autres esprits qui s\u2019infiltrent dans l\u2019\u00e9glise.<\/a><br \/>\n71 &#8211; <a href= \" https:\/\/publication-evangelique.com\/?p=18400 \" >Le combat spirituel contre les autres esprits dans notre vie.<\/a><br \/>\n72 &#8211; <a href= \" https:\/\/publication-evangelique.com\/?p=18454 \" >Pour le combat spirituel, Dieu se cherche des hommes et des femmes de foi.<\/a><br \/>\n73 &#8211; <a href= \" https:\/\/publication-evangelique.com\/?p=18445 \" >Pour le combat spirituel, nous devons \u00eatre arm\u00e9es de pers\u00e9v\u00e9rance.<\/a><\/p>\n<p><strong>Le combat spirituel par l&rsquo;\u00e9vang\u00e9lisation.<\/strong><br \/>\n74 &#8211; <a href= \" https:\/\/publication-evangelique.com\/?p=18474 \" >Le combat spirituel pour le salut des \u00e2mes.<\/a><br \/>\n75 &#8211; <a href= \" https:\/\/publication-evangelique.com\/?p=18482 \" >Le Seigneur appelle ses disciples \u00e0 r\u00e9pandre la bonne nouvelle.<\/a><br \/>\n76 &#8211; <a href= \" https:\/\/publication-evangelique.com\/?p=18526 \" >S\u2019engager \u00e0 combattre pour le salut des \u00e2mes.<\/a><br \/>\n77 &#8211; <a href= \" https:\/\/publication-evangelique.com\/?p=18535 \" >\u00c9vang\u00e9liser, c\u2019est confesser que nous croyons en J\u00e9sus.<\/a><br \/>\n78 &#8211; <a href= \" https:\/\/publication-evangelique.com\/?p=18545 \" >L\u2019\u00e9vangile, une puissance de Dieu pour sauver!<\/a><br \/>\n79 &#8211; <a href= \" https:\/\/publication-evangelique.com\/?p=18596 \" >Le Seigneur nous demande d\u2019\u00eatre courageux dans l\u2019\u00e9vang\u00e9lisation<\/a><br \/>\n80 &#8211; <a href= \" https:\/\/publication-evangelique.com\/?p=18600 \" >L\u2019importance d\u2019avoir un bon t\u00e9moignage dans l\u2019\u00e9vang\u00e9lisation.<\/a><\/p>\n<p>&#8212;&#8212;&#8212;&#8212;&#8212;&#8212;&#8212;&#8212;&#8212;<\/p>\n<p>Note: A part d&rsquo;une mention sp\u00e9ciale, toutes les citations bibliques<br \/>\nsont tir\u00e9es du texte de la traduction; Louis Segond 1910.<br \/>\n\u00a9 Tout droit r\u00e9serv\u00e9<\/p>\n<p>Produit par : Daniel Poulin<br \/>\n\u00c9dit\u00e9 par : <a href= \" https:\/\/publication-evangelique.com \" >https:\/\/publication-evangelique.com<\/a><\/p>\n<p>Adresse de ce blogue : <a href= \" https:\/\/publication-evangelique.com\/?page_id=17160 \" >https:\/\/publication-evangelique.com\/?page_id=17160<\/a><\/p>\n","protected":false},"excerpt":{"rendered":"<p>Nous allons regarder ensemble certaines versets qui nous parlent d&rsquo;un royaume cach\u00e9 Un royaume que Dieu a pr\u00e9par\u00e9 pour ceux qui l&rsquo;aime. Le Seigneur nous pr\u00e9pare \u00e0 entrer dans son royaume Nous pouvons y entrer par Yeshoua son Fils. Vous <span class=\"excerpt-dots\">&hellip;<\/span> <a class=\"more-link\" href=\"https:\/\/publication-evangelique.com\/?page_id=17160\"><span class=\"more-msg\">Lire la suite &rarr;<\/span><\/a><\/p>\n","protected":false},"author":1,"featured_media":14689,"parent":0,"menu_order":0,"comment_status":"closed","ping_status":"closed","template":"","meta":{"footnotes":""},"class_list":["post-17160","page","type-page","status-publish","has-post-thumbnail","hentry"],"yoast_head":"<!-- This site is optimized with the Yoast SEO plugin v27.5 - https:\/\/yoast.com\/product\/yoast-seo-wordpress\/ -->\n<title>Le royaume de Dieu - Publication \u00c9vang\u00e9lique<\/title>\n<meta name=\"robots\" content=\"index, follow, max-snippet:-1, max-image-preview:large, max-video-preview:-1\" \/>\n<link rel=\"canonical\" href=\"https:\/\/publication-evangelique.com\/?page_id=17160\" \/>\n<meta property=\"og:locale\" content=\"fr_FR\" \/>\n<meta property=\"og:type\" content=\"article\" \/>\n<meta property=\"og:title\" content=\"Le royaume de Dieu - Publication \u00c9vang\u00e9lique\" \/>\n<meta property=\"og:description\" content=\"Nous allons regarder ensemble certaines versets qui nous parlent d&rsquo;un royaume cach\u00e9 Un royaume que Dieu a pr\u00e9par\u00e9 pour ceux qui l&rsquo;aime. Le Seigneur nous pr\u00e9pare \u00e0 entrer dans son royaume Nous pouvons y entrer par Yeshoua son Fils. Vous &hellip; Lire la suite &rarr;\" \/>\n<meta property=\"og:url\" content=\"https:\/\/publication-evangelique.com\/?page_id=17160\" \/>\n<meta property=\"og:site_name\" content=\"Publication \u00c9vang\u00e9lique\" \/>\n<meta property=\"article:publisher\" content=\"https:\/\/www.facebook.com\/danielpoulin75\" \/>\n<meta property=\"article:modified_time\" content=\"2024-03-29T11:19:34+00:00\" \/>\n<meta property=\"og:image\" content=\"https:\/\/publication-evangelique.com\/wp-content\/uploads\/1407.jpg\" \/>\n\t<meta property=\"og:image:width\" content=\"1300\" \/>\n\t<meta property=\"og:image:height\" content=\"1055\" \/>\n\t<meta property=\"og:image:type\" content=\"image\/jpeg\" \/>\n<meta name=\"twitter:label1\" content=\"Dur\u00e9e de lecture estim\u00e9e\" \/>\n\t<meta name=\"twitter:data1\" content=\"6 minutes\" \/>\n<script type=\"application\/ld+json\" class=\"yoast-schema-graph\">{\"@context\":\"https:\\\/\\\/schema.org\",\"@graph\":[{\"@type\":\"WebPage\",\"@id\":\"https:\\\/\\\/publication-evangelique.com\\\/?page_id=17160\",\"url\":\"https:\\\/\\\/publication-evangelique.com\\\/?page_id=17160\",\"name\":\"Le royaume de Dieu - Publication \u00c9vang\u00e9lique\",\"isPartOf\":{\"@id\":\"https:\\\/\\\/publication-evangelique.com\\\/#website\"},\"primaryImageOfPage\":{\"@id\":\"https:\\\/\\\/publication-evangelique.com\\\/?page_id=17160#primaryimage\"},\"image\":{\"@id\":\"https:\\\/\\\/publication-evangelique.com\\\/?page_id=17160#primaryimage\"},\"thumbnailUrl\":\"https:\\\/\\\/publication-evangelique.com\\\/wp-content\\\/uploads\\\/1407.jpg\",\"datePublished\":\"2021-06-30T18:24:46+00:00\",\"dateModified\":\"2024-03-29T11:19:34+00:00\",\"breadcrumb\":{\"@id\":\"https:\\\/\\\/publication-evangelique.com\\\/?page_id=17160#breadcrumb\"},\"inLanguage\":\"fr-FR\",\"potentialAction\":[{\"@type\":\"ReadAction\",\"target\":[\"https:\\\/\\\/publication-evangelique.com\\\/?page_id=17160\"]}]},{\"@type\":\"ImageObject\",\"inLanguage\":\"fr-FR\",\"@id\":\"https:\\\/\\\/publication-evangelique.com\\\/?page_id=17160#primaryimage\",\"url\":\"https:\\\/\\\/publication-evangelique.com\\\/wp-content\\\/uploads\\\/1407.jpg\",\"contentUrl\":\"https:\\\/\\\/publication-evangelique.com\\\/wp-content\\\/uploads\\\/1407.jpg\",\"width\":1300,\"height\":1055},{\"@type\":\"BreadcrumbList\",\"@id\":\"https:\\\/\\\/publication-evangelique.com\\\/?page_id=17160#breadcrumb\",\"itemListElement\":[{\"@type\":\"ListItem\",\"position\":1,\"name\":\"Accueil\",\"item\":\"https:\\\/\\\/publication-evangelique.com\\\/\"},{\"@type\":\"ListItem\",\"position\":2,\"name\":\"Le royaume de Dieu\"}]},{\"@type\":\"WebSite\",\"@id\":\"https:\\\/\\\/publication-evangelique.com\\\/#website\",\"url\":\"https:\\\/\\\/publication-evangelique.com\\\/\",\"name\":\"Daniel Poulin - publication-evangelique.com\",\"description\":\"Daniel Poulin\",\"publisher\":{\"@id\":\"https:\\\/\\\/publication-evangelique.com\\\/#\\\/schema\\\/person\\\/a7aa86223ca614c8c1a737d18c95460c\"},\"potentialAction\":[{\"@type\":\"SearchAction\",\"target\":{\"@type\":\"EntryPoint\",\"urlTemplate\":\"https:\\\/\\\/publication-evangelique.com\\\/?s={search_term_string}\"},\"query-input\":{\"@type\":\"PropertyValueSpecification\",\"valueRequired\":true,\"valueName\":\"search_term_string\"}}],\"inLanguage\":\"fr-FR\"},{\"@type\":[\"Person\",\"Organization\"],\"@id\":\"https:\\\/\\\/publication-evangelique.com\\\/#\\\/schema\\\/person\\\/a7aa86223ca614c8c1a737d18c95460c\",\"name\":\"Daniel Poulin\",\"image\":{\"@type\":\"ImageObject\",\"inLanguage\":\"fr-FR\",\"@id\":\"https:\\\/\\\/publication-evangelique.com\\\/wp-content\\\/uploads\\\/daniel5-1.jpg\",\"url\":\"https:\\\/\\\/publication-evangelique.com\\\/wp-content\\\/uploads\\\/daniel5-1.jpg\",\"contentUrl\":\"https:\\\/\\\/publication-evangelique.com\\\/wp-content\\\/uploads\\\/daniel5-1.jpg\",\"width\":833,\"height\":969,\"caption\":\"Daniel Poulin\"},\"logo\":{\"@id\":\"https:\\\/\\\/publication-evangelique.com\\\/wp-content\\\/uploads\\\/daniel5-1.jpg\"},\"description\":\"Bonjour, ici Daniel Poulin! Je suis un chr\u00e9tien n\u00e9 de nouveau depuis 1980, ayant parcouru un cheminement avec le Seigneur J\u00e9sus-Christ, j'ai construit ce site afin de partager mes connaissances de la parole de Dieu \\\" La Bible \\\" Je travaille aussi au d\u00e9veloppement de la station de radio chr\u00e9tienne fran\u00e7aise \u00e0 Montr\u00e9al, \\\" La Radio Gospel \\\" que vous pouvez voir ici http:\\\/\\\/laradiogospel.ca Je fr\u00e9quente aussi une \u00e9glise, dont je pr\u00eache et j\u2019enseigne la parole de Dieu. La communaut\u00e9 \u00c9vang\u00e9lique de l'Agneau \\\" , voici l'adresse, http:\\\/\\\/communauteevangelique.ca\\\/\",\"sameAs\":[\"https:\\\/\\\/publication-evangelique.com\",\"https:\\\/\\\/www.facebook.com\\\/danielpoulin75\",\"https:\\\/\\\/www.linkedin.com\\\/in\\\/daniel-poulin-64614745\\\/\",\"https:\\\/\\\/x.com\\\/https:\\\/\\\/twitter.com\\\/Daniel_Poulin\",\"https:\\\/\\\/www.youtube.com\\\/user\\\/danielpoulin75\\\/videos\"]}]}<\/script>\n<!-- \/ Yoast SEO plugin. -->","yoast_head_json":{"title":"Le royaume de Dieu - Publication \u00c9vang\u00e9lique","robots":{"index":"index","follow":"follow","max-snippet":"max-snippet:-1","max-image-preview":"max-image-preview:large","max-video-preview":"max-video-preview:-1"},"canonical":"https:\/\/publication-evangelique.com\/?page_id=17160","og_locale":"fr_FR","og_type":"article","og_title":"Le royaume de Dieu - Publication \u00c9vang\u00e9lique","og_description":"Nous allons regarder ensemble certaines versets qui nous parlent d&rsquo;un royaume cach\u00e9 Un royaume que Dieu a pr\u00e9par\u00e9 pour ceux qui l&rsquo;aime. Le Seigneur nous pr\u00e9pare \u00e0 entrer dans son royaume Nous pouvons y entrer par Yeshoua son Fils. Vous &hellip; Lire la suite &rarr;","og_url":"https:\/\/publication-evangelique.com\/?page_id=17160","og_site_name":"Publication \u00c9vang\u00e9lique","article_publisher":"https:\/\/www.facebook.com\/danielpoulin75","article_modified_time":"2024-03-29T11:19:34+00:00","og_image":[{"width":1300,"height":1055,"url":"https:\/\/publication-evangelique.com\/wp-content\/uploads\/1407.jpg","type":"image\/jpeg"}],"twitter_misc":{"Dur\u00e9e de lecture estim\u00e9e":"6 minutes"},"schema":{"@context":"https:\/\/schema.org","@graph":[{"@type":"WebPage","@id":"https:\/\/publication-evangelique.com\/?page_id=17160","url":"https:\/\/publication-evangelique.com\/?page_id=17160","name":"Le royaume de Dieu - Publication \u00c9vang\u00e9lique","isPartOf":{"@id":"https:\/\/publication-evangelique.com\/#website"},"primaryImageOfPage":{"@id":"https:\/\/publication-evangelique.com\/?page_id=17160#primaryimage"},"image":{"@id":"https:\/\/publication-evangelique.com\/?page_id=17160#primaryimage"},"thumbnailUrl":"https:\/\/publication-evangelique.com\/wp-content\/uploads\/1407.jpg","datePublished":"2021-06-30T18:24:46+00:00","dateModified":"2024-03-29T11:19:34+00:00","breadcrumb":{"@id":"https:\/\/publication-evangelique.com\/?page_id=17160#breadcrumb"},"inLanguage":"fr-FR","potentialAction":[{"@type":"ReadAction","target":["https:\/\/publication-evangelique.com\/?page_id=17160"]}]},{"@type":"ImageObject","inLanguage":"fr-FR","@id":"https:\/\/publication-evangelique.com\/?page_id=17160#primaryimage","url":"https:\/\/publication-evangelique.com\/wp-content\/uploads\/1407.jpg","contentUrl":"https:\/\/publication-evangelique.com\/wp-content\/uploads\/1407.jpg","width":1300,"height":1055},{"@type":"BreadcrumbList","@id":"https:\/\/publication-evangelique.com\/?page_id=17160#breadcrumb","itemListElement":[{"@type":"ListItem","position":1,"name":"Accueil","item":"https:\/\/publication-evangelique.com\/"},{"@type":"ListItem","position":2,"name":"Le royaume de Dieu"}]},{"@type":"WebSite","@id":"https:\/\/publication-evangelique.com\/#website","url":"https:\/\/publication-evangelique.com\/","name":"Daniel Poulin - publication-evangelique.com","description":"Daniel Poulin","publisher":{"@id":"https:\/\/publication-evangelique.com\/#\/schema\/person\/a7aa86223ca614c8c1a737d18c95460c"},"potentialAction":[{"@type":"SearchAction","target":{"@type":"EntryPoint","urlTemplate":"https:\/\/publication-evangelique.com\/?s={search_term_string}"},"query-input":{"@type":"PropertyValueSpecification","valueRequired":true,"valueName":"search_term_string"}}],"inLanguage":"fr-FR"},{"@type":["Person","Organization"],"@id":"https:\/\/publication-evangelique.com\/#\/schema\/person\/a7aa86223ca614c8c1a737d18c95460c","name":"Daniel Poulin","image":{"@type":"ImageObject","inLanguage":"fr-FR","@id":"https:\/\/publication-evangelique.com\/wp-content\/uploads\/daniel5-1.jpg","url":"https:\/\/publication-evangelique.com\/wp-content\/uploads\/daniel5-1.jpg","contentUrl":"https:\/\/publication-evangelique.com\/wp-content\/uploads\/daniel5-1.jpg","width":833,"height":969,"caption":"Daniel Poulin"},"logo":{"@id":"https:\/\/publication-evangelique.com\/wp-content\/uploads\/daniel5-1.jpg"},"description":"Bonjour, ici Daniel Poulin! Je suis un chr\u00e9tien n\u00e9 de nouveau depuis 1980, ayant parcouru un cheminement avec le Seigneur J\u00e9sus-Christ, j'ai construit ce site afin de partager mes connaissances de la parole de Dieu \" La Bible \" Je travaille aussi au d\u00e9veloppement de la station de radio chr\u00e9tienne fran\u00e7aise \u00e0 Montr\u00e9al, \" La Radio Gospel \" que vous pouvez voir ici http:\/\/laradiogospel.ca Je fr\u00e9quente aussi une \u00e9glise, dont je pr\u00eache et j\u2019enseigne la parole de Dieu. La communaut\u00e9 \u00c9vang\u00e9lique de l'Agneau \" , voici l'adresse, http:\/\/communauteevangelique.ca\/","sameAs":["https:\/\/publication-evangelique.com","https:\/\/www.facebook.com\/danielpoulin75","https:\/\/www.linkedin.com\/in\/daniel-poulin-64614745\/","https:\/\/x.com\/https:\/\/twitter.com\/Daniel_Poulin","https:\/\/www.youtube.com\/user\/danielpoulin75\/videos"]}]}},"_links":{"self":[{"href":"https:\/\/publication-evangelique.com\/index.php?rest_route=\/wp\/v2\/pages\/17160","targetHints":{"allow":["GET"]}}],"collection":[{"href":"https:\/\/publication-evangelique.com\/index.php?rest_route=\/wp\/v2\/pages"}],"about":[{"href":"https:\/\/publication-evangelique.com\/index.php?rest_route=\/wp\/v2\/types\/page"}],"author":[{"embeddable":true,"href":"https:\/\/publication-evangelique.com\/index.php?rest_route=\/wp\/v2\/users\/1"}],"replies":[{"embeddable":true,"href":"https:\/\/publication-evangelique.com\/index.php?rest_route=%2Fwp%2Fv2%2Fcomments&post=17160"}],"version-history":[{"count":0,"href":"https:\/\/publication-evangelique.com\/index.php?rest_route=\/wp\/v2\/pages\/17160\/revisions"}],"wp:featuredmedia":[{"embeddable":true,"href":"https:\/\/publication-evangelique.com\/index.php?rest_route=\/wp\/v2\/media\/14689"}],"wp:attachment":[{"href":"https:\/\/publication-evangelique.com\/index.php?rest_route=%2Fwp%2Fv2%2Fmedia&parent=17160"}],"curies":[{"name":"wp","href":"https:\/\/api.w.org\/{rel}","templated":true}]}}