{"id":17507,"date":"2022-01-10T10:45:44","date_gmt":"2022-01-10T15:45:44","guid":{"rendered":"http:\/\/publication-evangelique.com\/?page_id=17507"},"modified":"2022-12-20T17:22:09","modified_gmt":"2022-12-20T22:22:09","slug":"emission-de-radio-radio-evangelique-2022","status":"publish","type":"page","link":"https:\/\/publication-evangelique.com\/?page_id=17507","title":{"rendered":"\u00c9mission de radio \u00a0\u00bb Radio \u00c9vang\u00e9lique \u00a0\u00bb 2022"},"content":{"rendered":"<p>Vous pourrez \u00e9couter <strong>Daniel Poulin<\/strong> sur les ondes<br \/>\nde la station<strong> La Radio Gospel 1650 AM<\/strong> \u00e0 Montr\u00e9al<br \/>\nou sur internet sur <a title= \" laradiogospel.ca \" href= \" http:\/\/laradiogospel.ca \" target= \" _blank \" rel= \" noopener noreferrer \" >http:\/\/laradiogospel.ca<\/a>.<\/p>\n<p>&nbsp;<\/p>\n<p>&nbsp;<\/p>\n<p>&nbsp;<\/p>\n<p>&nbsp;<\/p>\n<p>&nbsp;<br \/>\n<strong>Toutes les <strong>archives<\/strong> des \u00e9missions 2022 sont gard\u00e9s dans cette page.<\/strong><\/p>\n<table border= \" 0 \" align= \" center \" style= \" width:90% \" >\n<tr valign= \" top \" >\n<td>\n<a title= \" 16 d\u00e9cembre \" href= \" https:\/\/publication-evangelique.com\/?p=18203 \" target= \" _blank \" juillet rel= \" noopener noreferrer \" >Rien que la bible, juste la bible et toute la bible \u2013 2e partie<\/a><br \/>\n<a title= \" 9 d\u00e9cembre \" href= \" https:\/\/publication-evangelique.com\/?p=18189 \" target= \" _blank \" juillet rel= \" noopener noreferrer \" >Rien que la bible, juste la bible et toute la bible \u2013 1e partie<\/a><\/p>\n<p><a title= \" 2 d\u00e9cembre \" href= \" https:\/\/publication-evangelique.com\/?p=18181 \" target= \" _blank \" juillet rel= \" noopener noreferrer \" >Pourquoi Dieu permet-il les \u00e9preuves? \u2013 4e partie<\/a><br \/>\n<a title= \" 25 novembre \" href= \" https:\/\/publication-evangelique.com\/?p=18162 \" target= \" _blank \" juillet rel= \" noopener noreferrer \" >Pourquoi Dieu permet-il les \u00e9preuves? \u2013 3e partie<\/a><br \/>\n<a title= \" 18 novembre \" href= \" https:\/\/publication-evangelique.com\/?p=18147 \" target= \" _blank \" juillet rel= \" noopener noreferrer \" >Pourquoi Dieu permet-il les \u00e9preuves? \u2013 2e partie<\/a><br \/>\n<a title= \" 11 novembre \" href= \" https:\/\/publication-evangelique.com\/?p=18138 \" target= \" _blank \" juillet rel= \" noopener noreferrer \" >Pourquoi Dieu permet-il les \u00e9preuves? \u2013 1e partie<\/a><\/p>\n<p><a title= \" 4 novembre \" href= \" https:\/\/publication-evangelique.com\/?p=18101 \" target= \" _blank \" juillet rel= \" noopener noreferrer \" >Comment prier selon la volont\u00e9 de Dieu? \u2013 4e partie<\/a><br \/>\n<a title= \" 28 octobre \" href= \" https:\/\/publication-evangelique.com\/?p=18101 \" target= \" _blank \" juillet rel= \" noopener noreferrer \" >Comment prier selon la volont\u00e9 de Dieu? \u2013 3e partie<\/a><br \/>\n<a title= \" 21 octobre \" href= \" https:\/\/publication-evangelique.com\/?p=18080 \" target= \" _blank \" juillet rel= \" noopener noreferrer \" >Comment prier selon la volont\u00e9 de Dieu? \u2013 2e partie<\/a><br \/>\n<a title= \" 14 octobre \" href= \" https:\/\/publication-evangelique.com\/?p=18073 \" target= \" _blank \" juillet rel= \" noopener noreferrer \" >Comment prier selon la volont\u00e9 de Dieu? \u2013 1e partie<\/a><\/p>\n<p><a title= \" 7 octobre \" href= \" https:\/\/publication-evangelique.com\/?p=18051 \" target= \" _blank \" juillet rel= \" noopener noreferrer \" >Comment va ta flame? \u2013 3e partie<\/a><br \/>\n<a title= \" 30 septembre \" href= \" https:\/\/publication-evangelique.com\/?p=18042 \" target= \" _blank \" juillet rel= \" noopener noreferrer \" >Comment va ta flame? \u2013 2e partie<\/a><br \/>\n<a title= \" 23 septembre \" href= \" https:\/\/publication-evangelique.com\/?p=18031 \" target= \" _blank \" juillet rel= \" noopener noreferrer \" >Comment va ta flame? \u2013 1e partie<\/a><\/p>\n<p><a title= \" 16 septembre \" href= \" https:\/\/publication-evangelique.com\/?p=18009 \" target= \" _blank \" juillet rel= \" noopener noreferrer \" >Comment faire confiance \u00e0 Dieu! \u2013 3e partie<\/a><br \/>\n<a title= \" 9 septembre \" href= \" https:\/\/publication-evangelique.com\/?p=17993 \" target= \" _blank \" juillet rel= \" noopener noreferrer \" >Comment faire confiance \u00e0 Dieu! \u2013 2e partie<\/a><br \/>\n<a title= \" 2 septembre \" href= \" https:\/\/publication-evangelique.com\/?p=17984 \" target= \" _blank \" juillet rel= \" noopener noreferrer \" >Comment faire confiance \u00e0 Dieu! \u2013 1e partie<\/a><\/p>\n<p><a title= \" 26 aout \" href= \" https:\/\/publication-evangelique.com\/?p=17974 \" target= \" _blank \" juillet rel= \" noopener noreferrer \" >Comment avancer dans le Seigneur avec courage. \u2013 4e partie<\/a><br \/>\n<a title= \" 19 aout \" href= \" https:\/\/publication-evangelique.com\/?p=17955 \" target= \" _blank \" juillet rel= \" noopener noreferrer \" >Comment avancer dans le Seigneur avec courage. \u2013 3e partie<\/a><br \/>\n<a title= \" 12 aout \" href= \" https:\/\/publication-evangelique.com\/?p=17949 \" target= \" _blank \" juillet rel= \" noopener noreferrer \" >Comment avancer dans le Seigneur avec courage. \u2013 2e partie<\/a><br \/>\n<a title= \" 5 aout \" href= \" https:\/\/publication-evangelique.com\/?p=17935 \" target= \" _blank \" juillet rel= \" noopener noreferrer \" >Comment avancer dans le Seigneur avec courage. \u2013 1e partie<\/a><\/p>\n<p><a title= \" 29 juillet \" href= \" https:\/\/publication-evangelique.com\/?p=17924 \" target= \" _blank \" juillet rel= \" noopener noreferrer \" >Enl\u00e8vement de l&rsquo;\u00c9glise et la fermeture porte de la gr\u00e2ce \u2013 5e partie<\/a><br \/>\n<a title= \" 22 juillet \" href= \" https:\/\/publication-evangelique.com\/?p=17906 \" target= \" _blank \" juillet rel= \" noopener noreferrer \" >Enl\u00e8vement de l&rsquo;\u00c9glise et la fermeture porte de la gr\u00e2ce \u2013 4e partie<\/a><br \/>\n<a title= \" 15 juillet \" href= \" https:\/\/publication-evangelique.com\/?p=17879 \" target= \" _blank \" juillet rel= \" noopener noreferrer \" >Enl\u00e8vement de l&rsquo;\u00c9glise et la fermeture porte de la gr\u00e2ce \u2013 3e partie<\/a><br \/>\n<a title= \" 8 juillet \" href= \" https:\/\/publication-evangelique.com\/?p=17870 \" target= \" _blank \" juillet rel= \" noopener noreferrer \" >Enl\u00e8vement de l&rsquo;\u00c9glise et la fermeture porte de la gr\u00e2ce \u2013 2e partie<\/a><br \/>\n<a title= \" 2 juillet \" href= \" https:\/\/publication-evangelique.com\/?p=17832 \" target= \" _blank \" juillet rel= \" noopener noreferrer \" >Enl\u00e8vement de l&rsquo;\u00c9glise et la fermeture porte de la gr\u00e2ce \u2013 1e partie<\/a><br \/>\n&nbsp;<\/td>\n<td>\n<a title= \" 24 juin \" href= \" https:\/\/publication-evangelique.com\/?p=17832 \" target= \" _blank \" juillet rel= \" noopener noreferrer \" >Le retour du Seigneur et l\u2019enl\u00e8vement de l\u2019\u00e9glise? \u2013 4e partie<\/a><br \/>\n<a title= \" 17 juin \" href= \" https:\/\/publication-evangelique.com\/?p=17819 \" target= \" _blank \" juillet rel= \" noopener noreferrer \" >Le retour du Seigneur et l\u2019enl\u00e8vement de l\u2019\u00e9glise? \u2013 3e partie<\/a><br \/>\n<a title= \" 10 juin \" href= \" https:\/\/publication-evangelique.com\/?p=17809 \" target= \" _blank \" juillet rel= \" noopener noreferrer \" >Le retour du Seigneur et l\u2019enl\u00e8vement de l\u2019\u00e9glise? \u2013 2e partie<\/a><br \/>\n<a title= \" 3 juin \" href= \" https:\/\/publication-evangelique.com\/?p=17786 \" target= \" _blank \" juillet rel= \" noopener noreferrer \" >Le retour du Seigneur et l\u2019enl\u00e8vement de l\u2019\u00e9glise? \u2013 1e partie<\/a><\/p>\n<p><a title= \" 27 mai \" href= \" https:\/\/publication-evangelique.com\/?p=17779 \" target= \" _blank \" juillet rel= \" noopener noreferrer \" >Connaissez-vous celui qui existe depuis l\u2019\u00c9ternit\u00e9? \u2013 2e partie<\/a><br \/>\n<a title= \" 20 mai \" href= \" https:\/\/publication-evangelique.com\/?p=17770 \" target= \" _blank \" juillet rel= \" noopener noreferrer \" >Connaissez-vous celui qui existe depuis l\u2019\u00c9ternit\u00e9? \u2013 1e partie<\/a><\/p>\n<p><a title= \" 13 mai \" href= \" https:\/\/publication-evangelique.com\/?p=17762 \" target= \" _blank \" juillet rel= \" noopener noreferrer \" >Les 7 lois spirituelles, septi\u00e8me v\u00e9rit\u00e9 \u2013 5e partie<\/a><br \/>\n<a title= \" 6 mai \" href= \" https:\/\/publication-evangelique.com\/?p=17743 \" target= \" _blank \" juillet rel= \" noopener noreferrer \" >Les 7 lois spirituelles, septi\u00e8me v\u00e9rit\u00e9 \u2013 4e partie<\/a><br \/>\n<a title= \" 29 avril \" href= \" https:\/\/publication-evangelique.com\/?p=17733 \" target= \" _blank \" juillet rel= \" noopener noreferrer \" >Les 7 lois spirituelles, septi\u00e8me v\u00e9rit\u00e9 \u2013 3e partie<\/a><br \/>\n<a title= \" 22 avril \" href= \" https:\/\/publication-evangelique.com\/?p=17719 \" target= \" _blank \" juillet rel= \" noopener noreferrer \" >Les 7 lois spirituelles, septi\u00e8me v\u00e9rit\u00e9 \u2013 2e partie<\/a><\/p>\n<p><a title= \" 15 avril \" href= \" https:\/\/publication-evangelique.com\/?p=17704 \" target= \" _blank \" juillet rel= \" noopener noreferrer \" >P\u00e2ques, la mort de Dieu fait chair, pour notre salut.<\/a><\/p>\n<p><a title= \" 8 avril \" href= \" https:\/\/publication-evangelique.com\/?p=17694 \" target= \" _blank \" juillet rel= \" noopener noreferrer \" >Les 7 lois spirituelles, septi\u00e8me v\u00e9rit\u00e9 \u2013 1e partie<\/a><\/p>\n<p><a title= \" 1 avril \" href= \" https:\/\/publication-evangelique.com\/?p=17682 \" target= \" _blank \" juillet rel= \" noopener noreferrer \" >Les 7 lois spirituelles, sixi\u00e8me v\u00e9rit\u00e9 \u20138e partie<\/a><br \/>\n<a title= \" 25 mars \" href= \" https:\/\/publication-evangelique.com\/?p=17660 \" target= \" _blank \" juillet rel= \" noopener noreferrer \" >Les 7 lois spirituelles, sixi\u00e8me v\u00e9rit\u00e9 \u20137e partie<\/a><br \/>\n<a title= \" 18 mars \" href= \" https:\/\/publication-evangelique.com\/?p=17660 \" target= \" _blank \" juillet rel= \" noopener noreferrer \" >Les 7 lois spirituelles, sixi\u00e8me v\u00e9rit\u00e9 \u20136e partie<\/a><br \/>\n<a title= \" 11 mars \" href= \" https:\/\/publication-evangelique.com\/?p=17645 \" target= \" _blank \" juillet rel= \" noopener noreferrer \" >Les 7 lois spirituelles, sixi\u00e8me v\u00e9rit\u00e9 \u20135e partie<\/a><br \/>\n<a title= \" 4 mard \" href= \" https:\/\/publication-evangelique.com\/?p=17631 \" target= \" _blank \" juillet rel= \" noopener noreferrer \" >Les 7 lois spirituelles, sixi\u00e8me v\u00e9rit\u00e9 \u20134e partie<\/a><br \/>\n<a title= \" 25 f\u00e9vrier \" href= \" https:\/\/publication-evangelique.com\/?p=17604 \" target= \" _blank \" juillet rel= \" noopener noreferrer \" >Les 7 lois spirituelles, sixi\u00e8me v\u00e9rit\u00e9 \u20133e partie<\/a><br \/>\n<a title= \" 18 f\u00e9vrier \" href= \" https:\/\/publication-evangelique.com\/?p=17604 \" target= \" _blank \" juillet rel= \" noopener noreferrer \" >Les 7 lois spirituelles, sixi\u00e8me v\u00e9rit\u00e9 \u20132e partie<\/a><br \/>\n<a title= \" 11 f\u00e9vrier \" href= \" https:\/\/publication-evangelique.com\/?p=17597 \" target= \" _blank \" juillet rel= \" noopener noreferrer \" >Les 7 lois spirituelles, sixi\u00e8me v\u00e9rit\u00e9 \u20131e partie<\/a><\/p>\n<p><a title= \" 4 f\u00e9vrier \" href= \" https:\/\/publication-evangelique.com\/?p=17584 \" target= \" _blank \" juillet rel= \" noopener noreferrer \" >Les 7 lois spirituelles, cinqui\u00e8me v\u00e9rit\u00e9 \u2013 7e partie<\/a><br \/>\n<a title= \" 28 janvier \" href= \" https:\/\/publication-evangelique.com\/?p=17565 \" target= \" _blank \" juillet rel= \" noopener noreferrer \" >Les 7 lois spirituelles, cinqui\u00e8me v\u00e9rit\u00e9 \u2013 6e partie<\/a><br \/>\n<a title= \" 2 f\u00e9vrier \" href= \" https:\/\/publication-evangelique.com\/?p=17549 \" target= \" _blank \" juillet rel= \" noopener noreferrer \" >Les 7 lois spirituelles, cinqui\u00e8me v\u00e9rit\u00e9 \u2013 5e partie<\/a><br \/>\n<a title= \" 14 janvier \" href= \" https:\/\/publication-evangelique.com\/?p=17538 \" target= \" _blank \" juillet rel= \" noopener noreferrer \" >Les 7 lois spirituelles, cinqui\u00e8me v\u00e9rit\u00e9 \u2013 4e partie<\/a><br \/>\n<a title= \" 7 janvier \" href= \" https:\/\/publication-evangelique.com\/?p=17519 \" target= \" _blank \" juillet rel= \" noopener noreferrer \" >Les 7 lois spirituelles, cinqui\u00e8me v\u00e9rit\u00e9 \u2013 3e partier<\/a><\/p>\n<\/td>\n<\/tr>\n<\/tbody>\n<\/table>\n<p><\/br><\/br><\/p>\n<p>Daniel Poulin<br \/>\n<a title= \" Publication \u00c9vang\u00e9lique \" href= \" https:\/\/publication-evangelique.com \" target= \" _blank \" rel= \" noopener noreferrer \" >https:\/\/publication-evangelique.com<\/a><\/p>\n","protected":false},"excerpt":{"rendered":"<p>Vous pourrez \u00e9couter Daniel Poulin sur les ondes de la station La Radio Gospel 1650 AM \u00e0 Montr\u00e9al ou sur internet sur http:\/\/laradiogospel.ca. &nbsp; &nbsp; &nbsp; &nbsp; &nbsp; Toutes les archives des \u00e9missions 2022 sont gard\u00e9s dans cette page. Rien <span class=\"excerpt-dots\">&hellip;<\/span> <a class=\"more-link\" href=\"https:\/\/publication-evangelique.com\/?page_id=17507\"><span class=\"more-msg\">Lire la suite &rarr;<\/span><\/a><\/p>\n","protected":false},"author":1,"featured_media":13199,"parent":0,"menu_order":0,"comment_status":"closed","ping_status":"closed","template":"","meta":{"footnotes":""},"class_list":["post-17507","page","type-page","status-publish","has-post-thumbnail","hentry"],"yoast_head":"<!-- This site is optimized with the Yoast SEO plugin v27.4 - https:\/\/yoast.com\/product\/yoast-seo-wordpress\/ -->\n<title>\u00c9mission de radio &quot; Radio \u00c9vang\u00e9lique &quot; 2022 - Publication \u00c9vang\u00e9lique<\/title>\n<meta name=\"robots\" content=\"index, follow, max-snippet:-1, max-image-preview:large, max-video-preview:-1\" \/>\n<link rel=\"canonical\" href=\"https:\/\/publication-evangelique.com\/?page_id=17507\" \/>\n<meta property=\"og:locale\" content=\"fr_FR\" \/>\n<meta property=\"og:type\" content=\"article\" \/>\n<meta property=\"og:title\" content=\"\u00c9mission de radio &quot; Radio \u00c9vang\u00e9lique &quot; 2022 - Publication \u00c9vang\u00e9lique\" \/>\n<meta property=\"og:description\" content=\"Vous pourrez \u00e9couter Daniel Poulin sur les ondes de la station La Radio Gospel 1650 AM \u00e0 Montr\u00e9al ou sur internet sur http:\/\/laradiogospel.ca. &nbsp; &nbsp; &nbsp; &nbsp; &nbsp; Toutes les archives des \u00e9missions 2022 sont gard\u00e9s dans cette page. Rien &hellip; Lire la suite &rarr;\" \/>\n<meta property=\"og:url\" content=\"https:\/\/publication-evangelique.com\/?page_id=17507\" \/>\n<meta property=\"og:site_name\" content=\"Publication \u00c9vang\u00e9lique\" \/>\n<meta property=\"article:publisher\" content=\"https:\/\/www.facebook.com\/danielpoulin75\" \/>\n<meta property=\"article:modified_time\" content=\"2022-12-20T22:22:09+00:00\" \/>\n<meta property=\"og:image\" content=\"https:\/\/publication-evangelique.com\/wp-content\/uploads\/radioevangelique.jpg\" \/>\n\t<meta property=\"og:image:width\" content=\"1280\" \/>\n\t<meta property=\"og:image:height\" content=\"960\" \/>\n\t<meta property=\"og:image:type\" content=\"image\/jpeg\" \/>\n<meta name=\"twitter:label1\" content=\"Dur\u00e9e de lecture estim\u00e9e\" \/>\n\t<meta name=\"twitter:data1\" content=\"3 minutes\" \/>\n<script type=\"application\/ld+json\" class=\"yoast-schema-graph\">{\"@context\":\"https:\\\/\\\/schema.org\",\"@graph\":[{\"@type\":\"WebPage\",\"@id\":\"https:\\\/\\\/publication-evangelique.com\\\/?page_id=17507\",\"url\":\"https:\\\/\\\/publication-evangelique.com\\\/?page_id=17507\",\"name\":\"\u00c9mission de radio \\\" Radio \u00c9vang\u00e9lique \\\" 2022 - Publication \u00c9vang\u00e9lique\",\"isPartOf\":{\"@id\":\"https:\\\/\\\/publication-evangelique.com\\\/#website\"},\"primaryImageOfPage\":{\"@id\":\"https:\\\/\\\/publication-evangelique.com\\\/?page_id=17507#primaryimage\"},\"image\":{\"@id\":\"https:\\\/\\\/publication-evangelique.com\\\/?page_id=17507#primaryimage\"},\"thumbnailUrl\":\"https:\\\/\\\/publication-evangelique.com\\\/wp-content\\\/uploads\\\/radioevangelique.jpg\",\"datePublished\":\"2022-01-10T15:45:44+00:00\",\"dateModified\":\"2022-12-20T22:22:09+00:00\",\"breadcrumb\":{\"@id\":\"https:\\\/\\\/publication-evangelique.com\\\/?page_id=17507#breadcrumb\"},\"inLanguage\":\"fr-FR\",\"potentialAction\":[{\"@type\":\"ReadAction\",\"target\":[\"https:\\\/\\\/publication-evangelique.com\\\/?page_id=17507\"]}]},{\"@type\":\"ImageObject\",\"inLanguage\":\"fr-FR\",\"@id\":\"https:\\\/\\\/publication-evangelique.com\\\/?page_id=17507#primaryimage\",\"url\":\"https:\\\/\\\/publication-evangelique.com\\\/wp-content\\\/uploads\\\/radioevangelique.jpg\",\"contentUrl\":\"https:\\\/\\\/publication-evangelique.com\\\/wp-content\\\/uploads\\\/radioevangelique.jpg\",\"width\":1280,\"height\":960},{\"@type\":\"BreadcrumbList\",\"@id\":\"https:\\\/\\\/publication-evangelique.com\\\/?page_id=17507#breadcrumb\",\"itemListElement\":[{\"@type\":\"ListItem\",\"position\":1,\"name\":\"Accueil\",\"item\":\"https:\\\/\\\/publication-evangelique.com\\\/\"},{\"@type\":\"ListItem\",\"position\":2,\"name\":\"\u00c9mission de radio \u00ab\u00a0Radio \u00c9vang\u00e9lique\u00a0\u00bb 2022\"}]},{\"@type\":\"WebSite\",\"@id\":\"https:\\\/\\\/publication-evangelique.com\\\/#website\",\"url\":\"https:\\\/\\\/publication-evangelique.com\\\/\",\"name\":\"Daniel Poulin - publication-evangelique.com\",\"description\":\"Daniel Poulin\",\"publisher\":{\"@id\":\"https:\\\/\\\/publication-evangelique.com\\\/#\\\/schema\\\/person\\\/a7aa86223ca614c8c1a737d18c95460c\"},\"potentialAction\":[{\"@type\":\"SearchAction\",\"target\":{\"@type\":\"EntryPoint\",\"urlTemplate\":\"https:\\\/\\\/publication-evangelique.com\\\/?s={search_term_string}\"},\"query-input\":{\"@type\":\"PropertyValueSpecification\",\"valueRequired\":true,\"valueName\":\"search_term_string\"}}],\"inLanguage\":\"fr-FR\"},{\"@type\":[\"Person\",\"Organization\"],\"@id\":\"https:\\\/\\\/publication-evangelique.com\\\/#\\\/schema\\\/person\\\/a7aa86223ca614c8c1a737d18c95460c\",\"name\":\"Daniel Poulin\",\"image\":{\"@type\":\"ImageObject\",\"inLanguage\":\"fr-FR\",\"@id\":\"https:\\\/\\\/publication-evangelique.com\\\/wp-content\\\/uploads\\\/daniel5-1.jpg\",\"url\":\"https:\\\/\\\/publication-evangelique.com\\\/wp-content\\\/uploads\\\/daniel5-1.jpg\",\"contentUrl\":\"https:\\\/\\\/publication-evangelique.com\\\/wp-content\\\/uploads\\\/daniel5-1.jpg\",\"width\":833,\"height\":969,\"caption\":\"Daniel Poulin\"},\"logo\":{\"@id\":\"https:\\\/\\\/publication-evangelique.com\\\/wp-content\\\/uploads\\\/daniel5-1.jpg\"},\"description\":\"Bonjour, ici Daniel Poulin! Je suis un chr\u00e9tien n\u00e9 de nouveau depuis 1980, ayant parcouru un cheminement avec le Seigneur J\u00e9sus-Christ, j'ai construit ce site afin de partager mes connaissances de la parole de Dieu \\\" La Bible \\\" Je travaille aussi au d\u00e9veloppement de la station de radio chr\u00e9tienne fran\u00e7aise \u00e0 Montr\u00e9al, \\\" La Radio Gospel \\\" que vous pouvez voir ici http:\\\/\\\/laradiogospel.ca Je fr\u00e9quente aussi une \u00e9glise, dont je pr\u00eache et j\u2019enseigne la parole de Dieu. La communaut\u00e9 \u00c9vang\u00e9lique de l'Agneau \\\" , voici l'adresse, http:\\\/\\\/communauteevangelique.ca\\\/\",\"sameAs\":[\"https:\\\/\\\/publication-evangelique.com\",\"https:\\\/\\\/www.facebook.com\\\/danielpoulin75\",\"https:\\\/\\\/www.linkedin.com\\\/in\\\/daniel-poulin-64614745\\\/\",\"https:\\\/\\\/x.com\\\/https:\\\/\\\/twitter.com\\\/Daniel_Poulin\",\"https:\\\/\\\/www.youtube.com\\\/user\\\/danielpoulin75\\\/videos\"]}]}<\/script>\n<!-- \/ Yoast SEO plugin. -->","yoast_head_json":{"title":"\u00c9mission de radio \" Radio \u00c9vang\u00e9lique \" 2022 - Publication \u00c9vang\u00e9lique","robots":{"index":"index","follow":"follow","max-snippet":"max-snippet:-1","max-image-preview":"max-image-preview:large","max-video-preview":"max-video-preview:-1"},"canonical":"https:\/\/publication-evangelique.com\/?page_id=17507","og_locale":"fr_FR","og_type":"article","og_title":"\u00c9mission de radio \" Radio \u00c9vang\u00e9lique \" 2022 - Publication \u00c9vang\u00e9lique","og_description":"Vous pourrez \u00e9couter Daniel Poulin sur les ondes de la station La Radio Gospel 1650 AM \u00e0 Montr\u00e9al ou sur internet sur http:\/\/laradiogospel.ca. &nbsp; &nbsp; &nbsp; &nbsp; &nbsp; Toutes les archives des \u00e9missions 2022 sont gard\u00e9s dans cette page. Rien &hellip; Lire la suite &rarr;","og_url":"https:\/\/publication-evangelique.com\/?page_id=17507","og_site_name":"Publication \u00c9vang\u00e9lique","article_publisher":"https:\/\/www.facebook.com\/danielpoulin75","article_modified_time":"2022-12-20T22:22:09+00:00","og_image":[{"width":1280,"height":960,"url":"https:\/\/publication-evangelique.com\/wp-content\/uploads\/radioevangelique.jpg","type":"image\/jpeg"}],"twitter_misc":{"Dur\u00e9e de lecture estim\u00e9e":"3 minutes"},"schema":{"@context":"https:\/\/schema.org","@graph":[{"@type":"WebPage","@id":"https:\/\/publication-evangelique.com\/?page_id=17507","url":"https:\/\/publication-evangelique.com\/?page_id=17507","name":"\u00c9mission de radio \" Radio \u00c9vang\u00e9lique \" 2022 - Publication \u00c9vang\u00e9lique","isPartOf":{"@id":"https:\/\/publication-evangelique.com\/#website"},"primaryImageOfPage":{"@id":"https:\/\/publication-evangelique.com\/?page_id=17507#primaryimage"},"image":{"@id":"https:\/\/publication-evangelique.com\/?page_id=17507#primaryimage"},"thumbnailUrl":"https:\/\/publication-evangelique.com\/wp-content\/uploads\/radioevangelique.jpg","datePublished":"2022-01-10T15:45:44+00:00","dateModified":"2022-12-20T22:22:09+00:00","breadcrumb":{"@id":"https:\/\/publication-evangelique.com\/?page_id=17507#breadcrumb"},"inLanguage":"fr-FR","potentialAction":[{"@type":"ReadAction","target":["https:\/\/publication-evangelique.com\/?page_id=17507"]}]},{"@type":"ImageObject","inLanguage":"fr-FR","@id":"https:\/\/publication-evangelique.com\/?page_id=17507#primaryimage","url":"https:\/\/publication-evangelique.com\/wp-content\/uploads\/radioevangelique.jpg","contentUrl":"https:\/\/publication-evangelique.com\/wp-content\/uploads\/radioevangelique.jpg","width":1280,"height":960},{"@type":"BreadcrumbList","@id":"https:\/\/publication-evangelique.com\/?page_id=17507#breadcrumb","itemListElement":[{"@type":"ListItem","position":1,"name":"Accueil","item":"https:\/\/publication-evangelique.com\/"},{"@type":"ListItem","position":2,"name":"\u00c9mission de radio \u00ab\u00a0Radio \u00c9vang\u00e9lique\u00a0\u00bb 2022"}]},{"@type":"WebSite","@id":"https:\/\/publication-evangelique.com\/#website","url":"https:\/\/publication-evangelique.com\/","name":"Daniel Poulin - publication-evangelique.com","description":"Daniel Poulin","publisher":{"@id":"https:\/\/publication-evangelique.com\/#\/schema\/person\/a7aa86223ca614c8c1a737d18c95460c"},"potentialAction":[{"@type":"SearchAction","target":{"@type":"EntryPoint","urlTemplate":"https:\/\/publication-evangelique.com\/?s={search_term_string}"},"query-input":{"@type":"PropertyValueSpecification","valueRequired":true,"valueName":"search_term_string"}}],"inLanguage":"fr-FR"},{"@type":["Person","Organization"],"@id":"https:\/\/publication-evangelique.com\/#\/schema\/person\/a7aa86223ca614c8c1a737d18c95460c","name":"Daniel Poulin","image":{"@type":"ImageObject","inLanguage":"fr-FR","@id":"https:\/\/publication-evangelique.com\/wp-content\/uploads\/daniel5-1.jpg","url":"https:\/\/publication-evangelique.com\/wp-content\/uploads\/daniel5-1.jpg","contentUrl":"https:\/\/publication-evangelique.com\/wp-content\/uploads\/daniel5-1.jpg","width":833,"height":969,"caption":"Daniel Poulin"},"logo":{"@id":"https:\/\/publication-evangelique.com\/wp-content\/uploads\/daniel5-1.jpg"},"description":"Bonjour, ici Daniel Poulin! Je suis un chr\u00e9tien n\u00e9 de nouveau depuis 1980, ayant parcouru un cheminement avec le Seigneur J\u00e9sus-Christ, j'ai construit ce site afin de partager mes connaissances de la parole de Dieu \" La Bible \" Je travaille aussi au d\u00e9veloppement de la station de radio chr\u00e9tienne fran\u00e7aise \u00e0 Montr\u00e9al, \" La Radio Gospel \" que vous pouvez voir ici http:\/\/laradiogospel.ca Je fr\u00e9quente aussi une \u00e9glise, dont je pr\u00eache et j\u2019enseigne la parole de Dieu. La communaut\u00e9 \u00c9vang\u00e9lique de l'Agneau \" , voici l'adresse, http:\/\/communauteevangelique.ca\/","sameAs":["https:\/\/publication-evangelique.com","https:\/\/www.facebook.com\/danielpoulin75","https:\/\/www.linkedin.com\/in\/daniel-poulin-64614745\/","https:\/\/x.com\/https:\/\/twitter.com\/Daniel_Poulin","https:\/\/www.youtube.com\/user\/danielpoulin75\/videos"]}]}},"_links":{"self":[{"href":"https:\/\/publication-evangelique.com\/index.php?rest_route=\/wp\/v2\/pages\/17507","targetHints":{"allow":["GET"]}}],"collection":[{"href":"https:\/\/publication-evangelique.com\/index.php?rest_route=\/wp\/v2\/pages"}],"about":[{"href":"https:\/\/publication-evangelique.com\/index.php?rest_route=\/wp\/v2\/types\/page"}],"author":[{"embeddable":true,"href":"https:\/\/publication-evangelique.com\/index.php?rest_route=\/wp\/v2\/users\/1"}],"replies":[{"embeddable":true,"href":"https:\/\/publication-evangelique.com\/index.php?rest_route=%2Fwp%2Fv2%2Fcomments&post=17507"}],"version-history":[{"count":0,"href":"https:\/\/publication-evangelique.com\/index.php?rest_route=\/wp\/v2\/pages\/17507\/revisions"}],"wp:featuredmedia":[{"embeddable":true,"href":"https:\/\/publication-evangelique.com\/index.php?rest_route=\/wp\/v2\/media\/13199"}],"wp:attachment":[{"href":"https:\/\/publication-evangelique.com\/index.php?rest_route=%2Fwp%2Fv2%2Fmedia&parent=17507"}],"curies":[{"name":"wp","href":"https:\/\/api.w.org\/{rel}","templated":true}]}}