{"id":1801,"date":"2010-05-04T10:54:17","date_gmt":"2010-05-04T15:54:17","guid":{"rendered":"http:\/\/publication-evangelique.com\/?page_id=1801"},"modified":"2017-08-08T13:57:26","modified_gmt":"2017-08-08T18:57:26","slug":"le-combat-spirituel","status":"publish","type":"page","link":"https:\/\/publication-evangelique.com\/?page_id=1801","title":{"rendered":"Le combat spirituel"},"content":{"rendered":"<p><strong>Le combat spirituel.<\/strong><br \/>\nQuelque enseignements qui nous am\u00e8nent \u00e0 comprendre le combat spirituel, la pr\u00e9sence de l&rsquo;ennemi mais, surtout les r\u00e9v\u00e9lations de la parole de Dieu sur la position des chr\u00e9tiens dans le monde spirituel qui permet de saisir les victoires. <\/p>\n<p>Vous pouvez aussi les \u00e9couter en MP3.<\/p>\n<p>&#8212;&#8212;&#8212;&#8212;&#8212;&#8212;&#8212;&#8212;&#8212;<\/p>\n<p>&#8211; Le combat spirituel 1 &#8211; <a href= \" https:\/\/publication-evangelique.com\/?p=1796 \" > Un Sauveur exempt de tout p\u00e9ch\u00e9 <\/a><br \/>\n&#8211; Le combat spirituel 2 &#8211; <a href= \" https:\/\/publication-evangelique.com\/?p=1814 \" > Un Sauveur oint pour d\u00e9livrer <\/a><br \/>\n&#8211; Le combat spirituel 3 &#8211; <a href= \" https:\/\/publication-evangelique.com\/?p=1833 \" > Les gains suite \u00e0 la mort et la r\u00e9surrection de J\u00e9sus <\/a><br \/>\n&#8211; Le combat spirituel 4 &#8211; <a href= \" https:\/\/publication-evangelique.com\/?p=1845 \" > Les promesses donn\u00e9 en J\u00e9sus <\/a><br \/>\n&#8211; Le combat spirituel 5 &#8211; <a href= \" https:\/\/publication-evangelique.com\/?p=1856 \" > Notre position en J\u00e9sus 1 <\/a><br \/>\n&#8211; Le combat spirituel 6 &#8211; <a href= \" https:\/\/publication-evangelique.com\/?p=1868 \" > Notre position en J\u00e9sus 2 <\/a><br \/>\n&#8211; Le combat spirituel 7 &#8211; <a href= \" https:\/\/publication-evangelique.com\/?p=1879 \" > Notre position en J\u00e9sus 3 <\/a><br \/>\n&#8211; Le combat spirituel 8 &#8211; <a href= \" https:\/\/publication-evangelique.com\/?p=2564 \" > Le premier et le plus grand combat <\/a><br \/>\n&#8211; Le combat spirituel 9 &#8211; <a href= \" https:\/\/publication-evangelique.com\/?p=2595 \" > Percevoir les ruses de l\u2019ennemi <\/a><br \/>\n&#8211; Le combat spirituel 10 &#8211; <a href= \" https:\/\/publication-evangelique.com\/?p=2609 \" > Les esprits de dispute <\/a><br \/>\n&#8211; Le combat spirituel 11 &#8211; <a href= \" https:\/\/publication-evangelique.com\/?p=2638 \" > Les esprits s\u00e9ducteurs<\/a><br \/>\n&#8211; Le combat spirituel 12 &#8211; <a href= \" https:\/\/publication-evangelique.com\/?p=3911 \" > Les esprits impurs<\/a><br \/>\n&#8211; Le combat spirituel 13 &#8211; <a href= \" https:\/\/publication-evangelique.com\/?p=6025 \" > L\u2019esprit de r\u00e9bellion<\/a><br \/>\n&#8211; Le combat spirituel 14 &#8211; <a href= \" https:\/\/publication-evangelique.com\/?p=6303 \" > Les esprits de mensonge <\/a><br \/>\n&#8211; Le combat spirituel 15 &#8211; <a href= \" https:\/\/publication-evangelique.com\/?p=6590 \" > La subtilit\u00e9 des attaques! <\/a><br \/>\n&#8211; Le combat spirituel 16 &#8211; <a href= \" https:\/\/publication-evangelique.com\/?p=6869 \" > Comment combattre pour les autres <\/a><\/p>\n<p>&#8212;&#8212;&#8212;&#8212;&#8212;&#8212;&#8212;&#8212;&#8212;<\/p>\n<p>Produit par: Daniel Poulin<br \/>\n\u00c9dit\u00e9 par: <a title= \" https:\/\/publication-evangelique.com \" href= \" https:\/\/publication-evangelique.com \" target= \" _blank \" >https:\/\/publication-evangelique.com<\/a><\/p>\n<p><strong>Adresse de ce blogue :<\/strong> <a href= \" https:\/\/publication-evangelique.com\/?page_id=1801 \" > https:\/\/publication-evangelique.com\/?page_id=1801<\/a><\/p>\n","protected":false},"excerpt":{"rendered":"<p>Le combat spirituel. Quelque enseignements qui nous am\u00e8nent \u00e0 comprendre le combat spirituel, la pr\u00e9sence de l&rsquo;ennemi mais, surtout les r\u00e9v\u00e9lations de la parole de Dieu sur la position des chr\u00e9tiens dans le monde spirituel qui permet de saisir les <span class=\"excerpt-dots\">&hellip;<\/span> <a class=\"more-link\" href=\"https:\/\/publication-evangelique.com\/?page_id=1801\"><span class=\"more-msg\">Lire la suite &rarr;<\/span><\/a><\/p>\n","protected":false},"author":1,"featured_media":13191,"parent":0,"menu_order":143,"comment_status":"closed","ping_status":"closed","template":"","meta":{"footnotes":""},"class_list":["post-1801","page","type-page","status-publish","has-post-thumbnail","hentry"],"yoast_head":"<!-- This site is optimized with the Yoast SEO plugin v27.5 - https:\/\/yoast.com\/product\/yoast-seo-wordpress\/ -->\n<title>Le combat spirituel - Publication \u00c9vang\u00e9lique<\/title>\n<meta name=\"robots\" content=\"index, follow, max-snippet:-1, max-image-preview:large, max-video-preview:-1\" \/>\n<link rel=\"canonical\" href=\"https:\/\/publication-evangelique.com\/?page_id=1801\" \/>\n<meta property=\"og:locale\" content=\"fr_FR\" \/>\n<meta property=\"og:type\" content=\"article\" \/>\n<meta property=\"og:title\" content=\"Le combat spirituel - Publication \u00c9vang\u00e9lique\" \/>\n<meta property=\"og:description\" content=\"Le combat spirituel. Quelque enseignements qui nous am\u00e8nent \u00e0 comprendre le combat spirituel, la pr\u00e9sence de l&rsquo;ennemi mais, surtout les r\u00e9v\u00e9lations de la parole de Dieu sur la position des chr\u00e9tiens dans le monde spirituel qui permet de saisir les &hellip; Lire la suite &rarr;\" \/>\n<meta property=\"og:url\" content=\"https:\/\/publication-evangelique.com\/?page_id=1801\" \/>\n<meta property=\"og:site_name\" content=\"Publication \u00c9vang\u00e9lique\" \/>\n<meta property=\"article:publisher\" content=\"https:\/\/www.facebook.com\/danielpoulin75\" \/>\n<meta property=\"article:modified_time\" content=\"2017-08-08T18:57:26+00:00\" \/>\n<meta property=\"og:image\" content=\"https:\/\/publication-evangelique.com\/wp-content\/uploads\/arme.jpg\" \/>\n\t<meta property=\"og:image:width\" content=\"1280\" \/>\n\t<meta property=\"og:image:height\" content=\"848\" \/>\n\t<meta property=\"og:image:type\" content=\"image\/jpeg\" \/>\n<meta name=\"twitter:label1\" content=\"Dur\u00e9e de lecture estim\u00e9e\" \/>\n\t<meta name=\"twitter:data1\" content=\"1 minute\" \/>\n<script type=\"application\/ld+json\" class=\"yoast-schema-graph\">{\"@context\":\"https:\\\/\\\/schema.org\",\"@graph\":[{\"@type\":\"WebPage\",\"@id\":\"https:\\\/\\\/publication-evangelique.com\\\/?page_id=1801\",\"url\":\"https:\\\/\\\/publication-evangelique.com\\\/?page_id=1801\",\"name\":\"Le combat spirituel - Publication \u00c9vang\u00e9lique\",\"isPartOf\":{\"@id\":\"https:\\\/\\\/publication-evangelique.com\\\/#website\"},\"primaryImageOfPage\":{\"@id\":\"https:\\\/\\\/publication-evangelique.com\\\/?page_id=1801#primaryimage\"},\"image\":{\"@id\":\"https:\\\/\\\/publication-evangelique.com\\\/?page_id=1801#primaryimage\"},\"thumbnailUrl\":\"https:\\\/\\\/publication-evangelique.com\\\/wp-content\\\/uploads\\\/arme.jpg\",\"datePublished\":\"2010-05-04T15:54:17+00:00\",\"dateModified\":\"2017-08-08T18:57:26+00:00\",\"breadcrumb\":{\"@id\":\"https:\\\/\\\/publication-evangelique.com\\\/?page_id=1801#breadcrumb\"},\"inLanguage\":\"fr-FR\",\"potentialAction\":[{\"@type\":\"ReadAction\",\"target\":[\"https:\\\/\\\/publication-evangelique.com\\\/?page_id=1801\"]}]},{\"@type\":\"ImageObject\",\"inLanguage\":\"fr-FR\",\"@id\":\"https:\\\/\\\/publication-evangelique.com\\\/?page_id=1801#primaryimage\",\"url\":\"https:\\\/\\\/publication-evangelique.com\\\/wp-content\\\/uploads\\\/arme.jpg\",\"contentUrl\":\"https:\\\/\\\/publication-evangelique.com\\\/wp-content\\\/uploads\\\/arme.jpg\",\"width\":1280,\"height\":848},{\"@type\":\"BreadcrumbList\",\"@id\":\"https:\\\/\\\/publication-evangelique.com\\\/?page_id=1801#breadcrumb\",\"itemListElement\":[{\"@type\":\"ListItem\",\"position\":1,\"name\":\"Accueil\",\"item\":\"https:\\\/\\\/publication-evangelique.com\\\/\"},{\"@type\":\"ListItem\",\"position\":2,\"name\":\"Le combat spirituel\"}]},{\"@type\":\"WebSite\",\"@id\":\"https:\\\/\\\/publication-evangelique.com\\\/#website\",\"url\":\"https:\\\/\\\/publication-evangelique.com\\\/\",\"name\":\"Daniel Poulin - publication-evangelique.com\",\"description\":\"Daniel Poulin\",\"publisher\":{\"@id\":\"https:\\\/\\\/publication-evangelique.com\\\/#\\\/schema\\\/person\\\/a7aa86223ca614c8c1a737d18c95460c\"},\"potentialAction\":[{\"@type\":\"SearchAction\",\"target\":{\"@type\":\"EntryPoint\",\"urlTemplate\":\"https:\\\/\\\/publication-evangelique.com\\\/?s={search_term_string}\"},\"query-input\":{\"@type\":\"PropertyValueSpecification\",\"valueRequired\":true,\"valueName\":\"search_term_string\"}}],\"inLanguage\":\"fr-FR\"},{\"@type\":[\"Person\",\"Organization\"],\"@id\":\"https:\\\/\\\/publication-evangelique.com\\\/#\\\/schema\\\/person\\\/a7aa86223ca614c8c1a737d18c95460c\",\"name\":\"Daniel Poulin\",\"image\":{\"@type\":\"ImageObject\",\"inLanguage\":\"fr-FR\",\"@id\":\"https:\\\/\\\/publication-evangelique.com\\\/wp-content\\\/uploads\\\/daniel5-1.jpg\",\"url\":\"https:\\\/\\\/publication-evangelique.com\\\/wp-content\\\/uploads\\\/daniel5-1.jpg\",\"contentUrl\":\"https:\\\/\\\/publication-evangelique.com\\\/wp-content\\\/uploads\\\/daniel5-1.jpg\",\"width\":833,\"height\":969,\"caption\":\"Daniel Poulin\"},\"logo\":{\"@id\":\"https:\\\/\\\/publication-evangelique.com\\\/wp-content\\\/uploads\\\/daniel5-1.jpg\"},\"description\":\"Bonjour, ici Daniel Poulin! Je suis un chr\u00e9tien n\u00e9 de nouveau depuis 1980, ayant parcouru un cheminement avec le Seigneur J\u00e9sus-Christ, j'ai construit ce site afin de partager mes connaissances de la parole de Dieu \\\" La Bible \\\" Je travaille aussi au d\u00e9veloppement de la station de radio chr\u00e9tienne fran\u00e7aise \u00e0 Montr\u00e9al, \\\" La Radio Gospel \\\" que vous pouvez voir ici http:\\\/\\\/laradiogospel.ca Je fr\u00e9quente aussi une \u00e9glise, dont je pr\u00eache et j\u2019enseigne la parole de Dieu. La communaut\u00e9 \u00c9vang\u00e9lique de l'Agneau \\\" , voici l'adresse, http:\\\/\\\/communauteevangelique.ca\\\/\",\"sameAs\":[\"https:\\\/\\\/publication-evangelique.com\",\"https:\\\/\\\/www.facebook.com\\\/danielpoulin75\",\"https:\\\/\\\/www.linkedin.com\\\/in\\\/daniel-poulin-64614745\\\/\",\"https:\\\/\\\/x.com\\\/https:\\\/\\\/twitter.com\\\/Daniel_Poulin\",\"https:\\\/\\\/www.youtube.com\\\/user\\\/danielpoulin75\\\/videos\"]}]}<\/script>\n<!-- \/ Yoast SEO plugin. -->","yoast_head_json":{"title":"Le combat spirituel - Publication \u00c9vang\u00e9lique","robots":{"index":"index","follow":"follow","max-snippet":"max-snippet:-1","max-image-preview":"max-image-preview:large","max-video-preview":"max-video-preview:-1"},"canonical":"https:\/\/publication-evangelique.com\/?page_id=1801","og_locale":"fr_FR","og_type":"article","og_title":"Le combat spirituel - Publication \u00c9vang\u00e9lique","og_description":"Le combat spirituel. Quelque enseignements qui nous am\u00e8nent \u00e0 comprendre le combat spirituel, la pr\u00e9sence de l&rsquo;ennemi mais, surtout les r\u00e9v\u00e9lations de la parole de Dieu sur la position des chr\u00e9tiens dans le monde spirituel qui permet de saisir les &hellip; Lire la suite &rarr;","og_url":"https:\/\/publication-evangelique.com\/?page_id=1801","og_site_name":"Publication \u00c9vang\u00e9lique","article_publisher":"https:\/\/www.facebook.com\/danielpoulin75","article_modified_time":"2017-08-08T18:57:26+00:00","og_image":[{"width":1280,"height":848,"url":"https:\/\/publication-evangelique.com\/wp-content\/uploads\/arme.jpg","type":"image\/jpeg"}],"twitter_misc":{"Dur\u00e9e de lecture estim\u00e9e":"1 minute"},"schema":{"@context":"https:\/\/schema.org","@graph":[{"@type":"WebPage","@id":"https:\/\/publication-evangelique.com\/?page_id=1801","url":"https:\/\/publication-evangelique.com\/?page_id=1801","name":"Le combat spirituel - Publication \u00c9vang\u00e9lique","isPartOf":{"@id":"https:\/\/publication-evangelique.com\/#website"},"primaryImageOfPage":{"@id":"https:\/\/publication-evangelique.com\/?page_id=1801#primaryimage"},"image":{"@id":"https:\/\/publication-evangelique.com\/?page_id=1801#primaryimage"},"thumbnailUrl":"https:\/\/publication-evangelique.com\/wp-content\/uploads\/arme.jpg","datePublished":"2010-05-04T15:54:17+00:00","dateModified":"2017-08-08T18:57:26+00:00","breadcrumb":{"@id":"https:\/\/publication-evangelique.com\/?page_id=1801#breadcrumb"},"inLanguage":"fr-FR","potentialAction":[{"@type":"ReadAction","target":["https:\/\/publication-evangelique.com\/?page_id=1801"]}]},{"@type":"ImageObject","inLanguage":"fr-FR","@id":"https:\/\/publication-evangelique.com\/?page_id=1801#primaryimage","url":"https:\/\/publication-evangelique.com\/wp-content\/uploads\/arme.jpg","contentUrl":"https:\/\/publication-evangelique.com\/wp-content\/uploads\/arme.jpg","width":1280,"height":848},{"@type":"BreadcrumbList","@id":"https:\/\/publication-evangelique.com\/?page_id=1801#breadcrumb","itemListElement":[{"@type":"ListItem","position":1,"name":"Accueil","item":"https:\/\/publication-evangelique.com\/"},{"@type":"ListItem","position":2,"name":"Le combat spirituel"}]},{"@type":"WebSite","@id":"https:\/\/publication-evangelique.com\/#website","url":"https:\/\/publication-evangelique.com\/","name":"Daniel Poulin - publication-evangelique.com","description":"Daniel Poulin","publisher":{"@id":"https:\/\/publication-evangelique.com\/#\/schema\/person\/a7aa86223ca614c8c1a737d18c95460c"},"potentialAction":[{"@type":"SearchAction","target":{"@type":"EntryPoint","urlTemplate":"https:\/\/publication-evangelique.com\/?s={search_term_string}"},"query-input":{"@type":"PropertyValueSpecification","valueRequired":true,"valueName":"search_term_string"}}],"inLanguage":"fr-FR"},{"@type":["Person","Organization"],"@id":"https:\/\/publication-evangelique.com\/#\/schema\/person\/a7aa86223ca614c8c1a737d18c95460c","name":"Daniel Poulin","image":{"@type":"ImageObject","inLanguage":"fr-FR","@id":"https:\/\/publication-evangelique.com\/wp-content\/uploads\/daniel5-1.jpg","url":"https:\/\/publication-evangelique.com\/wp-content\/uploads\/daniel5-1.jpg","contentUrl":"https:\/\/publication-evangelique.com\/wp-content\/uploads\/daniel5-1.jpg","width":833,"height":969,"caption":"Daniel Poulin"},"logo":{"@id":"https:\/\/publication-evangelique.com\/wp-content\/uploads\/daniel5-1.jpg"},"description":"Bonjour, ici Daniel Poulin! Je suis un chr\u00e9tien n\u00e9 de nouveau depuis 1980, ayant parcouru un cheminement avec le Seigneur J\u00e9sus-Christ, j'ai construit ce site afin de partager mes connaissances de la parole de Dieu \" La Bible \" Je travaille aussi au d\u00e9veloppement de la station de radio chr\u00e9tienne fran\u00e7aise \u00e0 Montr\u00e9al, \" La Radio Gospel \" que vous pouvez voir ici http:\/\/laradiogospel.ca Je fr\u00e9quente aussi une \u00e9glise, dont je pr\u00eache et j\u2019enseigne la parole de Dieu. La communaut\u00e9 \u00c9vang\u00e9lique de l'Agneau \" , voici l'adresse, http:\/\/communauteevangelique.ca\/","sameAs":["https:\/\/publication-evangelique.com","https:\/\/www.facebook.com\/danielpoulin75","https:\/\/www.linkedin.com\/in\/daniel-poulin-64614745\/","https:\/\/x.com\/https:\/\/twitter.com\/Daniel_Poulin","https:\/\/www.youtube.com\/user\/danielpoulin75\/videos"]}]}},"_links":{"self":[{"href":"https:\/\/publication-evangelique.com\/index.php?rest_route=\/wp\/v2\/pages\/1801","targetHints":{"allow":["GET"]}}],"collection":[{"href":"https:\/\/publication-evangelique.com\/index.php?rest_route=\/wp\/v2\/pages"}],"about":[{"href":"https:\/\/publication-evangelique.com\/index.php?rest_route=\/wp\/v2\/types\/page"}],"author":[{"embeddable":true,"href":"https:\/\/publication-evangelique.com\/index.php?rest_route=\/wp\/v2\/users\/1"}],"replies":[{"embeddable":true,"href":"https:\/\/publication-evangelique.com\/index.php?rest_route=%2Fwp%2Fv2%2Fcomments&post=1801"}],"version-history":[{"count":0,"href":"https:\/\/publication-evangelique.com\/index.php?rest_route=\/wp\/v2\/pages\/1801\/revisions"}],"wp:featuredmedia":[{"embeddable":true,"href":"https:\/\/publication-evangelique.com\/index.php?rest_route=\/wp\/v2\/media\/13191"}],"wp:attachment":[{"href":"https:\/\/publication-evangelique.com\/index.php?rest_route=%2Fwp%2Fv2%2Fmedia&parent=1801"}],"curies":[{"name":"wp","href":"https:\/\/api.w.org\/{rel}","templated":true}]}}