{"id":18061,"date":"2022-10-16T06:24:22","date_gmt":"2022-10-16T11:24:22","guid":{"rendered":"http:\/\/publication-evangelique.com\/?page_id=18061"},"modified":"2023-12-20T20:21:21","modified_gmt":"2023-12-21T01:21:21","slug":"priere","status":"publish","type":"page","link":"https:\/\/publication-evangelique.com\/?page_id=18061","title":{"rendered":"Guide de pri\u00e8res &#8211; 2022"},"content":{"rendered":"<p>Ce guide de pri\u00e8re, est une \u00e9tude biblique qui peut \u00eatre utiliser lors des r\u00e9unions de pri\u00e8re.<\/p>\n<p>Utile pour b\u00e2tir sur les sujets de pri\u00e8res bibliques bas\u00e9 sur les promesses de la Bible. <\/p>\n<p>Guide \u00e0 utiliser pour interc\u00e9der tous les jours, utile pour baser nos requ\u00eate sur la volont\u00e9 de Dieu.<\/p>\n<p>1 &#8211; <a href= \" https:\/\/publication-evangelique.com\/?p=18066 \" >Introduction au guide de pri\u00e8res.<\/a><br \/>\n2 &#8211; <a href= \" https:\/\/publication-evangelique.com\/?p=18091 \" >Voici une liste de verset \u00e0 m\u00e9diter<\/a><br \/>\n3 &#8211; <a href= \" https:\/\/publication-evangelique.com\/?p=18131 \" >B\u00e2tissons notre vie de pri\u00e8re!<\/a><br \/>\n4 &#8211; <a href= \" https:\/\/publication-evangelique.com\/?p=18156 \" >Centrons premi\u00e8rement nos pri\u00e8res sur les besoins et les demandes de Dieu.<\/a><br \/>\n5 &#8211; <a href= \" https:\/\/publication-evangelique.com\/?p=18199 \" >La confession de nos p\u00e9ch\u00e9s \u00e0 Dieu<\/a><br \/>\n6 &#8211; <a href= \" https:\/\/publication-evangelique.com\/?p=18237 \" >Pardonner aux autres leurs offenses, pour notre croissance spirituelle.<\/a><br \/>\n7 &#8211; <a href= \" https:\/\/publication-evangelique.com\/?p=18267 \" >Dans nos pri\u00e8res, demandons au Seigneur de nous sanctifier.<\/a><br \/>\n8 &#8211; <a href= \" https:\/\/publication-evangelique.com\/?p=18292 \" >Demander afin d\u2019\u00eatre rempli du Saint-Esprit.<\/a><br \/>\n9 &#8211; <a href= \" https:\/\/publication-evangelique.com\/?p=18311 \" >Demander de l\u2019aide \u00e0 Dieu pour mourir \u00e0 soi-m\u00eame.<\/a><br \/>\n10 &#8211; <a href= \" https:\/\/publication-evangelique.com\/?p=18351 \" >Demander afin de rev\u00eatir de l\u2019homme nouveau.<\/a><br \/>\n11 &#8211; <a href= \" https:\/\/publication-evangelique.com\/?p=18391 \" >Demander afin d\u2019\u00eatre rev\u00eatu de ses armes et de son armure.<\/a><br \/>\n12 &#8211; <a href= \" https:\/\/publication-evangelique.com\/?p=18433 \" >Croire et demander le secours de Dieu par ses anges.<\/a><br \/>\n13 &#8211; <a href= \" https:\/\/publication-evangelique.com\/?p=18461 \" >Demander une croissance dans la connaissance et la sagesse.<\/a><br \/>\n14 &#8211; <a href= \" https:\/\/publication-evangelique.com\/?p=18487 \" >Demander \u00e0 Dieu de manifester le fruit de l\u2019Esprit.<\/a><br \/>\n15 &#8211; <a href= \" https:\/\/publication-evangelique.com\/?p=18518 \" >Demander les dons ou les gr\u00e2ces de Dieu.<\/a><br \/>\n16 &#8211; <a href= \" https:\/\/publication-evangelique.com\/?p=18539 \" >Prier pour que Dieu nous rende pers\u00e9v\u00e9rants.<\/a><br \/>\n17 &#8211; <a href= \" https:\/\/publication-evangelique.com\/?p=18539 \" >Prier pour mon implication dans l&rsquo;\u00e9glise.<\/a><br \/>\n18 &#8211; <a href= \" https:\/\/publication-evangelique.com\/?p=18621 \" >Prions pour qu\u2019il nous ouvre des portes dans l\u2019\u00e9vang\u00e9lisation.<\/a><br \/>\n19 &#8211; <a href= \" https:\/\/publication-evangelique.com\/?p=18652 \" >Prier pour notre propre sant\u00e9.<\/a><br \/>\n20 &#8211; <a href= \" https:\/\/publication-evangelique.com\/?p=18670 \" >Prier pour les besoins de tous genres.<\/a><br \/>\n21 &#8211; <a href= \" https:\/\/publication-evangelique.com\/?p=18679 \" >Prier pour nos familles.<\/a><br \/>\n22 &#8211; <a href= \" https:\/\/publication-evangelique.com\/?p=18696 \" >Prier pour les besoins des fr\u00e8res et s\u0153urs.<\/a><br \/>\n23 &#8211; <a href= \" https:\/\/publication-evangelique.com\/?p=18722 \" >Prier pour les besoins des diff\u00e9rents minist\u00e8res de l\u2019\u00e9glise.<\/a><br \/>\n24 &#8211; <a href= \" https:\/\/publication-evangelique.com\/?p=18759 \" >Prier pour le pays, le gouvernement et les Autorit\u00e9s.<\/a><br \/>\n25 &#8211; <a href= \" https:\/\/publication-evangelique.com\/?p=18827 \" >Priez pour la b\u00e9n\u00e9diction et le salut de ceux qui nous entourent.<\/a><br \/>\n26 &#8211; <a href= \" https:\/\/publication-evangelique.com\/?p=18859 \" >Priez pour l\u2019accomplissement des proph\u00e9ties et l\u2019avancement du royaume de Dieu?<br \/>\n27 &#8211; <a href= \" https:\/\/publication-evangelique.com\/?p=18886 \" >Priez pour l\u2019envoi de nouveau ouvrier.<\/a><\/p>\n<p>&#8212;&#8212;&#8212;&#8212;&#8212;&#8212;&#8212;&#8212;&#8212;<\/p>\n<p>Note: A part d&rsquo;une mention sp\u00e9ciale, toutes les citations bibliques<br \/>\nsont tir\u00e9es du texte de la traduction; Louis Segond 1910.<br \/>\n\u00a9 Tout droit r\u00e9serv\u00e9<\/p>\n<p>Produit par : Daniel Poulin<br \/>\n\u00c9dit\u00e9 par : <a href= \" https:\/\/publication-evangelique.com \" >https:\/\/publication-evangelique.com<\/a><\/p>\n<p>Adresse de ce blogue : <a href= \" https:\/\/publication-evangelique.com\/?page_id=18061 \" >https:\/\/publication-evangelique.com\/?page_id=18061<\/a><\/p>\n","protected":false},"excerpt":{"rendered":"<p>Ce guide de pri\u00e8re, est une \u00e9tude biblique qui peut \u00eatre utiliser lors des r\u00e9unions de pri\u00e8re. Utile pour b\u00e2tir sur les sujets de pri\u00e8res bibliques bas\u00e9 sur les promesses de la Bible. Guide \u00e0 utiliser pour interc\u00e9der tous les <span class=\"excerpt-dots\">&hellip;<\/span> <a class=\"more-link\" href=\"https:\/\/publication-evangelique.com\/?page_id=18061\"><span class=\"more-msg\">Lire la suite &rarr;<\/span><\/a><\/p>\n","protected":false},"author":1,"featured_media":13126,"parent":0,"menu_order":0,"comment_status":"closed","ping_status":"closed","template":"","meta":{"footnotes":""},"class_list":["post-18061","page","type-page","status-publish","has-post-thumbnail","hentry"],"yoast_head":"<!-- This site is optimized with the Yoast SEO plugin v27.4 - https:\/\/yoast.com\/product\/yoast-seo-wordpress\/ -->\n<title>Guide de pri\u00e8res - 2022 - Publication \u00c9vang\u00e9lique<\/title>\n<meta name=\"robots\" content=\"index, follow, max-snippet:-1, max-image-preview:large, max-video-preview:-1\" \/>\n<link rel=\"canonical\" href=\"https:\/\/publication-evangelique.com\/?page_id=18061\" \/>\n<meta property=\"og:locale\" content=\"fr_FR\" \/>\n<meta property=\"og:type\" content=\"article\" \/>\n<meta property=\"og:title\" content=\"Guide de pri\u00e8res - 2022 - Publication \u00c9vang\u00e9lique\" \/>\n<meta property=\"og:description\" content=\"Ce guide de pri\u00e8re, est une \u00e9tude biblique qui peut \u00eatre utiliser lors des r\u00e9unions de pri\u00e8re. Utile pour b\u00e2tir sur les sujets de pri\u00e8res bibliques bas\u00e9 sur les promesses de la Bible. Guide \u00e0 utiliser pour interc\u00e9der tous les &hellip; Lire la suite &rarr;\" \/>\n<meta property=\"og:url\" content=\"https:\/\/publication-evangelique.com\/?page_id=18061\" \/>\n<meta property=\"og:site_name\" content=\"Publication \u00c9vang\u00e9lique\" \/>\n<meta property=\"article:publisher\" content=\"https:\/\/www.facebook.com\/danielpoulin75\" \/>\n<meta property=\"article:modified_time\" content=\"2023-12-21T01:21:21+00:00\" \/>\n<meta property=\"og:image\" content=\"https:\/\/publication-evangelique.com\/wp-content\/uploads\/1330.jpg\" \/>\n\t<meta property=\"og:image:width\" content=\"1280\" \/>\n\t<meta property=\"og:image:height\" content=\"963\" \/>\n\t<meta property=\"og:image:type\" content=\"image\/jpeg\" \/>\n<meta name=\"twitter:label1\" content=\"Dur\u00e9e de lecture estim\u00e9e\" \/>\n\t<meta name=\"twitter:data1\" content=\"2 minutes\" \/>\n<script type=\"application\/ld+json\" class=\"yoast-schema-graph\">{\"@context\":\"https:\\\/\\\/schema.org\",\"@graph\":[{\"@type\":\"WebPage\",\"@id\":\"https:\\\/\\\/publication-evangelique.com\\\/?page_id=18061\",\"url\":\"https:\\\/\\\/publication-evangelique.com\\\/?page_id=18061\",\"name\":\"Guide de pri\u00e8res - 2022 - Publication \u00c9vang\u00e9lique\",\"isPartOf\":{\"@id\":\"https:\\\/\\\/publication-evangelique.com\\\/#website\"},\"primaryImageOfPage\":{\"@id\":\"https:\\\/\\\/publication-evangelique.com\\\/?page_id=18061#primaryimage\"},\"image\":{\"@id\":\"https:\\\/\\\/publication-evangelique.com\\\/?page_id=18061#primaryimage\"},\"thumbnailUrl\":\"https:\\\/\\\/publication-evangelique.com\\\/wp-content\\\/uploads\\\/1330.jpg\",\"datePublished\":\"2022-10-16T11:24:22+00:00\",\"dateModified\":\"2023-12-21T01:21:21+00:00\",\"breadcrumb\":{\"@id\":\"https:\\\/\\\/publication-evangelique.com\\\/?page_id=18061#breadcrumb\"},\"inLanguage\":\"fr-FR\",\"potentialAction\":[{\"@type\":\"ReadAction\",\"target\":[\"https:\\\/\\\/publication-evangelique.com\\\/?page_id=18061\"]}]},{\"@type\":\"ImageObject\",\"inLanguage\":\"fr-FR\",\"@id\":\"https:\\\/\\\/publication-evangelique.com\\\/?page_id=18061#primaryimage\",\"url\":\"https:\\\/\\\/publication-evangelique.com\\\/wp-content\\\/uploads\\\/1330.jpg\",\"contentUrl\":\"https:\\\/\\\/publication-evangelique.com\\\/wp-content\\\/uploads\\\/1330.jpg\",\"width\":1280,\"height\":963},{\"@type\":\"BreadcrumbList\",\"@id\":\"https:\\\/\\\/publication-evangelique.com\\\/?page_id=18061#breadcrumb\",\"itemListElement\":[{\"@type\":\"ListItem\",\"position\":1,\"name\":\"Accueil\",\"item\":\"https:\\\/\\\/publication-evangelique.com\\\/\"},{\"@type\":\"ListItem\",\"position\":2,\"name\":\"Guide de pri\u00e8res &#8211; 2022\"}]},{\"@type\":\"WebSite\",\"@id\":\"https:\\\/\\\/publication-evangelique.com\\\/#website\",\"url\":\"https:\\\/\\\/publication-evangelique.com\\\/\",\"name\":\"Daniel Poulin - publication-evangelique.com\",\"description\":\"Daniel Poulin\",\"publisher\":{\"@id\":\"https:\\\/\\\/publication-evangelique.com\\\/#\\\/schema\\\/person\\\/a7aa86223ca614c8c1a737d18c95460c\"},\"potentialAction\":[{\"@type\":\"SearchAction\",\"target\":{\"@type\":\"EntryPoint\",\"urlTemplate\":\"https:\\\/\\\/publication-evangelique.com\\\/?s={search_term_string}\"},\"query-input\":{\"@type\":\"PropertyValueSpecification\",\"valueRequired\":true,\"valueName\":\"search_term_string\"}}],\"inLanguage\":\"fr-FR\"},{\"@type\":[\"Person\",\"Organization\"],\"@id\":\"https:\\\/\\\/publication-evangelique.com\\\/#\\\/schema\\\/person\\\/a7aa86223ca614c8c1a737d18c95460c\",\"name\":\"Daniel Poulin\",\"image\":{\"@type\":\"ImageObject\",\"inLanguage\":\"fr-FR\",\"@id\":\"https:\\\/\\\/publication-evangelique.com\\\/wp-content\\\/uploads\\\/daniel5-1.jpg\",\"url\":\"https:\\\/\\\/publication-evangelique.com\\\/wp-content\\\/uploads\\\/daniel5-1.jpg\",\"contentUrl\":\"https:\\\/\\\/publication-evangelique.com\\\/wp-content\\\/uploads\\\/daniel5-1.jpg\",\"width\":833,\"height\":969,\"caption\":\"Daniel Poulin\"},\"logo\":{\"@id\":\"https:\\\/\\\/publication-evangelique.com\\\/wp-content\\\/uploads\\\/daniel5-1.jpg\"},\"description\":\"Bonjour, ici Daniel Poulin! Je suis un chr\u00e9tien n\u00e9 de nouveau depuis 1980, ayant parcouru un cheminement avec le Seigneur J\u00e9sus-Christ, j'ai construit ce site afin de partager mes connaissances de la parole de Dieu \\\" La Bible \\\" Je travaille aussi au d\u00e9veloppement de la station de radio chr\u00e9tienne fran\u00e7aise \u00e0 Montr\u00e9al, \\\" La Radio Gospel \\\" que vous pouvez voir ici http:\\\/\\\/laradiogospel.ca Je fr\u00e9quente aussi une \u00e9glise, dont je pr\u00eache et j\u2019enseigne la parole de Dieu. La communaut\u00e9 \u00c9vang\u00e9lique de l'Agneau \\\" , voici l'adresse, http:\\\/\\\/communauteevangelique.ca\\\/\",\"sameAs\":[\"https:\\\/\\\/publication-evangelique.com\",\"https:\\\/\\\/www.facebook.com\\\/danielpoulin75\",\"https:\\\/\\\/www.linkedin.com\\\/in\\\/daniel-poulin-64614745\\\/\",\"https:\\\/\\\/x.com\\\/https:\\\/\\\/twitter.com\\\/Daniel_Poulin\",\"https:\\\/\\\/www.youtube.com\\\/user\\\/danielpoulin75\\\/videos\"]}]}<\/script>\n<!-- \/ Yoast SEO plugin. -->","yoast_head_json":{"title":"Guide de pri\u00e8res - 2022 - Publication \u00c9vang\u00e9lique","robots":{"index":"index","follow":"follow","max-snippet":"max-snippet:-1","max-image-preview":"max-image-preview:large","max-video-preview":"max-video-preview:-1"},"canonical":"https:\/\/publication-evangelique.com\/?page_id=18061","og_locale":"fr_FR","og_type":"article","og_title":"Guide de pri\u00e8res - 2022 - Publication \u00c9vang\u00e9lique","og_description":"Ce guide de pri\u00e8re, est une \u00e9tude biblique qui peut \u00eatre utiliser lors des r\u00e9unions de pri\u00e8re. Utile pour b\u00e2tir sur les sujets de pri\u00e8res bibliques bas\u00e9 sur les promesses de la Bible. Guide \u00e0 utiliser pour interc\u00e9der tous les &hellip; Lire la suite &rarr;","og_url":"https:\/\/publication-evangelique.com\/?page_id=18061","og_site_name":"Publication \u00c9vang\u00e9lique","article_publisher":"https:\/\/www.facebook.com\/danielpoulin75","article_modified_time":"2023-12-21T01:21:21+00:00","og_image":[{"width":1280,"height":963,"url":"https:\/\/publication-evangelique.com\/wp-content\/uploads\/1330.jpg","type":"image\/jpeg"}],"twitter_misc":{"Dur\u00e9e de lecture estim\u00e9e":"2 minutes"},"schema":{"@context":"https:\/\/schema.org","@graph":[{"@type":"WebPage","@id":"https:\/\/publication-evangelique.com\/?page_id=18061","url":"https:\/\/publication-evangelique.com\/?page_id=18061","name":"Guide de pri\u00e8res - 2022 - Publication \u00c9vang\u00e9lique","isPartOf":{"@id":"https:\/\/publication-evangelique.com\/#website"},"primaryImageOfPage":{"@id":"https:\/\/publication-evangelique.com\/?page_id=18061#primaryimage"},"image":{"@id":"https:\/\/publication-evangelique.com\/?page_id=18061#primaryimage"},"thumbnailUrl":"https:\/\/publication-evangelique.com\/wp-content\/uploads\/1330.jpg","datePublished":"2022-10-16T11:24:22+00:00","dateModified":"2023-12-21T01:21:21+00:00","breadcrumb":{"@id":"https:\/\/publication-evangelique.com\/?page_id=18061#breadcrumb"},"inLanguage":"fr-FR","potentialAction":[{"@type":"ReadAction","target":["https:\/\/publication-evangelique.com\/?page_id=18061"]}]},{"@type":"ImageObject","inLanguage":"fr-FR","@id":"https:\/\/publication-evangelique.com\/?page_id=18061#primaryimage","url":"https:\/\/publication-evangelique.com\/wp-content\/uploads\/1330.jpg","contentUrl":"https:\/\/publication-evangelique.com\/wp-content\/uploads\/1330.jpg","width":1280,"height":963},{"@type":"BreadcrumbList","@id":"https:\/\/publication-evangelique.com\/?page_id=18061#breadcrumb","itemListElement":[{"@type":"ListItem","position":1,"name":"Accueil","item":"https:\/\/publication-evangelique.com\/"},{"@type":"ListItem","position":2,"name":"Guide de pri\u00e8res &#8211; 2022"}]},{"@type":"WebSite","@id":"https:\/\/publication-evangelique.com\/#website","url":"https:\/\/publication-evangelique.com\/","name":"Daniel Poulin - publication-evangelique.com","description":"Daniel Poulin","publisher":{"@id":"https:\/\/publication-evangelique.com\/#\/schema\/person\/a7aa86223ca614c8c1a737d18c95460c"},"potentialAction":[{"@type":"SearchAction","target":{"@type":"EntryPoint","urlTemplate":"https:\/\/publication-evangelique.com\/?s={search_term_string}"},"query-input":{"@type":"PropertyValueSpecification","valueRequired":true,"valueName":"search_term_string"}}],"inLanguage":"fr-FR"},{"@type":["Person","Organization"],"@id":"https:\/\/publication-evangelique.com\/#\/schema\/person\/a7aa86223ca614c8c1a737d18c95460c","name":"Daniel Poulin","image":{"@type":"ImageObject","inLanguage":"fr-FR","@id":"https:\/\/publication-evangelique.com\/wp-content\/uploads\/daniel5-1.jpg","url":"https:\/\/publication-evangelique.com\/wp-content\/uploads\/daniel5-1.jpg","contentUrl":"https:\/\/publication-evangelique.com\/wp-content\/uploads\/daniel5-1.jpg","width":833,"height":969,"caption":"Daniel Poulin"},"logo":{"@id":"https:\/\/publication-evangelique.com\/wp-content\/uploads\/daniel5-1.jpg"},"description":"Bonjour, ici Daniel Poulin! Je suis un chr\u00e9tien n\u00e9 de nouveau depuis 1980, ayant parcouru un cheminement avec le Seigneur J\u00e9sus-Christ, j'ai construit ce site afin de partager mes connaissances de la parole de Dieu \" La Bible \" Je travaille aussi au d\u00e9veloppement de la station de radio chr\u00e9tienne fran\u00e7aise \u00e0 Montr\u00e9al, \" La Radio Gospel \" que vous pouvez voir ici http:\/\/laradiogospel.ca Je fr\u00e9quente aussi une \u00e9glise, dont je pr\u00eache et j\u2019enseigne la parole de Dieu. La communaut\u00e9 \u00c9vang\u00e9lique de l'Agneau \" , voici l'adresse, http:\/\/communauteevangelique.ca\/","sameAs":["https:\/\/publication-evangelique.com","https:\/\/www.facebook.com\/danielpoulin75","https:\/\/www.linkedin.com\/in\/daniel-poulin-64614745\/","https:\/\/x.com\/https:\/\/twitter.com\/Daniel_Poulin","https:\/\/www.youtube.com\/user\/danielpoulin75\/videos"]}]}},"_links":{"self":[{"href":"https:\/\/publication-evangelique.com\/index.php?rest_route=\/wp\/v2\/pages\/18061","targetHints":{"allow":["GET"]}}],"collection":[{"href":"https:\/\/publication-evangelique.com\/index.php?rest_route=\/wp\/v2\/pages"}],"about":[{"href":"https:\/\/publication-evangelique.com\/index.php?rest_route=\/wp\/v2\/types\/page"}],"author":[{"embeddable":true,"href":"https:\/\/publication-evangelique.com\/index.php?rest_route=\/wp\/v2\/users\/1"}],"replies":[{"embeddable":true,"href":"https:\/\/publication-evangelique.com\/index.php?rest_route=%2Fwp%2Fv2%2Fcomments&post=18061"}],"version-history":[{"count":0,"href":"https:\/\/publication-evangelique.com\/index.php?rest_route=\/wp\/v2\/pages\/18061\/revisions"}],"wp:featuredmedia":[{"embeddable":true,"href":"https:\/\/publication-evangelique.com\/index.php?rest_route=\/wp\/v2\/media\/13126"}],"wp:attachment":[{"href":"https:\/\/publication-evangelique.com\/index.php?rest_route=%2Fwp%2Fv2%2Fmedia&parent=18061"}],"curies":[{"name":"wp","href":"https:\/\/api.w.org\/{rel}","templated":true}]}}