{"id":18224,"date":"2023-01-15T12:21:48","date_gmt":"2023-01-15T17:21:48","guid":{"rendered":"http:\/\/publication-evangelique.com\/?page_id=18224"},"modified":"2023-12-21T06:46:26","modified_gmt":"2023-12-21T11:46:26","slug":"emission-de-radio-radio-evangelique-2023","status":"publish","type":"page","link":"https:\/\/publication-evangelique.com\/?page_id=18224","title":{"rendered":"\u00c9mission de radio \u00a0\u00bb Radio \u00c9vang\u00e9lique \u00a0\u00bb 2023"},"content":{"rendered":"<p>Vous pourrez \u00e9couter <strong>Daniel Poulin<\/strong> sur les ondes<br \/>\nde la station<strong> La Radio Gospel 1650 AM<\/strong> \u00e0 Montr\u00e9al<br \/>\nou sur internet sur <a title= \" laradiogospel.ca \" href= \" http:\/\/laradiogospel.ca \" target= \" _blank \" rel= \" noopener noreferrer \" >http:\/\/laradiogospel.ca<\/a>.<\/p>\n<p>&nbsp;<\/p>\n<p>&nbsp;<\/p>\n<p>&nbsp;<\/p>\n<p>&nbsp;<\/p>\n<p>&nbsp;<br \/>\n<strong>Toutes les <strong>archives<\/strong> des \u00e9missions 2023 sont gard\u00e9s dans cette page.<\/strong><\/p>\n<table border= \" 0 \" align= \" center \" style= \" width:90% \" >\n<tr valign= \" top \" >\n<td>\n<a title= \" 8 d\u00e9cembre \" href= \" https:\/\/publication-evangelique.com\/?p=18940 \" target= \" _blank \" juillet rel= \" noopener noreferrer \" >Mes brebis entendent ma voix. \u2013 30e partie<\/a><br \/>\n<a title= \" 1 d\u00e9cembre \" href= \" https:\/\/publication-evangelique.com\/?p=18927 \" target= \" _blank \" juillet rel= \" noopener noreferrer \" >Mes brebis entendent ma voix. \u2013 29e partie<\/a><br \/>\n<a title= \" 24 novembre \" href= \" https:\/\/publication-evangelique.com\/?p=18902 \" target= \" _blank \" juillet rel= \" noopener noreferrer \" >Mes brebis entendent ma voix. \u2013 28e partie<\/a><br \/>\n<a title= \" 17 novembre \" href= \" https:\/\/publication-evangelique.com\/?p=18891 \" target= \" _blank \" juillet rel= \" noopener noreferrer \" >Mes brebis entendent ma voix. \u2013 27e partie<\/a><br \/>\n<a title= \" 10 novembre \" href= \" https:\/\/publication-evangelique.com\/?p=18869 \" target= \" _blank \" juillet rel= \" noopener noreferrer \" >Mes brebis entendent ma voix. \u2013 26e partie<\/a><br \/>\n<a title= \" 20 octobre \" href= \" https:\/\/publication-evangelique.com\/?p=18831 \" target= \" _blank \" juillet rel= \" noopener noreferrer \" >Mes brebis entendent ma voix. \u2013 24e partie<\/a><br \/>\n<a title= \" 13 octobre \" href= \" https:\/\/publication-evangelique.com\/?p=18779 \" target= \" _blank \" juillet rel= \" noopener noreferrer \" >Mes brebis entendent ma voix. \u2013 23e partie<\/a><br \/>\n<a title= \" 6 octobre \" href= \" https:\/\/publication-evangelique.com\/?p=18770 \" target= \" _blank \" juillet rel= \" noopener noreferrer \" >Mes brebis entendent ma voix. \u2013 22e partie<\/a><br \/>\n<a title= \" 29 septembre \" href= \" https:\/\/publication-evangelique.com\/?p=18746 \" target= \" _blank \" juillet rel= \" noopener noreferrer \" >Mes brebis entendent ma voix. \u2013 21e partie<\/a><br \/>\n<a title= \" 22 septembre \" href= \" https:\/\/publication-evangelique.com\/?p=18726 \" target= \" _blank \" juillet rel= \" noopener noreferrer \" >Mes brebis entendent ma voix. \u2013 20e partie<\/a><br \/>\n<a title= \" 15 septembre \" href= \" https:\/\/publication-evangelique.com\/?p=18713 \" target= \" _blank \" juillet rel= \" noopener noreferrer \" >Mes brebis entendent ma voix. \u2013 19e partie<\/a><br \/>\n<a title= \" 16 juin \" href= \" https:\/\/publication-evangelique.com\/?p=18531 \" target= \" _blank \" juillet rel= \" noopener noreferrer \" >Mes brebis entendent ma voix. \u2013 18e partie<\/a><br \/>\n<a title= \" 9 juin \" href= \" https:\/\/publication-evangelique.com\/?p=18522 \" target= \" _blank \" juillet rel= \" noopener noreferrer \" >Mes brebis entendent ma voix. \u2013 17e partie<\/a><br \/>\n<a title= \" 2 juin \" href= \" https:\/\/publication-evangelique.com\/?p=18510 \" target= \" _blank \" juillet rel= \" noopener noreferrer \" >Mes brebis entendent ma voix. \u2013 16e partie<\/a><br \/>\n<a title= \" 26 mai \" href= \" https:\/\/publication-evangelique.com\/?p=18498 \" target= \" _blank \" juillet rel= \" noopener noreferrer \" >Mes brebis entendent ma voix. \u2013 15e partie<\/a><br \/>\n<a title= \" 19 mai \" href= \" https:\/\/publication-evangelique.com\/?p=18478 \" target= \" _blank \" juillet rel= \" noopener noreferrer \" >Mes brebis entendent ma voix. \u2013 14e partie<\/a><br \/>\n<a title= \" 12 mai \" href= \" https:\/\/publication-evangelique.com\/?p=18470 \" target= \" _blank \" juillet rel= \" noopener noreferrer \" >Mes brebis entendent ma voix. \u2013 13e partie<\/a><br \/>\n<a title= \" 5 mai \" href= \" https:\/\/publication-evangelique.com\/?p=18449 \" target= \" _blank \" juillet rel= \" noopener noreferrer \" >Mes brebis entendent ma voix. \u2013 12e partie<\/a><br \/>\n<a title= \" 28 avril \" href= \" https:\/\/publication-evangelique.com\/?p=18438 \" target= \" _blank \" juillet rel= \" noopener noreferrer \" >Mes brebis entendent ma voix. \u2013 11e partie<\/a><br \/>\n<a title= \" 21 avril \" href= \" https:\/\/publication-evangelique.com\/?p=18425 \" target= \" _blank \" juillet rel= \" noopener noreferrer \" >Mes brebis entendent ma voix. \u2013 10e partie<\/a><br \/>\n<a title= \" 14 avril \" href= \" https:\/\/publication-evangelique.com\/?p=18395 \" target= \" _blank \" juillet rel= \" noopener noreferrer \" >Mes brebis entendent ma voix. \u2013 9e partie<\/a><br \/>\n<a title= \" 7 avril \" href= \" https:\/\/publication-evangelique.com\/?p=18381 \" target= \" _blank \" juillet rel= \" noopener noreferrer \" >Mes brebis entendent ma voix. \u2013 8e partie<\/a><br \/>\n<a title= \" 31 mars \" href= \" https:\/\/publication-evangelique.com\/?p=18372 \" target= \" _blank \" juillet rel= \" noopener noreferrer \" >Mes brebis entendent ma voix. \u2013 7e partie<\/a><br \/>\n<a title= \" 24 mars \" href= \" https:\/\/publication-evangelique.com\/?p=18356 \" target= \" _blank \" juillet rel= \" noopener noreferrer \" >Mes brebis entendent ma voix. \u2013 6e partie<\/a><br \/>\n<a title= \" 17 mars \" href= \" https:\/\/publication-evangelique.com\/?p=18341 \" target= \" _blank \" juillet rel= \" noopener noreferrer \" >Mes brebis entendent ma voix. \u2013 5e partie<\/a><br \/>\n<a title= \" 10 mars \" href= \" https:\/\/publication-evangelique.com\/?p=18315 \" target= \" _blank \" juillet rel= \" noopener noreferrer \" >Mes brebis entendent ma voix. \u2013 4e partie<\/a><br \/>\n<a title= \" 3 mars \" href= \" https:\/\/publication-evangelique.com\/?p=18305 \" target= \" _blank \" juillet rel= \" noopener noreferrer \" >Mes brebis entendent ma voix. \u2013 3e partie<\/a><br \/>\n<a title= \" 24 f\u00e9vrier \" href= \" https:\/\/publication-evangelique.com\/?p=18299 \" target= \" _blank \" juillet rel= \" noopener noreferrer \" >Mes brebis entendent ma voix. \u2013 2e partie<\/a><br \/>\n<a title= \" 17 f\u00e9vrier \" href= \" https:\/\/publication-evangelique.com\/?p=18279 \" target= \" _blank \" juillet rel= \" noopener noreferrer \" >Mes brebis entendent ma voix. \u2013 1e partie<\/a><\/p>\n<p><a title= \" 10 f\u00e9vrier \" href= \" https:\/\/publication-evangelique.com\/?p=18274 \" target= \" _blank \" juillet rel= \" noopener noreferrer \" >La v\u00e9rit\u00e9 vous rendra libre \u2013 3e partie<\/a><br \/>\n<a title= \" 3 f\u00e9vrier \" href= \" https:\/\/publication-evangelique.com\/?p=18254 \" target= \" _blank \" juillet rel= \" noopener noreferrer \" >La v\u00e9rit\u00e9 vous rendra libre \u2013 2e partie<\/a><br \/>\n<a title= \" 27 janvier \" href= \" https:\/\/publication-evangelique.com\/?p=18247 \" target= \" _blank \" juillet rel= \" noopener noreferrer \" >La v\u00e9rit\u00e9 vous rendra libre \u2013 1e partie<\/a><\/p>\n<p><a title= \" 13 janvier \" href= \" https:\/\/publication-evangelique.com\/?p=18221 \" target= \" _blank \" juillet rel= \" noopener noreferrer \" >Rien que la bible, juste la bible et toute la bible \u2013 3e partie<\/a><\/p>\n<p>&nbsp;<\/td>\n<td>\n<\/td>\n<\/tr>\n<\/tbody>\n<\/table>\n<p><\/br><\/br><\/p>\n<p>Daniel Poulin<br \/>\n<a title= \" Publication \u00c9vang\u00e9lique \" href= \" https:\/\/publication-evangelique.com \" target= \" _blank \" rel= \" noopener noreferrer \" >https:\/\/publication-evangelique.com<\/a><\/p>\n","protected":false},"excerpt":{"rendered":"<p>Vous pourrez \u00e9couter Daniel Poulin sur les ondes de la station La Radio Gospel 1650 AM \u00e0 Montr\u00e9al ou sur internet sur http:\/\/laradiogospel.ca. &nbsp; &nbsp; &nbsp; &nbsp; &nbsp; Toutes les archives des \u00e9missions 2023 sont gard\u00e9s dans cette page. Mes <span class=\"excerpt-dots\">&hellip;<\/span> <a class=\"more-link\" href=\"https:\/\/publication-evangelique.com\/?page_id=18224\"><span class=\"more-msg\">Lire la suite &rarr;<\/span><\/a><\/p>\n","protected":false},"author":1,"featured_media":13199,"parent":0,"menu_order":0,"comment_status":"closed","ping_status":"closed","template":"","meta":{"footnotes":""},"class_list":["post-18224","page","type-page","status-publish","has-post-thumbnail","hentry"],"yoast_head":"<!-- This site is optimized with the Yoast SEO plugin v27.5 - https:\/\/yoast.com\/product\/yoast-seo-wordpress\/ -->\n<title>\u00c9mission de radio &quot; Radio \u00c9vang\u00e9lique &quot; 2023 - Publication \u00c9vang\u00e9lique<\/title>\n<meta name=\"robots\" content=\"index, follow, max-snippet:-1, max-image-preview:large, max-video-preview:-1\" \/>\n<link rel=\"canonical\" href=\"https:\/\/publication-evangelique.com\/?page_id=18224\" \/>\n<meta property=\"og:locale\" content=\"fr_FR\" \/>\n<meta property=\"og:type\" content=\"article\" \/>\n<meta property=\"og:title\" content=\"\u00c9mission de radio &quot; Radio \u00c9vang\u00e9lique &quot; 2023 - Publication \u00c9vang\u00e9lique\" \/>\n<meta property=\"og:description\" content=\"Vous pourrez \u00e9couter Daniel Poulin sur les ondes de la station La Radio Gospel 1650 AM \u00e0 Montr\u00e9al ou sur internet sur http:\/\/laradiogospel.ca. &nbsp; &nbsp; &nbsp; &nbsp; &nbsp; Toutes les archives des \u00e9missions 2023 sont gard\u00e9s dans cette page. Mes &hellip; Lire la suite &rarr;\" \/>\n<meta property=\"og:url\" content=\"https:\/\/publication-evangelique.com\/?page_id=18224\" \/>\n<meta property=\"og:site_name\" content=\"Publication \u00c9vang\u00e9lique\" \/>\n<meta property=\"article:publisher\" content=\"https:\/\/www.facebook.com\/danielpoulin75\" \/>\n<meta property=\"article:modified_time\" content=\"2023-12-21T11:46:26+00:00\" \/>\n<meta property=\"og:image\" content=\"https:\/\/publication-evangelique.com\/wp-content\/uploads\/radioevangelique.jpg\" \/>\n\t<meta property=\"og:image:width\" content=\"1280\" \/>\n\t<meta property=\"og:image:height\" content=\"960\" \/>\n\t<meta property=\"og:image:type\" content=\"image\/jpeg\" \/>\n<meta name=\"twitter:label1\" content=\"Dur\u00e9e de lecture estim\u00e9e\" \/>\n\t<meta name=\"twitter:data1\" content=\"2 minutes\" \/>\n<script type=\"application\/ld+json\" class=\"yoast-schema-graph\">{\"@context\":\"https:\\\/\\\/schema.org\",\"@graph\":[{\"@type\":\"WebPage\",\"@id\":\"https:\\\/\\\/publication-evangelique.com\\\/?page_id=18224\",\"url\":\"https:\\\/\\\/publication-evangelique.com\\\/?page_id=18224\",\"name\":\"\u00c9mission de radio \\\" Radio \u00c9vang\u00e9lique \\\" 2023 - Publication \u00c9vang\u00e9lique\",\"isPartOf\":{\"@id\":\"https:\\\/\\\/publication-evangelique.com\\\/#website\"},\"primaryImageOfPage\":{\"@id\":\"https:\\\/\\\/publication-evangelique.com\\\/?page_id=18224#primaryimage\"},\"image\":{\"@id\":\"https:\\\/\\\/publication-evangelique.com\\\/?page_id=18224#primaryimage\"},\"thumbnailUrl\":\"https:\\\/\\\/publication-evangelique.com\\\/wp-content\\\/uploads\\\/radioevangelique.jpg\",\"datePublished\":\"2023-01-15T17:21:48+00:00\",\"dateModified\":\"2023-12-21T11:46:26+00:00\",\"breadcrumb\":{\"@id\":\"https:\\\/\\\/publication-evangelique.com\\\/?page_id=18224#breadcrumb\"},\"inLanguage\":\"fr-FR\",\"potentialAction\":[{\"@type\":\"ReadAction\",\"target\":[\"https:\\\/\\\/publication-evangelique.com\\\/?page_id=18224\"]}]},{\"@type\":\"ImageObject\",\"inLanguage\":\"fr-FR\",\"@id\":\"https:\\\/\\\/publication-evangelique.com\\\/?page_id=18224#primaryimage\",\"url\":\"https:\\\/\\\/publication-evangelique.com\\\/wp-content\\\/uploads\\\/radioevangelique.jpg\",\"contentUrl\":\"https:\\\/\\\/publication-evangelique.com\\\/wp-content\\\/uploads\\\/radioevangelique.jpg\",\"width\":1280,\"height\":960},{\"@type\":\"BreadcrumbList\",\"@id\":\"https:\\\/\\\/publication-evangelique.com\\\/?page_id=18224#breadcrumb\",\"itemListElement\":[{\"@type\":\"ListItem\",\"position\":1,\"name\":\"Accueil\",\"item\":\"https:\\\/\\\/publication-evangelique.com\\\/\"},{\"@type\":\"ListItem\",\"position\":2,\"name\":\"\u00c9mission de radio \u00ab\u00a0Radio \u00c9vang\u00e9lique\u00a0\u00bb 2023\"}]},{\"@type\":\"WebSite\",\"@id\":\"https:\\\/\\\/publication-evangelique.com\\\/#website\",\"url\":\"https:\\\/\\\/publication-evangelique.com\\\/\",\"name\":\"Daniel Poulin - publication-evangelique.com\",\"description\":\"Daniel Poulin\",\"publisher\":{\"@id\":\"https:\\\/\\\/publication-evangelique.com\\\/#\\\/schema\\\/person\\\/a7aa86223ca614c8c1a737d18c95460c\"},\"potentialAction\":[{\"@type\":\"SearchAction\",\"target\":{\"@type\":\"EntryPoint\",\"urlTemplate\":\"https:\\\/\\\/publication-evangelique.com\\\/?s={search_term_string}\"},\"query-input\":{\"@type\":\"PropertyValueSpecification\",\"valueRequired\":true,\"valueName\":\"search_term_string\"}}],\"inLanguage\":\"fr-FR\"},{\"@type\":[\"Person\",\"Organization\"],\"@id\":\"https:\\\/\\\/publication-evangelique.com\\\/#\\\/schema\\\/person\\\/a7aa86223ca614c8c1a737d18c95460c\",\"name\":\"Daniel Poulin\",\"image\":{\"@type\":\"ImageObject\",\"inLanguage\":\"fr-FR\",\"@id\":\"https:\\\/\\\/publication-evangelique.com\\\/wp-content\\\/uploads\\\/daniel5-1.jpg\",\"url\":\"https:\\\/\\\/publication-evangelique.com\\\/wp-content\\\/uploads\\\/daniel5-1.jpg\",\"contentUrl\":\"https:\\\/\\\/publication-evangelique.com\\\/wp-content\\\/uploads\\\/daniel5-1.jpg\",\"width\":833,\"height\":969,\"caption\":\"Daniel Poulin\"},\"logo\":{\"@id\":\"https:\\\/\\\/publication-evangelique.com\\\/wp-content\\\/uploads\\\/daniel5-1.jpg\"},\"description\":\"Bonjour, ici Daniel Poulin! Je suis un chr\u00e9tien n\u00e9 de nouveau depuis 1980, ayant parcouru un cheminement avec le Seigneur J\u00e9sus-Christ, j'ai construit ce site afin de partager mes connaissances de la parole de Dieu \\\" La Bible \\\" Je travaille aussi au d\u00e9veloppement de la station de radio chr\u00e9tienne fran\u00e7aise \u00e0 Montr\u00e9al, \\\" La Radio Gospel \\\" que vous pouvez voir ici http:\\\/\\\/laradiogospel.ca Je fr\u00e9quente aussi une \u00e9glise, dont je pr\u00eache et j\u2019enseigne la parole de Dieu. La communaut\u00e9 \u00c9vang\u00e9lique de l'Agneau \\\" , voici l'adresse, http:\\\/\\\/communauteevangelique.ca\\\/\",\"sameAs\":[\"https:\\\/\\\/publication-evangelique.com\",\"https:\\\/\\\/www.facebook.com\\\/danielpoulin75\",\"https:\\\/\\\/www.linkedin.com\\\/in\\\/daniel-poulin-64614745\\\/\",\"https:\\\/\\\/x.com\\\/https:\\\/\\\/twitter.com\\\/Daniel_Poulin\",\"https:\\\/\\\/www.youtube.com\\\/user\\\/danielpoulin75\\\/videos\"]}]}<\/script>\n<!-- \/ Yoast SEO plugin. -->","yoast_head_json":{"title":"\u00c9mission de radio \" Radio \u00c9vang\u00e9lique \" 2023 - Publication \u00c9vang\u00e9lique","robots":{"index":"index","follow":"follow","max-snippet":"max-snippet:-1","max-image-preview":"max-image-preview:large","max-video-preview":"max-video-preview:-1"},"canonical":"https:\/\/publication-evangelique.com\/?page_id=18224","og_locale":"fr_FR","og_type":"article","og_title":"\u00c9mission de radio \" Radio \u00c9vang\u00e9lique \" 2023 - Publication \u00c9vang\u00e9lique","og_description":"Vous pourrez \u00e9couter Daniel Poulin sur les ondes de la station La Radio Gospel 1650 AM \u00e0 Montr\u00e9al ou sur internet sur http:\/\/laradiogospel.ca. &nbsp; &nbsp; &nbsp; &nbsp; &nbsp; Toutes les archives des \u00e9missions 2023 sont gard\u00e9s dans cette page. Mes &hellip; Lire la suite &rarr;","og_url":"https:\/\/publication-evangelique.com\/?page_id=18224","og_site_name":"Publication \u00c9vang\u00e9lique","article_publisher":"https:\/\/www.facebook.com\/danielpoulin75","article_modified_time":"2023-12-21T11:46:26+00:00","og_image":[{"width":1280,"height":960,"url":"https:\/\/publication-evangelique.com\/wp-content\/uploads\/radioevangelique.jpg","type":"image\/jpeg"}],"twitter_misc":{"Dur\u00e9e de lecture estim\u00e9e":"2 minutes"},"schema":{"@context":"https:\/\/schema.org","@graph":[{"@type":"WebPage","@id":"https:\/\/publication-evangelique.com\/?page_id=18224","url":"https:\/\/publication-evangelique.com\/?page_id=18224","name":"\u00c9mission de radio \" Radio \u00c9vang\u00e9lique \" 2023 - Publication \u00c9vang\u00e9lique","isPartOf":{"@id":"https:\/\/publication-evangelique.com\/#website"},"primaryImageOfPage":{"@id":"https:\/\/publication-evangelique.com\/?page_id=18224#primaryimage"},"image":{"@id":"https:\/\/publication-evangelique.com\/?page_id=18224#primaryimage"},"thumbnailUrl":"https:\/\/publication-evangelique.com\/wp-content\/uploads\/radioevangelique.jpg","datePublished":"2023-01-15T17:21:48+00:00","dateModified":"2023-12-21T11:46:26+00:00","breadcrumb":{"@id":"https:\/\/publication-evangelique.com\/?page_id=18224#breadcrumb"},"inLanguage":"fr-FR","potentialAction":[{"@type":"ReadAction","target":["https:\/\/publication-evangelique.com\/?page_id=18224"]}]},{"@type":"ImageObject","inLanguage":"fr-FR","@id":"https:\/\/publication-evangelique.com\/?page_id=18224#primaryimage","url":"https:\/\/publication-evangelique.com\/wp-content\/uploads\/radioevangelique.jpg","contentUrl":"https:\/\/publication-evangelique.com\/wp-content\/uploads\/radioevangelique.jpg","width":1280,"height":960},{"@type":"BreadcrumbList","@id":"https:\/\/publication-evangelique.com\/?page_id=18224#breadcrumb","itemListElement":[{"@type":"ListItem","position":1,"name":"Accueil","item":"https:\/\/publication-evangelique.com\/"},{"@type":"ListItem","position":2,"name":"\u00c9mission de radio \u00ab\u00a0Radio \u00c9vang\u00e9lique\u00a0\u00bb 2023"}]},{"@type":"WebSite","@id":"https:\/\/publication-evangelique.com\/#website","url":"https:\/\/publication-evangelique.com\/","name":"Daniel Poulin - publication-evangelique.com","description":"Daniel Poulin","publisher":{"@id":"https:\/\/publication-evangelique.com\/#\/schema\/person\/a7aa86223ca614c8c1a737d18c95460c"},"potentialAction":[{"@type":"SearchAction","target":{"@type":"EntryPoint","urlTemplate":"https:\/\/publication-evangelique.com\/?s={search_term_string}"},"query-input":{"@type":"PropertyValueSpecification","valueRequired":true,"valueName":"search_term_string"}}],"inLanguage":"fr-FR"},{"@type":["Person","Organization"],"@id":"https:\/\/publication-evangelique.com\/#\/schema\/person\/a7aa86223ca614c8c1a737d18c95460c","name":"Daniel Poulin","image":{"@type":"ImageObject","inLanguage":"fr-FR","@id":"https:\/\/publication-evangelique.com\/wp-content\/uploads\/daniel5-1.jpg","url":"https:\/\/publication-evangelique.com\/wp-content\/uploads\/daniel5-1.jpg","contentUrl":"https:\/\/publication-evangelique.com\/wp-content\/uploads\/daniel5-1.jpg","width":833,"height":969,"caption":"Daniel Poulin"},"logo":{"@id":"https:\/\/publication-evangelique.com\/wp-content\/uploads\/daniel5-1.jpg"},"description":"Bonjour, ici Daniel Poulin! Je suis un chr\u00e9tien n\u00e9 de nouveau depuis 1980, ayant parcouru un cheminement avec le Seigneur J\u00e9sus-Christ, j'ai construit ce site afin de partager mes connaissances de la parole de Dieu \" La Bible \" Je travaille aussi au d\u00e9veloppement de la station de radio chr\u00e9tienne fran\u00e7aise \u00e0 Montr\u00e9al, \" La Radio Gospel \" que vous pouvez voir ici http:\/\/laradiogospel.ca Je fr\u00e9quente aussi une \u00e9glise, dont je pr\u00eache et j\u2019enseigne la parole de Dieu. La communaut\u00e9 \u00c9vang\u00e9lique de l'Agneau \" , voici l'adresse, http:\/\/communauteevangelique.ca\/","sameAs":["https:\/\/publication-evangelique.com","https:\/\/www.facebook.com\/danielpoulin75","https:\/\/www.linkedin.com\/in\/daniel-poulin-64614745\/","https:\/\/x.com\/https:\/\/twitter.com\/Daniel_Poulin","https:\/\/www.youtube.com\/user\/danielpoulin75\/videos"]}]}},"_links":{"self":[{"href":"https:\/\/publication-evangelique.com\/index.php?rest_route=\/wp\/v2\/pages\/18224","targetHints":{"allow":["GET"]}}],"collection":[{"href":"https:\/\/publication-evangelique.com\/index.php?rest_route=\/wp\/v2\/pages"}],"about":[{"href":"https:\/\/publication-evangelique.com\/index.php?rest_route=\/wp\/v2\/types\/page"}],"author":[{"embeddable":true,"href":"https:\/\/publication-evangelique.com\/index.php?rest_route=\/wp\/v2\/users\/1"}],"replies":[{"embeddable":true,"href":"https:\/\/publication-evangelique.com\/index.php?rest_route=%2Fwp%2Fv2%2Fcomments&post=18224"}],"version-history":[{"count":0,"href":"https:\/\/publication-evangelique.com\/index.php?rest_route=\/wp\/v2\/pages\/18224\/revisions"}],"wp:featuredmedia":[{"embeddable":true,"href":"https:\/\/publication-evangelique.com\/index.php?rest_route=\/wp\/v2\/media\/13199"}],"wp:attachment":[{"href":"https:\/\/publication-evangelique.com\/index.php?rest_route=%2Fwp%2Fv2%2Fmedia&parent=18224"}],"curies":[{"name":"wp","href":"https:\/\/api.w.org\/{rel}","templated":true}]}}