{"id":18914,"date":"2023-12-21T05:48:47","date_gmt":"2023-12-21T10:48:47","guid":{"rendered":"http:\/\/publication-evangelique.com\/?page_id=18914"},"modified":"2025-10-30T04:46:46","modified_gmt":"2025-10-30T09:46:46","slug":"intercesseurs-pour-dieu","status":"publish","type":"page","link":"https:\/\/publication-evangelique.com\/?page_id=18914","title":{"rendered":"Intercesseurs pour Dieu."},"content":{"rendered":"<p>Intercesseurs pour Dieu, est une \u00e9tude biblique qui peut \u00eatre utiliser lors des r\u00e9unions de pri\u00e8re.<\/p>\n<p>Nous allons faire un survol des enseignements de J\u00e9sus et des ap\u00f4tres qui veulent nous amener \u00e0 pr\u00e9senter des pri\u00e8res efficace.<\/p>\n<p><strong>Comment approfonfir notre position de notre premier minist\u00e8re, la pri\u00e8re?<\/strong><br \/>\n1 &#8211; <a href= \" https:\/\/publication-evangelique.com\/?p=18922 \" >Nous sommes un peuple de sacrificateur.<\/a><br \/>\n2 &#8211; <a href= \" https:\/\/publication-evangelique.com\/?p=19011 \" >Seigneur enseigne nous \u00e0 prier.<\/a><br \/>\n3 &#8211; <a href= \" https:\/\/publication-evangelique.com\/?p=19028 \" >Uni avec l\u2019Esprit pour la pri\u00e8re.<\/a><br \/>\n4 &#8211; <a href= \" https:\/\/publication-evangelique.com\/?p=19060 \" >Uni ensemble dans la pri\u00e8re<\/a><br \/>\n5 &#8211; <a href= \" https:\/\/publication-evangelique.com\/?p=19091 \" >Demander justice<\/a><br \/>\n6 &#8211; <a href= \" https:\/\/publication-evangelique.com\/?p=19192 \" >Pri\u00e8res dans la foi<\/a><br \/>\n7 &#8211; <a href= \" https:\/\/publication-evangelique.com\/?p=19224 \" >Pr\u00e9senter des pri\u00e8res ferventes par des supplications.<\/a><\/p>\n<p><strong>Quelque emp\u00eachement aux exhaussements de pri\u00e8res.<\/strong><br \/>\n8 &#8211; <a href= \" https:\/\/publication-evangelique.com\/?p=19288 \" >Il faut s\u2019adresser au vrai Dieu<\/a><br \/>\n9 &#8211; <a href= \" https:\/\/publication-evangelique.com\/?p=19288 \" >Les pri\u00e8res doivent \u00eatre pr\u00e9sent\u00e9es dans le nom de J\u00e9sus.<\/a><br \/>\n10 &#8211; <a href= \" https:\/\/publication-evangelique.com\/?p=19348 \" >La multiplication des paroles vides.<\/a><br \/>\n11 &#8211; <a href= \" https:\/\/publication-evangelique.com\/?p=19389 \" >Prier pour l\u2019apparence, pour se montrer \u00e9loquent.<\/a><br \/>\n12 &#8211; <a href= \" https:\/\/publication-evangelique.com\/?p=19440 \" >Une vie pas conforme \u00e0 la volont\u00e9 de Dieu.<\/a><br \/>\n13 &#8211; <a href= \" https:\/\/publication-evangelique.com\/?p=19466 \" >L\u2019importance de garder une bonne relation avec les autres.<\/a><br \/>\n14 &#8211; <a href= \" https:\/\/publication-evangelique.com\/?p=19511 \" >Ne pas demander selon nos passions.<\/a><br \/>\n15 &#8211; <a href= \" https:\/\/publication-evangelique.com\/?p=19506\" >Faire des pri\u00e8res en doutant.<\/a><br \/>\n16 &#8211; <a href= \" https:\/\/publication-evangelique.com\/?p=19553\" >Ne pas prier avec pers\u00e9v\u00e9rance, due au d\u00e9couragement.<\/a><br \/>\n17 &#8211; <a href= \" https:\/\/publication-evangelique.com\/?p=19603\" >Pas d\u2019unit\u00e9 avec les autres.<\/a><br \/>\n18 &#8211; <a href= \" https:\/\/publication-evangelique.com\/?p=19621\" >La pri\u00e8re, le moyen de communication.<\/a><\/p>\n<p><strong>Avan\u00e7ons avec Dieu<\/strong><br \/>\n19 &#8211; <a href= \" https:\/\/publication-evangelique.com\/?p=19642\" >Par la pri\u00e8re, la puissance d\u2019avancer<\/a><br \/>\n20 &#8211; <a href= \" https:\/\/publication-evangelique.com\/?p=19666\" >Priez par le Saint-Esprit.<\/a><br \/>\n21 &#8211; <a href= \" https:\/\/publication-evangelique.com\/?p=19679\" >Prier pour voir le royaume de Dieu avancer.<\/a><br \/>\n22 &#8211; <a href= \" https:\/\/publication-evangelique.com\/?p=19706\" >Prier pour voir les gu\u00e9risons, corps et \u00e2me et esprit.<\/a><br \/>\n23 &#8211; <a href= \" https:\/\/publication-evangelique.com\/?p=19746\" >Prier pour voir les gu\u00e9risons de notre pays.<\/a><br \/>\n24 &#8211; <a href= \" https:\/\/publication-evangelique.com\/?p=19777\" >Que faire envers ceux qui vous font du mal ?<\/a><br \/>\n25 &#8211; <a href= \" https:\/\/publication-evangelique.com\/?p=19791\" >Priez pour les petits enfants.<\/a><br \/>\n26 &#8211; <a href= \" https:\/\/publication-evangelique.com\/?p=19825\" >Priez pour votre croissance dans le Seigneur.<\/a><br \/>\n27 &#8211; <a href= \" https:\/\/publication-evangelique.com\/?p=19839\" >Priez pour l\u2019\u00e9vang\u00e9lisation.<\/a><br \/>\n28 &#8211; <a href= \" https:\/\/publication-evangelique.com\/?p=19894\" >Le je\u00fbne, selon Dieu.<\/a><br \/>\n29 &#8211; <a href= \" https:\/\/publication-evangelique.com\/?p=19928\" >Le chemin de la gu\u00e9rison<\/a><br \/>\n30 &#8211; <a href= \" https:\/\/publication-evangelique.com\/?p=19965\" >Le symbole de l\u2019onction d\u2019huile dans la pri\u00e8re.<\/a><\/p>\n<p>&#8212;&#8212;&#8212;&#8212;&#8212;&#8212;&#8212;&#8212;&#8212;<\/p>\n<p>Note: A part d&rsquo;une mention sp\u00e9ciale, toutes les citations bibliques<br \/>\nsont tir\u00e9es du texte de la traduction; Louis Segond 1910.<br \/>\n\u00a9 Tout droit r\u00e9serv\u00e9<\/p>\n<p>Produit par : Daniel Poulin<br \/>\n\u00c9dit\u00e9 par : <a href= \" https:\/\/publication-evangelique.com \" >https:\/\/publication-evangelique.com<\/a><\/p>\n<p>Adresse de ce blogue : <a href= \" https:\/\/publication-evangelique.com\/?page_id=18061 \" >https:\/\/publication-evangelique.com\/?page_id=18061<\/a><\/p>\n","protected":false},"excerpt":{"rendered":"<p>Intercesseurs pour Dieu, est une \u00e9tude biblique qui peut \u00eatre utiliser lors des r\u00e9unions de pri\u00e8re. Nous allons faire un survol des enseignements de J\u00e9sus et des ap\u00f4tres qui veulent nous amener \u00e0 pr\u00e9senter des pri\u00e8res efficace. Comment approfonfir notre <span class=\"excerpt-dots\">&hellip;<\/span> <a class=\"more-link\" href=\"https:\/\/publication-evangelique.com\/?page_id=18914\"><span class=\"more-msg\">Lire la suite &rarr;<\/span><\/a><\/p>\n","protected":false},"author":1,"featured_media":13126,"parent":0,"menu_order":0,"comment_status":"closed","ping_status":"closed","template":"","meta":{"footnotes":""},"class_list":["post-18914","page","type-page","status-publish","has-post-thumbnail","hentry"],"yoast_head":"<!-- This site is optimized with the Yoast SEO plugin v27.4 - https:\/\/yoast.com\/product\/yoast-seo-wordpress\/ -->\n<title>Intercesseurs pour Dieu. - Publication \u00c9vang\u00e9lique<\/title>\n<meta name=\"robots\" content=\"index, follow, max-snippet:-1, max-image-preview:large, max-video-preview:-1\" \/>\n<link rel=\"canonical\" href=\"https:\/\/publication-evangelique.com\/?page_id=18914\" \/>\n<meta property=\"og:locale\" content=\"fr_FR\" \/>\n<meta property=\"og:type\" content=\"article\" \/>\n<meta property=\"og:title\" content=\"Intercesseurs pour Dieu. - Publication \u00c9vang\u00e9lique\" \/>\n<meta property=\"og:description\" content=\"Intercesseurs pour Dieu, est une \u00e9tude biblique qui peut \u00eatre utiliser lors des r\u00e9unions de pri\u00e8re. Nous allons faire un survol des enseignements de J\u00e9sus et des ap\u00f4tres qui veulent nous amener \u00e0 pr\u00e9senter des pri\u00e8res efficace. Comment approfonfir notre &hellip; Lire la suite &rarr;\" \/>\n<meta property=\"og:url\" content=\"https:\/\/publication-evangelique.com\/?page_id=18914\" \/>\n<meta property=\"og:site_name\" content=\"Publication \u00c9vang\u00e9lique\" \/>\n<meta property=\"article:publisher\" content=\"https:\/\/www.facebook.com\/danielpoulin75\" \/>\n<meta property=\"article:modified_time\" content=\"2025-10-30T09:46:46+00:00\" \/>\n<meta property=\"og:image\" content=\"https:\/\/publication-evangelique.com\/wp-content\/uploads\/1330.jpg\" \/>\n\t<meta property=\"og:image:width\" content=\"1280\" \/>\n\t<meta property=\"og:image:height\" content=\"963\" \/>\n\t<meta property=\"og:image:type\" content=\"image\/jpeg\" \/>\n<meta name=\"twitter:label1\" content=\"Dur\u00e9e de lecture estim\u00e9e\" \/>\n\t<meta name=\"twitter:data1\" content=\"2 minutes\" \/>\n<script type=\"application\/ld+json\" class=\"yoast-schema-graph\">{\"@context\":\"https:\\\/\\\/schema.org\",\"@graph\":[{\"@type\":\"WebPage\",\"@id\":\"https:\\\/\\\/publication-evangelique.com\\\/?page_id=18914\",\"url\":\"https:\\\/\\\/publication-evangelique.com\\\/?page_id=18914\",\"name\":\"Intercesseurs pour Dieu. - Publication \u00c9vang\u00e9lique\",\"isPartOf\":{\"@id\":\"https:\\\/\\\/publication-evangelique.com\\\/#website\"},\"primaryImageOfPage\":{\"@id\":\"https:\\\/\\\/publication-evangelique.com\\\/?page_id=18914#primaryimage\"},\"image\":{\"@id\":\"https:\\\/\\\/publication-evangelique.com\\\/?page_id=18914#primaryimage\"},\"thumbnailUrl\":\"https:\\\/\\\/publication-evangelique.com\\\/wp-content\\\/uploads\\\/1330.jpg\",\"datePublished\":\"2023-12-21T10:48:47+00:00\",\"dateModified\":\"2025-10-30T09:46:46+00:00\",\"breadcrumb\":{\"@id\":\"https:\\\/\\\/publication-evangelique.com\\\/?page_id=18914#breadcrumb\"},\"inLanguage\":\"fr-FR\",\"potentialAction\":[{\"@type\":\"ReadAction\",\"target\":[\"https:\\\/\\\/publication-evangelique.com\\\/?page_id=18914\"]}]},{\"@type\":\"ImageObject\",\"inLanguage\":\"fr-FR\",\"@id\":\"https:\\\/\\\/publication-evangelique.com\\\/?page_id=18914#primaryimage\",\"url\":\"https:\\\/\\\/publication-evangelique.com\\\/wp-content\\\/uploads\\\/1330.jpg\",\"contentUrl\":\"https:\\\/\\\/publication-evangelique.com\\\/wp-content\\\/uploads\\\/1330.jpg\",\"width\":1280,\"height\":963},{\"@type\":\"BreadcrumbList\",\"@id\":\"https:\\\/\\\/publication-evangelique.com\\\/?page_id=18914#breadcrumb\",\"itemListElement\":[{\"@type\":\"ListItem\",\"position\":1,\"name\":\"Accueil\",\"item\":\"https:\\\/\\\/publication-evangelique.com\\\/\"},{\"@type\":\"ListItem\",\"position\":2,\"name\":\"Intercesseurs pour Dieu.\"}]},{\"@type\":\"WebSite\",\"@id\":\"https:\\\/\\\/publication-evangelique.com\\\/#website\",\"url\":\"https:\\\/\\\/publication-evangelique.com\\\/\",\"name\":\"Daniel Poulin - publication-evangelique.com\",\"description\":\"Daniel Poulin\",\"publisher\":{\"@id\":\"https:\\\/\\\/publication-evangelique.com\\\/#\\\/schema\\\/person\\\/a7aa86223ca614c8c1a737d18c95460c\"},\"potentialAction\":[{\"@type\":\"SearchAction\",\"target\":{\"@type\":\"EntryPoint\",\"urlTemplate\":\"https:\\\/\\\/publication-evangelique.com\\\/?s={search_term_string}\"},\"query-input\":{\"@type\":\"PropertyValueSpecification\",\"valueRequired\":true,\"valueName\":\"search_term_string\"}}],\"inLanguage\":\"fr-FR\"},{\"@type\":[\"Person\",\"Organization\"],\"@id\":\"https:\\\/\\\/publication-evangelique.com\\\/#\\\/schema\\\/person\\\/a7aa86223ca614c8c1a737d18c95460c\",\"name\":\"Daniel Poulin\",\"image\":{\"@type\":\"ImageObject\",\"inLanguage\":\"fr-FR\",\"@id\":\"https:\\\/\\\/publication-evangelique.com\\\/wp-content\\\/uploads\\\/daniel5-1.jpg\",\"url\":\"https:\\\/\\\/publication-evangelique.com\\\/wp-content\\\/uploads\\\/daniel5-1.jpg\",\"contentUrl\":\"https:\\\/\\\/publication-evangelique.com\\\/wp-content\\\/uploads\\\/daniel5-1.jpg\",\"width\":833,\"height\":969,\"caption\":\"Daniel Poulin\"},\"logo\":{\"@id\":\"https:\\\/\\\/publication-evangelique.com\\\/wp-content\\\/uploads\\\/daniel5-1.jpg\"},\"description\":\"Bonjour, ici Daniel Poulin! Je suis un chr\u00e9tien n\u00e9 de nouveau depuis 1980, ayant parcouru un cheminement avec le Seigneur J\u00e9sus-Christ, j'ai construit ce site afin de partager mes connaissances de la parole de Dieu \\\" La Bible \\\" Je travaille aussi au d\u00e9veloppement de la station de radio chr\u00e9tienne fran\u00e7aise \u00e0 Montr\u00e9al, \\\" La Radio Gospel \\\" que vous pouvez voir ici http:\\\/\\\/laradiogospel.ca Je fr\u00e9quente aussi une \u00e9glise, dont je pr\u00eache et j\u2019enseigne la parole de Dieu. La communaut\u00e9 \u00c9vang\u00e9lique de l'Agneau \\\" , voici l'adresse, http:\\\/\\\/communauteevangelique.ca\\\/\",\"sameAs\":[\"https:\\\/\\\/publication-evangelique.com\",\"https:\\\/\\\/www.facebook.com\\\/danielpoulin75\",\"https:\\\/\\\/www.linkedin.com\\\/in\\\/daniel-poulin-64614745\\\/\",\"https:\\\/\\\/x.com\\\/https:\\\/\\\/twitter.com\\\/Daniel_Poulin\",\"https:\\\/\\\/www.youtube.com\\\/user\\\/danielpoulin75\\\/videos\"]}]}<\/script>\n<!-- \/ Yoast SEO plugin. -->","yoast_head_json":{"title":"Intercesseurs pour Dieu. - Publication \u00c9vang\u00e9lique","robots":{"index":"index","follow":"follow","max-snippet":"max-snippet:-1","max-image-preview":"max-image-preview:large","max-video-preview":"max-video-preview:-1"},"canonical":"https:\/\/publication-evangelique.com\/?page_id=18914","og_locale":"fr_FR","og_type":"article","og_title":"Intercesseurs pour Dieu. - Publication \u00c9vang\u00e9lique","og_description":"Intercesseurs pour Dieu, est une \u00e9tude biblique qui peut \u00eatre utiliser lors des r\u00e9unions de pri\u00e8re. Nous allons faire un survol des enseignements de J\u00e9sus et des ap\u00f4tres qui veulent nous amener \u00e0 pr\u00e9senter des pri\u00e8res efficace. Comment approfonfir notre &hellip; Lire la suite &rarr;","og_url":"https:\/\/publication-evangelique.com\/?page_id=18914","og_site_name":"Publication \u00c9vang\u00e9lique","article_publisher":"https:\/\/www.facebook.com\/danielpoulin75","article_modified_time":"2025-10-30T09:46:46+00:00","og_image":[{"width":1280,"height":963,"url":"https:\/\/publication-evangelique.com\/wp-content\/uploads\/1330.jpg","type":"image\/jpeg"}],"twitter_misc":{"Dur\u00e9e de lecture estim\u00e9e":"2 minutes"},"schema":{"@context":"https:\/\/schema.org","@graph":[{"@type":"WebPage","@id":"https:\/\/publication-evangelique.com\/?page_id=18914","url":"https:\/\/publication-evangelique.com\/?page_id=18914","name":"Intercesseurs pour Dieu. - Publication \u00c9vang\u00e9lique","isPartOf":{"@id":"https:\/\/publication-evangelique.com\/#website"},"primaryImageOfPage":{"@id":"https:\/\/publication-evangelique.com\/?page_id=18914#primaryimage"},"image":{"@id":"https:\/\/publication-evangelique.com\/?page_id=18914#primaryimage"},"thumbnailUrl":"https:\/\/publication-evangelique.com\/wp-content\/uploads\/1330.jpg","datePublished":"2023-12-21T10:48:47+00:00","dateModified":"2025-10-30T09:46:46+00:00","breadcrumb":{"@id":"https:\/\/publication-evangelique.com\/?page_id=18914#breadcrumb"},"inLanguage":"fr-FR","potentialAction":[{"@type":"ReadAction","target":["https:\/\/publication-evangelique.com\/?page_id=18914"]}]},{"@type":"ImageObject","inLanguage":"fr-FR","@id":"https:\/\/publication-evangelique.com\/?page_id=18914#primaryimage","url":"https:\/\/publication-evangelique.com\/wp-content\/uploads\/1330.jpg","contentUrl":"https:\/\/publication-evangelique.com\/wp-content\/uploads\/1330.jpg","width":1280,"height":963},{"@type":"BreadcrumbList","@id":"https:\/\/publication-evangelique.com\/?page_id=18914#breadcrumb","itemListElement":[{"@type":"ListItem","position":1,"name":"Accueil","item":"https:\/\/publication-evangelique.com\/"},{"@type":"ListItem","position":2,"name":"Intercesseurs pour Dieu."}]},{"@type":"WebSite","@id":"https:\/\/publication-evangelique.com\/#website","url":"https:\/\/publication-evangelique.com\/","name":"Daniel Poulin - publication-evangelique.com","description":"Daniel Poulin","publisher":{"@id":"https:\/\/publication-evangelique.com\/#\/schema\/person\/a7aa86223ca614c8c1a737d18c95460c"},"potentialAction":[{"@type":"SearchAction","target":{"@type":"EntryPoint","urlTemplate":"https:\/\/publication-evangelique.com\/?s={search_term_string}"},"query-input":{"@type":"PropertyValueSpecification","valueRequired":true,"valueName":"search_term_string"}}],"inLanguage":"fr-FR"},{"@type":["Person","Organization"],"@id":"https:\/\/publication-evangelique.com\/#\/schema\/person\/a7aa86223ca614c8c1a737d18c95460c","name":"Daniel Poulin","image":{"@type":"ImageObject","inLanguage":"fr-FR","@id":"https:\/\/publication-evangelique.com\/wp-content\/uploads\/daniel5-1.jpg","url":"https:\/\/publication-evangelique.com\/wp-content\/uploads\/daniel5-1.jpg","contentUrl":"https:\/\/publication-evangelique.com\/wp-content\/uploads\/daniel5-1.jpg","width":833,"height":969,"caption":"Daniel Poulin"},"logo":{"@id":"https:\/\/publication-evangelique.com\/wp-content\/uploads\/daniel5-1.jpg"},"description":"Bonjour, ici Daniel Poulin! Je suis un chr\u00e9tien n\u00e9 de nouveau depuis 1980, ayant parcouru un cheminement avec le Seigneur J\u00e9sus-Christ, j'ai construit ce site afin de partager mes connaissances de la parole de Dieu \" La Bible \" Je travaille aussi au d\u00e9veloppement de la station de radio chr\u00e9tienne fran\u00e7aise \u00e0 Montr\u00e9al, \" La Radio Gospel \" que vous pouvez voir ici http:\/\/laradiogospel.ca Je fr\u00e9quente aussi une \u00e9glise, dont je pr\u00eache et j\u2019enseigne la parole de Dieu. La communaut\u00e9 \u00c9vang\u00e9lique de l'Agneau \" , voici l'adresse, http:\/\/communauteevangelique.ca\/","sameAs":["https:\/\/publication-evangelique.com","https:\/\/www.facebook.com\/danielpoulin75","https:\/\/www.linkedin.com\/in\/daniel-poulin-64614745\/","https:\/\/x.com\/https:\/\/twitter.com\/Daniel_Poulin","https:\/\/www.youtube.com\/user\/danielpoulin75\/videos"]}]}},"_links":{"self":[{"href":"https:\/\/publication-evangelique.com\/index.php?rest_route=\/wp\/v2\/pages\/18914","targetHints":{"allow":["GET"]}}],"collection":[{"href":"https:\/\/publication-evangelique.com\/index.php?rest_route=\/wp\/v2\/pages"}],"about":[{"href":"https:\/\/publication-evangelique.com\/index.php?rest_route=\/wp\/v2\/types\/page"}],"author":[{"embeddable":true,"href":"https:\/\/publication-evangelique.com\/index.php?rest_route=\/wp\/v2\/users\/1"}],"replies":[{"embeddable":true,"href":"https:\/\/publication-evangelique.com\/index.php?rest_route=%2Fwp%2Fv2%2Fcomments&post=18914"}],"version-history":[{"count":24,"href":"https:\/\/publication-evangelique.com\/index.php?rest_route=\/wp\/v2\/pages\/18914\/revisions"}],"predecessor-version":[{"id":19969,"href":"https:\/\/publication-evangelique.com\/index.php?rest_route=\/wp\/v2\/pages\/18914\/revisions\/19969"}],"wp:featuredmedia":[{"embeddable":true,"href":"https:\/\/publication-evangelique.com\/index.php?rest_route=\/wp\/v2\/media\/13126"}],"wp:attachment":[{"href":"https:\/\/publication-evangelique.com\/index.php?rest_route=%2Fwp%2Fv2%2Fmedia&parent=18914"}],"curies":[{"name":"wp","href":"https:\/\/api.w.org\/{rel}","templated":true}]}}