{"id":1893,"date":"2010-07-05T10:26:11","date_gmt":"2010-07-05T15:26:11","guid":{"rendered":"http:\/\/publication-evangelique.com\/?page_id=1893"},"modified":"2017-08-08T13:58:02","modified_gmt":"2017-08-08T18:58:02","slug":"premier-pas-introduction-a-la-vie-chretienne","status":"publish","type":"page","link":"https:\/\/publication-evangelique.com\/?page_id=1893","title":{"rendered":"Premier pas, introduction \u00e0 la vie chr\u00e9tienne"},"content":{"rendered":"<p>Quelque enseignements qui nous am\u00e8nent \u00e0 comprendre la base de la foi chr\u00e9tienne.<br \/>\nCe cour permet d&rsquo;apprendre les fondements de notre foi et aussi ils pr\u00e9parent les candidats au bapt\u00eame d&rsquo;eau.<\/p>\n<p>Vous pouvez aussi les \u00e9couter en MP3.<\/p>\n<p>&#8212;&#8212;&#8212;&#8212;&#8212;&#8212;&#8212;&#8212;&#8212;<\/p>\n<p>&#8211; Premier pas &#8211; 1 <a href= \" https:\/\/publication-evangelique.com\/?p=1887 \" > Le chr\u00e9tien et la Bible <\/a><br \/>\n&#8211; Premier pas &#8211; 2 <a href= \" https:\/\/publication-evangelique.com\/?p=1907 \" > Le chr\u00e9tien et son Dieu <\/a><br \/>\n&#8211; Premier pas &#8211; 3 <a href= \" https:\/\/publication-evangelique.com\/?p=1920 \" > Le chr\u00e9tien et le salut <\/a><br \/>\n&#8211; Premier pas &#8211; 4 <a href= \" https:\/\/publication-evangelique.com\/?p=1947 \" > Le chr\u00e9tien et l&rsquo;\u00e9glise <\/a><br \/>\n&#8211; Premier pas &#8211; 5 <a href= \" https:\/\/publication-evangelique.com\/?p=1933 \" > Le chr\u00e9tien et le bapt\u00eame <\/a><br \/>\n&#8211; Premier pas &#8211; 6 <a href= \" https:\/\/publication-evangelique.com\/?p=1965 \" > Le chr\u00e9tien et la pri\u00e8re <\/a><br \/>\n&#8211; Premier pas &#8211; 7 <a href= \" https:\/\/publication-evangelique.com\/?p=1978 \" > Le chr\u00e9tien et les offrandes <\/a><br \/>\n&#8211; Premier pas &#8211; 8 <a href= \" https:\/\/publication-evangelique.com\/?p=1985 \" > Le chr\u00e9tien et la sanctification <\/a><br \/>\n&#8211; Premier pas &#8211; 9 <a href= \" https:\/\/publication-evangelique.com\/?p=2001 \" > Le chr\u00e9tien et l&rsquo;\u00e9vang\u00e9lisation <\/a><br \/>\n&#8211; Premier pas &#8211; 10 <a href= \" https:\/\/publication-evangelique.com\/?p=2008 \" > Le chr\u00e9tien et ses ennemis <\/a><br \/>\n&#8211; Premier pas &#8211; 11 <a href= \" https:\/\/publication-evangelique.com\/?p=2059 \" > Le chr\u00e9tien et la sainte sc\u00e8ne <\/a><br \/>\n&#8211; Premier pas &#8211; 12 <a href= \" https:\/\/publication-evangelique.com\/?p=2065 \" > Le chr\u00e9tien et le bapt\u00eame du Saint-Esprit <\/a><br \/>\n&#8211; Premier pas &#8211; 13 <a href= \" https:\/\/publication-evangelique.com\/?p=2101 \" > Le chr\u00e9tien et le retour de son Seigneur<\/a><br \/>\n&#8211; Premier pas &#8211; 14 <a href= \" https:\/\/publication-evangelique.com\/?p=2134 \" > Le chr\u00e9tien et le r\u00e8gne de 1000 ans<\/a><br \/>\n&#8211; Premier pas &#8211; 15 <a href= \" https:\/\/publication-evangelique.com\/?p=2161 \" > Le chr\u00e9tien et sa vie dans la Cit\u00e9 \u00e9ternelle<\/a><\/p>\n<p>&#8212;&#8212;&#8212;&#8212;&#8212;&#8212;&#8212;&#8212;&#8212;<\/p>\n<p>Produit par: Daniel Poulin<br \/>\n\u00c9dit\u00e9 par: <a title= \" https:\/\/publication-evangelique.com \" href= \" https:\/\/publication-evangelique.com \" target= \" _blank \" >https:\/\/publication-evangelique.com<\/a><\/p>\n<p><strong>Adresse de ce blogue :<\/strong> <a href= \" https:\/\/publication-evangelique.com\/?page_id=1893 \" > https:\/\/publication-evangelique.com\/?page_id=1893<\/a><\/p>\n","protected":false},"excerpt":{"rendered":"<p>Quelque enseignements qui nous am\u00e8nent \u00e0 comprendre la base de la foi chr\u00e9tienne. Ce cour permet d&rsquo;apprendre les fondements de notre foi et aussi ils pr\u00e9parent les candidats au bapt\u00eame d&rsquo;eau. Vous pouvez aussi les \u00e9couter en MP3. &#8212;&#8212;&#8212;&#8212;&#8212;&#8212;&#8212;&#8212;&#8212; &#8211; <span class=\"excerpt-dots\">&hellip;<\/span> <a class=\"more-link\" href=\"https:\/\/publication-evangelique.com\/?page_id=1893\"><span class=\"more-msg\">Lire la suite &rarr;<\/span><\/a><\/p>\n","protected":false},"author":1,"featured_media":12921,"parent":0,"menu_order":226,"comment_status":"closed","ping_status":"closed","template":"","meta":{"footnotes":""},"class_list":["post-1893","page","type-page","status-publish","has-post-thumbnail","hentry"],"yoast_head":"<!-- This site is optimized with the Yoast SEO plugin v27.5 - https:\/\/yoast.com\/product\/yoast-seo-wordpress\/ -->\n<title>Premier pas, introduction \u00e0 la vie chr\u00e9tienne<\/title>\n<meta name=\"robots\" content=\"index, follow, max-snippet:-1, max-image-preview:large, max-video-preview:-1\" \/>\n<link rel=\"canonical\" href=\"https:\/\/publication-evangelique.com\/?page_id=1893\" \/>\n<meta property=\"og:locale\" content=\"fr_FR\" \/>\n<meta property=\"og:type\" content=\"article\" \/>\n<meta property=\"og:title\" content=\"Premier pas, introduction \u00e0 la vie chr\u00e9tienne\" \/>\n<meta property=\"og:description\" content=\"Quelque enseignements qui nous am\u00e8nent \u00e0 comprendre la base de la foi chr\u00e9tienne. Ce cour permet d&rsquo;apprendre les fondements de notre foi et aussi ils pr\u00e9parent les candidats au bapt\u00eame d&rsquo;eau. Vous pouvez aussi les \u00e9couter en MP3. &#8212;&#8212;&#8212;&#8212;&#8212;&#8212;&#8212;&#8212;&#8212; &#8211; &hellip; Lire la suite &rarr;\" \/>\n<meta property=\"og:url\" content=\"https:\/\/publication-evangelique.com\/?page_id=1893\" \/>\n<meta property=\"og:site_name\" content=\"Publication \u00c9vang\u00e9lique\" \/>\n<meta property=\"article:publisher\" content=\"https:\/\/www.facebook.com\/danielpoulin75\" \/>\n<meta property=\"article:modified_time\" content=\"2017-08-08T18:58:02+00:00\" \/>\n<meta property=\"og:image\" content=\"https:\/\/publication-evangelique.com\/wp-content\/uploads\/1124.jpg\" \/>\n\t<meta property=\"og:image:width\" content=\"1280\" \/>\n\t<meta property=\"og:image:height\" content=\"846\" \/>\n\t<meta property=\"og:image:type\" content=\"image\/jpeg\" \/>\n<meta name=\"twitter:label1\" content=\"Dur\u00e9e de lecture estim\u00e9e\" \/>\n\t<meta name=\"twitter:data1\" content=\"1 minute\" \/>\n<script type=\"application\/ld+json\" class=\"yoast-schema-graph\">{\"@context\":\"https:\\\/\\\/schema.org\",\"@graph\":[{\"@type\":\"WebPage\",\"@id\":\"https:\\\/\\\/publication-evangelique.com\\\/?page_id=1893\",\"url\":\"https:\\\/\\\/publication-evangelique.com\\\/?page_id=1893\",\"name\":\"Premier pas, introduction \u00e0 la vie chr\u00e9tienne\",\"isPartOf\":{\"@id\":\"https:\\\/\\\/publication-evangelique.com\\\/#website\"},\"primaryImageOfPage\":{\"@id\":\"https:\\\/\\\/publication-evangelique.com\\\/?page_id=1893#primaryimage\"},\"image\":{\"@id\":\"https:\\\/\\\/publication-evangelique.com\\\/?page_id=1893#primaryimage\"},\"thumbnailUrl\":\"https:\\\/\\\/publication-evangelique.com\\\/wp-content\\\/uploads\\\/1124.jpg\",\"datePublished\":\"2010-07-05T15:26:11+00:00\",\"dateModified\":\"2017-08-08T18:58:02+00:00\",\"breadcrumb\":{\"@id\":\"https:\\\/\\\/publication-evangelique.com\\\/?page_id=1893#breadcrumb\"},\"inLanguage\":\"fr-FR\",\"potentialAction\":[{\"@type\":\"ReadAction\",\"target\":[\"https:\\\/\\\/publication-evangelique.com\\\/?page_id=1893\"]}]},{\"@type\":\"ImageObject\",\"inLanguage\":\"fr-FR\",\"@id\":\"https:\\\/\\\/publication-evangelique.com\\\/?page_id=1893#primaryimage\",\"url\":\"https:\\\/\\\/publication-evangelique.com\\\/wp-content\\\/uploads\\\/1124.jpg\",\"contentUrl\":\"https:\\\/\\\/publication-evangelique.com\\\/wp-content\\\/uploads\\\/1124.jpg\",\"width\":1280,\"height\":846},{\"@type\":\"BreadcrumbList\",\"@id\":\"https:\\\/\\\/publication-evangelique.com\\\/?page_id=1893#breadcrumb\",\"itemListElement\":[{\"@type\":\"ListItem\",\"position\":1,\"name\":\"Accueil\",\"item\":\"https:\\\/\\\/publication-evangelique.com\\\/\"},{\"@type\":\"ListItem\",\"position\":2,\"name\":\"Premier pas, introduction \u00e0 la vie chr\u00e9tienne\"}]},{\"@type\":\"WebSite\",\"@id\":\"https:\\\/\\\/publication-evangelique.com\\\/#website\",\"url\":\"https:\\\/\\\/publication-evangelique.com\\\/\",\"name\":\"Daniel Poulin - publication-evangelique.com\",\"description\":\"Daniel Poulin\",\"publisher\":{\"@id\":\"https:\\\/\\\/publication-evangelique.com\\\/#\\\/schema\\\/person\\\/a7aa86223ca614c8c1a737d18c95460c\"},\"potentialAction\":[{\"@type\":\"SearchAction\",\"target\":{\"@type\":\"EntryPoint\",\"urlTemplate\":\"https:\\\/\\\/publication-evangelique.com\\\/?s={search_term_string}\"},\"query-input\":{\"@type\":\"PropertyValueSpecification\",\"valueRequired\":true,\"valueName\":\"search_term_string\"}}],\"inLanguage\":\"fr-FR\"},{\"@type\":[\"Person\",\"Organization\"],\"@id\":\"https:\\\/\\\/publication-evangelique.com\\\/#\\\/schema\\\/person\\\/a7aa86223ca614c8c1a737d18c95460c\",\"name\":\"Daniel Poulin\",\"image\":{\"@type\":\"ImageObject\",\"inLanguage\":\"fr-FR\",\"@id\":\"https:\\\/\\\/publication-evangelique.com\\\/wp-content\\\/uploads\\\/daniel5-1.jpg\",\"url\":\"https:\\\/\\\/publication-evangelique.com\\\/wp-content\\\/uploads\\\/daniel5-1.jpg\",\"contentUrl\":\"https:\\\/\\\/publication-evangelique.com\\\/wp-content\\\/uploads\\\/daniel5-1.jpg\",\"width\":833,\"height\":969,\"caption\":\"Daniel Poulin\"},\"logo\":{\"@id\":\"https:\\\/\\\/publication-evangelique.com\\\/wp-content\\\/uploads\\\/daniel5-1.jpg\"},\"description\":\"Bonjour, ici Daniel Poulin! Je suis un chr\u00e9tien n\u00e9 de nouveau depuis 1980, ayant parcouru un cheminement avec le Seigneur J\u00e9sus-Christ, j'ai construit ce site afin de partager mes connaissances de la parole de Dieu \\\" La Bible \\\" Je travaille aussi au d\u00e9veloppement de la station de radio chr\u00e9tienne fran\u00e7aise \u00e0 Montr\u00e9al, \\\" La Radio Gospel \\\" que vous pouvez voir ici http:\\\/\\\/laradiogospel.ca Je fr\u00e9quente aussi une \u00e9glise, dont je pr\u00eache et j\u2019enseigne la parole de Dieu. La communaut\u00e9 \u00c9vang\u00e9lique de l'Agneau \\\" , voici l'adresse, http:\\\/\\\/communauteevangelique.ca\\\/\",\"sameAs\":[\"https:\\\/\\\/publication-evangelique.com\",\"https:\\\/\\\/www.facebook.com\\\/danielpoulin75\",\"https:\\\/\\\/www.linkedin.com\\\/in\\\/daniel-poulin-64614745\\\/\",\"https:\\\/\\\/x.com\\\/https:\\\/\\\/twitter.com\\\/Daniel_Poulin\",\"https:\\\/\\\/www.youtube.com\\\/user\\\/danielpoulin75\\\/videos\"]}]}<\/script>\n<!-- \/ Yoast SEO plugin. -->","yoast_head_json":{"title":"Premier pas, introduction \u00e0 la vie chr\u00e9tienne","robots":{"index":"index","follow":"follow","max-snippet":"max-snippet:-1","max-image-preview":"max-image-preview:large","max-video-preview":"max-video-preview:-1"},"canonical":"https:\/\/publication-evangelique.com\/?page_id=1893","og_locale":"fr_FR","og_type":"article","og_title":"Premier pas, introduction \u00e0 la vie chr\u00e9tienne","og_description":"Quelque enseignements qui nous am\u00e8nent \u00e0 comprendre la base de la foi chr\u00e9tienne. Ce cour permet d&rsquo;apprendre les fondements de notre foi et aussi ils pr\u00e9parent les candidats au bapt\u00eame d&rsquo;eau. Vous pouvez aussi les \u00e9couter en MP3. &#8212;&#8212;&#8212;&#8212;&#8212;&#8212;&#8212;&#8212;&#8212; &#8211; &hellip; Lire la suite &rarr;","og_url":"https:\/\/publication-evangelique.com\/?page_id=1893","og_site_name":"Publication \u00c9vang\u00e9lique","article_publisher":"https:\/\/www.facebook.com\/danielpoulin75","article_modified_time":"2017-08-08T18:58:02+00:00","og_image":[{"width":1280,"height":846,"url":"https:\/\/publication-evangelique.com\/wp-content\/uploads\/1124.jpg","type":"image\/jpeg"}],"twitter_misc":{"Dur\u00e9e de lecture estim\u00e9e":"1 minute"},"schema":{"@context":"https:\/\/schema.org","@graph":[{"@type":"WebPage","@id":"https:\/\/publication-evangelique.com\/?page_id=1893","url":"https:\/\/publication-evangelique.com\/?page_id=1893","name":"Premier pas, introduction \u00e0 la vie chr\u00e9tienne","isPartOf":{"@id":"https:\/\/publication-evangelique.com\/#website"},"primaryImageOfPage":{"@id":"https:\/\/publication-evangelique.com\/?page_id=1893#primaryimage"},"image":{"@id":"https:\/\/publication-evangelique.com\/?page_id=1893#primaryimage"},"thumbnailUrl":"https:\/\/publication-evangelique.com\/wp-content\/uploads\/1124.jpg","datePublished":"2010-07-05T15:26:11+00:00","dateModified":"2017-08-08T18:58:02+00:00","breadcrumb":{"@id":"https:\/\/publication-evangelique.com\/?page_id=1893#breadcrumb"},"inLanguage":"fr-FR","potentialAction":[{"@type":"ReadAction","target":["https:\/\/publication-evangelique.com\/?page_id=1893"]}]},{"@type":"ImageObject","inLanguage":"fr-FR","@id":"https:\/\/publication-evangelique.com\/?page_id=1893#primaryimage","url":"https:\/\/publication-evangelique.com\/wp-content\/uploads\/1124.jpg","contentUrl":"https:\/\/publication-evangelique.com\/wp-content\/uploads\/1124.jpg","width":1280,"height":846},{"@type":"BreadcrumbList","@id":"https:\/\/publication-evangelique.com\/?page_id=1893#breadcrumb","itemListElement":[{"@type":"ListItem","position":1,"name":"Accueil","item":"https:\/\/publication-evangelique.com\/"},{"@type":"ListItem","position":2,"name":"Premier pas, introduction \u00e0 la vie chr\u00e9tienne"}]},{"@type":"WebSite","@id":"https:\/\/publication-evangelique.com\/#website","url":"https:\/\/publication-evangelique.com\/","name":"Daniel Poulin - publication-evangelique.com","description":"Daniel Poulin","publisher":{"@id":"https:\/\/publication-evangelique.com\/#\/schema\/person\/a7aa86223ca614c8c1a737d18c95460c"},"potentialAction":[{"@type":"SearchAction","target":{"@type":"EntryPoint","urlTemplate":"https:\/\/publication-evangelique.com\/?s={search_term_string}"},"query-input":{"@type":"PropertyValueSpecification","valueRequired":true,"valueName":"search_term_string"}}],"inLanguage":"fr-FR"},{"@type":["Person","Organization"],"@id":"https:\/\/publication-evangelique.com\/#\/schema\/person\/a7aa86223ca614c8c1a737d18c95460c","name":"Daniel Poulin","image":{"@type":"ImageObject","inLanguage":"fr-FR","@id":"https:\/\/publication-evangelique.com\/wp-content\/uploads\/daniel5-1.jpg","url":"https:\/\/publication-evangelique.com\/wp-content\/uploads\/daniel5-1.jpg","contentUrl":"https:\/\/publication-evangelique.com\/wp-content\/uploads\/daniel5-1.jpg","width":833,"height":969,"caption":"Daniel Poulin"},"logo":{"@id":"https:\/\/publication-evangelique.com\/wp-content\/uploads\/daniel5-1.jpg"},"description":"Bonjour, ici Daniel Poulin! Je suis un chr\u00e9tien n\u00e9 de nouveau depuis 1980, ayant parcouru un cheminement avec le Seigneur J\u00e9sus-Christ, j'ai construit ce site afin de partager mes connaissances de la parole de Dieu \" La Bible \" Je travaille aussi au d\u00e9veloppement de la station de radio chr\u00e9tienne fran\u00e7aise \u00e0 Montr\u00e9al, \" La Radio Gospel \" que vous pouvez voir ici http:\/\/laradiogospel.ca Je fr\u00e9quente aussi une \u00e9glise, dont je pr\u00eache et j\u2019enseigne la parole de Dieu. La communaut\u00e9 \u00c9vang\u00e9lique de l'Agneau \" , voici l'adresse, http:\/\/communauteevangelique.ca\/","sameAs":["https:\/\/publication-evangelique.com","https:\/\/www.facebook.com\/danielpoulin75","https:\/\/www.linkedin.com\/in\/daniel-poulin-64614745\/","https:\/\/x.com\/https:\/\/twitter.com\/Daniel_Poulin","https:\/\/www.youtube.com\/user\/danielpoulin75\/videos"]}]}},"_links":{"self":[{"href":"https:\/\/publication-evangelique.com\/index.php?rest_route=\/wp\/v2\/pages\/1893","targetHints":{"allow":["GET"]}}],"collection":[{"href":"https:\/\/publication-evangelique.com\/index.php?rest_route=\/wp\/v2\/pages"}],"about":[{"href":"https:\/\/publication-evangelique.com\/index.php?rest_route=\/wp\/v2\/types\/page"}],"author":[{"embeddable":true,"href":"https:\/\/publication-evangelique.com\/index.php?rest_route=\/wp\/v2\/users\/1"}],"replies":[{"embeddable":true,"href":"https:\/\/publication-evangelique.com\/index.php?rest_route=%2Fwp%2Fv2%2Fcomments&post=1893"}],"version-history":[{"count":0,"href":"https:\/\/publication-evangelique.com\/index.php?rest_route=\/wp\/v2\/pages\/1893\/revisions"}],"wp:featuredmedia":[{"embeddable":true,"href":"https:\/\/publication-evangelique.com\/index.php?rest_route=\/wp\/v2\/media\/12921"}],"wp:attachment":[{"href":"https:\/\/publication-evangelique.com\/index.php?rest_route=%2Fwp%2Fv2%2Fmedia&parent=1893"}],"curies":[{"name":"wp","href":"https:\/\/api.w.org\/{rel}","templated":true}]}}