{"id":19001,"date":"2024-01-30T10:44:56","date_gmt":"2024-01-30T15:44:56","guid":{"rendered":"http:\/\/publication-evangelique.com\/?page_id=19001"},"modified":"2024-07-01T07:06:41","modified_gmt":"2024-07-01T12:06:41","slug":"emission-de-radio-radio-evangelique-2024","status":"publish","type":"page","link":"https:\/\/publication-evangelique.com\/?page_id=19001","title":{"rendered":"\u00c9mission de radio \u00a0\u00bb Radio \u00c9vang\u00e9lique \u00a0\u00bb 2024"},"content":{"rendered":"<p>Vous pourrez \u00e9couter <strong>Daniel Poulin<\/strong> sur les ondes<br \/>\nde la station<strong> La Radio Gospel 1650 AM<\/strong> \u00e0 Montr\u00e9al<br \/>\nou sur internet sur <a title=\" laradiogospel.ca \" href=\"http:\/\/laradiogospel.ca\" target=\" _blank \" rel=\"noopener noreferrer\">http:\/\/laradiogospel.ca<\/a>.<\/p>\n<p>&nbsp;<\/p>\n<p>&nbsp;<\/p>\n<p>&nbsp;<\/p>\n<p>&nbsp;<\/p>\n<p>&nbsp;<br \/>\n<strong>Toutes les <strong>archives<\/strong> des \u00e9missions 2024 sont gard\u00e9s dans cette page.<\/strong><\/p>\n<table border= \" 0 \" align= \" center \" style= \" width:90% \" >\n<tr valign= \" top \" >\n<td>\n<a title=\" 28 juin \" href=\"https:\/\/publication-evangelique.com\/?p=19393\" target=\" _blank \" juillet rel=\"noopener noreferrer\">Chercher l\u2019unit\u00e9 avec d\u2019autres chr\u00e9tiens pour atteindre la vision \u2013 51e partie<\/a><br \/>\n<a title=\" 21 juin \" href=\"https:\/\/publication-evangelique.com\/?p=19377\" target=\" _blank \" juillet rel=\"noopener noreferrer\">Chercher l\u2019unit\u00e9 avec d\u2019autres chr\u00e9tiens pour atteindre la vision \u2013 50e partie<\/a><br \/>\n<a title=\" 7 juin \" href=\"https:\/\/publication-evangelique.com\/?p=19341\" target=\" _blank \" juillet rel=\"noopener noreferrer\">Chercher l\u2019unit\u00e9 avec d\u2019autres chr\u00e9tiens pour atteindre la vision \u2013 49e partie<\/a><br \/>\n<a title=\" 31 Mai \" href=\"https:\/\/publication-evangelique.com\/?p=19341\" target=\" _blank \" juillet rel=\"noopener noreferrer\">Quels sont les influences qui peuvent nous amener dans la vision de Dieu ? \u2013 48e partie<\/a><br \/>\n<a title=\" 24 Mai \" href=\"https:\/\/publication-evangelique.com\/?p=19331\" target=\" _blank \" juillet rel=\"noopener noreferrer\">Quels sont les influences qui peuvent nous amener dans la vision de Dieu ? \u2013 47e partie<\/a><br \/>\n<a title=\" 17 Mai \" href=\"https:\/\/publication-evangelique.com\/?p=19303\" target=\" _blank \" juillet rel=\"noopener noreferrer\">Quels sont les influences qui peuvent nous amener dans la vision de Dieu ? \u2013 46e partie<\/a><br \/>\n<a title=\" 10 Mai \" href=\"https:\/\/publication-evangelique.com\/?p=19282\" target=\" _blank \" juillet rel=\"noopener noreferrer\">Veiller \u00e0 ne pas se laisser voler notre r\u00e9compense par l\u2019abandon de notre vision \u2013 45e partie<\/a><br \/>\n<a title=\" 3 Mai \" href=\"https:\/\/publication-evangelique.com\/?p=19276\" target=\" _blank \" juillet rel=\"noopener noreferrer\">Veiller \u00e0 ne pas se laisser voler notre r\u00e9compense par l\u2019abandon de notre vision \u2013 44e partie<\/a><br \/>\n<a title=\" 26 avril \" href=\"https:\/\/publication-evangelique.com\/?p=19264\" target=\" _blank \" juillet rel=\"noopener noreferrer\">Veiller \u00e0 ne pas se laisser voler notre r\u00e9compense par l\u2019abandon de notre vision \u2013 43e partie<\/a><br \/>\n<a title=\" 19 avril \" href=\"https:\/\/publication-evangelique.com\/?p=19249\" target=\" _blank \" juillet rel=\"noopener noreferrer\">Le prix \u00e0 payer pour poursuivre notre vision \u2013 42e partie<\/a><br \/>\n<a title=\" 12 avril \" href=\"https:\/\/publication-evangelique.com\/?p=19214\" target=\" _blank \" juillet rel=\"noopener noreferrer\">Le prix \u00e0 payer pour poursuivre notre vision \u2013 41e partie<\/a><br \/>\n<a title=\" 5 avril \" href=\"https:\/\/publication-evangelique.com\/?p=19197\" target=\" _blank \" juillet rel=\"noopener noreferrer\">Le prix \u00e0 payer pour poursuivre notre vision \u2013 40e partie<\/a><br \/>\n<a title=\" 29 mars \" href=\"https:\/\/publication-evangelique.com\/?p=19179\" target=\" _blank \" juillet rel=\"noopener noreferrer\">Comment discerner la volont\u00e9 de Dieu. \u2013 39e partie<\/a><br \/>\n<a title=\" 22 mars \" href=\"https:\/\/publication-evangelique.com\/?p=19148\" target=\" _blank \" juillet rel=\"noopener noreferrer\">Comment discerner la volont\u00e9 de Dieu. \u2013 38e partie<\/a><br \/>\n<a title=\" 15 mars \" href=\"https:\/\/publication-evangelique.com\/?p=19100\" target=\" _blank \" juillet rel=\"noopener noreferrer\">Comment discerner la volont\u00e9 de Dieu. \u2013 37e partie<\/a><br \/>\n<a title=\" 8 mars \" href=\"https:\/\/publication-evangelique.com\/?p=19065\" target=\" _blank \" juillet rel=\"noopener noreferrer\">Comment discerner la volont\u00e9 de Dieu. \u2013 36e partie<\/a><br \/>\n<a title=\" 23 f\u00e9vrier \" href=\"https:\/\/publication-evangelique.com\/?p=19049\" target=\" _blank \" juillet rel=\"noopener noreferrer\">Les obstructions qui peuvent arr\u00eater l\u2019accomplissement de la vision. \u2013 35e partie<\/a><br \/>\n<a title=\" 16 f\u00e9vrier \" href=\"https:\/\/publication-evangelique.com\/?p=19035\" target=\" _blank \" juillet rel=\"noopener noreferrer\">Les obstructions qui peuvent arr\u00eater l\u2019accomplissement de la vision. \u2013 34e partie<\/a><br \/>\n<a title=\" 9 f\u00e9vrier \" href=\"https:\/\/publication-evangelique.com\/?p=19032\" target=\" _blank \" juillet rel=\"noopener noreferrer\">La provision de Dieu pour l\u2019accomplissement de ses visions. \u2013 33e partie<\/a><br \/>\n<a title=\" 2 f\u00e9vrier \" href=\"https:\/\/publication-evangelique.com\/?p=19015\" target=\" _blank \" juillet rel=\"noopener noreferrer\">La provision de Dieu pour l\u2019accomplissement de ses visions. \u2013 32e partie<\/a><br \/>\n<a title=\" 16 janvier \" href=\"https:\/\/publication-evangelique.com\/?p=18997\" target=\" _blank \" juillet rel=\"noopener noreferrer\">Quoi pens\u00e9 dans le temps d\u2019attente pour l\u2019entr\u00e9 dans notre vision. \u2013 31e partie<\/a><\/p>\n<p>&nbsp;<\/td>\n<td>\n<\/td>\n<\/tr>\n<\/tbody>\n<\/table>\n<p><\/br><\/br><\/p>\n<p>Daniel Poulin<br \/>\n<a title=\" Publication \u00c9vang\u00e9lique \" href=\"https:\/\/publication-evangelique.com\" target=\" _blank \" rel=\"noopener noreferrer\">https:\/\/publication-evangelique.com<\/a><\/p>\n","protected":false},"excerpt":{"rendered":"<p>Vous pourrez \u00e9couter Daniel Poulin sur les ondes de la station La Radio Gospel 1650 AM \u00e0 Montr\u00e9al ou sur internet sur http:\/\/laradiogospel.ca. &nbsp; &nbsp; &nbsp; &nbsp; &nbsp; Toutes les archives des \u00e9missions 2024 sont gard\u00e9s dans cette page. Chercher <span class=\"excerpt-dots\">&hellip;<\/span> <a class=\"more-link\" href=\"https:\/\/publication-evangelique.com\/?page_id=19001\"><span class=\"more-msg\">Lire la suite &rarr;<\/span><\/a><\/p>\n","protected":false},"author":1,"featured_media":13199,"parent":0,"menu_order":0,"comment_status":"closed","ping_status":"closed","template":"","meta":{"footnotes":""},"class_list":["post-19001","page","type-page","status-publish","has-post-thumbnail","hentry"],"yoast_head":"<!-- This site is optimized with the Yoast SEO plugin v27.4 - https:\/\/yoast.com\/product\/yoast-seo-wordpress\/ -->\n<title>\u00c9mission de radio &quot; Radio \u00c9vang\u00e9lique &quot; 2024 - Publication \u00c9vang\u00e9lique<\/title>\n<meta name=\"robots\" content=\"index, follow, max-snippet:-1, max-image-preview:large, max-video-preview:-1\" \/>\n<link rel=\"canonical\" href=\"https:\/\/publication-evangelique.com\/?page_id=19001\" \/>\n<meta property=\"og:locale\" content=\"fr_FR\" \/>\n<meta property=\"og:type\" content=\"article\" \/>\n<meta property=\"og:title\" content=\"\u00c9mission de radio &quot; Radio \u00c9vang\u00e9lique &quot; 2024 - Publication \u00c9vang\u00e9lique\" \/>\n<meta property=\"og:description\" content=\"Vous pourrez \u00e9couter Daniel Poulin sur les ondes de la station La Radio Gospel 1650 AM \u00e0 Montr\u00e9al ou sur internet sur http:\/\/laradiogospel.ca. &nbsp; &nbsp; &nbsp; &nbsp; &nbsp; Toutes les archives des \u00e9missions 2024 sont gard\u00e9s dans cette page. Chercher &hellip; Lire la suite &rarr;\" \/>\n<meta property=\"og:url\" content=\"https:\/\/publication-evangelique.com\/?page_id=19001\" \/>\n<meta property=\"og:site_name\" content=\"Publication \u00c9vang\u00e9lique\" \/>\n<meta property=\"article:publisher\" content=\"https:\/\/www.facebook.com\/danielpoulin75\" \/>\n<meta property=\"article:modified_time\" content=\"2024-07-01T12:06:41+00:00\" \/>\n<meta property=\"og:image\" content=\"https:\/\/publication-evangelique.com\/wp-content\/uploads\/radioevangelique.jpg\" \/>\n\t<meta property=\"og:image:width\" content=\"1280\" \/>\n\t<meta property=\"og:image:height\" content=\"960\" \/>\n\t<meta property=\"og:image:type\" content=\"image\/jpeg\" \/>\n<meta name=\"twitter:label1\" content=\"Dur\u00e9e de lecture estim\u00e9e\" \/>\n\t<meta name=\"twitter:data1\" content=\"2 minutes\" \/>\n<script type=\"application\/ld+json\" class=\"yoast-schema-graph\">{\"@context\":\"https:\\\/\\\/schema.org\",\"@graph\":[{\"@type\":\"WebPage\",\"@id\":\"https:\\\/\\\/publication-evangelique.com\\\/?page_id=19001\",\"url\":\"https:\\\/\\\/publication-evangelique.com\\\/?page_id=19001\",\"name\":\"\u00c9mission de radio \\\" Radio \u00c9vang\u00e9lique \\\" 2024 - Publication \u00c9vang\u00e9lique\",\"isPartOf\":{\"@id\":\"https:\\\/\\\/publication-evangelique.com\\\/#website\"},\"primaryImageOfPage\":{\"@id\":\"https:\\\/\\\/publication-evangelique.com\\\/?page_id=19001#primaryimage\"},\"image\":{\"@id\":\"https:\\\/\\\/publication-evangelique.com\\\/?page_id=19001#primaryimage\"},\"thumbnailUrl\":\"https:\\\/\\\/publication-evangelique.com\\\/wp-content\\\/uploads\\\/radioevangelique.jpg\",\"datePublished\":\"2024-01-30T15:44:56+00:00\",\"dateModified\":\"2024-07-01T12:06:41+00:00\",\"breadcrumb\":{\"@id\":\"https:\\\/\\\/publication-evangelique.com\\\/?page_id=19001#breadcrumb\"},\"inLanguage\":\"fr-FR\",\"potentialAction\":[{\"@type\":\"ReadAction\",\"target\":[\"https:\\\/\\\/publication-evangelique.com\\\/?page_id=19001\"]}]},{\"@type\":\"ImageObject\",\"inLanguage\":\"fr-FR\",\"@id\":\"https:\\\/\\\/publication-evangelique.com\\\/?page_id=19001#primaryimage\",\"url\":\"https:\\\/\\\/publication-evangelique.com\\\/wp-content\\\/uploads\\\/radioevangelique.jpg\",\"contentUrl\":\"https:\\\/\\\/publication-evangelique.com\\\/wp-content\\\/uploads\\\/radioevangelique.jpg\",\"width\":1280,\"height\":960},{\"@type\":\"BreadcrumbList\",\"@id\":\"https:\\\/\\\/publication-evangelique.com\\\/?page_id=19001#breadcrumb\",\"itemListElement\":[{\"@type\":\"ListItem\",\"position\":1,\"name\":\"Accueil\",\"item\":\"https:\\\/\\\/publication-evangelique.com\\\/\"},{\"@type\":\"ListItem\",\"position\":2,\"name\":\"\u00c9mission de radio \u00a0\u00bb Radio \u00c9vang\u00e9lique \u00a0\u00bb 2024\"}]},{\"@type\":\"WebSite\",\"@id\":\"https:\\\/\\\/publication-evangelique.com\\\/#website\",\"url\":\"https:\\\/\\\/publication-evangelique.com\\\/\",\"name\":\"Daniel Poulin - publication-evangelique.com\",\"description\":\"Daniel Poulin\",\"publisher\":{\"@id\":\"https:\\\/\\\/publication-evangelique.com\\\/#\\\/schema\\\/person\\\/a7aa86223ca614c8c1a737d18c95460c\"},\"potentialAction\":[{\"@type\":\"SearchAction\",\"target\":{\"@type\":\"EntryPoint\",\"urlTemplate\":\"https:\\\/\\\/publication-evangelique.com\\\/?s={search_term_string}\"},\"query-input\":{\"@type\":\"PropertyValueSpecification\",\"valueRequired\":true,\"valueName\":\"search_term_string\"}}],\"inLanguage\":\"fr-FR\"},{\"@type\":[\"Person\",\"Organization\"],\"@id\":\"https:\\\/\\\/publication-evangelique.com\\\/#\\\/schema\\\/person\\\/a7aa86223ca614c8c1a737d18c95460c\",\"name\":\"Daniel Poulin\",\"image\":{\"@type\":\"ImageObject\",\"inLanguage\":\"fr-FR\",\"@id\":\"https:\\\/\\\/publication-evangelique.com\\\/wp-content\\\/uploads\\\/daniel5-1.jpg\",\"url\":\"https:\\\/\\\/publication-evangelique.com\\\/wp-content\\\/uploads\\\/daniel5-1.jpg\",\"contentUrl\":\"https:\\\/\\\/publication-evangelique.com\\\/wp-content\\\/uploads\\\/daniel5-1.jpg\",\"width\":833,\"height\":969,\"caption\":\"Daniel Poulin\"},\"logo\":{\"@id\":\"https:\\\/\\\/publication-evangelique.com\\\/wp-content\\\/uploads\\\/daniel5-1.jpg\"},\"description\":\"Bonjour, ici Daniel Poulin! Je suis un chr\u00e9tien n\u00e9 de nouveau depuis 1980, ayant parcouru un cheminement avec le Seigneur J\u00e9sus-Christ, j'ai construit ce site afin de partager mes connaissances de la parole de Dieu \\\" La Bible \\\" Je travaille aussi au d\u00e9veloppement de la station de radio chr\u00e9tienne fran\u00e7aise \u00e0 Montr\u00e9al, \\\" La Radio Gospel \\\" que vous pouvez voir ici http:\\\/\\\/laradiogospel.ca Je fr\u00e9quente aussi une \u00e9glise, dont je pr\u00eache et j\u2019enseigne la parole de Dieu. La communaut\u00e9 \u00c9vang\u00e9lique de l'Agneau \\\" , voici l'adresse, http:\\\/\\\/communauteevangelique.ca\\\/\",\"sameAs\":[\"https:\\\/\\\/publication-evangelique.com\",\"https:\\\/\\\/www.facebook.com\\\/danielpoulin75\",\"https:\\\/\\\/www.linkedin.com\\\/in\\\/daniel-poulin-64614745\\\/\",\"https:\\\/\\\/x.com\\\/https:\\\/\\\/twitter.com\\\/Daniel_Poulin\",\"https:\\\/\\\/www.youtube.com\\\/user\\\/danielpoulin75\\\/videos\"]}]}<\/script>\n<!-- \/ Yoast SEO plugin. -->","yoast_head_json":{"title":"\u00c9mission de radio \" Radio \u00c9vang\u00e9lique \" 2024 - Publication \u00c9vang\u00e9lique","robots":{"index":"index","follow":"follow","max-snippet":"max-snippet:-1","max-image-preview":"max-image-preview:large","max-video-preview":"max-video-preview:-1"},"canonical":"https:\/\/publication-evangelique.com\/?page_id=19001","og_locale":"fr_FR","og_type":"article","og_title":"\u00c9mission de radio \" Radio \u00c9vang\u00e9lique \" 2024 - Publication \u00c9vang\u00e9lique","og_description":"Vous pourrez \u00e9couter Daniel Poulin sur les ondes de la station La Radio Gospel 1650 AM \u00e0 Montr\u00e9al ou sur internet sur http:\/\/laradiogospel.ca. &nbsp; &nbsp; &nbsp; &nbsp; &nbsp; Toutes les archives des \u00e9missions 2024 sont gard\u00e9s dans cette page. Chercher &hellip; Lire la suite &rarr;","og_url":"https:\/\/publication-evangelique.com\/?page_id=19001","og_site_name":"Publication \u00c9vang\u00e9lique","article_publisher":"https:\/\/www.facebook.com\/danielpoulin75","article_modified_time":"2024-07-01T12:06:41+00:00","og_image":[{"width":1280,"height":960,"url":"https:\/\/publication-evangelique.com\/wp-content\/uploads\/radioevangelique.jpg","type":"image\/jpeg"}],"twitter_misc":{"Dur\u00e9e de lecture estim\u00e9e":"2 minutes"},"schema":{"@context":"https:\/\/schema.org","@graph":[{"@type":"WebPage","@id":"https:\/\/publication-evangelique.com\/?page_id=19001","url":"https:\/\/publication-evangelique.com\/?page_id=19001","name":"\u00c9mission de radio \" Radio \u00c9vang\u00e9lique \" 2024 - Publication \u00c9vang\u00e9lique","isPartOf":{"@id":"https:\/\/publication-evangelique.com\/#website"},"primaryImageOfPage":{"@id":"https:\/\/publication-evangelique.com\/?page_id=19001#primaryimage"},"image":{"@id":"https:\/\/publication-evangelique.com\/?page_id=19001#primaryimage"},"thumbnailUrl":"https:\/\/publication-evangelique.com\/wp-content\/uploads\/radioevangelique.jpg","datePublished":"2024-01-30T15:44:56+00:00","dateModified":"2024-07-01T12:06:41+00:00","breadcrumb":{"@id":"https:\/\/publication-evangelique.com\/?page_id=19001#breadcrumb"},"inLanguage":"fr-FR","potentialAction":[{"@type":"ReadAction","target":["https:\/\/publication-evangelique.com\/?page_id=19001"]}]},{"@type":"ImageObject","inLanguage":"fr-FR","@id":"https:\/\/publication-evangelique.com\/?page_id=19001#primaryimage","url":"https:\/\/publication-evangelique.com\/wp-content\/uploads\/radioevangelique.jpg","contentUrl":"https:\/\/publication-evangelique.com\/wp-content\/uploads\/radioevangelique.jpg","width":1280,"height":960},{"@type":"BreadcrumbList","@id":"https:\/\/publication-evangelique.com\/?page_id=19001#breadcrumb","itemListElement":[{"@type":"ListItem","position":1,"name":"Accueil","item":"https:\/\/publication-evangelique.com\/"},{"@type":"ListItem","position":2,"name":"\u00c9mission de radio \u00a0\u00bb Radio \u00c9vang\u00e9lique \u00a0\u00bb 2024"}]},{"@type":"WebSite","@id":"https:\/\/publication-evangelique.com\/#website","url":"https:\/\/publication-evangelique.com\/","name":"Daniel Poulin - publication-evangelique.com","description":"Daniel Poulin","publisher":{"@id":"https:\/\/publication-evangelique.com\/#\/schema\/person\/a7aa86223ca614c8c1a737d18c95460c"},"potentialAction":[{"@type":"SearchAction","target":{"@type":"EntryPoint","urlTemplate":"https:\/\/publication-evangelique.com\/?s={search_term_string}"},"query-input":{"@type":"PropertyValueSpecification","valueRequired":true,"valueName":"search_term_string"}}],"inLanguage":"fr-FR"},{"@type":["Person","Organization"],"@id":"https:\/\/publication-evangelique.com\/#\/schema\/person\/a7aa86223ca614c8c1a737d18c95460c","name":"Daniel Poulin","image":{"@type":"ImageObject","inLanguage":"fr-FR","@id":"https:\/\/publication-evangelique.com\/wp-content\/uploads\/daniel5-1.jpg","url":"https:\/\/publication-evangelique.com\/wp-content\/uploads\/daniel5-1.jpg","contentUrl":"https:\/\/publication-evangelique.com\/wp-content\/uploads\/daniel5-1.jpg","width":833,"height":969,"caption":"Daniel Poulin"},"logo":{"@id":"https:\/\/publication-evangelique.com\/wp-content\/uploads\/daniel5-1.jpg"},"description":"Bonjour, ici Daniel Poulin! Je suis un chr\u00e9tien n\u00e9 de nouveau depuis 1980, ayant parcouru un cheminement avec le Seigneur J\u00e9sus-Christ, j'ai construit ce site afin de partager mes connaissances de la parole de Dieu \" La Bible \" Je travaille aussi au d\u00e9veloppement de la station de radio chr\u00e9tienne fran\u00e7aise \u00e0 Montr\u00e9al, \" La Radio Gospel \" que vous pouvez voir ici http:\/\/laradiogospel.ca Je fr\u00e9quente aussi une \u00e9glise, dont je pr\u00eache et j\u2019enseigne la parole de Dieu. La communaut\u00e9 \u00c9vang\u00e9lique de l'Agneau \" , voici l'adresse, http:\/\/communauteevangelique.ca\/","sameAs":["https:\/\/publication-evangelique.com","https:\/\/www.facebook.com\/danielpoulin75","https:\/\/www.linkedin.com\/in\/daniel-poulin-64614745\/","https:\/\/x.com\/https:\/\/twitter.com\/Daniel_Poulin","https:\/\/www.youtube.com\/user\/danielpoulin75\/videos"]}]}},"_links":{"self":[{"href":"https:\/\/publication-evangelique.com\/index.php?rest_route=\/wp\/v2\/pages\/19001","targetHints":{"allow":["GET"]}}],"collection":[{"href":"https:\/\/publication-evangelique.com\/index.php?rest_route=\/wp\/v2\/pages"}],"about":[{"href":"https:\/\/publication-evangelique.com\/index.php?rest_route=\/wp\/v2\/types\/page"}],"author":[{"embeddable":true,"href":"https:\/\/publication-evangelique.com\/index.php?rest_route=\/wp\/v2\/users\/1"}],"replies":[{"embeddable":true,"href":"https:\/\/publication-evangelique.com\/index.php?rest_route=%2Fwp%2Fv2%2Fcomments&post=19001"}],"version-history":[{"count":1,"href":"https:\/\/publication-evangelique.com\/index.php?rest_route=\/wp\/v2\/pages\/19001\/revisions"}],"predecessor-version":[{"id":19398,"href":"https:\/\/publication-evangelique.com\/index.php?rest_route=\/wp\/v2\/pages\/19001\/revisions\/19398"}],"wp:featuredmedia":[{"embeddable":true,"href":"https:\/\/publication-evangelique.com\/index.php?rest_route=\/wp\/v2\/media\/13199"}],"wp:attachment":[{"href":"https:\/\/publication-evangelique.com\/index.php?rest_route=%2Fwp%2Fv2%2Fmedia&parent=19001"}],"curies":[{"name":"wp","href":"https:\/\/api.w.org\/{rel}","templated":true}]}}