{"id":19982,"date":"2025-11-16T07:06:43","date_gmt":"2025-11-16T12:06:43","guid":{"rendered":"https:\/\/publication-evangelique.com\/?page_id=19982"},"modified":"2026-04-12T06:59:36","modified_gmt":"2026-04-12T11:59:36","slug":"leglise-du-seigneur-jesus-christ","status":"publish","type":"page","link":"https:\/\/publication-evangelique.com\/?page_id=19982","title":{"rendered":"L\u2019\u00c9glise du Seigneur J\u00e9sus-Christ."},"content":{"rendered":"<p><strong>Nous allons regarder ensemble qu&rsquo;est ce qu&rsquo;est l&rsquo;\u00c9glise du Seigneur J\u00e9sus-Christ.<br \/>\nQuel sont les enseignements qui nous parle de ce qu&rsquo;est la v\u00e9ritable \u00c9glise et sa mission.<\/strong><\/p>\n<p>Vous pouvez \u00e9couter les messages en format MP3.<br \/>\n <\/br> <\/br><br \/>\n<strong>La Bible.<\/strong><br \/>\n1 &#8211; <a href= \" https:\/\/publication-evangelique.com\/?p=19981 \" >Qu\u2019est-ce que l\u2019\u00c9glise ?<\/a><br \/>\n2 &#8211; <a href= \" https:\/\/publication-evangelique.com\/?p=20006 \" >L\u2019\u00c9glise est un projet \u00e9ternel de Dieu.<\/a><br \/>\n3 &#8211; <a href= \" https:\/\/publication-evangelique.com\/?p=20011 \" >L\u2019\u00c9glise est b\u00e2tie sur des r\u00e9v\u00e9lations.<\/a><br \/>\n4 &#8211; <a href= \" https:\/\/publication-evangelique.com\/?p=20015 \" >L\u2019\u00c9glise a pour chef le Christ.<\/a><br \/>\n5 &#8211; <a href= \" https:\/\/publication-evangelique.com\/?p=20035 \" >L\u2019\u00c9glise doit \u00eatre dirig\u00e9e par le Saint-Esprit.<\/a><br \/>\n6 &#8211; <a href= \" https:\/\/publication-evangelique.com\/?p=20056 \" >L\u2019autorit\u00e9 de l\u2019\u00c9glise dans le monde spirituel.<\/a><br \/>\n7 &#8211; <a href= \" https:\/\/publication-evangelique.com\/?p=20062 \" >L\u2019autorit\u00e9 dans l\u2019\u00c9glise.<\/a><br \/>\n8 &#8211; <a href= \" https:\/\/publication-evangelique.com\/?p=20071 \" >Les r\u00f4les et d\u00e9finitions des minist\u00e8res principaux.<\/a><br \/>\n9 &#8211; <a href= \" https:\/\/publication-evangelique.com\/?p=20075 \" >Appel\u00e9 par le Seigneur, pour \u00eatre donn\u00e9 \u00e0 l\u2019\u00c9glise.<\/a><br \/>\n10 &#8211; <a href= \" https:\/\/publication-evangelique.com\/?p=20084 \" >Les r\u00e8gles et la discipline dans l\u2019\u00c9glise.<\/a><br \/>\n11 &#8211; <a href= \" https:\/\/publication-evangelique.com\/?p=20093 \" >L\u2019ordre et la hi\u00e9rarchie sociale dans l\u2019\u00c9glise.<\/a><br \/>\n12 &#8211; <a href= \" https:\/\/publication-evangelique.com\/?p=20099 \" >L\u2019ordre et l\u2019autorit\u00e9 dans l\u2019\u00c9glise.<\/a><br \/>\n13 &#8211; <a href= \" https:\/\/publication-evangelique.com\/?p=20104 \" >Les diacres dans l\u2019\u00c9glise du Seigneur.<\/a><br \/>\n14 &#8211; <a href= \" https:\/\/publication-evangelique.com\/?p=20114 \" >L\u2019\u00c9glise est premi\u00e8rement la bergerie du Seigneur.<\/a><br \/>\n15 &#8211; <a href= \" https:\/\/publication-evangelique.com\/?p=20130 \" >L\u2019\u00c9glise est une \u00e9cole de formation de disciples.<\/a><\/p>\n<p>&#8212;&#8212;&#8212;&#8212;&#8212;&#8212;&#8212;&#8212;&#8212;<\/p>\n<p>Note: A part d&rsquo;une mention sp\u00e9ciale, toutes les citations bibliques<br \/>\nsont tir\u00e9es du texte de la traduction; Louis Segond 1910.<br \/>\n\u00a9 Tout droit r\u00e9serv\u00e9<\/p>\n<p>Produit par : Daniel Poulin<br \/>\n\u00c9dit\u00e9 par : <a href= \" https:\/\/publication-evangelique.com \" >https:\/\/publication-evangelique.com<\/a><\/p>\n<p>Adresse de ce blogue : <a href= \" https:\/\/publication-evangelique.com\/?page_id=19982 \" >https:\/\/publication-evangelique.com\/?page_id=9982<\/a><\/p>\n","protected":false},"excerpt":{"rendered":"<p>Nous allons regarder ensemble qu&rsquo;est ce qu&rsquo;est l&rsquo;\u00c9glise du Seigneur J\u00e9sus-Christ. Quel sont les enseignements qui nous parle de ce qu&rsquo;est la v\u00e9ritable \u00c9glise et sa mission. Vous pouvez \u00e9couter les messages en format MP3. La Bible. 1 &#8211; Qu\u2019est-ce <span class=\"excerpt-dots\">&hellip;<\/span> <a class=\"more-link\" href=\"https:\/\/publication-evangelique.com\/?page_id=19982\"><span class=\"more-msg\">Lire la suite &rarr;<\/span><\/a><\/p>\n","protected":false},"author":1,"featured_media":13114,"parent":0,"menu_order":0,"comment_status":"closed","ping_status":"closed","template":"","meta":{"footnotes":""},"class_list":["post-19982","page","type-page","status-publish","has-post-thumbnail","hentry"],"yoast_head":"<!-- This site is optimized with the Yoast SEO plugin v27.3 - https:\/\/yoast.com\/product\/yoast-seo-wordpress\/ -->\n<title>L\u2019\u00c9glise du Seigneur J\u00e9sus-Christ. - Publication \u00c9vang\u00e9lique<\/title>\n<meta name=\"robots\" content=\"index, follow, max-snippet:-1, max-image-preview:large, max-video-preview:-1\" \/>\n<link rel=\"canonical\" href=\"https:\/\/publication-evangelique.com\/?page_id=19982\" \/>\n<meta property=\"og:locale\" content=\"fr_FR\" \/>\n<meta property=\"og:type\" content=\"article\" \/>\n<meta property=\"og:title\" content=\"L\u2019\u00c9glise du Seigneur J\u00e9sus-Christ. - Publication \u00c9vang\u00e9lique\" \/>\n<meta property=\"og:description\" content=\"Nous allons regarder ensemble qu&rsquo;est ce qu&rsquo;est l&rsquo;\u00c9glise du Seigneur J\u00e9sus-Christ. Quel sont les enseignements qui nous parle de ce qu&rsquo;est la v\u00e9ritable \u00c9glise et sa mission. Vous pouvez \u00e9couter les messages en format MP3. La Bible. 1 &#8211; Qu\u2019est-ce &hellip; Lire la suite &rarr;\" \/>\n<meta property=\"og:url\" content=\"https:\/\/publication-evangelique.com\/?page_id=19982\" \/>\n<meta property=\"og:site_name\" content=\"Publication \u00c9vang\u00e9lique\" \/>\n<meta property=\"article:publisher\" content=\"https:\/\/www.facebook.com\/danielpoulin75\" \/>\n<meta property=\"article:modified_time\" content=\"2026-04-12T11:59:36+00:00\" \/>\n<meta property=\"og:image\" content=\"https:\/\/publication-evangelique.com\/wp-content\/uploads\/1317.jpg\" \/>\n\t<meta property=\"og:image:width\" content=\"1280\" \/>\n\t<meta property=\"og:image:height\" content=\"960\" \/>\n\t<meta property=\"og:image:type\" content=\"image\/jpeg\" \/>\n<meta name=\"twitter:label1\" content=\"Dur\u00e9e de lecture estim\u00e9e\" \/>\n\t<meta name=\"twitter:data1\" content=\"2 minutes\" \/>\n<script type=\"application\/ld+json\" class=\"yoast-schema-graph\">{\"@context\":\"https:\\\/\\\/schema.org\",\"@graph\":[{\"@type\":\"WebPage\",\"@id\":\"https:\\\/\\\/publication-evangelique.com\\\/?page_id=19982\",\"url\":\"https:\\\/\\\/publication-evangelique.com\\\/?page_id=19982\",\"name\":\"L\u2019\u00c9glise du Seigneur J\u00e9sus-Christ. - Publication \u00c9vang\u00e9lique\",\"isPartOf\":{\"@id\":\"https:\\\/\\\/publication-evangelique.com\\\/#website\"},\"primaryImageOfPage\":{\"@id\":\"https:\\\/\\\/publication-evangelique.com\\\/?page_id=19982#primaryimage\"},\"image\":{\"@id\":\"https:\\\/\\\/publication-evangelique.com\\\/?page_id=19982#primaryimage\"},\"thumbnailUrl\":\"https:\\\/\\\/publication-evangelique.com\\\/wp-content\\\/uploads\\\/1317.jpg\",\"datePublished\":\"2025-11-16T12:06:43+00:00\",\"dateModified\":\"2026-04-12T11:59:36+00:00\",\"breadcrumb\":{\"@id\":\"https:\\\/\\\/publication-evangelique.com\\\/?page_id=19982#breadcrumb\"},\"inLanguage\":\"fr-FR\",\"potentialAction\":[{\"@type\":\"ReadAction\",\"target\":[\"https:\\\/\\\/publication-evangelique.com\\\/?page_id=19982\"]}]},{\"@type\":\"ImageObject\",\"inLanguage\":\"fr-FR\",\"@id\":\"https:\\\/\\\/publication-evangelique.com\\\/?page_id=19982#primaryimage\",\"url\":\"https:\\\/\\\/publication-evangelique.com\\\/wp-content\\\/uploads\\\/1317.jpg\",\"contentUrl\":\"https:\\\/\\\/publication-evangelique.com\\\/wp-content\\\/uploads\\\/1317.jpg\",\"width\":1280,\"height\":960},{\"@type\":\"BreadcrumbList\",\"@id\":\"https:\\\/\\\/publication-evangelique.com\\\/?page_id=19982#breadcrumb\",\"itemListElement\":[{\"@type\":\"ListItem\",\"position\":1,\"name\":\"Accueil\",\"item\":\"https:\\\/\\\/publication-evangelique.com\\\/\"},{\"@type\":\"ListItem\",\"position\":2,\"name\":\"L\u2019\u00c9glise du Seigneur J\u00e9sus-Christ.\"}]},{\"@type\":\"WebSite\",\"@id\":\"https:\\\/\\\/publication-evangelique.com\\\/#website\",\"url\":\"https:\\\/\\\/publication-evangelique.com\\\/\",\"name\":\"Daniel Poulin - publication-evangelique.com\",\"description\":\"Daniel Poulin\",\"publisher\":{\"@id\":\"https:\\\/\\\/publication-evangelique.com\\\/#\\\/schema\\\/person\\\/a7aa86223ca614c8c1a737d18c95460c\"},\"potentialAction\":[{\"@type\":\"SearchAction\",\"target\":{\"@type\":\"EntryPoint\",\"urlTemplate\":\"https:\\\/\\\/publication-evangelique.com\\\/?s={search_term_string}\"},\"query-input\":{\"@type\":\"PropertyValueSpecification\",\"valueRequired\":true,\"valueName\":\"search_term_string\"}}],\"inLanguage\":\"fr-FR\"},{\"@type\":[\"Person\",\"Organization\"],\"@id\":\"https:\\\/\\\/publication-evangelique.com\\\/#\\\/schema\\\/person\\\/a7aa86223ca614c8c1a737d18c95460c\",\"name\":\"Daniel Poulin\",\"image\":{\"@type\":\"ImageObject\",\"inLanguage\":\"fr-FR\",\"@id\":\"https:\\\/\\\/publication-evangelique.com\\\/wp-content\\\/uploads\\\/daniel5-1.jpg\",\"url\":\"https:\\\/\\\/publication-evangelique.com\\\/wp-content\\\/uploads\\\/daniel5-1.jpg\",\"contentUrl\":\"https:\\\/\\\/publication-evangelique.com\\\/wp-content\\\/uploads\\\/daniel5-1.jpg\",\"width\":833,\"height\":969,\"caption\":\"Daniel Poulin\"},\"logo\":{\"@id\":\"https:\\\/\\\/publication-evangelique.com\\\/wp-content\\\/uploads\\\/daniel5-1.jpg\"},\"description\":\"Bonjour, ici Daniel Poulin! Je suis un chr\u00e9tien n\u00e9 de nouveau depuis 1980, ayant parcouru un cheminement avec le Seigneur J\u00e9sus-Christ, j'ai construit ce site afin de partager mes connaissances de la parole de Dieu \\\" La Bible \\\" Je travaille aussi au d\u00e9veloppement de la station de radio chr\u00e9tienne fran\u00e7aise \u00e0 Montr\u00e9al, \\\" La Radio Gospel \\\" que vous pouvez voir ici http:\\\/\\\/laradiogospel.ca Je fr\u00e9quente aussi une \u00e9glise, dont je pr\u00eache et j\u2019enseigne la parole de Dieu. La communaut\u00e9 \u00c9vang\u00e9lique de l'Agneau \\\" , voici l'adresse, http:\\\/\\\/communauteevangelique.ca\\\/\",\"sameAs\":[\"https:\\\/\\\/publication-evangelique.com\",\"https:\\\/\\\/www.facebook.com\\\/danielpoulin75\",\"https:\\\/\\\/www.linkedin.com\\\/in\\\/daniel-poulin-64614745\\\/\",\"https:\\\/\\\/x.com\\\/https:\\\/\\\/twitter.com\\\/Daniel_Poulin\",\"https:\\\/\\\/www.youtube.com\\\/user\\\/danielpoulin75\\\/videos\"]}]}<\/script>\n<!-- \/ Yoast SEO plugin. -->","yoast_head_json":{"title":"L\u2019\u00c9glise du Seigneur J\u00e9sus-Christ. - Publication \u00c9vang\u00e9lique","robots":{"index":"index","follow":"follow","max-snippet":"max-snippet:-1","max-image-preview":"max-image-preview:large","max-video-preview":"max-video-preview:-1"},"canonical":"https:\/\/publication-evangelique.com\/?page_id=19982","og_locale":"fr_FR","og_type":"article","og_title":"L\u2019\u00c9glise du Seigneur J\u00e9sus-Christ. - Publication \u00c9vang\u00e9lique","og_description":"Nous allons regarder ensemble qu&rsquo;est ce qu&rsquo;est l&rsquo;\u00c9glise du Seigneur J\u00e9sus-Christ. Quel sont les enseignements qui nous parle de ce qu&rsquo;est la v\u00e9ritable \u00c9glise et sa mission. Vous pouvez \u00e9couter les messages en format MP3. La Bible. 1 &#8211; Qu\u2019est-ce &hellip; Lire la suite &rarr;","og_url":"https:\/\/publication-evangelique.com\/?page_id=19982","og_site_name":"Publication \u00c9vang\u00e9lique","article_publisher":"https:\/\/www.facebook.com\/danielpoulin75","article_modified_time":"2026-04-12T11:59:36+00:00","og_image":[{"width":1280,"height":960,"url":"https:\/\/publication-evangelique.com\/wp-content\/uploads\/1317.jpg","type":"image\/jpeg"}],"twitter_misc":{"Dur\u00e9e de lecture estim\u00e9e":"2 minutes"},"schema":{"@context":"https:\/\/schema.org","@graph":[{"@type":"WebPage","@id":"https:\/\/publication-evangelique.com\/?page_id=19982","url":"https:\/\/publication-evangelique.com\/?page_id=19982","name":"L\u2019\u00c9glise du Seigneur J\u00e9sus-Christ. - Publication \u00c9vang\u00e9lique","isPartOf":{"@id":"https:\/\/publication-evangelique.com\/#website"},"primaryImageOfPage":{"@id":"https:\/\/publication-evangelique.com\/?page_id=19982#primaryimage"},"image":{"@id":"https:\/\/publication-evangelique.com\/?page_id=19982#primaryimage"},"thumbnailUrl":"https:\/\/publication-evangelique.com\/wp-content\/uploads\/1317.jpg","datePublished":"2025-11-16T12:06:43+00:00","dateModified":"2026-04-12T11:59:36+00:00","breadcrumb":{"@id":"https:\/\/publication-evangelique.com\/?page_id=19982#breadcrumb"},"inLanguage":"fr-FR","potentialAction":[{"@type":"ReadAction","target":["https:\/\/publication-evangelique.com\/?page_id=19982"]}]},{"@type":"ImageObject","inLanguage":"fr-FR","@id":"https:\/\/publication-evangelique.com\/?page_id=19982#primaryimage","url":"https:\/\/publication-evangelique.com\/wp-content\/uploads\/1317.jpg","contentUrl":"https:\/\/publication-evangelique.com\/wp-content\/uploads\/1317.jpg","width":1280,"height":960},{"@type":"BreadcrumbList","@id":"https:\/\/publication-evangelique.com\/?page_id=19982#breadcrumb","itemListElement":[{"@type":"ListItem","position":1,"name":"Accueil","item":"https:\/\/publication-evangelique.com\/"},{"@type":"ListItem","position":2,"name":"L\u2019\u00c9glise du Seigneur J\u00e9sus-Christ."}]},{"@type":"WebSite","@id":"https:\/\/publication-evangelique.com\/#website","url":"https:\/\/publication-evangelique.com\/","name":"Daniel Poulin - publication-evangelique.com","description":"Daniel Poulin","publisher":{"@id":"https:\/\/publication-evangelique.com\/#\/schema\/person\/a7aa86223ca614c8c1a737d18c95460c"},"potentialAction":[{"@type":"SearchAction","target":{"@type":"EntryPoint","urlTemplate":"https:\/\/publication-evangelique.com\/?s={search_term_string}"},"query-input":{"@type":"PropertyValueSpecification","valueRequired":true,"valueName":"search_term_string"}}],"inLanguage":"fr-FR"},{"@type":["Person","Organization"],"@id":"https:\/\/publication-evangelique.com\/#\/schema\/person\/a7aa86223ca614c8c1a737d18c95460c","name":"Daniel Poulin","image":{"@type":"ImageObject","inLanguage":"fr-FR","@id":"https:\/\/publication-evangelique.com\/wp-content\/uploads\/daniel5-1.jpg","url":"https:\/\/publication-evangelique.com\/wp-content\/uploads\/daniel5-1.jpg","contentUrl":"https:\/\/publication-evangelique.com\/wp-content\/uploads\/daniel5-1.jpg","width":833,"height":969,"caption":"Daniel Poulin"},"logo":{"@id":"https:\/\/publication-evangelique.com\/wp-content\/uploads\/daniel5-1.jpg"},"description":"Bonjour, ici Daniel Poulin! Je suis un chr\u00e9tien n\u00e9 de nouveau depuis 1980, ayant parcouru un cheminement avec le Seigneur J\u00e9sus-Christ, j'ai construit ce site afin de partager mes connaissances de la parole de Dieu \" La Bible \" Je travaille aussi au d\u00e9veloppement de la station de radio chr\u00e9tienne fran\u00e7aise \u00e0 Montr\u00e9al, \" La Radio Gospel \" que vous pouvez voir ici http:\/\/laradiogospel.ca Je fr\u00e9quente aussi une \u00e9glise, dont je pr\u00eache et j\u2019enseigne la parole de Dieu. La communaut\u00e9 \u00c9vang\u00e9lique de l'Agneau \" , voici l'adresse, http:\/\/communauteevangelique.ca\/","sameAs":["https:\/\/publication-evangelique.com","https:\/\/www.facebook.com\/danielpoulin75","https:\/\/www.linkedin.com\/in\/daniel-poulin-64614745\/","https:\/\/x.com\/https:\/\/twitter.com\/Daniel_Poulin","https:\/\/www.youtube.com\/user\/danielpoulin75\/videos"]}]}},"_links":{"self":[{"href":"https:\/\/publication-evangelique.com\/index.php?rest_route=\/wp\/v2\/pages\/19982","targetHints":{"allow":["GET"]}}],"collection":[{"href":"https:\/\/publication-evangelique.com\/index.php?rest_route=\/wp\/v2\/pages"}],"about":[{"href":"https:\/\/publication-evangelique.com\/index.php?rest_route=\/wp\/v2\/types\/page"}],"author":[{"embeddable":true,"href":"https:\/\/publication-evangelique.com\/index.php?rest_route=\/wp\/v2\/users\/1"}],"replies":[{"embeddable":true,"href":"https:\/\/publication-evangelique.com\/index.php?rest_route=%2Fwp%2Fv2%2Fcomments&post=19982"}],"version-history":[{"count":18,"href":"https:\/\/publication-evangelique.com\/index.php?rest_route=\/wp\/v2\/pages\/19982\/revisions"}],"predecessor-version":[{"id":20134,"href":"https:\/\/publication-evangelique.com\/index.php?rest_route=\/wp\/v2\/pages\/19982\/revisions\/20134"}],"wp:featuredmedia":[{"embeddable":true,"href":"https:\/\/publication-evangelique.com\/index.php?rest_route=\/wp\/v2\/media\/13114"}],"wp:attachment":[{"href":"https:\/\/publication-evangelique.com\/index.php?rest_route=%2Fwp%2Fv2%2Fmedia&parent=19982"}],"curies":[{"name":"wp","href":"https:\/\/api.w.org\/{rel}","templated":true}]}}