{"id":2022,"date":"2011-01-29T07:34:24","date_gmt":"2011-01-29T12:34:24","guid":{"rendered":"http:\/\/publication-evangelique.com\/?page_id=2022"},"modified":"2019-02-03T09:38:59","modified_gmt":"2019-02-03T14:38:59","slug":"enseignements-sur-la-priere","status":"publish","type":"page","link":"https:\/\/publication-evangelique.com\/?page_id=2022","title":{"rendered":"Enseignements sur la pri\u00e8re"},"content":{"rendered":"<p>Le but de ces enseignements est pour vous donn\u00e9, une id\u00e9e positive sur la pri\u00e8re.<br \/>\nDieu veut que nous affermissions notre vie de pri\u00e8re, afin de voir sa main agir aujourd&rsquo;hui.<br \/>\nIl veut nous apprendre \u00e0 prier en \u00e9tablissant notre vie de pri\u00e8re sur sa parole.<\/p>\n<p>Le d\u00e9sir de Dieu c&rsquo;est que nous recevions, comme J\u00e9sus nous a dit: \u00ab Jean 16:24 Jusqu&rsquo;\u00e0 pr\u00e9sent vous n&rsquo;avez rien demand\u00e9 en mon nom.<br \/>\nDemandez, et vous recevrez, afin que votre joie soit parfaite. \u00a0\u00bb <\/p>\n<p>&#8212;&#8212;&#8212;&#8212;<\/p>\n<p>&#8211; <img src= \" https:\/\/publication-evangelique.com\/images\/nouveau.gif \" border= \" 0 \" width= \" 25 \" height= \" 12 \" alt= \" nouveau \" > <a href= \" https:\/\/publication-evangelique.com\/?p=9378 \" > Priez pour les minist\u00e8res<\/a><br \/>\n&#8211; <a href= \" https:\/\/publication-evangelique.com\/?p=9011 \" >Priez le ma\u00eetre d\u2019envoyer d\u2019autre ouvrier<\/a><br \/>\n&#8211; <a href= \" https:\/\/publication-evangelique.com\/?p=8971 \" >Le je\u00fbne<\/a><br \/>\n&#8211; <a href= \" https:\/\/publication-evangelique.com\/?p=8719 \" >Priez-vous pour votre pays?<\/a><br \/>\n&#8211; <a href= \" https:\/\/publication-evangelique.com\/?p=8011 \" >Comment prier selon la volont\u00e9 de Dieu<\/a><br \/>\n&#8211; <a href= \" https:\/\/publication-evangelique.com\/?p=8026 \" >Comment prier selon la volont\u00e9 de Dieu &#8211; 2e partie<\/a><br \/>\n&#8211; <a href= \" https:\/\/publication-evangelique.com\/?p=6243 \" >Pers\u00e9v\u00e9rer dans la pri\u00e8re pour la puissance du Saint-Esprit<\/a><br \/>\n&#8211; <a href= \" https:\/\/publication-evangelique.com\/?p=6187 \" >L\u2019abondance de joie dans la pri\u00e8re<\/a><br \/>\n&#8211; <a href= \" https:\/\/publication-evangelique.com\/?p=6178 \" >\u00c0 l\u2019\u00e9coute de l\u2019Esprit Saint<\/a><br \/>\n&#8211; <a href= \" https:\/\/publication-evangelique.com\/?p=1789 \" >Des sacrificateurs pour Dieu le P\u00e8re<\/a><br \/>\n&#8211; <a href= \" https:\/\/publication-evangelique.com\/?p=2054 \" >Seigneur enseigne-nous \u00e0 prier!<\/a><br \/>\n&#8211; <a href= \" https:\/\/publication-evangelique.com\/?p=2013 \" >Uni ensemble dans la pri\u00e8re<\/a><br \/>\n&#8211; <a href= \" https:\/\/publication-evangelique.com\/?p=66 \" >Nous sommes des sacrificateurs<\/a><br \/>\n&#8211; <a href= \" https:\/\/publication-evangelique.com\/?p=68 \" >Uni dans l&rsquo;Esprit pour la pri\u00e8re <\/a><br \/>\n&#8211; <a href= \" https:\/\/publication-evangelique.com\/?p=132 \" >La pri\u00e8re fervente<\/a><br \/>\n&#8211; <a href= \" https:\/\/publication-evangelique.com\/?p=142 \" >La pri\u00e8re dans la foi<\/a><br \/>\n&#8211; <a href= \" https:\/\/publication-evangelique.com\/?p=146 \" >Demander justice<\/a><br \/>\n&#8211; <a href= \" https:\/\/publication-evangelique.com\/?p=152 \" >Emp\u00eachement aux pri\u00e8res<\/a><br \/>\n&#8211; <a href= \" https:\/\/publication-evangelique.com\/?p=158 \" >Emp\u00eachement aux pri\u00e8res -2<\/a><br \/>\n&#8211; <a href= \" https:\/\/publication-evangelique.com\/?p=165 \" >Emp\u00eachement aux pri\u00e8res -3<\/a><br \/>\n&#8211; <a href= \" https:\/\/publication-evangelique.com\/?p=175 \" >Emp\u00eachement aux pri\u00e8res -4<\/a><br \/>\n&#8211; <a href= \" https:\/\/publication-evangelique.com\/?p=183 \" >Emp\u00eachement aux pri\u00e8res -5<\/a><br \/>\n&#8211; <a href= \" https:\/\/publication-evangelique.com\/?p=188 \" >Prier avec une perspective \u00e0 long terme<\/a><br \/>\n&#8211; <a href= \" https:\/\/publication-evangelique.com\/?p=193 \" >La pri\u00e8re, moyen de communication<\/a><br \/>\n&#8211; <a href= \" https:\/\/publication-evangelique.com\/?p=200 \" >Par la pri\u00e8re, la puissance d&rsquo;avancer<\/a><br \/>\n&#8211; <a href= \" https:\/\/publication-evangelique.com\/?p=204 \" >Priez par le Saint-Esprit<\/a><br \/>\n&#8211; <a href= \" https:\/\/publication-evangelique.com\/?p=14824 \" >L\u2019esprit de pri\u00e8re<\/a><\/p>\n<p>&#8211; <a href= \" https:\/\/publication-evangelique.com\/?p=15415 \" >Le je\u00fbne.<\/a><br \/>\n&#8211; <a href= \" https:\/\/publication-evangelique.com\/?p=15426 \" >Le je\u00fbne. &#8211; 2e partie<\/a><br \/>\n&#8211; <a href= \" https:\/\/publication-evangelique.com\/?p=15434 \" >Le je\u00fbne. &#8211; 3e partie<\/a><\/p>\n<p>-> <a href= \" https:\/\/publication-evangelique.com\/?p=15007 \" ><strong>\u00c9tude sur \u00a0\u00bb Comment pr\u00e9senter des pri\u00e8res efficaces. \u00a0\u00bb <\/strong><\/a><\/p>\n<p>-> <a href= \" https:\/\/publication-evangelique.com\/?page_id=12268 \" ><strong>\u00c9tude sur \u00a0\u00bb Guide de pri\u00e8re \u00a0\u00bb <\/strong><\/a><br \/>\nCe guide de pri\u00e8re, est une \u00e9tude biblique de 30 enseignements qui peuvent \u00eatre utiliser lors des r\u00e9union de pri\u00e8re.<br \/>\nPour conna\u00eetre les sujets biblique que la Bible nous enseignent de prier.<br \/>\nGuide \u00e0 utiliser pour interc\u00e9der tous les jours, Utile pour baser nos requ\u00eate sur la volont\u00e9 de Dieu.<\/p>\n<p>\u00a9 Tout droit r\u00e9serv\u00e9 <\/p>\n<p>Produit par : Daniel Poulin<br \/>\n\u00c9dit\u00e9 par : <a title= \" https:\/\/publication-evangelique.com \" href= \" https:\/\/publication-evangelique.com \" target= \" _blank \" >https:\/\/publication-evangelique.com<\/a><\/p>\n<p><strong>Adresse de ce blogue :<\/strong> <a href= \" https:\/\/publication-evangelique.com\/?page_id=2022 \" > https:\/\/publication-evangelique.com\/?page_id=2022<\/a><\/p>\n","protected":false},"excerpt":{"rendered":"<p>Le but de ces enseignements est pour vous donn\u00e9, une id\u00e9e positive sur la pri\u00e8re. Dieu veut que nous affermissions notre vie de pri\u00e8re, afin de voir sa main agir aujourd&rsquo;hui. Il veut nous apprendre \u00e0 prier en \u00e9tablissant notre <span class=\"excerpt-dots\">&hellip;<\/span> <a class=\"more-link\" href=\"https:\/\/publication-evangelique.com\/?page_id=2022\"><span class=\"more-msg\">Lire la suite &rarr;<\/span><\/a><\/p>\n","protected":false},"author":1,"featured_media":12994,"parent":0,"menu_order":356,"comment_status":"closed","ping_status":"closed","template":"","meta":{"footnotes":""},"class_list":["post-2022","page","type-page","status-publish","has-post-thumbnail","hentry"],"yoast_head":"<!-- This site is optimized with the Yoast SEO plugin v27.3 - https:\/\/yoast.com\/product\/yoast-seo-wordpress\/ -->\n<title>Enseignements sur la pri\u00e8re<\/title>\n<meta name=\"robots\" content=\"index, follow, max-snippet:-1, max-image-preview:large, max-video-preview:-1\" \/>\n<link rel=\"canonical\" href=\"https:\/\/publication-evangelique.com\/?page_id=2022\" \/>\n<meta property=\"og:locale\" content=\"fr_FR\" \/>\n<meta property=\"og:type\" content=\"article\" \/>\n<meta property=\"og:title\" content=\"Enseignements sur la pri\u00e8re\" \/>\n<meta property=\"og:description\" content=\"Le but de ces enseignements est pour vous donn\u00e9, une id\u00e9e positive sur la pri\u00e8re. Dieu veut que nous affermissions notre vie de pri\u00e8re, afin de voir sa main agir aujourd&rsquo;hui. Il veut nous apprendre \u00e0 prier en \u00e9tablissant notre &hellip; Lire la suite &rarr;\" \/>\n<meta property=\"og:url\" content=\"https:\/\/publication-evangelique.com\/?page_id=2022\" \/>\n<meta property=\"og:site_name\" content=\"Publication \u00c9vang\u00e9lique\" \/>\n<meta property=\"article:publisher\" content=\"https:\/\/www.facebook.com\/danielpoulin75\" \/>\n<meta property=\"article:modified_time\" content=\"2019-02-03T14:38:59+00:00\" \/>\n<meta property=\"og:image\" content=\"https:\/\/publication-evangelique.com\/wp-content\/uploads\/1197.jpg\" \/>\n\t<meta property=\"og:image:width\" content=\"1280\" \/>\n\t<meta property=\"og:image:height\" content=\"960\" \/>\n\t<meta property=\"og:image:type\" content=\"image\/jpeg\" \/>\n<meta name=\"twitter:label1\" content=\"Dur\u00e9e de lecture estim\u00e9e\" \/>\n\t<meta name=\"twitter:data1\" content=\"2 minutes\" \/>\n<script type=\"application\/ld+json\" class=\"yoast-schema-graph\">{\"@context\":\"https:\\\/\\\/schema.org\",\"@graph\":[{\"@type\":\"WebPage\",\"@id\":\"https:\\\/\\\/publication-evangelique.com\\\/?page_id=2022\",\"url\":\"https:\\\/\\\/publication-evangelique.com\\\/?page_id=2022\",\"name\":\"Enseignements sur la pri\u00e8re\",\"isPartOf\":{\"@id\":\"https:\\\/\\\/publication-evangelique.com\\\/#website\"},\"primaryImageOfPage\":{\"@id\":\"https:\\\/\\\/publication-evangelique.com\\\/?page_id=2022#primaryimage\"},\"image\":{\"@id\":\"https:\\\/\\\/publication-evangelique.com\\\/?page_id=2022#primaryimage\"},\"thumbnailUrl\":\"https:\\\/\\\/publication-evangelique.com\\\/wp-content\\\/uploads\\\/1197.jpg\",\"datePublished\":\"2011-01-29T12:34:24+00:00\",\"dateModified\":\"2019-02-03T14:38:59+00:00\",\"breadcrumb\":{\"@id\":\"https:\\\/\\\/publication-evangelique.com\\\/?page_id=2022#breadcrumb\"},\"inLanguage\":\"fr-FR\",\"potentialAction\":[{\"@type\":\"ReadAction\",\"target\":[\"https:\\\/\\\/publication-evangelique.com\\\/?page_id=2022\"]}]},{\"@type\":\"ImageObject\",\"inLanguage\":\"fr-FR\",\"@id\":\"https:\\\/\\\/publication-evangelique.com\\\/?page_id=2022#primaryimage\",\"url\":\"https:\\\/\\\/publication-evangelique.com\\\/wp-content\\\/uploads\\\/1197.jpg\",\"contentUrl\":\"https:\\\/\\\/publication-evangelique.com\\\/wp-content\\\/uploads\\\/1197.jpg\",\"width\":1280,\"height\":960},{\"@type\":\"BreadcrumbList\",\"@id\":\"https:\\\/\\\/publication-evangelique.com\\\/?page_id=2022#breadcrumb\",\"itemListElement\":[{\"@type\":\"ListItem\",\"position\":1,\"name\":\"Accueil\",\"item\":\"https:\\\/\\\/publication-evangelique.com\\\/\"},{\"@type\":\"ListItem\",\"position\":2,\"name\":\"Enseignements sur la pri\u00e8re\"}]},{\"@type\":\"WebSite\",\"@id\":\"https:\\\/\\\/publication-evangelique.com\\\/#website\",\"url\":\"https:\\\/\\\/publication-evangelique.com\\\/\",\"name\":\"Daniel Poulin - publication-evangelique.com\",\"description\":\"Daniel Poulin\",\"publisher\":{\"@id\":\"https:\\\/\\\/publication-evangelique.com\\\/#\\\/schema\\\/person\\\/a7aa86223ca614c8c1a737d18c95460c\"},\"potentialAction\":[{\"@type\":\"SearchAction\",\"target\":{\"@type\":\"EntryPoint\",\"urlTemplate\":\"https:\\\/\\\/publication-evangelique.com\\\/?s={search_term_string}\"},\"query-input\":{\"@type\":\"PropertyValueSpecification\",\"valueRequired\":true,\"valueName\":\"search_term_string\"}}],\"inLanguage\":\"fr-FR\"},{\"@type\":[\"Person\",\"Organization\"],\"@id\":\"https:\\\/\\\/publication-evangelique.com\\\/#\\\/schema\\\/person\\\/a7aa86223ca614c8c1a737d18c95460c\",\"name\":\"Daniel Poulin\",\"image\":{\"@type\":\"ImageObject\",\"inLanguage\":\"fr-FR\",\"@id\":\"https:\\\/\\\/publication-evangelique.com\\\/wp-content\\\/uploads\\\/daniel5-1.jpg\",\"url\":\"https:\\\/\\\/publication-evangelique.com\\\/wp-content\\\/uploads\\\/daniel5-1.jpg\",\"contentUrl\":\"https:\\\/\\\/publication-evangelique.com\\\/wp-content\\\/uploads\\\/daniel5-1.jpg\",\"width\":833,\"height\":969,\"caption\":\"Daniel Poulin\"},\"logo\":{\"@id\":\"https:\\\/\\\/publication-evangelique.com\\\/wp-content\\\/uploads\\\/daniel5-1.jpg\"},\"description\":\"Bonjour, ici Daniel Poulin! Je suis un chr\u00e9tien n\u00e9 de nouveau depuis 1980, ayant parcouru un cheminement avec le Seigneur J\u00e9sus-Christ, j'ai construit ce site afin de partager mes connaissances de la parole de Dieu \\\" La Bible \\\" Je travaille aussi au d\u00e9veloppement de la station de radio chr\u00e9tienne fran\u00e7aise \u00e0 Montr\u00e9al, \\\" La Radio Gospel \\\" que vous pouvez voir ici http:\\\/\\\/laradiogospel.ca Je fr\u00e9quente aussi une \u00e9glise, dont je pr\u00eache et j\u2019enseigne la parole de Dieu. La communaut\u00e9 \u00c9vang\u00e9lique de l'Agneau \\\" , voici l'adresse, http:\\\/\\\/communauteevangelique.ca\\\/\",\"sameAs\":[\"https:\\\/\\\/publication-evangelique.com\",\"https:\\\/\\\/www.facebook.com\\\/danielpoulin75\",\"https:\\\/\\\/www.linkedin.com\\\/in\\\/daniel-poulin-64614745\\\/\",\"https:\\\/\\\/x.com\\\/https:\\\/\\\/twitter.com\\\/Daniel_Poulin\",\"https:\\\/\\\/www.youtube.com\\\/user\\\/danielpoulin75\\\/videos\"]}]}<\/script>\n<!-- \/ Yoast SEO plugin. -->","yoast_head_json":{"title":"Enseignements sur la pri\u00e8re","robots":{"index":"index","follow":"follow","max-snippet":"max-snippet:-1","max-image-preview":"max-image-preview:large","max-video-preview":"max-video-preview:-1"},"canonical":"https:\/\/publication-evangelique.com\/?page_id=2022","og_locale":"fr_FR","og_type":"article","og_title":"Enseignements sur la pri\u00e8re","og_description":"Le but de ces enseignements est pour vous donn\u00e9, une id\u00e9e positive sur la pri\u00e8re. Dieu veut que nous affermissions notre vie de pri\u00e8re, afin de voir sa main agir aujourd&rsquo;hui. Il veut nous apprendre \u00e0 prier en \u00e9tablissant notre &hellip; Lire la suite &rarr;","og_url":"https:\/\/publication-evangelique.com\/?page_id=2022","og_site_name":"Publication \u00c9vang\u00e9lique","article_publisher":"https:\/\/www.facebook.com\/danielpoulin75","article_modified_time":"2019-02-03T14:38:59+00:00","og_image":[{"width":1280,"height":960,"url":"https:\/\/publication-evangelique.com\/wp-content\/uploads\/1197.jpg","type":"image\/jpeg"}],"twitter_misc":{"Dur\u00e9e de lecture estim\u00e9e":"2 minutes"},"schema":{"@context":"https:\/\/schema.org","@graph":[{"@type":"WebPage","@id":"https:\/\/publication-evangelique.com\/?page_id=2022","url":"https:\/\/publication-evangelique.com\/?page_id=2022","name":"Enseignements sur la pri\u00e8re","isPartOf":{"@id":"https:\/\/publication-evangelique.com\/#website"},"primaryImageOfPage":{"@id":"https:\/\/publication-evangelique.com\/?page_id=2022#primaryimage"},"image":{"@id":"https:\/\/publication-evangelique.com\/?page_id=2022#primaryimage"},"thumbnailUrl":"https:\/\/publication-evangelique.com\/wp-content\/uploads\/1197.jpg","datePublished":"2011-01-29T12:34:24+00:00","dateModified":"2019-02-03T14:38:59+00:00","breadcrumb":{"@id":"https:\/\/publication-evangelique.com\/?page_id=2022#breadcrumb"},"inLanguage":"fr-FR","potentialAction":[{"@type":"ReadAction","target":["https:\/\/publication-evangelique.com\/?page_id=2022"]}]},{"@type":"ImageObject","inLanguage":"fr-FR","@id":"https:\/\/publication-evangelique.com\/?page_id=2022#primaryimage","url":"https:\/\/publication-evangelique.com\/wp-content\/uploads\/1197.jpg","contentUrl":"https:\/\/publication-evangelique.com\/wp-content\/uploads\/1197.jpg","width":1280,"height":960},{"@type":"BreadcrumbList","@id":"https:\/\/publication-evangelique.com\/?page_id=2022#breadcrumb","itemListElement":[{"@type":"ListItem","position":1,"name":"Accueil","item":"https:\/\/publication-evangelique.com\/"},{"@type":"ListItem","position":2,"name":"Enseignements sur la pri\u00e8re"}]},{"@type":"WebSite","@id":"https:\/\/publication-evangelique.com\/#website","url":"https:\/\/publication-evangelique.com\/","name":"Daniel Poulin - publication-evangelique.com","description":"Daniel Poulin","publisher":{"@id":"https:\/\/publication-evangelique.com\/#\/schema\/person\/a7aa86223ca614c8c1a737d18c95460c"},"potentialAction":[{"@type":"SearchAction","target":{"@type":"EntryPoint","urlTemplate":"https:\/\/publication-evangelique.com\/?s={search_term_string}"},"query-input":{"@type":"PropertyValueSpecification","valueRequired":true,"valueName":"search_term_string"}}],"inLanguage":"fr-FR"},{"@type":["Person","Organization"],"@id":"https:\/\/publication-evangelique.com\/#\/schema\/person\/a7aa86223ca614c8c1a737d18c95460c","name":"Daniel Poulin","image":{"@type":"ImageObject","inLanguage":"fr-FR","@id":"https:\/\/publication-evangelique.com\/wp-content\/uploads\/daniel5-1.jpg","url":"https:\/\/publication-evangelique.com\/wp-content\/uploads\/daniel5-1.jpg","contentUrl":"https:\/\/publication-evangelique.com\/wp-content\/uploads\/daniel5-1.jpg","width":833,"height":969,"caption":"Daniel Poulin"},"logo":{"@id":"https:\/\/publication-evangelique.com\/wp-content\/uploads\/daniel5-1.jpg"},"description":"Bonjour, ici Daniel Poulin! Je suis un chr\u00e9tien n\u00e9 de nouveau depuis 1980, ayant parcouru un cheminement avec le Seigneur J\u00e9sus-Christ, j'ai construit ce site afin de partager mes connaissances de la parole de Dieu \" La Bible \" Je travaille aussi au d\u00e9veloppement de la station de radio chr\u00e9tienne fran\u00e7aise \u00e0 Montr\u00e9al, \" La Radio Gospel \" que vous pouvez voir ici http:\/\/laradiogospel.ca Je fr\u00e9quente aussi une \u00e9glise, dont je pr\u00eache et j\u2019enseigne la parole de Dieu. La communaut\u00e9 \u00c9vang\u00e9lique de l'Agneau \" , voici l'adresse, http:\/\/communauteevangelique.ca\/","sameAs":["https:\/\/publication-evangelique.com","https:\/\/www.facebook.com\/danielpoulin75","https:\/\/www.linkedin.com\/in\/daniel-poulin-64614745\/","https:\/\/x.com\/https:\/\/twitter.com\/Daniel_Poulin","https:\/\/www.youtube.com\/user\/danielpoulin75\/videos"]}]}},"_links":{"self":[{"href":"https:\/\/publication-evangelique.com\/index.php?rest_route=\/wp\/v2\/pages\/2022","targetHints":{"allow":["GET"]}}],"collection":[{"href":"https:\/\/publication-evangelique.com\/index.php?rest_route=\/wp\/v2\/pages"}],"about":[{"href":"https:\/\/publication-evangelique.com\/index.php?rest_route=\/wp\/v2\/types\/page"}],"author":[{"embeddable":true,"href":"https:\/\/publication-evangelique.com\/index.php?rest_route=\/wp\/v2\/users\/1"}],"replies":[{"embeddable":true,"href":"https:\/\/publication-evangelique.com\/index.php?rest_route=%2Fwp%2Fv2%2Fcomments&post=2022"}],"version-history":[{"count":0,"href":"https:\/\/publication-evangelique.com\/index.php?rest_route=\/wp\/v2\/pages\/2022\/revisions"}],"wp:featuredmedia":[{"embeddable":true,"href":"https:\/\/publication-evangelique.com\/index.php?rest_route=\/wp\/v2\/media\/12994"}],"wp:attachment":[{"href":"https:\/\/publication-evangelique.com\/index.php?rest_route=%2Fwp%2Fv2%2Fmedia&parent=2022"}],"curies":[{"name":"wp","href":"https:\/\/api.w.org\/{rel}","templated":true}]}}