{"id":2422,"date":"2011-07-11T08:15:14","date_gmt":"2011-07-11T13:15:14","guid":{"rendered":"http:\/\/publication-evangelique.com\/?page_id=2422"},"modified":"2018-06-06T09:25:20","modified_gmt":"2018-06-06T14:25:20","slug":"traites-devangelisations","status":"publish","type":"page","link":"https:\/\/publication-evangelique.com\/?page_id=2422","title":{"rendered":"Trait\u00e9s d&rsquo;\u00e9vang\u00e9lisations"},"content":{"rendered":"<p>Voici quelque exemple de <strong>trait\u00e9 d&rsquo;\u00e9vang\u00e9lisation<\/strong> que vous pouvez <strong>t\u00e9l\u00e9charger gratuitement<\/strong> et <strong>imprimer<\/strong> pour distribuer.<\/p>\n<p>Imprimez-les recto-verso. Vous les trouverez au format PDF.<\/p>\n<p><a href= \" https:\/\/publication-evangelique.com\/pdf\/traites\/jesuschristtappelle.pdf \" target= \" _blank \" > &#8211; Bonne nouvelle, J\u00e9sus-Christ t&rsquo;appelle!<\/a><\/p>\n<p><a href= \" https:\/\/publication-evangelique.com\/pdf\/traites\/naitre2fois.pdf \" target= \" _blank \" > &#8211; Naitre 2 fois<\/a><\/p>\n<p><a href= \" https:\/\/publication-evangelique.com\/pdf\/traites\/connaistulamour.pdf \" target= \" _blank \" > &#8211; Connais-tu l&rsquo;amour?<\/a><\/p>\n<p><a href= \" https:\/\/publication-evangelique.com\/pdf\/traites\/etes-vous_sauve.pdf \" target= \" _blank \" > &#8211; Es-tu sauv\u00e9?<\/a><\/p>\n<p><a href= \" https:\/\/publication-evangelique.com\/pdf\/traites\/uncadeaudedieu-nb.pdf \" target= \" _blank \" > &#8211; Un cadeau de Dieu &#8211; noir\/blanc<\/a><\/p>\n<p><a href= \" https:\/\/publication-evangelique.com\/pdf\/traites\/uncadeaudedieu.pdf \" target= \" _blank \" > &#8211; Un cadeau de Dieu &#8211; couleur jaune\/orange<\/a><\/p>\n<p><a href= \" https:\/\/publication-evangelique.com\/pdf\/traites\/uncadeaudedieu-couleurmauve.pdf \" target= \" _blank \" > &#8211; Un cadeau de Dieu &#8211; couleur mauve<\/a><\/p>\n<p><a href= \" https:\/\/publication-evangelique.com\/pdf\/traites\/lamourdeDieu.pdf \" target= \" _blank \" > &#8211; L&rsquo;amour de Dieu pour tous les hommes &#8211; couleur jaune\/orange<\/a><\/p>\n<p><a href= \" https:\/\/publication-evangelique.com\/pdf\/traites\/dieuveuttadopter.pdf \" target= \" _blank \" > &#8211; Dieu veut t\u2019adopter dans sa famille &#8211; couleur bleu<\/a><\/p>\n<p>Voici <strong>un site<\/strong> qui offre plusieurs <strong>trait\u00e9s d&rsquo;\u00e9vang\u00e9lisation<\/strong> pr\u00eat \u00e0 \u00eatre imprim\u00e9 ou \u00e0 acheter d\u00e9j\u00e0 fait.<br \/>\n<a href= \" http:\/\/evangelisetonvoisin.com\/static4\/telechargement-gratuit \" target= \" _blank \" > evangelisetonvoisin.com<\/a><\/p>\n<p><\/br><\/br><\/br><\/br><\/p>\n","protected":false},"excerpt":{"rendered":"<p>Voici quelque exemple de trait\u00e9 d&rsquo;\u00e9vang\u00e9lisation que vous pouvez t\u00e9l\u00e9charger gratuitement et imprimer pour distribuer. Imprimez-les recto-verso. Vous les trouverez au format PDF. &#8211; Bonne nouvelle, J\u00e9sus-Christ t&rsquo;appelle! &#8211; Naitre 2 fois &#8211; Connais-tu l&rsquo;amour? &#8211; Es-tu sauv\u00e9? &#8211; Un <span class=\"excerpt-dots\">&hellip;<\/span> <a class=\"more-link\" href=\"https:\/\/publication-evangelique.com\/?page_id=2422\"><span class=\"more-msg\">Lire la suite &rarr;<\/span><\/a><\/p>\n","protected":false},"author":1,"featured_media":14184,"parent":0,"menu_order":541,"comment_status":"closed","ping_status":"closed","template":"","meta":{"footnotes":""},"class_list":["post-2422","page","type-page","status-publish","has-post-thumbnail","hentry"],"yoast_head":"<!-- This site is optimized with the Yoast SEO plugin v27.3 - https:\/\/yoast.com\/product\/yoast-seo-wordpress\/ -->\n<title>Trait\u00e9s d&#039;\u00e9vang\u00e9lisations<\/title>\n<meta name=\"robots\" content=\"index, follow, max-snippet:-1, max-image-preview:large, max-video-preview:-1\" \/>\n<link rel=\"canonical\" href=\"https:\/\/publication-evangelique.com\/?page_id=2422\" \/>\n<meta property=\"og:locale\" content=\"fr_FR\" \/>\n<meta property=\"og:type\" content=\"article\" \/>\n<meta property=\"og:title\" content=\"Trait\u00e9s d&#039;\u00e9vang\u00e9lisations\" \/>\n<meta property=\"og:description\" content=\"Voici quelque exemple de trait\u00e9 d&rsquo;\u00e9vang\u00e9lisation que vous pouvez t\u00e9l\u00e9charger gratuitement et imprimer pour distribuer. Imprimez-les recto-verso. Vous les trouverez au format PDF. &#8211; Bonne nouvelle, J\u00e9sus-Christ t&rsquo;appelle! &#8211; Naitre 2 fois &#8211; Connais-tu l&rsquo;amour? &#8211; Es-tu sauv\u00e9? &#8211; Un &hellip; Lire la suite &rarr;\" \/>\n<meta property=\"og:url\" content=\"https:\/\/publication-evangelique.com\/?page_id=2422\" \/>\n<meta property=\"og:site_name\" content=\"Publication \u00c9vang\u00e9lique\" \/>\n<meta property=\"article:publisher\" content=\"https:\/\/www.facebook.com\/danielpoulin75\" \/>\n<meta property=\"article:modified_time\" content=\"2018-06-06T14:25:20+00:00\" \/>\n<meta property=\"og:image\" content=\"https:\/\/publication-evangelique.com\/wp-content\/uploads\/pdf.jpg\" \/>\n\t<meta property=\"og:image:width\" content=\"1280\" \/>\n\t<meta property=\"og:image:height\" content=\"1272\" \/>\n\t<meta property=\"og:image:type\" content=\"image\/jpeg\" \/>\n<meta name=\"twitter:label1\" content=\"Dur\u00e9e de lecture estim\u00e9e\" \/>\n\t<meta name=\"twitter:data1\" content=\"1 minute\" \/>\n<script type=\"application\/ld+json\" class=\"yoast-schema-graph\">{\"@context\":\"https:\\\/\\\/schema.org\",\"@graph\":[{\"@type\":\"WebPage\",\"@id\":\"https:\\\/\\\/publication-evangelique.com\\\/?page_id=2422\",\"url\":\"https:\\\/\\\/publication-evangelique.com\\\/?page_id=2422\",\"name\":\"Trait\u00e9s d'\u00e9vang\u00e9lisations\",\"isPartOf\":{\"@id\":\"https:\\\/\\\/publication-evangelique.com\\\/#website\"},\"primaryImageOfPage\":{\"@id\":\"https:\\\/\\\/publication-evangelique.com\\\/?page_id=2422#primaryimage\"},\"image\":{\"@id\":\"https:\\\/\\\/publication-evangelique.com\\\/?page_id=2422#primaryimage\"},\"thumbnailUrl\":\"https:\\\/\\\/publication-evangelique.com\\\/wp-content\\\/uploads\\\/pdf.jpg\",\"datePublished\":\"2011-07-11T13:15:14+00:00\",\"dateModified\":\"2018-06-06T14:25:20+00:00\",\"breadcrumb\":{\"@id\":\"https:\\\/\\\/publication-evangelique.com\\\/?page_id=2422#breadcrumb\"},\"inLanguage\":\"fr-FR\",\"potentialAction\":[{\"@type\":\"ReadAction\",\"target\":[\"https:\\\/\\\/publication-evangelique.com\\\/?page_id=2422\"]}]},{\"@type\":\"ImageObject\",\"inLanguage\":\"fr-FR\",\"@id\":\"https:\\\/\\\/publication-evangelique.com\\\/?page_id=2422#primaryimage\",\"url\":\"https:\\\/\\\/publication-evangelique.com\\\/wp-content\\\/uploads\\\/pdf.jpg\",\"contentUrl\":\"https:\\\/\\\/publication-evangelique.com\\\/wp-content\\\/uploads\\\/pdf.jpg\",\"width\":1280,\"height\":1272},{\"@type\":\"BreadcrumbList\",\"@id\":\"https:\\\/\\\/publication-evangelique.com\\\/?page_id=2422#breadcrumb\",\"itemListElement\":[{\"@type\":\"ListItem\",\"position\":1,\"name\":\"Accueil\",\"item\":\"https:\\\/\\\/publication-evangelique.com\\\/\"},{\"@type\":\"ListItem\",\"position\":2,\"name\":\"Trait\u00e9s d&rsquo;\u00e9vang\u00e9lisations\"}]},{\"@type\":\"WebSite\",\"@id\":\"https:\\\/\\\/publication-evangelique.com\\\/#website\",\"url\":\"https:\\\/\\\/publication-evangelique.com\\\/\",\"name\":\"Daniel Poulin - publication-evangelique.com\",\"description\":\"Daniel Poulin\",\"publisher\":{\"@id\":\"https:\\\/\\\/publication-evangelique.com\\\/#\\\/schema\\\/person\\\/a7aa86223ca614c8c1a737d18c95460c\"},\"potentialAction\":[{\"@type\":\"SearchAction\",\"target\":{\"@type\":\"EntryPoint\",\"urlTemplate\":\"https:\\\/\\\/publication-evangelique.com\\\/?s={search_term_string}\"},\"query-input\":{\"@type\":\"PropertyValueSpecification\",\"valueRequired\":true,\"valueName\":\"search_term_string\"}}],\"inLanguage\":\"fr-FR\"},{\"@type\":[\"Person\",\"Organization\"],\"@id\":\"https:\\\/\\\/publication-evangelique.com\\\/#\\\/schema\\\/person\\\/a7aa86223ca614c8c1a737d18c95460c\",\"name\":\"Daniel Poulin\",\"image\":{\"@type\":\"ImageObject\",\"inLanguage\":\"fr-FR\",\"@id\":\"https:\\\/\\\/publication-evangelique.com\\\/wp-content\\\/uploads\\\/daniel5-1.jpg\",\"url\":\"https:\\\/\\\/publication-evangelique.com\\\/wp-content\\\/uploads\\\/daniel5-1.jpg\",\"contentUrl\":\"https:\\\/\\\/publication-evangelique.com\\\/wp-content\\\/uploads\\\/daniel5-1.jpg\",\"width\":833,\"height\":969,\"caption\":\"Daniel Poulin\"},\"logo\":{\"@id\":\"https:\\\/\\\/publication-evangelique.com\\\/wp-content\\\/uploads\\\/daniel5-1.jpg\"},\"description\":\"Bonjour, ici Daniel Poulin! Je suis un chr\u00e9tien n\u00e9 de nouveau depuis 1980, ayant parcouru un cheminement avec le Seigneur J\u00e9sus-Christ, j'ai construit ce site afin de partager mes connaissances de la parole de Dieu \\\" La Bible \\\" Je travaille aussi au d\u00e9veloppement de la station de radio chr\u00e9tienne fran\u00e7aise \u00e0 Montr\u00e9al, \\\" La Radio Gospel \\\" que vous pouvez voir ici http:\\\/\\\/laradiogospel.ca Je fr\u00e9quente aussi une \u00e9glise, dont je pr\u00eache et j\u2019enseigne la parole de Dieu. La communaut\u00e9 \u00c9vang\u00e9lique de l'Agneau \\\" , voici l'adresse, http:\\\/\\\/communauteevangelique.ca\\\/\",\"sameAs\":[\"https:\\\/\\\/publication-evangelique.com\",\"https:\\\/\\\/www.facebook.com\\\/danielpoulin75\",\"https:\\\/\\\/www.linkedin.com\\\/in\\\/daniel-poulin-64614745\\\/\",\"https:\\\/\\\/x.com\\\/https:\\\/\\\/twitter.com\\\/Daniel_Poulin\",\"https:\\\/\\\/www.youtube.com\\\/user\\\/danielpoulin75\\\/videos\"]}]}<\/script>\n<!-- \/ Yoast SEO plugin. -->","yoast_head_json":{"title":"Trait\u00e9s d'\u00e9vang\u00e9lisations","robots":{"index":"index","follow":"follow","max-snippet":"max-snippet:-1","max-image-preview":"max-image-preview:large","max-video-preview":"max-video-preview:-1"},"canonical":"https:\/\/publication-evangelique.com\/?page_id=2422","og_locale":"fr_FR","og_type":"article","og_title":"Trait\u00e9s d'\u00e9vang\u00e9lisations","og_description":"Voici quelque exemple de trait\u00e9 d&rsquo;\u00e9vang\u00e9lisation que vous pouvez t\u00e9l\u00e9charger gratuitement et imprimer pour distribuer. Imprimez-les recto-verso. Vous les trouverez au format PDF. &#8211; Bonne nouvelle, J\u00e9sus-Christ t&rsquo;appelle! &#8211; Naitre 2 fois &#8211; Connais-tu l&rsquo;amour? &#8211; Es-tu sauv\u00e9? &#8211; Un &hellip; Lire la suite &rarr;","og_url":"https:\/\/publication-evangelique.com\/?page_id=2422","og_site_name":"Publication \u00c9vang\u00e9lique","article_publisher":"https:\/\/www.facebook.com\/danielpoulin75","article_modified_time":"2018-06-06T14:25:20+00:00","og_image":[{"width":1280,"height":1272,"url":"https:\/\/publication-evangelique.com\/wp-content\/uploads\/pdf.jpg","type":"image\/jpeg"}],"twitter_misc":{"Dur\u00e9e de lecture estim\u00e9e":"1 minute"},"schema":{"@context":"https:\/\/schema.org","@graph":[{"@type":"WebPage","@id":"https:\/\/publication-evangelique.com\/?page_id=2422","url":"https:\/\/publication-evangelique.com\/?page_id=2422","name":"Trait\u00e9s d'\u00e9vang\u00e9lisations","isPartOf":{"@id":"https:\/\/publication-evangelique.com\/#website"},"primaryImageOfPage":{"@id":"https:\/\/publication-evangelique.com\/?page_id=2422#primaryimage"},"image":{"@id":"https:\/\/publication-evangelique.com\/?page_id=2422#primaryimage"},"thumbnailUrl":"https:\/\/publication-evangelique.com\/wp-content\/uploads\/pdf.jpg","datePublished":"2011-07-11T13:15:14+00:00","dateModified":"2018-06-06T14:25:20+00:00","breadcrumb":{"@id":"https:\/\/publication-evangelique.com\/?page_id=2422#breadcrumb"},"inLanguage":"fr-FR","potentialAction":[{"@type":"ReadAction","target":["https:\/\/publication-evangelique.com\/?page_id=2422"]}]},{"@type":"ImageObject","inLanguage":"fr-FR","@id":"https:\/\/publication-evangelique.com\/?page_id=2422#primaryimage","url":"https:\/\/publication-evangelique.com\/wp-content\/uploads\/pdf.jpg","contentUrl":"https:\/\/publication-evangelique.com\/wp-content\/uploads\/pdf.jpg","width":1280,"height":1272},{"@type":"BreadcrumbList","@id":"https:\/\/publication-evangelique.com\/?page_id=2422#breadcrumb","itemListElement":[{"@type":"ListItem","position":1,"name":"Accueil","item":"https:\/\/publication-evangelique.com\/"},{"@type":"ListItem","position":2,"name":"Trait\u00e9s d&rsquo;\u00e9vang\u00e9lisations"}]},{"@type":"WebSite","@id":"https:\/\/publication-evangelique.com\/#website","url":"https:\/\/publication-evangelique.com\/","name":"Daniel Poulin - publication-evangelique.com","description":"Daniel Poulin","publisher":{"@id":"https:\/\/publication-evangelique.com\/#\/schema\/person\/a7aa86223ca614c8c1a737d18c95460c"},"potentialAction":[{"@type":"SearchAction","target":{"@type":"EntryPoint","urlTemplate":"https:\/\/publication-evangelique.com\/?s={search_term_string}"},"query-input":{"@type":"PropertyValueSpecification","valueRequired":true,"valueName":"search_term_string"}}],"inLanguage":"fr-FR"},{"@type":["Person","Organization"],"@id":"https:\/\/publication-evangelique.com\/#\/schema\/person\/a7aa86223ca614c8c1a737d18c95460c","name":"Daniel Poulin","image":{"@type":"ImageObject","inLanguage":"fr-FR","@id":"https:\/\/publication-evangelique.com\/wp-content\/uploads\/daniel5-1.jpg","url":"https:\/\/publication-evangelique.com\/wp-content\/uploads\/daniel5-1.jpg","contentUrl":"https:\/\/publication-evangelique.com\/wp-content\/uploads\/daniel5-1.jpg","width":833,"height":969,"caption":"Daniel Poulin"},"logo":{"@id":"https:\/\/publication-evangelique.com\/wp-content\/uploads\/daniel5-1.jpg"},"description":"Bonjour, ici Daniel Poulin! Je suis un chr\u00e9tien n\u00e9 de nouveau depuis 1980, ayant parcouru un cheminement avec le Seigneur J\u00e9sus-Christ, j'ai construit ce site afin de partager mes connaissances de la parole de Dieu \" La Bible \" Je travaille aussi au d\u00e9veloppement de la station de radio chr\u00e9tienne fran\u00e7aise \u00e0 Montr\u00e9al, \" La Radio Gospel \" que vous pouvez voir ici http:\/\/laradiogospel.ca Je fr\u00e9quente aussi une \u00e9glise, dont je pr\u00eache et j\u2019enseigne la parole de Dieu. La communaut\u00e9 \u00c9vang\u00e9lique de l'Agneau \" , voici l'adresse, http:\/\/communauteevangelique.ca\/","sameAs":["https:\/\/publication-evangelique.com","https:\/\/www.facebook.com\/danielpoulin75","https:\/\/www.linkedin.com\/in\/daniel-poulin-64614745\/","https:\/\/x.com\/https:\/\/twitter.com\/Daniel_Poulin","https:\/\/www.youtube.com\/user\/danielpoulin75\/videos"]}]}},"_links":{"self":[{"href":"https:\/\/publication-evangelique.com\/index.php?rest_route=\/wp\/v2\/pages\/2422","targetHints":{"allow":["GET"]}}],"collection":[{"href":"https:\/\/publication-evangelique.com\/index.php?rest_route=\/wp\/v2\/pages"}],"about":[{"href":"https:\/\/publication-evangelique.com\/index.php?rest_route=\/wp\/v2\/types\/page"}],"author":[{"embeddable":true,"href":"https:\/\/publication-evangelique.com\/index.php?rest_route=\/wp\/v2\/users\/1"}],"replies":[{"embeddable":true,"href":"https:\/\/publication-evangelique.com\/index.php?rest_route=%2Fwp%2Fv2%2Fcomments&post=2422"}],"version-history":[{"count":0,"href":"https:\/\/publication-evangelique.com\/index.php?rest_route=\/wp\/v2\/pages\/2422\/revisions"}],"wp:featuredmedia":[{"embeddable":true,"href":"https:\/\/publication-evangelique.com\/index.php?rest_route=\/wp\/v2\/media\/14184"}],"wp:attachment":[{"href":"https:\/\/publication-evangelique.com\/index.php?rest_route=%2Fwp%2Fv2%2Fmedia&parent=2422"}],"curies":[{"name":"wp","href":"https:\/\/api.w.org\/{rel}","templated":true}]}}