{"id":2488,"date":"2011-07-18T10:15:50","date_gmt":"2011-07-18T15:15:50","guid":{"rendered":"http:\/\/publication-evangelique.com\/?page_id=2488"},"modified":"2025-09-28T08:44:12","modified_gmt":"2025-09-28T13:44:12","slug":"chants-musique-chretienne-gratuite-en-mp3","status":"publish","type":"page","link":"https:\/\/publication-evangelique.com\/?page_id=2488","title":{"rendered":"Chants gospel, musique chr\u00e9tienne gratuite en MP3!"},"content":{"rendered":"<h1>Voici des centaines de chants chr\u00e9tiens <\/h1>\n<p>De la <strong>musique Gospel<\/strong> que vous pouvez <strong>\u00e9couter<\/strong> ou <strong>t\u00e9l\u00e9charger<\/strong> en <strong>MP3 gratuitement<\/strong>.<\/p>\n<p>&#8211;> <a href=\"#Daniel Poulin\">Daniel Poulin<\/a> <strong>11 chants<\/strong> gratuits \u00e0 \u00e9couter et t\u00e9l\u00e9charger<br \/>\n&#8211;> <a href=\"#tresor sonores\">Tr\u00e9sor sonores<\/a> <strong>plus de 100 chansons<\/strong> gratuites \u00e0 \u00e9couter et t\u00e9l\u00e9charger<\/p>\n<p>&nbsp;<br \/>\n<span id=\"Daniel Poulin\"> <\/span><\/p>\n<h3>Voici ceux produit par <a name= \" Daniel Poulin \" >Daniel Poulin<\/a> <\/h3>\n<p> Cliquez bouton de droite sur le nom et \u00a0\u00bb enregistrer la cible du lien sous \u00a0\u00bb <\/p>\n<table border=0 summary= \" \" >\n<tr valign= \" top \" >\n<td>\n<div><audio controls= \" controls \" preload= \" none \" style= \" width:480px; \" src= \" https:\/\/publication-evangelique.com\/media\/mp3\/Auxjoursdangoisse.mp3 \" ><\/audio><br \/>\n<strong>T\u00e9l\u00e9charger &#8211;&gt; <\/strong><a href= \" https:\/\/publication-evangelique.com\/media\/mp3\/Auxjoursdangoisse.mp3 \" >Aux jours d&rsquo;angoisse<\/a><br \/>\n&nbsp;<\/div>\n<div><audio controls= \" controls \" preload= \" none \" style= \" width:480px; \" src= \" https:\/\/publication-evangelique.com\/media\/mp3\/Chaquejourachaqueheure.mp3 \" ><\/audio><br \/>\n<strong>T\u00e9l\u00e9charger &#8211;&gt; <\/strong><a href= \" https:\/\/publication-evangelique.com\/media\/mp3\/Chaquejourachaqueheure.mp3 \" >Chaque jour \u00e0 chaque heure<\/a><br \/>\n&nbsp;<\/div>\n<div><audio controls= \" controls \" preload= \" none \" style= \" width:480px; \" src= \" https:\/\/publication-evangelique.com\/media\/mp3\/ComptelesbienfaitsdeDieu.mp3 \" ><\/audio><br \/>\n<strong>T\u00e9l\u00e9charger &#8211;&gt; <\/strong><a href= \" https:\/\/publication-evangelique.com\/media\/mp3\/ComptelesbienfaitsdeDieu.mp3 \" >Compte les bienfaits de Dieu<\/a><br \/>\n&nbsp;<\/div>\n<div><audio controls= \" controls \" preload= \" none \" style= \" width:480px; \" src= \" https:\/\/publication-evangelique.com\/media\/mp3\/Jenesaispourquoidanssagrace.mp3 \" ><\/audio><br \/>\n<strong>T\u00e9l\u00e9charger &#8211;&gt; <\/strong><a href= \" https:\/\/publication-evangelique.com\/media\/mp3\/Jenesaispourquoidanssagrace.mp3 \" >Je ne sais pourquoi dans sa gr\u00e2ce<\/a><br \/>\n&nbsp;\n<\/div>\n<div><audio controls= \" controls \" preload= \" none \" style= \" width:480px; \" src= \" https:\/\/publication-evangelique.com\/media\/mp3\/Jesusestaumillieudenous.mp3 \" ><\/audio><br \/>\n<strong>T\u00e9l\u00e9charger &#8211;&gt; <\/strong><a href= \" https:\/\/publication-evangelique.com\/media\/mp3\/Jesusestaumillieudenous.mp3 \" >J\u00e9sus est au milieu de nous<\/a><br \/>\n&nbsp;<\/div>\n<div><audio controls= \" controls \" preload= \" none \" style= \" width:480px; \" src= \" https:\/\/publication-evangelique.com\/media\/mp3\/JourduSeigneur.mp3 \" ><\/audio><br \/>\n<strong>T\u00e9l\u00e9charger &#8211;&gt; <\/strong><a href= \" https:\/\/publication-evangelique.com\/media\/mp3\/JourduSeigneur.mp3 \" >Jour du Seigneur<\/a><br \/>\n&nbsp;<\/div>\n<div><audio controls= \" controls \" preload= \" none \" style= \" width:480px; \" src= \" https:\/\/publication-evangelique.com\/media\/mp3\/OuiprendtoutSeigneur.mp3 \" ><\/audio><br \/>\n<strong>T\u00e9l\u00e9charger &#8211;&gt; <\/strong><a href= \" https:\/\/publication-evangelique.com\/media\/mp3\/OuiprendtoutSeigneur.mp3 \" >Oui prend tout Seigneur<\/a><br \/>\n&nbsp;\n<\/div>\n<div><audio controls= \" controls \" preload= \" none \" style= \" width:480px; \" src= \" https:\/\/publication-evangelique.com\/media\/mp3\/Quelamifideleettendre.mp3 \" ><\/audio><br \/>\n<strong>T\u00e9l\u00e9charger &#8211;&gt; <\/strong><a href= \" https:\/\/publication-evangelique.com\/media\/mp3\/Quelamifideleettendre.mp3 \" >Quel ami fid\u00e8le et tendre<\/a><br \/>\n&nbsp;<\/div>\n<div><audio controls= \" controls \" preload= \" none \" style= \" width:480px; \" src= \" https:\/\/publication-evangelique.com\/media\/mp3\/Quelbeaunom.mp3 \" ><\/audio><br \/>\n<strong>T\u00e9l\u00e9charger &#8211;&gt; <\/strong><a href= \" https:\/\/publication-evangelique.com\/media\/mp3\/Quelbeaunom.mp3 \" >Quel beau nom<\/a><br \/>\n&nbsp;\n<\/div>\n<div><audio controls= \" controls \" preload= \" none \" style= \" width:480px; \" src= \" https:\/\/publication-evangelique.com\/media\/mp3\/Seigneurattire.mp3 \" ><\/audio><br \/>\n<strong>T\u00e9l\u00e9charger &#8211;&gt; <\/strong><a href= \" https:\/\/publication-evangelique.com\/media\/mp3\/Seigneurattire.mp3 \" >Seigneur attire<\/a><br \/>\n&nbsp;<\/div>\n<\/td>\n<\/tr>\n<\/table>\n<p>&nbsp;<br \/>\n&nbsp;&#8212;&#8212;&#8212;&#8212;&#8212;&#8212;&#8212;&#8212;&#8212;&#8212;&#8212;&#8212;&#8212;&#8212;&#8212;-<br \/>\n<span id=\"tresor sonores\"> <\/span><\/p>\n<h3><img src= \" https:\/\/publication-evangelique.com\/images\/tresorsonore.png \" alt= \" \" width= \" 185 \" height= \" 25 \" align= \" none \" border= \" 2 \" \/> <a><\/a>Tr\u00e9sor sonore <\/a>T\u00e9l\u00e9charger au dessus de <strong>100 chansons chez <\/strong> gratuites <a href= \" http:\/\/www.tresorsonore.com\/voirtouscat2010.php?cat=6548 \" target= \" _blank \" > tr\u00e9sor sonore.<\/a><\/h3>\n<p>&nbsp;<\/p>\n<p>&nbsp;&#8212;&#8212;&#8212;&#8212;&#8212;&#8212;&#8212;&#8212;&#8212;&#8212;&#8212;&#8212;&#8212;&#8212;&#8212;-<\/p>\n","protected":false},"excerpt":{"rendered":"<p>Voici des centaines de chants chr\u00e9tiens De la musique Gospel que vous pouvez \u00e9couter ou t\u00e9l\u00e9charger en MP3 gratuitement. &#8211;> Daniel Poulin 11 chants gratuits \u00e0 \u00e9couter et t\u00e9l\u00e9charger &#8211;> Tr\u00e9sor sonores plus de 100 chansons gratuites \u00e0 \u00e9couter et <span class=\"excerpt-dots\">&hellip;<\/span> <a class=\"more-link\" href=\"https:\/\/publication-evangelique.com\/?page_id=2488\"><span class=\"more-msg\">Lire la suite &rarr;<\/span><\/a><\/p>\n","protected":false},"author":1,"featured_media":14185,"parent":0,"menu_order":562,"comment_status":"closed","ping_status":"closed","template":"","meta":{"footnotes":""},"class_list":["post-2488","page","type-page","status-publish","has-post-thumbnail","hentry"],"yoast_head":"<!-- This site is optimized with the Yoast SEO plugin v27.4 - https:\/\/yoast.com\/product\/yoast-seo-wordpress\/ -->\n<title>Chants, musique chr\u00e9tienne gratuite en MP3!<\/title>\n<meta name=\"robots\" content=\"index, follow, max-snippet:-1, max-image-preview:large, max-video-preview:-1\" \/>\n<link rel=\"canonical\" href=\"https:\/\/publication-evangelique.com\/?page_id=2488\" \/>\n<meta property=\"og:locale\" content=\"fr_FR\" \/>\n<meta property=\"og:type\" content=\"article\" \/>\n<meta property=\"og:title\" content=\"Chants, musique chr\u00e9tienne gratuite en MP3!\" \/>\n<meta property=\"og:description\" content=\"Voici des centaines de chants chr\u00e9tiens De la musique Gospel que vous pouvez \u00e9couter ou t\u00e9l\u00e9charger en MP3 gratuitement. &#8211;&gt; Daniel Poulin 11 chants gratuits \u00e0 \u00e9couter et t\u00e9l\u00e9charger &#8211;&gt; Tr\u00e9sor sonores plus de 100 chansons gratuites \u00e0 \u00e9couter et &hellip; Lire la suite &rarr;\" \/>\n<meta property=\"og:url\" content=\"https:\/\/publication-evangelique.com\/?page_id=2488\" \/>\n<meta property=\"og:site_name\" content=\"Publication \u00c9vang\u00e9lique\" \/>\n<meta property=\"article:publisher\" content=\"https:\/\/www.facebook.com\/danielpoulin75\" \/>\n<meta property=\"article:modified_time\" content=\"2025-09-28T13:44:12+00:00\" \/>\n<meta property=\"og:image\" content=\"https:\/\/publication-evangelique.com\/wp-content\/uploads\/music.jpg\" \/>\n\t<meta property=\"og:image:width\" content=\"1280\" \/>\n\t<meta property=\"og:image:height\" content=\"1270\" \/>\n\t<meta property=\"og:image:type\" content=\"image\/jpeg\" \/>\n<meta name=\"twitter:label1\" content=\"Dur\u00e9e de lecture estim\u00e9e\" \/>\n\t<meta name=\"twitter:data1\" content=\"2 minutes\" \/>\n<script type=\"application\/ld+json\" class=\"yoast-schema-graph\">{\"@context\":\"https:\\\/\\\/schema.org\",\"@graph\":[{\"@type\":\"WebPage\",\"@id\":\"https:\\\/\\\/publication-evangelique.com\\\/?page_id=2488\",\"url\":\"https:\\\/\\\/publication-evangelique.com\\\/?page_id=2488\",\"name\":\"Chants, musique chr\u00e9tienne gratuite en MP3!\",\"isPartOf\":{\"@id\":\"https:\\\/\\\/publication-evangelique.com\\\/#website\"},\"primaryImageOfPage\":{\"@id\":\"https:\\\/\\\/publication-evangelique.com\\\/?page_id=2488#primaryimage\"},\"image\":{\"@id\":\"https:\\\/\\\/publication-evangelique.com\\\/?page_id=2488#primaryimage\"},\"thumbnailUrl\":\"https:\\\/\\\/publication-evangelique.com\\\/wp-content\\\/uploads\\\/music.jpg\",\"datePublished\":\"2011-07-18T15:15:50+00:00\",\"dateModified\":\"2025-09-28T13:44:12+00:00\",\"breadcrumb\":{\"@id\":\"https:\\\/\\\/publication-evangelique.com\\\/?page_id=2488#breadcrumb\"},\"inLanguage\":\"fr-FR\",\"potentialAction\":[{\"@type\":\"ReadAction\",\"target\":[\"https:\\\/\\\/publication-evangelique.com\\\/?page_id=2488\"]}]},{\"@type\":\"ImageObject\",\"inLanguage\":\"fr-FR\",\"@id\":\"https:\\\/\\\/publication-evangelique.com\\\/?page_id=2488#primaryimage\",\"url\":\"https:\\\/\\\/publication-evangelique.com\\\/wp-content\\\/uploads\\\/music.jpg\",\"contentUrl\":\"https:\\\/\\\/publication-evangelique.com\\\/wp-content\\\/uploads\\\/music.jpg\",\"width\":1280,\"height\":1270},{\"@type\":\"BreadcrumbList\",\"@id\":\"https:\\\/\\\/publication-evangelique.com\\\/?page_id=2488#breadcrumb\",\"itemListElement\":[{\"@type\":\"ListItem\",\"position\":1,\"name\":\"Accueil\",\"item\":\"https:\\\/\\\/publication-evangelique.com\\\/\"},{\"@type\":\"ListItem\",\"position\":2,\"name\":\"Chants gospel, musique chr\u00e9tienne gratuite en MP3!\"}]},{\"@type\":\"WebSite\",\"@id\":\"https:\\\/\\\/publication-evangelique.com\\\/#website\",\"url\":\"https:\\\/\\\/publication-evangelique.com\\\/\",\"name\":\"Daniel Poulin - publication-evangelique.com\",\"description\":\"Daniel Poulin\",\"publisher\":{\"@id\":\"https:\\\/\\\/publication-evangelique.com\\\/#\\\/schema\\\/person\\\/a7aa86223ca614c8c1a737d18c95460c\"},\"potentialAction\":[{\"@type\":\"SearchAction\",\"target\":{\"@type\":\"EntryPoint\",\"urlTemplate\":\"https:\\\/\\\/publication-evangelique.com\\\/?s={search_term_string}\"},\"query-input\":{\"@type\":\"PropertyValueSpecification\",\"valueRequired\":true,\"valueName\":\"search_term_string\"}}],\"inLanguage\":\"fr-FR\"},{\"@type\":[\"Person\",\"Organization\"],\"@id\":\"https:\\\/\\\/publication-evangelique.com\\\/#\\\/schema\\\/person\\\/a7aa86223ca614c8c1a737d18c95460c\",\"name\":\"Daniel Poulin\",\"image\":{\"@type\":\"ImageObject\",\"inLanguage\":\"fr-FR\",\"@id\":\"https:\\\/\\\/publication-evangelique.com\\\/wp-content\\\/uploads\\\/daniel5-1.jpg\",\"url\":\"https:\\\/\\\/publication-evangelique.com\\\/wp-content\\\/uploads\\\/daniel5-1.jpg\",\"contentUrl\":\"https:\\\/\\\/publication-evangelique.com\\\/wp-content\\\/uploads\\\/daniel5-1.jpg\",\"width\":833,\"height\":969,\"caption\":\"Daniel Poulin\"},\"logo\":{\"@id\":\"https:\\\/\\\/publication-evangelique.com\\\/wp-content\\\/uploads\\\/daniel5-1.jpg\"},\"description\":\"Bonjour, ici Daniel Poulin! Je suis un chr\u00e9tien n\u00e9 de nouveau depuis 1980, ayant parcouru un cheminement avec le Seigneur J\u00e9sus-Christ, j'ai construit ce site afin de partager mes connaissances de la parole de Dieu \\\" La Bible \\\" Je travaille aussi au d\u00e9veloppement de la station de radio chr\u00e9tienne fran\u00e7aise \u00e0 Montr\u00e9al, \\\" La Radio Gospel \\\" que vous pouvez voir ici http:\\\/\\\/laradiogospel.ca Je fr\u00e9quente aussi une \u00e9glise, dont je pr\u00eache et j\u2019enseigne la parole de Dieu. La communaut\u00e9 \u00c9vang\u00e9lique de l'Agneau \\\" , voici l'adresse, http:\\\/\\\/communauteevangelique.ca\\\/\",\"sameAs\":[\"https:\\\/\\\/publication-evangelique.com\",\"https:\\\/\\\/www.facebook.com\\\/danielpoulin75\",\"https:\\\/\\\/www.linkedin.com\\\/in\\\/daniel-poulin-64614745\\\/\",\"https:\\\/\\\/x.com\\\/https:\\\/\\\/twitter.com\\\/Daniel_Poulin\",\"https:\\\/\\\/www.youtube.com\\\/user\\\/danielpoulin75\\\/videos\"]}]}<\/script>\n<!-- \/ Yoast SEO plugin. -->","yoast_head_json":{"title":"Chants, musique chr\u00e9tienne gratuite en MP3!","robots":{"index":"index","follow":"follow","max-snippet":"max-snippet:-1","max-image-preview":"max-image-preview:large","max-video-preview":"max-video-preview:-1"},"canonical":"https:\/\/publication-evangelique.com\/?page_id=2488","og_locale":"fr_FR","og_type":"article","og_title":"Chants, musique chr\u00e9tienne gratuite en MP3!","og_description":"Voici des centaines de chants chr\u00e9tiens De la musique Gospel que vous pouvez \u00e9couter ou t\u00e9l\u00e9charger en MP3 gratuitement. &#8211;> Daniel Poulin 11 chants gratuits \u00e0 \u00e9couter et t\u00e9l\u00e9charger &#8211;> Tr\u00e9sor sonores plus de 100 chansons gratuites \u00e0 \u00e9couter et &hellip; Lire la suite &rarr;","og_url":"https:\/\/publication-evangelique.com\/?page_id=2488","og_site_name":"Publication \u00c9vang\u00e9lique","article_publisher":"https:\/\/www.facebook.com\/danielpoulin75","article_modified_time":"2025-09-28T13:44:12+00:00","og_image":[{"width":1280,"height":1270,"url":"https:\/\/publication-evangelique.com\/wp-content\/uploads\/music.jpg","type":"image\/jpeg"}],"twitter_misc":{"Dur\u00e9e de lecture estim\u00e9e":"2 minutes"},"schema":{"@context":"https:\/\/schema.org","@graph":[{"@type":"WebPage","@id":"https:\/\/publication-evangelique.com\/?page_id=2488","url":"https:\/\/publication-evangelique.com\/?page_id=2488","name":"Chants, musique chr\u00e9tienne gratuite en MP3!","isPartOf":{"@id":"https:\/\/publication-evangelique.com\/#website"},"primaryImageOfPage":{"@id":"https:\/\/publication-evangelique.com\/?page_id=2488#primaryimage"},"image":{"@id":"https:\/\/publication-evangelique.com\/?page_id=2488#primaryimage"},"thumbnailUrl":"https:\/\/publication-evangelique.com\/wp-content\/uploads\/music.jpg","datePublished":"2011-07-18T15:15:50+00:00","dateModified":"2025-09-28T13:44:12+00:00","breadcrumb":{"@id":"https:\/\/publication-evangelique.com\/?page_id=2488#breadcrumb"},"inLanguage":"fr-FR","potentialAction":[{"@type":"ReadAction","target":["https:\/\/publication-evangelique.com\/?page_id=2488"]}]},{"@type":"ImageObject","inLanguage":"fr-FR","@id":"https:\/\/publication-evangelique.com\/?page_id=2488#primaryimage","url":"https:\/\/publication-evangelique.com\/wp-content\/uploads\/music.jpg","contentUrl":"https:\/\/publication-evangelique.com\/wp-content\/uploads\/music.jpg","width":1280,"height":1270},{"@type":"BreadcrumbList","@id":"https:\/\/publication-evangelique.com\/?page_id=2488#breadcrumb","itemListElement":[{"@type":"ListItem","position":1,"name":"Accueil","item":"https:\/\/publication-evangelique.com\/"},{"@type":"ListItem","position":2,"name":"Chants gospel, musique chr\u00e9tienne gratuite en MP3!"}]},{"@type":"WebSite","@id":"https:\/\/publication-evangelique.com\/#website","url":"https:\/\/publication-evangelique.com\/","name":"Daniel Poulin - publication-evangelique.com","description":"Daniel Poulin","publisher":{"@id":"https:\/\/publication-evangelique.com\/#\/schema\/person\/a7aa86223ca614c8c1a737d18c95460c"},"potentialAction":[{"@type":"SearchAction","target":{"@type":"EntryPoint","urlTemplate":"https:\/\/publication-evangelique.com\/?s={search_term_string}"},"query-input":{"@type":"PropertyValueSpecification","valueRequired":true,"valueName":"search_term_string"}}],"inLanguage":"fr-FR"},{"@type":["Person","Organization"],"@id":"https:\/\/publication-evangelique.com\/#\/schema\/person\/a7aa86223ca614c8c1a737d18c95460c","name":"Daniel Poulin","image":{"@type":"ImageObject","inLanguage":"fr-FR","@id":"https:\/\/publication-evangelique.com\/wp-content\/uploads\/daniel5-1.jpg","url":"https:\/\/publication-evangelique.com\/wp-content\/uploads\/daniel5-1.jpg","contentUrl":"https:\/\/publication-evangelique.com\/wp-content\/uploads\/daniel5-1.jpg","width":833,"height":969,"caption":"Daniel Poulin"},"logo":{"@id":"https:\/\/publication-evangelique.com\/wp-content\/uploads\/daniel5-1.jpg"},"description":"Bonjour, ici Daniel Poulin! Je suis un chr\u00e9tien n\u00e9 de nouveau depuis 1980, ayant parcouru un cheminement avec le Seigneur J\u00e9sus-Christ, j'ai construit ce site afin de partager mes connaissances de la parole de Dieu \" La Bible \" Je travaille aussi au d\u00e9veloppement de la station de radio chr\u00e9tienne fran\u00e7aise \u00e0 Montr\u00e9al, \" La Radio Gospel \" que vous pouvez voir ici http:\/\/laradiogospel.ca Je fr\u00e9quente aussi une \u00e9glise, dont je pr\u00eache et j\u2019enseigne la parole de Dieu. La communaut\u00e9 \u00c9vang\u00e9lique de l'Agneau \" , voici l'adresse, http:\/\/communauteevangelique.ca\/","sameAs":["https:\/\/publication-evangelique.com","https:\/\/www.facebook.com\/danielpoulin75","https:\/\/www.linkedin.com\/in\/daniel-poulin-64614745\/","https:\/\/x.com\/https:\/\/twitter.com\/Daniel_Poulin","https:\/\/www.youtube.com\/user\/danielpoulin75\/videos"]}]}},"_links":{"self":[{"href":"https:\/\/publication-evangelique.com\/index.php?rest_route=\/wp\/v2\/pages\/2488","targetHints":{"allow":["GET"]}}],"collection":[{"href":"https:\/\/publication-evangelique.com\/index.php?rest_route=\/wp\/v2\/pages"}],"about":[{"href":"https:\/\/publication-evangelique.com\/index.php?rest_route=\/wp\/v2\/types\/page"}],"author":[{"embeddable":true,"href":"https:\/\/publication-evangelique.com\/index.php?rest_route=\/wp\/v2\/users\/1"}],"replies":[{"embeddable":true,"href":"https:\/\/publication-evangelique.com\/index.php?rest_route=%2Fwp%2Fv2%2Fcomments&post=2488"}],"version-history":[{"count":5,"href":"https:\/\/publication-evangelique.com\/index.php?rest_route=\/wp\/v2\/pages\/2488\/revisions"}],"predecessor-version":[{"id":19907,"href":"https:\/\/publication-evangelique.com\/index.php?rest_route=\/wp\/v2\/pages\/2488\/revisions\/19907"}],"wp:featuredmedia":[{"embeddable":true,"href":"https:\/\/publication-evangelique.com\/index.php?rest_route=\/wp\/v2\/media\/14185"}],"wp:attachment":[{"href":"https:\/\/publication-evangelique.com\/index.php?rest_route=%2Fwp%2Fv2%2Fmedia&parent=2488"}],"curies":[{"name":"wp","href":"https:\/\/api.w.org\/{rel}","templated":true}]}}