{"id":2813,"date":"2009-02-08T13:41:13","date_gmt":"2009-02-08T18:41:13","guid":{"rendered":"http:\/\/publication-evangelique.com\/?page_id=2813"},"modified":"2017-08-08T14:06:49","modified_gmt":"2017-08-08T19:06:49","slug":"le-depot-du-saint-esprit","status":"publish","type":"page","link":"https:\/\/publication-evangelique.com\/?page_id=2813","title":{"rendered":"Le d\u00e9p\u00f4t du Saint-Esprit"},"content":{"rendered":"<p><strong>Le but de ce cours est de prendre conscience sur ce que le Saint-Esprit a d\u00e9pos\u00e9 en nous lors de notre conversion \u00e0 Christ.<\/strong> <\/p>\n<p>Bas\u00e9 sur le verset de Paul \u00e0 Timoth\u00e9 :<br \/>\n<strong>2 Timoth\u00e9e 1:14<\/strong> Garde le bon d\u00e9p\u00f4t, par le Saint-Esprit qui habite en nous.<\/p>\n<p>Il est important de le faire croitre et aussi d&rsquo;en prendre soin par le Saint-Esprit.<\/p>\n<p>Vous pouvez maintenant \u00e9couter les messages en format MP3.<\/p>\n<p>Note: \u00c0 part d&rsquo;une mention sp\u00e9ciale, toutes les citations bibliques<br \/>\nsont tir\u00e9es du texte de la traduction; Louis Segond 1910.<br \/>\n\u00a9 Tout droit r\u00e9serv\u00e9<\/p>\n<p>&#8212;&#8212;&#8212;&#8212;&#8211;<\/p>\n<p>Les sujets trait\u00e9s sont :<\/p>\n<p><a href= \" https:\/\/publication-evangelique.com\/?p=636 \" >1- Introduction garde le bon d\u00e9p\u00f4t.<\/a><br \/>\n<a href= \" https:\/\/publication-evangelique.com\/?p=649 \" >2- La connaissance ou la science. <\/a><br \/>\n<a href= \" https:\/\/publication-evangelique.com\/?p=658 \" >3- L&rsquo;unit\u00e9 de l&rsquo;Esprit. <\/a><br \/>\n<a href= \" https:\/\/publication-evangelique.com\/?p=667 \" >4- La pens\u00e9e de l&rsquo;Esprit.<\/a>(Direction de l&rsquo;Esprit)<br \/>\n<a href= \" https:\/\/publication-evangelique.com\/?p=679 \" >5- La marche par l&rsquo;Esprit et la sanctification<\/a> (Apprendre \u00e0 marcher par l&rsquo;Esprit)<br \/>\n<a href= \" https:\/\/publication-evangelique.com\/?p=812 \" >6- Les fruits de l&rsquo;Esprit.<\/a> (Fruits port\u00e9s par l&rsquo;Esprit)<br \/>\n<a href= \" https:\/\/publication-evangelique.com\/?p=844 \" >7- La manifestation des dons de l&rsquo;Esprit.<\/a> (Dons spirituels, manifestation de sa pr\u00e9sence)<br \/>\n<a href= \" https:\/\/publication-evangelique.com\/?p=1068 \" >8- Les armes de l&rsquo;Esprit.<\/a> (Arsenal du chr\u00e9tien)<br \/>\n<a href= \" https:\/\/publication-evangelique.com\/?p=1076 \" >9- Les minist\u00e8res de l&rsquo;Esprit.<\/a> (Services par l&rsquo;Esprit)<\/p>\n<p>Produit par : Daniel Poulin<br \/>\n\u00c9dit\u00e9 par : <a href= \" https:\/\/publication-evangelique.com \" >https:\/\/publication-evangelique.com<\/a><\/p>\n<p><strong>Adresse de ce blogue :<\/strong> <a href= \" https:\/\/publication-evangelique.com\/?page_id=2813 \" > https:\/\/publication-evangelique.com\/?page_id=2813<\/a><\/p>\n<p><code><script type= \" text\/javascript \" ><!--\ngoogle_ad_client = \" pub-1976561463849088 \" ;\n\/* 468x15, date de cr?ation 02\/01\/09 *\/\ngoogle_ad_slot = \" 1843529716 \" ;\ngoogle_ad_width = 468;\ngoogle_ad_height = 15;\n\/\/ --><\/script><br \/>\n<script src= \" http:\/\/pagead2.googlesyndication.com\/pagead\/show_ads.js \" type= \" text\/javascript \" ><\/script><\/code><\/p>\n","protected":false},"excerpt":{"rendered":"<p>Le but de ce cours est de prendre conscience sur ce que le Saint-Esprit a d\u00e9pos\u00e9 en nous lors de notre conversion \u00e0 Christ. Bas\u00e9 sur le verset de Paul \u00e0 Timoth\u00e9 : 2 Timoth\u00e9e 1:14 Garde le bon d\u00e9p\u00f4t, <span class=\"excerpt-dots\">&hellip;<\/span> <a class=\"more-link\" href=\"https:\/\/publication-evangelique.com\/?page_id=2813\"><span class=\"more-msg\">Lire la suite &rarr;<\/span><\/a><\/p>\n","protected":false},"author":1,"featured_media":13160,"parent":0,"menu_order":661,"comment_status":"closed","ping_status":"closed","template":"","meta":{"footnotes":""},"class_list":["post-2813","page","type-page","status-publish","has-post-thumbnail","hentry"],"yoast_head":"<!-- This site is optimized with the Yoast SEO plugin v27.5 - https:\/\/yoast.com\/product\/yoast-seo-wordpress\/ -->\n<title>Le d\u00e9p\u00f4t du Saint-Esprit - Publication \u00c9vang\u00e9lique<\/title>\n<meta name=\"robots\" content=\"index, follow, max-snippet:-1, max-image-preview:large, max-video-preview:-1\" \/>\n<link rel=\"canonical\" href=\"https:\/\/publication-evangelique.com\/?page_id=2813\" \/>\n<meta property=\"og:locale\" content=\"fr_FR\" \/>\n<meta property=\"og:type\" content=\"article\" \/>\n<meta property=\"og:title\" content=\"Le d\u00e9p\u00f4t du Saint-Esprit - Publication \u00c9vang\u00e9lique\" \/>\n<meta property=\"og:description\" content=\"Le but de ce cours est de prendre conscience sur ce que le Saint-Esprit a d\u00e9pos\u00e9 en nous lors de notre conversion \u00e0 Christ. Bas\u00e9 sur le verset de Paul \u00e0 Timoth\u00e9 : 2 Timoth\u00e9e 1:14 Garde le bon d\u00e9p\u00f4t, &hellip; Lire la suite &rarr;\" \/>\n<meta property=\"og:url\" content=\"https:\/\/publication-evangelique.com\/?page_id=2813\" \/>\n<meta property=\"og:site_name\" content=\"Publication \u00c9vang\u00e9lique\" \/>\n<meta property=\"article:publisher\" content=\"https:\/\/www.facebook.com\/danielpoulin75\" \/>\n<meta property=\"article:modified_time\" content=\"2017-08-08T19:06:49+00:00\" \/>\n<meta property=\"og:image\" content=\"https:\/\/publication-evangelique.com\/wp-content\/uploads\/1364.jpg\" \/>\n\t<meta property=\"og:image:width\" content=\"1280\" \/>\n\t<meta property=\"og:image:height\" content=\"853\" \/>\n\t<meta property=\"og:image:type\" content=\"image\/jpeg\" \/>\n<meta name=\"twitter:label1\" content=\"Dur\u00e9e de lecture estim\u00e9e\" \/>\n\t<meta name=\"twitter:data1\" content=\"1 minute\" \/>\n<script type=\"application\/ld+json\" class=\"yoast-schema-graph\">{\"@context\":\"https:\\\/\\\/schema.org\",\"@graph\":[{\"@type\":\"WebPage\",\"@id\":\"https:\\\/\\\/publication-evangelique.com\\\/?page_id=2813\",\"url\":\"https:\\\/\\\/publication-evangelique.com\\\/?page_id=2813\",\"name\":\"Le d\u00e9p\u00f4t du Saint-Esprit - Publication \u00c9vang\u00e9lique\",\"isPartOf\":{\"@id\":\"https:\\\/\\\/publication-evangelique.com\\\/#website\"},\"primaryImageOfPage\":{\"@id\":\"https:\\\/\\\/publication-evangelique.com\\\/?page_id=2813#primaryimage\"},\"image\":{\"@id\":\"https:\\\/\\\/publication-evangelique.com\\\/?page_id=2813#primaryimage\"},\"thumbnailUrl\":\"https:\\\/\\\/publication-evangelique.com\\\/wp-content\\\/uploads\\\/1364.jpg\",\"datePublished\":\"2009-02-08T18:41:13+00:00\",\"dateModified\":\"2017-08-08T19:06:49+00:00\",\"breadcrumb\":{\"@id\":\"https:\\\/\\\/publication-evangelique.com\\\/?page_id=2813#breadcrumb\"},\"inLanguage\":\"fr-FR\",\"potentialAction\":[{\"@type\":\"ReadAction\",\"target\":[\"https:\\\/\\\/publication-evangelique.com\\\/?page_id=2813\"]}]},{\"@type\":\"ImageObject\",\"inLanguage\":\"fr-FR\",\"@id\":\"https:\\\/\\\/publication-evangelique.com\\\/?page_id=2813#primaryimage\",\"url\":\"https:\\\/\\\/publication-evangelique.com\\\/wp-content\\\/uploads\\\/1364.jpg\",\"contentUrl\":\"https:\\\/\\\/publication-evangelique.com\\\/wp-content\\\/uploads\\\/1364.jpg\",\"width\":1280,\"height\":853},{\"@type\":\"BreadcrumbList\",\"@id\":\"https:\\\/\\\/publication-evangelique.com\\\/?page_id=2813#breadcrumb\",\"itemListElement\":[{\"@type\":\"ListItem\",\"position\":1,\"name\":\"Accueil\",\"item\":\"https:\\\/\\\/publication-evangelique.com\\\/\"},{\"@type\":\"ListItem\",\"position\":2,\"name\":\"Le d\u00e9p\u00f4t du Saint-Esprit\"}]},{\"@type\":\"WebSite\",\"@id\":\"https:\\\/\\\/publication-evangelique.com\\\/#website\",\"url\":\"https:\\\/\\\/publication-evangelique.com\\\/\",\"name\":\"Daniel Poulin - publication-evangelique.com\",\"description\":\"Daniel Poulin\",\"publisher\":{\"@id\":\"https:\\\/\\\/publication-evangelique.com\\\/#\\\/schema\\\/person\\\/a7aa86223ca614c8c1a737d18c95460c\"},\"potentialAction\":[{\"@type\":\"SearchAction\",\"target\":{\"@type\":\"EntryPoint\",\"urlTemplate\":\"https:\\\/\\\/publication-evangelique.com\\\/?s={search_term_string}\"},\"query-input\":{\"@type\":\"PropertyValueSpecification\",\"valueRequired\":true,\"valueName\":\"search_term_string\"}}],\"inLanguage\":\"fr-FR\"},{\"@type\":[\"Person\",\"Organization\"],\"@id\":\"https:\\\/\\\/publication-evangelique.com\\\/#\\\/schema\\\/person\\\/a7aa86223ca614c8c1a737d18c95460c\",\"name\":\"Daniel Poulin\",\"image\":{\"@type\":\"ImageObject\",\"inLanguage\":\"fr-FR\",\"@id\":\"https:\\\/\\\/publication-evangelique.com\\\/wp-content\\\/uploads\\\/daniel5-1.jpg\",\"url\":\"https:\\\/\\\/publication-evangelique.com\\\/wp-content\\\/uploads\\\/daniel5-1.jpg\",\"contentUrl\":\"https:\\\/\\\/publication-evangelique.com\\\/wp-content\\\/uploads\\\/daniel5-1.jpg\",\"width\":833,\"height\":969,\"caption\":\"Daniel Poulin\"},\"logo\":{\"@id\":\"https:\\\/\\\/publication-evangelique.com\\\/wp-content\\\/uploads\\\/daniel5-1.jpg\"},\"description\":\"Bonjour, ici Daniel Poulin! Je suis un chr\u00e9tien n\u00e9 de nouveau depuis 1980, ayant parcouru un cheminement avec le Seigneur J\u00e9sus-Christ, j'ai construit ce site afin de partager mes connaissances de la parole de Dieu \\\" La Bible \\\" Je travaille aussi au d\u00e9veloppement de la station de radio chr\u00e9tienne fran\u00e7aise \u00e0 Montr\u00e9al, \\\" La Radio Gospel \\\" que vous pouvez voir ici http:\\\/\\\/laradiogospel.ca Je fr\u00e9quente aussi une \u00e9glise, dont je pr\u00eache et j\u2019enseigne la parole de Dieu. La communaut\u00e9 \u00c9vang\u00e9lique de l'Agneau \\\" , voici l'adresse, http:\\\/\\\/communauteevangelique.ca\\\/\",\"sameAs\":[\"https:\\\/\\\/publication-evangelique.com\",\"https:\\\/\\\/www.facebook.com\\\/danielpoulin75\",\"https:\\\/\\\/www.linkedin.com\\\/in\\\/daniel-poulin-64614745\\\/\",\"https:\\\/\\\/x.com\\\/https:\\\/\\\/twitter.com\\\/Daniel_Poulin\",\"https:\\\/\\\/www.youtube.com\\\/user\\\/danielpoulin75\\\/videos\"]}]}<\/script>\n<!-- \/ Yoast SEO plugin. -->","yoast_head_json":{"title":"Le d\u00e9p\u00f4t du Saint-Esprit - Publication \u00c9vang\u00e9lique","robots":{"index":"index","follow":"follow","max-snippet":"max-snippet:-1","max-image-preview":"max-image-preview:large","max-video-preview":"max-video-preview:-1"},"canonical":"https:\/\/publication-evangelique.com\/?page_id=2813","og_locale":"fr_FR","og_type":"article","og_title":"Le d\u00e9p\u00f4t du Saint-Esprit - Publication \u00c9vang\u00e9lique","og_description":"Le but de ce cours est de prendre conscience sur ce que le Saint-Esprit a d\u00e9pos\u00e9 en nous lors de notre conversion \u00e0 Christ. Bas\u00e9 sur le verset de Paul \u00e0 Timoth\u00e9 : 2 Timoth\u00e9e 1:14 Garde le bon d\u00e9p\u00f4t, &hellip; Lire la suite &rarr;","og_url":"https:\/\/publication-evangelique.com\/?page_id=2813","og_site_name":"Publication \u00c9vang\u00e9lique","article_publisher":"https:\/\/www.facebook.com\/danielpoulin75","article_modified_time":"2017-08-08T19:06:49+00:00","og_image":[{"width":1280,"height":853,"url":"https:\/\/publication-evangelique.com\/wp-content\/uploads\/1364.jpg","type":"image\/jpeg"}],"twitter_misc":{"Dur\u00e9e de lecture estim\u00e9e":"1 minute"},"schema":{"@context":"https:\/\/schema.org","@graph":[{"@type":"WebPage","@id":"https:\/\/publication-evangelique.com\/?page_id=2813","url":"https:\/\/publication-evangelique.com\/?page_id=2813","name":"Le d\u00e9p\u00f4t du Saint-Esprit - Publication \u00c9vang\u00e9lique","isPartOf":{"@id":"https:\/\/publication-evangelique.com\/#website"},"primaryImageOfPage":{"@id":"https:\/\/publication-evangelique.com\/?page_id=2813#primaryimage"},"image":{"@id":"https:\/\/publication-evangelique.com\/?page_id=2813#primaryimage"},"thumbnailUrl":"https:\/\/publication-evangelique.com\/wp-content\/uploads\/1364.jpg","datePublished":"2009-02-08T18:41:13+00:00","dateModified":"2017-08-08T19:06:49+00:00","breadcrumb":{"@id":"https:\/\/publication-evangelique.com\/?page_id=2813#breadcrumb"},"inLanguage":"fr-FR","potentialAction":[{"@type":"ReadAction","target":["https:\/\/publication-evangelique.com\/?page_id=2813"]}]},{"@type":"ImageObject","inLanguage":"fr-FR","@id":"https:\/\/publication-evangelique.com\/?page_id=2813#primaryimage","url":"https:\/\/publication-evangelique.com\/wp-content\/uploads\/1364.jpg","contentUrl":"https:\/\/publication-evangelique.com\/wp-content\/uploads\/1364.jpg","width":1280,"height":853},{"@type":"BreadcrumbList","@id":"https:\/\/publication-evangelique.com\/?page_id=2813#breadcrumb","itemListElement":[{"@type":"ListItem","position":1,"name":"Accueil","item":"https:\/\/publication-evangelique.com\/"},{"@type":"ListItem","position":2,"name":"Le d\u00e9p\u00f4t du Saint-Esprit"}]},{"@type":"WebSite","@id":"https:\/\/publication-evangelique.com\/#website","url":"https:\/\/publication-evangelique.com\/","name":"Daniel Poulin - publication-evangelique.com","description":"Daniel Poulin","publisher":{"@id":"https:\/\/publication-evangelique.com\/#\/schema\/person\/a7aa86223ca614c8c1a737d18c95460c"},"potentialAction":[{"@type":"SearchAction","target":{"@type":"EntryPoint","urlTemplate":"https:\/\/publication-evangelique.com\/?s={search_term_string}"},"query-input":{"@type":"PropertyValueSpecification","valueRequired":true,"valueName":"search_term_string"}}],"inLanguage":"fr-FR"},{"@type":["Person","Organization"],"@id":"https:\/\/publication-evangelique.com\/#\/schema\/person\/a7aa86223ca614c8c1a737d18c95460c","name":"Daniel Poulin","image":{"@type":"ImageObject","inLanguage":"fr-FR","@id":"https:\/\/publication-evangelique.com\/wp-content\/uploads\/daniel5-1.jpg","url":"https:\/\/publication-evangelique.com\/wp-content\/uploads\/daniel5-1.jpg","contentUrl":"https:\/\/publication-evangelique.com\/wp-content\/uploads\/daniel5-1.jpg","width":833,"height":969,"caption":"Daniel Poulin"},"logo":{"@id":"https:\/\/publication-evangelique.com\/wp-content\/uploads\/daniel5-1.jpg"},"description":"Bonjour, ici Daniel Poulin! Je suis un chr\u00e9tien n\u00e9 de nouveau depuis 1980, ayant parcouru un cheminement avec le Seigneur J\u00e9sus-Christ, j'ai construit ce site afin de partager mes connaissances de la parole de Dieu \" La Bible \" Je travaille aussi au d\u00e9veloppement de la station de radio chr\u00e9tienne fran\u00e7aise \u00e0 Montr\u00e9al, \" La Radio Gospel \" que vous pouvez voir ici http:\/\/laradiogospel.ca Je fr\u00e9quente aussi une \u00e9glise, dont je pr\u00eache et j\u2019enseigne la parole de Dieu. La communaut\u00e9 \u00c9vang\u00e9lique de l'Agneau \" , voici l'adresse, http:\/\/communauteevangelique.ca\/","sameAs":["https:\/\/publication-evangelique.com","https:\/\/www.facebook.com\/danielpoulin75","https:\/\/www.linkedin.com\/in\/daniel-poulin-64614745\/","https:\/\/x.com\/https:\/\/twitter.com\/Daniel_Poulin","https:\/\/www.youtube.com\/user\/danielpoulin75\/videos"]}]}},"_links":{"self":[{"href":"https:\/\/publication-evangelique.com\/index.php?rest_route=\/wp\/v2\/pages\/2813","targetHints":{"allow":["GET"]}}],"collection":[{"href":"https:\/\/publication-evangelique.com\/index.php?rest_route=\/wp\/v2\/pages"}],"about":[{"href":"https:\/\/publication-evangelique.com\/index.php?rest_route=\/wp\/v2\/types\/page"}],"author":[{"embeddable":true,"href":"https:\/\/publication-evangelique.com\/index.php?rest_route=\/wp\/v2\/users\/1"}],"replies":[{"embeddable":true,"href":"https:\/\/publication-evangelique.com\/index.php?rest_route=%2Fwp%2Fv2%2Fcomments&post=2813"}],"version-history":[{"count":0,"href":"https:\/\/publication-evangelique.com\/index.php?rest_route=\/wp\/v2\/pages\/2813\/revisions"}],"wp:featuredmedia":[{"embeddable":true,"href":"https:\/\/publication-evangelique.com\/index.php?rest_route=\/wp\/v2\/media\/13160"}],"wp:attachment":[{"href":"https:\/\/publication-evangelique.com\/index.php?rest_route=%2Fwp%2Fv2%2Fmedia&parent=2813"}],"curies":[{"name":"wp","href":"https:\/\/api.w.org\/{rel}","templated":true}]}}