{"id":5089,"date":"2012-01-06T21:53:48","date_gmt":"2012-01-07T02:53:48","guid":{"rendered":"http:\/\/publication-evangelique.com\/?page_id=5089"},"modified":"2017-08-08T13:14:34","modified_gmt":"2017-08-08T18:14:34","slug":"bible-audio-nt","status":"publish","type":"page","link":"https:\/\/publication-evangelique.com\/?page_id=5089","title":{"rendered":"Bible Audio NT"},"content":{"rendered":"<p>Gracieuset\u00e9 de <a href= \" http:\/\/www.tresorsonore.com \" target= \" _blank \" ><img src= \" https:\/\/publication-evangelique.com\/images\/tresorsonore.png \" border= \" 2 \" width= \" 185 \" height= \" 25 \" alt= \" \" align= \" none \" ><\/a><\/p>\n<p><strong>Nouveau Testament<\/strong>\t<\/p>\n<table border=0 summary= \" \" >\n<tr>\n<td>\n<div><code> <a HREF= \" # \" onClick= \" window.open('https:\/\/publication-evangelique.com\/media\/nouveautestament\/mathieu.html','_blank','toolbar=0, location=0, directories=0, status=0, scrollbars=1, resizable=0, copyhistory=0, menuBar=0, width=600, height=800, left=100, top=30');return(false) \" ><b>Mathieu<\/b><\/a><br \/><\/code><\/div>\n<div><code> <a HREF= \" # \" onClick= \" window.open('https:\/\/publication-evangelique.com\/media\/nouveautestament\/marc.html','_blank','toolbar=0, location=0, directories=0, status=0, scrollbars=1, resizable=0, copyhistory=0, menuBar=0, width=600, height=800, left=100, top=30');return(false) \" ><b>Marc<\/b><\/a><br \/><\/code><\/div>\n<div><code> <a HREF= \" # \" onClick= \" window.open('https:\/\/publication-evangelique.com\/media\/nouveautestament\/luc.html','_blank','toolbar=0, location=0, directories=0, status=0, scrollbars=1, resizable=0, copyhistory=0, menuBar=0, width=600, height=800, left=100, top=30');return(false) \" ><b>Luc<\/b><\/a><br \/><\/code><\/div>\n<div><code> <a HREF= \" # \" onClick= \" window.open('https:\/\/publication-evangelique.com\/media\/nouveautestament\/jean.html','_blank','toolbar=0, location=0, directories=0, status=0, scrollbars=1, resizable=0, copyhistory=0, menuBar=0, width=600, height=800, left=100, top=30');return(false) \" ><b>Jean<\/b><\/a><br \/><\/code><\/div>\n<div><code> <a HREF= \" # \" onClick= \" window.open('https:\/\/publication-evangelique.com\/media\/nouveautestament\/actes.html','_blank','toolbar=0, location=0, directories=0, status=0, scrollbars=1, resizable=0, copyhistory=0, menuBar=0, width=600, height=800, left=100, top=30');return(false) \" ><b>Actes<\/b><\/a><br \/><\/code><\/div>\n<div><code> <a HREF= \" # \" onClick= \" window.open('https:\/\/publication-evangelique.com\/media\/nouveautestament\/romains.html','_blank','toolbar=0, location=0, directories=0, status=0, scrollbars=1, resizable=0, copyhistory=0, menuBar=0, width=600, height=800, left=100, top=30');return(false) \" ><b>Romains<\/b><\/a><br \/><\/code><\/div>\n<\/div>\n<div><code> <a HREF= \" # \" onClick= \" window.open('https:\/\/publication-evangelique.com\/media\/nouveautestament\/1corinthiens.html','_blank','toolbar=0, location=0, directories=0, status=0, scrollbars=1, resizable=0, copyhistory=0, menuBar=0, width=600, height=800, left=100, top=30');return(false) \" ><b>1 Corinthiens<\/b><\/a><br \/><\/code><\/div>\n<div><code> <a HREF= \" # \" onClick= \" window.open('https:\/\/publication-evangelique.com\/media\/nouveautestament\/2corinthiens.html','_blank','toolbar=0, location=0, directories=0, status=0, scrollbars=1, resizable=0, copyhistory=0, menuBar=0, width=600, height=800, left=100, top=30');return(false) \" ><b>2 Corinthiens<\/b><\/a><br \/><\/code><\/div>\n<div><code> <a HREF= \" # \" onClick= \" window.open('https:\/\/publication-evangelique.com\/media\/nouveautestament\/galates.html','_blank','toolbar=0, location=0, directories=0, status=0, scrollbars=1, resizable=0, copyhistory=0, menuBar=0, width=600, height=800, left=100, top=30');return(false) \" ><b>Galates<\/b><\/a><br \/><\/code><\/div>\n<div><code> <a HREF= \" # \" onClick= \" window.open('https:\/\/publication-evangelique.com\/media\/nouveautestament\/ephesiens.html','_blank','toolbar=0, location=0, directories=0, status=0, scrollbars=1, resizable=0, copyhistory=0, menuBar=0, width=600, height=800, left=100, top=30');return(false) \" ><b>\u00c9ph\u00e9siens<\/b><\/a><br \/><\/code><\/div>\n<div><code> <a HREF= \" # \" onClick= \" window.open('https:\/\/publication-evangelique.com\/media\/nouveautestament\/philippiens.html','_blank','toolbar=0, location=0, directories=0, status=0, scrollbars=1, resizable=0, copyhistory=0, menuBar=0, width=600, height=800, left=100, top=30');return(false) \" ><b>Philippiens<\/b><\/a><br \/><\/code><\/div>\n<div><code> <a HREF= \" # \" onClick= \" window.open('https:\/\/publication-evangelique.com\/media\/nouveautestament\/colossiens.html','_blank','toolbar=0, location=0, directories=0, status=0, scrollbars=1, resizable=0, copyhistory=0, menuBar=0, width=600, height=800, left=100, top=30');return(false) \" ><b>Colossiens<\/b><\/a><br \/><\/code><\/div>\n<div><code> <a HREF= \" # \" onClick= \" window.open('https:\/\/publication-evangelique.com\/media\/nouveautestament\/1thessaloniciens.html','_blank','toolbar=0, location=0, directories=0, status=0, scrollbars=1, resizable=0, copyhistory=0, menuBar=0, width=600, height=800, left=100, top=30');return(false) \" ><b>1 Thessaloniciens<\/b><\/a><br \/><\/code><\/div>\n<div><code> <a HREF= \" # \" onClick= \" window.open('https:\/\/publication-evangelique.com\/media\/nouveautestament\/2thessaloniciens.html','_blank','toolbar=0, location=0, directories=0, status=0, scrollbars=1, resizable=0, copyhistory=0, menuBar=0, width=600, height=800, left=100, top=30');return(false) \" ><b>2 Thessaloniciens<\/b><\/a><br \/><\/code><\/div>\n<\/td>\n<td>\n<div><code> <a HREF= \" # \" onClick= \" window.open('https:\/\/publication-evangelique.com\/media\/nouveautestament\/1timothee.html','_blank','toolbar=0, location=0, directories=0, status=0, scrollbars=1, resizable=0, copyhistory=0, menuBar=0, width=600, height=800, left=100, top=30');return(false) \" ><b>1 Timoth\u00e9e<\/b><\/a><br \/><\/code><\/div>\n<div><code> <a HREF= \" # \" onClick= \" window.open('https:\/\/publication-evangelique.com\/media\/nouveautestament\/2timothee.html','_blank','toolbar=0, location=0, directories=0, status=0, scrollbars=1, resizable=0, copyhistory=0, menuBar=0, width=600, height=800, left=100, top=30');return(false) \" ><b>2 Timoth\u00e9e<\/b><\/a><br \/><\/code><\/div>\n<div><code> <a HREF= \" # \" onClick= \" window.open('https:\/\/publication-evangelique.com\/media\/nouveautestament\/tite.html','_blank','toolbar=0, location=0, directories=0, status=0, scrollbars=1, resizable=0, copyhistory=0, menuBar=0, width=600, height=800, left=100, top=30');return(false) \" ><b>Tite<\/b><\/a><br \/><\/code><\/div>\n<div><code> <a HREF= \" # \" onClick= \" window.open('https:\/\/publication-evangelique.com\/media\/nouveautestament\/philemon.html','_blank','toolbar=0, location=0, directories=0, status=0, scrollbars=1, resizable=0, copyhistory=0, menuBar=0, width=600, height=800, left=100, top=30');return(false) \" ><b>Phil\u00e9mon<\/b><\/a><br \/><\/code><\/div>\n<div><code> <a HREF= \" # \" onClick= \" window.open('https:\/\/publication-evangelique.com\/media\/nouveautestament\/hebreux.html','_blank','toolbar=0, location=0, directories=0, status=0, scrollbars=1, resizable=0, copyhistory=0, menuBar=0, width=600, height=800, left=100, top=30');return(false) \" ><b>H\u00e9breux<\/b><\/a><br \/><\/code><\/div>\n<div><code> <a HREF= \" # \" onClick= \" window.open('https:\/\/publication-evangelique.com\/media\/nouveautestament\/jacques.html','_blank','toolbar=0, location=0, directories=0, status=0, scrollbars=1, resizable=0, copyhistory=0, menuBar=0, width=600, height=800, left=100, top=30');return(false) \" ><b>Jacques<\/b><\/a><br \/><\/code><\/div>\n<div><code> <a HREF= \" # \" onClick= \" window.open('https:\/\/publication-evangelique.com\/media\/nouveautestament\/1pierre.html','_blank','toolbar=0, location=0, directories=0, status=0, scrollbars=1, resizable=0, copyhistory=0, menuBar=0, width=600, height=800, left=100, top=30');return(false) \" ><b>1 Pierre<\/b><\/a><br \/><\/code><\/div>\n<div><code> <a HREF= \" # \" onClick= \" window.open('https:\/\/publication-evangelique.com\/media\/nouveautestament\/2pierre.html','_blank','toolbar=0, location=0, directories=0, status=0, scrollbars=1, resizable=0, copyhistory=0, menuBar=0, width=600, height=800, left=100, top=30');return(false) \" ><b>2 Pierre<\/b><\/a><br \/><\/code><\/div>\n<div><code> <a HREF= \" # \" onClick= \" window.open('https:\/\/publication-evangelique.com\/media\/nouveautestament\/1jean.html','_blank','toolbar=0, location=0, directories=0, status=0, scrollbars=1, resizable=0, copyhistory=0, menuBar=0, width=600, height=800, left=100, top=30');return(false) \" ><b>1 Jean<\/b><\/a><br \/><\/code><\/div>\n<div><code> <a HREF= \" # \" onClick= \" window.open('https:\/\/publication-evangelique.com\/media\/nouveautestament\/2jean.html','_blank','toolbar=0, location=0, directories=0, status=0, scrollbars=1, resizable=0, copyhistory=0, menuBar=0, width=600, height=800, left=100, top=30');return(false) \" ><b>2 Jean<\/b><\/a><br \/><\/code><\/div>\n<div><code> <a HREF= \" # \" onClick= \" window.open('https:\/\/publication-evangelique.com\/media\/nouveautestament\/3jean.html','_blank','toolbar=0, location=0, directories=0, status=0, scrollbars=1, resizable=0, copyhistory=0, menuBar=0, width=600, height=800, left=100, top=30');return(false) \" ><b>3 Jean<\/b><\/a><br \/><\/code><\/div>\n<div><code> <a HREF= \" # \" onClick= \" window.open('https:\/\/publication-evangelique.com\/media\/nouveautestament\/jude.html','_blank','toolbar=0, location=0, directories=0, status=0, scrollbars=1, resizable=0, copyhistory=0, menuBar=0, width=600, height=800, left=100, top=30');return(false) \" ><b>Jude<\/b><\/a><br \/><\/code><\/div>\n<div><code> <a HREF= \" # \" onClick= \" window.open('https:\/\/publication-evangelique.com\/media\/nouveautestament\/apocalypse.html','_blank','toolbar=0, location=0, directories=0, status=0, scrollbars=1, resizable=0, copyhistory=0, menuBar=0, width=600, height=800, left=100, top=30');return(false) \" ><b>Apocalypse de Jean<\/b><\/a><br \/><\/code><\/div>\n<\/td>\n<\/tr>\n<\/table>\n","protected":false},"excerpt":{"rendered":"<p>Gracieuset\u00e9 de Nouveau Testament Mathieu Marc Luc Jean Actes Romains 1 Corinthiens 2 Corinthiens Galates \u00c9ph\u00e9siens Philippiens Colossiens 1 Thessaloniciens 2 Thessaloniciens 1 Timoth\u00e9e 2 Timoth\u00e9e Tite Phil\u00e9mon H\u00e9breux Jacques 1 Pierre 2 Pierre 1 Jean 2 Jean 3 Jean <span class=\"excerpt-dots\">&hellip;<\/span> <a class=\"more-link\" href=\"https:\/\/publication-evangelique.com\/?page_id=5089\"><span class=\"more-msg\">Lire la suite &rarr;<\/span><\/a><\/p>\n","protected":false},"author":1,"featured_media":13363,"parent":0,"menu_order":0,"comment_status":"open","ping_status":"closed","template":"","meta":{"footnotes":""},"class_list":["post-5089","page","type-page","status-publish","has-post-thumbnail","hentry"],"yoast_head":"<!-- This site is optimized with the Yoast SEO plugin v27.4 - https:\/\/yoast.com\/product\/yoast-seo-wordpress\/ -->\n<title>Bible Audio NT - Publication \u00c9vang\u00e9lique<\/title>\n<meta name=\"robots\" content=\"index, follow, max-snippet:-1, max-image-preview:large, max-video-preview:-1\" \/>\n<link rel=\"canonical\" href=\"https:\/\/publication-evangelique.com\/?page_id=5089\" \/>\n<meta property=\"og:locale\" content=\"fr_FR\" \/>\n<meta property=\"og:type\" content=\"article\" \/>\n<meta property=\"og:title\" content=\"Bible Audio NT - Publication \u00c9vang\u00e9lique\" \/>\n<meta property=\"og:description\" content=\"Gracieuset\u00e9 de Nouveau Testament Mathieu Marc Luc Jean Actes Romains 1 Corinthiens 2 Corinthiens Galates \u00c9ph\u00e9siens Philippiens Colossiens 1 Thessaloniciens 2 Thessaloniciens 1 Timoth\u00e9e 2 Timoth\u00e9e Tite Phil\u00e9mon H\u00e9breux Jacques 1 Pierre 2 Pierre 1 Jean 2 Jean 3 Jean &hellip; Lire la suite &rarr;\" \/>\n<meta property=\"og:url\" content=\"https:\/\/publication-evangelique.com\/?page_id=5089\" \/>\n<meta property=\"og:site_name\" content=\"Publication \u00c9vang\u00e9lique\" \/>\n<meta property=\"article:publisher\" content=\"https:\/\/www.facebook.com\/danielpoulin75\" \/>\n<meta property=\"article:modified_time\" content=\"2017-08-08T18:14:34+00:00\" \/>\n<meta property=\"og:image\" content=\"https:\/\/publication-evangelique.com\/wp-content\/uploads\/1318.jpg\" \/>\n\t<meta property=\"og:image:width\" content=\"1280\" \/>\n\t<meta property=\"og:image:height\" content=\"906\" \/>\n\t<meta property=\"og:image:type\" content=\"image\/jpeg\" \/>\n<script type=\"application\/ld+json\" class=\"yoast-schema-graph\">{\"@context\":\"https:\\\/\\\/schema.org\",\"@graph\":[{\"@type\":\"WebPage\",\"@id\":\"https:\\\/\\\/publication-evangelique.com\\\/?page_id=5089\",\"url\":\"https:\\\/\\\/publication-evangelique.com\\\/?page_id=5089\",\"name\":\"Bible Audio NT - Publication \u00c9vang\u00e9lique\",\"isPartOf\":{\"@id\":\"https:\\\/\\\/publication-evangelique.com\\\/#website\"},\"primaryImageOfPage\":{\"@id\":\"https:\\\/\\\/publication-evangelique.com\\\/?page_id=5089#primaryimage\"},\"image\":{\"@id\":\"https:\\\/\\\/publication-evangelique.com\\\/?page_id=5089#primaryimage\"},\"thumbnailUrl\":\"https:\\\/\\\/publication-evangelique.com\\\/wp-content\\\/uploads\\\/1318.jpg\",\"datePublished\":\"2012-01-07T02:53:48+00:00\",\"dateModified\":\"2017-08-08T18:14:34+00:00\",\"breadcrumb\":{\"@id\":\"https:\\\/\\\/publication-evangelique.com\\\/?page_id=5089#breadcrumb\"},\"inLanguage\":\"fr-FR\",\"potentialAction\":[{\"@type\":\"ReadAction\",\"target\":[\"https:\\\/\\\/publication-evangelique.com\\\/?page_id=5089\"]}]},{\"@type\":\"ImageObject\",\"inLanguage\":\"fr-FR\",\"@id\":\"https:\\\/\\\/publication-evangelique.com\\\/?page_id=5089#primaryimage\",\"url\":\"https:\\\/\\\/publication-evangelique.com\\\/wp-content\\\/uploads\\\/1318.jpg\",\"contentUrl\":\"https:\\\/\\\/publication-evangelique.com\\\/wp-content\\\/uploads\\\/1318.jpg\",\"width\":1280,\"height\":906},{\"@type\":\"BreadcrumbList\",\"@id\":\"https:\\\/\\\/publication-evangelique.com\\\/?page_id=5089#breadcrumb\",\"itemListElement\":[{\"@type\":\"ListItem\",\"position\":1,\"name\":\"Accueil\",\"item\":\"https:\\\/\\\/publication-evangelique.com\\\/\"},{\"@type\":\"ListItem\",\"position\":2,\"name\":\"Bible Audio NT\"}]},{\"@type\":\"WebSite\",\"@id\":\"https:\\\/\\\/publication-evangelique.com\\\/#website\",\"url\":\"https:\\\/\\\/publication-evangelique.com\\\/\",\"name\":\"Daniel Poulin - publication-evangelique.com\",\"description\":\"Daniel Poulin\",\"publisher\":{\"@id\":\"https:\\\/\\\/publication-evangelique.com\\\/#\\\/schema\\\/person\\\/a7aa86223ca614c8c1a737d18c95460c\"},\"potentialAction\":[{\"@type\":\"SearchAction\",\"target\":{\"@type\":\"EntryPoint\",\"urlTemplate\":\"https:\\\/\\\/publication-evangelique.com\\\/?s={search_term_string}\"},\"query-input\":{\"@type\":\"PropertyValueSpecification\",\"valueRequired\":true,\"valueName\":\"search_term_string\"}}],\"inLanguage\":\"fr-FR\"},{\"@type\":[\"Person\",\"Organization\"],\"@id\":\"https:\\\/\\\/publication-evangelique.com\\\/#\\\/schema\\\/person\\\/a7aa86223ca614c8c1a737d18c95460c\",\"name\":\"Daniel Poulin\",\"image\":{\"@type\":\"ImageObject\",\"inLanguage\":\"fr-FR\",\"@id\":\"https:\\\/\\\/publication-evangelique.com\\\/wp-content\\\/uploads\\\/daniel5-1.jpg\",\"url\":\"https:\\\/\\\/publication-evangelique.com\\\/wp-content\\\/uploads\\\/daniel5-1.jpg\",\"contentUrl\":\"https:\\\/\\\/publication-evangelique.com\\\/wp-content\\\/uploads\\\/daniel5-1.jpg\",\"width\":833,\"height\":969,\"caption\":\"Daniel Poulin\"},\"logo\":{\"@id\":\"https:\\\/\\\/publication-evangelique.com\\\/wp-content\\\/uploads\\\/daniel5-1.jpg\"},\"description\":\"Bonjour, ici Daniel Poulin! Je suis un chr\u00e9tien n\u00e9 de nouveau depuis 1980, ayant parcouru un cheminement avec le Seigneur J\u00e9sus-Christ, j'ai construit ce site afin de partager mes connaissances de la parole de Dieu \\\" La Bible \\\" Je travaille aussi au d\u00e9veloppement de la station de radio chr\u00e9tienne fran\u00e7aise \u00e0 Montr\u00e9al, \\\" La Radio Gospel \\\" que vous pouvez voir ici http:\\\/\\\/laradiogospel.ca Je fr\u00e9quente aussi une \u00e9glise, dont je pr\u00eache et j\u2019enseigne la parole de Dieu. La communaut\u00e9 \u00c9vang\u00e9lique de l'Agneau \\\" , voici l'adresse, http:\\\/\\\/communauteevangelique.ca\\\/\",\"sameAs\":[\"https:\\\/\\\/publication-evangelique.com\",\"https:\\\/\\\/www.facebook.com\\\/danielpoulin75\",\"https:\\\/\\\/www.linkedin.com\\\/in\\\/daniel-poulin-64614745\\\/\",\"https:\\\/\\\/x.com\\\/https:\\\/\\\/twitter.com\\\/Daniel_Poulin\",\"https:\\\/\\\/www.youtube.com\\\/user\\\/danielpoulin75\\\/videos\"]}]}<\/script>\n<!-- \/ Yoast SEO plugin. -->","yoast_head_json":{"title":"Bible Audio NT - Publication \u00c9vang\u00e9lique","robots":{"index":"index","follow":"follow","max-snippet":"max-snippet:-1","max-image-preview":"max-image-preview:large","max-video-preview":"max-video-preview:-1"},"canonical":"https:\/\/publication-evangelique.com\/?page_id=5089","og_locale":"fr_FR","og_type":"article","og_title":"Bible Audio NT - Publication \u00c9vang\u00e9lique","og_description":"Gracieuset\u00e9 de Nouveau Testament Mathieu Marc Luc Jean Actes Romains 1 Corinthiens 2 Corinthiens Galates \u00c9ph\u00e9siens Philippiens Colossiens 1 Thessaloniciens 2 Thessaloniciens 1 Timoth\u00e9e 2 Timoth\u00e9e Tite Phil\u00e9mon H\u00e9breux Jacques 1 Pierre 2 Pierre 1 Jean 2 Jean 3 Jean &hellip; Lire la suite &rarr;","og_url":"https:\/\/publication-evangelique.com\/?page_id=5089","og_site_name":"Publication \u00c9vang\u00e9lique","article_publisher":"https:\/\/www.facebook.com\/danielpoulin75","article_modified_time":"2017-08-08T18:14:34+00:00","og_image":[{"width":1280,"height":906,"url":"https:\/\/publication-evangelique.com\/wp-content\/uploads\/1318.jpg","type":"image\/jpeg"}],"schema":{"@context":"https:\/\/schema.org","@graph":[{"@type":"WebPage","@id":"https:\/\/publication-evangelique.com\/?page_id=5089","url":"https:\/\/publication-evangelique.com\/?page_id=5089","name":"Bible Audio NT - Publication \u00c9vang\u00e9lique","isPartOf":{"@id":"https:\/\/publication-evangelique.com\/#website"},"primaryImageOfPage":{"@id":"https:\/\/publication-evangelique.com\/?page_id=5089#primaryimage"},"image":{"@id":"https:\/\/publication-evangelique.com\/?page_id=5089#primaryimage"},"thumbnailUrl":"https:\/\/publication-evangelique.com\/wp-content\/uploads\/1318.jpg","datePublished":"2012-01-07T02:53:48+00:00","dateModified":"2017-08-08T18:14:34+00:00","breadcrumb":{"@id":"https:\/\/publication-evangelique.com\/?page_id=5089#breadcrumb"},"inLanguage":"fr-FR","potentialAction":[{"@type":"ReadAction","target":["https:\/\/publication-evangelique.com\/?page_id=5089"]}]},{"@type":"ImageObject","inLanguage":"fr-FR","@id":"https:\/\/publication-evangelique.com\/?page_id=5089#primaryimage","url":"https:\/\/publication-evangelique.com\/wp-content\/uploads\/1318.jpg","contentUrl":"https:\/\/publication-evangelique.com\/wp-content\/uploads\/1318.jpg","width":1280,"height":906},{"@type":"BreadcrumbList","@id":"https:\/\/publication-evangelique.com\/?page_id=5089#breadcrumb","itemListElement":[{"@type":"ListItem","position":1,"name":"Accueil","item":"https:\/\/publication-evangelique.com\/"},{"@type":"ListItem","position":2,"name":"Bible Audio NT"}]},{"@type":"WebSite","@id":"https:\/\/publication-evangelique.com\/#website","url":"https:\/\/publication-evangelique.com\/","name":"Daniel Poulin - publication-evangelique.com","description":"Daniel Poulin","publisher":{"@id":"https:\/\/publication-evangelique.com\/#\/schema\/person\/a7aa86223ca614c8c1a737d18c95460c"},"potentialAction":[{"@type":"SearchAction","target":{"@type":"EntryPoint","urlTemplate":"https:\/\/publication-evangelique.com\/?s={search_term_string}"},"query-input":{"@type":"PropertyValueSpecification","valueRequired":true,"valueName":"search_term_string"}}],"inLanguage":"fr-FR"},{"@type":["Person","Organization"],"@id":"https:\/\/publication-evangelique.com\/#\/schema\/person\/a7aa86223ca614c8c1a737d18c95460c","name":"Daniel Poulin","image":{"@type":"ImageObject","inLanguage":"fr-FR","@id":"https:\/\/publication-evangelique.com\/wp-content\/uploads\/daniel5-1.jpg","url":"https:\/\/publication-evangelique.com\/wp-content\/uploads\/daniel5-1.jpg","contentUrl":"https:\/\/publication-evangelique.com\/wp-content\/uploads\/daniel5-1.jpg","width":833,"height":969,"caption":"Daniel Poulin"},"logo":{"@id":"https:\/\/publication-evangelique.com\/wp-content\/uploads\/daniel5-1.jpg"},"description":"Bonjour, ici Daniel Poulin! Je suis un chr\u00e9tien n\u00e9 de nouveau depuis 1980, ayant parcouru un cheminement avec le Seigneur J\u00e9sus-Christ, j'ai construit ce site afin de partager mes connaissances de la parole de Dieu \" La Bible \" Je travaille aussi au d\u00e9veloppement de la station de radio chr\u00e9tienne fran\u00e7aise \u00e0 Montr\u00e9al, \" La Radio Gospel \" que vous pouvez voir ici http:\/\/laradiogospel.ca Je fr\u00e9quente aussi une \u00e9glise, dont je pr\u00eache et j\u2019enseigne la parole de Dieu. La communaut\u00e9 \u00c9vang\u00e9lique de l'Agneau \" , voici l'adresse, http:\/\/communauteevangelique.ca\/","sameAs":["https:\/\/publication-evangelique.com","https:\/\/www.facebook.com\/danielpoulin75","https:\/\/www.linkedin.com\/in\/daniel-poulin-64614745\/","https:\/\/x.com\/https:\/\/twitter.com\/Daniel_Poulin","https:\/\/www.youtube.com\/user\/danielpoulin75\/videos"]}]}},"_links":{"self":[{"href":"https:\/\/publication-evangelique.com\/index.php?rest_route=\/wp\/v2\/pages\/5089","targetHints":{"allow":["GET"]}}],"collection":[{"href":"https:\/\/publication-evangelique.com\/index.php?rest_route=\/wp\/v2\/pages"}],"about":[{"href":"https:\/\/publication-evangelique.com\/index.php?rest_route=\/wp\/v2\/types\/page"}],"author":[{"embeddable":true,"href":"https:\/\/publication-evangelique.com\/index.php?rest_route=\/wp\/v2\/users\/1"}],"replies":[{"embeddable":true,"href":"https:\/\/publication-evangelique.com\/index.php?rest_route=%2Fwp%2Fv2%2Fcomments&post=5089"}],"version-history":[{"count":0,"href":"https:\/\/publication-evangelique.com\/index.php?rest_route=\/wp\/v2\/pages\/5089\/revisions"}],"wp:featuredmedia":[{"embeddable":true,"href":"https:\/\/publication-evangelique.com\/index.php?rest_route=\/wp\/v2\/media\/13363"}],"wp:attachment":[{"href":"https:\/\/publication-evangelique.com\/index.php?rest_route=%2Fwp%2Fv2%2Fmedia&parent=5089"}],"curies":[{"name":"wp","href":"https:\/\/api.w.org\/{rel}","templated":true}]}}