{"id":6383,"date":"2012-02-17T18:30:10","date_gmt":"2012-02-17T23:30:10","guid":{"rendered":"http:\/\/publication-evangelique.com\/?page_id=6383"},"modified":"2020-01-27T17:38:06","modified_gmt":"2020-01-27T22:38:06","slug":"2-jesus-a-paye-pour-tes-peches","status":"publish","type":"page","link":"https:\/\/publication-evangelique.com\/?page_id=6383","title":{"rendered":"J\u00e9sus \u00e0 pay\u00e9 pour tes p\u00e9ch\u00e9s"},"content":{"rendered":"<h3>\u00catre sauv\u00e9 est un don gratuit de Dieu!<\/h3>\n<p><strong>Vous ne pouvez gagner votre ciel par vous-m\u00eame<\/strong><br \/>\n<strong><a href= \" https:\/\/bible.publication-evangelique.com\/ephesiensr#2.8 \" target= \" _blank \" rel= \" noopener noreferrer \" >\u00c9ph\u00e9siens 2:8-9<\/a><\/strong> Car c\u2019est par la gr\u00e2ce que vous \u00eates sauv\u00e9s, par le moyen de la foi. Et cela ne vient pas de vous, c\u2019est le don de Dieu. 9 Ce n\u2018est point par les oeuvres, afin que personne ne se glorifie.<\/p>\n<p><strong>Savez-vous que Dieu a d\u00e9j\u00e0 tout accompli pour vous donner l\u2019opportunit\u00e9 d\u2019\u00eatre sauv\u00e9?<\/strong><br \/>\nJ\u00e9sus est le Dieu cr\u00e9ateur qui est descendu du ciel voil\u00e0 2000 ans pour payer la dette de nos p\u00e9ch\u00e9s!<\/p>\n<p>J\u00e9sus a pay\u00e9 pour nos p\u00e9ch\u00e9s. Il est mort sur la croix \u00e0 notre place et il est ressuscit\u00e9 pour retourner vers son P\u00e8re,<\/p>\n<p><strong>La Bible dit :<br \/>\n<a href= \" https:\/\/bible.publication-evangelique.com\/ephesiensr#1.7 \" target= \" _blank \" rel= \" noopener noreferrer \" >\u00c9ph\u00e9siens 1:7<\/a><\/strong> En lui nous avons la r\u00e9demption par son sang, la r\u00e9mission des p\u00e9ch\u00e9s, selon la richesse de sa gr\u00e2ce<\/p>\n<p><strong>Gr\u00e2ce \u00e0 son sacrifice, vous pouvez \u00eatre sauv\u00e9!<\/strong><br \/>\n<strong><a href= \" https:\/\/bible.publication-evangelique.com\/jean#3.16 \" target= \" _blank \" rel= \" noopener noreferrer \" >Jean 3:16<\/a><\/strong> car Dieu a tant aim\u00e9 le monde qu\u2019il a donn\u00e9 son Fils unique, afin que quiconque croit en lui ne p\u00e9risse point, mais qu\u2019il ait la vie \u00e9ternelle.<\/p>\n<p>Si vous lui demandez pardon, et que vous confessez que vous croyez qu\u2019il est mort pour vous, il vous pardonnera tous vos p\u00e9ch\u00e9s et vous commencerez une nouvelle vie. Vous na\u00eetrez de nouveau!<\/p>\n<p><strong><a href= \" https:\/\/bible.publication-evangelique.com\/actes#3.19 \" target= \" _blank \" rel= \" noopener noreferrer \" >Actes 3:19<\/a><\/strong> Repentez\u2013vous donc et convertissez-vous, pour que vos p\u00e9ch\u00e9s soient effac\u00e9s<\/p>\n<p><center><a href= \" https:\/\/publication-evangelique.com\/?p=6060\/ \" ><img src= \" https:\/\/publication-evangelique.com\/images\/arrow_orange_left.jpg \" alt= \" \" width= \" 53 \" height= \" 49 \" border= \" 0 \" \/> Page pr\u00e9c\u00e9dente <\/a> \u00a0\u00a0\u00a0\u00a0 \u00a0\u00a0\u00a0\u00a0 <a href= \" https:\/\/publication-evangelique.com\/?p=6401\/ \" > Page suivante <img src= \" https:\/\/publication-evangelique.com\/images\/arrow_orange_right.jpg \" alt= \" \" width= \" 53 \" height= \" 49 \" border= \" 0 \" \/><\/a><\/center><center>Ce n&rsquo;est pas tout, clic sur la <strong>page suivante<\/strong>!<\/center>&nbsp;<\/p>\n","protected":false},"excerpt":{"rendered":"<p>\u00catre sauv\u00e9 est un don gratuit de Dieu! Vous ne pouvez gagner votre ciel par vous-m\u00eame \u00c9ph\u00e9siens 2:8-9 Car c\u2019est par la gr\u00e2ce que vous \u00eates sauv\u00e9s, par le moyen de la foi. Et cela ne vient pas de vous, <span class=\"excerpt-dots\">&hellip;<\/span> <a class=\"more-link\" href=\"https:\/\/publication-evangelique.com\/?page_id=6383\"><span class=\"more-msg\">Lire la suite &rarr;<\/span><\/a><\/p>\n","protected":false},"author":1,"featured_media":12805,"parent":0,"menu_order":0,"comment_status":"open","ping_status":"open","template":"","meta":{"footnotes":""},"class_list":["post-6383","page","type-page","status-publish","has-post-thumbnail","hentry"],"yoast_head":"<!-- This site is optimized with the Yoast SEO plugin v27.5 - https:\/\/yoast.com\/product\/yoast-seo-wordpress\/ -->\n<title>2 - J\u00e9sus \u00e0 pay\u00e9 pour tes p\u00e9ch\u00e9s<\/title>\n<meta name=\"description\" content=\"J\u00e9sus a pay\u00e9 pour la dette de nos p\u00e9ch\u00e9s!\" \/>\n<meta name=\"robots\" content=\"index, follow, max-snippet:-1, max-image-preview:large, max-video-preview:-1\" \/>\n<link rel=\"canonical\" href=\"https:\/\/publication-evangelique.com\/?page_id=6383\" \/>\n<meta property=\"og:locale\" content=\"fr_FR\" \/>\n<meta property=\"og:type\" content=\"article\" \/>\n<meta property=\"og:title\" content=\"2 - J\u00e9sus \u00e0 pay\u00e9 pour tes p\u00e9ch\u00e9s\" \/>\n<meta property=\"og:description\" content=\"J\u00e9sus a pay\u00e9 pour la dette de nos p\u00e9ch\u00e9s!\" \/>\n<meta property=\"og:url\" content=\"https:\/\/publication-evangelique.com\/?page_id=6383\" \/>\n<meta property=\"og:site_name\" content=\"Publication \u00c9vang\u00e9lique\" \/>\n<meta property=\"article:publisher\" content=\"https:\/\/www.facebook.com\/danielpoulin75\" \/>\n<meta property=\"article:modified_time\" content=\"2020-01-27T22:38:06+00:00\" \/>\n<meta property=\"og:image\" content=\"https:\/\/publication-evangelique.com\/wp-content\/uploads\/1008.jpg\" \/>\n\t<meta property=\"og:image:width\" content=\"1280\" \/>\n\t<meta property=\"og:image:height\" content=\"853\" \/>\n\t<meta property=\"og:image:type\" content=\"image\/jpeg\" \/>\n<meta name=\"twitter:label1\" content=\"Dur\u00e9e de lecture estim\u00e9e\" \/>\n\t<meta name=\"twitter:data1\" content=\"1 minute\" \/>\n<script type=\"application\/ld+json\" class=\"yoast-schema-graph\">{\"@context\":\"https:\\\/\\\/schema.org\",\"@graph\":[{\"@type\":\"WebPage\",\"@id\":\"https:\\\/\\\/publication-evangelique.com\\\/?page_id=6383\",\"url\":\"https:\\\/\\\/publication-evangelique.com\\\/?page_id=6383\",\"name\":\"2 - J\u00e9sus \u00e0 pay\u00e9 pour tes p\u00e9ch\u00e9s\",\"isPartOf\":{\"@id\":\"https:\\\/\\\/publication-evangelique.com\\\/#website\"},\"primaryImageOfPage\":{\"@id\":\"https:\\\/\\\/publication-evangelique.com\\\/?page_id=6383#primaryimage\"},\"image\":{\"@id\":\"https:\\\/\\\/publication-evangelique.com\\\/?page_id=6383#primaryimage\"},\"thumbnailUrl\":\"https:\\\/\\\/publication-evangelique.com\\\/wp-content\\\/uploads\\\/1008.jpg\",\"datePublished\":\"2012-02-17T23:30:10+00:00\",\"dateModified\":\"2020-01-27T22:38:06+00:00\",\"description\":\"J\u00e9sus a pay\u00e9 pour la dette de nos p\u00e9ch\u00e9s!\",\"breadcrumb\":{\"@id\":\"https:\\\/\\\/publication-evangelique.com\\\/?page_id=6383#breadcrumb\"},\"inLanguage\":\"fr-FR\",\"potentialAction\":[{\"@type\":\"ReadAction\",\"target\":[\"https:\\\/\\\/publication-evangelique.com\\\/?page_id=6383\"]}]},{\"@type\":\"ImageObject\",\"inLanguage\":\"fr-FR\",\"@id\":\"https:\\\/\\\/publication-evangelique.com\\\/?page_id=6383#primaryimage\",\"url\":\"https:\\\/\\\/publication-evangelique.com\\\/wp-content\\\/uploads\\\/1008.jpg\",\"contentUrl\":\"https:\\\/\\\/publication-evangelique.com\\\/wp-content\\\/uploads\\\/1008.jpg\",\"width\":1280,\"height\":853},{\"@type\":\"BreadcrumbList\",\"@id\":\"https:\\\/\\\/publication-evangelique.com\\\/?page_id=6383#breadcrumb\",\"itemListElement\":[{\"@type\":\"ListItem\",\"position\":1,\"name\":\"Accueil\",\"item\":\"https:\\\/\\\/publication-evangelique.com\\\/\"},{\"@type\":\"ListItem\",\"position\":2,\"name\":\"J\u00e9sus \u00e0 pay\u00e9 pour tes p\u00e9ch\u00e9s\"}]},{\"@type\":\"WebSite\",\"@id\":\"https:\\\/\\\/publication-evangelique.com\\\/#website\",\"url\":\"https:\\\/\\\/publication-evangelique.com\\\/\",\"name\":\"Daniel Poulin - publication-evangelique.com\",\"description\":\"Daniel Poulin\",\"publisher\":{\"@id\":\"https:\\\/\\\/publication-evangelique.com\\\/#\\\/schema\\\/person\\\/a7aa86223ca614c8c1a737d18c95460c\"},\"potentialAction\":[{\"@type\":\"SearchAction\",\"target\":{\"@type\":\"EntryPoint\",\"urlTemplate\":\"https:\\\/\\\/publication-evangelique.com\\\/?s={search_term_string}\"},\"query-input\":{\"@type\":\"PropertyValueSpecification\",\"valueRequired\":true,\"valueName\":\"search_term_string\"}}],\"inLanguage\":\"fr-FR\"},{\"@type\":[\"Person\",\"Organization\"],\"@id\":\"https:\\\/\\\/publication-evangelique.com\\\/#\\\/schema\\\/person\\\/a7aa86223ca614c8c1a737d18c95460c\",\"name\":\"Daniel Poulin\",\"image\":{\"@type\":\"ImageObject\",\"inLanguage\":\"fr-FR\",\"@id\":\"https:\\\/\\\/publication-evangelique.com\\\/wp-content\\\/uploads\\\/daniel5-1.jpg\",\"url\":\"https:\\\/\\\/publication-evangelique.com\\\/wp-content\\\/uploads\\\/daniel5-1.jpg\",\"contentUrl\":\"https:\\\/\\\/publication-evangelique.com\\\/wp-content\\\/uploads\\\/daniel5-1.jpg\",\"width\":833,\"height\":969,\"caption\":\"Daniel Poulin\"},\"logo\":{\"@id\":\"https:\\\/\\\/publication-evangelique.com\\\/wp-content\\\/uploads\\\/daniel5-1.jpg\"},\"description\":\"Bonjour, ici Daniel Poulin! Je suis un chr\u00e9tien n\u00e9 de nouveau depuis 1980, ayant parcouru un cheminement avec le Seigneur J\u00e9sus-Christ, j'ai construit ce site afin de partager mes connaissances de la parole de Dieu \\\" La Bible \\\" Je travaille aussi au d\u00e9veloppement de la station de radio chr\u00e9tienne fran\u00e7aise \u00e0 Montr\u00e9al, \\\" La Radio Gospel \\\" que vous pouvez voir ici http:\\\/\\\/laradiogospel.ca Je fr\u00e9quente aussi une \u00e9glise, dont je pr\u00eache et j\u2019enseigne la parole de Dieu. La communaut\u00e9 \u00c9vang\u00e9lique de l'Agneau \\\" , voici l'adresse, http:\\\/\\\/communauteevangelique.ca\\\/\",\"sameAs\":[\"https:\\\/\\\/publication-evangelique.com\",\"https:\\\/\\\/www.facebook.com\\\/danielpoulin75\",\"https:\\\/\\\/www.linkedin.com\\\/in\\\/daniel-poulin-64614745\\\/\",\"https:\\\/\\\/x.com\\\/https:\\\/\\\/twitter.com\\\/Daniel_Poulin\",\"https:\\\/\\\/www.youtube.com\\\/user\\\/danielpoulin75\\\/videos\"]}]}<\/script>\n<!-- \/ Yoast SEO plugin. -->","yoast_head_json":{"title":"2 - J\u00e9sus \u00e0 pay\u00e9 pour tes p\u00e9ch\u00e9s","description":"J\u00e9sus a pay\u00e9 pour la dette de nos p\u00e9ch\u00e9s!","robots":{"index":"index","follow":"follow","max-snippet":"max-snippet:-1","max-image-preview":"max-image-preview:large","max-video-preview":"max-video-preview:-1"},"canonical":"https:\/\/publication-evangelique.com\/?page_id=6383","og_locale":"fr_FR","og_type":"article","og_title":"2 - J\u00e9sus \u00e0 pay\u00e9 pour tes p\u00e9ch\u00e9s","og_description":"J\u00e9sus a pay\u00e9 pour la dette de nos p\u00e9ch\u00e9s!","og_url":"https:\/\/publication-evangelique.com\/?page_id=6383","og_site_name":"Publication \u00c9vang\u00e9lique","article_publisher":"https:\/\/www.facebook.com\/danielpoulin75","article_modified_time":"2020-01-27T22:38:06+00:00","og_image":[{"width":1280,"height":853,"url":"https:\/\/publication-evangelique.com\/wp-content\/uploads\/1008.jpg","type":"image\/jpeg"}],"twitter_misc":{"Dur\u00e9e de lecture estim\u00e9e":"1 minute"},"schema":{"@context":"https:\/\/schema.org","@graph":[{"@type":"WebPage","@id":"https:\/\/publication-evangelique.com\/?page_id=6383","url":"https:\/\/publication-evangelique.com\/?page_id=6383","name":"2 - J\u00e9sus \u00e0 pay\u00e9 pour tes p\u00e9ch\u00e9s","isPartOf":{"@id":"https:\/\/publication-evangelique.com\/#website"},"primaryImageOfPage":{"@id":"https:\/\/publication-evangelique.com\/?page_id=6383#primaryimage"},"image":{"@id":"https:\/\/publication-evangelique.com\/?page_id=6383#primaryimage"},"thumbnailUrl":"https:\/\/publication-evangelique.com\/wp-content\/uploads\/1008.jpg","datePublished":"2012-02-17T23:30:10+00:00","dateModified":"2020-01-27T22:38:06+00:00","description":"J\u00e9sus a pay\u00e9 pour la dette de nos p\u00e9ch\u00e9s!","breadcrumb":{"@id":"https:\/\/publication-evangelique.com\/?page_id=6383#breadcrumb"},"inLanguage":"fr-FR","potentialAction":[{"@type":"ReadAction","target":["https:\/\/publication-evangelique.com\/?page_id=6383"]}]},{"@type":"ImageObject","inLanguage":"fr-FR","@id":"https:\/\/publication-evangelique.com\/?page_id=6383#primaryimage","url":"https:\/\/publication-evangelique.com\/wp-content\/uploads\/1008.jpg","contentUrl":"https:\/\/publication-evangelique.com\/wp-content\/uploads\/1008.jpg","width":1280,"height":853},{"@type":"BreadcrumbList","@id":"https:\/\/publication-evangelique.com\/?page_id=6383#breadcrumb","itemListElement":[{"@type":"ListItem","position":1,"name":"Accueil","item":"https:\/\/publication-evangelique.com\/"},{"@type":"ListItem","position":2,"name":"J\u00e9sus \u00e0 pay\u00e9 pour tes p\u00e9ch\u00e9s"}]},{"@type":"WebSite","@id":"https:\/\/publication-evangelique.com\/#website","url":"https:\/\/publication-evangelique.com\/","name":"Daniel Poulin - publication-evangelique.com","description":"Daniel Poulin","publisher":{"@id":"https:\/\/publication-evangelique.com\/#\/schema\/person\/a7aa86223ca614c8c1a737d18c95460c"},"potentialAction":[{"@type":"SearchAction","target":{"@type":"EntryPoint","urlTemplate":"https:\/\/publication-evangelique.com\/?s={search_term_string}"},"query-input":{"@type":"PropertyValueSpecification","valueRequired":true,"valueName":"search_term_string"}}],"inLanguage":"fr-FR"},{"@type":["Person","Organization"],"@id":"https:\/\/publication-evangelique.com\/#\/schema\/person\/a7aa86223ca614c8c1a737d18c95460c","name":"Daniel Poulin","image":{"@type":"ImageObject","inLanguage":"fr-FR","@id":"https:\/\/publication-evangelique.com\/wp-content\/uploads\/daniel5-1.jpg","url":"https:\/\/publication-evangelique.com\/wp-content\/uploads\/daniel5-1.jpg","contentUrl":"https:\/\/publication-evangelique.com\/wp-content\/uploads\/daniel5-1.jpg","width":833,"height":969,"caption":"Daniel Poulin"},"logo":{"@id":"https:\/\/publication-evangelique.com\/wp-content\/uploads\/daniel5-1.jpg"},"description":"Bonjour, ici Daniel Poulin! Je suis un chr\u00e9tien n\u00e9 de nouveau depuis 1980, ayant parcouru un cheminement avec le Seigneur J\u00e9sus-Christ, j'ai construit ce site afin de partager mes connaissances de la parole de Dieu \" La Bible \" Je travaille aussi au d\u00e9veloppement de la station de radio chr\u00e9tienne fran\u00e7aise \u00e0 Montr\u00e9al, \" La Radio Gospel \" que vous pouvez voir ici http:\/\/laradiogospel.ca Je fr\u00e9quente aussi une \u00e9glise, dont je pr\u00eache et j\u2019enseigne la parole de Dieu. La communaut\u00e9 \u00c9vang\u00e9lique de l'Agneau \" , voici l'adresse, http:\/\/communauteevangelique.ca\/","sameAs":["https:\/\/publication-evangelique.com","https:\/\/www.facebook.com\/danielpoulin75","https:\/\/www.linkedin.com\/in\/daniel-poulin-64614745\/","https:\/\/x.com\/https:\/\/twitter.com\/Daniel_Poulin","https:\/\/www.youtube.com\/user\/danielpoulin75\/videos"]}]}},"_links":{"self":[{"href":"https:\/\/publication-evangelique.com\/index.php?rest_route=\/wp\/v2\/pages\/6383","targetHints":{"allow":["GET"]}}],"collection":[{"href":"https:\/\/publication-evangelique.com\/index.php?rest_route=\/wp\/v2\/pages"}],"about":[{"href":"https:\/\/publication-evangelique.com\/index.php?rest_route=\/wp\/v2\/types\/page"}],"author":[{"embeddable":true,"href":"https:\/\/publication-evangelique.com\/index.php?rest_route=\/wp\/v2\/users\/1"}],"replies":[{"embeddable":true,"href":"https:\/\/publication-evangelique.com\/index.php?rest_route=%2Fwp%2Fv2%2Fcomments&post=6383"}],"version-history":[{"count":0,"href":"https:\/\/publication-evangelique.com\/index.php?rest_route=\/wp\/v2\/pages\/6383\/revisions"}],"wp:featuredmedia":[{"embeddable":true,"href":"https:\/\/publication-evangelique.com\/index.php?rest_route=\/wp\/v2\/media\/12805"}],"wp:attachment":[{"href":"https:\/\/publication-evangelique.com\/index.php?rest_route=%2Fwp%2Fv2%2Fmedia&parent=6383"}],"curies":[{"name":"wp","href":"https:\/\/api.w.org\/{rel}","templated":true}]}}