{"id":6401,"date":"2012-02-17T19:21:45","date_gmt":"2012-02-18T00:21:45","guid":{"rendered":"http:\/\/publication-evangelique.com\/?page_id=6401"},"modified":"2020-01-27T17:39:28","modified_gmt":"2020-01-27T22:39:28","slug":"3-tu-peux-naitre-de-nouveau","status":"publish","type":"page","link":"https:\/\/publication-evangelique.com\/?page_id=6401","title":{"rendered":"Vous devez na\u00eetre de nouveau"},"content":{"rendered":"<h3>Il faut que vous naissiez de nouveau!<\/h3>\n<p><strong><a href= \" https:\/\/bible.publication-evangelique.com\/jean#3.3 \" target= \" _blank \" rel= \" noopener noreferrer \" >Jean 3:3<\/a><\/strong> J\u00e9sus lui r\u00e9pondit : en v\u00e9rit\u00e9, en v\u00e9rit\u00e9, je te le dis, si un homme ne na\u00eet de nouveau, il ne peut voir le royaume de Dieu.<\/p>\n<p>M\u00eame si nous savons que J\u00e9sus est mort sur la croix pour nous pardonner de nos p\u00e9ch\u00e9s, sans na\u00eetre de nouveau nous ne pouvons entrer au ciel!<\/p>\n<p><strong>Que veut dire na\u00eetre de nouveau? <\/strong><br \/>\nC\u2019est une naissance spirituelle, c\u2019est de recevoir le Saint-Esprit!<\/p>\n<p>Donc pour \u00eatre sauv\u00e9, il y a 4 \u00e9tapes.<\/p>\n<p><strong>Il faut :<\/strong><br \/>\n<strong>1 &#8211;<\/strong> Savoir que nous sommes p\u00e9cheurs.<\/p>\n<p><strong>2 &#8211;<\/strong> Savoir que J\u00e9sus est mort sur la croix pour pardonner nos p\u00e9ch\u00e9s.<\/p>\n<p><strong>3 &#8211;<\/strong> Vous devez vous repentir, demander pardon pour vos p\u00e9ch\u00e9s et vouloir changer de vie.<\/p>\n<p><strong>4 &#8211;<\/strong> Vous devez demander \u00e0 Dieu de vous donner le Saint-Esprit. (na\u00eetre de nouveau)<\/p>\n<p>Les \u00e9tapes ne peuvent \u00eatre chang\u00e9es, car nous ne pouvons recevoir le Saint-Esprit sans avoir \u00e9t\u00e9 pardonn\u00e9s de nos p\u00e9ch\u00e9s.<\/p>\n<p><strong>Voulez-vous l\u2019accepter comme votre Sauveur et votre Seigneur?<\/strong><\/p>\n<p>Recevez-le maintenant!<\/p>\n<p><center><a href= \" https:\/\/publication-evangelique.com\/?p=6383\/ \" ><img src= \" https:\/\/publication-evangelique.com\/images\/arrow_orange_left.jpg \" alt= \" \" width= \" 53 \" height= \" 49 \" border= \" 0 \" \/> Page pr\u00e9c\u00e9dente <\/a> \u00a0\u00a0\u00a0\u00a0 \u00a0\u00a0\u00a0\u00a0 <a href= \" https:\/\/publication-evangelique.com\/?p=6423\/ \" > Page suivante <img src= \" https:\/\/publication-evangelique.com\/images\/arrow_orange_right.jpg \" alt= \" \" width= \" 53 \" height= \" 49 \" border= \" 0 \" \/><\/a><\/center><center>Ce n&rsquo;est pas tout, clic sur la <strong>page suivante<\/strong>!<\/center><\/p>\n","protected":false},"excerpt":{"rendered":"<p>Il faut que vous naissiez de nouveau! Jean 3:3 J\u00e9sus lui r\u00e9pondit : en v\u00e9rit\u00e9, en v\u00e9rit\u00e9, je te le dis, si un homme ne na\u00eet de nouveau, il ne peut voir le royaume de Dieu. M\u00eame si nous savons <span class=\"excerpt-dots\">&hellip;<\/span> <a class=\"more-link\" href=\"https:\/\/publication-evangelique.com\/?page_id=6401\"><span class=\"more-msg\">Lire la suite &rarr;<\/span><\/a><\/p>\n","protected":false},"author":1,"featured_media":12898,"parent":0,"menu_order":0,"comment_status":"open","ping_status":"open","template":"","meta":{"footnotes":""},"class_list":["post-6401","page","type-page","status-publish","has-post-thumbnail","hentry"],"yoast_head":"<!-- This site is optimized with the Yoast SEO plugin v27.5 - https:\/\/yoast.com\/product\/yoast-seo-wordpress\/ -->\n<title>3 - Tu doit na\u00eetre de nouveau<\/title>\n<meta name=\"description\" content=\"Sans na\u00eetre de nouveau nous ne pouvons entr\u00e9 au ciel\" \/>\n<meta name=\"robots\" content=\"index, follow, max-snippet:-1, max-image-preview:large, max-video-preview:-1\" \/>\n<link rel=\"canonical\" href=\"https:\/\/publication-evangelique.com\/?page_id=6401\" \/>\n<meta property=\"og:locale\" content=\"fr_FR\" \/>\n<meta property=\"og:type\" content=\"article\" \/>\n<meta property=\"og:title\" content=\"3 - Tu doit na\u00eetre de nouveau\" \/>\n<meta property=\"og:description\" content=\"Sans na\u00eetre de nouveau nous ne pouvons entr\u00e9 au ciel\" \/>\n<meta property=\"og:url\" content=\"https:\/\/publication-evangelique.com\/?page_id=6401\" \/>\n<meta property=\"og:site_name\" content=\"Publication \u00c9vang\u00e9lique\" \/>\n<meta property=\"article:publisher\" content=\"https:\/\/www.facebook.com\/danielpoulin75\" \/>\n<meta property=\"article:modified_time\" content=\"2020-01-27T22:39:28+00:00\" \/>\n<meta property=\"og:image\" content=\"https:\/\/publication-evangelique.com\/wp-content\/uploads\/1101.jpg\" \/>\n\t<meta property=\"og:image:width\" content=\"1280\" \/>\n\t<meta property=\"og:image:height\" content=\"959\" \/>\n\t<meta property=\"og:image:type\" content=\"image\/jpeg\" \/>\n<meta name=\"twitter:label1\" content=\"Dur\u00e9e de lecture estim\u00e9e\" \/>\n\t<meta name=\"twitter:data1\" content=\"1 minute\" \/>\n<script type=\"application\/ld+json\" class=\"yoast-schema-graph\">{\"@context\":\"https:\\\/\\\/schema.org\",\"@graph\":[{\"@type\":\"WebPage\",\"@id\":\"https:\\\/\\\/publication-evangelique.com\\\/?page_id=6401\",\"url\":\"https:\\\/\\\/publication-evangelique.com\\\/?page_id=6401\",\"name\":\"3 - Tu doit na\u00eetre de nouveau\",\"isPartOf\":{\"@id\":\"https:\\\/\\\/publication-evangelique.com\\\/#website\"},\"primaryImageOfPage\":{\"@id\":\"https:\\\/\\\/publication-evangelique.com\\\/?page_id=6401#primaryimage\"},\"image\":{\"@id\":\"https:\\\/\\\/publication-evangelique.com\\\/?page_id=6401#primaryimage\"},\"thumbnailUrl\":\"https:\\\/\\\/publication-evangelique.com\\\/wp-content\\\/uploads\\\/1101.jpg\",\"datePublished\":\"2012-02-18T00:21:45+00:00\",\"dateModified\":\"2020-01-27T22:39:28+00:00\",\"description\":\"Sans na\u00eetre de nouveau nous ne pouvons entr\u00e9 au ciel\",\"breadcrumb\":{\"@id\":\"https:\\\/\\\/publication-evangelique.com\\\/?page_id=6401#breadcrumb\"},\"inLanguage\":\"fr-FR\",\"potentialAction\":[{\"@type\":\"ReadAction\",\"target\":[\"https:\\\/\\\/publication-evangelique.com\\\/?page_id=6401\"]}]},{\"@type\":\"ImageObject\",\"inLanguage\":\"fr-FR\",\"@id\":\"https:\\\/\\\/publication-evangelique.com\\\/?page_id=6401#primaryimage\",\"url\":\"https:\\\/\\\/publication-evangelique.com\\\/wp-content\\\/uploads\\\/1101.jpg\",\"contentUrl\":\"https:\\\/\\\/publication-evangelique.com\\\/wp-content\\\/uploads\\\/1101.jpg\",\"width\":1280,\"height\":959},{\"@type\":\"BreadcrumbList\",\"@id\":\"https:\\\/\\\/publication-evangelique.com\\\/?page_id=6401#breadcrumb\",\"itemListElement\":[{\"@type\":\"ListItem\",\"position\":1,\"name\":\"Accueil\",\"item\":\"https:\\\/\\\/publication-evangelique.com\\\/\"},{\"@type\":\"ListItem\",\"position\":2,\"name\":\"Vous devez na\u00eetre de nouveau\"}]},{\"@type\":\"WebSite\",\"@id\":\"https:\\\/\\\/publication-evangelique.com\\\/#website\",\"url\":\"https:\\\/\\\/publication-evangelique.com\\\/\",\"name\":\"Daniel Poulin - publication-evangelique.com\",\"description\":\"Daniel Poulin\",\"publisher\":{\"@id\":\"https:\\\/\\\/publication-evangelique.com\\\/#\\\/schema\\\/person\\\/a7aa86223ca614c8c1a737d18c95460c\"},\"potentialAction\":[{\"@type\":\"SearchAction\",\"target\":{\"@type\":\"EntryPoint\",\"urlTemplate\":\"https:\\\/\\\/publication-evangelique.com\\\/?s={search_term_string}\"},\"query-input\":{\"@type\":\"PropertyValueSpecification\",\"valueRequired\":true,\"valueName\":\"search_term_string\"}}],\"inLanguage\":\"fr-FR\"},{\"@type\":[\"Person\",\"Organization\"],\"@id\":\"https:\\\/\\\/publication-evangelique.com\\\/#\\\/schema\\\/person\\\/a7aa86223ca614c8c1a737d18c95460c\",\"name\":\"Daniel Poulin\",\"image\":{\"@type\":\"ImageObject\",\"inLanguage\":\"fr-FR\",\"@id\":\"https:\\\/\\\/publication-evangelique.com\\\/wp-content\\\/uploads\\\/daniel5-1.jpg\",\"url\":\"https:\\\/\\\/publication-evangelique.com\\\/wp-content\\\/uploads\\\/daniel5-1.jpg\",\"contentUrl\":\"https:\\\/\\\/publication-evangelique.com\\\/wp-content\\\/uploads\\\/daniel5-1.jpg\",\"width\":833,\"height\":969,\"caption\":\"Daniel Poulin\"},\"logo\":{\"@id\":\"https:\\\/\\\/publication-evangelique.com\\\/wp-content\\\/uploads\\\/daniel5-1.jpg\"},\"description\":\"Bonjour, ici Daniel Poulin! Je suis un chr\u00e9tien n\u00e9 de nouveau depuis 1980, ayant parcouru un cheminement avec le Seigneur J\u00e9sus-Christ, j'ai construit ce site afin de partager mes connaissances de la parole de Dieu \\\" La Bible \\\" Je travaille aussi au d\u00e9veloppement de la station de radio chr\u00e9tienne fran\u00e7aise \u00e0 Montr\u00e9al, \\\" La Radio Gospel \\\" que vous pouvez voir ici http:\\\/\\\/laradiogospel.ca Je fr\u00e9quente aussi une \u00e9glise, dont je pr\u00eache et j\u2019enseigne la parole de Dieu. La communaut\u00e9 \u00c9vang\u00e9lique de l'Agneau \\\" , voici l'adresse, http:\\\/\\\/communauteevangelique.ca\\\/\",\"sameAs\":[\"https:\\\/\\\/publication-evangelique.com\",\"https:\\\/\\\/www.facebook.com\\\/danielpoulin75\",\"https:\\\/\\\/www.linkedin.com\\\/in\\\/daniel-poulin-64614745\\\/\",\"https:\\\/\\\/x.com\\\/https:\\\/\\\/twitter.com\\\/Daniel_Poulin\",\"https:\\\/\\\/www.youtube.com\\\/user\\\/danielpoulin75\\\/videos\"]}]}<\/script>\n<!-- \/ Yoast SEO plugin. -->","yoast_head_json":{"title":"3 - Tu doit na\u00eetre de nouveau","description":"Sans na\u00eetre de nouveau nous ne pouvons entr\u00e9 au ciel","robots":{"index":"index","follow":"follow","max-snippet":"max-snippet:-1","max-image-preview":"max-image-preview:large","max-video-preview":"max-video-preview:-1"},"canonical":"https:\/\/publication-evangelique.com\/?page_id=6401","og_locale":"fr_FR","og_type":"article","og_title":"3 - Tu doit na\u00eetre de nouveau","og_description":"Sans na\u00eetre de nouveau nous ne pouvons entr\u00e9 au ciel","og_url":"https:\/\/publication-evangelique.com\/?page_id=6401","og_site_name":"Publication \u00c9vang\u00e9lique","article_publisher":"https:\/\/www.facebook.com\/danielpoulin75","article_modified_time":"2020-01-27T22:39:28+00:00","og_image":[{"width":1280,"height":959,"url":"https:\/\/publication-evangelique.com\/wp-content\/uploads\/1101.jpg","type":"image\/jpeg"}],"twitter_misc":{"Dur\u00e9e de lecture estim\u00e9e":"1 minute"},"schema":{"@context":"https:\/\/schema.org","@graph":[{"@type":"WebPage","@id":"https:\/\/publication-evangelique.com\/?page_id=6401","url":"https:\/\/publication-evangelique.com\/?page_id=6401","name":"3 - Tu doit na\u00eetre de nouveau","isPartOf":{"@id":"https:\/\/publication-evangelique.com\/#website"},"primaryImageOfPage":{"@id":"https:\/\/publication-evangelique.com\/?page_id=6401#primaryimage"},"image":{"@id":"https:\/\/publication-evangelique.com\/?page_id=6401#primaryimage"},"thumbnailUrl":"https:\/\/publication-evangelique.com\/wp-content\/uploads\/1101.jpg","datePublished":"2012-02-18T00:21:45+00:00","dateModified":"2020-01-27T22:39:28+00:00","description":"Sans na\u00eetre de nouveau nous ne pouvons entr\u00e9 au ciel","breadcrumb":{"@id":"https:\/\/publication-evangelique.com\/?page_id=6401#breadcrumb"},"inLanguage":"fr-FR","potentialAction":[{"@type":"ReadAction","target":["https:\/\/publication-evangelique.com\/?page_id=6401"]}]},{"@type":"ImageObject","inLanguage":"fr-FR","@id":"https:\/\/publication-evangelique.com\/?page_id=6401#primaryimage","url":"https:\/\/publication-evangelique.com\/wp-content\/uploads\/1101.jpg","contentUrl":"https:\/\/publication-evangelique.com\/wp-content\/uploads\/1101.jpg","width":1280,"height":959},{"@type":"BreadcrumbList","@id":"https:\/\/publication-evangelique.com\/?page_id=6401#breadcrumb","itemListElement":[{"@type":"ListItem","position":1,"name":"Accueil","item":"https:\/\/publication-evangelique.com\/"},{"@type":"ListItem","position":2,"name":"Vous devez na\u00eetre de nouveau"}]},{"@type":"WebSite","@id":"https:\/\/publication-evangelique.com\/#website","url":"https:\/\/publication-evangelique.com\/","name":"Daniel Poulin - publication-evangelique.com","description":"Daniel Poulin","publisher":{"@id":"https:\/\/publication-evangelique.com\/#\/schema\/person\/a7aa86223ca614c8c1a737d18c95460c"},"potentialAction":[{"@type":"SearchAction","target":{"@type":"EntryPoint","urlTemplate":"https:\/\/publication-evangelique.com\/?s={search_term_string}"},"query-input":{"@type":"PropertyValueSpecification","valueRequired":true,"valueName":"search_term_string"}}],"inLanguage":"fr-FR"},{"@type":["Person","Organization"],"@id":"https:\/\/publication-evangelique.com\/#\/schema\/person\/a7aa86223ca614c8c1a737d18c95460c","name":"Daniel Poulin","image":{"@type":"ImageObject","inLanguage":"fr-FR","@id":"https:\/\/publication-evangelique.com\/wp-content\/uploads\/daniel5-1.jpg","url":"https:\/\/publication-evangelique.com\/wp-content\/uploads\/daniel5-1.jpg","contentUrl":"https:\/\/publication-evangelique.com\/wp-content\/uploads\/daniel5-1.jpg","width":833,"height":969,"caption":"Daniel Poulin"},"logo":{"@id":"https:\/\/publication-evangelique.com\/wp-content\/uploads\/daniel5-1.jpg"},"description":"Bonjour, ici Daniel Poulin! Je suis un chr\u00e9tien n\u00e9 de nouveau depuis 1980, ayant parcouru un cheminement avec le Seigneur J\u00e9sus-Christ, j'ai construit ce site afin de partager mes connaissances de la parole de Dieu \" La Bible \" Je travaille aussi au d\u00e9veloppement de la station de radio chr\u00e9tienne fran\u00e7aise \u00e0 Montr\u00e9al, \" La Radio Gospel \" que vous pouvez voir ici http:\/\/laradiogospel.ca Je fr\u00e9quente aussi une \u00e9glise, dont je pr\u00eache et j\u2019enseigne la parole de Dieu. La communaut\u00e9 \u00c9vang\u00e9lique de l'Agneau \" , voici l'adresse, http:\/\/communauteevangelique.ca\/","sameAs":["https:\/\/publication-evangelique.com","https:\/\/www.facebook.com\/danielpoulin75","https:\/\/www.linkedin.com\/in\/daniel-poulin-64614745\/","https:\/\/x.com\/https:\/\/twitter.com\/Daniel_Poulin","https:\/\/www.youtube.com\/user\/danielpoulin75\/videos"]}]}},"_links":{"self":[{"href":"https:\/\/publication-evangelique.com\/index.php?rest_route=\/wp\/v2\/pages\/6401","targetHints":{"allow":["GET"]}}],"collection":[{"href":"https:\/\/publication-evangelique.com\/index.php?rest_route=\/wp\/v2\/pages"}],"about":[{"href":"https:\/\/publication-evangelique.com\/index.php?rest_route=\/wp\/v2\/types\/page"}],"author":[{"embeddable":true,"href":"https:\/\/publication-evangelique.com\/index.php?rest_route=\/wp\/v2\/users\/1"}],"replies":[{"embeddable":true,"href":"https:\/\/publication-evangelique.com\/index.php?rest_route=%2Fwp%2Fv2%2Fcomments&post=6401"}],"version-history":[{"count":0,"href":"https:\/\/publication-evangelique.com\/index.php?rest_route=\/wp\/v2\/pages\/6401\/revisions"}],"wp:featuredmedia":[{"embeddable":true,"href":"https:\/\/publication-evangelique.com\/index.php?rest_route=\/wp\/v2\/media\/12898"}],"wp:attachment":[{"href":"https:\/\/publication-evangelique.com\/index.php?rest_route=%2Fwp%2Fv2%2Fmedia&parent=6401"}],"curies":[{"name":"wp","href":"https:\/\/api.w.org\/{rel}","templated":true}]}}