{"id":6607,"date":"2012-03-07T09:33:40","date_gmt":"2012-03-07T14:33:40","guid":{"rendered":"http:\/\/publication-evangelique.com\/?page_id=6607"},"modified":"2017-08-08T13:29:04","modified_gmt":"2017-08-08T18:29:04","slug":"lappel-du-berger","status":"publish","type":"page","link":"https:\/\/publication-evangelique.com\/?page_id=6607","title":{"rendered":"L&rsquo;appel du berger!"},"content":{"rendered":"<p><strong>Quel est l&rsquo;appel du berger?<\/strong><br \/>\nDans quelle direction nous appelle-t-il? <\/p>\n<p>Quelles sont ses attentent?<\/p>\n<p>En suivant cette s\u00e9rie, vous apprendrez \u00e0 reconnaitre la direction de Dieu pour votre vie!<\/p>\n<p>Vous pouvez \u00e9couter les messages en format MP3.<\/p>\n<p>&nbsp;<\/p>\n<p>1 &#8211; <a href= \" https:\/\/publication-evangelique.com\/?p=6331 \" > Mes brebis entendent ma voix<\/a><br \/>\n2 &#8211; <a href= \" https:\/\/publication-evangelique.com\/?p=6489 \" > \u2026 et elles me suivent!<\/a><br \/>\n3 &#8211; <a href= \" https:\/\/publication-evangelique.com\/?p=6542 \" > Elles r\u00e9pondent \u00e0 l\u2019appel<\/a><br \/>\n4 &#8211; <a href= \" https:\/\/publication-evangelique.com\/?p=6683 \" > Elles s\u2019engagent \u00e0 sa suite<\/a><br \/>\n5 &#8211; <a href= \" https:\/\/publication-evangelique.com\/?p=6725 \" > La croissance de la brebis<\/a><br \/>\n6 &#8211; <a href= \" https:\/\/publication-evangelique.com\/?p=6796 \" > L\u2019appel \u00e0 se consacrer<\/a><br \/>\n7 &#8211; <a href= \" https:\/\/publication-evangelique.com\/?p=6845 \" > De l\u2019appel \u00e0 la vision de Dieu!<\/a><br \/>\n8 &#8211; <a href= \" https:\/\/publication-evangelique.com\/?p=6886 \" > L\u2019investissement dans la vision de Dieu et ses avantages<\/a><br \/>\n9 &#8211; <a href= \" https:\/\/publication-evangelique.com\/?p=6929 \" > Dieu veut renouveler sa vision aux r\u00e9trogrades<\/a><br \/>\n10 &#8211; <a href= \" https:\/\/publication-evangelique.com\/?p=6974 \" > Dieu veut qu\u2019on \u00e9largisse et \u00e9tendre notre vision<\/a><br \/>\n11 &#8211; <a href= \" https:\/\/publication-evangelique.com\/?p=7023 \" > L\u2019attente pour l\u2019entr\u00e9 dans notre vision<\/a><br \/>\n12 &#8211; <a href= \" https:\/\/publication-evangelique.com\/?p=7060 \" > La provision de Dieu pour l\u2019accomplissement de ses visions<\/a><br \/>\n13 &#8211; <a href= \" https:\/\/publication-evangelique.com\/?p=7075 \" > Les obstructions qui peuvent arr\u00eater l\u2019accomplissement de la vision<\/a><br \/>\n14 &#8211; <a href= \" https:\/\/publication-evangelique.com\/?p=7106 \" > Comment discerner la volont\u00e9 de Dieu!<\/a><br \/>\n15 &#8211; <a href= \" https:\/\/publication-evangelique.com\/?p=7118 \" > Le prix \u00e0 payer pour poursuivre notre vision<\/a><br \/>\n16 &#8211; <a href= \" https:\/\/publication-evangelique.com\/?p=7149 \" > Veiller \u00e0 ne pas se laisser voler notre r\u00e9compense par l\u2019abandon de notre vision<\/a><br \/>\n17 &#8211; <a href= \" https:\/\/publication-evangelique.com\/?p=7187 \" > Quels sont les influences qui peuvent nous amener dans la vision de Dieu?<\/a><br \/>\n18 &#8211; <a href= \" https:\/\/publication-evangelique.com\/?p=7220 \" > Chercher l\u2019unit\u00e9 avec d\u2019autres chr\u00e9tiens pour atteindre la vision<\/a><\/p>\n<p>&#8212;&#8212;&#8212;&#8212;&#8212;&#8212;&#8212;&#8212;&#8212;<\/p>\n<p>Note: A part d&rsquo;une mention sp\u00e9ciale, toutes les citations bibliques<br \/>\nsont tir\u00e9es du texte de la traduction; Louis Segond 1910.<br \/>\n\u00a9 Tout droit r\u00e9serv\u00e9<\/p>\n<p>Produit par : Daniel Poulin<br \/>\n\u00c9dit\u00e9 par : <a href= \" https:\/\/publication-evangelique.com \" >https:\/\/publication-evangelique.com<\/a><\/p>\n<p>Adresse de ce blogue : <a href= \" https:\/\/publication-evangelique.com\/?page_id=6607 \" >https:\/\/publication-evangelique.com\/?page_id=6607<\/a><\/p>\n","protected":false},"excerpt":{"rendered":"<p>Quel est l&rsquo;appel du berger? Dans quelle direction nous appelle-t-il? Quelles sont ses attentent? En suivant cette s\u00e9rie, vous apprendrez \u00e0 reconnaitre la direction de Dieu pour votre vie! Vous pouvez \u00e9couter les messages en format MP3. &nbsp; 1 &#8211; <span class=\"excerpt-dots\">&hellip;<\/span> <a class=\"more-link\" href=\"https:\/\/publication-evangelique.com\/?page_id=6607\"><span class=\"more-msg\">Lire la suite &rarr;<\/span><\/a><\/p>\n","protected":false},"author":1,"featured_media":12889,"parent":0,"menu_order":0,"comment_status":"closed","ping_status":"closed","template":"","meta":{"footnotes":""},"class_list":["post-6607","page","type-page","status-publish","has-post-thumbnail","hentry"],"yoast_head":"<!-- This site is optimized with the Yoast SEO plugin v27.5 - https:\/\/yoast.com\/product\/yoast-seo-wordpress\/ -->\n<title>L&#039;appel du berger!<\/title>\n<meta name=\"description\" content=\"En suivant cette s\u00e9rie, vous apprendrez \u00e0 reconnaitre la direction de Dieu pour votre vie!\" \/>\n<meta name=\"robots\" content=\"index, follow, max-snippet:-1, max-image-preview:large, max-video-preview:-1\" \/>\n<link rel=\"canonical\" href=\"https:\/\/publication-evangelique.com\/?page_id=6607\" \/>\n<meta property=\"og:locale\" content=\"fr_FR\" \/>\n<meta property=\"og:type\" content=\"article\" \/>\n<meta property=\"og:title\" content=\"L&#039;appel du berger!\" \/>\n<meta property=\"og:description\" content=\"En suivant cette s\u00e9rie, vous apprendrez \u00e0 reconnaitre la direction de Dieu pour votre vie!\" \/>\n<meta property=\"og:url\" content=\"https:\/\/publication-evangelique.com\/?page_id=6607\" \/>\n<meta property=\"og:site_name\" content=\"Publication \u00c9vang\u00e9lique\" \/>\n<meta property=\"article:publisher\" content=\"https:\/\/www.facebook.com\/danielpoulin75\" \/>\n<meta property=\"article:modified_time\" content=\"2017-08-08T18:29:04+00:00\" \/>\n<meta property=\"og:image\" content=\"https:\/\/publication-evangelique.com\/wp-content\/uploads\/1092.jpg\" \/>\n\t<meta property=\"og:image:width\" content=\"1280\" \/>\n\t<meta property=\"og:image:height\" content=\"853\" \/>\n\t<meta property=\"og:image:type\" content=\"image\/jpeg\" \/>\n<meta name=\"twitter:label1\" content=\"Dur\u00e9e de lecture estim\u00e9e\" \/>\n\t<meta name=\"twitter:data1\" content=\"1 minute\" \/>\n<script type=\"application\/ld+json\" class=\"yoast-schema-graph\">{\"@context\":\"https:\\\/\\\/schema.org\",\"@graph\":[{\"@type\":\"WebPage\",\"@id\":\"https:\\\/\\\/publication-evangelique.com\\\/?page_id=6607\",\"url\":\"https:\\\/\\\/publication-evangelique.com\\\/?page_id=6607\",\"name\":\"L'appel du berger!\",\"isPartOf\":{\"@id\":\"https:\\\/\\\/publication-evangelique.com\\\/#website\"},\"primaryImageOfPage\":{\"@id\":\"https:\\\/\\\/publication-evangelique.com\\\/?page_id=6607#primaryimage\"},\"image\":{\"@id\":\"https:\\\/\\\/publication-evangelique.com\\\/?page_id=6607#primaryimage\"},\"thumbnailUrl\":\"https:\\\/\\\/publication-evangelique.com\\\/wp-content\\\/uploads\\\/1092.jpg\",\"datePublished\":\"2012-03-07T14:33:40+00:00\",\"dateModified\":\"2017-08-08T18:29:04+00:00\",\"description\":\"En suivant cette s\u00e9rie, vous apprendrez \u00e0 reconnaitre la direction de Dieu pour votre vie!\",\"breadcrumb\":{\"@id\":\"https:\\\/\\\/publication-evangelique.com\\\/?page_id=6607#breadcrumb\"},\"inLanguage\":\"fr-FR\",\"potentialAction\":[{\"@type\":\"ReadAction\",\"target\":[\"https:\\\/\\\/publication-evangelique.com\\\/?page_id=6607\"]}]},{\"@type\":\"ImageObject\",\"inLanguage\":\"fr-FR\",\"@id\":\"https:\\\/\\\/publication-evangelique.com\\\/?page_id=6607#primaryimage\",\"url\":\"https:\\\/\\\/publication-evangelique.com\\\/wp-content\\\/uploads\\\/1092.jpg\",\"contentUrl\":\"https:\\\/\\\/publication-evangelique.com\\\/wp-content\\\/uploads\\\/1092.jpg\",\"width\":1280,\"height\":853},{\"@type\":\"BreadcrumbList\",\"@id\":\"https:\\\/\\\/publication-evangelique.com\\\/?page_id=6607#breadcrumb\",\"itemListElement\":[{\"@type\":\"ListItem\",\"position\":1,\"name\":\"Accueil\",\"item\":\"https:\\\/\\\/publication-evangelique.com\\\/\"},{\"@type\":\"ListItem\",\"position\":2,\"name\":\"L&rsquo;appel du berger!\"}]},{\"@type\":\"WebSite\",\"@id\":\"https:\\\/\\\/publication-evangelique.com\\\/#website\",\"url\":\"https:\\\/\\\/publication-evangelique.com\\\/\",\"name\":\"Daniel Poulin - publication-evangelique.com\",\"description\":\"Daniel Poulin\",\"publisher\":{\"@id\":\"https:\\\/\\\/publication-evangelique.com\\\/#\\\/schema\\\/person\\\/a7aa86223ca614c8c1a737d18c95460c\"},\"potentialAction\":[{\"@type\":\"SearchAction\",\"target\":{\"@type\":\"EntryPoint\",\"urlTemplate\":\"https:\\\/\\\/publication-evangelique.com\\\/?s={search_term_string}\"},\"query-input\":{\"@type\":\"PropertyValueSpecification\",\"valueRequired\":true,\"valueName\":\"search_term_string\"}}],\"inLanguage\":\"fr-FR\"},{\"@type\":[\"Person\",\"Organization\"],\"@id\":\"https:\\\/\\\/publication-evangelique.com\\\/#\\\/schema\\\/person\\\/a7aa86223ca614c8c1a737d18c95460c\",\"name\":\"Daniel Poulin\",\"image\":{\"@type\":\"ImageObject\",\"inLanguage\":\"fr-FR\",\"@id\":\"https:\\\/\\\/publication-evangelique.com\\\/wp-content\\\/uploads\\\/daniel5-1.jpg\",\"url\":\"https:\\\/\\\/publication-evangelique.com\\\/wp-content\\\/uploads\\\/daniel5-1.jpg\",\"contentUrl\":\"https:\\\/\\\/publication-evangelique.com\\\/wp-content\\\/uploads\\\/daniel5-1.jpg\",\"width\":833,\"height\":969,\"caption\":\"Daniel Poulin\"},\"logo\":{\"@id\":\"https:\\\/\\\/publication-evangelique.com\\\/wp-content\\\/uploads\\\/daniel5-1.jpg\"},\"description\":\"Bonjour, ici Daniel Poulin! Je suis un chr\u00e9tien n\u00e9 de nouveau depuis 1980, ayant parcouru un cheminement avec le Seigneur J\u00e9sus-Christ, j'ai construit ce site afin de partager mes connaissances de la parole de Dieu \\\" La Bible \\\" Je travaille aussi au d\u00e9veloppement de la station de radio chr\u00e9tienne fran\u00e7aise \u00e0 Montr\u00e9al, \\\" La Radio Gospel \\\" que vous pouvez voir ici http:\\\/\\\/laradiogospel.ca Je fr\u00e9quente aussi une \u00e9glise, dont je pr\u00eache et j\u2019enseigne la parole de Dieu. La communaut\u00e9 \u00c9vang\u00e9lique de l'Agneau \\\" , voici l'adresse, http:\\\/\\\/communauteevangelique.ca\\\/\",\"sameAs\":[\"https:\\\/\\\/publication-evangelique.com\",\"https:\\\/\\\/www.facebook.com\\\/danielpoulin75\",\"https:\\\/\\\/www.linkedin.com\\\/in\\\/daniel-poulin-64614745\\\/\",\"https:\\\/\\\/x.com\\\/https:\\\/\\\/twitter.com\\\/Daniel_Poulin\",\"https:\\\/\\\/www.youtube.com\\\/user\\\/danielpoulin75\\\/videos\"]}]}<\/script>\n<!-- \/ Yoast SEO plugin. -->","yoast_head_json":{"title":"L'appel du berger!","description":"En suivant cette s\u00e9rie, vous apprendrez \u00e0 reconnaitre la direction de Dieu pour votre vie!","robots":{"index":"index","follow":"follow","max-snippet":"max-snippet:-1","max-image-preview":"max-image-preview:large","max-video-preview":"max-video-preview:-1"},"canonical":"https:\/\/publication-evangelique.com\/?page_id=6607","og_locale":"fr_FR","og_type":"article","og_title":"L'appel du berger!","og_description":"En suivant cette s\u00e9rie, vous apprendrez \u00e0 reconnaitre la direction de Dieu pour votre vie!","og_url":"https:\/\/publication-evangelique.com\/?page_id=6607","og_site_name":"Publication \u00c9vang\u00e9lique","article_publisher":"https:\/\/www.facebook.com\/danielpoulin75","article_modified_time":"2017-08-08T18:29:04+00:00","og_image":[{"width":1280,"height":853,"url":"https:\/\/publication-evangelique.com\/wp-content\/uploads\/1092.jpg","type":"image\/jpeg"}],"twitter_misc":{"Dur\u00e9e de lecture estim\u00e9e":"1 minute"},"schema":{"@context":"https:\/\/schema.org","@graph":[{"@type":"WebPage","@id":"https:\/\/publication-evangelique.com\/?page_id=6607","url":"https:\/\/publication-evangelique.com\/?page_id=6607","name":"L'appel du berger!","isPartOf":{"@id":"https:\/\/publication-evangelique.com\/#website"},"primaryImageOfPage":{"@id":"https:\/\/publication-evangelique.com\/?page_id=6607#primaryimage"},"image":{"@id":"https:\/\/publication-evangelique.com\/?page_id=6607#primaryimage"},"thumbnailUrl":"https:\/\/publication-evangelique.com\/wp-content\/uploads\/1092.jpg","datePublished":"2012-03-07T14:33:40+00:00","dateModified":"2017-08-08T18:29:04+00:00","description":"En suivant cette s\u00e9rie, vous apprendrez \u00e0 reconnaitre la direction de Dieu pour votre vie!","breadcrumb":{"@id":"https:\/\/publication-evangelique.com\/?page_id=6607#breadcrumb"},"inLanguage":"fr-FR","potentialAction":[{"@type":"ReadAction","target":["https:\/\/publication-evangelique.com\/?page_id=6607"]}]},{"@type":"ImageObject","inLanguage":"fr-FR","@id":"https:\/\/publication-evangelique.com\/?page_id=6607#primaryimage","url":"https:\/\/publication-evangelique.com\/wp-content\/uploads\/1092.jpg","contentUrl":"https:\/\/publication-evangelique.com\/wp-content\/uploads\/1092.jpg","width":1280,"height":853},{"@type":"BreadcrumbList","@id":"https:\/\/publication-evangelique.com\/?page_id=6607#breadcrumb","itemListElement":[{"@type":"ListItem","position":1,"name":"Accueil","item":"https:\/\/publication-evangelique.com\/"},{"@type":"ListItem","position":2,"name":"L&rsquo;appel du berger!"}]},{"@type":"WebSite","@id":"https:\/\/publication-evangelique.com\/#website","url":"https:\/\/publication-evangelique.com\/","name":"Daniel Poulin - publication-evangelique.com","description":"Daniel Poulin","publisher":{"@id":"https:\/\/publication-evangelique.com\/#\/schema\/person\/a7aa86223ca614c8c1a737d18c95460c"},"potentialAction":[{"@type":"SearchAction","target":{"@type":"EntryPoint","urlTemplate":"https:\/\/publication-evangelique.com\/?s={search_term_string}"},"query-input":{"@type":"PropertyValueSpecification","valueRequired":true,"valueName":"search_term_string"}}],"inLanguage":"fr-FR"},{"@type":["Person","Organization"],"@id":"https:\/\/publication-evangelique.com\/#\/schema\/person\/a7aa86223ca614c8c1a737d18c95460c","name":"Daniel Poulin","image":{"@type":"ImageObject","inLanguage":"fr-FR","@id":"https:\/\/publication-evangelique.com\/wp-content\/uploads\/daniel5-1.jpg","url":"https:\/\/publication-evangelique.com\/wp-content\/uploads\/daniel5-1.jpg","contentUrl":"https:\/\/publication-evangelique.com\/wp-content\/uploads\/daniel5-1.jpg","width":833,"height":969,"caption":"Daniel Poulin"},"logo":{"@id":"https:\/\/publication-evangelique.com\/wp-content\/uploads\/daniel5-1.jpg"},"description":"Bonjour, ici Daniel Poulin! Je suis un chr\u00e9tien n\u00e9 de nouveau depuis 1980, ayant parcouru un cheminement avec le Seigneur J\u00e9sus-Christ, j'ai construit ce site afin de partager mes connaissances de la parole de Dieu \" La Bible \" Je travaille aussi au d\u00e9veloppement de la station de radio chr\u00e9tienne fran\u00e7aise \u00e0 Montr\u00e9al, \" La Radio Gospel \" que vous pouvez voir ici http:\/\/laradiogospel.ca Je fr\u00e9quente aussi une \u00e9glise, dont je pr\u00eache et j\u2019enseigne la parole de Dieu. La communaut\u00e9 \u00c9vang\u00e9lique de l'Agneau \" , voici l'adresse, http:\/\/communauteevangelique.ca\/","sameAs":["https:\/\/publication-evangelique.com","https:\/\/www.facebook.com\/danielpoulin75","https:\/\/www.linkedin.com\/in\/daniel-poulin-64614745\/","https:\/\/x.com\/https:\/\/twitter.com\/Daniel_Poulin","https:\/\/www.youtube.com\/user\/danielpoulin75\/videos"]}]}},"_links":{"self":[{"href":"https:\/\/publication-evangelique.com\/index.php?rest_route=\/wp\/v2\/pages\/6607","targetHints":{"allow":["GET"]}}],"collection":[{"href":"https:\/\/publication-evangelique.com\/index.php?rest_route=\/wp\/v2\/pages"}],"about":[{"href":"https:\/\/publication-evangelique.com\/index.php?rest_route=\/wp\/v2\/types\/page"}],"author":[{"embeddable":true,"href":"https:\/\/publication-evangelique.com\/index.php?rest_route=\/wp\/v2\/users\/1"}],"replies":[{"embeddable":true,"href":"https:\/\/publication-evangelique.com\/index.php?rest_route=%2Fwp%2Fv2%2Fcomments&post=6607"}],"version-history":[{"count":0,"href":"https:\/\/publication-evangelique.com\/index.php?rest_route=\/wp\/v2\/pages\/6607\/revisions"}],"wp:featuredmedia":[{"embeddable":true,"href":"https:\/\/publication-evangelique.com\/index.php?rest_route=\/wp\/v2\/media\/12889"}],"wp:attachment":[{"href":"https:\/\/publication-evangelique.com\/index.php?rest_route=%2Fwp%2Fv2%2Fmedia&parent=6607"}],"curies":[{"name":"wp","href":"https:\/\/api.w.org\/{rel}","templated":true}]}}