{"id":7001,"date":"2012-04-24T09:31:49","date_gmt":"2012-04-24T14:31:49","guid":{"rendered":"http:\/\/publication-evangelique.com\/?page_id=7001"},"modified":"2017-08-08T13:46:17","modified_gmt":"2017-08-08T18:46:17","slug":"prepare-pour-la-guerre","status":"publish","type":"page","link":"https:\/\/publication-evangelique.com\/?page_id=7001","title":{"rendered":"Pr\u00e9par\u00e9 pour la guerre"},"content":{"rendered":"<p><strong>Quelques enseignements qui nous am\u00e8nent \u00e0 nous pr\u00e9parer pour la guerre spirituelle<\/strong>. <\/p>\n<p>&#8211; Quels sont les <strong>combats<\/strong>?<br \/>\n&#8211; Discern\u00e9s nos <strong>ennemis<\/strong>?<br \/>\n&#8211; Quels sont nos <strong>alli\u00e9s<\/strong>?<br \/>\n&#8211; Quelles sont nos <strong>armes<\/strong>?<\/p>\n<p>Vous pouvez aussi les \u00e9couter en MP3.<\/p>\n<p>&#8211; 1 &#8211; <a href= \" https:\/\/publication-evangelique.com\/?p=6999 \" >Pr\u00e9par\u00e9 pour la guerre<\/a> (intro)<br \/>\n&#8211; 2 &#8211; <a href= \" https:\/\/publication-evangelique.com\/?p=7096 \" >Quels sont les combats? &#8211; 1er &#8211; Garder la foi jusqu\u2019\u00e0 la fin<\/a><br \/>\n&#8211; 3 &#8211; <a href= \" https:\/\/publication-evangelique.com\/?p=7212 \" >Quels sont les combats? \u2013 2e combat \u2013 lutter contre le p\u00e9ch\u00e9<\/a><br \/>\n&#8211; 4 &#8211; <a href= \" https:\/\/publication-evangelique.com\/?p=7434 \" >Quels sont les combats? \u2013 3e combat \u2013 combattre pour la foi<\/a><br \/>\n&#8211; 5 &#8211; <a href= \" https:\/\/publication-evangelique.com\/?p=7455 \" >Quels sont les combats? \u2013 4e combat \u2013 combattre pour les autres<\/a><\/p>\n<p>&#8211; 6 &#8211; <a href= \" https:\/\/publication-evangelique.com\/?p=7510 \" >Discerner nos ennemis 1 \u2013 Le diable et ses anges &#8211; 1ere partie<\/a><br \/>\n&#8211; 7 &#8211; <a href= \" https:\/\/publication-evangelique.com\/?p=7534 \" >Discerner nos ennemis 2 \u2013 Le diable et ses anges &#8211; 2i\u00e9me partie<\/a><br \/>\n&#8211; 8 &#8211; <a href= \" https:\/\/publication-evangelique.com\/?p=7567 \" >Discerner nos ennemis 3 \u2013 notre propre chair<\/a><br \/>\n&#8211; 9 &#8211; <a href= \" https:\/\/publication-evangelique.com\/?p=7631 \" >Discerner nos ennemis 4 \u2013 le monde<\/a><br \/>\n&#8211; 10 &#8211; <a href= \" https:\/\/publication-evangelique.com\/?p=7678 \" >Discerner nos ennemis 5 \u2013 Les faux-proph\u00e8tes \u2013 1ere partie<\/a><br \/>\n&#8211; 11 &#8211; <a href= \" https:\/\/publication-evangelique.com\/?p=7803 \" >Discerner nos ennemis 6 \u2013 Les faux-proph\u00e8tes \u2013 2e partie<\/a><\/p>\n<p>&#8211; 12 &#8211; <a href= \" https:\/\/publication-evangelique.com\/?p=7859 \" >Quels sont nos alli\u00e9s? 1 \u2013 Dieu lui-m\u00eame!<\/a><br \/>\n&#8211; 13 &#8211; <a href= \" https:\/\/publication-evangelique.com\/?p=7859 \" >Quels sont nos alli\u00e9s? 2 \u2013 Les anges!<\/a><br \/>\n&#8211; 14 &#8211; <a href= \" https:\/\/publication-evangelique.com\/?p=8106 \" >Quels sont nos alli\u00e9s? 3 \u2013 Les fr\u00e8res et s\u0153ur dans la foi<\/a><\/p>\n<p>&#8211; 15 &#8211; <a href= \" https:\/\/publication-evangelique.com\/?p=8235 \" >Quelles sont nos armes et la puissance de Dieu \u00e0 notre disposition? <\/a><br \/>\n&#8211; 16 &#8211; <a href= \" https:\/\/publication-evangelique.com\/?p=8235 \" > Armes et puissance de Dieu : Le sang de J\u00e9sus-Christ! <\/a><br \/>\n&#8211; 17 &#8211; <a href= \" https:\/\/publication-evangelique.com\/?p=8371 \" > Armes et puissance de Dieu : La parole de Dieu, la Bible<\/a><br \/>\n&#8211; 18 &#8211; <a href= \" https:\/\/publication-evangelique.com\/?p=8476 \" > Armes et puissance de Dieu : La foi<\/a><br \/>\n&#8211; 19 &#8211; <a href= \" https:\/\/publication-evangelique.com\/?p=8522 \" > Armes et puissance de Dieu : La nouvelle nature<\/a><br \/>\n&#8211; 20 &#8211; <a href= \" https:\/\/publication-evangelique.com\/?p=8607 \" > Armes et puissance de Dieu : Le bapt\u00eame du Saint-Esprit<\/a><br \/>\n&#8211; 21 &#8211; <a href= \" https:\/\/publication-evangelique.com\/?p=8651 \" > Armes et puissance de Dieu : Les dons spirituels<\/a><br \/>\n&#8211; 22 &#8211; <a href= \" https:\/\/publication-evangelique.com\/?p=8691 \" > Armes et puissance de Dieu : L\u2019autorit\u00e9 du nom de J\u00e9sus-Christ<\/a><br \/>\n&#8211; 23 &#8211; <a href= \" https:\/\/publication-evangelique.com\/?p=8782 \" > Armes et puissance de Dieu : L\u2019autorit\u00e9 du nom de J\u00e9sus-Christ \u2013 2e partie<\/a><br \/>\n&#8211; 24 &#8211; <a href= \" https:\/\/publication-evangelique.com\/?p=8900 \" > Armes et puissance de Dieu : L\u2019armure du chr\u00e9tien<\/a><br \/>\n&#8211; 25 &#8211; <a href= \" https:\/\/publication-evangelique.com\/?p=8925 \" > Armes et puissance de Dieu : La communication avec Dieu<\/a><br \/>\n&#8211; 26 &#8211; <a href= \" https:\/\/publication-evangelique.com\/?p=8971 \" > Armes et puissance de Dieu : Le je\u00fbne<\/a><\/p>\n<p>&#8212;&#8212;&#8212;&#8212;&#8212;&#8212;&#8212;&#8212;&#8212;<\/p>\n<p>Produit par: Daniel Poulin<br \/>\n\u00c9dit\u00e9 par: <a title= \" https:\/\/publication-evangelique.com \" href= \" https:\/\/publication-evangelique.com \" target= \" _blank \" >https:\/\/publication-evangelique.com<\/a><\/p>\n<p><strong>Adresse de ce blogue :<\/strong> <a href= \" https:\/\/publication-evangelique.com\/?page_id=1801 \" > https:\/\/publication-evangelique.com\/?page_id=7001<\/a><\/p>\n","protected":false},"excerpt":{"rendered":"<p>Quelques enseignements qui nous am\u00e8nent \u00e0 nous pr\u00e9parer pour la guerre spirituelle. &#8211; Quels sont les combats? &#8211; Discern\u00e9s nos ennemis? &#8211; Quels sont nos alli\u00e9s? &#8211; Quelles sont nos armes? Vous pouvez aussi les \u00e9couter en MP3. &#8211; 1 <span class=\"excerpt-dots\">&hellip;<\/span> <a class=\"more-link\" href=\"https:\/\/publication-evangelique.com\/?page_id=7001\"><span class=\"more-msg\">Lire la suite &rarr;<\/span><\/a><\/p>\n","protected":false},"author":1,"featured_media":13194,"parent":0,"menu_order":0,"comment_status":"open","ping_status":"open","template":"","meta":{"footnotes":""},"class_list":["post-7001","page","type-page","status-publish","has-post-thumbnail","hentry"],"yoast_head":"<!-- This site is optimized with the Yoast SEO plugin v27.5 - https:\/\/yoast.com\/product\/yoast-seo-wordpress\/ -->\n<title>Pr\u00e9par\u00e9 pour la guerre (intro)<\/title>\n<meta name=\"description\" content=\"- Quels sont les combats? - Discern\u00e9s nos ennemis? - Quels sont nos alli\u00e9s? - Quelles sont nos armes?\" \/>\n<meta name=\"robots\" content=\"index, follow, max-snippet:-1, max-image-preview:large, max-video-preview:-1\" \/>\n<link rel=\"canonical\" href=\"https:\/\/publication-evangelique.com\/?page_id=7001\" \/>\n<meta property=\"og:locale\" content=\"fr_FR\" \/>\n<meta property=\"og:type\" content=\"article\" \/>\n<meta property=\"og:title\" content=\"Pr\u00e9par\u00e9 pour la guerre (intro)\" \/>\n<meta property=\"og:description\" content=\"- Quels sont les combats? - Discern\u00e9s nos ennemis? - Quels sont nos alli\u00e9s? - Quelles sont nos armes?\" \/>\n<meta property=\"og:url\" content=\"https:\/\/publication-evangelique.com\/?page_id=7001\" \/>\n<meta property=\"og:site_name\" content=\"Publication \u00c9vang\u00e9lique\" \/>\n<meta property=\"article:publisher\" content=\"https:\/\/www.facebook.com\/danielpoulin75\" \/>\n<meta property=\"article:modified_time\" content=\"2017-08-08T18:46:17+00:00\" \/>\n<meta property=\"og:image\" content=\"https:\/\/publication-evangelique.com\/wp-content\/uploads\/guerre.jpg\" \/>\n\t<meta property=\"og:image:width\" content=\"1280\" \/>\n\t<meta property=\"og:image:height\" content=\"981\" \/>\n\t<meta property=\"og:image:type\" content=\"image\/jpeg\" \/>\n<meta name=\"twitter:label1\" content=\"Dur\u00e9e de lecture estim\u00e9e\" \/>\n\t<meta name=\"twitter:data1\" content=\"2 minutes\" \/>\n<script type=\"application\/ld+json\" class=\"yoast-schema-graph\">{\"@context\":\"https:\\\/\\\/schema.org\",\"@graph\":[{\"@type\":\"WebPage\",\"@id\":\"https:\\\/\\\/publication-evangelique.com\\\/?page_id=7001\",\"url\":\"https:\\\/\\\/publication-evangelique.com\\\/?page_id=7001\",\"name\":\"Pr\u00e9par\u00e9 pour la guerre (intro)\",\"isPartOf\":{\"@id\":\"https:\\\/\\\/publication-evangelique.com\\\/#website\"},\"primaryImageOfPage\":{\"@id\":\"https:\\\/\\\/publication-evangelique.com\\\/?page_id=7001#primaryimage\"},\"image\":{\"@id\":\"https:\\\/\\\/publication-evangelique.com\\\/?page_id=7001#primaryimage\"},\"thumbnailUrl\":\"https:\\\/\\\/publication-evangelique.com\\\/wp-content\\\/uploads\\\/guerre.jpg\",\"datePublished\":\"2012-04-24T14:31:49+00:00\",\"dateModified\":\"2017-08-08T18:46:17+00:00\",\"description\":\"- Quels sont les combats? - Discern\u00e9s nos ennemis? - Quels sont nos alli\u00e9s? - Quelles sont nos armes?\",\"breadcrumb\":{\"@id\":\"https:\\\/\\\/publication-evangelique.com\\\/?page_id=7001#breadcrumb\"},\"inLanguage\":\"fr-FR\",\"potentialAction\":[{\"@type\":\"ReadAction\",\"target\":[\"https:\\\/\\\/publication-evangelique.com\\\/?page_id=7001\"]}]},{\"@type\":\"ImageObject\",\"inLanguage\":\"fr-FR\",\"@id\":\"https:\\\/\\\/publication-evangelique.com\\\/?page_id=7001#primaryimage\",\"url\":\"https:\\\/\\\/publication-evangelique.com\\\/wp-content\\\/uploads\\\/guerre.jpg\",\"contentUrl\":\"https:\\\/\\\/publication-evangelique.com\\\/wp-content\\\/uploads\\\/guerre.jpg\",\"width\":1280,\"height\":981},{\"@type\":\"BreadcrumbList\",\"@id\":\"https:\\\/\\\/publication-evangelique.com\\\/?page_id=7001#breadcrumb\",\"itemListElement\":[{\"@type\":\"ListItem\",\"position\":1,\"name\":\"Accueil\",\"item\":\"https:\\\/\\\/publication-evangelique.com\\\/\"},{\"@type\":\"ListItem\",\"position\":2,\"name\":\"Pr\u00e9par\u00e9 pour la guerre\"}]},{\"@type\":\"WebSite\",\"@id\":\"https:\\\/\\\/publication-evangelique.com\\\/#website\",\"url\":\"https:\\\/\\\/publication-evangelique.com\\\/\",\"name\":\"Daniel Poulin - publication-evangelique.com\",\"description\":\"Daniel Poulin\",\"publisher\":{\"@id\":\"https:\\\/\\\/publication-evangelique.com\\\/#\\\/schema\\\/person\\\/a7aa86223ca614c8c1a737d18c95460c\"},\"potentialAction\":[{\"@type\":\"SearchAction\",\"target\":{\"@type\":\"EntryPoint\",\"urlTemplate\":\"https:\\\/\\\/publication-evangelique.com\\\/?s={search_term_string}\"},\"query-input\":{\"@type\":\"PropertyValueSpecification\",\"valueRequired\":true,\"valueName\":\"search_term_string\"}}],\"inLanguage\":\"fr-FR\"},{\"@type\":[\"Person\",\"Organization\"],\"@id\":\"https:\\\/\\\/publication-evangelique.com\\\/#\\\/schema\\\/person\\\/a7aa86223ca614c8c1a737d18c95460c\",\"name\":\"Daniel Poulin\",\"image\":{\"@type\":\"ImageObject\",\"inLanguage\":\"fr-FR\",\"@id\":\"https:\\\/\\\/publication-evangelique.com\\\/wp-content\\\/uploads\\\/daniel5-1.jpg\",\"url\":\"https:\\\/\\\/publication-evangelique.com\\\/wp-content\\\/uploads\\\/daniel5-1.jpg\",\"contentUrl\":\"https:\\\/\\\/publication-evangelique.com\\\/wp-content\\\/uploads\\\/daniel5-1.jpg\",\"width\":833,\"height\":969,\"caption\":\"Daniel Poulin\"},\"logo\":{\"@id\":\"https:\\\/\\\/publication-evangelique.com\\\/wp-content\\\/uploads\\\/daniel5-1.jpg\"},\"description\":\"Bonjour, ici Daniel Poulin! Je suis un chr\u00e9tien n\u00e9 de nouveau depuis 1980, ayant parcouru un cheminement avec le Seigneur J\u00e9sus-Christ, j'ai construit ce site afin de partager mes connaissances de la parole de Dieu \\\" La Bible \\\" Je travaille aussi au d\u00e9veloppement de la station de radio chr\u00e9tienne fran\u00e7aise \u00e0 Montr\u00e9al, \\\" La Radio Gospel \\\" que vous pouvez voir ici http:\\\/\\\/laradiogospel.ca Je fr\u00e9quente aussi une \u00e9glise, dont je pr\u00eache et j\u2019enseigne la parole de Dieu. La communaut\u00e9 \u00c9vang\u00e9lique de l'Agneau \\\" , voici l'adresse, http:\\\/\\\/communauteevangelique.ca\\\/\",\"sameAs\":[\"https:\\\/\\\/publication-evangelique.com\",\"https:\\\/\\\/www.facebook.com\\\/danielpoulin75\",\"https:\\\/\\\/www.linkedin.com\\\/in\\\/daniel-poulin-64614745\\\/\",\"https:\\\/\\\/x.com\\\/https:\\\/\\\/twitter.com\\\/Daniel_Poulin\",\"https:\\\/\\\/www.youtube.com\\\/user\\\/danielpoulin75\\\/videos\"]}]}<\/script>\n<!-- \/ Yoast SEO plugin. -->","yoast_head_json":{"title":"Pr\u00e9par\u00e9 pour la guerre (intro)","description":"- Quels sont les combats? - Discern\u00e9s nos ennemis? - Quels sont nos alli\u00e9s? - Quelles sont nos armes?","robots":{"index":"index","follow":"follow","max-snippet":"max-snippet:-1","max-image-preview":"max-image-preview:large","max-video-preview":"max-video-preview:-1"},"canonical":"https:\/\/publication-evangelique.com\/?page_id=7001","og_locale":"fr_FR","og_type":"article","og_title":"Pr\u00e9par\u00e9 pour la guerre (intro)","og_description":"- Quels sont les combats? - Discern\u00e9s nos ennemis? - Quels sont nos alli\u00e9s? - Quelles sont nos armes?","og_url":"https:\/\/publication-evangelique.com\/?page_id=7001","og_site_name":"Publication \u00c9vang\u00e9lique","article_publisher":"https:\/\/www.facebook.com\/danielpoulin75","article_modified_time":"2017-08-08T18:46:17+00:00","og_image":[{"width":1280,"height":981,"url":"https:\/\/publication-evangelique.com\/wp-content\/uploads\/guerre.jpg","type":"image\/jpeg"}],"twitter_misc":{"Dur\u00e9e de lecture estim\u00e9e":"2 minutes"},"schema":{"@context":"https:\/\/schema.org","@graph":[{"@type":"WebPage","@id":"https:\/\/publication-evangelique.com\/?page_id=7001","url":"https:\/\/publication-evangelique.com\/?page_id=7001","name":"Pr\u00e9par\u00e9 pour la guerre (intro)","isPartOf":{"@id":"https:\/\/publication-evangelique.com\/#website"},"primaryImageOfPage":{"@id":"https:\/\/publication-evangelique.com\/?page_id=7001#primaryimage"},"image":{"@id":"https:\/\/publication-evangelique.com\/?page_id=7001#primaryimage"},"thumbnailUrl":"https:\/\/publication-evangelique.com\/wp-content\/uploads\/guerre.jpg","datePublished":"2012-04-24T14:31:49+00:00","dateModified":"2017-08-08T18:46:17+00:00","description":"- Quels sont les combats? - Discern\u00e9s nos ennemis? - Quels sont nos alli\u00e9s? - Quelles sont nos armes?","breadcrumb":{"@id":"https:\/\/publication-evangelique.com\/?page_id=7001#breadcrumb"},"inLanguage":"fr-FR","potentialAction":[{"@type":"ReadAction","target":["https:\/\/publication-evangelique.com\/?page_id=7001"]}]},{"@type":"ImageObject","inLanguage":"fr-FR","@id":"https:\/\/publication-evangelique.com\/?page_id=7001#primaryimage","url":"https:\/\/publication-evangelique.com\/wp-content\/uploads\/guerre.jpg","contentUrl":"https:\/\/publication-evangelique.com\/wp-content\/uploads\/guerre.jpg","width":1280,"height":981},{"@type":"BreadcrumbList","@id":"https:\/\/publication-evangelique.com\/?page_id=7001#breadcrumb","itemListElement":[{"@type":"ListItem","position":1,"name":"Accueil","item":"https:\/\/publication-evangelique.com\/"},{"@type":"ListItem","position":2,"name":"Pr\u00e9par\u00e9 pour la guerre"}]},{"@type":"WebSite","@id":"https:\/\/publication-evangelique.com\/#website","url":"https:\/\/publication-evangelique.com\/","name":"Daniel Poulin - publication-evangelique.com","description":"Daniel Poulin","publisher":{"@id":"https:\/\/publication-evangelique.com\/#\/schema\/person\/a7aa86223ca614c8c1a737d18c95460c"},"potentialAction":[{"@type":"SearchAction","target":{"@type":"EntryPoint","urlTemplate":"https:\/\/publication-evangelique.com\/?s={search_term_string}"},"query-input":{"@type":"PropertyValueSpecification","valueRequired":true,"valueName":"search_term_string"}}],"inLanguage":"fr-FR"},{"@type":["Person","Organization"],"@id":"https:\/\/publication-evangelique.com\/#\/schema\/person\/a7aa86223ca614c8c1a737d18c95460c","name":"Daniel Poulin","image":{"@type":"ImageObject","inLanguage":"fr-FR","@id":"https:\/\/publication-evangelique.com\/wp-content\/uploads\/daniel5-1.jpg","url":"https:\/\/publication-evangelique.com\/wp-content\/uploads\/daniel5-1.jpg","contentUrl":"https:\/\/publication-evangelique.com\/wp-content\/uploads\/daniel5-1.jpg","width":833,"height":969,"caption":"Daniel Poulin"},"logo":{"@id":"https:\/\/publication-evangelique.com\/wp-content\/uploads\/daniel5-1.jpg"},"description":"Bonjour, ici Daniel Poulin! Je suis un chr\u00e9tien n\u00e9 de nouveau depuis 1980, ayant parcouru un cheminement avec le Seigneur J\u00e9sus-Christ, j'ai construit ce site afin de partager mes connaissances de la parole de Dieu \" La Bible \" Je travaille aussi au d\u00e9veloppement de la station de radio chr\u00e9tienne fran\u00e7aise \u00e0 Montr\u00e9al, \" La Radio Gospel \" que vous pouvez voir ici http:\/\/laradiogospel.ca Je fr\u00e9quente aussi une \u00e9glise, dont je pr\u00eache et j\u2019enseigne la parole de Dieu. La communaut\u00e9 \u00c9vang\u00e9lique de l'Agneau \" , voici l'adresse, http:\/\/communauteevangelique.ca\/","sameAs":["https:\/\/publication-evangelique.com","https:\/\/www.facebook.com\/danielpoulin75","https:\/\/www.linkedin.com\/in\/daniel-poulin-64614745\/","https:\/\/x.com\/https:\/\/twitter.com\/Daniel_Poulin","https:\/\/www.youtube.com\/user\/danielpoulin75\/videos"]}]}},"_links":{"self":[{"href":"https:\/\/publication-evangelique.com\/index.php?rest_route=\/wp\/v2\/pages\/7001","targetHints":{"allow":["GET"]}}],"collection":[{"href":"https:\/\/publication-evangelique.com\/index.php?rest_route=\/wp\/v2\/pages"}],"about":[{"href":"https:\/\/publication-evangelique.com\/index.php?rest_route=\/wp\/v2\/types\/page"}],"author":[{"embeddable":true,"href":"https:\/\/publication-evangelique.com\/index.php?rest_route=\/wp\/v2\/users\/1"}],"replies":[{"embeddable":true,"href":"https:\/\/publication-evangelique.com\/index.php?rest_route=%2Fwp%2Fv2%2Fcomments&post=7001"}],"version-history":[{"count":0,"href":"https:\/\/publication-evangelique.com\/index.php?rest_route=\/wp\/v2\/pages\/7001\/revisions"}],"wp:featuredmedia":[{"embeddable":true,"href":"https:\/\/publication-evangelique.com\/index.php?rest_route=\/wp\/v2\/media\/13194"}],"wp:attachment":[{"href":"https:\/\/publication-evangelique.com\/index.php?rest_route=%2Fwp%2Fv2%2Fmedia&parent=7001"}],"curies":[{"name":"wp","href":"https:\/\/api.w.org\/{rel}","templated":true}]}}