{"id":7247,"date":"2012-06-20T05:19:04","date_gmt":"2012-06-20T10:19:04","guid":{"rendered":"http:\/\/publication-evangelique.com\/?page_id=7247"},"modified":"2017-08-08T13:28:46","modified_gmt":"2017-08-08T18:28:46","slug":"lappel-aux-ministeres","status":"publish","type":"page","link":"https:\/\/publication-evangelique.com\/?page_id=7247","title":{"rendered":"L&rsquo;appel aux minist\u00e8res"},"content":{"rendered":"<p><strong>L&rsquo;appel aux minist\u00e8res!<\/strong><br \/>\nQuels sont les minist\u00e8res (service) que Dieu veut que nous mettions \u00e0 son service?<\/p>\n<p><strong>Les minist\u00e8res de base pour tout chr\u00e9tien<\/strong><\/p>\n<p>En suivant cette s\u00e9rie, vous apprendrez \u00e0 reconnaitre les diff\u00e9rents minist\u00e8res pour tous les chr\u00e9tiens!<\/p>\n<p>Vous pouvez \u00e9couter les messages en format MP3.<\/p>\n<p>1 &#8211; <a href= \" https:\/\/publication-evangelique.com\/?p=7243 \" > La pri\u00e8re, devenir un sacrificateur de Dieu<\/a><br \/>\n2 &#8211; <a href= \" https:\/\/publication-evangelique.com\/?p=7296 \" > La louange, devenir un chantre de l\u2019\u00c9ternel<\/a><br \/>\n3 &#8211; <a href= \" https:\/\/publication-evangelique.com\/?p=7371 \" > Un minist\u00e8re dans la vie s\u00e9culi\u00e8re, dans la soci\u00e9t\u00e9<\/a><br \/>\n4 &#8211; <a href= \" https:\/\/publication-evangelique.com\/?p=7398 \" > Un minist\u00e8re dans la vie s\u00e9culi\u00e8re, Le r\u00f4le et la responsabilit\u00e9 de l\u2019homme et d\u2019un mari<\/a><br \/>\n5 &#8211; <a href= \" https:\/\/publication-evangelique.com\/?p=7496 \" > Un minist\u00e8re dans la vie s\u00e9culi\u00e8re, Le r\u00f4le et la responsabilit\u00e9 de la femme de Dieu<\/a><br \/>\n6 &#8211; <a href= \" https:\/\/publication-evangelique.com\/?p=7518 \" > Un minist\u00e8re dans la vie s\u00e9culi\u00e8re, le r\u00f4le et responsabilit\u00e9 des parents et des enfants<\/a><br \/>\n7 &#8211; <a href= \" https:\/\/publication-evangelique.com\/?p=7548 \" > Un minist\u00e8re dans la vie s\u00e9culi\u00e8re, le r\u00f4le et responsabilit\u00e9 d\u2019un employeur<\/a><br \/>\n8 &#8211; <a href= \" https:\/\/publication-evangelique.com\/?p=7563 \" > Un minist\u00e8re dans la vie s\u00e9culi\u00e8re, le r\u00f4le et responsabilit\u00e9 d\u2019un employ\u00e9<\/a><br \/>\n9 &#8211; <a href= \" https:\/\/publication-evangelique.com\/?p=7617 \" > Un minist\u00e8re dans la vie s\u00e9culi\u00e8re, administrateur au service de Dieu<\/a><br \/>\n10 &#8211; <a href= \" https:\/\/publication-evangelique.com\/?p=7641 \" > Un minist\u00e8re dans la vie s\u00e9culi\u00e8re, t\u00e9moin de Christ<\/a><br \/>\n11 &#8211; <a href= \" https:\/\/publication-evangelique.com\/?p=7663 \" > Un minist\u00e8re dans la vie s\u00e9culi\u00e8re, marchez dans la sanctification<\/a><br \/>\n12 &#8211; <a href= \" https:\/\/publication-evangelique.com\/?p=7691 \" > Un minist\u00e8re dans la vie s\u00e9culi\u00e8re, \u00eatre un arbre fruitier<\/a><br \/>\n13 &#8211; <a href= \" https:\/\/publication-evangelique.com\/?p=7815 \" > Un minist\u00e8re dans la vie s\u00e9culi\u00e8re, Servir dans l\u2019\u00e9glise, d\u00e9velopper un centre de service<\/a><\/p>\n<p>&#8212;&#8212;&#8212;&#8212;&#8212;&#8212;&#8212;&#8212;&#8212;<\/p>\n<p>Note: A part d&rsquo;une mention sp\u00e9ciale, toutes les citations bibliques<br \/>\nsont tir\u00e9es du texte de la traduction; Louis Segond 1910.<br \/>\n\u00a9 Tout droit r\u00e9serv\u00e9<\/p>\n<p>Produit par : Daniel Poulin<br \/>\n\u00c9dit\u00e9 par : <a href= \" https:\/\/publication-evangelique.com \" >https:\/\/publication-evangelique.com<\/a><\/p>\n<p>Adresse de ce blogue : <a href= \" https:\/\/publication-evangelique.com\/?page_id=7247 \" >https:\/\/publication-evangelique.com\/?page_id=7247<\/a><\/p>\n","protected":false},"excerpt":{"rendered":"<p>L&rsquo;appel aux minist\u00e8res! Quels sont les minist\u00e8res (service) que Dieu veut que nous mettions \u00e0 son service? Les minist\u00e8res de base pour tout chr\u00e9tien En suivant cette s\u00e9rie, vous apprendrez \u00e0 reconnaitre les diff\u00e9rents minist\u00e8res pour tous les chr\u00e9tiens! Vous <span class=\"excerpt-dots\">&hellip;<\/span> <a class=\"more-link\" href=\"https:\/\/publication-evangelique.com\/?page_id=7247\"><span class=\"more-msg\">Lire la suite &rarr;<\/span><\/a><\/p>\n","protected":false},"author":1,"featured_media":12932,"parent":0,"menu_order":0,"comment_status":"open","ping_status":"open","template":"","meta":{"footnotes":""},"class_list":["post-7247","page","type-page","status-publish","has-post-thumbnail","hentry"],"yoast_head":"<!-- This site is optimized with the Yoast SEO plugin v27.5 - https:\/\/yoast.com\/product\/yoast-seo-wordpress\/ -->\n<title>L&#039;appel aux minist\u00e8res<\/title>\n<meta name=\"description\" content=\"Quels sont les minist\u00e8res (service) que Dieu veut que nous mettions \u00e0 son service? Les minist\u00e8res de base pour tout chr\u00e9tien\" \/>\n<meta name=\"robots\" content=\"index, follow, max-snippet:-1, max-image-preview:large, max-video-preview:-1\" \/>\n<link rel=\"canonical\" href=\"https:\/\/publication-evangelique.com\/?page_id=7247\" \/>\n<meta property=\"og:locale\" content=\"fr_FR\" \/>\n<meta property=\"og:type\" content=\"article\" \/>\n<meta property=\"og:title\" content=\"L&#039;appel aux minist\u00e8res\" \/>\n<meta property=\"og:description\" content=\"Quels sont les minist\u00e8res (service) que Dieu veut que nous mettions \u00e0 son service? Les minist\u00e8res de base pour tout chr\u00e9tien\" \/>\n<meta property=\"og:url\" content=\"https:\/\/publication-evangelique.com\/?page_id=7247\" \/>\n<meta property=\"og:site_name\" content=\"Publication \u00c9vang\u00e9lique\" \/>\n<meta property=\"article:publisher\" content=\"https:\/\/www.facebook.com\/danielpoulin75\" \/>\n<meta property=\"article:modified_time\" content=\"2017-08-08T18:28:46+00:00\" \/>\n<meta property=\"og:image\" content=\"https:\/\/publication-evangelique.com\/wp-content\/uploads\/1135.jpg\" \/>\n\t<meta property=\"og:image:width\" content=\"1280\" \/>\n\t<meta property=\"og:image:height\" content=\"960\" \/>\n\t<meta property=\"og:image:type\" content=\"image\/jpeg\" \/>\n<meta name=\"twitter:label1\" content=\"Dur\u00e9e de lecture estim\u00e9e\" \/>\n\t<meta name=\"twitter:data1\" content=\"2 minutes\" \/>\n<script type=\"application\/ld+json\" class=\"yoast-schema-graph\">{\"@context\":\"https:\\\/\\\/schema.org\",\"@graph\":[{\"@type\":\"WebPage\",\"@id\":\"https:\\\/\\\/publication-evangelique.com\\\/?page_id=7247\",\"url\":\"https:\\\/\\\/publication-evangelique.com\\\/?page_id=7247\",\"name\":\"L'appel aux minist\u00e8res\",\"isPartOf\":{\"@id\":\"https:\\\/\\\/publication-evangelique.com\\\/#website\"},\"primaryImageOfPage\":{\"@id\":\"https:\\\/\\\/publication-evangelique.com\\\/?page_id=7247#primaryimage\"},\"image\":{\"@id\":\"https:\\\/\\\/publication-evangelique.com\\\/?page_id=7247#primaryimage\"},\"thumbnailUrl\":\"https:\\\/\\\/publication-evangelique.com\\\/wp-content\\\/uploads\\\/1135.jpg\",\"datePublished\":\"2012-06-20T10:19:04+00:00\",\"dateModified\":\"2017-08-08T18:28:46+00:00\",\"description\":\"Quels sont les minist\u00e8res (service) que Dieu veut que nous mettions \u00e0 son service? Les minist\u00e8res de base pour tout chr\u00e9tien\",\"breadcrumb\":{\"@id\":\"https:\\\/\\\/publication-evangelique.com\\\/?page_id=7247#breadcrumb\"},\"inLanguage\":\"fr-FR\",\"potentialAction\":[{\"@type\":\"ReadAction\",\"target\":[\"https:\\\/\\\/publication-evangelique.com\\\/?page_id=7247\"]}]},{\"@type\":\"ImageObject\",\"inLanguage\":\"fr-FR\",\"@id\":\"https:\\\/\\\/publication-evangelique.com\\\/?page_id=7247#primaryimage\",\"url\":\"https:\\\/\\\/publication-evangelique.com\\\/wp-content\\\/uploads\\\/1135.jpg\",\"contentUrl\":\"https:\\\/\\\/publication-evangelique.com\\\/wp-content\\\/uploads\\\/1135.jpg\",\"width\":1280,\"height\":960},{\"@type\":\"BreadcrumbList\",\"@id\":\"https:\\\/\\\/publication-evangelique.com\\\/?page_id=7247#breadcrumb\",\"itemListElement\":[{\"@type\":\"ListItem\",\"position\":1,\"name\":\"Accueil\",\"item\":\"https:\\\/\\\/publication-evangelique.com\\\/\"},{\"@type\":\"ListItem\",\"position\":2,\"name\":\"L&rsquo;appel aux minist\u00e8res\"}]},{\"@type\":\"WebSite\",\"@id\":\"https:\\\/\\\/publication-evangelique.com\\\/#website\",\"url\":\"https:\\\/\\\/publication-evangelique.com\\\/\",\"name\":\"Daniel Poulin - publication-evangelique.com\",\"description\":\"Daniel Poulin\",\"publisher\":{\"@id\":\"https:\\\/\\\/publication-evangelique.com\\\/#\\\/schema\\\/person\\\/a7aa86223ca614c8c1a737d18c95460c\"},\"potentialAction\":[{\"@type\":\"SearchAction\",\"target\":{\"@type\":\"EntryPoint\",\"urlTemplate\":\"https:\\\/\\\/publication-evangelique.com\\\/?s={search_term_string}\"},\"query-input\":{\"@type\":\"PropertyValueSpecification\",\"valueRequired\":true,\"valueName\":\"search_term_string\"}}],\"inLanguage\":\"fr-FR\"},{\"@type\":[\"Person\",\"Organization\"],\"@id\":\"https:\\\/\\\/publication-evangelique.com\\\/#\\\/schema\\\/person\\\/a7aa86223ca614c8c1a737d18c95460c\",\"name\":\"Daniel Poulin\",\"image\":{\"@type\":\"ImageObject\",\"inLanguage\":\"fr-FR\",\"@id\":\"https:\\\/\\\/publication-evangelique.com\\\/wp-content\\\/uploads\\\/daniel5-1.jpg\",\"url\":\"https:\\\/\\\/publication-evangelique.com\\\/wp-content\\\/uploads\\\/daniel5-1.jpg\",\"contentUrl\":\"https:\\\/\\\/publication-evangelique.com\\\/wp-content\\\/uploads\\\/daniel5-1.jpg\",\"width\":833,\"height\":969,\"caption\":\"Daniel Poulin\"},\"logo\":{\"@id\":\"https:\\\/\\\/publication-evangelique.com\\\/wp-content\\\/uploads\\\/daniel5-1.jpg\"},\"description\":\"Bonjour, ici Daniel Poulin! Je suis un chr\u00e9tien n\u00e9 de nouveau depuis 1980, ayant parcouru un cheminement avec le Seigneur J\u00e9sus-Christ, j'ai construit ce site afin de partager mes connaissances de la parole de Dieu \\\" La Bible \\\" Je travaille aussi au d\u00e9veloppement de la station de radio chr\u00e9tienne fran\u00e7aise \u00e0 Montr\u00e9al, \\\" La Radio Gospel \\\" que vous pouvez voir ici http:\\\/\\\/laradiogospel.ca Je fr\u00e9quente aussi une \u00e9glise, dont je pr\u00eache et j\u2019enseigne la parole de Dieu. La communaut\u00e9 \u00c9vang\u00e9lique de l'Agneau \\\" , voici l'adresse, http:\\\/\\\/communauteevangelique.ca\\\/\",\"sameAs\":[\"https:\\\/\\\/publication-evangelique.com\",\"https:\\\/\\\/www.facebook.com\\\/danielpoulin75\",\"https:\\\/\\\/www.linkedin.com\\\/in\\\/daniel-poulin-64614745\\\/\",\"https:\\\/\\\/x.com\\\/https:\\\/\\\/twitter.com\\\/Daniel_Poulin\",\"https:\\\/\\\/www.youtube.com\\\/user\\\/danielpoulin75\\\/videos\"]}]}<\/script>\n<!-- \/ Yoast SEO plugin. -->","yoast_head_json":{"title":"L'appel aux minist\u00e8res","description":"Quels sont les minist\u00e8res (service) que Dieu veut que nous mettions \u00e0 son service? Les minist\u00e8res de base pour tout chr\u00e9tien","robots":{"index":"index","follow":"follow","max-snippet":"max-snippet:-1","max-image-preview":"max-image-preview:large","max-video-preview":"max-video-preview:-1"},"canonical":"https:\/\/publication-evangelique.com\/?page_id=7247","og_locale":"fr_FR","og_type":"article","og_title":"L'appel aux minist\u00e8res","og_description":"Quels sont les minist\u00e8res (service) que Dieu veut que nous mettions \u00e0 son service? Les minist\u00e8res de base pour tout chr\u00e9tien","og_url":"https:\/\/publication-evangelique.com\/?page_id=7247","og_site_name":"Publication \u00c9vang\u00e9lique","article_publisher":"https:\/\/www.facebook.com\/danielpoulin75","article_modified_time":"2017-08-08T18:28:46+00:00","og_image":[{"width":1280,"height":960,"url":"https:\/\/publication-evangelique.com\/wp-content\/uploads\/1135.jpg","type":"image\/jpeg"}],"twitter_misc":{"Dur\u00e9e de lecture estim\u00e9e":"2 minutes"},"schema":{"@context":"https:\/\/schema.org","@graph":[{"@type":"WebPage","@id":"https:\/\/publication-evangelique.com\/?page_id=7247","url":"https:\/\/publication-evangelique.com\/?page_id=7247","name":"L'appel aux minist\u00e8res","isPartOf":{"@id":"https:\/\/publication-evangelique.com\/#website"},"primaryImageOfPage":{"@id":"https:\/\/publication-evangelique.com\/?page_id=7247#primaryimage"},"image":{"@id":"https:\/\/publication-evangelique.com\/?page_id=7247#primaryimage"},"thumbnailUrl":"https:\/\/publication-evangelique.com\/wp-content\/uploads\/1135.jpg","datePublished":"2012-06-20T10:19:04+00:00","dateModified":"2017-08-08T18:28:46+00:00","description":"Quels sont les minist\u00e8res (service) que Dieu veut que nous mettions \u00e0 son service? Les minist\u00e8res de base pour tout chr\u00e9tien","breadcrumb":{"@id":"https:\/\/publication-evangelique.com\/?page_id=7247#breadcrumb"},"inLanguage":"fr-FR","potentialAction":[{"@type":"ReadAction","target":["https:\/\/publication-evangelique.com\/?page_id=7247"]}]},{"@type":"ImageObject","inLanguage":"fr-FR","@id":"https:\/\/publication-evangelique.com\/?page_id=7247#primaryimage","url":"https:\/\/publication-evangelique.com\/wp-content\/uploads\/1135.jpg","contentUrl":"https:\/\/publication-evangelique.com\/wp-content\/uploads\/1135.jpg","width":1280,"height":960},{"@type":"BreadcrumbList","@id":"https:\/\/publication-evangelique.com\/?page_id=7247#breadcrumb","itemListElement":[{"@type":"ListItem","position":1,"name":"Accueil","item":"https:\/\/publication-evangelique.com\/"},{"@type":"ListItem","position":2,"name":"L&rsquo;appel aux minist\u00e8res"}]},{"@type":"WebSite","@id":"https:\/\/publication-evangelique.com\/#website","url":"https:\/\/publication-evangelique.com\/","name":"Daniel Poulin - publication-evangelique.com","description":"Daniel Poulin","publisher":{"@id":"https:\/\/publication-evangelique.com\/#\/schema\/person\/a7aa86223ca614c8c1a737d18c95460c"},"potentialAction":[{"@type":"SearchAction","target":{"@type":"EntryPoint","urlTemplate":"https:\/\/publication-evangelique.com\/?s={search_term_string}"},"query-input":{"@type":"PropertyValueSpecification","valueRequired":true,"valueName":"search_term_string"}}],"inLanguage":"fr-FR"},{"@type":["Person","Organization"],"@id":"https:\/\/publication-evangelique.com\/#\/schema\/person\/a7aa86223ca614c8c1a737d18c95460c","name":"Daniel Poulin","image":{"@type":"ImageObject","inLanguage":"fr-FR","@id":"https:\/\/publication-evangelique.com\/wp-content\/uploads\/daniel5-1.jpg","url":"https:\/\/publication-evangelique.com\/wp-content\/uploads\/daniel5-1.jpg","contentUrl":"https:\/\/publication-evangelique.com\/wp-content\/uploads\/daniel5-1.jpg","width":833,"height":969,"caption":"Daniel Poulin"},"logo":{"@id":"https:\/\/publication-evangelique.com\/wp-content\/uploads\/daniel5-1.jpg"},"description":"Bonjour, ici Daniel Poulin! Je suis un chr\u00e9tien n\u00e9 de nouveau depuis 1980, ayant parcouru un cheminement avec le Seigneur J\u00e9sus-Christ, j'ai construit ce site afin de partager mes connaissances de la parole de Dieu \" La Bible \" Je travaille aussi au d\u00e9veloppement de la station de radio chr\u00e9tienne fran\u00e7aise \u00e0 Montr\u00e9al, \" La Radio Gospel \" que vous pouvez voir ici http:\/\/laradiogospel.ca Je fr\u00e9quente aussi une \u00e9glise, dont je pr\u00eache et j\u2019enseigne la parole de Dieu. La communaut\u00e9 \u00c9vang\u00e9lique de l'Agneau \" , voici l'adresse, http:\/\/communauteevangelique.ca\/","sameAs":["https:\/\/publication-evangelique.com","https:\/\/www.facebook.com\/danielpoulin75","https:\/\/www.linkedin.com\/in\/daniel-poulin-64614745\/","https:\/\/x.com\/https:\/\/twitter.com\/Daniel_Poulin","https:\/\/www.youtube.com\/user\/danielpoulin75\/videos"]}]}},"_links":{"self":[{"href":"https:\/\/publication-evangelique.com\/index.php?rest_route=\/wp\/v2\/pages\/7247","targetHints":{"allow":["GET"]}}],"collection":[{"href":"https:\/\/publication-evangelique.com\/index.php?rest_route=\/wp\/v2\/pages"}],"about":[{"href":"https:\/\/publication-evangelique.com\/index.php?rest_route=\/wp\/v2\/types\/page"}],"author":[{"embeddable":true,"href":"https:\/\/publication-evangelique.com\/index.php?rest_route=\/wp\/v2\/users\/1"}],"replies":[{"embeddable":true,"href":"https:\/\/publication-evangelique.com\/index.php?rest_route=%2Fwp%2Fv2%2Fcomments&post=7247"}],"version-history":[{"count":0,"href":"https:\/\/publication-evangelique.com\/index.php?rest_route=\/wp\/v2\/pages\/7247\/revisions"}],"wp:featuredmedia":[{"embeddable":true,"href":"https:\/\/publication-evangelique.com\/index.php?rest_route=\/wp\/v2\/media\/12932"}],"wp:attachment":[{"href":"https:\/\/publication-evangelique.com\/index.php?rest_route=%2Fwp%2Fv2%2Fmedia&parent=7247"}],"curies":[{"name":"wp","href":"https:\/\/api.w.org\/{rel}","templated":true}]}}