{"id":8887,"date":"2013-09-12T12:03:12","date_gmt":"2013-09-12T17:03:12","guid":{"rendered":"http:\/\/publication-evangelique.com\/?page_id=8887"},"modified":"2014-07-18T17:34:55","modified_gmt":"2014-07-18T22:34:55","slug":"les-dons-spirituels","status":"publish","type":"page","link":"https:\/\/publication-evangelique.com\/?page_id=8887","title":{"rendered":"Les dons spirituels"},"content":{"rendered":"<p><img class= \" alignleft \" title= \" 1094 \" alt= \" \" src= \" https:\/\/publication-evangelique.com\/images\/wp\/1094.jpg \" width= \" 250 \" height= \" 200 \" \/><br \/>\nNous allons \u00e9tudier ce que la Bible enseigne sur les <strong>dons spirituels<\/strong>, leurs utilit\u00e9s, et comment laisser le <strong>Saint-Esprit<\/strong> agir au travers de nous.<\/p>\n<p>Le <strong>Saint-Esprit<\/strong> veut agir encore aujourd\u2019hui, il s&rsquo;attend que les rachet\u00e9s soient \u00e0 la recherche de sa gloire.<\/p>\n<h3>Les dons spirituels<\/h3>\n<p>Vous pouvez aussi les \u00e9couter en MP3.<\/p>\n<p>&#8211; 1 &#8211; <a href= \" https:\/\/publication-evangelique.com\/?p=8884 \" >Survol de l\u2019utilit\u00e9 et le but des dons spirituels<\/a><br \/>\n&#8211; 2 &#8211; <a href= \" https:\/\/publication-evangelique.com\/?p=8911 \" >Un bon enseignement pour un bon exercice des dons spirituels<\/a><br \/>\n&#8211; 3 &#8211; <a href= \" https:\/\/publication-evangelique.com\/?p=8930 \" >D\u2019o\u00f9 viennent les dons spirituels?<\/a><br \/>\n&#8211; 4 &#8211; <a href= \" https:\/\/publication-evangelique.com\/?p=8942 \" >La manifestation du Saint-Esprit dans le Nouveau Testament<\/a><br \/>\n&#8211; 5 &#8211; <a href= \" https:\/\/publication-evangelique.com\/?p=8954 \" >Comment recevoir et manifester les dons spirituels?<\/a><br \/>\n&#8211; 6 &#8211; <a href= \" https:\/\/publication-evangelique.com\/?p=8984 \" >Comment le Saint-Esprit et les dons ont-ils \u00e9t\u00e9 distribu\u00e9s?<\/a><br \/>\n&#8211; 7 &#8211; <a href= \" https:\/\/publication-evangelique.com\/?p=9001 \" >Comment dois-je aspirer \u00e0 poss\u00e9der plus de dons spirituels?<\/a><br \/>\n&#8211; 8 &#8211; <a href= \" https:\/\/publication-evangelique.com\/?p=9018 \" >\u00c0 quoi servent les dons dans l\u2019\u00e9glise?<\/a><br \/>\n&#8211; 9 &#8211; <a href= \" https:\/\/publication-evangelique.com\/?p=9041 \" >\u00c0 quoi servent les dons dans le t\u00e9moignage?<\/a><br \/>\n&#8211; 10 &#8211; <a href= \" https:\/\/publication-evangelique.com\/?p=9071 \" >Dieu nous a incit\u00e9 \u00e0 recherchez sa puissance et ses dons<\/a><br \/>\n&#8211; 11 &#8211; <a href= \" https:\/\/publication-evangelique.com\/?p=9083 \" >Dans quelle disposition devrions-nous exercer les dons?<\/a><br \/>\n&#8211; 12 &#8211; <a href= \" https:\/\/publication-evangelique.com\/?p=9175 \" >Ce qui peut emp\u00eacher la manifestation des dons spirituels<\/a><br \/>\n&#8211; 13 &#8211; <a href= \" https:\/\/publication-evangelique.com\/?p=9196 \" >Ce qui peut emp\u00eacher la manifestation des dons spirituels &#8211; 2e partie<\/a><br \/>\n&#8211; 14 &#8211; <a href= \" https:\/\/publication-evangelique.com\/?p=9219 \" >Ce qui peut emp\u00eacher la manifestation des dons spirituels &#8211; 3e partie<\/a><br \/>\n&#8211; 15 &#8211; <a href= \" https:\/\/publication-evangelique.com\/?p=9233 \" >Ce qui peut emp\u00eacher la manifestation des dons spirituels &#8211; 4e partie<\/a><br \/>\n&#8211; 16 &#8211; <a href= \" https:\/\/publication-evangelique.com\/?p=9280 \" >Les diff\u00e9rentes actions de l\u2019Esprit dans le chr\u00e9tien.<\/a><br \/>\n&#8211; 16 &#8211; <a href= \" https:\/\/publication-evangelique.com\/?p=9296 \" >Dons spirituels \u2013 Les paroles de sagesse<\/a><br \/>\n&#8211; 17 &#8211; <a href= \" https:\/\/publication-evangelique.com\/?p=9329 \" >Dons spirituels \u2013 Les paroles de connaissance<\/a><br \/>\n&#8211; 18 &#8211; <a href= \" https:\/\/publication-evangelique.com\/?p=9343 \" >Dons spirituels \u2013 La foi<\/a><br \/>\n&#8211; 19 &#8211; <a href= \" https:\/\/publication-evangelique.com\/?p=9441 \" >Dons spirituels \u2013 Le don des gu\u00e9risons<\/a><br \/>\n&#8211; 20 &#8211; <a href= \" https:\/\/publication-evangelique.com\/?p=9455 \" >Dons spirituels \u2013 Le don d\u2019op\u00e9rer des miracles<\/a><br \/>\n&#8211; 21 &#8211; <a href= \" https:\/\/publication-evangelique.com\/?p=9461 \" >Dons spirituels \u2013 Le don de proph\u00e9tie<\/a><br \/>\n&#8211; 22 &#8211; <a href= \" https:\/\/publication-evangelique.com\/?p=9470 \" >Dons spirituels \u2013 Le discernement des esprits<\/a><br \/>\n&#8211; 23 &#8211; <a href= \" https:\/\/publication-evangelique.com\/?p=9492 \" >Dons spirituels \u2013 La diversit\u00e9 des langues et l\u2019interpr\u00e9tation des langues<\/a><br \/>\n&#8211; 24 &#8211; <a href= \" https:\/\/publication-evangelique.com\/?p=9514 \" >Petite pr\u00e9cision sur la manifestation des dons spirituels<\/a><br \/>\n&#8211; 25 &#8211; <a href= \" https:\/\/publication-evangelique.com\/?p=9522 \" >Les dons de service<\/a><br \/>\n&#8211; 26 &#8211; <a href= \" https:\/\/publication-evangelique.com\/?p=9533 \" >Les dons de service \u2013 les mis\u00e9ricordieux<\/a><br \/>\n&#8211; 27 &#8211; <a href= \" https:\/\/publication-evangelique.com\/?p=9552 \" >Les dons de service \u2013 l\u2019hospitalit\u00e9<\/a><br \/>\n&#8211; 28 &#8211; <a href= \" https:\/\/publication-evangelique.com\/?p=9563 \" >Les dons de service \u2013 dans l\u2019entraide mutuelle<\/a><br \/>\n&#8211; 29 &#8211; <a href= \" https:\/\/publication-evangelique.com\/?p=9577 \" >Les dons de service \u2013 dans l\u2019\u00e9glise<\/a><br \/>\n&#8211; 30 &#8211; <a href= \" https:\/\/publication-evangelique.com\/?p=9596 \" >Les dons de service \u2013 combattre dans la pri\u00e8re pour les autres<\/a><br \/>\n&#8211; 31 &#8211; <a href= \" https:\/\/publication-evangelique.com\/?p=9609 \" >Les Dons de service &#8211; dans les chants et la musique<\/a><br \/>\n&#8211; 32 &#8211; <a href= \" https:\/\/publication-evangelique.com\/?p=9636 \" >Les Dons de service &#8211; dans la lib\u00e9ralit\u00e9<\/a><br \/>\n&#8211; 33 &#8211; <a href= \" https:\/\/publication-evangelique.com\/?p=9672 \" >Le don de service \u2013 dans le t\u00e9moignage personnel, l\u2019\u00e9vang\u00e9lisation<\/a><br \/>\n&#8211; 34 &#8211; <a href= \" https:\/\/publication-evangelique.com\/?p=9697 \" >Le don de service \u2013 le don de diriger<\/a><br \/>\n&#8211; 35 &#8211; <a href= \" https:\/\/publication-evangelique.com\/?p=9712 \" >Le don minist\u00e8re \u2013 d\u2019Ap\u00f4tre<\/a><br \/>\n&#8211; 36 &#8211; <a href= \" https:\/\/publication-evangelique.com\/?p=9735 \" >Le don minist\u00e8re \u2013 Proph\u00e8te<\/a><br \/>\n&#8211; 37 &#8211; <a href= \" https:\/\/publication-evangelique.com\/?p=9748 \" >Le don minist\u00e8re \u2013 \u00c9vang\u00e9liste<\/a><br \/>\n&#8211; 38 &#8211; <a href= \" https:\/\/publication-evangelique.com\/?p=9762 \" >Le don minist\u00e8re \u2013 Pasteur<\/a><br \/>\n&#8211; 39 &#8211; <a href= \" https:\/\/publication-evangelique.com\/?p=9780 \" >Le don minist\u00e8re \u2013 Docteur<\/a><\/p>\n<p>&#8212;&#8212;&#8212;&#8212;&#8212;&#8212;&#8212;&#8212;&#8212;<\/p>\n<p>Produit par: Daniel Poulin<br \/>\n\u00c9dit\u00e9 par: <a title= \" https:\/\/publication-evangelique.com \" href= \" https:\/\/publication-evangelique.com \" target= \" _blank \" >https:\/\/publication-evangelique.com<\/a><\/p>\n<p><strong>Adresse de ce blogue :<\/strong> <a href= \" https:\/\/publication-evangelique.com\/?page_id=1801 \" > https:\/\/publication-evangelique.com\/?page_id=8887<\/a><\/p>\n","protected":false},"excerpt":{"rendered":"<p>Nous allons \u00e9tudier ce que la Bible enseigne sur les dons spirituels, leurs utilit\u00e9s, et comment laisser le Saint-Esprit agir au travers de nous. Le Saint-Esprit veut agir encore aujourd\u2019hui, il s&rsquo;attend que les rachet\u00e9s soient \u00e0 la recherche de <span class=\"excerpt-dots\">&hellip;<\/span> <a class=\"more-link\" href=\"https:\/\/publication-evangelique.com\/?page_id=8887\"><span class=\"more-msg\">Lire la suite &rarr;<\/span><\/a><\/p>\n","protected":false},"author":1,"featured_media":0,"parent":0,"menu_order":0,"comment_status":"open","ping_status":"open","template":"","meta":{"footnotes":""},"class_list":["post-8887","page","type-page","status-publish","hentry"],"yoast_head":"<!-- This site is optimized with the Yoast SEO plugin v27.5 - https:\/\/yoast.com\/product\/yoast-seo-wordpress\/ -->\n<title>Les dons spirituels - Publication \u00c9vang\u00e9lique<\/title>\n<meta name=\"description\" content=\"Nous allons \u00e9tudier ce que la Bible enseigne sur les dons spirituels, leurs utilit\u00e9s, et comment laisser le Saint-Esprit agir au travers de nous.\" \/>\n<meta name=\"robots\" content=\"index, follow, max-snippet:-1, max-image-preview:large, max-video-preview:-1\" \/>\n<link rel=\"canonical\" href=\"https:\/\/publication-evangelique.com\/?page_id=8887\" \/>\n<meta property=\"og:locale\" content=\"fr_FR\" \/>\n<meta property=\"og:type\" content=\"article\" \/>\n<meta property=\"og:title\" content=\"Les dons spirituels - Publication \u00c9vang\u00e9lique\" \/>\n<meta property=\"og:description\" content=\"Nous allons \u00e9tudier ce que la Bible enseigne sur les dons spirituels, leurs utilit\u00e9s, et comment laisser le Saint-Esprit agir au travers de nous.\" \/>\n<meta property=\"og:url\" content=\"https:\/\/publication-evangelique.com\/?page_id=8887\" \/>\n<meta property=\"og:site_name\" content=\"Publication \u00c9vang\u00e9lique\" \/>\n<meta property=\"article:publisher\" content=\"https:\/\/www.facebook.com\/danielpoulin75\" \/>\n<meta property=\"article:modified_time\" content=\"2014-07-18T22:34:55+00:00\" \/>\n<meta property=\"og:image\" content=\"https:\/\/publication-evangelique.com\/images\/wp\/1094.jpg\" \/>\n<meta name=\"twitter:label1\" content=\"Dur\u00e9e de lecture estim\u00e9e\" \/>\n\t<meta name=\"twitter:data1\" content=\"2 minutes\" \/>\n<script type=\"application\/ld+json\" class=\"yoast-schema-graph\">{\"@context\":\"https:\\\/\\\/schema.org\",\"@graph\":[{\"@type\":\"WebPage\",\"@id\":\"https:\\\/\\\/publication-evangelique.com\\\/?page_id=8887\",\"url\":\"https:\\\/\\\/publication-evangelique.com\\\/?page_id=8887\",\"name\":\"Les dons spirituels - Publication \u00c9vang\u00e9lique\",\"isPartOf\":{\"@id\":\"https:\\\/\\\/publication-evangelique.com\\\/#website\"},\"datePublished\":\"2013-09-12T17:03:12+00:00\",\"dateModified\":\"2014-07-18T22:34:55+00:00\",\"description\":\"Nous allons \u00e9tudier ce que la Bible enseigne sur les dons spirituels, leurs utilit\u00e9s, et comment laisser le Saint-Esprit agir au travers de nous.\",\"breadcrumb\":{\"@id\":\"https:\\\/\\\/publication-evangelique.com\\\/?page_id=8887#breadcrumb\"},\"inLanguage\":\"fr-FR\",\"potentialAction\":[{\"@type\":\"ReadAction\",\"target\":[\"https:\\\/\\\/publication-evangelique.com\\\/?page_id=8887\"]}]},{\"@type\":\"BreadcrumbList\",\"@id\":\"https:\\\/\\\/publication-evangelique.com\\\/?page_id=8887#breadcrumb\",\"itemListElement\":[{\"@type\":\"ListItem\",\"position\":1,\"name\":\"Accueil\",\"item\":\"https:\\\/\\\/publication-evangelique.com\\\/\"},{\"@type\":\"ListItem\",\"position\":2,\"name\":\"Les dons spirituels\"}]},{\"@type\":\"WebSite\",\"@id\":\"https:\\\/\\\/publication-evangelique.com\\\/#website\",\"url\":\"https:\\\/\\\/publication-evangelique.com\\\/\",\"name\":\"Daniel Poulin - publication-evangelique.com\",\"description\":\"Daniel Poulin\",\"publisher\":{\"@id\":\"https:\\\/\\\/publication-evangelique.com\\\/#\\\/schema\\\/person\\\/a7aa86223ca614c8c1a737d18c95460c\"},\"potentialAction\":[{\"@type\":\"SearchAction\",\"target\":{\"@type\":\"EntryPoint\",\"urlTemplate\":\"https:\\\/\\\/publication-evangelique.com\\\/?s={search_term_string}\"},\"query-input\":{\"@type\":\"PropertyValueSpecification\",\"valueRequired\":true,\"valueName\":\"search_term_string\"}}],\"inLanguage\":\"fr-FR\"},{\"@type\":[\"Person\",\"Organization\"],\"@id\":\"https:\\\/\\\/publication-evangelique.com\\\/#\\\/schema\\\/person\\\/a7aa86223ca614c8c1a737d18c95460c\",\"name\":\"Daniel Poulin\",\"image\":{\"@type\":\"ImageObject\",\"inLanguage\":\"fr-FR\",\"@id\":\"https:\\\/\\\/publication-evangelique.com\\\/wp-content\\\/uploads\\\/daniel5-1.jpg\",\"url\":\"https:\\\/\\\/publication-evangelique.com\\\/wp-content\\\/uploads\\\/daniel5-1.jpg\",\"contentUrl\":\"https:\\\/\\\/publication-evangelique.com\\\/wp-content\\\/uploads\\\/daniel5-1.jpg\",\"width\":833,\"height\":969,\"caption\":\"Daniel Poulin\"},\"logo\":{\"@id\":\"https:\\\/\\\/publication-evangelique.com\\\/wp-content\\\/uploads\\\/daniel5-1.jpg\"},\"description\":\"Bonjour, ici Daniel Poulin! Je suis un chr\u00e9tien n\u00e9 de nouveau depuis 1980, ayant parcouru un cheminement avec le Seigneur J\u00e9sus-Christ, j'ai construit ce site afin de partager mes connaissances de la parole de Dieu \\\" La Bible \\\" Je travaille aussi au d\u00e9veloppement de la station de radio chr\u00e9tienne fran\u00e7aise \u00e0 Montr\u00e9al, \\\" La Radio Gospel \\\" que vous pouvez voir ici http:\\\/\\\/laradiogospel.ca Je fr\u00e9quente aussi une \u00e9glise, dont je pr\u00eache et j\u2019enseigne la parole de Dieu. La communaut\u00e9 \u00c9vang\u00e9lique de l'Agneau \\\" , voici l'adresse, http:\\\/\\\/communauteevangelique.ca\\\/\",\"sameAs\":[\"https:\\\/\\\/publication-evangelique.com\",\"https:\\\/\\\/www.facebook.com\\\/danielpoulin75\",\"https:\\\/\\\/www.linkedin.com\\\/in\\\/daniel-poulin-64614745\\\/\",\"https:\\\/\\\/x.com\\\/https:\\\/\\\/twitter.com\\\/Daniel_Poulin\",\"https:\\\/\\\/www.youtube.com\\\/user\\\/danielpoulin75\\\/videos\"]}]}<\/script>\n<!-- \/ Yoast SEO plugin. -->","yoast_head_json":{"title":"Les dons spirituels - Publication \u00c9vang\u00e9lique","description":"Nous allons \u00e9tudier ce que la Bible enseigne sur les dons spirituels, leurs utilit\u00e9s, et comment laisser le Saint-Esprit agir au travers de nous.","robots":{"index":"index","follow":"follow","max-snippet":"max-snippet:-1","max-image-preview":"max-image-preview:large","max-video-preview":"max-video-preview:-1"},"canonical":"https:\/\/publication-evangelique.com\/?page_id=8887","og_locale":"fr_FR","og_type":"article","og_title":"Les dons spirituels - Publication \u00c9vang\u00e9lique","og_description":"Nous allons \u00e9tudier ce que la Bible enseigne sur les dons spirituels, leurs utilit\u00e9s, et comment laisser le Saint-Esprit agir au travers de nous.","og_url":"https:\/\/publication-evangelique.com\/?page_id=8887","og_site_name":"Publication \u00c9vang\u00e9lique","article_publisher":"https:\/\/www.facebook.com\/danielpoulin75","article_modified_time":"2014-07-18T22:34:55+00:00","og_image":[{"url":"https:\/\/publication-evangelique.com\/images\/wp\/1094.jpg","type":"","width":"","height":""}],"twitter_misc":{"Dur\u00e9e de lecture estim\u00e9e":"2 minutes"},"schema":{"@context":"https:\/\/schema.org","@graph":[{"@type":"WebPage","@id":"https:\/\/publication-evangelique.com\/?page_id=8887","url":"https:\/\/publication-evangelique.com\/?page_id=8887","name":"Les dons spirituels - Publication \u00c9vang\u00e9lique","isPartOf":{"@id":"https:\/\/publication-evangelique.com\/#website"},"datePublished":"2013-09-12T17:03:12+00:00","dateModified":"2014-07-18T22:34:55+00:00","description":"Nous allons \u00e9tudier ce que la Bible enseigne sur les dons spirituels, leurs utilit\u00e9s, et comment laisser le Saint-Esprit agir au travers de nous.","breadcrumb":{"@id":"https:\/\/publication-evangelique.com\/?page_id=8887#breadcrumb"},"inLanguage":"fr-FR","potentialAction":[{"@type":"ReadAction","target":["https:\/\/publication-evangelique.com\/?page_id=8887"]}]},{"@type":"BreadcrumbList","@id":"https:\/\/publication-evangelique.com\/?page_id=8887#breadcrumb","itemListElement":[{"@type":"ListItem","position":1,"name":"Accueil","item":"https:\/\/publication-evangelique.com\/"},{"@type":"ListItem","position":2,"name":"Les dons spirituels"}]},{"@type":"WebSite","@id":"https:\/\/publication-evangelique.com\/#website","url":"https:\/\/publication-evangelique.com\/","name":"Daniel Poulin - publication-evangelique.com","description":"Daniel Poulin","publisher":{"@id":"https:\/\/publication-evangelique.com\/#\/schema\/person\/a7aa86223ca614c8c1a737d18c95460c"},"potentialAction":[{"@type":"SearchAction","target":{"@type":"EntryPoint","urlTemplate":"https:\/\/publication-evangelique.com\/?s={search_term_string}"},"query-input":{"@type":"PropertyValueSpecification","valueRequired":true,"valueName":"search_term_string"}}],"inLanguage":"fr-FR"},{"@type":["Person","Organization"],"@id":"https:\/\/publication-evangelique.com\/#\/schema\/person\/a7aa86223ca614c8c1a737d18c95460c","name":"Daniel Poulin","image":{"@type":"ImageObject","inLanguage":"fr-FR","@id":"https:\/\/publication-evangelique.com\/wp-content\/uploads\/daniel5-1.jpg","url":"https:\/\/publication-evangelique.com\/wp-content\/uploads\/daniel5-1.jpg","contentUrl":"https:\/\/publication-evangelique.com\/wp-content\/uploads\/daniel5-1.jpg","width":833,"height":969,"caption":"Daniel Poulin"},"logo":{"@id":"https:\/\/publication-evangelique.com\/wp-content\/uploads\/daniel5-1.jpg"},"description":"Bonjour, ici Daniel Poulin! Je suis un chr\u00e9tien n\u00e9 de nouveau depuis 1980, ayant parcouru un cheminement avec le Seigneur J\u00e9sus-Christ, j'ai construit ce site afin de partager mes connaissances de la parole de Dieu \" La Bible \" Je travaille aussi au d\u00e9veloppement de la station de radio chr\u00e9tienne fran\u00e7aise \u00e0 Montr\u00e9al, \" La Radio Gospel \" que vous pouvez voir ici http:\/\/laradiogospel.ca Je fr\u00e9quente aussi une \u00e9glise, dont je pr\u00eache et j\u2019enseigne la parole de Dieu. La communaut\u00e9 \u00c9vang\u00e9lique de l'Agneau \" , voici l'adresse, http:\/\/communauteevangelique.ca\/","sameAs":["https:\/\/publication-evangelique.com","https:\/\/www.facebook.com\/danielpoulin75","https:\/\/www.linkedin.com\/in\/daniel-poulin-64614745\/","https:\/\/x.com\/https:\/\/twitter.com\/Daniel_Poulin","https:\/\/www.youtube.com\/user\/danielpoulin75\/videos"]}]}},"_links":{"self":[{"href":"https:\/\/publication-evangelique.com\/index.php?rest_route=\/wp\/v2\/pages\/8887","targetHints":{"allow":["GET"]}}],"collection":[{"href":"https:\/\/publication-evangelique.com\/index.php?rest_route=\/wp\/v2\/pages"}],"about":[{"href":"https:\/\/publication-evangelique.com\/index.php?rest_route=\/wp\/v2\/types\/page"}],"author":[{"embeddable":true,"href":"https:\/\/publication-evangelique.com\/index.php?rest_route=\/wp\/v2\/users\/1"}],"replies":[{"embeddable":true,"href":"https:\/\/publication-evangelique.com\/index.php?rest_route=%2Fwp%2Fv2%2Fcomments&post=8887"}],"version-history":[{"count":0,"href":"https:\/\/publication-evangelique.com\/index.php?rest_route=\/wp\/v2\/pages\/8887\/revisions"}],"wp:attachment":[{"href":"https:\/\/publication-evangelique.com\/index.php?rest_route=%2Fwp%2Fv2%2Fmedia&parent=8887"}],"curies":[{"name":"wp","href":"https:\/\/api.w.org\/{rel}","templated":true}]}}