{"id":9313,"date":"2014-01-21T13:53:23","date_gmt":"2014-01-21T18:53:23","guid":{"rendered":"http:\/\/publication-evangelique.com\/?page_id=9313"},"modified":"2017-08-08T13:49:35","modified_gmt":"2017-08-08T18:49:35","slug":"saisissez-les-promesses-de-dieu","status":"publish","type":"page","link":"https:\/\/publication-evangelique.com\/?page_id=9313","title":{"rendered":"Saisissez les promesses de Dieu &#8230;"},"content":{"rendered":"<p><strong>Saisir les promesses de Dieu<\/strong> est une marche <strong>par la foi<\/strong> pour prendre possession de notre <strong>h\u00e9ritage spirituel<\/strong>.<\/p>\n<p>Cette s\u00e9rie d\u2019\u00e9tude biblique vous emm\u00e8nera \u00e0 <strong>comprendre<\/strong> comment <strong>saisir<\/strong> les <strong>promesses de Dieu<\/strong>!<\/p>\n<p>Vous pouvez aussi les <strong>\u00e9couter<\/strong> les \u00e9tudes en <strong>MP3<\/strong>.<\/p>\n<h3>Saisissez les promesses de Dieu &#8230;<\/h3>\n<p>1 &#8211; <a href= \" https:\/\/publication-evangelique.com\/?p=9308 \" > &#8230; pour avoir l\u2019assurance du salut! <\/a><br \/>\n2 &#8211; <a href= \" https:\/\/publication-evangelique.com\/?p=9273 \" > &#8230; pour \u00eatre combl\u00e9 dans vos besoins et devenez g\u00e9n\u00e9reux! <\/a><br \/>\n3 &#8211; <a href= \" https:\/\/publication-evangelique.com\/?p=9422 \" > &#8230; pour avoir l\u2019assurance que Dieu vous accompagnent <\/a><br \/>\n4 &#8211; <a href= \" https:\/\/publication-evangelique.com\/?p=9481 \" > &#8230; pour \u00eatre rempli du Saint-Esprit et manifester les dons spirituels <\/a><br \/>\n5 &#8211; <a href= \" https:\/\/publication-evangelique.com\/?p=9503 \" > &#8230; pour voir votre famille sauv\u00e9e! <\/a><br \/>\n6 &#8211; <a href= \" https:\/\/publication-evangelique.com\/?p=9545 \" > &#8230; pour la gu\u00e9rison! <\/a><br \/>\n7 &#8211; <a href= \" https:\/\/publication-evangelique.com\/?p=9622 \" > &#8230; pour pour \u00eatre d\u00e9livr\u00e9 <\/a><\/p>\n<p>&#8212;&#8212;&#8212;&#8212;&#8212;&#8212;&#8212;&#8212;&#8212;<\/p>\n<p>Produit par: Daniel Poulin<br \/>\n\u00c9dit\u00e9 par: <a title= \" https:\/\/publication-evangelique.com \" href= \" https:\/\/publication-evangelique.com \" target= \" _blank \" >https:\/\/publication-evangelique.com<\/a><\/p>\n<p><strong>Adresse de ce blogue :<\/strong> <a href= \" https:\/\/publication-evangelique.com\/?page_id=9313 \" > https:\/\/publication-evangelique.com\/?page_id=9313<\/a><\/p>\n","protected":false},"excerpt":{"rendered":"<p>Saisir les promesses de Dieu est une marche par la foi pour prendre possession de notre h\u00e9ritage spirituel. Cette s\u00e9rie d\u2019\u00e9tude biblique vous emm\u00e8nera \u00e0 comprendre comment saisir les promesses de Dieu! Vous pouvez aussi les \u00e9couter les \u00e9tudes en <span class=\"excerpt-dots\">&hellip;<\/span> <a class=\"more-link\" href=\"https:\/\/publication-evangelique.com\/?page_id=9313\"><span class=\"more-msg\">Lire la suite &rarr;<\/span><\/a><\/p>\n","protected":false},"author":1,"featured_media":12922,"parent":0,"menu_order":0,"comment_status":"open","ping_status":"open","template":"","meta":{"footnotes":""},"class_list":["post-9313","page","type-page","status-publish","has-post-thumbnail","hentry"],"yoast_head":"<!-- This site is optimized with the Yoast SEO plugin v27.3 - https:\/\/yoast.com\/product\/yoast-seo-wordpress\/ -->\n<title>Saisissez les promesses de Dieu ... - Publication \u00c9vang\u00e9lique<\/title>\n<meta name=\"robots\" content=\"index, follow, max-snippet:-1, max-image-preview:large, max-video-preview:-1\" \/>\n<link rel=\"canonical\" href=\"https:\/\/publication-evangelique.com\/?page_id=9313\" \/>\n<meta property=\"og:locale\" content=\"fr_FR\" \/>\n<meta property=\"og:type\" content=\"article\" \/>\n<meta property=\"og:title\" content=\"Saisissez les promesses de Dieu ... - Publication \u00c9vang\u00e9lique\" \/>\n<meta property=\"og:description\" content=\"Saisir les promesses de Dieu est une marche par la foi pour prendre possession de notre h\u00e9ritage spirituel. Cette s\u00e9rie d\u2019\u00e9tude biblique vous emm\u00e8nera \u00e0 comprendre comment saisir les promesses de Dieu! Vous pouvez aussi les \u00e9couter les \u00e9tudes en &hellip; Lire la suite &rarr;\" \/>\n<meta property=\"og:url\" content=\"https:\/\/publication-evangelique.com\/?page_id=9313\" \/>\n<meta property=\"og:site_name\" content=\"Publication \u00c9vang\u00e9lique\" \/>\n<meta property=\"article:publisher\" content=\"https:\/\/www.facebook.com\/danielpoulin75\" \/>\n<meta property=\"article:modified_time\" content=\"2017-08-08T18:49:35+00:00\" \/>\n<meta property=\"og:image\" content=\"https:\/\/publication-evangelique.com\/wp-content\/uploads\/1125.jpg\" \/>\n\t<meta property=\"og:image:width\" content=\"1280\" \/>\n\t<meta property=\"og:image:height\" content=\"1011\" \/>\n\t<meta property=\"og:image:type\" content=\"image\/jpeg\" \/>\n<meta name=\"twitter:label1\" content=\"Dur\u00e9e de lecture estim\u00e9e\" \/>\n\t<meta name=\"twitter:data1\" content=\"1 minute\" \/>\n<script type=\"application\/ld+json\" class=\"yoast-schema-graph\">{\"@context\":\"https:\\\/\\\/schema.org\",\"@graph\":[{\"@type\":\"WebPage\",\"@id\":\"https:\\\/\\\/publication-evangelique.com\\\/?page_id=9313\",\"url\":\"https:\\\/\\\/publication-evangelique.com\\\/?page_id=9313\",\"name\":\"Saisissez les promesses de Dieu ... - Publication \u00c9vang\u00e9lique\",\"isPartOf\":{\"@id\":\"https:\\\/\\\/publication-evangelique.com\\\/#website\"},\"primaryImageOfPage\":{\"@id\":\"https:\\\/\\\/publication-evangelique.com\\\/?page_id=9313#primaryimage\"},\"image\":{\"@id\":\"https:\\\/\\\/publication-evangelique.com\\\/?page_id=9313#primaryimage\"},\"thumbnailUrl\":\"https:\\\/\\\/publication-evangelique.com\\\/wp-content\\\/uploads\\\/1125.jpg\",\"datePublished\":\"2014-01-21T18:53:23+00:00\",\"dateModified\":\"2017-08-08T18:49:35+00:00\",\"breadcrumb\":{\"@id\":\"https:\\\/\\\/publication-evangelique.com\\\/?page_id=9313#breadcrumb\"},\"inLanguage\":\"fr-FR\",\"potentialAction\":[{\"@type\":\"ReadAction\",\"target\":[\"https:\\\/\\\/publication-evangelique.com\\\/?page_id=9313\"]}]},{\"@type\":\"ImageObject\",\"inLanguage\":\"fr-FR\",\"@id\":\"https:\\\/\\\/publication-evangelique.com\\\/?page_id=9313#primaryimage\",\"url\":\"https:\\\/\\\/publication-evangelique.com\\\/wp-content\\\/uploads\\\/1125.jpg\",\"contentUrl\":\"https:\\\/\\\/publication-evangelique.com\\\/wp-content\\\/uploads\\\/1125.jpg\",\"width\":1280,\"height\":1011},{\"@type\":\"BreadcrumbList\",\"@id\":\"https:\\\/\\\/publication-evangelique.com\\\/?page_id=9313#breadcrumb\",\"itemListElement\":[{\"@type\":\"ListItem\",\"position\":1,\"name\":\"Accueil\",\"item\":\"https:\\\/\\\/publication-evangelique.com\\\/\"},{\"@type\":\"ListItem\",\"position\":2,\"name\":\"Saisissez les promesses de Dieu &#8230;\"}]},{\"@type\":\"WebSite\",\"@id\":\"https:\\\/\\\/publication-evangelique.com\\\/#website\",\"url\":\"https:\\\/\\\/publication-evangelique.com\\\/\",\"name\":\"Daniel Poulin - publication-evangelique.com\",\"description\":\"Daniel Poulin\",\"publisher\":{\"@id\":\"https:\\\/\\\/publication-evangelique.com\\\/#\\\/schema\\\/person\\\/a7aa86223ca614c8c1a737d18c95460c\"},\"potentialAction\":[{\"@type\":\"SearchAction\",\"target\":{\"@type\":\"EntryPoint\",\"urlTemplate\":\"https:\\\/\\\/publication-evangelique.com\\\/?s={search_term_string}\"},\"query-input\":{\"@type\":\"PropertyValueSpecification\",\"valueRequired\":true,\"valueName\":\"search_term_string\"}}],\"inLanguage\":\"fr-FR\"},{\"@type\":[\"Person\",\"Organization\"],\"@id\":\"https:\\\/\\\/publication-evangelique.com\\\/#\\\/schema\\\/person\\\/a7aa86223ca614c8c1a737d18c95460c\",\"name\":\"Daniel Poulin\",\"image\":{\"@type\":\"ImageObject\",\"inLanguage\":\"fr-FR\",\"@id\":\"https:\\\/\\\/publication-evangelique.com\\\/wp-content\\\/uploads\\\/daniel5-1.jpg\",\"url\":\"https:\\\/\\\/publication-evangelique.com\\\/wp-content\\\/uploads\\\/daniel5-1.jpg\",\"contentUrl\":\"https:\\\/\\\/publication-evangelique.com\\\/wp-content\\\/uploads\\\/daniel5-1.jpg\",\"width\":833,\"height\":969,\"caption\":\"Daniel Poulin\"},\"logo\":{\"@id\":\"https:\\\/\\\/publication-evangelique.com\\\/wp-content\\\/uploads\\\/daniel5-1.jpg\"},\"description\":\"Bonjour, ici Daniel Poulin! Je suis un chr\u00e9tien n\u00e9 de nouveau depuis 1980, ayant parcouru un cheminement avec le Seigneur J\u00e9sus-Christ, j'ai construit ce site afin de partager mes connaissances de la parole de Dieu \\\" La Bible \\\" Je travaille aussi au d\u00e9veloppement de la station de radio chr\u00e9tienne fran\u00e7aise \u00e0 Montr\u00e9al, \\\" La Radio Gospel \\\" que vous pouvez voir ici http:\\\/\\\/laradiogospel.ca Je fr\u00e9quente aussi une \u00e9glise, dont je pr\u00eache et j\u2019enseigne la parole de Dieu. La communaut\u00e9 \u00c9vang\u00e9lique de l'Agneau \\\" , voici l'adresse, http:\\\/\\\/communauteevangelique.ca\\\/\",\"sameAs\":[\"https:\\\/\\\/publication-evangelique.com\",\"https:\\\/\\\/www.facebook.com\\\/danielpoulin75\",\"https:\\\/\\\/www.linkedin.com\\\/in\\\/daniel-poulin-64614745\\\/\",\"https:\\\/\\\/x.com\\\/https:\\\/\\\/twitter.com\\\/Daniel_Poulin\",\"https:\\\/\\\/www.youtube.com\\\/user\\\/danielpoulin75\\\/videos\"]}]}<\/script>\n<!-- \/ Yoast SEO plugin. -->","yoast_head_json":{"title":"Saisissez les promesses de Dieu ... - Publication \u00c9vang\u00e9lique","robots":{"index":"index","follow":"follow","max-snippet":"max-snippet:-1","max-image-preview":"max-image-preview:large","max-video-preview":"max-video-preview:-1"},"canonical":"https:\/\/publication-evangelique.com\/?page_id=9313","og_locale":"fr_FR","og_type":"article","og_title":"Saisissez les promesses de Dieu ... - Publication \u00c9vang\u00e9lique","og_description":"Saisir les promesses de Dieu est une marche par la foi pour prendre possession de notre h\u00e9ritage spirituel. Cette s\u00e9rie d\u2019\u00e9tude biblique vous emm\u00e8nera \u00e0 comprendre comment saisir les promesses de Dieu! Vous pouvez aussi les \u00e9couter les \u00e9tudes en &hellip; Lire la suite &rarr;","og_url":"https:\/\/publication-evangelique.com\/?page_id=9313","og_site_name":"Publication \u00c9vang\u00e9lique","article_publisher":"https:\/\/www.facebook.com\/danielpoulin75","article_modified_time":"2017-08-08T18:49:35+00:00","og_image":[{"width":1280,"height":1011,"url":"https:\/\/publication-evangelique.com\/wp-content\/uploads\/1125.jpg","type":"image\/jpeg"}],"twitter_misc":{"Dur\u00e9e de lecture estim\u00e9e":"1 minute"},"schema":{"@context":"https:\/\/schema.org","@graph":[{"@type":"WebPage","@id":"https:\/\/publication-evangelique.com\/?page_id=9313","url":"https:\/\/publication-evangelique.com\/?page_id=9313","name":"Saisissez les promesses de Dieu ... - Publication \u00c9vang\u00e9lique","isPartOf":{"@id":"https:\/\/publication-evangelique.com\/#website"},"primaryImageOfPage":{"@id":"https:\/\/publication-evangelique.com\/?page_id=9313#primaryimage"},"image":{"@id":"https:\/\/publication-evangelique.com\/?page_id=9313#primaryimage"},"thumbnailUrl":"https:\/\/publication-evangelique.com\/wp-content\/uploads\/1125.jpg","datePublished":"2014-01-21T18:53:23+00:00","dateModified":"2017-08-08T18:49:35+00:00","breadcrumb":{"@id":"https:\/\/publication-evangelique.com\/?page_id=9313#breadcrumb"},"inLanguage":"fr-FR","potentialAction":[{"@type":"ReadAction","target":["https:\/\/publication-evangelique.com\/?page_id=9313"]}]},{"@type":"ImageObject","inLanguage":"fr-FR","@id":"https:\/\/publication-evangelique.com\/?page_id=9313#primaryimage","url":"https:\/\/publication-evangelique.com\/wp-content\/uploads\/1125.jpg","contentUrl":"https:\/\/publication-evangelique.com\/wp-content\/uploads\/1125.jpg","width":1280,"height":1011},{"@type":"BreadcrumbList","@id":"https:\/\/publication-evangelique.com\/?page_id=9313#breadcrumb","itemListElement":[{"@type":"ListItem","position":1,"name":"Accueil","item":"https:\/\/publication-evangelique.com\/"},{"@type":"ListItem","position":2,"name":"Saisissez les promesses de Dieu &#8230;"}]},{"@type":"WebSite","@id":"https:\/\/publication-evangelique.com\/#website","url":"https:\/\/publication-evangelique.com\/","name":"Daniel Poulin - publication-evangelique.com","description":"Daniel Poulin","publisher":{"@id":"https:\/\/publication-evangelique.com\/#\/schema\/person\/a7aa86223ca614c8c1a737d18c95460c"},"potentialAction":[{"@type":"SearchAction","target":{"@type":"EntryPoint","urlTemplate":"https:\/\/publication-evangelique.com\/?s={search_term_string}"},"query-input":{"@type":"PropertyValueSpecification","valueRequired":true,"valueName":"search_term_string"}}],"inLanguage":"fr-FR"},{"@type":["Person","Organization"],"@id":"https:\/\/publication-evangelique.com\/#\/schema\/person\/a7aa86223ca614c8c1a737d18c95460c","name":"Daniel Poulin","image":{"@type":"ImageObject","inLanguage":"fr-FR","@id":"https:\/\/publication-evangelique.com\/wp-content\/uploads\/daniel5-1.jpg","url":"https:\/\/publication-evangelique.com\/wp-content\/uploads\/daniel5-1.jpg","contentUrl":"https:\/\/publication-evangelique.com\/wp-content\/uploads\/daniel5-1.jpg","width":833,"height":969,"caption":"Daniel Poulin"},"logo":{"@id":"https:\/\/publication-evangelique.com\/wp-content\/uploads\/daniel5-1.jpg"},"description":"Bonjour, ici Daniel Poulin! Je suis un chr\u00e9tien n\u00e9 de nouveau depuis 1980, ayant parcouru un cheminement avec le Seigneur J\u00e9sus-Christ, j'ai construit ce site afin de partager mes connaissances de la parole de Dieu \" La Bible \" Je travaille aussi au d\u00e9veloppement de la station de radio chr\u00e9tienne fran\u00e7aise \u00e0 Montr\u00e9al, \" La Radio Gospel \" que vous pouvez voir ici http:\/\/laradiogospel.ca Je fr\u00e9quente aussi une \u00e9glise, dont je pr\u00eache et j\u2019enseigne la parole de Dieu. La communaut\u00e9 \u00c9vang\u00e9lique de l'Agneau \" , voici l'adresse, http:\/\/communauteevangelique.ca\/","sameAs":["https:\/\/publication-evangelique.com","https:\/\/www.facebook.com\/danielpoulin75","https:\/\/www.linkedin.com\/in\/daniel-poulin-64614745\/","https:\/\/x.com\/https:\/\/twitter.com\/Daniel_Poulin","https:\/\/www.youtube.com\/user\/danielpoulin75\/videos"]}]}},"_links":{"self":[{"href":"https:\/\/publication-evangelique.com\/index.php?rest_route=\/wp\/v2\/pages\/9313","targetHints":{"allow":["GET"]}}],"collection":[{"href":"https:\/\/publication-evangelique.com\/index.php?rest_route=\/wp\/v2\/pages"}],"about":[{"href":"https:\/\/publication-evangelique.com\/index.php?rest_route=\/wp\/v2\/types\/page"}],"author":[{"embeddable":true,"href":"https:\/\/publication-evangelique.com\/index.php?rest_route=\/wp\/v2\/users\/1"}],"replies":[{"embeddable":true,"href":"https:\/\/publication-evangelique.com\/index.php?rest_route=%2Fwp%2Fv2%2Fcomments&post=9313"}],"version-history":[{"count":0,"href":"https:\/\/publication-evangelique.com\/index.php?rest_route=\/wp\/v2\/pages\/9313\/revisions"}],"wp:featuredmedia":[{"embeddable":true,"href":"https:\/\/publication-evangelique.com\/index.php?rest_route=\/wp\/v2\/media\/12922"}],"wp:attachment":[{"href":"https:\/\/publication-evangelique.com\/index.php?rest_route=%2Fwp%2Fv2%2Fmedia&parent=9313"}],"curies":[{"name":"wp","href":"https:\/\/api.w.org\/{rel}","templated":true}]}}