{"id":9689,"date":"2014-06-10T10:25:32","date_gmt":"2014-06-10T15:25:32","guid":{"rendered":"http:\/\/publication-evangelique.com\/?page_id=9689"},"modified":"2021-03-29T08:50:01","modified_gmt":"2021-03-29T13:50:01","slug":"les-10-commandements","status":"publish","type":"page","link":"https:\/\/publication-evangelique.com\/?page_id=9689","title":{"rendered":"La foi d\u00e9montr\u00e9 par les commandements"},"content":{"rendered":"<p>Nous allons voir la port\u00e9 de l&rsquo;enseignement des 10 commandements \u00e0 la lumi\u00e8re du Nouveau Testament.<\/p>\n<p>Le Seigneur nous r\u00e9v\u00e8le son c\u0153ur, et nous appellent \u00e0 lui d\u00e9montrer notre amour pour son nom dans l&rsquo;ob\u00e9issance de ses commandements<\/p>\n<h3>Les 10 commandements<\/h3>\n<p>Vous pouvez aussi les \u00e9couter en MP3.<\/p>\n<p><a href= \" https:\/\/publication-evangelique.com\/?p=15445 \" >La foi qui sauve.<\/a><br \/>\n<a href= \" https:\/\/publication-evangelique.com\/?p=15457 \" >La foi d\u00e9montr\u00e9e en demeurant en J\u00e9sus.<\/a><br \/>\n<a href= \" https:\/\/publication-evangelique.com\/?p=15469 \" >Les commandements de la nouvelle alliance.<\/a><br \/>\n<a href= \" https:\/\/publication-evangelique.com\/?p=15515 \" >Tu n\u2019auras pas d\u2019autres dieux devant ma face.<\/a><br \/>\n<a href= \" https:\/\/publication-evangelique.com\/?p=15524 \" >Tu ne te feras point d\u2019objet de culte.<\/a><br \/>\n<a href= \" https:\/\/publication-evangelique.com\/?p=15536 \" >Ne pas prendre le nom de Dieu en vain.<\/a><br \/>\n<a href= \" https:\/\/publication-evangelique.com\/?p=15494 \" >Le sabbat de Dieu<\/a><br \/>\n<a href= \" https:\/\/publication-evangelique.com\/?p=15558 \" >Honore ton p\u00e8re et ta m\u00e8re.<\/a><br \/>\n<a href= \" https:\/\/publication-evangelique.com\/?p=15578 \" >Tu ne tueras point.<\/a><br \/>\n<a href= \" https:\/\/publication-evangelique.com\/?p=15650 \" >Tu ne d\u00e9roberas point.<\/a><br \/>\n<a href= \" https:\/\/publication-evangelique.com\/?p=15662 \" >Tu ne porteras point de faux t\u00e9moignage<\/a><br \/>\n<a href= \" https:\/\/publication-evangelique.com\/?p=15678 \" >Tu ne convoiteras point<\/a> <\/p>\n<p>&#8212;&#8212;&#8212;&#8212;&#8212;&#8212;&#8212;&#8212;&#8212;<\/p>\n<p>Produit par: Daniel Poulin<br \/>\n\u00c9dit\u00e9 par: <a title= \" https:\/\/publication-evangelique.com \" href= \" https:\/\/publication-evangelique.com \" target= \" _blank \" rel= \" noopener noreferrer \" >https:\/\/publication-evangelique.com<\/a><\/p>\n<p><strong>Adresse de cette page :<\/strong> <a href= \" https:\/\/publication-evangelique.com\/?page_id=9689 \" > https:\/\/publication-evangelique.com\/?page_id=9689<\/a><\/p>\n","protected":false},"excerpt":{"rendered":"<p>Nous allons voir la port\u00e9 de l&rsquo;enseignement des 10 commandements \u00e0 la lumi\u00e8re du Nouveau Testament. Le Seigneur nous r\u00e9v\u00e8le son c\u0153ur, et nous appellent \u00e0 lui d\u00e9montrer notre amour pour son nom dans l&rsquo;ob\u00e9issance de ses commandements Les 10 <span class=\"excerpt-dots\">&hellip;<\/span> <a class=\"more-link\" href=\"https:\/\/publication-evangelique.com\/?page_id=9689\"><span class=\"more-msg\">Lire la suite &rarr;<\/span><\/a><\/p>\n","protected":false},"author":1,"featured_media":13130,"parent":0,"menu_order":0,"comment_status":"open","ping_status":"open","template":"","meta":{"footnotes":""},"class_list":["post-9689","page","type-page","status-publish","has-post-thumbnail","hentry"],"yoast_head":"<!-- This site is optimized with the Yoast SEO plugin v27.5 - https:\/\/yoast.com\/product\/yoast-seo-wordpress\/ -->\n<title>La foi d\u00e9montr\u00e9 par les commandements - Publication \u00c9vang\u00e9lique<\/title>\n<meta name=\"description\" content=\"Nous allons voir la port\u00e9 de l&#039;enseignement des 10 commandements \u00e0 la lumi\u00e8re du Nouveau Testament. Le Seigneur nous r\u00e9v\u00e8le son coeur, et nous appellent \u00e0 lui d\u00e9montrer notre amour pour son nom dans l&#039;ob\u00e9issance de ses commandements\" \/>\n<meta name=\"robots\" content=\"index, follow, max-snippet:-1, max-image-preview:large, max-video-preview:-1\" \/>\n<link rel=\"canonical\" href=\"https:\/\/publication-evangelique.com\/?page_id=9689\" \/>\n<meta property=\"og:locale\" content=\"fr_FR\" \/>\n<meta property=\"og:type\" content=\"article\" \/>\n<meta property=\"og:title\" content=\"La foi d\u00e9montr\u00e9 par les commandements - Publication \u00c9vang\u00e9lique\" \/>\n<meta property=\"og:description\" content=\"Nous allons voir la port\u00e9 de l&#039;enseignement des 10 commandements \u00e0 la lumi\u00e8re du Nouveau Testament. Le Seigneur nous r\u00e9v\u00e8le son coeur, et nous appellent \u00e0 lui d\u00e9montrer notre amour pour son nom dans l&#039;ob\u00e9issance de ses commandements\" \/>\n<meta property=\"og:url\" content=\"https:\/\/publication-evangelique.com\/?page_id=9689\" \/>\n<meta property=\"og:site_name\" content=\"Publication \u00c9vang\u00e9lique\" \/>\n<meta property=\"article:publisher\" content=\"https:\/\/www.facebook.com\/danielpoulin75\" \/>\n<meta property=\"article:modified_time\" content=\"2021-03-29T13:50:01+00:00\" \/>\n<meta property=\"og:image\" content=\"https:\/\/publication-evangelique.com\/wp-content\/uploads\/1334.jpg\" \/>\n\t<meta property=\"og:image:width\" content=\"1280\" \/>\n\t<meta property=\"og:image:height\" content=\"1099\" \/>\n\t<meta property=\"og:image:type\" content=\"image\/jpeg\" \/>\n<meta name=\"twitter:label1\" content=\"Dur\u00e9e de lecture estim\u00e9e\" \/>\n\t<meta name=\"twitter:data1\" content=\"1 minute\" \/>\n<script type=\"application\/ld+json\" class=\"yoast-schema-graph\">{\"@context\":\"https:\\\/\\\/schema.org\",\"@graph\":[{\"@type\":\"WebPage\",\"@id\":\"https:\\\/\\\/publication-evangelique.com\\\/?page_id=9689\",\"url\":\"https:\\\/\\\/publication-evangelique.com\\\/?page_id=9689\",\"name\":\"La foi d\u00e9montr\u00e9 par les commandements - Publication \u00c9vang\u00e9lique\",\"isPartOf\":{\"@id\":\"https:\\\/\\\/publication-evangelique.com\\\/#website\"},\"primaryImageOfPage\":{\"@id\":\"https:\\\/\\\/publication-evangelique.com\\\/?page_id=9689#primaryimage\"},\"image\":{\"@id\":\"https:\\\/\\\/publication-evangelique.com\\\/?page_id=9689#primaryimage\"},\"thumbnailUrl\":\"https:\\\/\\\/publication-evangelique.com\\\/wp-content\\\/uploads\\\/1334.jpg\",\"datePublished\":\"2014-06-10T15:25:32+00:00\",\"dateModified\":\"2021-03-29T13:50:01+00:00\",\"description\":\"Nous allons voir la port\u00e9 de l'enseignement des 10 commandements \u00e0 la lumi\u00e8re du Nouveau Testament. Le Seigneur nous r\u00e9v\u00e8le son coeur, et nous appellent \u00e0 lui d\u00e9montrer notre amour pour son nom dans l'ob\u00e9issance de ses commandements\",\"breadcrumb\":{\"@id\":\"https:\\\/\\\/publication-evangelique.com\\\/?page_id=9689#breadcrumb\"},\"inLanguage\":\"fr-FR\",\"potentialAction\":[{\"@type\":\"ReadAction\",\"target\":[\"https:\\\/\\\/publication-evangelique.com\\\/?page_id=9689\"]}]},{\"@type\":\"ImageObject\",\"inLanguage\":\"fr-FR\",\"@id\":\"https:\\\/\\\/publication-evangelique.com\\\/?page_id=9689#primaryimage\",\"url\":\"https:\\\/\\\/publication-evangelique.com\\\/wp-content\\\/uploads\\\/1334.jpg\",\"contentUrl\":\"https:\\\/\\\/publication-evangelique.com\\\/wp-content\\\/uploads\\\/1334.jpg\",\"width\":1280,\"height\":1099},{\"@type\":\"BreadcrumbList\",\"@id\":\"https:\\\/\\\/publication-evangelique.com\\\/?page_id=9689#breadcrumb\",\"itemListElement\":[{\"@type\":\"ListItem\",\"position\":1,\"name\":\"Accueil\",\"item\":\"https:\\\/\\\/publication-evangelique.com\\\/\"},{\"@type\":\"ListItem\",\"position\":2,\"name\":\"La foi d\u00e9montr\u00e9 par les commandements\"}]},{\"@type\":\"WebSite\",\"@id\":\"https:\\\/\\\/publication-evangelique.com\\\/#website\",\"url\":\"https:\\\/\\\/publication-evangelique.com\\\/\",\"name\":\"Daniel Poulin - publication-evangelique.com\",\"description\":\"Daniel Poulin\",\"publisher\":{\"@id\":\"https:\\\/\\\/publication-evangelique.com\\\/#\\\/schema\\\/person\\\/a7aa86223ca614c8c1a737d18c95460c\"},\"potentialAction\":[{\"@type\":\"SearchAction\",\"target\":{\"@type\":\"EntryPoint\",\"urlTemplate\":\"https:\\\/\\\/publication-evangelique.com\\\/?s={search_term_string}\"},\"query-input\":{\"@type\":\"PropertyValueSpecification\",\"valueRequired\":true,\"valueName\":\"search_term_string\"}}],\"inLanguage\":\"fr-FR\"},{\"@type\":[\"Person\",\"Organization\"],\"@id\":\"https:\\\/\\\/publication-evangelique.com\\\/#\\\/schema\\\/person\\\/a7aa86223ca614c8c1a737d18c95460c\",\"name\":\"Daniel Poulin\",\"image\":{\"@type\":\"ImageObject\",\"inLanguage\":\"fr-FR\",\"@id\":\"https:\\\/\\\/publication-evangelique.com\\\/wp-content\\\/uploads\\\/daniel5-1.jpg\",\"url\":\"https:\\\/\\\/publication-evangelique.com\\\/wp-content\\\/uploads\\\/daniel5-1.jpg\",\"contentUrl\":\"https:\\\/\\\/publication-evangelique.com\\\/wp-content\\\/uploads\\\/daniel5-1.jpg\",\"width\":833,\"height\":969,\"caption\":\"Daniel Poulin\"},\"logo\":{\"@id\":\"https:\\\/\\\/publication-evangelique.com\\\/wp-content\\\/uploads\\\/daniel5-1.jpg\"},\"description\":\"Bonjour, ici Daniel Poulin! Je suis un chr\u00e9tien n\u00e9 de nouveau depuis 1980, ayant parcouru un cheminement avec le Seigneur J\u00e9sus-Christ, j'ai construit ce site afin de partager mes connaissances de la parole de Dieu \\\" La Bible \\\" Je travaille aussi au d\u00e9veloppement de la station de radio chr\u00e9tienne fran\u00e7aise \u00e0 Montr\u00e9al, \\\" La Radio Gospel \\\" que vous pouvez voir ici http:\\\/\\\/laradiogospel.ca Je fr\u00e9quente aussi une \u00e9glise, dont je pr\u00eache et j\u2019enseigne la parole de Dieu. La communaut\u00e9 \u00c9vang\u00e9lique de l'Agneau \\\" , voici l'adresse, http:\\\/\\\/communauteevangelique.ca\\\/\",\"sameAs\":[\"https:\\\/\\\/publication-evangelique.com\",\"https:\\\/\\\/www.facebook.com\\\/danielpoulin75\",\"https:\\\/\\\/www.linkedin.com\\\/in\\\/daniel-poulin-64614745\\\/\",\"https:\\\/\\\/x.com\\\/https:\\\/\\\/twitter.com\\\/Daniel_Poulin\",\"https:\\\/\\\/www.youtube.com\\\/user\\\/danielpoulin75\\\/videos\"]}]}<\/script>\n<!-- \/ Yoast SEO plugin. -->","yoast_head_json":{"title":"La foi d\u00e9montr\u00e9 par les commandements - Publication \u00c9vang\u00e9lique","description":"Nous allons voir la port\u00e9 de l'enseignement des 10 commandements \u00e0 la lumi\u00e8re du Nouveau Testament. Le Seigneur nous r\u00e9v\u00e8le son coeur, et nous appellent \u00e0 lui d\u00e9montrer notre amour pour son nom dans l'ob\u00e9issance de ses commandements","robots":{"index":"index","follow":"follow","max-snippet":"max-snippet:-1","max-image-preview":"max-image-preview:large","max-video-preview":"max-video-preview:-1"},"canonical":"https:\/\/publication-evangelique.com\/?page_id=9689","og_locale":"fr_FR","og_type":"article","og_title":"La foi d\u00e9montr\u00e9 par les commandements - Publication \u00c9vang\u00e9lique","og_description":"Nous allons voir la port\u00e9 de l'enseignement des 10 commandements \u00e0 la lumi\u00e8re du Nouveau Testament. Le Seigneur nous r\u00e9v\u00e8le son coeur, et nous appellent \u00e0 lui d\u00e9montrer notre amour pour son nom dans l'ob\u00e9issance de ses commandements","og_url":"https:\/\/publication-evangelique.com\/?page_id=9689","og_site_name":"Publication \u00c9vang\u00e9lique","article_publisher":"https:\/\/www.facebook.com\/danielpoulin75","article_modified_time":"2021-03-29T13:50:01+00:00","og_image":[{"width":1280,"height":1099,"url":"https:\/\/publication-evangelique.com\/wp-content\/uploads\/1334.jpg","type":"image\/jpeg"}],"twitter_misc":{"Dur\u00e9e de lecture estim\u00e9e":"1 minute"},"schema":{"@context":"https:\/\/schema.org","@graph":[{"@type":"WebPage","@id":"https:\/\/publication-evangelique.com\/?page_id=9689","url":"https:\/\/publication-evangelique.com\/?page_id=9689","name":"La foi d\u00e9montr\u00e9 par les commandements - Publication \u00c9vang\u00e9lique","isPartOf":{"@id":"https:\/\/publication-evangelique.com\/#website"},"primaryImageOfPage":{"@id":"https:\/\/publication-evangelique.com\/?page_id=9689#primaryimage"},"image":{"@id":"https:\/\/publication-evangelique.com\/?page_id=9689#primaryimage"},"thumbnailUrl":"https:\/\/publication-evangelique.com\/wp-content\/uploads\/1334.jpg","datePublished":"2014-06-10T15:25:32+00:00","dateModified":"2021-03-29T13:50:01+00:00","description":"Nous allons voir la port\u00e9 de l'enseignement des 10 commandements \u00e0 la lumi\u00e8re du Nouveau Testament. Le Seigneur nous r\u00e9v\u00e8le son coeur, et nous appellent \u00e0 lui d\u00e9montrer notre amour pour son nom dans l'ob\u00e9issance de ses commandements","breadcrumb":{"@id":"https:\/\/publication-evangelique.com\/?page_id=9689#breadcrumb"},"inLanguage":"fr-FR","potentialAction":[{"@type":"ReadAction","target":["https:\/\/publication-evangelique.com\/?page_id=9689"]}]},{"@type":"ImageObject","inLanguage":"fr-FR","@id":"https:\/\/publication-evangelique.com\/?page_id=9689#primaryimage","url":"https:\/\/publication-evangelique.com\/wp-content\/uploads\/1334.jpg","contentUrl":"https:\/\/publication-evangelique.com\/wp-content\/uploads\/1334.jpg","width":1280,"height":1099},{"@type":"BreadcrumbList","@id":"https:\/\/publication-evangelique.com\/?page_id=9689#breadcrumb","itemListElement":[{"@type":"ListItem","position":1,"name":"Accueil","item":"https:\/\/publication-evangelique.com\/"},{"@type":"ListItem","position":2,"name":"La foi d\u00e9montr\u00e9 par les commandements"}]},{"@type":"WebSite","@id":"https:\/\/publication-evangelique.com\/#website","url":"https:\/\/publication-evangelique.com\/","name":"Daniel Poulin - publication-evangelique.com","description":"Daniel Poulin","publisher":{"@id":"https:\/\/publication-evangelique.com\/#\/schema\/person\/a7aa86223ca614c8c1a737d18c95460c"},"potentialAction":[{"@type":"SearchAction","target":{"@type":"EntryPoint","urlTemplate":"https:\/\/publication-evangelique.com\/?s={search_term_string}"},"query-input":{"@type":"PropertyValueSpecification","valueRequired":true,"valueName":"search_term_string"}}],"inLanguage":"fr-FR"},{"@type":["Person","Organization"],"@id":"https:\/\/publication-evangelique.com\/#\/schema\/person\/a7aa86223ca614c8c1a737d18c95460c","name":"Daniel Poulin","image":{"@type":"ImageObject","inLanguage":"fr-FR","@id":"https:\/\/publication-evangelique.com\/wp-content\/uploads\/daniel5-1.jpg","url":"https:\/\/publication-evangelique.com\/wp-content\/uploads\/daniel5-1.jpg","contentUrl":"https:\/\/publication-evangelique.com\/wp-content\/uploads\/daniel5-1.jpg","width":833,"height":969,"caption":"Daniel Poulin"},"logo":{"@id":"https:\/\/publication-evangelique.com\/wp-content\/uploads\/daniel5-1.jpg"},"description":"Bonjour, ici Daniel Poulin! Je suis un chr\u00e9tien n\u00e9 de nouveau depuis 1980, ayant parcouru un cheminement avec le Seigneur J\u00e9sus-Christ, j'ai construit ce site afin de partager mes connaissances de la parole de Dieu \" La Bible \" Je travaille aussi au d\u00e9veloppement de la station de radio chr\u00e9tienne fran\u00e7aise \u00e0 Montr\u00e9al, \" La Radio Gospel \" que vous pouvez voir ici http:\/\/laradiogospel.ca Je fr\u00e9quente aussi une \u00e9glise, dont je pr\u00eache et j\u2019enseigne la parole de Dieu. La communaut\u00e9 \u00c9vang\u00e9lique de l'Agneau \" , voici l'adresse, http:\/\/communauteevangelique.ca\/","sameAs":["https:\/\/publication-evangelique.com","https:\/\/www.facebook.com\/danielpoulin75","https:\/\/www.linkedin.com\/in\/daniel-poulin-64614745\/","https:\/\/x.com\/https:\/\/twitter.com\/Daniel_Poulin","https:\/\/www.youtube.com\/user\/danielpoulin75\/videos"]}]}},"_links":{"self":[{"href":"https:\/\/publication-evangelique.com\/index.php?rest_route=\/wp\/v2\/pages\/9689","targetHints":{"allow":["GET"]}}],"collection":[{"href":"https:\/\/publication-evangelique.com\/index.php?rest_route=\/wp\/v2\/pages"}],"about":[{"href":"https:\/\/publication-evangelique.com\/index.php?rest_route=\/wp\/v2\/types\/page"}],"author":[{"embeddable":true,"href":"https:\/\/publication-evangelique.com\/index.php?rest_route=\/wp\/v2\/users\/1"}],"replies":[{"embeddable":true,"href":"https:\/\/publication-evangelique.com\/index.php?rest_route=%2Fwp%2Fv2%2Fcomments&post=9689"}],"version-history":[{"count":0,"href":"https:\/\/publication-evangelique.com\/index.php?rest_route=\/wp\/v2\/pages\/9689\/revisions"}],"wp:featuredmedia":[{"embeddable":true,"href":"https:\/\/publication-evangelique.com\/index.php?rest_route=\/wp\/v2\/media\/13130"}],"wp:attachment":[{"href":"https:\/\/publication-evangelique.com\/index.php?rest_route=%2Fwp%2Fv2%2Fmedia&parent=9689"}],"curies":[{"name":"wp","href":"https:\/\/api.w.org\/{rel}","templated":true}]}}