{"id":9790,"date":"2014-07-24T07:10:07","date_gmt":"2014-07-24T12:10:07","guid":{"rendered":"http:\/\/publication-evangelique.com\/?page_id=9790"},"modified":"2017-08-08T13:45:55","modified_gmt":"2017-08-08T18:45:55","slug":"porteur-fruits","status":"publish","type":"page","link":"https:\/\/publication-evangelique.com\/?page_id=9790","title":{"rendered":"Porteur de fruits"},"content":{"rendered":"<p>Le but de ce cour est de faire comprendre \u00e0 tous les chr\u00e9tiens, ce que la Bible dit sur \u00a0\u00bb <strong>porter du fruit<\/strong> \u00a0\u00bb <\/p>\n<p>Vous pouvez \u00e9couter les messages en format MP3.<\/p>\n<p>&nbsp;<\/p>\n<p><strong>Comment devenir actif et port\u00e9 du fruit en abondance?<\/strong><\/p>\n<p>1 &#8211; <a href= \" https:\/\/publication-evangelique.com\/?p=9789 \" > Pourquoi faut-il que tous portent des fruits? <\/a><br \/>\n2 &#8211; <a href= \" https:\/\/publication-evangelique.com\/?p=9881 \" > Comprendre l\u2019importance de pers\u00e9v\u00e9rer \u00e0 porter du fruit pour Dieu <\/a><br \/>\n3 &#8211; <a href= \" https:\/\/publication-evangelique.com\/?p=9968 \" > Constats et cons\u00e9quences pour les non-porteurs de fruits <\/a><br \/>\n4 &#8211; <a href= \" https:\/\/publication-evangelique.com\/?p=10016 \" > Constats et cons\u00e9quences pour les porteurs de fruits <\/a><br \/>\n5 &#8211; <a href= \" https:\/\/publication-evangelique.com\/?p=10016 \" > Dieu nous a d\u00e9j\u00e0 donn\u00e9 ce qui est n\u00e9cessaire \u00e0 notre croissance spirituelle et pour que l\u2019on porte beaucoup de fruits. <\/a><br \/>\n6 &#8211; <a href= \" https:\/\/publication-evangelique.com\/?p=10050 \" > Mais quelle est la part de l\u2019homme pour porter du fruit? <\/a><br \/>\n7 &#8211; <a href= \" https:\/\/publication-evangelique.com\/?p=10060 \" > Que veut dire la Bible par porter du fruit? <\/a><br \/>\n8 &#8211; <a href= \" https:\/\/publication-evangelique.com\/?p=10071 \" > Mettre tous nos efforts pour la recherche de l\u2019excellence <\/a><br \/>\n9 &#8211; <a href= \" https:\/\/publication-evangelique.com\/?p=10090 \" > Premier point capital afin de porter du fruit : la vertu <\/a><br \/>\n10 &#8211; <a href= \" https:\/\/publication-evangelique.com\/?p=10103 \" > Deuxi\u00e8me point capital afin de porter du fruit : la science <\/a><br \/>\n11 &#8211; <a href= \" https:\/\/publication-evangelique.com\/?p=10116 \" > Troisi\u00e8me point capital afin de porter du fruit : la temp\u00e9rance <\/a><br \/>\n12 &#8211; <a href= \" https:\/\/publication-evangelique.com\/?p=10144 \" > Quatri\u00e8me point capital afin de porter du fruit : la patience <\/a><br \/>\n13 &#8211; <a href= \" https:\/\/publication-evangelique.com\/?p=10184 \" > Cinqui\u00e8me point capital afin de porter du fruit : la pi\u00e9t\u00e9 <\/a><br \/>\n14 &#8211; <a href= \" https:\/\/publication-evangelique.com\/?p=10228 \" > Sixi\u00e8me point capital afin de porter du fruit : l\u2019amour fraternel <\/a><br \/>\n15 &#8211; <a href= \" https:\/\/publication-evangelique.com\/?p=10284 \" > Septi\u00e8me point capital afin de porter du fruit : la charit\u00e9 (amour) <\/a><\/p>\n<p>&#8212;&#8212;&#8212;&#8212;&#8212;&#8212;&#8212;&#8212;&#8212;<\/p>\n<p>Note: A part d&rsquo;une mention sp\u00e9ciale, toutes les citations bibliques<br \/>\nsont tir\u00e9es du texte de la traduction; Louis Segond 1910.<br \/>\n\u00a9 Tout droit r\u00e9serv\u00e9<\/p>\n<p>Produit par : Daniel Poulin<br \/>\n\u00c9dit\u00e9 par : <a href= \" https:\/\/publication-evangelique.com \" >https:\/\/publication-evangelique.com<\/a><\/p>\n<p>Adresse de ce blogue : <a href= \" https:\/\/publication-evangelique.com\/?page_id=9790 \" >https:\/\/publication-evangelique.com\/?page_id=9790<\/a><\/p>\n","protected":false},"excerpt":{"rendered":"<p>Le but de ce cour est de faire comprendre \u00e0 tous les chr\u00e9tiens, ce que la Bible dit sur \u00a0\u00bb porter du fruit \u00a0\u00bb Vous pouvez \u00e9couter les messages en format MP3. &nbsp; Comment devenir actif et port\u00e9 du fruit <span class=\"excerpt-dots\">&hellip;<\/span> <a class=\"more-link\" href=\"https:\/\/publication-evangelique.com\/?page_id=9790\"><span class=\"more-msg\">Lire la suite &rarr;<\/span><\/a><\/p>\n","protected":false},"author":1,"featured_media":13067,"parent":0,"menu_order":0,"comment_status":"open","ping_status":"open","template":"","meta":{"footnotes":""},"class_list":["post-9790","page","type-page","status-publish","has-post-thumbnail","hentry"],"yoast_head":"<!-- This site is optimized with the Yoast SEO plugin v27.4 - https:\/\/yoast.com\/product\/yoast-seo-wordpress\/ -->\n<title>Porteur de fruits - Publication \u00c9vang\u00e9lique<\/title>\n<meta name=\"robots\" content=\"index, follow, max-snippet:-1, max-image-preview:large, max-video-preview:-1\" \/>\n<link rel=\"canonical\" href=\"https:\/\/publication-evangelique.com\/?page_id=9790\" \/>\n<meta property=\"og:locale\" content=\"fr_FR\" \/>\n<meta property=\"og:type\" content=\"article\" \/>\n<meta property=\"og:title\" content=\"Porteur de fruits - Publication \u00c9vang\u00e9lique\" \/>\n<meta property=\"og:description\" content=\"Le but de ce cour est de faire comprendre \u00e0 tous les chr\u00e9tiens, ce que la Bible dit sur \u00a0\u00bb porter du fruit \u00a0\u00bb Vous pouvez \u00e9couter les messages en format MP3. &nbsp; Comment devenir actif et port\u00e9 du fruit &hellip; Lire la suite &rarr;\" \/>\n<meta property=\"og:url\" content=\"https:\/\/publication-evangelique.com\/?page_id=9790\" \/>\n<meta property=\"og:site_name\" content=\"Publication \u00c9vang\u00e9lique\" \/>\n<meta property=\"article:publisher\" content=\"https:\/\/www.facebook.com\/danielpoulin75\" \/>\n<meta property=\"article:modified_time\" content=\"2017-08-08T18:45:55+00:00\" \/>\n<meta property=\"og:image\" content=\"https:\/\/publication-evangelique.com\/wp-content\/uploads\/1270.jpg\" \/>\n\t<meta property=\"og:image:width\" content=\"1280\" \/>\n\t<meta property=\"og:image:height\" content=\"960\" \/>\n\t<meta property=\"og:image:type\" content=\"image\/jpeg\" \/>\n<meta name=\"twitter:label1\" content=\"Dur\u00e9e de lecture estim\u00e9e\" \/>\n\t<meta name=\"twitter:data1\" content=\"1 minute\" \/>\n<script type=\"application\/ld+json\" class=\"yoast-schema-graph\">{\"@context\":\"https:\\\/\\\/schema.org\",\"@graph\":[{\"@type\":\"WebPage\",\"@id\":\"https:\\\/\\\/publication-evangelique.com\\\/?page_id=9790\",\"url\":\"https:\\\/\\\/publication-evangelique.com\\\/?page_id=9790\",\"name\":\"Porteur de fruits - Publication \u00c9vang\u00e9lique\",\"isPartOf\":{\"@id\":\"https:\\\/\\\/publication-evangelique.com\\\/#website\"},\"primaryImageOfPage\":{\"@id\":\"https:\\\/\\\/publication-evangelique.com\\\/?page_id=9790#primaryimage\"},\"image\":{\"@id\":\"https:\\\/\\\/publication-evangelique.com\\\/?page_id=9790#primaryimage\"},\"thumbnailUrl\":\"https:\\\/\\\/publication-evangelique.com\\\/wp-content\\\/uploads\\\/1270.jpg\",\"datePublished\":\"2014-07-24T12:10:07+00:00\",\"dateModified\":\"2017-08-08T18:45:55+00:00\",\"breadcrumb\":{\"@id\":\"https:\\\/\\\/publication-evangelique.com\\\/?page_id=9790#breadcrumb\"},\"inLanguage\":\"fr-FR\",\"potentialAction\":[{\"@type\":\"ReadAction\",\"target\":[\"https:\\\/\\\/publication-evangelique.com\\\/?page_id=9790\"]}]},{\"@type\":\"ImageObject\",\"inLanguage\":\"fr-FR\",\"@id\":\"https:\\\/\\\/publication-evangelique.com\\\/?page_id=9790#primaryimage\",\"url\":\"https:\\\/\\\/publication-evangelique.com\\\/wp-content\\\/uploads\\\/1270.jpg\",\"contentUrl\":\"https:\\\/\\\/publication-evangelique.com\\\/wp-content\\\/uploads\\\/1270.jpg\",\"width\":1280,\"height\":960},{\"@type\":\"BreadcrumbList\",\"@id\":\"https:\\\/\\\/publication-evangelique.com\\\/?page_id=9790#breadcrumb\",\"itemListElement\":[{\"@type\":\"ListItem\",\"position\":1,\"name\":\"Accueil\",\"item\":\"https:\\\/\\\/publication-evangelique.com\\\/\"},{\"@type\":\"ListItem\",\"position\":2,\"name\":\"Porteur de fruits\"}]},{\"@type\":\"WebSite\",\"@id\":\"https:\\\/\\\/publication-evangelique.com\\\/#website\",\"url\":\"https:\\\/\\\/publication-evangelique.com\\\/\",\"name\":\"Daniel Poulin - publication-evangelique.com\",\"description\":\"Daniel Poulin\",\"publisher\":{\"@id\":\"https:\\\/\\\/publication-evangelique.com\\\/#\\\/schema\\\/person\\\/a7aa86223ca614c8c1a737d18c95460c\"},\"potentialAction\":[{\"@type\":\"SearchAction\",\"target\":{\"@type\":\"EntryPoint\",\"urlTemplate\":\"https:\\\/\\\/publication-evangelique.com\\\/?s={search_term_string}\"},\"query-input\":{\"@type\":\"PropertyValueSpecification\",\"valueRequired\":true,\"valueName\":\"search_term_string\"}}],\"inLanguage\":\"fr-FR\"},{\"@type\":[\"Person\",\"Organization\"],\"@id\":\"https:\\\/\\\/publication-evangelique.com\\\/#\\\/schema\\\/person\\\/a7aa86223ca614c8c1a737d18c95460c\",\"name\":\"Daniel Poulin\",\"image\":{\"@type\":\"ImageObject\",\"inLanguage\":\"fr-FR\",\"@id\":\"https:\\\/\\\/publication-evangelique.com\\\/wp-content\\\/uploads\\\/daniel5-1.jpg\",\"url\":\"https:\\\/\\\/publication-evangelique.com\\\/wp-content\\\/uploads\\\/daniel5-1.jpg\",\"contentUrl\":\"https:\\\/\\\/publication-evangelique.com\\\/wp-content\\\/uploads\\\/daniel5-1.jpg\",\"width\":833,\"height\":969,\"caption\":\"Daniel Poulin\"},\"logo\":{\"@id\":\"https:\\\/\\\/publication-evangelique.com\\\/wp-content\\\/uploads\\\/daniel5-1.jpg\"},\"description\":\"Bonjour, ici Daniel Poulin! Je suis un chr\u00e9tien n\u00e9 de nouveau depuis 1980, ayant parcouru un cheminement avec le Seigneur J\u00e9sus-Christ, j'ai construit ce site afin de partager mes connaissances de la parole de Dieu \\\" La Bible \\\" Je travaille aussi au d\u00e9veloppement de la station de radio chr\u00e9tienne fran\u00e7aise \u00e0 Montr\u00e9al, \\\" La Radio Gospel \\\" que vous pouvez voir ici http:\\\/\\\/laradiogospel.ca Je fr\u00e9quente aussi une \u00e9glise, dont je pr\u00eache et j\u2019enseigne la parole de Dieu. La communaut\u00e9 \u00c9vang\u00e9lique de l'Agneau \\\" , voici l'adresse, http:\\\/\\\/communauteevangelique.ca\\\/\",\"sameAs\":[\"https:\\\/\\\/publication-evangelique.com\",\"https:\\\/\\\/www.facebook.com\\\/danielpoulin75\",\"https:\\\/\\\/www.linkedin.com\\\/in\\\/daniel-poulin-64614745\\\/\",\"https:\\\/\\\/x.com\\\/https:\\\/\\\/twitter.com\\\/Daniel_Poulin\",\"https:\\\/\\\/www.youtube.com\\\/user\\\/danielpoulin75\\\/videos\"]}]}<\/script>\n<!-- \/ Yoast SEO plugin. -->","yoast_head_json":{"title":"Porteur de fruits - Publication \u00c9vang\u00e9lique","robots":{"index":"index","follow":"follow","max-snippet":"max-snippet:-1","max-image-preview":"max-image-preview:large","max-video-preview":"max-video-preview:-1"},"canonical":"https:\/\/publication-evangelique.com\/?page_id=9790","og_locale":"fr_FR","og_type":"article","og_title":"Porteur de fruits - Publication \u00c9vang\u00e9lique","og_description":"Le but de ce cour est de faire comprendre \u00e0 tous les chr\u00e9tiens, ce que la Bible dit sur \u00a0\u00bb porter du fruit \u00a0\u00bb Vous pouvez \u00e9couter les messages en format MP3. &nbsp; Comment devenir actif et port\u00e9 du fruit &hellip; Lire la suite &rarr;","og_url":"https:\/\/publication-evangelique.com\/?page_id=9790","og_site_name":"Publication \u00c9vang\u00e9lique","article_publisher":"https:\/\/www.facebook.com\/danielpoulin75","article_modified_time":"2017-08-08T18:45:55+00:00","og_image":[{"width":1280,"height":960,"url":"https:\/\/publication-evangelique.com\/wp-content\/uploads\/1270.jpg","type":"image\/jpeg"}],"twitter_misc":{"Dur\u00e9e de lecture estim\u00e9e":"1 minute"},"schema":{"@context":"https:\/\/schema.org","@graph":[{"@type":"WebPage","@id":"https:\/\/publication-evangelique.com\/?page_id=9790","url":"https:\/\/publication-evangelique.com\/?page_id=9790","name":"Porteur de fruits - Publication \u00c9vang\u00e9lique","isPartOf":{"@id":"https:\/\/publication-evangelique.com\/#website"},"primaryImageOfPage":{"@id":"https:\/\/publication-evangelique.com\/?page_id=9790#primaryimage"},"image":{"@id":"https:\/\/publication-evangelique.com\/?page_id=9790#primaryimage"},"thumbnailUrl":"https:\/\/publication-evangelique.com\/wp-content\/uploads\/1270.jpg","datePublished":"2014-07-24T12:10:07+00:00","dateModified":"2017-08-08T18:45:55+00:00","breadcrumb":{"@id":"https:\/\/publication-evangelique.com\/?page_id=9790#breadcrumb"},"inLanguage":"fr-FR","potentialAction":[{"@type":"ReadAction","target":["https:\/\/publication-evangelique.com\/?page_id=9790"]}]},{"@type":"ImageObject","inLanguage":"fr-FR","@id":"https:\/\/publication-evangelique.com\/?page_id=9790#primaryimage","url":"https:\/\/publication-evangelique.com\/wp-content\/uploads\/1270.jpg","contentUrl":"https:\/\/publication-evangelique.com\/wp-content\/uploads\/1270.jpg","width":1280,"height":960},{"@type":"BreadcrumbList","@id":"https:\/\/publication-evangelique.com\/?page_id=9790#breadcrumb","itemListElement":[{"@type":"ListItem","position":1,"name":"Accueil","item":"https:\/\/publication-evangelique.com\/"},{"@type":"ListItem","position":2,"name":"Porteur de fruits"}]},{"@type":"WebSite","@id":"https:\/\/publication-evangelique.com\/#website","url":"https:\/\/publication-evangelique.com\/","name":"Daniel Poulin - publication-evangelique.com","description":"Daniel Poulin","publisher":{"@id":"https:\/\/publication-evangelique.com\/#\/schema\/person\/a7aa86223ca614c8c1a737d18c95460c"},"potentialAction":[{"@type":"SearchAction","target":{"@type":"EntryPoint","urlTemplate":"https:\/\/publication-evangelique.com\/?s={search_term_string}"},"query-input":{"@type":"PropertyValueSpecification","valueRequired":true,"valueName":"search_term_string"}}],"inLanguage":"fr-FR"},{"@type":["Person","Organization"],"@id":"https:\/\/publication-evangelique.com\/#\/schema\/person\/a7aa86223ca614c8c1a737d18c95460c","name":"Daniel Poulin","image":{"@type":"ImageObject","inLanguage":"fr-FR","@id":"https:\/\/publication-evangelique.com\/wp-content\/uploads\/daniel5-1.jpg","url":"https:\/\/publication-evangelique.com\/wp-content\/uploads\/daniel5-1.jpg","contentUrl":"https:\/\/publication-evangelique.com\/wp-content\/uploads\/daniel5-1.jpg","width":833,"height":969,"caption":"Daniel Poulin"},"logo":{"@id":"https:\/\/publication-evangelique.com\/wp-content\/uploads\/daniel5-1.jpg"},"description":"Bonjour, ici Daniel Poulin! Je suis un chr\u00e9tien n\u00e9 de nouveau depuis 1980, ayant parcouru un cheminement avec le Seigneur J\u00e9sus-Christ, j'ai construit ce site afin de partager mes connaissances de la parole de Dieu \" La Bible \" Je travaille aussi au d\u00e9veloppement de la station de radio chr\u00e9tienne fran\u00e7aise \u00e0 Montr\u00e9al, \" La Radio Gospel \" que vous pouvez voir ici http:\/\/laradiogospel.ca Je fr\u00e9quente aussi une \u00e9glise, dont je pr\u00eache et j\u2019enseigne la parole de Dieu. La communaut\u00e9 \u00c9vang\u00e9lique de l'Agneau \" , voici l'adresse, http:\/\/communauteevangelique.ca\/","sameAs":["https:\/\/publication-evangelique.com","https:\/\/www.facebook.com\/danielpoulin75","https:\/\/www.linkedin.com\/in\/daniel-poulin-64614745\/","https:\/\/x.com\/https:\/\/twitter.com\/Daniel_Poulin","https:\/\/www.youtube.com\/user\/danielpoulin75\/videos"]}]}},"_links":{"self":[{"href":"https:\/\/publication-evangelique.com\/index.php?rest_route=\/wp\/v2\/pages\/9790","targetHints":{"allow":["GET"]}}],"collection":[{"href":"https:\/\/publication-evangelique.com\/index.php?rest_route=\/wp\/v2\/pages"}],"about":[{"href":"https:\/\/publication-evangelique.com\/index.php?rest_route=\/wp\/v2\/types\/page"}],"author":[{"embeddable":true,"href":"https:\/\/publication-evangelique.com\/index.php?rest_route=\/wp\/v2\/users\/1"}],"replies":[{"embeddable":true,"href":"https:\/\/publication-evangelique.com\/index.php?rest_route=%2Fwp%2Fv2%2Fcomments&post=9790"}],"version-history":[{"count":0,"href":"https:\/\/publication-evangelique.com\/index.php?rest_route=\/wp\/v2\/pages\/9790\/revisions"}],"wp:featuredmedia":[{"embeddable":true,"href":"https:\/\/publication-evangelique.com\/index.php?rest_route=\/wp\/v2\/media\/13067"}],"wp:attachment":[{"href":"https:\/\/publication-evangelique.com\/index.php?rest_route=%2Fwp%2Fv2%2Fmedia&parent=9790"}],"curies":[{"name":"wp","href":"https:\/\/api.w.org\/{rel}","templated":true}]}}